{"id":53804,"date":"2025-03-13T13:45:42","date_gmt":"2025-12-12T07:49:36","guid":{"rendered":"https:\/\/likeink.com\/gnuggis\/flash-copper-heart-tattoos-av-kristoffer-don-cash\/"},"modified":"2026-01-30T11:33:09","modified_gmt":"2026-01-30T11:33:09","slug":"flash-copper-heart-tattoos-av-kristoffer-don-cash","status":"publish","type":"product","link":"https:\/\/likeink.com\/no\/faketatureringar\/flash-copper-heart-tattoos-av-kristoffer-don-cash\/","title":{"rendered":"Flash \u00abCopper Heart Tattoos\u00bb av Kristoffer Don Cash"},"content":{"rendered":"","protected":false},"excerpt":{"rendered":"<p>Oppdag unike midlertidige tatoveringer laget av tatoveringskunstneren Kristoffer Don Cash. Hvert design er h\u00e5ndtegnet og inspirert av hans s\u00e6regne stil, med grafiske detaljer og et snev av realisme. Tatoveringene er veganske, allergivennlige og enkle \u00e5 p\u00e5f\u00f8re med vann. Disse midlertidige tatoveringene varer i flere dager, men kan enkelt vaskes av n\u00e5r du \u00f8nsker \u00e5 bytte design.<\/p>\n<h2>Bestill tatoveringer designet av tatoveringskunstneren Kristoffer Don Cash<\/h2>\n<p> <strong>Om Kristoffer Segerstr\u00f6m:<\/strong> Jeg jobber med svart blekk 93,6 % av tiden og foretrekker grafiske design med et snev av realisme.<br \/>\nSom mange andre i bransjen har jeg bakgrunn fra graffiti, men etter en stund f\u00f8lte jeg at det var p\u00e5 tide \u00e5 g\u00e5 videre og begynte i stedet \u00e5 studere kunst. Under studiene oppdaget jeg tatoveringer, og en sen kveld i et studio bestemte jeg meg for \u00e5 tatovere meg selv p\u00e5 l\u00e5ret \u2013 og fra det \u00f8yeblikket var jeg hekta!<\/p>\n<p>Jeg har n\u00e5 jobbet som tatoveringskunstner i omtrent ti \u00e5r og elsker alle deler av det. Jeg har v\u00e6rt gjestetatoverer i studioer over hele verden og planlegger \u00e5 fortsette s\u00e5 lenge ryggen min holder ut!<\/p>\n<p><strong>Navn:<\/strong> Kristoffer Don <strong>Cash<br \/>\nInstagram:<\/strong> @k.<strong>doncash<br \/>\nStudio:<\/strong> Kopparhjerta Falun \/ <strong>Stockholm<br \/>\nStudio Instagram: @kopparhjerta<\/p>\n<p>Arkst\u00f8rrelse: A5<br \/>\nAntall tatoveringer: 22<br \/>\nTatoveringsst\u00f8rrelse:<\/strong> 25\u201385 mm<\/p>\n","protected":false},"featured_media":53805,"template":"","meta":[],"product_brand":[],"product_cat":[365,370],"product_tag":[],"class_list":{"0":"post-53804","1":"product","2":"type-product","3":"status-publish","4":"has-post-thumbnail","6":"product_cat-ferdige-ark","7":"product_cat-samarbeid-med-tatoveringskunstnere","9":"first","10":"instock","11":"taxable","12":"shipping-taxable","13":"purchasable","14":"product-type-simple"},"yoast_head":"<!-- This site is optimized with the Yoast SEO Premium plugin v26.2 (Yoast SEO v27.4) - https:\/\/yoast.com\/product\/yoast-seo-premium-wordpress\/ -->\n<title>Midlertidige kobberhjerte-tatoveringer av tatoveringskunstneren Kristoffer Don Cash - Like ink<\/title>\n<meta name=\"description\" content=\"Bestill midlertidige tatoveringer designet av tatoveringskunstneren Kristoffer Don Cash fra tatoveringsstudioet Kopparhjerta i Sverige. - Like ink\" \/>\n<meta name=\"robots\" content=\"index, follow, max-snippet:-1, max-image-preview:large, max-video-preview:-1\" \/>\n<link rel=\"canonical\" href=\"https:\/\/likeink.com\/no\/faketatureringar\/flash-copper-heart-tattoos-av-kristoffer-don-cash\/\" \/>\n<meta property=\"og:locale\" content=\"nb_NO\" \/>\n<meta property=\"og:type\" content=\"article\" \/>\n<meta property=\"og:title\" content=\"Flash \u00abCopper Heart Tattoos\u00bb av Kristoffer Don Cash\" \/>\n<meta property=\"og:description\" content=\"Oppdag unike midlertidige tatoveringer laget av tatoveringskunstneren Kristoffer Don Cash. Hvert design er h\u00e5ndtegnet og inspirert av hans s\u00e6regne stil, med grafiske detaljer og et snev av realisme. Tatoveringene er veganske, allergivennlige og enkle \u00e5 p\u00e5f\u00f8re med vann. Disse midlertidige tatoveringene varer i flere dager, men kan enkelt vaskes av n\u00e5r du \u00f8nsker \u00e5 bytte design. Bestill tatoveringer designet av tatoveringskunstneren Kristoffer Don Cash Om Kristoffer Segerstr\u00f6m: Jeg jobber med svart blekk 93,6 % av tiden og foretrekker grafiske design med et snev av realisme. Som mange andre i bransjen har jeg bakgrunn fra graffiti, men etter en stund f\u00f8lte jeg at det var p\u00e5 tide \u00e5 g\u00e5 videre og begynte i stedet \u00e5 studere kunst. Under studiene oppdaget jeg tatoveringer, og en sen kveld i et studio bestemte jeg meg for \u00e5 tatovere meg selv p\u00e5 l\u00e5ret \u2013 og fra det \u00f8yeblikket var jeg hekta! Jeg har n\u00e5 jobbet som tatoveringskunstner i omtrent ti \u00e5r og elsker alle deler av det. Jeg har v\u00e6rt gjestetatoverer i studioer over hele verden og planlegger \u00e5 fortsette s\u00e5 lenge ryggen min holder ut! Navn: Kristoffer Don Cash Instagram: @k.doncash Studio: Kopparhjerta Falun \/ Stockholm Studio Instagram: @kopparhjerta Arkst\u00f8rrelse: A5 Antall tatoveringer: 22 Tatoveringsst\u00f8rrelse: 25\u201385 mm\" \/>\n<meta property=\"og:url\" content=\"https:\/\/likeink.com\/no\/faketatureringar\/flash-copper-heart-tattoos-av-kristoffer-don-cash\/\" \/>\n<meta property=\"og:site_name\" content=\"Like ink\" \/>\n<meta property=\"article:publisher\" content=\"https:\/\/www.facebook.com\/LikeInkSe\" \/>\n<meta property=\"article:modified_time\" content=\"2026-01-30T11:33:09+00:00\" \/>\n<meta property=\"og:image\" content=\"https:\/\/likeink.com\/wp-content\/uploads\/2025\/03\/kopparhjerta-tattoo-Likeink-1.jpg\" \/>\n\t<meta property=\"og:image:width\" content=\"1600\" \/>\n\t<meta property=\"og:image:height\" content=\"1127\" \/>\n\t<meta property=\"og:image:type\" content=\"image\/jpeg\" \/>\n<meta name=\"twitter:card\" content=\"summary_large_image\" \/>\n<script type=\"application\/ld+json\" class=\"yoast-schema-graph\">{\"@context\":\"https:\\\/\\\/schema.org\",\"@graph\":[{\"@type\":\"WebPage\",\"@id\":\"https:\\\/\\\/likeink.com\\\/no\\\/faketatureringar\\\/flash-copper-heart-tattoos-av-kristoffer-don-cash\\\/\",\"url\":\"https:\\\/\\\/likeink.com\\\/no\\\/faketatureringar\\\/flash-copper-heart-tattoos-av-kristoffer-don-cash\\\/\",\"name\":\"Midlertidige kobberhjerte-tatoveringer av tatoveringskunstneren Kristoffer Don Cash - Like ink\",\"isPartOf\":{\"@id\":\"https:\\\/\\\/likeink.com\\\/no\\\/#website\"},\"primaryImageOfPage\":{\"@id\":\"https:\\\/\\\/likeink.com\\\/no\\\/faketatureringar\\\/flash-copper-heart-tattoos-av-kristoffer-don-cash\\\/#primaryimage\"},\"image\":{\"@id\":\"https:\\\/\\\/likeink.com\\\/no\\\/faketatureringar\\\/flash-copper-heart-tattoos-av-kristoffer-don-cash\\\/#primaryimage\"},\"thumbnailUrl\":\"https:\\\/\\\/likeink.com\\\/wp-content\\\/uploads\\\/2025\\\/03\\\/kopparhjerta-tattoo-Likeink-1.jpg\",\"datePublished\":\"2025-12-12T07:49:36+00:00\",\"dateModified\":\"2026-01-30T11:33:09+00:00\",\"description\":\"Bestill midlertidige tatoveringer designet av tatoveringskunstneren Kristoffer Don Cash fra tatoveringsstudioet Kopparhjerta i Sverige. - Like ink\",\"breadcrumb\":{\"@id\":\"https:\\\/\\\/likeink.com\\\/no\\\/faketatureringar\\\/flash-copper-heart-tattoos-av-kristoffer-don-cash\\\/#breadcrumb\"},\"inLanguage\":\"nb-NO\",\"potentialAction\":[{\"@type\":\"ReadAction\",\"target\":[\"https:\\\/\\\/likeink.com\\\/no\\\/faketatureringar\\\/flash-copper-heart-tattoos-av-kristoffer-don-cash\\\/\"]}]},{\"@type\":\"ImageObject\",\"inLanguage\":\"nb-NO\",\"@id\":\"https:\\\/\\\/likeink.com\\\/no\\\/faketatureringar\\\/flash-copper-heart-tattoos-av-kristoffer-don-cash\\\/#primaryimage\",\"url\":\"https:\\\/\\\/likeink.com\\\/wp-content\\\/uploads\\\/2025\\\/03\\\/kopparhjerta-tattoo-Likeink-1.jpg\",\"contentUrl\":\"https:\\\/\\\/likeink.com\\\/wp-content\\\/uploads\\\/2025\\\/03\\\/kopparhjerta-tattoo-Likeink-1.jpg\",\"width\":1600,\"height\":1127,\"caption\":\"Edgy black and white temporary tattoos with daggers, spiders, a fierce leopard, and gothic motifs.\"},{\"@type\":\"BreadcrumbList\",\"@id\":\"https:\\\/\\\/likeink.com\\\/no\\\/faketatureringar\\\/flash-copper-heart-tattoos-av-kristoffer-don-cash\\\/#breadcrumb\",\"itemListElement\":[{\"@type\":\"ListItem\",\"position\":1,\"name\":\"Hem\",\"item\":\"https:\\\/\\\/likeink.com\\\/no\\\/\"},{\"@type\":\"ListItem\",\"position\":2,\"name\":\"Butikk\",\"item\":\"https:\\\/\\\/likeink.com\\\/no\\\/butikk\\\/\"},{\"@type\":\"ListItem\",\"position\":3,\"name\":\"Flash \u00abCopper Heart Tattoos\u00bb av Kristoffer Don Cash\"}]},{\"@type\":\"WebSite\",\"@id\":\"https:\\\/\\\/likeink.com\\\/no\\\/#website\",\"url\":\"https:\\\/\\\/likeink.com\\\/no\\\/\",\"name\":\"Like ink\",\"description\":\"Make your own custom design\",\"potentialAction\":[{\"@type\":\"SearchAction\",\"target\":{\"@type\":\"EntryPoint\",\"urlTemplate\":\"https:\\\/\\\/likeink.com\\\/no\\\/?s={search_term_string}\"},\"query-input\":{\"@type\":\"PropertyValueSpecification\",\"valueRequired\":true,\"valueName\":\"search_term_string\"}}],\"inLanguage\":\"nb-NO\"}]}<\/script>\n<!-- \/ Yoast SEO Premium plugin. -->","yoast_head_json":{"title":"Midlertidige kobberhjerte-tatoveringer av tatoveringskunstneren Kristoffer Don Cash - Like ink","description":"Bestill midlertidige tatoveringer designet av tatoveringskunstneren Kristoffer Don Cash fra tatoveringsstudioet Kopparhjerta i Sverige. - Like ink","robots":{"index":"index","follow":"follow","max-snippet":"max-snippet:-1","max-image-preview":"max-image-preview:large","max-video-preview":"max-video-preview:-1"},"canonical":"https:\/\/likeink.com\/no\/faketatureringar\/flash-copper-heart-tattoos-av-kristoffer-don-cash\/","og_locale":"nb_NO","og_type":"article","og_title":"Flash \u00abCopper Heart Tattoos\u00bb av Kristoffer Don Cash","og_description":"Oppdag unike midlertidige tatoveringer laget av tatoveringskunstneren Kristoffer Don Cash. Hvert design er h\u00e5ndtegnet og inspirert av hans s\u00e6regne stil, med grafiske detaljer og et snev av realisme. Tatoveringene er veganske, allergivennlige og enkle \u00e5 p\u00e5f\u00f8re med vann. Disse midlertidige tatoveringene varer i flere dager, men kan enkelt vaskes av n\u00e5r du \u00f8nsker \u00e5 bytte design. Bestill tatoveringer designet av tatoveringskunstneren Kristoffer Don Cash Om Kristoffer Segerstr\u00f6m: Jeg jobber med svart blekk 93,6 % av tiden og foretrekker grafiske design med et snev av realisme. Som mange andre i bransjen har jeg bakgrunn fra graffiti, men etter en stund f\u00f8lte jeg at det var p\u00e5 tide \u00e5 g\u00e5 videre og begynte i stedet \u00e5 studere kunst. Under studiene oppdaget jeg tatoveringer, og en sen kveld i et studio bestemte jeg meg for \u00e5 tatovere meg selv p\u00e5 l\u00e5ret \u2013 og fra det \u00f8yeblikket var jeg hekta! Jeg har n\u00e5 jobbet som tatoveringskunstner i omtrent ti \u00e5r og elsker alle deler av det. Jeg har v\u00e6rt gjestetatoverer i studioer over hele verden og planlegger \u00e5 fortsette s\u00e5 lenge ryggen min holder ut! Navn: Kristoffer Don Cash Instagram: @k.doncash Studio: Kopparhjerta Falun \/ Stockholm Studio Instagram: @kopparhjerta Arkst\u00f8rrelse: A5 Antall tatoveringer: 22 Tatoveringsst\u00f8rrelse: 25\u201385 mm","og_url":"https:\/\/likeink.com\/no\/faketatureringar\/flash-copper-heart-tattoos-av-kristoffer-don-cash\/","og_site_name":"Like ink","article_publisher":"https:\/\/www.facebook.com\/LikeInkSe","article_modified_time":"2026-01-30T11:33:09+00:00","og_image":[{"width":1600,"height":1127,"url":"https:\/\/likeink.com\/wp-content\/uploads\/2025\/03\/kopparhjerta-tattoo-Likeink-1.jpg","type":"image\/jpeg"}],"twitter_card":"summary_large_image","schema":{"@context":"https:\/\/schema.org","@graph":[{"@type":"WebPage","@id":"https:\/\/likeink.com\/no\/faketatureringar\/flash-copper-heart-tattoos-av-kristoffer-don-cash\/","url":"https:\/\/likeink.com\/no\/faketatureringar\/flash-copper-heart-tattoos-av-kristoffer-don-cash\/","name":"Midlertidige kobberhjerte-tatoveringer av tatoveringskunstneren Kristoffer Don Cash - Like ink","isPartOf":{"@id":"https:\/\/likeink.com\/no\/#website"},"primaryImageOfPage":{"@id":"https:\/\/likeink.com\/no\/faketatureringar\/flash-copper-heart-tattoos-av-kristoffer-don-cash\/#primaryimage"},"image":{"@id":"https:\/\/likeink.com\/no\/faketatureringar\/flash-copper-heart-tattoos-av-kristoffer-don-cash\/#primaryimage"},"thumbnailUrl":"https:\/\/likeink.com\/wp-content\/uploads\/2025\/03\/kopparhjerta-tattoo-Likeink-1.jpg","datePublished":"2025-12-12T07:49:36+00:00","dateModified":"2026-01-30T11:33:09+00:00","description":"Bestill midlertidige tatoveringer designet av tatoveringskunstneren Kristoffer Don Cash fra tatoveringsstudioet Kopparhjerta i Sverige. - Like ink","breadcrumb":{"@id":"https:\/\/likeink.com\/no\/faketatureringar\/flash-copper-heart-tattoos-av-kristoffer-don-cash\/#breadcrumb"},"inLanguage":"nb-NO","potentialAction":[{"@type":"ReadAction","target":["https:\/\/likeink.com\/no\/faketatureringar\/flash-copper-heart-tattoos-av-kristoffer-don-cash\/"]}]},{"@type":"ImageObject","inLanguage":"nb-NO","@id":"https:\/\/likeink.com\/no\/faketatureringar\/flash-copper-heart-tattoos-av-kristoffer-don-cash\/#primaryimage","url":"https:\/\/likeink.com\/wp-content\/uploads\/2025\/03\/kopparhjerta-tattoo-Likeink-1.jpg","contentUrl":"https:\/\/likeink.com\/wp-content\/uploads\/2025\/03\/kopparhjerta-tattoo-Likeink-1.jpg","width":1600,"height":1127,"caption":"Edgy black and white temporary tattoos with daggers, spiders, a fierce leopard, and gothic motifs."},{"@type":"BreadcrumbList","@id":"https:\/\/likeink.com\/no\/faketatureringar\/flash-copper-heart-tattoos-av-kristoffer-don-cash\/#breadcrumb","itemListElement":[{"@type":"ListItem","position":1,"name":"Hem","item":"https:\/\/likeink.com\/no\/"},{"@type":"ListItem","position":2,"name":"Butikk","item":"https:\/\/likeink.com\/no\/butikk\/"},{"@type":"ListItem","position":3,"name":"Flash \u00abCopper Heart Tattoos\u00bb av Kristoffer Don Cash"}]},{"@type":"WebSite","@id":"https:\/\/likeink.com\/no\/#website","url":"https:\/\/likeink.com\/no\/","name":"Like ink","description":"Make your own custom design","potentialAction":[{"@type":"SearchAction","target":{"@type":"EntryPoint","urlTemplate":"https:\/\/likeink.com\/no\/?s={search_term_string}"},"query-input":{"@type":"PropertyValueSpecification","valueRequired":true,"valueName":"search_term_string"}}],"inLanguage":"nb-NO"}]}},"_links":{"self":[{"href":"https:\/\/likeink.com\/no\/wp-json\/wp\/v2\/product\/53804","targetHints":{"allow":["GET"]}}],"collection":[{"href":"https:\/\/likeink.com\/no\/wp-json\/wp\/v2\/product"}],"about":[{"href":"https:\/\/likeink.com\/no\/wp-json\/wp\/v2\/types\/product"}],"wp:featuredmedia":[{"embeddable":true,"href":"https:\/\/likeink.com\/no\/wp-json\/wp\/v2\/media\/53805"}],"wp:attachment":[{"href":"https:\/\/likeink.com\/no\/wp-json\/wp\/v2\/media?parent=53804"}],"wp:term":[{"taxonomy":"product_brand","embeddable":true,"href":"https:\/\/likeink.com\/no\/wp-json\/wp\/v2\/product_brand?post=53804"},{"taxonomy":"product_cat","embeddable":true,"href":"https:\/\/likeink.com\/no\/wp-json\/wp\/v2\/product_cat?post=53804"},{"taxonomy":"product_tag","embeddable":true,"href":"https:\/\/likeink.com\/no\/wp-json\/wp\/v2\/product_tag?post=53804"}],"curies":[{"name":"wp","href":"https:\/\/api.w.org\/{rel}","templated":true}]}}