{"id":53814,"date":"2025-02-11T12:44:39","date_gmt":"2025-12-12T07:49:44","guid":{"rendered":"https:\/\/likeink.com\/gnuggis\/solv-tatoveringsark-a4\/"},"modified":"2026-01-30T11:33:16","modified_gmt":"2026-01-30T11:33:16","slug":"solv-tatoveringsark-a4","status":"publish","type":"product","link":"https:\/\/likeink.com\/no\/faketatureringar\/solv-tatoveringsark-a4\/","title":{"rendered":"S\u00f8lv tatoveringsark A4"},"content":{"rendered":"","protected":false},"excerpt":{"rendered":"<p>Silver Tattoo \u2013 Slipp kreativiteten l\u00f8s med v\u00e5rt glitrende s\u00f8lvfargede A4-ark. Hele overflaten fungerer som en midlertidig tatovering! Klipp ut dine egne m\u00f8nstre og lag unike design som garantert vil fange oppmerksomheten. Perfekt for fester, festivaler eller n\u00e5r du vil skinne litt ekstra.<\/p>\n<h2>Lag dine egne midlertidige tatoveringer i s\u00f8lv ved \u00e5 klippe ut hvilket m\u00f8nster du vil<\/h2>\n<p>Hudvennlig og enkel \u00e5 bruke \u2013 p\u00e5f\u00f8res raskt med vann og vaskes av n\u00e5r du \u00f8nsker \u00e5 endre stil. Lag alt fra sm\u00e5 detaljer til store design, helt tilpasset din fantasi.<\/p>\n<p>St\u00f8rrelse: A4<\/p>\n","protected":false},"featured_media":53815,"template":"","meta":[],"product_brand":[],"product_cat":[369,365],"product_tag":[],"class_list":{"0":"post-53814","1":"product","2":"type-product","3":"status-publish","4":"has-post-thumbnail","6":"product_cat-andre-tatoveringer","7":"product_cat-ferdige-ark","9":"first","10":"instock","11":"taxable","12":"shipping-taxable","13":"purchasable","14":"product-type-simple"},"yoast_head":"<!-- This site is optimized with the Yoast SEO Premium plugin v26.2 (Yoast SEO v27.4) - https:\/\/yoast.com\/product\/yoast-seo-premium-wordpress\/ -->\n<title>Silver Tattoo \u2013 Lag unike midlertidige tatoveringer i s\u00f8lv - Like ink<\/title>\n<meta name=\"description\" content=\"Design dine egne s\u00f8lvtatoveringer med v\u00e5rt s\u00f8lvfargede A4-ark. Hudvennlige tatoveringer, enkle \u00e5 p\u00e5f\u00f8re og fjerne. - Like ink\" \/>\n<meta name=\"robots\" content=\"index, follow, max-snippet:-1, max-image-preview:large, max-video-preview:-1\" \/>\n<link rel=\"canonical\" href=\"https:\/\/likeink.com\/no\/faketatureringar\/solv-tatoveringsark-a4\/\" \/>\n<meta property=\"og:locale\" content=\"nb_NO\" \/>\n<meta property=\"og:type\" content=\"article\" \/>\n<meta property=\"og:title\" content=\"S\u00f8lv tatoveringsark A4\" \/>\n<meta property=\"og:description\" content=\"Silver Tattoo \u2013 Slipp kreativiteten l\u00f8s med v\u00e5rt glitrende s\u00f8lvfargede A4-ark. Hele overflaten fungerer som en midlertidig tatovering! Klipp ut dine egne m\u00f8nstre og lag unike design som garantert vil fange oppmerksomheten. Perfekt for fester, festivaler eller n\u00e5r du vil skinne litt ekstra. Lag dine egne midlertidige tatoveringer i s\u00f8lv ved \u00e5 klippe ut hvilket m\u00f8nster du vil  Hudvennlig og enkel \u00e5 bruke \u2013 p\u00e5f\u00f8res raskt med vann og vaskes av n\u00e5r du \u00f8nsker \u00e5 endre stil. Lag alt fra sm\u00e5 detaljer til store design, helt tilpasset din fantasi. St\u00f8rrelse: A4\" \/>\n<meta property=\"og:url\" content=\"https:\/\/likeink.com\/no\/faketatureringar\/solv-tatoveringsark-a4\/\" \/>\n<meta property=\"og:site_name\" content=\"Like ink\" \/>\n<meta property=\"article:publisher\" content=\"https:\/\/www.facebook.com\/LikeInkSe\" \/>\n<meta property=\"article:modified_time\" content=\"2026-01-30T11:33:16+00:00\" \/>\n<meta property=\"og:image\" content=\"https:\/\/likeink.com\/wp-content\/uploads\/2025\/02\/SilverTemporaryTattooPaper-Likeink.jpg\" \/>\n\t<meta property=\"og:image:width\" content=\"2481\" \/>\n\t<meta property=\"og:image:height\" content=\"1749\" \/>\n\t<meta property=\"og:image:type\" content=\"image\/jpeg\" \/>\n<meta name=\"twitter:card\" content=\"summary_large_image\" \/>\n<script type=\"application\/ld+json\" class=\"yoast-schema-graph\">{\"@context\":\"https:\\\/\\\/schema.org\",\"@graph\":[{\"@type\":\"WebPage\",\"@id\":\"https:\\\/\\\/likeink.com\\\/no\\\/faketatureringar\\\/solv-tatoveringsark-a4\\\/\",\"url\":\"https:\\\/\\\/likeink.com\\\/no\\\/faketatureringar\\\/solv-tatoveringsark-a4\\\/\",\"name\":\"Silver Tattoo \u2013 Lag unike midlertidige tatoveringer i s\u00f8lv - Like ink\",\"isPartOf\":{\"@id\":\"https:\\\/\\\/likeink.com\\\/no\\\/#website\"},\"primaryImageOfPage\":{\"@id\":\"https:\\\/\\\/likeink.com\\\/no\\\/faketatureringar\\\/solv-tatoveringsark-a4\\\/#primaryimage\"},\"image\":{\"@id\":\"https:\\\/\\\/likeink.com\\\/no\\\/faketatureringar\\\/solv-tatoveringsark-a4\\\/#primaryimage\"},\"thumbnailUrl\":\"https:\\\/\\\/likeink.com\\\/wp-content\\\/uploads\\\/2025\\\/02\\\/SilverTemporaryTattooPaper-Likeink.jpg\",\"datePublished\":\"2025-12-12T07:49:44+00:00\",\"dateModified\":\"2026-01-30T11:33:16+00:00\",\"description\":\"Design dine egne s\u00f8lvtatoveringer med v\u00e5rt s\u00f8lvfargede A4-ark. Hudvennlige tatoveringer, enkle \u00e5 p\u00e5f\u00f8re og fjerne. - Like ink\",\"breadcrumb\":{\"@id\":\"https:\\\/\\\/likeink.com\\\/no\\\/faketatureringar\\\/solv-tatoveringsark-a4\\\/#breadcrumb\"},\"inLanguage\":\"nb-NO\",\"potentialAction\":[{\"@type\":\"ReadAction\",\"target\":[\"https:\\\/\\\/likeink.com\\\/no\\\/faketatureringar\\\/solv-tatoveringsark-a4\\\/\"]}]},{\"@type\":\"ImageObject\",\"inLanguage\":\"nb-NO\",\"@id\":\"https:\\\/\\\/likeink.com\\\/no\\\/faketatureringar\\\/solv-tatoveringsark-a4\\\/#primaryimage\",\"url\":\"https:\\\/\\\/likeink.com\\\/wp-content\\\/uploads\\\/2025\\\/02\\\/SilverTemporaryTattooPaper-Likeink.jpg\",\"contentUrl\":\"https:\\\/\\\/likeink.com\\\/wp-content\\\/uploads\\\/2025\\\/02\\\/SilverTemporaryTattooPaper-Likeink.jpg\",\"width\":2481,\"height\":1749,\"caption\":\"Silver Fake Tattoo Paper\"},{\"@type\":\"BreadcrumbList\",\"@id\":\"https:\\\/\\\/likeink.com\\\/no\\\/faketatureringar\\\/solv-tatoveringsark-a4\\\/#breadcrumb\",\"itemListElement\":[{\"@type\":\"ListItem\",\"position\":1,\"name\":\"Hem\",\"item\":\"https:\\\/\\\/likeink.com\\\/no\\\/\"},{\"@type\":\"ListItem\",\"position\":2,\"name\":\"Butikk\",\"item\":\"https:\\\/\\\/likeink.com\\\/no\\\/butikk\\\/\"},{\"@type\":\"ListItem\",\"position\":3,\"name\":\"S\u00f8lv tatoveringsark A4\"}]},{\"@type\":\"WebSite\",\"@id\":\"https:\\\/\\\/likeink.com\\\/no\\\/#website\",\"url\":\"https:\\\/\\\/likeink.com\\\/no\\\/\",\"name\":\"Like ink\",\"description\":\"Make your own custom design\",\"potentialAction\":[{\"@type\":\"SearchAction\",\"target\":{\"@type\":\"EntryPoint\",\"urlTemplate\":\"https:\\\/\\\/likeink.com\\\/no\\\/?s={search_term_string}\"},\"query-input\":{\"@type\":\"PropertyValueSpecification\",\"valueRequired\":true,\"valueName\":\"search_term_string\"}}],\"inLanguage\":\"nb-NO\"}]}<\/script>\n<!-- \/ Yoast SEO Premium plugin. -->","yoast_head_json":{"title":"Silver Tattoo \u2013 Lag unike midlertidige tatoveringer i s\u00f8lv - Like ink","description":"Design dine egne s\u00f8lvtatoveringer med v\u00e5rt s\u00f8lvfargede A4-ark. Hudvennlige tatoveringer, enkle \u00e5 p\u00e5f\u00f8re og fjerne. - Like ink","robots":{"index":"index","follow":"follow","max-snippet":"max-snippet:-1","max-image-preview":"max-image-preview:large","max-video-preview":"max-video-preview:-1"},"canonical":"https:\/\/likeink.com\/no\/faketatureringar\/solv-tatoveringsark-a4\/","og_locale":"nb_NO","og_type":"article","og_title":"S\u00f8lv tatoveringsark A4","og_description":"Silver Tattoo \u2013 Slipp kreativiteten l\u00f8s med v\u00e5rt glitrende s\u00f8lvfargede A4-ark. Hele overflaten fungerer som en midlertidig tatovering! Klipp ut dine egne m\u00f8nstre og lag unike design som garantert vil fange oppmerksomheten. Perfekt for fester, festivaler eller n\u00e5r du vil skinne litt ekstra. Lag dine egne midlertidige tatoveringer i s\u00f8lv ved \u00e5 klippe ut hvilket m\u00f8nster du vil  Hudvennlig og enkel \u00e5 bruke \u2013 p\u00e5f\u00f8res raskt med vann og vaskes av n\u00e5r du \u00f8nsker \u00e5 endre stil. Lag alt fra sm\u00e5 detaljer til store design, helt tilpasset din fantasi. St\u00f8rrelse: A4","og_url":"https:\/\/likeink.com\/no\/faketatureringar\/solv-tatoveringsark-a4\/","og_site_name":"Like ink","article_publisher":"https:\/\/www.facebook.com\/LikeInkSe","article_modified_time":"2026-01-30T11:33:16+00:00","og_image":[{"width":2481,"height":1749,"url":"https:\/\/likeink.com\/wp-content\/uploads\/2025\/02\/SilverTemporaryTattooPaper-Likeink.jpg","type":"image\/jpeg"}],"twitter_card":"summary_large_image","schema":{"@context":"https:\/\/schema.org","@graph":[{"@type":"WebPage","@id":"https:\/\/likeink.com\/no\/faketatureringar\/solv-tatoveringsark-a4\/","url":"https:\/\/likeink.com\/no\/faketatureringar\/solv-tatoveringsark-a4\/","name":"Silver Tattoo \u2013 Lag unike midlertidige tatoveringer i s\u00f8lv - Like ink","isPartOf":{"@id":"https:\/\/likeink.com\/no\/#website"},"primaryImageOfPage":{"@id":"https:\/\/likeink.com\/no\/faketatureringar\/solv-tatoveringsark-a4\/#primaryimage"},"image":{"@id":"https:\/\/likeink.com\/no\/faketatureringar\/solv-tatoveringsark-a4\/#primaryimage"},"thumbnailUrl":"https:\/\/likeink.com\/wp-content\/uploads\/2025\/02\/SilverTemporaryTattooPaper-Likeink.jpg","datePublished":"2025-12-12T07:49:44+00:00","dateModified":"2026-01-30T11:33:16+00:00","description":"Design dine egne s\u00f8lvtatoveringer med v\u00e5rt s\u00f8lvfargede A4-ark. Hudvennlige tatoveringer, enkle \u00e5 p\u00e5f\u00f8re og fjerne. - Like ink","breadcrumb":{"@id":"https:\/\/likeink.com\/no\/faketatureringar\/solv-tatoveringsark-a4\/#breadcrumb"},"inLanguage":"nb-NO","potentialAction":[{"@type":"ReadAction","target":["https:\/\/likeink.com\/no\/faketatureringar\/solv-tatoveringsark-a4\/"]}]},{"@type":"ImageObject","inLanguage":"nb-NO","@id":"https:\/\/likeink.com\/no\/faketatureringar\/solv-tatoveringsark-a4\/#primaryimage","url":"https:\/\/likeink.com\/wp-content\/uploads\/2025\/02\/SilverTemporaryTattooPaper-Likeink.jpg","contentUrl":"https:\/\/likeink.com\/wp-content\/uploads\/2025\/02\/SilverTemporaryTattooPaper-Likeink.jpg","width":2481,"height":1749,"caption":"Silver Fake Tattoo Paper"},{"@type":"BreadcrumbList","@id":"https:\/\/likeink.com\/no\/faketatureringar\/solv-tatoveringsark-a4\/#breadcrumb","itemListElement":[{"@type":"ListItem","position":1,"name":"Hem","item":"https:\/\/likeink.com\/no\/"},{"@type":"ListItem","position":2,"name":"Butikk","item":"https:\/\/likeink.com\/no\/butikk\/"},{"@type":"ListItem","position":3,"name":"S\u00f8lv tatoveringsark A4"}]},{"@type":"WebSite","@id":"https:\/\/likeink.com\/no\/#website","url":"https:\/\/likeink.com\/no\/","name":"Like ink","description":"Make your own custom design","potentialAction":[{"@type":"SearchAction","target":{"@type":"EntryPoint","urlTemplate":"https:\/\/likeink.com\/no\/?s={search_term_string}"},"query-input":{"@type":"PropertyValueSpecification","valueRequired":true,"valueName":"search_term_string"}}],"inLanguage":"nb-NO"}]}},"_links":{"self":[{"href":"https:\/\/likeink.com\/no\/wp-json\/wp\/v2\/product\/53814","targetHints":{"allow":["GET"]}}],"collection":[{"href":"https:\/\/likeink.com\/no\/wp-json\/wp\/v2\/product"}],"about":[{"href":"https:\/\/likeink.com\/no\/wp-json\/wp\/v2\/types\/product"}],"wp:featuredmedia":[{"embeddable":true,"href":"https:\/\/likeink.com\/no\/wp-json\/wp\/v2\/media\/53815"}],"wp:attachment":[{"href":"https:\/\/likeink.com\/no\/wp-json\/wp\/v2\/media?parent=53814"}],"wp:term":[{"taxonomy":"product_brand","embeddable":true,"href":"https:\/\/likeink.com\/no\/wp-json\/wp\/v2\/product_brand?post=53814"},{"taxonomy":"product_cat","embeddable":true,"href":"https:\/\/likeink.com\/no\/wp-json\/wp\/v2\/product_cat?post=53814"},{"taxonomy":"product_tag","embeddable":true,"href":"https:\/\/likeink.com\/no\/wp-json\/wp\/v2\/product_tag?post=53814"}],"curies":[{"name":"wp","href":"https:\/\/api.w.org\/{rel}","templated":true}]}}