{"id":54076,"date":"2024-12-10T13:01:11","date_gmt":"2025-12-15T09:33:03","guid":{"rendered":"https:\/\/likeink.com\/gnuggis\/like-inks-nyttarskolleksjon-a4\/"},"modified":"2026-01-30T11:33:30","modified_gmt":"2026-01-30T11:33:30","slug":"like-inks-nyttarskolleksjon-a4","status":"publish","type":"product","link":"https:\/\/likeink.com\/no\/faketatureringar\/like-inks-nyttarskolleksjon-a4\/","title":{"rendered":"Like Ink&#x27;s nytt\u00e5rskolleksjon A4"},"content":{"rendered":"","protected":false},"excerpt":{"rendered":"<p>Feir nytt\u00e5r med Like Inks nytt\u00e5rskolleksjon! \u2728<\/p>\n<h2>Bestill Like Inks nytt\u00e5rstatueringer og skape en festlig stemning p\u00e5 nytt\u00e5rsfesten din<\/h2>\n<p>Gi festen en morsom vri med v\u00e5re midlertidige tatoveringer \u2013 et helt A4-ark fylt med morsomme, stilige og festlige motiver som oser av nytt\u00e5rsfeiring \u2013 alt du trenger for \u00e5 l\u00f8fte stemningen og f\u00e5 gjestene til \u00e5 le og vise sin mest kreative og beste side. Tatoveringene er enkle \u00e5 p\u00e5f\u00f8re, morsomme \u00e5 ha p\u00e5 seg og enkle \u00e5 fjerne n\u00e5r festen er over. Perfekt for nytt\u00e5rsfesten!<\/p>\n<p><strong>Arkst\u00f8rrelse:<\/strong><br \/>\nA4<br \/>\n<strong>St\u00f8rrelse p\u00e5 tatoveringene:<\/strong><br \/>\n30\u201350 mm<\/p>\n","protected":false},"featured_media":54077,"template":"","meta":[],"product_brand":[],"product_cat":[365,518],"product_tag":[],"class_list":{"0":"post-54076","1":"product","2":"type-product","3":"status-publish","4":"has-post-thumbnail","6":"product_cat-ferdige-ark","7":"product_cat-maskerade-sesong","9":"first","10":"instock","11":"taxable","12":"shipping-taxable","13":"purchasable","14":"product-type-simple"},"yoast_head":"<!-- This site is optimized with the Yoast SEO Premium plugin v26.2 (Yoast SEO v27.5) - https:\/\/yoast.com\/product\/yoast-seo-premium-wordpress\/ -->\n<title>Like Ink&#x27;s nytt\u00e5rskolleksjon A4 - Like ink<\/title>\n<meta name=\"description\" content=\"Midlertidige nytt\u00e5rstatoveringer som \u00f8ker feststemningen og f\u00e5r gjestene til \u00e5 f\u00f8le seg som hjemme. Falske tatoveringer av h\u00f8y kvalitet - Like ink\" \/>\n<meta name=\"robots\" content=\"index, follow, max-snippet:-1, max-image-preview:large, max-video-preview:-1\" \/>\n<link rel=\"canonical\" href=\"https:\/\/likeink.com\/no\/faketatureringar\/like-inks-nyttarskolleksjon-a4\/\" \/>\n<meta property=\"og:locale\" content=\"nb_NO\" \/>\n<meta property=\"og:type\" content=\"article\" \/>\n<meta property=\"og:title\" content=\"Like Ink&#x27;s nytt\u00e5rskolleksjon A4\" \/>\n<meta property=\"og:description\" content=\"Feir nytt\u00e5r med Like Inks nytt\u00e5rskolleksjon! \u2728 Bestill Like Inks nytt\u00e5rstatueringer og skape en festlig stemning p\u00e5 nytt\u00e5rsfesten dinGi festen en morsom vri med v\u00e5re midlertidige tatoveringer \u2013 et helt A4-ark fylt med morsomme, stilige og festlige motiver som oser av nytt\u00e5rsfeiring \u2013 alt du trenger for \u00e5 l\u00f8fte stemningen og f\u00e5 gjestene til \u00e5 le og vise sin mest kreative og beste side. Tatoveringene er enkle \u00e5 p\u00e5f\u00f8re, morsomme \u00e5 ha p\u00e5 seg og enkle \u00e5 fjerne n\u00e5r festen er over. Perfekt for nytt\u00e5rsfesten! Arkst\u00f8rrelse: A4 St\u00f8rrelse p\u00e5 tatoveringene: 30\u201350 mm\" \/>\n<meta property=\"og:url\" content=\"https:\/\/likeink.com\/no\/faketatureringar\/like-inks-nyttarskolleksjon-a4\/\" \/>\n<meta property=\"og:site_name\" content=\"Like ink\" \/>\n<meta property=\"article:publisher\" content=\"https:\/\/www.facebook.com\/LikeInkSe\" \/>\n<meta property=\"article:modified_time\" content=\"2026-01-30T11:33:30+00:00\" \/>\n<meta property=\"og:image\" content=\"https:\/\/likeink.com\/wp-content\/uploads\/2024\/12\/LikeinkNewYearCollection.png\" \/>\n\t<meta property=\"og:image:width\" content=\"1500\" \/>\n\t<meta property=\"og:image:height\" content=\"1060\" \/>\n\t<meta property=\"og:image:type\" content=\"image\/png\" \/>\n<meta name=\"twitter:card\" content=\"summary_large_image\" \/>\n<!-- \/ Yoast SEO Premium plugin. -->","yoast_head_json":{"title":"Like Ink&#x27;s nytt\u00e5rskolleksjon A4 - Like ink","description":"Midlertidige nytt\u00e5rstatoveringer som \u00f8ker feststemningen og f\u00e5r gjestene til \u00e5 f\u00f8le seg som hjemme. Falske tatoveringer av h\u00f8y kvalitet - Like ink","robots":{"index":"index","follow":"follow","max-snippet":"max-snippet:-1","max-image-preview":"max-image-preview:large","max-video-preview":"max-video-preview:-1"},"canonical":"https:\/\/likeink.com\/no\/faketatureringar\/like-inks-nyttarskolleksjon-a4\/","og_locale":"nb_NO","og_type":"article","og_title":"Like Ink&#x27;s nytt\u00e5rskolleksjon A4","og_description":"Feir nytt\u00e5r med Like Inks nytt\u00e5rskolleksjon! \u2728 Bestill Like Inks nytt\u00e5rstatueringer og skape en festlig stemning p\u00e5 nytt\u00e5rsfesten dinGi festen en morsom vri med v\u00e5re midlertidige tatoveringer \u2013 et helt A4-ark fylt med morsomme, stilige og festlige motiver som oser av nytt\u00e5rsfeiring \u2013 alt du trenger for \u00e5 l\u00f8fte stemningen og f\u00e5 gjestene til \u00e5 le og vise sin mest kreative og beste side. Tatoveringene er enkle \u00e5 p\u00e5f\u00f8re, morsomme \u00e5 ha p\u00e5 seg og enkle \u00e5 fjerne n\u00e5r festen er over. Perfekt for nytt\u00e5rsfesten! Arkst\u00f8rrelse: A4 St\u00f8rrelse p\u00e5 tatoveringene: 30\u201350 mm","og_url":"https:\/\/likeink.com\/no\/faketatureringar\/like-inks-nyttarskolleksjon-a4\/","og_site_name":"Like ink","article_publisher":"https:\/\/www.facebook.com\/LikeInkSe","article_modified_time":"2026-01-30T11:33:30+00:00","og_image":[{"width":1500,"height":1060,"url":"https:\/\/likeink.com\/wp-content\/uploads\/2024\/12\/LikeinkNewYearCollection.png","type":"image\/png"}],"twitter_card":"summary_large_image","schema":{"@context":"https:\/\/schema.org","@graph":[{"@type":"WebPage","@id":"https:\/\/likeink.com\/no\/faketatureringar\/like-inks-nyttarskolleksjon-a4\/","url":"https:\/\/likeink.com\/no\/faketatureringar\/like-inks-nyttarskolleksjon-a4\/","name":"Like Ink&#x27;s nytt\u00e5rskolleksjon A4 - Like ink","isPartOf":{"@id":"https:\/\/likeink.com\/no\/#website"},"primaryImageOfPage":{"@id":"https:\/\/likeink.com\/no\/faketatureringar\/like-inks-nyttarskolleksjon-a4\/#primaryimage"},"image":{"@id":"https:\/\/likeink.com\/no\/faketatureringar\/like-inks-nyttarskolleksjon-a4\/#primaryimage"},"thumbnailUrl":"https:\/\/likeink.com\/wp-content\/uploads\/2024\/12\/LikeinkNewYearCollection.png","datePublished":"2025-12-15T09:33:03+00:00","dateModified":"2026-01-30T11:33:30+00:00","description":"Midlertidige nytt\u00e5rstatoveringer som \u00f8ker feststemningen og f\u00e5r gjestene til \u00e5 f\u00f8le seg som hjemme. Falske tatoveringer av h\u00f8y kvalitet - Like ink","breadcrumb":{"@id":"https:\/\/likeink.com\/no\/faketatureringar\/like-inks-nyttarskolleksjon-a4\/#breadcrumb"},"inLanguage":"nb-NO","potentialAction":[{"@type":"ReadAction","target":["https:\/\/likeink.com\/no\/faketatureringar\/like-inks-nyttarskolleksjon-a4\/"]}]},{"@type":"ImageObject","inLanguage":"nb-NO","@id":"https:\/\/likeink.com\/no\/faketatureringar\/like-inks-nyttarskolleksjon-a4\/#primaryimage","url":"https:\/\/likeink.com\/wp-content\/uploads\/2024\/12\/LikeinkNewYearCollection.png","contentUrl":"https:\/\/likeink.com\/wp-content\/uploads\/2024\/12\/LikeinkNewYearCollection.png","width":1500,"height":1060,"caption":"\"New Year-themed temporary tattoo sheet featuring vibrant illustrations and slogans like 'Hello 2025,' 'Let 2025 Begin,' and festive motifs including champagne glasses, party hats, and quirky characters.\""},{"@type":"BreadcrumbList","@id":"https:\/\/likeink.com\/no\/faketatureringar\/like-inks-nyttarskolleksjon-a4\/#breadcrumb","itemListElement":[{"@type":"ListItem","position":1,"name":"Hem","item":"https:\/\/likeink.com\/no\/"},{"@type":"ListItem","position":2,"name":"Butikk","item":"https:\/\/likeink.com\/no\/butikk\/"},{"@type":"ListItem","position":3,"name":"Like Ink&#x27;s nytt\u00e5rskolleksjon A4"}]},{"@type":"WebSite","@id":"https:\/\/likeink.com\/no\/#website","url":"https:\/\/likeink.com\/no\/","name":"Like ink","description":"Make your own custom design","potentialAction":[{"@type":"SearchAction","target":{"@type":"EntryPoint","urlTemplate":"https:\/\/likeink.com\/no\/?s={search_term_string}"},"query-input":{"@type":"PropertyValueSpecification","valueRequired":true,"valueName":"search_term_string"}}],"inLanguage":"nb-NO"}]}},"_links":{"self":[{"href":"https:\/\/likeink.com\/no\/wp-json\/wp\/v2\/product\/54076","targetHints":{"allow":["GET"]}}],"collection":[{"href":"https:\/\/likeink.com\/no\/wp-json\/wp\/v2\/product"}],"about":[{"href":"https:\/\/likeink.com\/no\/wp-json\/wp\/v2\/types\/product"}],"wp:featuredmedia":[{"embeddable":true,"href":"https:\/\/likeink.com\/no\/wp-json\/wp\/v2\/media\/54077"}],"wp:attachment":[{"href":"https:\/\/likeink.com\/no\/wp-json\/wp\/v2\/media?parent=54076"}],"wp:term":[{"taxonomy":"product_brand","embeddable":true,"href":"https:\/\/likeink.com\/no\/wp-json\/wp\/v2\/product_brand?post=54076"},{"taxonomy":"product_cat","embeddable":true,"href":"https:\/\/likeink.com\/no\/wp-json\/wp\/v2\/product_cat?post=54076"},{"taxonomy":"product_tag","embeddable":true,"href":"https:\/\/likeink.com\/no\/wp-json\/wp\/v2\/product_tag?post=54076"}],"curies":[{"name":"wp","href":"https:\/\/api.w.org\/{rel}","templated":true}]}}