{"id":54082,"date":"2024-09-27T13:52:31","date_gmt":"2025-12-15T09:33:07","guid":{"rendered":"https:\/\/likeink.com\/gnuggis\/olivia-rodrigo-sour-tatoveringer-a5\/"},"modified":"2026-03-16T20:39:30","modified_gmt":"2026-03-16T20:39:30","slug":"olivia-rodrigo-sour-tatoveringer-a5","status":"publish","type":"product","link":"https:\/\/likeink.com\/no\/faketatureringar\/olivia-rodrigo-sour-tatoveringer-a5\/","title":{"rendered":"Olivia Rodrigo SOUR-tatoveringer"},"content":{"rendered":"","protected":false},"excerpt":{"rendered":"<p>Dette arket med midlertidige tatoveringer har livlige og morsomme motiver inspirert av Olivia Rodrigos album \u00abSour\u00bb. Tatoveringene inkluderer store og sm\u00e5 sommerfugler i lilla og rosa, smilende ansikter med forskjellige uttrykk, hjerter, stjerner og runde edelstener i forskjellige farger. Ordet \u00abSOUR\u00bb vises i svart, omgitt av en lekende blanding av muntre former \u2013 perfekt for fans eller alle som \u00f8nsker \u00e5 gi stilen sin et kreativt og litt dr\u00f8mmende preg.<\/p>\n<p>Tatoveringene er laget av h\u00f8ykvalitets, giftfri blekk og materialer, og er trygge og enkle \u00e5 p\u00e5f\u00f8re.<\/p>\n<h2>Kj\u00f8p Olivia Rodrigo SOUR-tatoveringer til ansiktet eller andre kroppsdeler<\/h2>\n<p>V\u00e5re tatoveringer er allergivennlige og trygge for alle hudtyper. De er enkle \u00e5 p\u00e5f\u00f8re med vann og varer i flere dager, noe som gj\u00f8r dem perfekte for fester, festivaler og kostymer.<\/p>\n<p><strong>Arkst\u00f8rrelse: A5<br \/>\nTatoveringsst\u00f8rrelser:<\/strong><br \/>\nca. 0,5\u20133 cm brede<\/p>\n","protected":false},"featured_media":54083,"template":"","meta":[],"product_brand":[],"product_cat":[532,365,559,518],"product_tag":[],"class_list":{"0":"post-54082","1":"product","2":"type-product","3":"status-publish","4":"has-post-thumbnail","6":"product_cat-barnefest","7":"product_cat-ferdige-ark","8":"product_cat-kjaerlighet-romantikk","9":"product_cat-maskerade-sesong","11":"first","12":"instock","13":"taxable","14":"shipping-taxable","15":"purchasable","16":"product-type-simple"},"yoast_head":"<!-- This site is optimized with the Yoast SEO Premium plugin v26.2 (Yoast SEO v27.5) - https:\/\/yoast.com\/product\/yoast-seo-premium-wordpress\/ -->\n<title>Olivia Rodrigo SOUR-tatoveringer - Like ink<\/title>\n<meta name=\"description\" content=\"Midlertidige tatoveringer med sommerfugler, smilefjes, hjerter og stjerner, inspirert av Olivia Rodrigos album \u00abSour\u00bb-klistremerker.- God kvalitet og rask levering!\" \/>\n<meta name=\"robots\" content=\"index, follow, max-snippet:-1, max-image-preview:large, max-video-preview:-1\" \/>\n<link rel=\"canonical\" href=\"https:\/\/likeink.com\/no\/faketatureringar\/olivia-rodrigo-sour-tatoveringer-a5\/\" \/>\n<meta property=\"og:locale\" content=\"nb_NO\" \/>\n<meta property=\"og:type\" content=\"article\" \/>\n<meta property=\"og:title\" content=\"Olivia Rodrigo SOUR-tatoveringer\" \/>\n<meta property=\"og:description\" content=\"Dette arket med midlertidige tatoveringer har livlige og morsomme motiver inspirert av Olivia Rodrigos album \u00abSour\u00bb. Tatoveringene inkluderer store og sm\u00e5 sommerfugler i lilla og rosa, smilende ansikter med forskjellige uttrykk, hjerter, stjerner og runde edelstener i forskjellige farger. Ordet \u00abSOUR\u00bb vises i svart, omgitt av en lekende blanding av muntre former \u2013 perfekt for fans eller alle som \u00f8nsker \u00e5 gi stilen sin et kreativt og litt dr\u00f8mmende preg. Tatoveringene er laget av h\u00f8ykvalitets, giftfri blekk og materialer, og er trygge og enkle \u00e5 p\u00e5f\u00f8re. Kj\u00f8p Olivia Rodrigo SOUR-tatoveringer til ansiktet eller andre kroppsdelerV\u00e5re tatoveringer er allergivennlige og trygge for alle hudtyper. De er enkle \u00e5 p\u00e5f\u00f8re med vann og varer i flere dager, noe som gj\u00f8r dem perfekte for fester, festivaler og kostymer. Arkst\u00f8rrelse: A5 Tatoveringsst\u00f8rrelser: ca. 0,5\u20133 cm brede\" \/>\n<meta property=\"og:url\" content=\"https:\/\/likeink.com\/no\/faketatureringar\/olivia-rodrigo-sour-tatoveringer-a5\/\" \/>\n<meta property=\"og:site_name\" content=\"Like ink\" \/>\n<meta property=\"article:publisher\" content=\"https:\/\/www.facebook.com\/LikeInkSe\" \/>\n<meta property=\"article:modified_time\" content=\"2026-03-16T20:39:30+00:00\" \/>\n<meta property=\"og:image\" content=\"https:\/\/likeink.com\/wp-content\/uploads\/2024\/09\/1001-Sour_likeink_web.png\" \/>\n\t<meta property=\"og:image:width\" content=\"1400\" \/>\n\t<meta property=\"og:image:height\" content=\"987\" \/>\n\t<meta property=\"og:image:type\" content=\"image\/png\" \/>\n<meta name=\"twitter:card\" content=\"summary_large_image\" \/>\n<!-- \/ Yoast SEO Premium plugin. -->","yoast_head_json":{"title":"Olivia Rodrigo SOUR-tatoveringer - Like ink","description":"Midlertidige tatoveringer med sommerfugler, smilefjes, hjerter og stjerner, inspirert av Olivia Rodrigos album \u00abSour\u00bb-klistremerker.- God kvalitet og rask levering!","robots":{"index":"index","follow":"follow","max-snippet":"max-snippet:-1","max-image-preview":"max-image-preview:large","max-video-preview":"max-video-preview:-1"},"canonical":"https:\/\/likeink.com\/no\/faketatureringar\/olivia-rodrigo-sour-tatoveringer-a5\/","og_locale":"nb_NO","og_type":"article","og_title":"Olivia Rodrigo SOUR-tatoveringer","og_description":"Dette arket med midlertidige tatoveringer har livlige og morsomme motiver inspirert av Olivia Rodrigos album \u00abSour\u00bb. Tatoveringene inkluderer store og sm\u00e5 sommerfugler i lilla og rosa, smilende ansikter med forskjellige uttrykk, hjerter, stjerner og runde edelstener i forskjellige farger. Ordet \u00abSOUR\u00bb vises i svart, omgitt av en lekende blanding av muntre former \u2013 perfekt for fans eller alle som \u00f8nsker \u00e5 gi stilen sin et kreativt og litt dr\u00f8mmende preg. Tatoveringene er laget av h\u00f8ykvalitets, giftfri blekk og materialer, og er trygge og enkle \u00e5 p\u00e5f\u00f8re. Kj\u00f8p Olivia Rodrigo SOUR-tatoveringer til ansiktet eller andre kroppsdelerV\u00e5re tatoveringer er allergivennlige og trygge for alle hudtyper. De er enkle \u00e5 p\u00e5f\u00f8re med vann og varer i flere dager, noe som gj\u00f8r dem perfekte for fester, festivaler og kostymer. Arkst\u00f8rrelse: A5 Tatoveringsst\u00f8rrelser: ca. 0,5\u20133 cm brede","og_url":"https:\/\/likeink.com\/no\/faketatureringar\/olivia-rodrigo-sour-tatoveringer-a5\/","og_site_name":"Like ink","article_publisher":"https:\/\/www.facebook.com\/LikeInkSe","article_modified_time":"2026-03-16T20:39:30+00:00","og_image":[{"width":1400,"height":987,"url":"https:\/\/likeink.com\/wp-content\/uploads\/2024\/09\/1001-Sour_likeink_web.png","type":"image\/png"}],"twitter_card":"summary_large_image","schema":{"@context":"https:\/\/schema.org","@graph":[{"@type":"WebPage","@id":"https:\/\/likeink.com\/no\/faketatureringar\/olivia-rodrigo-sour-tatoveringer-a5\/","url":"https:\/\/likeink.com\/no\/faketatureringar\/olivia-rodrigo-sour-tatoveringer-a5\/","name":"Olivia Rodrigo SOUR-tatoveringer - Like ink","isPartOf":{"@id":"https:\/\/likeink.com\/no\/#website"},"primaryImageOfPage":{"@id":"https:\/\/likeink.com\/no\/faketatureringar\/olivia-rodrigo-sour-tatoveringer-a5\/#primaryimage"},"image":{"@id":"https:\/\/likeink.com\/no\/faketatureringar\/olivia-rodrigo-sour-tatoveringer-a5\/#primaryimage"},"thumbnailUrl":"https:\/\/likeink.com\/wp-content\/uploads\/2024\/09\/1001-Sour_likeink_web.png","datePublished":"2025-12-15T09:33:07+00:00","dateModified":"2026-03-16T20:39:30+00:00","description":"Midlertidige tatoveringer med sommerfugler, smilefjes, hjerter og stjerner, inspirert av Olivia Rodrigos album \u00abSour\u00bb-klistremerker.- God kvalitet og rask levering!","breadcrumb":{"@id":"https:\/\/likeink.com\/no\/faketatureringar\/olivia-rodrigo-sour-tatoveringer-a5\/#breadcrumb"},"inLanguage":"nb-NO","potentialAction":[{"@type":"ReadAction","target":["https:\/\/likeink.com\/no\/faketatureringar\/olivia-rodrigo-sour-tatoveringer-a5\/"]}]},{"@type":"ImageObject","inLanguage":"nb-NO","@id":"https:\/\/likeink.com\/no\/faketatureringar\/olivia-rodrigo-sour-tatoveringer-a5\/#primaryimage","url":"https:\/\/likeink.com\/wp-content\/uploads\/2024\/09\/1001-Sour_likeink_web.png","contentUrl":"https:\/\/likeink.com\/wp-content\/uploads\/2024\/09\/1001-Sour_likeink_web.png","width":1400,"height":987,"caption":"Bright and playful \"Sour\" temporary tattoos with butterflies, smiley faces, and colorful shapes, inspired by Olivia Rodrigo's album artwork."},{"@type":"BreadcrumbList","@id":"https:\/\/likeink.com\/no\/faketatureringar\/olivia-rodrigo-sour-tatoveringer-a5\/#breadcrumb","itemListElement":[{"@type":"ListItem","position":1,"name":"Hem","item":"https:\/\/likeink.com\/no\/"},{"@type":"ListItem","position":2,"name":"Butikk","item":"https:\/\/likeink.com\/no\/butikk\/"},{"@type":"ListItem","position":3,"name":"Olivia Rodrigo SOUR-tatoveringer"}]},{"@type":"WebSite","@id":"https:\/\/likeink.com\/no\/#website","url":"https:\/\/likeink.com\/no\/","name":"Like ink","description":"Make your own custom design","potentialAction":[{"@type":"SearchAction","target":{"@type":"EntryPoint","urlTemplate":"https:\/\/likeink.com\/no\/?s={search_term_string}"},"query-input":{"@type":"PropertyValueSpecification","valueRequired":true,"valueName":"search_term_string"}}],"inLanguage":"nb-NO"}]}},"_links":{"self":[{"href":"https:\/\/likeink.com\/no\/wp-json\/wp\/v2\/product\/54082","targetHints":{"allow":["GET"]}}],"collection":[{"href":"https:\/\/likeink.com\/no\/wp-json\/wp\/v2\/product"}],"about":[{"href":"https:\/\/likeink.com\/no\/wp-json\/wp\/v2\/types\/product"}],"wp:featuredmedia":[{"embeddable":true,"href":"https:\/\/likeink.com\/no\/wp-json\/wp\/v2\/media\/54083"}],"wp:attachment":[{"href":"https:\/\/likeink.com\/no\/wp-json\/wp\/v2\/media?parent=54082"}],"wp:term":[{"taxonomy":"product_brand","embeddable":true,"href":"https:\/\/likeink.com\/no\/wp-json\/wp\/v2\/product_brand?post=54082"},{"taxonomy":"product_cat","embeddable":true,"href":"https:\/\/likeink.com\/no\/wp-json\/wp\/v2\/product_cat?post=54082"},{"taxonomy":"product_tag","embeddable":true,"href":"https:\/\/likeink.com\/no\/wp-json\/wp\/v2\/product_tag?post=54082"}],"curies":[{"name":"wp","href":"https:\/\/api.w.org\/{rel}","templated":true}]}}