{"id":54084,"date":"2024-09-27T12:52:03","date_gmt":"2025-12-15T09:33:09","guid":{"rendered":"https:\/\/likeink.com\/gnuggis\/fengselstatoveringer-a5\/"},"modified":"2026-03-16T20:39:30","modified_gmt":"2026-03-16T20:39:30","slug":"fengselstatoveringer-a5","status":"publish","type":"product","link":"https:\/\/likeink.com\/no\/faketatureringar\/fengselstatoveringer-a5\/","title":{"rendered":"Fengselstatoveringer"},"content":{"rendered":"","protected":false},"excerpt":{"rendered":"<p>Midlertidig tatoveringsark med fengselsinspirerte motiver. Det inkluderer en detaljert hodeskalle med kryssede bein, en stor rose med blader, en edderkopp p\u00e5 et nett og piggtr\u00e5dmotiver. Gotisk stil skrift for knokletatoveringer med ordene \u00abLOVE &#8211; HATE\u00bb og \u00abWILD &#8211; FREE\u00bb. Ytterligere elementer inkluderer en flaske med \u00abXXX\u00bb og spredte stjerneformer, som skaper en t\u00f8ff, rebellisk estetikk. Perfekt for de som \u00f8nsker dristige og edgy tatoveringsdesign, spesielt med inspirasjon fra knokletatoveringer.<\/p>\n<p>Tatoveringene er laget av h\u00f8ykvalitets, giftfri blekk og materialer, og er trygge og enkle \u00e5 p\u00e5f\u00f8re.<\/p>\n<h2>Kj\u00f8p midlertidige fengselsinspirerte tatoveringer som kan p\u00e5f\u00f8res ansiktet eller andre kroppsdeler<\/h2>\n<p>V\u00e5re tatoveringer er allergivennlige og trygge for alle hudtyper. De er enkle \u00e5 p\u00e5f\u00f8re med vann og varer i flere dager, noe som gj\u00f8r dem perfekte for fester, festivaler og kostymefester.<\/p>\n<p><strong>Arkst\u00f8rrelse: A5<br \/>\nSt\u00f8rrelse p\u00e5 tatoveringer:<\/strong><br \/>\nca. 2\u201320 cm brede<\/p>\n","protected":false},"featured_media":54085,"template":"","meta":[],"product_brand":[],"product_cat":[376,365,377],"product_tag":[],"class_list":{"0":"post-54084","1":"product","2":"type-product","3":"status-publish","4":"has-post-thumbnail","6":"product_cat-dodningehode-tatoveringer","7":"product_cat-ferdige-ark","8":"product_cat-halloween-tatoveringer-no","10":"first","11":"instock","12":"taxable","13":"shipping-taxable","14":"purchasable","15":"product-type-simple"},"yoast_head":"<!-- This site is optimized with the Yoast SEO Premium plugin v26.2 (Yoast SEO v27.4) - https:\/\/yoast.com\/product\/yoast-seo-premium-wordpress\/ -->\n<title>Fengselstatoveringer - Like ink<\/title>\n<meta name=\"description\" content=\"Midlertidige tatoveringer med fengselsinspirerte motiver, blant annet hodeskalle, piggtr\u00e5d, edderkopp og tekst p\u00e5 knokene.- God kvalitet og rask levering!\" \/>\n<meta name=\"robots\" content=\"index, follow, max-snippet:-1, max-image-preview:large, max-video-preview:-1\" \/>\n<link rel=\"canonical\" href=\"https:\/\/likeink.com\/no\/faketatureringar\/fengselstatoveringer-a5\/\" \/>\n<meta property=\"og:locale\" content=\"nb_NO\" \/>\n<meta property=\"og:type\" content=\"article\" \/>\n<meta property=\"og:title\" content=\"Fengselstatoveringer\" \/>\n<meta property=\"og:description\" content=\"Midlertidig tatoveringsark med fengselsinspirerte motiver. Det inkluderer en detaljert hodeskalle med kryssede bein, en stor rose med blader, en edderkopp p\u00e5 et nett og piggtr\u00e5dmotiver. Gotisk stil skrift for knokletatoveringer med ordene \u00abLOVE - HATE\u00bb og \u00abWILD - FREE\u00bb. Ytterligere elementer inkluderer en flaske med \u00abXXX\u00bb og spredte stjerneformer, som skaper en t\u00f8ff, rebellisk estetikk. Perfekt for de som \u00f8nsker dristige og edgy tatoveringsdesign, spesielt med inspirasjon fra knokletatoveringer. Tatoveringene er laget av h\u00f8ykvalitets, giftfri blekk og materialer, og er trygge og enkle \u00e5 p\u00e5f\u00f8re. Kj\u00f8p midlertidige fengselsinspirerte tatoveringer som kan p\u00e5f\u00f8res ansiktet eller andre kroppsdelerV\u00e5re tatoveringer er allergivennlige og trygge for alle hudtyper. De er enkle \u00e5 p\u00e5f\u00f8re med vann og varer i flere dager, noe som gj\u00f8r dem perfekte for fester, festivaler og kostymefester. Arkst\u00f8rrelse: A5 St\u00f8rrelse p\u00e5 tatoveringer: ca. 2\u201320 cm brede\" \/>\n<meta property=\"og:url\" content=\"https:\/\/likeink.com\/no\/faketatureringar\/fengselstatoveringer-a5\/\" \/>\n<meta property=\"og:site_name\" content=\"Like ink\" \/>\n<meta property=\"article:publisher\" content=\"https:\/\/www.facebook.com\/LikeInkSe\" \/>\n<meta property=\"article:modified_time\" content=\"2026-03-16T20:39:30+00:00\" \/>\n<meta property=\"og:image\" content=\"https:\/\/likeink.com\/wp-content\/uploads\/2024\/09\/1009_prison_tattoos_likeink_web.png\" \/>\n\t<meta property=\"og:image:width\" content=\"1400\" \/>\n\t<meta property=\"og:image:height\" content=\"987\" \/>\n\t<meta property=\"og:image:type\" content=\"image\/png\" \/>\n<meta name=\"twitter:card\" content=\"summary_large_image\" \/>\n<script type=\"application\/ld+json\" class=\"yoast-schema-graph\">{\"@context\":\"https:\\\/\\\/schema.org\",\"@graph\":[{\"@type\":\"WebPage\",\"@id\":\"https:\\\/\\\/likeink.com\\\/no\\\/faketatureringar\\\/fengselstatoveringer-a5\\\/\",\"url\":\"https:\\\/\\\/likeink.com\\\/no\\\/faketatureringar\\\/fengselstatoveringer-a5\\\/\",\"name\":\"Fengselstatoveringer - Like ink\",\"isPartOf\":{\"@id\":\"https:\\\/\\\/likeink.com\\\/no\\\/#website\"},\"primaryImageOfPage\":{\"@id\":\"https:\\\/\\\/likeink.com\\\/no\\\/faketatureringar\\\/fengselstatoveringer-a5\\\/#primaryimage\"},\"image\":{\"@id\":\"https:\\\/\\\/likeink.com\\\/no\\\/faketatureringar\\\/fengselstatoveringer-a5\\\/#primaryimage\"},\"thumbnailUrl\":\"https:\\\/\\\/likeink.com\\\/wp-content\\\/uploads\\\/2024\\\/09\\\/1009_prison_tattoos_likeink_web.png\",\"datePublished\":\"2025-12-15T09:33:09+00:00\",\"dateModified\":\"2026-03-16T20:39:30+00:00\",\"description\":\"Midlertidige tatoveringer med fengselsinspirerte motiver, blant annet hodeskalle, piggtr\u00e5d, edderkopp og tekst p\u00e5 knokene.- God kvalitet og rask levering!\",\"breadcrumb\":{\"@id\":\"https:\\\/\\\/likeink.com\\\/no\\\/faketatureringar\\\/fengselstatoveringer-a5\\\/#breadcrumb\"},\"inLanguage\":\"nb-NO\",\"potentialAction\":[{\"@type\":\"ReadAction\",\"target\":[\"https:\\\/\\\/likeink.com\\\/no\\\/faketatureringar\\\/fengselstatoveringer-a5\\\/\"]}]},{\"@type\":\"ImageObject\",\"inLanguage\":\"nb-NO\",\"@id\":\"https:\\\/\\\/likeink.com\\\/no\\\/faketatureringar\\\/fengselstatoveringer-a5\\\/#primaryimage\",\"url\":\"https:\\\/\\\/likeink.com\\\/wp-content\\\/uploads\\\/2024\\\/09\\\/1009_prison_tattoos_likeink_web.png\",\"contentUrl\":\"https:\\\/\\\/likeink.com\\\/wp-content\\\/uploads\\\/2024\\\/09\\\/1009_prison_tattoos_likeink_web.png\",\"width\":1400,\"height\":987,\"caption\":\"Prison-themed temporary tattoos featuring a skull, a rose, a spider on a web, barbed wire, a bottle, and knuckle tattoo lettering spelling \\\"LOVE,\\\" \\\"HATE,\\\" \\\"WILD,\\\" and \\\"FREE.\\\"\"},{\"@type\":\"BreadcrumbList\",\"@id\":\"https:\\\/\\\/likeink.com\\\/no\\\/faketatureringar\\\/fengselstatoveringer-a5\\\/#breadcrumb\",\"itemListElement\":[{\"@type\":\"ListItem\",\"position\":1,\"name\":\"Hem\",\"item\":\"https:\\\/\\\/likeink.com\\\/no\\\/\"},{\"@type\":\"ListItem\",\"position\":2,\"name\":\"Butikk\",\"item\":\"https:\\\/\\\/likeink.com\\\/no\\\/butikk\\\/\"},{\"@type\":\"ListItem\",\"position\":3,\"name\":\"Fengselstatoveringer\"}]},{\"@type\":\"WebSite\",\"@id\":\"https:\\\/\\\/likeink.com\\\/no\\\/#website\",\"url\":\"https:\\\/\\\/likeink.com\\\/no\\\/\",\"name\":\"Like ink\",\"description\":\"Make your own custom design\",\"potentialAction\":[{\"@type\":\"SearchAction\",\"target\":{\"@type\":\"EntryPoint\",\"urlTemplate\":\"https:\\\/\\\/likeink.com\\\/no\\\/?s={search_term_string}\"},\"query-input\":{\"@type\":\"PropertyValueSpecification\",\"valueRequired\":true,\"valueName\":\"search_term_string\"}}],\"inLanguage\":\"nb-NO\"}]}<\/script>\n<!-- \/ Yoast SEO Premium plugin. -->","yoast_head_json":{"title":"Fengselstatoveringer - Like ink","description":"Midlertidige tatoveringer med fengselsinspirerte motiver, blant annet hodeskalle, piggtr\u00e5d, edderkopp og tekst p\u00e5 knokene.- God kvalitet og rask levering!","robots":{"index":"index","follow":"follow","max-snippet":"max-snippet:-1","max-image-preview":"max-image-preview:large","max-video-preview":"max-video-preview:-1"},"canonical":"https:\/\/likeink.com\/no\/faketatureringar\/fengselstatoveringer-a5\/","og_locale":"nb_NO","og_type":"article","og_title":"Fengselstatoveringer","og_description":"Midlertidig tatoveringsark med fengselsinspirerte motiver. Det inkluderer en detaljert hodeskalle med kryssede bein, en stor rose med blader, en edderkopp p\u00e5 et nett og piggtr\u00e5dmotiver. Gotisk stil skrift for knokletatoveringer med ordene \u00abLOVE - HATE\u00bb og \u00abWILD - FREE\u00bb. Ytterligere elementer inkluderer en flaske med \u00abXXX\u00bb og spredte stjerneformer, som skaper en t\u00f8ff, rebellisk estetikk. Perfekt for de som \u00f8nsker dristige og edgy tatoveringsdesign, spesielt med inspirasjon fra knokletatoveringer. Tatoveringene er laget av h\u00f8ykvalitets, giftfri blekk og materialer, og er trygge og enkle \u00e5 p\u00e5f\u00f8re. Kj\u00f8p midlertidige fengselsinspirerte tatoveringer som kan p\u00e5f\u00f8res ansiktet eller andre kroppsdelerV\u00e5re tatoveringer er allergivennlige og trygge for alle hudtyper. De er enkle \u00e5 p\u00e5f\u00f8re med vann og varer i flere dager, noe som gj\u00f8r dem perfekte for fester, festivaler og kostymefester. Arkst\u00f8rrelse: A5 St\u00f8rrelse p\u00e5 tatoveringer: ca. 2\u201320 cm brede","og_url":"https:\/\/likeink.com\/no\/faketatureringar\/fengselstatoveringer-a5\/","og_site_name":"Like ink","article_publisher":"https:\/\/www.facebook.com\/LikeInkSe","article_modified_time":"2026-03-16T20:39:30+00:00","og_image":[{"width":1400,"height":987,"url":"https:\/\/likeink.com\/wp-content\/uploads\/2024\/09\/1009_prison_tattoos_likeink_web.png","type":"image\/png"}],"twitter_card":"summary_large_image","schema":{"@context":"https:\/\/schema.org","@graph":[{"@type":"WebPage","@id":"https:\/\/likeink.com\/no\/faketatureringar\/fengselstatoveringer-a5\/","url":"https:\/\/likeink.com\/no\/faketatureringar\/fengselstatoveringer-a5\/","name":"Fengselstatoveringer - Like ink","isPartOf":{"@id":"https:\/\/likeink.com\/no\/#website"},"primaryImageOfPage":{"@id":"https:\/\/likeink.com\/no\/faketatureringar\/fengselstatoveringer-a5\/#primaryimage"},"image":{"@id":"https:\/\/likeink.com\/no\/faketatureringar\/fengselstatoveringer-a5\/#primaryimage"},"thumbnailUrl":"https:\/\/likeink.com\/wp-content\/uploads\/2024\/09\/1009_prison_tattoos_likeink_web.png","datePublished":"2025-12-15T09:33:09+00:00","dateModified":"2026-03-16T20:39:30+00:00","description":"Midlertidige tatoveringer med fengselsinspirerte motiver, blant annet hodeskalle, piggtr\u00e5d, edderkopp og tekst p\u00e5 knokene.- God kvalitet og rask levering!","breadcrumb":{"@id":"https:\/\/likeink.com\/no\/faketatureringar\/fengselstatoveringer-a5\/#breadcrumb"},"inLanguage":"nb-NO","potentialAction":[{"@type":"ReadAction","target":["https:\/\/likeink.com\/no\/faketatureringar\/fengselstatoveringer-a5\/"]}]},{"@type":"ImageObject","inLanguage":"nb-NO","@id":"https:\/\/likeink.com\/no\/faketatureringar\/fengselstatoveringer-a5\/#primaryimage","url":"https:\/\/likeink.com\/wp-content\/uploads\/2024\/09\/1009_prison_tattoos_likeink_web.png","contentUrl":"https:\/\/likeink.com\/wp-content\/uploads\/2024\/09\/1009_prison_tattoos_likeink_web.png","width":1400,"height":987,"caption":"Prison-themed temporary tattoos featuring a skull, a rose, a spider on a web, barbed wire, a bottle, and knuckle tattoo lettering spelling \"LOVE,\" \"HATE,\" \"WILD,\" and \"FREE.\""},{"@type":"BreadcrumbList","@id":"https:\/\/likeink.com\/no\/faketatureringar\/fengselstatoveringer-a5\/#breadcrumb","itemListElement":[{"@type":"ListItem","position":1,"name":"Hem","item":"https:\/\/likeink.com\/no\/"},{"@type":"ListItem","position":2,"name":"Butikk","item":"https:\/\/likeink.com\/no\/butikk\/"},{"@type":"ListItem","position":3,"name":"Fengselstatoveringer"}]},{"@type":"WebSite","@id":"https:\/\/likeink.com\/no\/#website","url":"https:\/\/likeink.com\/no\/","name":"Like ink","description":"Make your own custom design","potentialAction":[{"@type":"SearchAction","target":{"@type":"EntryPoint","urlTemplate":"https:\/\/likeink.com\/no\/?s={search_term_string}"},"query-input":{"@type":"PropertyValueSpecification","valueRequired":true,"valueName":"search_term_string"}}],"inLanguage":"nb-NO"}]}},"_links":{"self":[{"href":"https:\/\/likeink.com\/no\/wp-json\/wp\/v2\/product\/54084","targetHints":{"allow":["GET"]}}],"collection":[{"href":"https:\/\/likeink.com\/no\/wp-json\/wp\/v2\/product"}],"about":[{"href":"https:\/\/likeink.com\/no\/wp-json\/wp\/v2\/types\/product"}],"wp:featuredmedia":[{"embeddable":true,"href":"https:\/\/likeink.com\/no\/wp-json\/wp\/v2\/media\/54085"}],"wp:attachment":[{"href":"https:\/\/likeink.com\/no\/wp-json\/wp\/v2\/media?parent=54084"}],"wp:term":[{"taxonomy":"product_brand","embeddable":true,"href":"https:\/\/likeink.com\/no\/wp-json\/wp\/v2\/product_brand?post=54084"},{"taxonomy":"product_cat","embeddable":true,"href":"https:\/\/likeink.com\/no\/wp-json\/wp\/v2\/product_cat?post=54084"},{"taxonomy":"product_tag","embeddable":true,"href":"https:\/\/likeink.com\/no\/wp-json\/wp\/v2\/product_tag?post=54084"}],"curies":[{"name":"wp","href":"https:\/\/api.w.org\/{rel}","templated":true}]}}