{"id":54086,"date":"2024-09-27T11:58:43","date_gmt":"2025-12-15T09:33:11","guid":{"rendered":"https:\/\/likeink.com\/gnuggis\/poison-ivy-tatoveringer-a5\/"},"modified":"2026-03-16T20:39:41","modified_gmt":"2026-03-16T20:39:41","slug":"poison-ivy-tatoveringer-a5","status":"publish","type":"product","link":"https:\/\/likeink.com\/no\/faketatureringar\/poison-ivy-tatoveringer-a5\/","title":{"rendered":"Poison Ivy-tatoveringer"},"content":{"rendered":"","protected":false},"excerpt":{"rendered":"<p>Midlertidige tatoveringer med detaljert og realistisk ef\u00f8y. Disse tatoveringene er perfekte for naturelskere eller de som \u00f8nsker en botanisk estetikk, og gir et friskt og levende preg til enhver anledning.<br \/>\nTatoveringene er laget av h\u00f8ykvalitets, giftfri blekk og materialer, og er trygge og enkle \u00e5 p\u00e5f\u00f8re.<\/p>\n<h2>Kj\u00f8p midlertidige tatoveringer med ef\u00f8y som du kan p\u00e5f\u00f8re i ansiktet eller andre deler av kroppen<\/h2>\n<p>V\u00e5re tatoveringer er allergivennlige og trygge for alle hudtyper. De er enkle \u00e5 p\u00e5f\u00f8re med vann og varer i flere dager, noe som gj\u00f8r dem perfekte for fester, festivaler og kostymefester.<\/p>\n<p><strong>Arkst\u00f8rrelse: A5<br \/>\nSt\u00f8rrelse p\u00e5 tatoveringer:<\/strong><br \/>\nca. 2\u201320 cm brede<\/p>\n","protected":false},"featured_media":54087,"template":"","meta":[],"product_brand":[],"product_cat":[524,365],"product_tag":[],"class_list":{"0":"post-54086","1":"product","2":"type-product","3":"status-publish","4":"has-post-thumbnail","6":"product_cat-dyr-og-natur","7":"product_cat-ferdige-ark","9":"first","10":"instock","11":"taxable","12":"shipping-taxable","13":"purchasable","14":"product-type-simple"},"yoast_head":"<!-- This site is optimized with the Yoast SEO Premium plugin v27.5 (Yoast SEO v27.6) - https:\/\/yoast.com\/product\/yoast-seo-premium-wordpress\/ -->\n<title>Poison Ivy-tatoveringer - Like ink<\/title>\n<meta name=\"description\" content=\"Poison Ivy Midlertidige tatoveringer med detaljert og realistisk ef\u00f8y.- God kvalitet og rask levering!\" \/>\n<meta name=\"robots\" content=\"index, follow, max-snippet:-1, max-image-preview:large, max-video-preview:-1\" \/>\n<link rel=\"canonical\" href=\"https:\/\/likeink.com\/no\/faketatureringar\/poison-ivy-tatoveringer-a5\/\" \/>\n<meta property=\"og:locale\" content=\"nb_NO\" \/>\n<meta property=\"og:type\" content=\"article\" \/>\n<meta property=\"og:title\" content=\"Poison Ivy-tatoveringer\" \/>\n<meta property=\"og:description\" content=\"Midlertidige tatoveringer med detaljert og realistisk ef\u00f8y. Disse tatoveringene er perfekte for naturelskere eller de som \u00f8nsker en botanisk estetikk, og gir et friskt og levende preg til enhver anledning. Tatoveringene er laget av h\u00f8ykvalitets, giftfri blekk og materialer, og er trygge og enkle \u00e5 p\u00e5f\u00f8re. Kj\u00f8p midlertidige tatoveringer med ef\u00f8y som du kan p\u00e5f\u00f8re i ansiktet eller andre deler av kroppenV\u00e5re tatoveringer er allergivennlige og trygge for alle hudtyper. De er enkle \u00e5 p\u00e5f\u00f8re med vann og varer i flere dager, noe som gj\u00f8r dem perfekte for fester, festivaler og kostymefester. Arkst\u00f8rrelse: A5 St\u00f8rrelse p\u00e5 tatoveringer: ca. 2\u201320 cm brede\" \/>\n<meta property=\"og:url\" content=\"https:\/\/likeink.com\/no\/faketatureringar\/poison-ivy-tatoveringer-a5\/\" \/>\n<meta property=\"og:site_name\" content=\"Like ink\" \/>\n<meta property=\"article:publisher\" content=\"https:\/\/www.facebook.com\/LikeInkSe\" \/>\n<meta property=\"article:modified_time\" content=\"2026-03-16T20:39:41+00:00\" \/>\n<meta property=\"og:image\" content=\"https:\/\/likeink.com\/wp-content\/uploads\/2024\/09\/1008_Poison_Ivy_likeink_web.png\" \/>\n\t<meta property=\"og:image:width\" content=\"1400\" \/>\n\t<meta property=\"og:image:height\" content=\"987\" \/>\n\t<meta property=\"og:image:type\" content=\"image\/png\" \/>\n<meta name=\"twitter:card\" content=\"summary_large_image\" \/>\n<!-- \/ Yoast SEO Premium plugin. -->","yoast_head_json":{"title":"Poison Ivy-tatoveringer - Like ink","description":"Poison Ivy Midlertidige tatoveringer med detaljert og realistisk ef\u00f8y.- God kvalitet og rask levering!","robots":{"index":"index","follow":"follow","max-snippet":"max-snippet:-1","max-image-preview":"max-image-preview:large","max-video-preview":"max-video-preview:-1"},"canonical":"https:\/\/likeink.com\/no\/faketatureringar\/poison-ivy-tatoveringer-a5\/","og_locale":"nb_NO","og_type":"article","og_title":"Poison Ivy-tatoveringer","og_description":"Midlertidige tatoveringer med detaljert og realistisk ef\u00f8y. Disse tatoveringene er perfekte for naturelskere eller de som \u00f8nsker en botanisk estetikk, og gir et friskt og levende preg til enhver anledning. Tatoveringene er laget av h\u00f8ykvalitets, giftfri blekk og materialer, og er trygge og enkle \u00e5 p\u00e5f\u00f8re. Kj\u00f8p midlertidige tatoveringer med ef\u00f8y som du kan p\u00e5f\u00f8re i ansiktet eller andre deler av kroppenV\u00e5re tatoveringer er allergivennlige og trygge for alle hudtyper. De er enkle \u00e5 p\u00e5f\u00f8re med vann og varer i flere dager, noe som gj\u00f8r dem perfekte for fester, festivaler og kostymefester. Arkst\u00f8rrelse: A5 St\u00f8rrelse p\u00e5 tatoveringer: ca. 2\u201320 cm brede","og_url":"https:\/\/likeink.com\/no\/faketatureringar\/poison-ivy-tatoveringer-a5\/","og_site_name":"Like ink","article_publisher":"https:\/\/www.facebook.com\/LikeInkSe","article_modified_time":"2026-03-16T20:39:41+00:00","og_image":[{"width":1400,"height":987,"url":"https:\/\/likeink.com\/wp-content\/uploads\/2024\/09\/1008_Poison_Ivy_likeink_web.png","type":"image\/png"}],"twitter_card":"summary_large_image","schema":{"@context":"https:\/\/schema.org","@graph":[{"@type":"WebPage","@id":"https:\/\/likeink.com\/no\/faketatureringar\/poison-ivy-tatoveringer-a5\/","url":"https:\/\/likeink.com\/no\/faketatureringar\/poison-ivy-tatoveringer-a5\/","name":"Poison Ivy-tatoveringer - Like ink","isPartOf":{"@id":"https:\/\/likeink.com\/no\/#website"},"primaryImageOfPage":{"@id":"https:\/\/likeink.com\/no\/faketatureringar\/poison-ivy-tatoveringer-a5\/#primaryimage"},"image":{"@id":"https:\/\/likeink.com\/no\/faketatureringar\/poison-ivy-tatoveringer-a5\/#primaryimage"},"thumbnailUrl":"https:\/\/likeink.com\/wp-content\/uploads\/2024\/09\/1008_Poison_Ivy_likeink_web.png","datePublished":"2025-12-15T09:33:11+00:00","dateModified":"2026-03-16T20:39:41+00:00","description":"Poison Ivy Midlertidige tatoveringer med detaljert og realistisk ef\u00f8y.- God kvalitet og rask levering!","breadcrumb":{"@id":"https:\/\/likeink.com\/no\/faketatureringar\/poison-ivy-tatoveringer-a5\/#breadcrumb"},"inLanguage":"nb-NO","potentialAction":[{"@type":"ReadAction","target":["https:\/\/likeink.com\/no\/faketatureringar\/poison-ivy-tatoveringer-a5\/"]}]},{"@type":"ImageObject","inLanguage":"nb-NO","@id":"https:\/\/likeink.com\/no\/faketatureringar\/poison-ivy-tatoveringer-a5\/#primaryimage","url":"https:\/\/likeink.com\/wp-content\/uploads\/2024\/09\/1008_Poison_Ivy_likeink_web.png","contentUrl":"https:\/\/likeink.com\/wp-content\/uploads\/2024\/09\/1008_Poison_Ivy_likeink_web.png","width":1400,"height":987,"caption":"collection of temporary tattoos showcasing green vines with vibrant leaves, perfect for a nature-inspired look."},{"@type":"BreadcrumbList","@id":"https:\/\/likeink.com\/no\/faketatureringar\/poison-ivy-tatoveringer-a5\/#breadcrumb","itemListElement":[{"@type":"ListItem","position":1,"name":"Hem","item":"https:\/\/likeink.com\/no\/"},{"@type":"ListItem","position":2,"name":"Butikk","item":"https:\/\/likeink.com\/no\/butikk\/"},{"@type":"ListItem","position":3,"name":"Poison Ivy-tatoveringer"}]},{"@type":"WebSite","@id":"https:\/\/likeink.com\/no\/#website","url":"https:\/\/likeink.com\/no\/","name":"Like ink","description":"Make your own custom design","potentialAction":[{"@type":"SearchAction","target":{"@type":"EntryPoint","urlTemplate":"https:\/\/likeink.com\/no\/?s={search_term_string}"},"query-input":{"@type":"PropertyValueSpecification","valueRequired":true,"valueName":"search_term_string"}}],"inLanguage":"nb-NO"}]}},"_links":{"self":[{"href":"https:\/\/likeink.com\/no\/wp-json\/wp\/v2\/product\/54086","targetHints":{"allow":["GET"]}}],"collection":[{"href":"https:\/\/likeink.com\/no\/wp-json\/wp\/v2\/product"}],"about":[{"href":"https:\/\/likeink.com\/no\/wp-json\/wp\/v2\/types\/product"}],"wp:featuredmedia":[{"embeddable":true,"href":"https:\/\/likeink.com\/no\/wp-json\/wp\/v2\/media\/54087"}],"wp:attachment":[{"href":"https:\/\/likeink.com\/no\/wp-json\/wp\/v2\/media?parent=54086"}],"wp:term":[{"taxonomy":"product_brand","embeddable":true,"href":"https:\/\/likeink.com\/no\/wp-json\/wp\/v2\/product_brand?post=54086"},{"taxonomy":"product_cat","embeddable":true,"href":"https:\/\/likeink.com\/no\/wp-json\/wp\/v2\/product_cat?post=54086"},{"taxonomy":"product_tag","embeddable":true,"href":"https:\/\/likeink.com\/no\/wp-json\/wp\/v2\/product_tag?post=54086"}],"curies":[{"name":"wp","href":"https:\/\/api.w.org\/{rel}","templated":true}]}}