{"id":54096,"date":"2024-09-26T13:42:30","date_gmt":"2025-12-15T09:33:17","guid":{"rendered":"https:\/\/likeink.com\/gnuggis\/garnsting-tatoveringer-a5\/"},"modified":"2026-03-16T20:39:52","modified_gmt":"2026-03-16T20:39:52","slug":"garnsting-tatoveringer-a5","status":"publish","type":"product","link":"https:\/\/likeink.com\/no\/faketatureringar\/garnsting-tatoveringer-a5\/","title":{"rendered":"Garnsting Tatoveringer"},"content":{"rendered":"","protected":false},"excerpt":{"rendered":"<p>Midlertidige tatoveringer med realistiske sting for p\u00e5f\u00f8ring p\u00e5 kroppen og ansiktet. Disse midlertidige tatoveringene skaper en skummel effekt, perfekt for en rekke kostymer og arrangementer.<br \/>\nArket inneholder 12 forskjellige realistiske design av sydde s\u00f8mmer, noe som gj\u00f8r dem til et flott tillegg til et skummelt Halloween-antrekk. Tatoveringene er laget av h\u00f8ykvalitets, giftfri blekk og materialer, og er trygge og enkle \u00e5 p\u00e5f\u00f8re.<\/p>\n<h2>Kj\u00f8p midlertidige tatoveringer med skumle sting for \u00e5 p\u00e5f\u00f8re p\u00e5 ansiktet eller andre kroppsdeler<\/h2>\n<p>V\u00e5re tatoveringer er allergivennlige og trygge for alle hudtyper. De er enkle \u00e5 p\u00e5f\u00f8re med vann og varer i flere dager, noe som gj\u00f8r dem perfekte for fester, festivaler og kostymearrangementer.<\/p>\n<p><strong>Arkst\u00f8rrelse: A5<br \/>\nTatoveringsst\u00f8rrelse:<\/strong><br \/>\nLengde ca. 9 cm.<\/p>\n","protected":false},"featured_media":54097,"template":"","meta":[],"product_brand":[],"product_cat":[365,377],"product_tag":[],"class_list":{"0":"post-54096","1":"product","2":"type-product","3":"status-publish","4":"has-post-thumbnail","6":"product_cat-ferdige-ark","7":"product_cat-halloween-tatoveringer-no","9":"first","10":"instock","11":"taxable","12":"shipping-taxable","13":"purchasable","14":"product-type-simple"},"yoast_head":"<!-- This site is optimized with the Yoast SEO Premium plugin v26.2 (Yoast SEO v27.4) - https:\/\/yoast.com\/product\/yoast-seo-premium-wordpress\/ -->\n<title>Garnsting Tatoveringer - Like ink<\/title>\n<meta name=\"description\" content=\"Garnsting-tatoveringer. Midlertidige tatoveringer med sting til kostymefester og Halloween-antrekk. God kvalitet og rask levering.- Like ink\" \/>\n<meta name=\"robots\" content=\"index, follow, max-snippet:-1, max-image-preview:large, max-video-preview:-1\" \/>\n<link rel=\"canonical\" href=\"https:\/\/likeink.com\/no\/faketatureringar\/garnsting-tatoveringer-a5\/\" \/>\n<meta property=\"og:locale\" content=\"nb_NO\" \/>\n<meta property=\"og:type\" content=\"article\" \/>\n<meta property=\"og:title\" content=\"Garnsting Tatoveringer\" \/>\n<meta property=\"og:description\" content=\"Midlertidige tatoveringer med realistiske sting for p\u00e5f\u00f8ring p\u00e5 kroppen og ansiktet. Disse midlertidige tatoveringene skaper en skummel effekt, perfekt for en rekke kostymer og arrangementer. Arket inneholder 12 forskjellige realistiske design av sydde s\u00f8mmer, noe som gj\u00f8r dem til et flott tillegg til et skummelt Halloween-antrekk. Tatoveringene er laget av h\u00f8ykvalitets, giftfri blekk og materialer, og er trygge og enkle \u00e5 p\u00e5f\u00f8re. Kj\u00f8p midlertidige tatoveringer med skumle sting for \u00e5 p\u00e5f\u00f8re p\u00e5 ansiktet eller andre kroppsdelerV\u00e5re tatoveringer er allergivennlige og trygge for alle hudtyper. De er enkle \u00e5 p\u00e5f\u00f8re med vann og varer i flere dager, noe som gj\u00f8r dem perfekte for fester, festivaler og kostymearrangementer. Arkst\u00f8rrelse: A5 Tatoveringsst\u00f8rrelse: Lengde ca. 9 cm.\" \/>\n<meta property=\"og:url\" content=\"https:\/\/likeink.com\/no\/faketatureringar\/garnsting-tatoveringer-a5\/\" \/>\n<meta property=\"og:site_name\" content=\"Like ink\" \/>\n<meta property=\"article:publisher\" content=\"https:\/\/www.facebook.com\/LikeInkSe\" \/>\n<meta property=\"article:modified_time\" content=\"2026-03-16T20:39:52+00:00\" \/>\n<meta property=\"og:image\" content=\"https:\/\/likeink.com\/wp-content\/uploads\/2024\/09\/1007_yarn_stitches_likeink_web.png\" \/>\n\t<meta property=\"og:image:width\" content=\"2480\" \/>\n\t<meta property=\"og:image:height\" content=\"1748\" \/>\n\t<meta property=\"og:image:type\" content=\"image\/png\" \/>\n<meta name=\"twitter:card\" content=\"summary_large_image\" \/>\n<script type=\"application\/ld+json\" class=\"yoast-schema-graph\">{\"@context\":\"https:\\\/\\\/schema.org\",\"@graph\":[{\"@type\":\"WebPage\",\"@id\":\"https:\\\/\\\/likeink.com\\\/no\\\/faketatureringar\\\/garnsting-tatoveringer-a5\\\/\",\"url\":\"https:\\\/\\\/likeink.com\\\/no\\\/faketatureringar\\\/garnsting-tatoveringer-a5\\\/\",\"name\":\"Garnsting Tatoveringer - Like ink\",\"isPartOf\":{\"@id\":\"https:\\\/\\\/likeink.com\\\/no\\\/#website\"},\"primaryImageOfPage\":{\"@id\":\"https:\\\/\\\/likeink.com\\\/no\\\/faketatureringar\\\/garnsting-tatoveringer-a5\\\/#primaryimage\"},\"image\":{\"@id\":\"https:\\\/\\\/likeink.com\\\/no\\\/faketatureringar\\\/garnsting-tatoveringer-a5\\\/#primaryimage\"},\"thumbnailUrl\":\"https:\\\/\\\/likeink.com\\\/wp-content\\\/uploads\\\/2024\\\/09\\\/1007_yarn_stitches_likeink_web.png\",\"datePublished\":\"2025-12-15T09:33:17+00:00\",\"dateModified\":\"2026-03-16T20:39:52+00:00\",\"description\":\"Garnsting-tatoveringer. Midlertidige tatoveringer med sting til kostymefester og Halloween-antrekk. God kvalitet og rask levering.- Like ink\",\"breadcrumb\":{\"@id\":\"https:\\\/\\\/likeink.com\\\/no\\\/faketatureringar\\\/garnsting-tatoveringer-a5\\\/#breadcrumb\"},\"inLanguage\":\"nb-NO\",\"potentialAction\":[{\"@type\":\"ReadAction\",\"target\":[\"https:\\\/\\\/likeink.com\\\/no\\\/faketatureringar\\\/garnsting-tatoveringer-a5\\\/\"]}]},{\"@type\":\"ImageObject\",\"inLanguage\":\"nb-NO\",\"@id\":\"https:\\\/\\\/likeink.com\\\/no\\\/faketatureringar\\\/garnsting-tatoveringer-a5\\\/#primaryimage\",\"url\":\"https:\\\/\\\/likeink.com\\\/wp-content\\\/uploads\\\/2024\\\/09\\\/1007_yarn_stitches_likeink_web.png\",\"contentUrl\":\"https:\\\/\\\/likeink.com\\\/wp-content\\\/uploads\\\/2024\\\/09\\\/1007_yarn_stitches_likeink_web.png\",\"width\":2480,\"height\":1748,\"caption\":\"Sheet of temporary tattoos featuring black stitch designs in different styles.\"},{\"@type\":\"BreadcrumbList\",\"@id\":\"https:\\\/\\\/likeink.com\\\/no\\\/faketatureringar\\\/garnsting-tatoveringer-a5\\\/#breadcrumb\",\"itemListElement\":[{\"@type\":\"ListItem\",\"position\":1,\"name\":\"Hem\",\"item\":\"https:\\\/\\\/likeink.com\\\/no\\\/\"},{\"@type\":\"ListItem\",\"position\":2,\"name\":\"Butikk\",\"item\":\"https:\\\/\\\/likeink.com\\\/no\\\/butikk\\\/\"},{\"@type\":\"ListItem\",\"position\":3,\"name\":\"Garnsting Tatoveringer\"}]},{\"@type\":\"WebSite\",\"@id\":\"https:\\\/\\\/likeink.com\\\/no\\\/#website\",\"url\":\"https:\\\/\\\/likeink.com\\\/no\\\/\",\"name\":\"Like ink\",\"description\":\"Make your own custom design\",\"potentialAction\":[{\"@type\":\"SearchAction\",\"target\":{\"@type\":\"EntryPoint\",\"urlTemplate\":\"https:\\\/\\\/likeink.com\\\/no\\\/?s={search_term_string}\"},\"query-input\":{\"@type\":\"PropertyValueSpecification\",\"valueRequired\":true,\"valueName\":\"search_term_string\"}}],\"inLanguage\":\"nb-NO\"}]}<\/script>\n<!-- \/ Yoast SEO Premium plugin. -->","yoast_head_json":{"title":"Garnsting Tatoveringer - Like ink","description":"Garnsting-tatoveringer. Midlertidige tatoveringer med sting til kostymefester og Halloween-antrekk. God kvalitet og rask levering.- Like ink","robots":{"index":"index","follow":"follow","max-snippet":"max-snippet:-1","max-image-preview":"max-image-preview:large","max-video-preview":"max-video-preview:-1"},"canonical":"https:\/\/likeink.com\/no\/faketatureringar\/garnsting-tatoveringer-a5\/","og_locale":"nb_NO","og_type":"article","og_title":"Garnsting Tatoveringer","og_description":"Midlertidige tatoveringer med realistiske sting for p\u00e5f\u00f8ring p\u00e5 kroppen og ansiktet. Disse midlertidige tatoveringene skaper en skummel effekt, perfekt for en rekke kostymer og arrangementer. Arket inneholder 12 forskjellige realistiske design av sydde s\u00f8mmer, noe som gj\u00f8r dem til et flott tillegg til et skummelt Halloween-antrekk. Tatoveringene er laget av h\u00f8ykvalitets, giftfri blekk og materialer, og er trygge og enkle \u00e5 p\u00e5f\u00f8re. Kj\u00f8p midlertidige tatoveringer med skumle sting for \u00e5 p\u00e5f\u00f8re p\u00e5 ansiktet eller andre kroppsdelerV\u00e5re tatoveringer er allergivennlige og trygge for alle hudtyper. De er enkle \u00e5 p\u00e5f\u00f8re med vann og varer i flere dager, noe som gj\u00f8r dem perfekte for fester, festivaler og kostymearrangementer. Arkst\u00f8rrelse: A5 Tatoveringsst\u00f8rrelse: Lengde ca. 9 cm.","og_url":"https:\/\/likeink.com\/no\/faketatureringar\/garnsting-tatoveringer-a5\/","og_site_name":"Like ink","article_publisher":"https:\/\/www.facebook.com\/LikeInkSe","article_modified_time":"2026-03-16T20:39:52+00:00","og_image":[{"width":2480,"height":1748,"url":"https:\/\/likeink.com\/wp-content\/uploads\/2024\/09\/1007_yarn_stitches_likeink_web.png","type":"image\/png"}],"twitter_card":"summary_large_image","schema":{"@context":"https:\/\/schema.org","@graph":[{"@type":"WebPage","@id":"https:\/\/likeink.com\/no\/faketatureringar\/garnsting-tatoveringer-a5\/","url":"https:\/\/likeink.com\/no\/faketatureringar\/garnsting-tatoveringer-a5\/","name":"Garnsting Tatoveringer - Like ink","isPartOf":{"@id":"https:\/\/likeink.com\/no\/#website"},"primaryImageOfPage":{"@id":"https:\/\/likeink.com\/no\/faketatureringar\/garnsting-tatoveringer-a5\/#primaryimage"},"image":{"@id":"https:\/\/likeink.com\/no\/faketatureringar\/garnsting-tatoveringer-a5\/#primaryimage"},"thumbnailUrl":"https:\/\/likeink.com\/wp-content\/uploads\/2024\/09\/1007_yarn_stitches_likeink_web.png","datePublished":"2025-12-15T09:33:17+00:00","dateModified":"2026-03-16T20:39:52+00:00","description":"Garnsting-tatoveringer. Midlertidige tatoveringer med sting til kostymefester og Halloween-antrekk. God kvalitet og rask levering.- Like ink","breadcrumb":{"@id":"https:\/\/likeink.com\/no\/faketatureringar\/garnsting-tatoveringer-a5\/#breadcrumb"},"inLanguage":"nb-NO","potentialAction":[{"@type":"ReadAction","target":["https:\/\/likeink.com\/no\/faketatureringar\/garnsting-tatoveringer-a5\/"]}]},{"@type":"ImageObject","inLanguage":"nb-NO","@id":"https:\/\/likeink.com\/no\/faketatureringar\/garnsting-tatoveringer-a5\/#primaryimage","url":"https:\/\/likeink.com\/wp-content\/uploads\/2024\/09\/1007_yarn_stitches_likeink_web.png","contentUrl":"https:\/\/likeink.com\/wp-content\/uploads\/2024\/09\/1007_yarn_stitches_likeink_web.png","width":2480,"height":1748,"caption":"Sheet of temporary tattoos featuring black stitch designs in different styles."},{"@type":"BreadcrumbList","@id":"https:\/\/likeink.com\/no\/faketatureringar\/garnsting-tatoveringer-a5\/#breadcrumb","itemListElement":[{"@type":"ListItem","position":1,"name":"Hem","item":"https:\/\/likeink.com\/no\/"},{"@type":"ListItem","position":2,"name":"Butikk","item":"https:\/\/likeink.com\/no\/butikk\/"},{"@type":"ListItem","position":3,"name":"Garnsting Tatoveringer"}]},{"@type":"WebSite","@id":"https:\/\/likeink.com\/no\/#website","url":"https:\/\/likeink.com\/no\/","name":"Like ink","description":"Make your own custom design","potentialAction":[{"@type":"SearchAction","target":{"@type":"EntryPoint","urlTemplate":"https:\/\/likeink.com\/no\/?s={search_term_string}"},"query-input":{"@type":"PropertyValueSpecification","valueRequired":true,"valueName":"search_term_string"}}],"inLanguage":"nb-NO"}]}},"_links":{"self":[{"href":"https:\/\/likeink.com\/no\/wp-json\/wp\/v2\/product\/54096","targetHints":{"allow":["GET"]}}],"collection":[{"href":"https:\/\/likeink.com\/no\/wp-json\/wp\/v2\/product"}],"about":[{"href":"https:\/\/likeink.com\/no\/wp-json\/wp\/v2\/types\/product"}],"wp:featuredmedia":[{"embeddable":true,"href":"https:\/\/likeink.com\/no\/wp-json\/wp\/v2\/media\/54097"}],"wp:attachment":[{"href":"https:\/\/likeink.com\/no\/wp-json\/wp\/v2\/media?parent=54096"}],"wp:term":[{"taxonomy":"product_brand","embeddable":true,"href":"https:\/\/likeink.com\/no\/wp-json\/wp\/v2\/product_brand?post=54096"},{"taxonomy":"product_cat","embeddable":true,"href":"https:\/\/likeink.com\/no\/wp-json\/wp\/v2\/product_cat?post=54096"},{"taxonomy":"product_tag","embeddable":true,"href":"https:\/\/likeink.com\/no\/wp-json\/wp\/v2\/product_tag?post=54096"}],"curies":[{"name":"wp","href":"https:\/\/api.w.org\/{rel}","templated":true}]}}