{"id":54102,"date":"2024-09-25T13:48:11","date_gmt":"2025-12-15T09:33:22","guid":{"rendered":"https:\/\/likeink.com\/gnuggis\/joker-dobbeltsidige-folietatoveringer-a5\/"},"modified":"2026-03-16T20:40:05","modified_gmt":"2026-03-16T20:40:05","slug":"joker-dobbeltsidige-folietatoveringer-a5","status":"publish","type":"product","link":"https:\/\/likeink.com\/no\/faketatureringar\/joker-dobbeltsidige-folietatoveringer-a5\/","title":{"rendered":"Joker dobbeltsidige folietatoveringer"},"content":{"rendered":"","protected":false},"excerpt":{"rendered":"<p>Dykk ned i den gale verdenen til Joker: Folie \u00e0 Deux med v\u00e5re ansiktstatoveringer, perfekte for \u00e5 forvandle deg til Joker eller Harley Quinn. Arket inneholder Jokers ikoniske ansiktsmaling i tatoveringsform \u2013 en stor, smilende munn som du kan plassere over din egen (ikke glem \u00e5 klippe et hull til munnen din!). Det inneholder ogs\u00e5 en nesetatovering og detaljer for omr\u00e5det over og under \u00f8ynene dine, som du enkelt kan plassere over \u00f8ynene og \u00f8yenbrynene dine.<\/p>\n<h2>Bestill midlertidige tatoveringer inspirert av filmen Joker Folie \u00e0 Deux<\/h2>\n<p>For de som g\u00e5r all in som Harley Quinn, finnes det ogs\u00e5 sm\u00e5 piler som gir et lekent preg til utseendet ditt. Tatoveringene v\u00e5re er enkle \u00e5 p\u00e5f\u00f8re med vann og like enkle \u00e5 vaske av, noe som gj\u00f8r dem perfekte for kostymefester, festivaler og temafester.<\/p>\n<p><strong>Ark- og tatoveringsst\u00f8rrelse:<\/strong><br \/>\nA5, designet for ansiktet.<br \/>\nEnkel \u00e5 p\u00e5f\u00f8re og fjerne.<\/p>\n","protected":false},"featured_media":54103,"template":"","meta":[],"product_brand":[],"product_cat":[365,377],"product_tag":[],"class_list":{"0":"post-54102","1":"product","2":"type-product","3":"status-publish","4":"has-post-thumbnail","6":"product_cat-ferdige-ark","7":"product_cat-halloween-tatoveringer-no","9":"first","10":"instock","11":"taxable","12":"shipping-taxable","13":"purchasable","14":"product-type-simple"},"yoast_head":"<!-- This site is optimized with the Yoast SEO Premium plugin v26.2 (Yoast SEO v27.4) - https:\/\/yoast.com\/product\/yoast-seo-premium-wordpress\/ -->\n<title>Joker dobbeltsidige folietatoveringer - Like ink<\/title>\n<meta name=\"description\" content=\"Joker dobbeltsidige folietatoveringer for deg som vil kle deg ut som Joker eller Harley Quinn. H\u00f8y kvalitet og rask levering! - Like ink\" \/>\n<meta name=\"robots\" content=\"index, follow, max-snippet:-1, max-image-preview:large, max-video-preview:-1\" \/>\n<link rel=\"canonical\" href=\"https:\/\/likeink.com\/no\/faketatureringar\/joker-dobbeltsidige-folietatoveringer-a5\/\" \/>\n<meta property=\"og:locale\" content=\"nb_NO\" \/>\n<meta property=\"og:type\" content=\"article\" \/>\n<meta property=\"og:title\" content=\"Joker dobbeltsidige folietatoveringer\" \/>\n<meta property=\"og:description\" content=\"Dykk ned i den gale verdenen til Joker: Folie \u00e0 Deux med v\u00e5re ansiktstatoveringer, perfekte for \u00e5 forvandle deg til Joker eller Harley Quinn. Arket inneholder Jokers ikoniske ansiktsmaling i tatoveringsform \u2013 en stor, smilende munn som du kan plassere over din egen (ikke glem \u00e5 klippe et hull til munnen din!). Det inneholder ogs\u00e5 en nesetatovering og detaljer for omr\u00e5det over og under \u00f8ynene dine, som du enkelt kan plassere over \u00f8ynene og \u00f8yenbrynene dine. Bestill midlertidige tatoveringer inspirert av filmen Joker Folie \u00e0 DeuxFor de som g\u00e5r all in som Harley Quinn, finnes det ogs\u00e5 sm\u00e5 piler som gir et lekent preg til utseendet ditt. Tatoveringene v\u00e5re er enkle \u00e5 p\u00e5f\u00f8re med vann og like enkle \u00e5 vaske av, noe som gj\u00f8r dem perfekte for kostymefester, festivaler og temafester. Ark- og tatoveringsst\u00f8rrelse: A5, designet for ansiktet. Enkel \u00e5 p\u00e5f\u00f8re og fjerne.\" \/>\n<meta property=\"og:url\" content=\"https:\/\/likeink.com\/no\/faketatureringar\/joker-dobbeltsidige-folietatoveringer-a5\/\" \/>\n<meta property=\"og:site_name\" content=\"Like ink\" \/>\n<meta property=\"article:publisher\" content=\"https:\/\/www.facebook.com\/LikeInkSe\" \/>\n<meta property=\"article:modified_time\" content=\"2026-03-16T20:40:05+00:00\" \/>\n<meta property=\"og:image\" content=\"https:\/\/likeink.com\/wp-content\/uploads\/2024\/09\/Joker-Folie-a-Deux-Likeink-TemporaryTattoos.jpg\" \/>\n\t<meta property=\"og:image:width\" content=\"1800\" \/>\n\t<meta property=\"og:image:height\" content=\"1268\" \/>\n\t<meta property=\"og:image:type\" content=\"image\/jpeg\" \/>\n<meta name=\"twitter:card\" content=\"summary_large_image\" \/>\n<script type=\"application\/ld+json\" class=\"yoast-schema-graph\">{\"@context\":\"https:\\\/\\\/schema.org\",\"@graph\":[{\"@type\":\"WebPage\",\"@id\":\"https:\\\/\\\/likeink.com\\\/no\\\/faketatureringar\\\/joker-dobbeltsidige-folietatoveringer-a5\\\/\",\"url\":\"https:\\\/\\\/likeink.com\\\/no\\\/faketatureringar\\\/joker-dobbeltsidige-folietatoveringer-a5\\\/\",\"name\":\"Joker dobbeltsidige folietatoveringer - Like ink\",\"isPartOf\":{\"@id\":\"https:\\\/\\\/likeink.com\\\/no\\\/#website\"},\"primaryImageOfPage\":{\"@id\":\"https:\\\/\\\/likeink.com\\\/no\\\/faketatureringar\\\/joker-dobbeltsidige-folietatoveringer-a5\\\/#primaryimage\"},\"image\":{\"@id\":\"https:\\\/\\\/likeink.com\\\/no\\\/faketatureringar\\\/joker-dobbeltsidige-folietatoveringer-a5\\\/#primaryimage\"},\"thumbnailUrl\":\"https:\\\/\\\/likeink.com\\\/wp-content\\\/uploads\\\/2024\\\/09\\\/Joker-Folie-a-Deux-Likeink-TemporaryTattoos.jpg\",\"datePublished\":\"2025-12-15T09:33:22+00:00\",\"dateModified\":\"2026-03-16T20:40:05+00:00\",\"description\":\"Joker dobbeltsidige folietatoveringer for deg som vil kle deg ut som Joker eller Harley Quinn. H\u00f8y kvalitet og rask levering! - Like ink\",\"breadcrumb\":{\"@id\":\"https:\\\/\\\/likeink.com\\\/no\\\/faketatureringar\\\/joker-dobbeltsidige-folietatoveringer-a5\\\/#breadcrumb\"},\"inLanguage\":\"nb-NO\",\"potentialAction\":[{\"@type\":\"ReadAction\",\"target\":[\"https:\\\/\\\/likeink.com\\\/no\\\/faketatureringar\\\/joker-dobbeltsidige-folietatoveringer-a5\\\/\"]}]},{\"@type\":\"ImageObject\",\"inLanguage\":\"nb-NO\",\"@id\":\"https:\\\/\\\/likeink.com\\\/no\\\/faketatureringar\\\/joker-dobbeltsidige-folietatoveringer-a5\\\/#primaryimage\",\"url\":\"https:\\\/\\\/likeink.com\\\/wp-content\\\/uploads\\\/2024\\\/09\\\/Joker-Folie-a-Deux-Likeink-TemporaryTattoos.jpg\",\"contentUrl\":\"https:\\\/\\\/likeink.com\\\/wp-content\\\/uploads\\\/2024\\\/09\\\/Joker-Folie-a-Deux-Likeink-TemporaryTattoos.jpg\",\"width\":1800,\"height\":1268,\"caption\":\"Joker face tattoos inspired by the movie Folie \u00e0 Deux. Perfect for cosplay or costume parties, these high-quality temporary tattoos capture the chaotic essence of the Joker character.\"},{\"@type\":\"BreadcrumbList\",\"@id\":\"https:\\\/\\\/likeink.com\\\/no\\\/faketatureringar\\\/joker-dobbeltsidige-folietatoveringer-a5\\\/#breadcrumb\",\"itemListElement\":[{\"@type\":\"ListItem\",\"position\":1,\"name\":\"Hem\",\"item\":\"https:\\\/\\\/likeink.com\\\/no\\\/\"},{\"@type\":\"ListItem\",\"position\":2,\"name\":\"Butikk\",\"item\":\"https:\\\/\\\/likeink.com\\\/no\\\/butikk\\\/\"},{\"@type\":\"ListItem\",\"position\":3,\"name\":\"Joker dobbeltsidige folietatoveringer\"}]},{\"@type\":\"WebSite\",\"@id\":\"https:\\\/\\\/likeink.com\\\/no\\\/#website\",\"url\":\"https:\\\/\\\/likeink.com\\\/no\\\/\",\"name\":\"Like ink\",\"description\":\"Make your own custom design\",\"potentialAction\":[{\"@type\":\"SearchAction\",\"target\":{\"@type\":\"EntryPoint\",\"urlTemplate\":\"https:\\\/\\\/likeink.com\\\/no\\\/?s={search_term_string}\"},\"query-input\":{\"@type\":\"PropertyValueSpecification\",\"valueRequired\":true,\"valueName\":\"search_term_string\"}}],\"inLanguage\":\"nb-NO\"}]}<\/script>\n<!-- \/ Yoast SEO Premium plugin. -->","yoast_head_json":{"title":"Joker dobbeltsidige folietatoveringer - Like ink","description":"Joker dobbeltsidige folietatoveringer for deg som vil kle deg ut som Joker eller Harley Quinn. H\u00f8y kvalitet og rask levering! - Like ink","robots":{"index":"index","follow":"follow","max-snippet":"max-snippet:-1","max-image-preview":"max-image-preview:large","max-video-preview":"max-video-preview:-1"},"canonical":"https:\/\/likeink.com\/no\/faketatureringar\/joker-dobbeltsidige-folietatoveringer-a5\/","og_locale":"nb_NO","og_type":"article","og_title":"Joker dobbeltsidige folietatoveringer","og_description":"Dykk ned i den gale verdenen til Joker: Folie \u00e0 Deux med v\u00e5re ansiktstatoveringer, perfekte for \u00e5 forvandle deg til Joker eller Harley Quinn. Arket inneholder Jokers ikoniske ansiktsmaling i tatoveringsform \u2013 en stor, smilende munn som du kan plassere over din egen (ikke glem \u00e5 klippe et hull til munnen din!). Det inneholder ogs\u00e5 en nesetatovering og detaljer for omr\u00e5det over og under \u00f8ynene dine, som du enkelt kan plassere over \u00f8ynene og \u00f8yenbrynene dine. Bestill midlertidige tatoveringer inspirert av filmen Joker Folie \u00e0 DeuxFor de som g\u00e5r all in som Harley Quinn, finnes det ogs\u00e5 sm\u00e5 piler som gir et lekent preg til utseendet ditt. Tatoveringene v\u00e5re er enkle \u00e5 p\u00e5f\u00f8re med vann og like enkle \u00e5 vaske av, noe som gj\u00f8r dem perfekte for kostymefester, festivaler og temafester. Ark- og tatoveringsst\u00f8rrelse: A5, designet for ansiktet. Enkel \u00e5 p\u00e5f\u00f8re og fjerne.","og_url":"https:\/\/likeink.com\/no\/faketatureringar\/joker-dobbeltsidige-folietatoveringer-a5\/","og_site_name":"Like ink","article_publisher":"https:\/\/www.facebook.com\/LikeInkSe","article_modified_time":"2026-03-16T20:40:05+00:00","og_image":[{"width":1800,"height":1268,"url":"https:\/\/likeink.com\/wp-content\/uploads\/2024\/09\/Joker-Folie-a-Deux-Likeink-TemporaryTattoos.jpg","type":"image\/jpeg"}],"twitter_card":"summary_large_image","schema":{"@context":"https:\/\/schema.org","@graph":[{"@type":"WebPage","@id":"https:\/\/likeink.com\/no\/faketatureringar\/joker-dobbeltsidige-folietatoveringer-a5\/","url":"https:\/\/likeink.com\/no\/faketatureringar\/joker-dobbeltsidige-folietatoveringer-a5\/","name":"Joker dobbeltsidige folietatoveringer - Like ink","isPartOf":{"@id":"https:\/\/likeink.com\/no\/#website"},"primaryImageOfPage":{"@id":"https:\/\/likeink.com\/no\/faketatureringar\/joker-dobbeltsidige-folietatoveringer-a5\/#primaryimage"},"image":{"@id":"https:\/\/likeink.com\/no\/faketatureringar\/joker-dobbeltsidige-folietatoveringer-a5\/#primaryimage"},"thumbnailUrl":"https:\/\/likeink.com\/wp-content\/uploads\/2024\/09\/Joker-Folie-a-Deux-Likeink-TemporaryTattoos.jpg","datePublished":"2025-12-15T09:33:22+00:00","dateModified":"2026-03-16T20:40:05+00:00","description":"Joker dobbeltsidige folietatoveringer for deg som vil kle deg ut som Joker eller Harley Quinn. H\u00f8y kvalitet og rask levering! - Like ink","breadcrumb":{"@id":"https:\/\/likeink.com\/no\/faketatureringar\/joker-dobbeltsidige-folietatoveringer-a5\/#breadcrumb"},"inLanguage":"nb-NO","potentialAction":[{"@type":"ReadAction","target":["https:\/\/likeink.com\/no\/faketatureringar\/joker-dobbeltsidige-folietatoveringer-a5\/"]}]},{"@type":"ImageObject","inLanguage":"nb-NO","@id":"https:\/\/likeink.com\/no\/faketatureringar\/joker-dobbeltsidige-folietatoveringer-a5\/#primaryimage","url":"https:\/\/likeink.com\/wp-content\/uploads\/2024\/09\/Joker-Folie-a-Deux-Likeink-TemporaryTattoos.jpg","contentUrl":"https:\/\/likeink.com\/wp-content\/uploads\/2024\/09\/Joker-Folie-a-Deux-Likeink-TemporaryTattoos.jpg","width":1800,"height":1268,"caption":"Joker face tattoos inspired by the movie Folie \u00e0 Deux. Perfect for cosplay or costume parties, these high-quality temporary tattoos capture the chaotic essence of the Joker character."},{"@type":"BreadcrumbList","@id":"https:\/\/likeink.com\/no\/faketatureringar\/joker-dobbeltsidige-folietatoveringer-a5\/#breadcrumb","itemListElement":[{"@type":"ListItem","position":1,"name":"Hem","item":"https:\/\/likeink.com\/no\/"},{"@type":"ListItem","position":2,"name":"Butikk","item":"https:\/\/likeink.com\/no\/butikk\/"},{"@type":"ListItem","position":3,"name":"Joker dobbeltsidige folietatoveringer"}]},{"@type":"WebSite","@id":"https:\/\/likeink.com\/no\/#website","url":"https:\/\/likeink.com\/no\/","name":"Like ink","description":"Make your own custom design","potentialAction":[{"@type":"SearchAction","target":{"@type":"EntryPoint","urlTemplate":"https:\/\/likeink.com\/no\/?s={search_term_string}"},"query-input":{"@type":"PropertyValueSpecification","valueRequired":true,"valueName":"search_term_string"}}],"inLanguage":"nb-NO"}]}},"_links":{"self":[{"href":"https:\/\/likeink.com\/no\/wp-json\/wp\/v2\/product\/54102","targetHints":{"allow":["GET"]}}],"collection":[{"href":"https:\/\/likeink.com\/no\/wp-json\/wp\/v2\/product"}],"about":[{"href":"https:\/\/likeink.com\/no\/wp-json\/wp\/v2\/types\/product"}],"wp:featuredmedia":[{"embeddable":true,"href":"https:\/\/likeink.com\/no\/wp-json\/wp\/v2\/media\/54103"}],"wp:attachment":[{"href":"https:\/\/likeink.com\/no\/wp-json\/wp\/v2\/media?parent=54102"}],"wp:term":[{"taxonomy":"product_brand","embeddable":true,"href":"https:\/\/likeink.com\/no\/wp-json\/wp\/v2\/product_brand?post=54102"},{"taxonomy":"product_cat","embeddable":true,"href":"https:\/\/likeink.com\/no\/wp-json\/wp\/v2\/product_cat?post=54102"},{"taxonomy":"product_tag","embeddable":true,"href":"https:\/\/likeink.com\/no\/wp-json\/wp\/v2\/product_tag?post=54102"}],"curies":[{"name":"wp","href":"https:\/\/api.w.org\/{rel}","templated":true}]}}