{"id":54117,"date":"2024-06-05T19:13:12","date_gmt":"2025-12-15T09:33:30","guid":{"rendered":"https:\/\/likeink.com\/gnuggis\/gull-og-solvtatoveringsarmband-a5\/"},"modified":"2026-03-16T20:40:16","modified_gmt":"2026-03-16T20:40:16","slug":"gull-og-solvtatoveringsarmband-a5","status":"publish","type":"product","link":"https:\/\/likeink.com\/no\/faketatureringar\/gull-og-solvtatoveringsarmband-a5\/","title":{"rendered":"Gull- og s\u00f8lvtatoveringsarmb\u00e5nd"},"content":{"rendered":"","protected":false},"excerpt":{"rendered":"<p>Oppdag Like Inks eksklusive midlertidige tatoveringer i gull og s\u00f8lv, ogs\u00e5 kjent som metalliske tatoveringer eller folietatoveringer. Disse tatoveringene av h\u00f8y kvalitet gir en luksuri\u00f8s og skinnende finish som garantert vil fange oppmerksomheten.<\/p>\n<h2>Kj\u00f8p midlertidige tatoveringer av h\u00f8y kvalitet i gull og s\u00f8lv.<\/h2>\n<p>V\u00e5re tatoveringer er allergivennlige og trygge for alle hudtyper. De er enkle \u00e5 p\u00e5f\u00f8re med vann og varer i flere dager, noe som gj\u00f8r dem perfekte for fester, festivaler, stranddager eller bare som et elegant tilbeh\u00f8r til din daglige stil.<br \/>\nV\u00e5re metalliske tatoveringer er av h\u00f8y kvalitet, allergivennlige, enkle \u00e5 p\u00e5f\u00f8re og varer i flere dager.<\/p>\n<p>Gi stilen din en glitrende oppgradering med v\u00e5re midlertidige tatoveringer i gull og s\u00f8lv!<\/p>\n<p><strong>Arkst\u00f8rrelse: A5<br \/>\nSt\u00f8rste tatovering:<\/strong><br \/>\n20 x 2 cm<\/p>\n","protected":false},"featured_media":54118,"template":"","meta":[],"product_brand":[],"product_cat":[369,365],"product_tag":[],"class_list":{"0":"post-54117","1":"product","2":"type-product","3":"status-publish","4":"has-post-thumbnail","6":"product_cat-andre-tatoveringer","7":"product_cat-ferdige-ark","9":"first","10":"instock","11":"taxable","12":"shipping-taxable","13":"purchasable","14":"product-type-simple"},"yoast_head":"<!-- This site is optimized with the Yoast SEO Premium plugin v26.2 (Yoast SEO v27.4) - https:\/\/yoast.com\/product\/yoast-seo-premium-wordpress\/ -->\n<title>Gull- og s\u00f8lvtatoveringsarmb\u00e5nd - Like ink<\/title>\n<meta name=\"description\" content=\"Gull- og s\u00f8lvtatoveringer p\u00e5 ark. Bestill metalliske tatoveringer av h\u00f8y kvalitet. Her i form av 20 cm lange armb\u00e5nd med vakre m\u00f8nstre. - Like ink\" \/>\n<meta name=\"robots\" content=\"index, follow, max-snippet:-1, max-image-preview:large, max-video-preview:-1\" \/>\n<link rel=\"canonical\" href=\"https:\/\/likeink.com\/no\/faketatureringar\/gull-og-solvtatoveringsarmband-a5\/\" \/>\n<meta property=\"og:locale\" content=\"nb_NO\" \/>\n<meta property=\"og:type\" content=\"article\" \/>\n<meta property=\"og:title\" content=\"Gull- og s\u00f8lvtatoveringsarmb\u00e5nd\" \/>\n<meta property=\"og:description\" content=\"Oppdag Like Inks eksklusive midlertidige tatoveringer i gull og s\u00f8lv, ogs\u00e5 kjent som metalliske tatoveringer eller folietatoveringer. Disse tatoveringene av h\u00f8y kvalitet gir en luksuri\u00f8s og skinnende finish som garantert vil fange oppmerksomheten. Kj\u00f8p midlertidige tatoveringer av h\u00f8y kvalitet i gull og s\u00f8lv.V\u00e5re tatoveringer er allergivennlige og trygge for alle hudtyper. De er enkle \u00e5 p\u00e5f\u00f8re med vann og varer i flere dager, noe som gj\u00f8r dem perfekte for fester, festivaler, stranddager eller bare som et elegant tilbeh\u00f8r til din daglige stil. V\u00e5re metalliske tatoveringer er av h\u00f8y kvalitet, allergivennlige, enkle \u00e5 p\u00e5f\u00f8re og varer i flere dager. Gi stilen din en glitrende oppgradering med v\u00e5re midlertidige tatoveringer i gull og s\u00f8lv! Arkst\u00f8rrelse: A5 St\u00f8rste tatovering: 20 x 2 cm\" \/>\n<meta property=\"og:url\" content=\"https:\/\/likeink.com\/no\/faketatureringar\/gull-og-solvtatoveringsarmband-a5\/\" \/>\n<meta property=\"og:site_name\" content=\"Like ink\" \/>\n<meta property=\"article:publisher\" content=\"https:\/\/www.facebook.com\/LikeInkSe\" \/>\n<meta property=\"article:modified_time\" content=\"2026-03-16T20:40:16+00:00\" \/>\n<meta property=\"og:image\" content=\"https:\/\/likeink.com\/wp-content\/uploads\/2024\/05\/Gold-fakeTattoo-YH-102.jpg\" \/>\n\t<meta property=\"og:image:width\" content=\"1199\" \/>\n\t<meta property=\"og:image:height\" content=\"843\" \/>\n\t<meta property=\"og:image:type\" content=\"image\/jpeg\" \/>\n<meta name=\"twitter:card\" content=\"summary_large_image\" \/>\n<script type=\"application\/ld+json\" class=\"yoast-schema-graph\">{\"@context\":\"https:\\\/\\\/schema.org\",\"@graph\":[{\"@type\":\"WebPage\",\"@id\":\"https:\\\/\\\/likeink.com\\\/no\\\/faketatureringar\\\/gull-og-solvtatoveringsarmband-a5\\\/\",\"url\":\"https:\\\/\\\/likeink.com\\\/no\\\/faketatureringar\\\/gull-og-solvtatoveringsarmband-a5\\\/\",\"name\":\"Gull- og s\u00f8lvtatoveringsarmb\u00e5nd - Like ink\",\"isPartOf\":{\"@id\":\"https:\\\/\\\/likeink.com\\\/no\\\/#website\"},\"primaryImageOfPage\":{\"@id\":\"https:\\\/\\\/likeink.com\\\/no\\\/faketatureringar\\\/gull-og-solvtatoveringsarmband-a5\\\/#primaryimage\"},\"image\":{\"@id\":\"https:\\\/\\\/likeink.com\\\/no\\\/faketatureringar\\\/gull-og-solvtatoveringsarmband-a5\\\/#primaryimage\"},\"thumbnailUrl\":\"https:\\\/\\\/likeink.com\\\/wp-content\\\/uploads\\\/2024\\\/05\\\/Gold-fakeTattoo-YH-102.jpg\",\"datePublished\":\"2025-12-15T09:33:30+00:00\",\"dateModified\":\"2026-03-16T20:40:16+00:00\",\"description\":\"Gull- og s\u00f8lvtatoveringer p\u00e5 ark. Bestill metalliske tatoveringer av h\u00f8y kvalitet. Her i form av 20 cm lange armb\u00e5nd med vakre m\u00f8nstre. - Like ink\",\"breadcrumb\":{\"@id\":\"https:\\\/\\\/likeink.com\\\/no\\\/faketatureringar\\\/gull-og-solvtatoveringsarmband-a5\\\/#breadcrumb\"},\"inLanguage\":\"nb-NO\",\"potentialAction\":[{\"@type\":\"ReadAction\",\"target\":[\"https:\\\/\\\/likeink.com\\\/no\\\/faketatureringar\\\/gull-og-solvtatoveringsarmband-a5\\\/\"]}]},{\"@type\":\"ImageObject\",\"inLanguage\":\"nb-NO\",\"@id\":\"https:\\\/\\\/likeink.com\\\/no\\\/faketatureringar\\\/gull-og-solvtatoveringsarmband-a5\\\/#primaryimage\",\"url\":\"https:\\\/\\\/likeink.com\\\/wp-content\\\/uploads\\\/2024\\\/05\\\/Gold-fakeTattoo-YH-102.jpg\",\"contentUrl\":\"https:\\\/\\\/likeink.com\\\/wp-content\\\/uploads\\\/2024\\\/05\\\/Gold-fakeTattoo-YH-102.jpg\",\"width\":1199,\"height\":843,\"caption\":\"Gold tattoos, silver tattoos, temporary tattoos in the form of bracelets in various patterns.\"},{\"@type\":\"BreadcrumbList\",\"@id\":\"https:\\\/\\\/likeink.com\\\/no\\\/faketatureringar\\\/gull-og-solvtatoveringsarmband-a5\\\/#breadcrumb\",\"itemListElement\":[{\"@type\":\"ListItem\",\"position\":1,\"name\":\"Hem\",\"item\":\"https:\\\/\\\/likeink.com\\\/no\\\/\"},{\"@type\":\"ListItem\",\"position\":2,\"name\":\"Butikk\",\"item\":\"https:\\\/\\\/likeink.com\\\/no\\\/butikk\\\/\"},{\"@type\":\"ListItem\",\"position\":3,\"name\":\"Gull- og s\u00f8lvtatoveringsarmb\u00e5nd\"}]},{\"@type\":\"WebSite\",\"@id\":\"https:\\\/\\\/likeink.com\\\/no\\\/#website\",\"url\":\"https:\\\/\\\/likeink.com\\\/no\\\/\",\"name\":\"Like ink\",\"description\":\"Make your own custom design\",\"potentialAction\":[{\"@type\":\"SearchAction\",\"target\":{\"@type\":\"EntryPoint\",\"urlTemplate\":\"https:\\\/\\\/likeink.com\\\/no\\\/?s={search_term_string}\"},\"query-input\":{\"@type\":\"PropertyValueSpecification\",\"valueRequired\":true,\"valueName\":\"search_term_string\"}}],\"inLanguage\":\"nb-NO\"}]}<\/script>\n<!-- \/ Yoast SEO Premium plugin. -->","yoast_head_json":{"title":"Gull- og s\u00f8lvtatoveringsarmb\u00e5nd - Like ink","description":"Gull- og s\u00f8lvtatoveringer p\u00e5 ark. Bestill metalliske tatoveringer av h\u00f8y kvalitet. Her i form av 20 cm lange armb\u00e5nd med vakre m\u00f8nstre. - Like ink","robots":{"index":"index","follow":"follow","max-snippet":"max-snippet:-1","max-image-preview":"max-image-preview:large","max-video-preview":"max-video-preview:-1"},"canonical":"https:\/\/likeink.com\/no\/faketatureringar\/gull-og-solvtatoveringsarmband-a5\/","og_locale":"nb_NO","og_type":"article","og_title":"Gull- og s\u00f8lvtatoveringsarmb\u00e5nd","og_description":"Oppdag Like Inks eksklusive midlertidige tatoveringer i gull og s\u00f8lv, ogs\u00e5 kjent som metalliske tatoveringer eller folietatoveringer. Disse tatoveringene av h\u00f8y kvalitet gir en luksuri\u00f8s og skinnende finish som garantert vil fange oppmerksomheten. Kj\u00f8p midlertidige tatoveringer av h\u00f8y kvalitet i gull og s\u00f8lv.V\u00e5re tatoveringer er allergivennlige og trygge for alle hudtyper. De er enkle \u00e5 p\u00e5f\u00f8re med vann og varer i flere dager, noe som gj\u00f8r dem perfekte for fester, festivaler, stranddager eller bare som et elegant tilbeh\u00f8r til din daglige stil. V\u00e5re metalliske tatoveringer er av h\u00f8y kvalitet, allergivennlige, enkle \u00e5 p\u00e5f\u00f8re og varer i flere dager. Gi stilen din en glitrende oppgradering med v\u00e5re midlertidige tatoveringer i gull og s\u00f8lv! Arkst\u00f8rrelse: A5 St\u00f8rste tatovering: 20 x 2 cm","og_url":"https:\/\/likeink.com\/no\/faketatureringar\/gull-og-solvtatoveringsarmband-a5\/","og_site_name":"Like ink","article_publisher":"https:\/\/www.facebook.com\/LikeInkSe","article_modified_time":"2026-03-16T20:40:16+00:00","og_image":[{"width":1199,"height":843,"url":"https:\/\/likeink.com\/wp-content\/uploads\/2024\/05\/Gold-fakeTattoo-YH-102.jpg","type":"image\/jpeg"}],"twitter_card":"summary_large_image","schema":{"@context":"https:\/\/schema.org","@graph":[{"@type":"WebPage","@id":"https:\/\/likeink.com\/no\/faketatureringar\/gull-og-solvtatoveringsarmband-a5\/","url":"https:\/\/likeink.com\/no\/faketatureringar\/gull-og-solvtatoveringsarmband-a5\/","name":"Gull- og s\u00f8lvtatoveringsarmb\u00e5nd - Like ink","isPartOf":{"@id":"https:\/\/likeink.com\/no\/#website"},"primaryImageOfPage":{"@id":"https:\/\/likeink.com\/no\/faketatureringar\/gull-og-solvtatoveringsarmband-a5\/#primaryimage"},"image":{"@id":"https:\/\/likeink.com\/no\/faketatureringar\/gull-og-solvtatoveringsarmband-a5\/#primaryimage"},"thumbnailUrl":"https:\/\/likeink.com\/wp-content\/uploads\/2024\/05\/Gold-fakeTattoo-YH-102.jpg","datePublished":"2025-12-15T09:33:30+00:00","dateModified":"2026-03-16T20:40:16+00:00","description":"Gull- og s\u00f8lvtatoveringer p\u00e5 ark. Bestill metalliske tatoveringer av h\u00f8y kvalitet. Her i form av 20 cm lange armb\u00e5nd med vakre m\u00f8nstre. - Like ink","breadcrumb":{"@id":"https:\/\/likeink.com\/no\/faketatureringar\/gull-og-solvtatoveringsarmband-a5\/#breadcrumb"},"inLanguage":"nb-NO","potentialAction":[{"@type":"ReadAction","target":["https:\/\/likeink.com\/no\/faketatureringar\/gull-og-solvtatoveringsarmband-a5\/"]}]},{"@type":"ImageObject","inLanguage":"nb-NO","@id":"https:\/\/likeink.com\/no\/faketatureringar\/gull-og-solvtatoveringsarmband-a5\/#primaryimage","url":"https:\/\/likeink.com\/wp-content\/uploads\/2024\/05\/Gold-fakeTattoo-YH-102.jpg","contentUrl":"https:\/\/likeink.com\/wp-content\/uploads\/2024\/05\/Gold-fakeTattoo-YH-102.jpg","width":1199,"height":843,"caption":"Gold tattoos, silver tattoos, temporary tattoos in the form of bracelets in various patterns."},{"@type":"BreadcrumbList","@id":"https:\/\/likeink.com\/no\/faketatureringar\/gull-og-solvtatoveringsarmband-a5\/#breadcrumb","itemListElement":[{"@type":"ListItem","position":1,"name":"Hem","item":"https:\/\/likeink.com\/no\/"},{"@type":"ListItem","position":2,"name":"Butikk","item":"https:\/\/likeink.com\/no\/butikk\/"},{"@type":"ListItem","position":3,"name":"Gull- og s\u00f8lvtatoveringsarmb\u00e5nd"}]},{"@type":"WebSite","@id":"https:\/\/likeink.com\/no\/#website","url":"https:\/\/likeink.com\/no\/","name":"Like ink","description":"Make your own custom design","potentialAction":[{"@type":"SearchAction","target":{"@type":"EntryPoint","urlTemplate":"https:\/\/likeink.com\/no\/?s={search_term_string}"},"query-input":{"@type":"PropertyValueSpecification","valueRequired":true,"valueName":"search_term_string"}}],"inLanguage":"nb-NO"}]}},"_links":{"self":[{"href":"https:\/\/likeink.com\/no\/wp-json\/wp\/v2\/product\/54117","targetHints":{"allow":["GET"]}}],"collection":[{"href":"https:\/\/likeink.com\/no\/wp-json\/wp\/v2\/product"}],"about":[{"href":"https:\/\/likeink.com\/no\/wp-json\/wp\/v2\/types\/product"}],"wp:featuredmedia":[{"embeddable":true,"href":"https:\/\/likeink.com\/no\/wp-json\/wp\/v2\/media\/54118"}],"wp:attachment":[{"href":"https:\/\/likeink.com\/no\/wp-json\/wp\/v2\/media?parent=54117"}],"wp:term":[{"taxonomy":"product_brand","embeddable":true,"href":"https:\/\/likeink.com\/no\/wp-json\/wp\/v2\/product_brand?post=54117"},{"taxonomy":"product_cat","embeddable":true,"href":"https:\/\/likeink.com\/no\/wp-json\/wp\/v2\/product_cat?post=54117"},{"taxonomy":"product_tag","embeddable":true,"href":"https:\/\/likeink.com\/no\/wp-json\/wp\/v2\/product_tag?post=54117"}],"curies":[{"name":"wp","href":"https:\/\/api.w.org\/{rel}","templated":true}]}}