{"id":54121,"date":"2024-06-04T15:14:24","date_gmt":"2025-12-15T09:33:33","guid":{"rendered":"https:\/\/likeink.com\/gnuggis\/hvite-falske-tatoveringer-ugle-a5\/"},"modified":"2026-03-16T20:40:31","modified_gmt":"2026-03-16T20:40:31","slug":"hvite-falske-tatoveringer-ugle-a5","status":"publish","type":"product","link":"https:\/\/likeink.com\/no\/faketatureringar\/hvite-falske-tatoveringer-ugle-a5\/","title":{"rendered":"Hvite falske tatoveringer Ugle"},"content":{"rendered":"","protected":false},"excerpt":{"rendered":"<p>Hvite falske tatoveringer: Opplev v\u00e5re hvite falske tatoveringer med en praktfull ugle, fj\u00e6r og vakre m\u00f8nstre. Disse tatoveringene har fine, tynne linjer som skaper et subtilt, men i\u00f8ynefallende utseende, perfekt for alle hudtoner. V\u00e5re tatoveringer er enkle \u00e5 p\u00e5f\u00f8re med vann og enkle \u00e5 vaske av. I tillegg er de trygge og allergivennlige, noe som gj\u00f8r dem egnet for b\u00e5de voksne og barn. Gi stilen din et unikt preg med v\u00e5re hvite falske tatoveringer av h\u00f8y kvalitet!<\/p>\n<h2>Kj\u00f8p hvite falske tatoveringer med detaljerte og unike design og m\u00f8nstre.<\/h2>\n<p><strong>Arkst\u00f8rrelse: A5<br \/>\nAntall tatoveringer: 13<br \/>\nTatoveringsst\u00f8rrelser:<\/strong><br \/>\n30-190 mm<\/p>\n","protected":false},"featured_media":54122,"template":"","meta":[],"product_brand":[],"product_cat":[369,374,365,367],"product_tag":[],"class_list":{"0":"post-54121","1":"product","2":"type-product","3":"status-publish","4":"has-post-thumbnail","6":"product_cat-andre-tatoveringer","7":"product_cat-dyre-og-naturtatoveringer","8":"product_cat-ferdige-ark","9":"product_cat-yoga-tatoveringer","11":"first","12":"instock","13":"taxable","14":"shipping-taxable","15":"purchasable","16":"product-type-simple"},"yoast_head":"<!-- This site is optimized with the Yoast SEO Premium plugin v26.2 (Yoast SEO v27.4) - https:\/\/yoast.com\/product\/yoast-seo-premium-wordpress\/ -->\n<title>Hvite falske tatoveringer Ugle - Like ink<\/title>\n<meta name=\"description\" content=\"Hvite falske tatoveringer med stilige, detaljerte tatoveringsdesign. Hvite tatoveringer skiller seg ut og ser ekte ut. Rask levering! - Like ink\" \/>\n<meta name=\"robots\" content=\"index, follow, max-snippet:-1, max-image-preview:large, max-video-preview:-1\" \/>\n<link rel=\"canonical\" href=\"https:\/\/likeink.com\/no\/faketatureringar\/hvite-falske-tatoveringer-ugle-a5\/\" \/>\n<meta property=\"og:locale\" content=\"nb_NO\" \/>\n<meta property=\"og:type\" content=\"article\" \/>\n<meta property=\"og:title\" content=\"Hvite falske tatoveringer Ugle\" \/>\n<meta property=\"og:description\" content=\"Hvite falske tatoveringer: Opplev v\u00e5re hvite falske tatoveringer med en praktfull ugle, fj\u00e6r og vakre m\u00f8nstre. Disse tatoveringene har fine, tynne linjer som skaper et subtilt, men i\u00f8ynefallende utseende, perfekt for alle hudtoner. V\u00e5re tatoveringer er enkle \u00e5 p\u00e5f\u00f8re med vann og enkle \u00e5 vaske av. I tillegg er de trygge og allergivennlige, noe som gj\u00f8r dem egnet for b\u00e5de voksne og barn. Gi stilen din et unikt preg med v\u00e5re hvite falske tatoveringer av h\u00f8y kvalitet! Kj\u00f8p hvite falske tatoveringer med detaljerte og unike design og m\u00f8nstre. Arkst\u00f8rrelse: A5 Antall tatoveringer: 13 Tatoveringsst\u00f8rrelser: 30-190 mm\" \/>\n<meta property=\"og:url\" content=\"https:\/\/likeink.com\/no\/faketatureringar\/hvite-falske-tatoveringer-ugle-a5\/\" \/>\n<meta property=\"og:site_name\" content=\"Like ink\" \/>\n<meta property=\"article:publisher\" content=\"https:\/\/www.facebook.com\/LikeInkSe\" \/>\n<meta property=\"article:modified_time\" content=\"2026-03-16T20:40:31+00:00\" \/>\n<meta property=\"og:image\" content=\"https:\/\/likeink.com\/wp-content\/uploads\/2024\/05\/Vita-tatueringar-YHB-white-005-e1716899000253.jpg\" \/>\n\t<meta property=\"og:image:width\" content=\"1552\" \/>\n\t<meta property=\"og:image:height\" content=\"1088\" \/>\n\t<meta property=\"og:image:type\" content=\"image\/jpeg\" \/>\n<meta name=\"twitter:card\" content=\"summary_large_image\" \/>\n<script type=\"application\/ld+json\" class=\"yoast-schema-graph\">{\"@context\":\"https:\\\/\\\/schema.org\",\"@graph\":[{\"@type\":\"WebPage\",\"@id\":\"https:\\\/\\\/likeink.com\\\/no\\\/faketatureringar\\\/hvite-falske-tatoveringer-ugle-a5\\\/\",\"url\":\"https:\\\/\\\/likeink.com\\\/no\\\/faketatureringar\\\/hvite-falske-tatoveringer-ugle-a5\\\/\",\"name\":\"Hvite falske tatoveringer Ugle - Like ink\",\"isPartOf\":{\"@id\":\"https:\\\/\\\/likeink.com\\\/no\\\/#website\"},\"primaryImageOfPage\":{\"@id\":\"https:\\\/\\\/likeink.com\\\/no\\\/faketatureringar\\\/hvite-falske-tatoveringer-ugle-a5\\\/#primaryimage\"},\"image\":{\"@id\":\"https:\\\/\\\/likeink.com\\\/no\\\/faketatureringar\\\/hvite-falske-tatoveringer-ugle-a5\\\/#primaryimage\"},\"thumbnailUrl\":\"https:\\\/\\\/likeink.com\\\/wp-content\\\/uploads\\\/2024\\\/05\\\/Vita-tatueringar-YHB-white-005-e1716899000253.jpg\",\"datePublished\":\"2025-12-15T09:33:33+00:00\",\"dateModified\":\"2026-03-16T20:40:31+00:00\",\"description\":\"Hvite falske tatoveringer med stilige, detaljerte tatoveringsdesign. Hvite tatoveringer skiller seg ut og ser ekte ut. Rask levering! - Like ink\",\"breadcrumb\":{\"@id\":\"https:\\\/\\\/likeink.com\\\/no\\\/faketatureringar\\\/hvite-falske-tatoveringer-ugle-a5\\\/#breadcrumb\"},\"inLanguage\":\"nb-NO\",\"potentialAction\":[{\"@type\":\"ReadAction\",\"target\":[\"https:\\\/\\\/likeink.com\\\/no\\\/faketatureringar\\\/hvite-falske-tatoveringer-ugle-a5\\\/\"]}]},{\"@type\":\"ImageObject\",\"inLanguage\":\"nb-NO\",\"@id\":\"https:\\\/\\\/likeink.com\\\/no\\\/faketatureringar\\\/hvite-falske-tatoveringer-ugle-a5\\\/#primaryimage\",\"url\":\"https:\\\/\\\/likeink.com\\\/wp-content\\\/uploads\\\/2024\\\/05\\\/Vita-tatueringar-YHB-white-005-e1716899000253.jpg\",\"contentUrl\":\"https:\\\/\\\/likeink.com\\\/wp-content\\\/uploads\\\/2024\\\/05\\\/Vita-tatueringar-YHB-white-005-e1716899000253.jpg\",\"width\":1552,\"height\":1088,\"caption\":\"White fake tattoos.\"},{\"@type\":\"BreadcrumbList\",\"@id\":\"https:\\\/\\\/likeink.com\\\/no\\\/faketatureringar\\\/hvite-falske-tatoveringer-ugle-a5\\\/#breadcrumb\",\"itemListElement\":[{\"@type\":\"ListItem\",\"position\":1,\"name\":\"Hem\",\"item\":\"https:\\\/\\\/likeink.com\\\/no\\\/\"},{\"@type\":\"ListItem\",\"position\":2,\"name\":\"Butikk\",\"item\":\"https:\\\/\\\/likeink.com\\\/no\\\/butikk\\\/\"},{\"@type\":\"ListItem\",\"position\":3,\"name\":\"Hvite falske tatoveringer Ugle\"}]},{\"@type\":\"WebSite\",\"@id\":\"https:\\\/\\\/likeink.com\\\/no\\\/#website\",\"url\":\"https:\\\/\\\/likeink.com\\\/no\\\/\",\"name\":\"Like ink\",\"description\":\"Make your own custom design\",\"potentialAction\":[{\"@type\":\"SearchAction\",\"target\":{\"@type\":\"EntryPoint\",\"urlTemplate\":\"https:\\\/\\\/likeink.com\\\/no\\\/?s={search_term_string}\"},\"query-input\":{\"@type\":\"PropertyValueSpecification\",\"valueRequired\":true,\"valueName\":\"search_term_string\"}}],\"inLanguage\":\"nb-NO\"}]}<\/script>\n<!-- \/ Yoast SEO Premium plugin. -->","yoast_head_json":{"title":"Hvite falske tatoveringer Ugle - Like ink","description":"Hvite falske tatoveringer med stilige, detaljerte tatoveringsdesign. Hvite tatoveringer skiller seg ut og ser ekte ut. Rask levering! - Like ink","robots":{"index":"index","follow":"follow","max-snippet":"max-snippet:-1","max-image-preview":"max-image-preview:large","max-video-preview":"max-video-preview:-1"},"canonical":"https:\/\/likeink.com\/no\/faketatureringar\/hvite-falske-tatoveringer-ugle-a5\/","og_locale":"nb_NO","og_type":"article","og_title":"Hvite falske tatoveringer Ugle","og_description":"Hvite falske tatoveringer: Opplev v\u00e5re hvite falske tatoveringer med en praktfull ugle, fj\u00e6r og vakre m\u00f8nstre. Disse tatoveringene har fine, tynne linjer som skaper et subtilt, men i\u00f8ynefallende utseende, perfekt for alle hudtoner. V\u00e5re tatoveringer er enkle \u00e5 p\u00e5f\u00f8re med vann og enkle \u00e5 vaske av. I tillegg er de trygge og allergivennlige, noe som gj\u00f8r dem egnet for b\u00e5de voksne og barn. Gi stilen din et unikt preg med v\u00e5re hvite falske tatoveringer av h\u00f8y kvalitet! Kj\u00f8p hvite falske tatoveringer med detaljerte og unike design og m\u00f8nstre. Arkst\u00f8rrelse: A5 Antall tatoveringer: 13 Tatoveringsst\u00f8rrelser: 30-190 mm","og_url":"https:\/\/likeink.com\/no\/faketatureringar\/hvite-falske-tatoveringer-ugle-a5\/","og_site_name":"Like ink","article_publisher":"https:\/\/www.facebook.com\/LikeInkSe","article_modified_time":"2026-03-16T20:40:31+00:00","og_image":[{"width":1552,"height":1088,"url":"https:\/\/likeink.com\/wp-content\/uploads\/2024\/05\/Vita-tatueringar-YHB-white-005-e1716899000253.jpg","type":"image\/jpeg"}],"twitter_card":"summary_large_image","schema":{"@context":"https:\/\/schema.org","@graph":[{"@type":"WebPage","@id":"https:\/\/likeink.com\/no\/faketatureringar\/hvite-falske-tatoveringer-ugle-a5\/","url":"https:\/\/likeink.com\/no\/faketatureringar\/hvite-falske-tatoveringer-ugle-a5\/","name":"Hvite falske tatoveringer Ugle - Like ink","isPartOf":{"@id":"https:\/\/likeink.com\/no\/#website"},"primaryImageOfPage":{"@id":"https:\/\/likeink.com\/no\/faketatureringar\/hvite-falske-tatoveringer-ugle-a5\/#primaryimage"},"image":{"@id":"https:\/\/likeink.com\/no\/faketatureringar\/hvite-falske-tatoveringer-ugle-a5\/#primaryimage"},"thumbnailUrl":"https:\/\/likeink.com\/wp-content\/uploads\/2024\/05\/Vita-tatueringar-YHB-white-005-e1716899000253.jpg","datePublished":"2025-12-15T09:33:33+00:00","dateModified":"2026-03-16T20:40:31+00:00","description":"Hvite falske tatoveringer med stilige, detaljerte tatoveringsdesign. Hvite tatoveringer skiller seg ut og ser ekte ut. Rask levering! - Like ink","breadcrumb":{"@id":"https:\/\/likeink.com\/no\/faketatureringar\/hvite-falske-tatoveringer-ugle-a5\/#breadcrumb"},"inLanguage":"nb-NO","potentialAction":[{"@type":"ReadAction","target":["https:\/\/likeink.com\/no\/faketatureringar\/hvite-falske-tatoveringer-ugle-a5\/"]}]},{"@type":"ImageObject","inLanguage":"nb-NO","@id":"https:\/\/likeink.com\/no\/faketatureringar\/hvite-falske-tatoveringer-ugle-a5\/#primaryimage","url":"https:\/\/likeink.com\/wp-content\/uploads\/2024\/05\/Vita-tatueringar-YHB-white-005-e1716899000253.jpg","contentUrl":"https:\/\/likeink.com\/wp-content\/uploads\/2024\/05\/Vita-tatueringar-YHB-white-005-e1716899000253.jpg","width":1552,"height":1088,"caption":"White fake tattoos."},{"@type":"BreadcrumbList","@id":"https:\/\/likeink.com\/no\/faketatureringar\/hvite-falske-tatoveringer-ugle-a5\/#breadcrumb","itemListElement":[{"@type":"ListItem","position":1,"name":"Hem","item":"https:\/\/likeink.com\/no\/"},{"@type":"ListItem","position":2,"name":"Butikk","item":"https:\/\/likeink.com\/no\/butikk\/"},{"@type":"ListItem","position":3,"name":"Hvite falske tatoveringer Ugle"}]},{"@type":"WebSite","@id":"https:\/\/likeink.com\/no\/#website","url":"https:\/\/likeink.com\/no\/","name":"Like ink","description":"Make your own custom design","potentialAction":[{"@type":"SearchAction","target":{"@type":"EntryPoint","urlTemplate":"https:\/\/likeink.com\/no\/?s={search_term_string}"},"query-input":{"@type":"PropertyValueSpecification","valueRequired":true,"valueName":"search_term_string"}}],"inLanguage":"nb-NO"}]}},"_links":{"self":[{"href":"https:\/\/likeink.com\/no\/wp-json\/wp\/v2\/product\/54121","targetHints":{"allow":["GET"]}}],"collection":[{"href":"https:\/\/likeink.com\/no\/wp-json\/wp\/v2\/product"}],"about":[{"href":"https:\/\/likeink.com\/no\/wp-json\/wp\/v2\/types\/product"}],"wp:featuredmedia":[{"embeddable":true,"href":"https:\/\/likeink.com\/no\/wp-json\/wp\/v2\/media\/54122"}],"wp:attachment":[{"href":"https:\/\/likeink.com\/no\/wp-json\/wp\/v2\/media?parent=54121"}],"wp:term":[{"taxonomy":"product_brand","embeddable":true,"href":"https:\/\/likeink.com\/no\/wp-json\/wp\/v2\/product_brand?post=54121"},{"taxonomy":"product_cat","embeddable":true,"href":"https:\/\/likeink.com\/no\/wp-json\/wp\/v2\/product_cat?post=54121"},{"taxonomy":"product_tag","embeddable":true,"href":"https:\/\/likeink.com\/no\/wp-json\/wp\/v2\/product_tag?post=54121"}],"curies":[{"name":"wp","href":"https:\/\/api.w.org\/{rel}","templated":true}]}}