{"id":54123,"date":"2024-06-03T13:40:10","date_gmt":"2025-12-15T09:33:34","guid":{"rendered":"https:\/\/likeink.com\/gnuggis\/hvite-midlertidige-tatoveringer-dreamcatcher-a5\/"},"modified":"2026-03-16T20:40:31","modified_gmt":"2026-03-16T20:40:31","slug":"hvite-midlertidige-tatoveringer-dreamcatcher-a5","status":"publish","type":"product","link":"https:\/\/likeink.com\/no\/faketatureringar\/hvite-midlertidige-tatoveringer-dreamcatcher-a5\/","title":{"rendered":"Hvite midlertidige tatoveringer Dreamcatcher"},"content":{"rendered":"","protected":false},"excerpt":{"rendered":"<p>Hvite midlertidige tatoveringer \u00abDreamcatcher\u00bb. Hvite tatoveringer skiller seg ut og fanger oppmerksomheten. Virkelig kule, hvis vi selv skal si det. Tatoveringene p\u00e5f\u00f8res med vann og er enkle \u00e5 vaske av. Alle tatoveringer fra Like Ink er allergivennlige og av god kvalitet!<\/p>\n<h2>Kj\u00f8p hvite midlertidige tatoveringer med dreamcatcher-design.<\/h2>\n<p><strong>Arkst\u00f8rrelse<\/strong><br \/>\n: A5<br \/>\n<strong>Antall hvite tatoveringer: 10<br \/>\nTatoveringsst\u00f8rrelse:<\/strong><br \/>\n30\u2013190 mm<\/p>\n","protected":false},"featured_media":54124,"template":"","meta":[],"product_brand":[],"product_cat":[365,373,378,367],"product_tag":[],"class_list":{"0":"post-54123","1":"product","2":"type-product","3":"status-publish","4":"has-post-thumbnail","6":"product_cat-ferdige-ark","7":"product_cat-symbol-tatovering-no","8":"product_cat-tribal-tatoveringer","9":"product_cat-yoga-tatoveringer","11":"first","12":"instock","13":"taxable","14":"shipping-taxable","15":"purchasable","16":"product-type-simple"},"yoast_head":"<!-- This site is optimized with the Yoast SEO Premium plugin v26.2 (Yoast SEO v27.4) - https:\/\/yoast.com\/product\/yoast-seo-premium-wordpress\/ -->\n<title>Hvite midlertidige tatoveringer Dreamcatcher - Like ink<\/title>\n<meta name=\"description\" content=\"Hvite midlertidige tatoveringer med dr\u00f8mmefanger. Hvite tatoveringer skiller seg ut og gir et unikt utseende uavhengig av hudfarge. - Like ink\" \/>\n<meta name=\"robots\" content=\"index, follow, max-snippet:-1, max-image-preview:large, max-video-preview:-1\" \/>\n<link rel=\"canonical\" href=\"https:\/\/likeink.com\/no\/faketatureringar\/hvite-midlertidige-tatoveringer-dreamcatcher-a5\/\" \/>\n<meta property=\"og:locale\" content=\"nb_NO\" \/>\n<meta property=\"og:type\" content=\"article\" \/>\n<meta property=\"og:title\" content=\"Hvite midlertidige tatoveringer Dreamcatcher\" \/>\n<meta property=\"og:description\" content=\"Hvite midlertidige tatoveringer \u00abDreamcatcher\u00bb. Hvite tatoveringer skiller seg ut og fanger oppmerksomheten. Virkelig kule, hvis vi selv skal si det. Tatoveringene p\u00e5f\u00f8res med vann og er enkle \u00e5 vaske av. Alle tatoveringer fra Like Ink er allergivennlige og av god kvalitet! Kj\u00f8p hvite midlertidige tatoveringer med dreamcatcher-design. Arkst\u00f8rrelse : A5 Antall hvite tatoveringer: 10 Tatoveringsst\u00f8rrelse: 30\u2013190 mm\" \/>\n<meta property=\"og:url\" content=\"https:\/\/likeink.com\/no\/faketatureringar\/hvite-midlertidige-tatoveringer-dreamcatcher-a5\/\" \/>\n<meta property=\"og:site_name\" content=\"Like ink\" \/>\n<meta property=\"article:publisher\" content=\"https:\/\/www.facebook.com\/LikeInkSe\" \/>\n<meta property=\"article:modified_time\" content=\"2026-03-16T20:40:31+00:00\" \/>\n<meta property=\"og:image\" content=\"https:\/\/likeink.com\/wp-content\/uploads\/2024\/05\/Tattoo-white-YHB-white-003.jpg\" \/>\n\t<meta property=\"og:image:width\" content=\"1556\" \/>\n\t<meta property=\"og:image:height\" content=\"1090\" \/>\n\t<meta property=\"og:image:type\" content=\"image\/jpeg\" \/>\n<meta name=\"twitter:card\" content=\"summary_large_image\" \/>\n<script type=\"application\/ld+json\" class=\"yoast-schema-graph\">{\"@context\":\"https:\\\/\\\/schema.org\",\"@graph\":[{\"@type\":\"WebPage\",\"@id\":\"https:\\\/\\\/likeink.com\\\/no\\\/faketatureringar\\\/hvite-midlertidige-tatoveringer-dreamcatcher-a5\\\/\",\"url\":\"https:\\\/\\\/likeink.com\\\/no\\\/faketatureringar\\\/hvite-midlertidige-tatoveringer-dreamcatcher-a5\\\/\",\"name\":\"Hvite midlertidige tatoveringer Dreamcatcher - Like ink\",\"isPartOf\":{\"@id\":\"https:\\\/\\\/likeink.com\\\/no\\\/#website\"},\"primaryImageOfPage\":{\"@id\":\"https:\\\/\\\/likeink.com\\\/no\\\/faketatureringar\\\/hvite-midlertidige-tatoveringer-dreamcatcher-a5\\\/#primaryimage\"},\"image\":{\"@id\":\"https:\\\/\\\/likeink.com\\\/no\\\/faketatureringar\\\/hvite-midlertidige-tatoveringer-dreamcatcher-a5\\\/#primaryimage\"},\"thumbnailUrl\":\"https:\\\/\\\/likeink.com\\\/wp-content\\\/uploads\\\/2024\\\/05\\\/Tattoo-white-YHB-white-003.jpg\",\"datePublished\":\"2025-12-15T09:33:34+00:00\",\"dateModified\":\"2026-03-16T20:40:31+00:00\",\"description\":\"Hvite midlertidige tatoveringer med dr\u00f8mmefanger. Hvite tatoveringer skiller seg ut og gir et unikt utseende uavhengig av hudfarge. - Like ink\",\"breadcrumb\":{\"@id\":\"https:\\\/\\\/likeink.com\\\/no\\\/faketatureringar\\\/hvite-midlertidige-tatoveringer-dreamcatcher-a5\\\/#breadcrumb\"},\"inLanguage\":\"nb-NO\",\"potentialAction\":[{\"@type\":\"ReadAction\",\"target\":[\"https:\\\/\\\/likeink.com\\\/no\\\/faketatureringar\\\/hvite-midlertidige-tatoveringer-dreamcatcher-a5\\\/\"]}]},{\"@type\":\"ImageObject\",\"inLanguage\":\"nb-NO\",\"@id\":\"https:\\\/\\\/likeink.com\\\/no\\\/faketatureringar\\\/hvite-midlertidige-tatoveringer-dreamcatcher-a5\\\/#primaryimage\",\"url\":\"https:\\\/\\\/likeink.com\\\/wp-content\\\/uploads\\\/2024\\\/05\\\/Tattoo-white-YHB-white-003.jpg\",\"contentUrl\":\"https:\\\/\\\/likeink.com\\\/wp-content\\\/uploads\\\/2024\\\/05\\\/Tattoo-white-YHB-white-003.jpg\",\"width\":1556,\"height\":1090,\"caption\":\"White temporary tattoos.\"},{\"@type\":\"BreadcrumbList\",\"@id\":\"https:\\\/\\\/likeink.com\\\/no\\\/faketatureringar\\\/hvite-midlertidige-tatoveringer-dreamcatcher-a5\\\/#breadcrumb\",\"itemListElement\":[{\"@type\":\"ListItem\",\"position\":1,\"name\":\"Hem\",\"item\":\"https:\\\/\\\/likeink.com\\\/no\\\/\"},{\"@type\":\"ListItem\",\"position\":2,\"name\":\"Butikk\",\"item\":\"https:\\\/\\\/likeink.com\\\/no\\\/butikk\\\/\"},{\"@type\":\"ListItem\",\"position\":3,\"name\":\"Hvite midlertidige tatoveringer Dreamcatcher\"}]},{\"@type\":\"WebSite\",\"@id\":\"https:\\\/\\\/likeink.com\\\/no\\\/#website\",\"url\":\"https:\\\/\\\/likeink.com\\\/no\\\/\",\"name\":\"Like ink\",\"description\":\"Make your own custom design\",\"potentialAction\":[{\"@type\":\"SearchAction\",\"target\":{\"@type\":\"EntryPoint\",\"urlTemplate\":\"https:\\\/\\\/likeink.com\\\/no\\\/?s={search_term_string}\"},\"query-input\":{\"@type\":\"PropertyValueSpecification\",\"valueRequired\":true,\"valueName\":\"search_term_string\"}}],\"inLanguage\":\"nb-NO\"}]}<\/script>\n<!-- \/ Yoast SEO Premium plugin. -->","yoast_head_json":{"title":"Hvite midlertidige tatoveringer Dreamcatcher - Like ink","description":"Hvite midlertidige tatoveringer med dr\u00f8mmefanger. Hvite tatoveringer skiller seg ut og gir et unikt utseende uavhengig av hudfarge. - Like ink","robots":{"index":"index","follow":"follow","max-snippet":"max-snippet:-1","max-image-preview":"max-image-preview:large","max-video-preview":"max-video-preview:-1"},"canonical":"https:\/\/likeink.com\/no\/faketatureringar\/hvite-midlertidige-tatoveringer-dreamcatcher-a5\/","og_locale":"nb_NO","og_type":"article","og_title":"Hvite midlertidige tatoveringer Dreamcatcher","og_description":"Hvite midlertidige tatoveringer \u00abDreamcatcher\u00bb. Hvite tatoveringer skiller seg ut og fanger oppmerksomheten. Virkelig kule, hvis vi selv skal si det. Tatoveringene p\u00e5f\u00f8res med vann og er enkle \u00e5 vaske av. Alle tatoveringer fra Like Ink er allergivennlige og av god kvalitet! Kj\u00f8p hvite midlertidige tatoveringer med dreamcatcher-design. Arkst\u00f8rrelse : A5 Antall hvite tatoveringer: 10 Tatoveringsst\u00f8rrelse: 30\u2013190 mm","og_url":"https:\/\/likeink.com\/no\/faketatureringar\/hvite-midlertidige-tatoveringer-dreamcatcher-a5\/","og_site_name":"Like ink","article_publisher":"https:\/\/www.facebook.com\/LikeInkSe","article_modified_time":"2026-03-16T20:40:31+00:00","og_image":[{"width":1556,"height":1090,"url":"https:\/\/likeink.com\/wp-content\/uploads\/2024\/05\/Tattoo-white-YHB-white-003.jpg","type":"image\/jpeg"}],"twitter_card":"summary_large_image","schema":{"@context":"https:\/\/schema.org","@graph":[{"@type":"WebPage","@id":"https:\/\/likeink.com\/no\/faketatureringar\/hvite-midlertidige-tatoveringer-dreamcatcher-a5\/","url":"https:\/\/likeink.com\/no\/faketatureringar\/hvite-midlertidige-tatoveringer-dreamcatcher-a5\/","name":"Hvite midlertidige tatoveringer Dreamcatcher - Like ink","isPartOf":{"@id":"https:\/\/likeink.com\/no\/#website"},"primaryImageOfPage":{"@id":"https:\/\/likeink.com\/no\/faketatureringar\/hvite-midlertidige-tatoveringer-dreamcatcher-a5\/#primaryimage"},"image":{"@id":"https:\/\/likeink.com\/no\/faketatureringar\/hvite-midlertidige-tatoveringer-dreamcatcher-a5\/#primaryimage"},"thumbnailUrl":"https:\/\/likeink.com\/wp-content\/uploads\/2024\/05\/Tattoo-white-YHB-white-003.jpg","datePublished":"2025-12-15T09:33:34+00:00","dateModified":"2026-03-16T20:40:31+00:00","description":"Hvite midlertidige tatoveringer med dr\u00f8mmefanger. Hvite tatoveringer skiller seg ut og gir et unikt utseende uavhengig av hudfarge. - Like ink","breadcrumb":{"@id":"https:\/\/likeink.com\/no\/faketatureringar\/hvite-midlertidige-tatoveringer-dreamcatcher-a5\/#breadcrumb"},"inLanguage":"nb-NO","potentialAction":[{"@type":"ReadAction","target":["https:\/\/likeink.com\/no\/faketatureringar\/hvite-midlertidige-tatoveringer-dreamcatcher-a5\/"]}]},{"@type":"ImageObject","inLanguage":"nb-NO","@id":"https:\/\/likeink.com\/no\/faketatureringar\/hvite-midlertidige-tatoveringer-dreamcatcher-a5\/#primaryimage","url":"https:\/\/likeink.com\/wp-content\/uploads\/2024\/05\/Tattoo-white-YHB-white-003.jpg","contentUrl":"https:\/\/likeink.com\/wp-content\/uploads\/2024\/05\/Tattoo-white-YHB-white-003.jpg","width":1556,"height":1090,"caption":"White temporary tattoos."},{"@type":"BreadcrumbList","@id":"https:\/\/likeink.com\/no\/faketatureringar\/hvite-midlertidige-tatoveringer-dreamcatcher-a5\/#breadcrumb","itemListElement":[{"@type":"ListItem","position":1,"name":"Hem","item":"https:\/\/likeink.com\/no\/"},{"@type":"ListItem","position":2,"name":"Butikk","item":"https:\/\/likeink.com\/no\/butikk\/"},{"@type":"ListItem","position":3,"name":"Hvite midlertidige tatoveringer Dreamcatcher"}]},{"@type":"WebSite","@id":"https:\/\/likeink.com\/no\/#website","url":"https:\/\/likeink.com\/no\/","name":"Like ink","description":"Make your own custom design","potentialAction":[{"@type":"SearchAction","target":{"@type":"EntryPoint","urlTemplate":"https:\/\/likeink.com\/no\/?s={search_term_string}"},"query-input":{"@type":"PropertyValueSpecification","valueRequired":true,"valueName":"search_term_string"}}],"inLanguage":"nb-NO"}]}},"_links":{"self":[{"href":"https:\/\/likeink.com\/no\/wp-json\/wp\/v2\/product\/54123","targetHints":{"allow":["GET"]}}],"collection":[{"href":"https:\/\/likeink.com\/no\/wp-json\/wp\/v2\/product"}],"about":[{"href":"https:\/\/likeink.com\/no\/wp-json\/wp\/v2\/types\/product"}],"wp:featuredmedia":[{"embeddable":true,"href":"https:\/\/likeink.com\/no\/wp-json\/wp\/v2\/media\/54124"}],"wp:attachment":[{"href":"https:\/\/likeink.com\/no\/wp-json\/wp\/v2\/media?parent=54123"}],"wp:term":[{"taxonomy":"product_brand","embeddable":true,"href":"https:\/\/likeink.com\/no\/wp-json\/wp\/v2\/product_brand?post=54123"},{"taxonomy":"product_cat","embeddable":true,"href":"https:\/\/likeink.com\/no\/wp-json\/wp\/v2\/product_cat?post=54123"},{"taxonomy":"product_tag","embeddable":true,"href":"https:\/\/likeink.com\/no\/wp-json\/wp\/v2\/product_tag?post=54123"}],"curies":[{"name":"wp","href":"https:\/\/api.w.org\/{rel}","templated":true}]}}