{"id":54127,"date":"2024-06-02T09:55:12","date_gmt":"2024-06-02T09:55:12","guid":{"rendered":"https:\/\/likeink.com\/gnuggis\/glittertatoveringer-party-time-a6\/"},"modified":"2026-03-16T20:40:42","modified_gmt":"2026-03-16T20:40:42","slug":"glittertatoveringer-party-time-a6","status":"publish","type":"product","link":"https:\/\/likeink.com\/no\/faketatureringar\/glittertatoveringer-party-time-a6\/","title":{"rendered":"Glittertatoveringer \u00abParty Time\u00bb"},"content":{"rendered":"","protected":false},"excerpt":{"rendered":"<p>Glittertatoveringer \u00abParty Time\u00bb A6:<br \/>\nGj\u00f8r hver fest til en magisk opplevelse med Like Inks glitrende ponnitatoveringer! Disse midlertidige tatoveringene er sk\u00e5nsomme mot huden og enkle \u00e5 p\u00e5f\u00f8re, noe som gj\u00f8r dem perfekte for barn. Hver tatovering har s\u00f8te ponnier dekorert med glitrende glitter, som garantert vil lyse opp festen og skape mye latter og smil.<\/p>\n<h2>Kj\u00f8p midlertidige glittertatoveringer til fester.<\/h2>\n<p>Disse glittertatoveringene er perfekte for barnebursdager eller som en morsom aktivitet, og er garantert en suksess blant de sm\u00e5.<\/p>\n<p><strong>Arkst\u00f8rrelse: A6<br \/>\nAntall glittertatoveringer: 11<br \/>\nTatoveringsst\u00f8rrelser:<\/strong><\/p>\n<p>20\u201345 mm<\/p>\n","protected":false},"featured_media":54128,"template":"","meta":[],"product_brand":[],"product_cat":[532,365],"product_tag":[],"class_list":{"0":"post-54127","1":"product","2":"type-product","3":"status-publish","4":"has-post-thumbnail","6":"product_cat-barnefest","7":"product_cat-ferdige-ark","9":"first","10":"instock","11":"taxable","12":"shipping-taxable","13":"purchasable","14":"product-type-simple"},"yoast_head":"<!-- This site is optimized with the Yoast SEO Premium plugin v27.5 (Yoast SEO v27.6) - https:\/\/yoast.com\/product\/yoast-seo-premium-wordpress\/ -->\n<title>Glittertatoveringer \u00abParty Time\u00bb - Like ink<\/title>\n<meta name=\"description\" content=\"Glittertatoveringer til fester og feiringer Glitrende midlertidige tatoveringer i st\u00f8rrelser fra 20 til 45 mm. Rask levering og h\u00f8y kvalitet. - Like ink\" \/>\n<meta name=\"robots\" content=\"index, follow, max-snippet:-1, max-image-preview:large, max-video-preview:-1\" \/>\n<link rel=\"canonical\" href=\"https:\/\/likeink.com\/no\/faketatureringar\/glittertatoveringer-party-time-a6\/\" \/>\n<meta property=\"og:locale\" content=\"nb_NO\" \/>\n<meta property=\"og:type\" content=\"article\" \/>\n<meta property=\"og:title\" content=\"Glittertatoveringer \u00abParty Time\u00bb\" \/>\n<meta property=\"og:description\" content=\"Glittertatoveringer \u00abParty Time\u00bb A6: Gj\u00f8r hver fest til en magisk opplevelse med Like Inks glitrende ponnitatoveringer! Disse midlertidige tatoveringene er sk\u00e5nsomme mot huden og enkle \u00e5 p\u00e5f\u00f8re, noe som gj\u00f8r dem perfekte for barn. Hver tatovering har s\u00f8te ponnier dekorert med glitrende glitter, som garantert vil lyse opp festen og skape mye latter og smil. Kj\u00f8p midlertidige glittertatoveringer til fester.Disse glittertatoveringene er perfekte for barnebursdager eller som en morsom aktivitet, og er garantert en suksess blant de sm\u00e5. Arkst\u00f8rrelse: A6 Antall glittertatoveringer: 11 Tatoveringsst\u00f8rrelser: 20\u201345 mm\" \/>\n<meta property=\"og:url\" content=\"https:\/\/likeink.com\/no\/faketatureringar\/glittertatoveringer-party-time-a6\/\" \/>\n<meta property=\"og:site_name\" content=\"Like ink\" \/>\n<meta property=\"article:publisher\" content=\"https:\/\/www.facebook.com\/LikeInkSe\" \/>\n<meta property=\"article:modified_time\" content=\"2026-03-16T20:40:42+00:00\" \/>\n<meta property=\"og:image\" content=\"https:\/\/likeink.com\/wp-content\/uploads\/2024\/05\/GlitterTattooHS-005.png\" \/>\n\t<meta property=\"og:image:width\" content=\"1475\" \/>\n\t<meta property=\"og:image:height\" content=\"1057\" \/>\n\t<meta property=\"og:image:type\" content=\"image\/png\" \/>\n<meta name=\"twitter:card\" content=\"summary_large_image\" \/>\n<!-- \/ Yoast SEO Premium plugin. -->","yoast_head_json":{"title":"Glittertatoveringer \u00abParty Time\u00bb - Like ink","description":"Glittertatoveringer til fester og feiringer Glitrende midlertidige tatoveringer i st\u00f8rrelser fra 20 til 45 mm. Rask levering og h\u00f8y kvalitet. - Like ink","robots":{"index":"index","follow":"follow","max-snippet":"max-snippet:-1","max-image-preview":"max-image-preview:large","max-video-preview":"max-video-preview:-1"},"canonical":"https:\/\/likeink.com\/no\/faketatureringar\/glittertatoveringer-party-time-a6\/","og_locale":"nb_NO","og_type":"article","og_title":"Glittertatoveringer \u00abParty Time\u00bb","og_description":"Glittertatoveringer \u00abParty Time\u00bb A6: Gj\u00f8r hver fest til en magisk opplevelse med Like Inks glitrende ponnitatoveringer! Disse midlertidige tatoveringene er sk\u00e5nsomme mot huden og enkle \u00e5 p\u00e5f\u00f8re, noe som gj\u00f8r dem perfekte for barn. Hver tatovering har s\u00f8te ponnier dekorert med glitrende glitter, som garantert vil lyse opp festen og skape mye latter og smil. Kj\u00f8p midlertidige glittertatoveringer til fester.Disse glittertatoveringene er perfekte for barnebursdager eller som en morsom aktivitet, og er garantert en suksess blant de sm\u00e5. Arkst\u00f8rrelse: A6 Antall glittertatoveringer: 11 Tatoveringsst\u00f8rrelser: 20\u201345 mm","og_url":"https:\/\/likeink.com\/no\/faketatureringar\/glittertatoveringer-party-time-a6\/","og_site_name":"Like ink","article_publisher":"https:\/\/www.facebook.com\/LikeInkSe","article_modified_time":"2026-03-16T20:40:42+00:00","og_image":[{"width":1475,"height":1057,"url":"https:\/\/likeink.com\/wp-content\/uploads\/2024\/05\/GlitterTattooHS-005.png","type":"image\/png"}],"twitter_card":"summary_large_image","schema":{"@context":"https:\/\/schema.org","@graph":[{"@type":"WebPage","@id":"https:\/\/likeink.com\/no\/faketatureringar\/glittertatoveringer-party-time-a6\/","url":"https:\/\/likeink.com\/no\/faketatureringar\/glittertatoveringer-party-time-a6\/","name":"Glittertatoveringer \u00abParty Time\u00bb - Like ink","isPartOf":{"@id":"https:\/\/likeink.com\/no\/#website"},"primaryImageOfPage":{"@id":"https:\/\/likeink.com\/no\/faketatureringar\/glittertatoveringer-party-time-a6\/#primaryimage"},"image":{"@id":"https:\/\/likeink.com\/no\/faketatureringar\/glittertatoveringer-party-time-a6\/#primaryimage"},"thumbnailUrl":"https:\/\/likeink.com\/wp-content\/uploads\/2024\/05\/GlitterTattooHS-005.png","datePublished":"2024-06-02T09:55:12+00:00","dateModified":"2026-03-16T20:40:42+00:00","description":"Glittertatoveringer til fester og feiringer Glitrende midlertidige tatoveringer i st\u00f8rrelser fra 20 til 45 mm. Rask levering og h\u00f8y kvalitet. - Like ink","breadcrumb":{"@id":"https:\/\/likeink.com\/no\/faketatureringar\/glittertatoveringer-party-time-a6\/#breadcrumb"},"inLanguage":"nb-NO","potentialAction":[{"@type":"ReadAction","target":["https:\/\/likeink.com\/no\/faketatureringar\/glittertatoveringer-party-time-a6\/"]}]},{"@type":"ImageObject","inLanguage":"nb-NO","@id":"https:\/\/likeink.com\/no\/faketatureringar\/glittertatoveringer-party-time-a6\/#primaryimage","url":"https:\/\/likeink.com\/wp-content\/uploads\/2024\/05\/GlitterTattooHS-005.png","contentUrl":"https:\/\/likeink.com\/wp-content\/uploads\/2024\/05\/GlitterTattooHS-005.png","width":1475,"height":1057,"caption":"Glitter Tattoos. Glitter tattoos for kids."},{"@type":"BreadcrumbList","@id":"https:\/\/likeink.com\/no\/faketatureringar\/glittertatoveringer-party-time-a6\/#breadcrumb","itemListElement":[{"@type":"ListItem","position":1,"name":"Hem","item":"https:\/\/likeink.com\/no\/"},{"@type":"ListItem","position":2,"name":"Butikk","item":"https:\/\/likeink.com\/no\/butikk\/"},{"@type":"ListItem","position":3,"name":"Glittertatoveringer \u00abParty Time\u00bb"}]},{"@type":"WebSite","@id":"https:\/\/likeink.com\/no\/#website","url":"https:\/\/likeink.com\/no\/","name":"Like ink","description":"Make your own custom design","potentialAction":[{"@type":"SearchAction","target":{"@type":"EntryPoint","urlTemplate":"https:\/\/likeink.com\/no\/?s={search_term_string}"},"query-input":{"@type":"PropertyValueSpecification","valueRequired":true,"valueName":"search_term_string"}}],"inLanguage":"nb-NO"}]}},"_links":{"self":[{"href":"https:\/\/likeink.com\/no\/wp-json\/wp\/v2\/product\/54127","targetHints":{"allow":["GET"]}}],"collection":[{"href":"https:\/\/likeink.com\/no\/wp-json\/wp\/v2\/product"}],"about":[{"href":"https:\/\/likeink.com\/no\/wp-json\/wp\/v2\/types\/product"}],"wp:featuredmedia":[{"embeddable":true,"href":"https:\/\/likeink.com\/no\/wp-json\/wp\/v2\/media\/54128"}],"wp:attachment":[{"href":"https:\/\/likeink.com\/no\/wp-json\/wp\/v2\/media?parent=54127"}],"wp:term":[{"taxonomy":"product_brand","embeddable":true,"href":"https:\/\/likeink.com\/no\/wp-json\/wp\/v2\/product_brand?post=54127"},{"taxonomy":"product_cat","embeddable":true,"href":"https:\/\/likeink.com\/no\/wp-json\/wp\/v2\/product_cat?post=54127"},{"taxonomy":"product_tag","embeddable":true,"href":"https:\/\/likeink.com\/no\/wp-json\/wp\/v2\/product_tag?post=54127"}],"curies":[{"name":"wp","href":"https:\/\/api.w.org\/{rel}","templated":true}]}}