{"id":54133,"date":"2024-05-05T08:16:52","date_gmt":"2025-12-15T09:33:41","guid":{"rendered":"https:\/\/likeink.com\/gnuggis\/spania-flagg-tatoveringer-a5\/"},"modified":"2026-03-16T20:40:42","modified_gmt":"2026-03-16T20:40:42","slug":"spania-flagg-tatoveringer-a5","status":"publish","type":"product","link":"https:\/\/likeink.com\/no\/faketatureringar\/spania-flagg-tatoveringer-a5\/","title":{"rendered":"Spania flagg tatoveringer"},"content":{"rendered":"","protected":false},"excerpt":{"rendered":"<p>Spania-flagg-tatoveringer p\u00e5 ark i forskjellige st\u00f8rrelser.<\/p>\n<h2>Kj\u00f8p spanske flagg som midlertidige tatoveringer<\/h2>\n<p>En tatovering med Spanias flagg passer perfekt under studentarrangementer, landslagskamper, under OL, VM og EM, nasjonaldagen og andre anledninger n\u00e5r du \u00f8nsker \u00e5 pynte kroppen og ansiktet ditt med en flaggtatovering.<\/p>\n<p>Selve designet er utviklet av oss hos Like Ink, i autentisk tatoveringsstil med klare, skarpe farger.<\/p>\n<p>Like Inks tatoveringer er egnet for b\u00e5de voksne og barn. V\u00e5re midlertidige tatoveringer er enkle \u00e5 p\u00e5f\u00f8re, vaske av og sk\u00e5nsomme mot huden. Vi trykker i v\u00e5r egen trykkeri i Sverige og sender bestillingen din innen en dag.<\/p>\n<p><strong>Arkst\u00f8rrelse: A5<br \/>\nAntall tatoveringer med Spanias flagg: 15<br \/>\nTatoveringsst\u00f8rrelser:<\/strong><br \/>\n60, 45, 35 og 30 mm<\/p>\n","protected":false},"featured_media":54134,"template":"","meta":[],"product_brand":[],"product_cat":[365,366],"product_tag":[],"class_list":{"0":"post-54133","1":"product","2":"type-product","3":"status-publish","4":"has-post-thumbnail","6":"product_cat-ferdige-ark","7":"product_cat-ferietatoveringer","9":"first","10":"instock","11":"taxable","12":"shipping-taxable","13":"purchasable","14":"product-type-simple"},"yoast_head":"<!-- This site is optimized with the Yoast SEO Premium plugin v26.2 (Yoast SEO v27.4) - https:\/\/yoast.com\/product\/yoast-seo-premium-wordpress\/ -->\n<title>Spania flagg tatoveringer - Like ink<\/title>\n<meta name=\"description\" content=\"Spania-flagg-tatoveringer er perfekte for landslagskamper, studentfester, Spanias nasjonaldag og n\u00e5r du vil vise Spanias flagg.\" \/>\n<meta name=\"robots\" content=\"index, follow, max-snippet:-1, max-image-preview:large, max-video-preview:-1\" \/>\n<link rel=\"canonical\" href=\"https:\/\/likeink.com\/no\/faketatureringar\/spania-flagg-tatoveringer-a5\/\" \/>\n<meta property=\"og:locale\" content=\"nb_NO\" \/>\n<meta property=\"og:type\" content=\"article\" \/>\n<meta property=\"og:title\" content=\"Spania flagg tatoveringer\" \/>\n<meta property=\"og:description\" content=\"Spania-flagg-tatoveringer p\u00e5 ark i forskjellige st\u00f8rrelser. Kj\u00f8p spanske flagg som midlertidige tatoveringerEn tatovering med Spanias flagg passer perfekt under studentarrangementer, landslagskamper, under OL, VM og EM, nasjonaldagen og andre anledninger n\u00e5r du \u00f8nsker \u00e5 pynte kroppen og ansiktet ditt med en flaggtatovering. Selve designet er utviklet av oss hos Like Ink, i autentisk tatoveringsstil med klare, skarpe farger. Like Inks tatoveringer er egnet for b\u00e5de voksne og barn. V\u00e5re midlertidige tatoveringer er enkle \u00e5 p\u00e5f\u00f8re, vaske av og sk\u00e5nsomme mot huden. Vi trykker i v\u00e5r egen trykkeri i Sverige og sender bestillingen din innen en dag. Arkst\u00f8rrelse: A5 Antall tatoveringer med Spanias flagg: 15 Tatoveringsst\u00f8rrelser: 60, 45, 35 og 30 mm\" \/>\n<meta property=\"og:url\" content=\"https:\/\/likeink.com\/no\/faketatureringar\/spania-flagg-tatoveringer-a5\/\" \/>\n<meta property=\"og:site_name\" content=\"Like ink\" \/>\n<meta property=\"article:publisher\" content=\"https:\/\/www.facebook.com\/LikeInkSe\" \/>\n<meta property=\"article:modified_time\" content=\"2026-03-16T20:40:42+00:00\" \/>\n<meta property=\"og:image\" content=\"https:\/\/likeink.com\/wp-content\/uploads\/2024\/05\/Spain-flag-tattoo-likeink.jpg\" \/>\n\t<meta property=\"og:image:width\" content=\"1600\" \/>\n\t<meta property=\"og:image:height\" content=\"1127\" \/>\n\t<meta property=\"og:image:type\" content=\"image\/jpeg\" \/>\n<meta name=\"twitter:card\" content=\"summary_large_image\" \/>\n<script type=\"application\/ld+json\" class=\"yoast-schema-graph\">{\"@context\":\"https:\\\/\\\/schema.org\",\"@graph\":[{\"@type\":\"WebPage\",\"@id\":\"https:\\\/\\\/likeink.com\\\/no\\\/faketatureringar\\\/spania-flagg-tatoveringer-a5\\\/\",\"url\":\"https:\\\/\\\/likeink.com\\\/no\\\/faketatureringar\\\/spania-flagg-tatoveringer-a5\\\/\",\"name\":\"Spania flagg tatoveringer - Like ink\",\"isPartOf\":{\"@id\":\"https:\\\/\\\/likeink.com\\\/no\\\/#website\"},\"primaryImageOfPage\":{\"@id\":\"https:\\\/\\\/likeink.com\\\/no\\\/faketatureringar\\\/spania-flagg-tatoveringer-a5\\\/#primaryimage\"},\"image\":{\"@id\":\"https:\\\/\\\/likeink.com\\\/no\\\/faketatureringar\\\/spania-flagg-tatoveringer-a5\\\/#primaryimage\"},\"thumbnailUrl\":\"https:\\\/\\\/likeink.com\\\/wp-content\\\/uploads\\\/2024\\\/05\\\/Spain-flag-tattoo-likeink.jpg\",\"datePublished\":\"2025-12-15T09:33:41+00:00\",\"dateModified\":\"2026-03-16T20:40:42+00:00\",\"description\":\"Spania-flagg-tatoveringer er perfekte for landslagskamper, studentfester, Spanias nasjonaldag og n\u00e5r du vil vise Spanias flagg.\",\"breadcrumb\":{\"@id\":\"https:\\\/\\\/likeink.com\\\/no\\\/faketatureringar\\\/spania-flagg-tatoveringer-a5\\\/#breadcrumb\"},\"inLanguage\":\"nb-NO\",\"potentialAction\":[{\"@type\":\"ReadAction\",\"target\":[\"https:\\\/\\\/likeink.com\\\/no\\\/faketatureringar\\\/spania-flagg-tatoveringer-a5\\\/\"]}]},{\"@type\":\"ImageObject\",\"inLanguage\":\"nb-NO\",\"@id\":\"https:\\\/\\\/likeink.com\\\/no\\\/faketatureringar\\\/spania-flagg-tatoveringer-a5\\\/#primaryimage\",\"url\":\"https:\\\/\\\/likeink.com\\\/wp-content\\\/uploads\\\/2024\\\/05\\\/Spain-flag-tattoo-likeink.jpg\",\"contentUrl\":\"https:\\\/\\\/likeink.com\\\/wp-content\\\/uploads\\\/2024\\\/05\\\/Spain-flag-tattoo-likeink.jpg\",\"width\":1600,\"height\":1127,\"caption\":\"Temporary tattoos with the Spanish flag.\"},{\"@type\":\"BreadcrumbList\",\"@id\":\"https:\\\/\\\/likeink.com\\\/no\\\/faketatureringar\\\/spania-flagg-tatoveringer-a5\\\/#breadcrumb\",\"itemListElement\":[{\"@type\":\"ListItem\",\"position\":1,\"name\":\"Hem\",\"item\":\"https:\\\/\\\/likeink.com\\\/no\\\/\"},{\"@type\":\"ListItem\",\"position\":2,\"name\":\"Butikk\",\"item\":\"https:\\\/\\\/likeink.com\\\/no\\\/butikk\\\/\"},{\"@type\":\"ListItem\",\"position\":3,\"name\":\"Spania flagg tatoveringer\"}]},{\"@type\":\"WebSite\",\"@id\":\"https:\\\/\\\/likeink.com\\\/no\\\/#website\",\"url\":\"https:\\\/\\\/likeink.com\\\/no\\\/\",\"name\":\"Like ink\",\"description\":\"Make your own custom design\",\"potentialAction\":[{\"@type\":\"SearchAction\",\"target\":{\"@type\":\"EntryPoint\",\"urlTemplate\":\"https:\\\/\\\/likeink.com\\\/no\\\/?s={search_term_string}\"},\"query-input\":{\"@type\":\"PropertyValueSpecification\",\"valueRequired\":true,\"valueName\":\"search_term_string\"}}],\"inLanguage\":\"nb-NO\"}]}<\/script>\n<!-- \/ Yoast SEO Premium plugin. -->","yoast_head_json":{"title":"Spania flagg tatoveringer - Like ink","description":"Spania-flagg-tatoveringer er perfekte for landslagskamper, studentfester, Spanias nasjonaldag og n\u00e5r du vil vise Spanias flagg.","robots":{"index":"index","follow":"follow","max-snippet":"max-snippet:-1","max-image-preview":"max-image-preview:large","max-video-preview":"max-video-preview:-1"},"canonical":"https:\/\/likeink.com\/no\/faketatureringar\/spania-flagg-tatoveringer-a5\/","og_locale":"nb_NO","og_type":"article","og_title":"Spania flagg tatoveringer","og_description":"Spania-flagg-tatoveringer p\u00e5 ark i forskjellige st\u00f8rrelser. Kj\u00f8p spanske flagg som midlertidige tatoveringerEn tatovering med Spanias flagg passer perfekt under studentarrangementer, landslagskamper, under OL, VM og EM, nasjonaldagen og andre anledninger n\u00e5r du \u00f8nsker \u00e5 pynte kroppen og ansiktet ditt med en flaggtatovering. Selve designet er utviklet av oss hos Like Ink, i autentisk tatoveringsstil med klare, skarpe farger. Like Inks tatoveringer er egnet for b\u00e5de voksne og barn. V\u00e5re midlertidige tatoveringer er enkle \u00e5 p\u00e5f\u00f8re, vaske av og sk\u00e5nsomme mot huden. Vi trykker i v\u00e5r egen trykkeri i Sverige og sender bestillingen din innen en dag. Arkst\u00f8rrelse: A5 Antall tatoveringer med Spanias flagg: 15 Tatoveringsst\u00f8rrelser: 60, 45, 35 og 30 mm","og_url":"https:\/\/likeink.com\/no\/faketatureringar\/spania-flagg-tatoveringer-a5\/","og_site_name":"Like ink","article_publisher":"https:\/\/www.facebook.com\/LikeInkSe","article_modified_time":"2026-03-16T20:40:42+00:00","og_image":[{"width":1600,"height":1127,"url":"https:\/\/likeink.com\/wp-content\/uploads\/2024\/05\/Spain-flag-tattoo-likeink.jpg","type":"image\/jpeg"}],"twitter_card":"summary_large_image","schema":{"@context":"https:\/\/schema.org","@graph":[{"@type":"WebPage","@id":"https:\/\/likeink.com\/no\/faketatureringar\/spania-flagg-tatoveringer-a5\/","url":"https:\/\/likeink.com\/no\/faketatureringar\/spania-flagg-tatoveringer-a5\/","name":"Spania flagg tatoveringer - Like ink","isPartOf":{"@id":"https:\/\/likeink.com\/no\/#website"},"primaryImageOfPage":{"@id":"https:\/\/likeink.com\/no\/faketatureringar\/spania-flagg-tatoveringer-a5\/#primaryimage"},"image":{"@id":"https:\/\/likeink.com\/no\/faketatureringar\/spania-flagg-tatoveringer-a5\/#primaryimage"},"thumbnailUrl":"https:\/\/likeink.com\/wp-content\/uploads\/2024\/05\/Spain-flag-tattoo-likeink.jpg","datePublished":"2025-12-15T09:33:41+00:00","dateModified":"2026-03-16T20:40:42+00:00","description":"Spania-flagg-tatoveringer er perfekte for landslagskamper, studentfester, Spanias nasjonaldag og n\u00e5r du vil vise Spanias flagg.","breadcrumb":{"@id":"https:\/\/likeink.com\/no\/faketatureringar\/spania-flagg-tatoveringer-a5\/#breadcrumb"},"inLanguage":"nb-NO","potentialAction":[{"@type":"ReadAction","target":["https:\/\/likeink.com\/no\/faketatureringar\/spania-flagg-tatoveringer-a5\/"]}]},{"@type":"ImageObject","inLanguage":"nb-NO","@id":"https:\/\/likeink.com\/no\/faketatureringar\/spania-flagg-tatoveringer-a5\/#primaryimage","url":"https:\/\/likeink.com\/wp-content\/uploads\/2024\/05\/Spain-flag-tattoo-likeink.jpg","contentUrl":"https:\/\/likeink.com\/wp-content\/uploads\/2024\/05\/Spain-flag-tattoo-likeink.jpg","width":1600,"height":1127,"caption":"Temporary tattoos with the Spanish flag."},{"@type":"BreadcrumbList","@id":"https:\/\/likeink.com\/no\/faketatureringar\/spania-flagg-tatoveringer-a5\/#breadcrumb","itemListElement":[{"@type":"ListItem","position":1,"name":"Hem","item":"https:\/\/likeink.com\/no\/"},{"@type":"ListItem","position":2,"name":"Butikk","item":"https:\/\/likeink.com\/no\/butikk\/"},{"@type":"ListItem","position":3,"name":"Spania flagg tatoveringer"}]},{"@type":"WebSite","@id":"https:\/\/likeink.com\/no\/#website","url":"https:\/\/likeink.com\/no\/","name":"Like ink","description":"Make your own custom design","potentialAction":[{"@type":"SearchAction","target":{"@type":"EntryPoint","urlTemplate":"https:\/\/likeink.com\/no\/?s={search_term_string}"},"query-input":{"@type":"PropertyValueSpecification","valueRequired":true,"valueName":"search_term_string"}}],"inLanguage":"nb-NO"}]}},"_links":{"self":[{"href":"https:\/\/likeink.com\/no\/wp-json\/wp\/v2\/product\/54133","targetHints":{"allow":["GET"]}}],"collection":[{"href":"https:\/\/likeink.com\/no\/wp-json\/wp\/v2\/product"}],"about":[{"href":"https:\/\/likeink.com\/no\/wp-json\/wp\/v2\/types\/product"}],"wp:featuredmedia":[{"embeddable":true,"href":"https:\/\/likeink.com\/no\/wp-json\/wp\/v2\/media\/54134"}],"wp:attachment":[{"href":"https:\/\/likeink.com\/no\/wp-json\/wp\/v2\/media?parent=54133"}],"wp:term":[{"taxonomy":"product_brand","embeddable":true,"href":"https:\/\/likeink.com\/no\/wp-json\/wp\/v2\/product_brand?post=54133"},{"taxonomy":"product_cat","embeddable":true,"href":"https:\/\/likeink.com\/no\/wp-json\/wp\/v2\/product_cat?post=54133"},{"taxonomy":"product_tag","embeddable":true,"href":"https:\/\/likeink.com\/no\/wp-json\/wp\/v2\/product_tag?post=54133"}],"curies":[{"name":"wp","href":"https:\/\/api.w.org\/{rel}","templated":true}]}}