{"id":54137,"date":"2024-05-01T08:11:43","date_gmt":"2025-12-15T09:33:43","guid":{"rendered":"https:\/\/likeink.com\/gnuggis\/eu-flaggkolleksjon-a4\/"},"modified":"2026-01-30T11:34:29","modified_gmt":"2026-01-30T11:34:29","slug":"eu-flaggkolleksjon-a4","status":"publish","type":"product","link":"https:\/\/likeink.com\/no\/faketatureringar\/eu-flaggkolleksjon-a4\/","title":{"rendered":"EU-flaggkolleksjon A4"},"content":{"rendered":"","protected":false},"excerpt":{"rendered":"<p>EU-flaggkolleksjon, falske tatoveringer p\u00e5 A4. I denne kolleksjonen finner du nasjonale flagg fra 29 EU-land. Denne kolleksjonen er ideell for Euro-kamper, og forener mennesker ved ulike sportsarrangementer, festivaler og andre begivenheter!<\/p>\n<h2>Bestill EU-flagg som falske tatoveringer.<\/h2>\n<p>Hvis du bare \u00f8nsker et bestemt nasjonalt flagg som vi ikke selger enkeltvis, kan du kontakte oss med informasjon om hvilket flagg du \u00f8nsker, st\u00f8rrelse og antall tatoveringer, s\u00e5 hjelper vi deg!<br \/>\nV\u00e5re tatoveringer er enkle \u00e5 p\u00e5f\u00f8re og vaske av. Tatoveringene er allergivennlige, veganske og oppfyller selvf\u00f8lgelig all lovgivning for kosmetiske produkter i Europa og Storbritannia.<\/p>\n<p><strong>Arkst\u00f8rrelse: A4<br \/>\nAntall tatoveringer: 29<br \/>\nSt\u00f8rrelse p\u00e5 13 tatoveringer:<\/strong><br \/>\n50 mm<\/p>\n","protected":false},"featured_media":54138,"template":"","meta":[],"product_brand":[],"product_cat":[365,518],"product_tag":[],"class_list":{"0":"post-54137","1":"product","2":"type-product","3":"status-publish","4":"has-post-thumbnail","6":"product_cat-ferdige-ark","7":"product_cat-maskerade-sesong","9":"first","10":"instock","11":"taxable","12":"shipping-taxable","13":"purchasable","14":"product-type-simple"},"yoast_head":"<!-- This site is optimized with the Yoast SEO Premium plugin v26.2 (Yoast SEO v27.5) - https:\/\/yoast.com\/product\/yoast-seo-premium-wordpress\/ -->\n<title>EU-flaggkolleksjon med falske tatoveringer - Like ink<\/title>\n<meta name=\"description\" content=\"EU-flaggkolleksjon: 29 flagg som midlertidige tatoveringer. Midlertidige tatoveringer er perfekte for nasjonale kamper og festivaler. Rask levering. - Like ink\" \/>\n<meta name=\"robots\" content=\"index, follow, max-snippet:-1, max-image-preview:large, max-video-preview:-1\" \/>\n<link rel=\"canonical\" href=\"https:\/\/likeink.com\/no\/faketatureringar\/eu-flaggkolleksjon-a4\/\" \/>\n<meta property=\"og:locale\" content=\"nb_NO\" \/>\n<meta property=\"og:type\" content=\"article\" \/>\n<meta property=\"og:title\" content=\"EU-flaggkolleksjon A4\" \/>\n<meta property=\"og:description\" content=\"EU-flaggkolleksjon, falske tatoveringer p\u00e5 A4. I denne kolleksjonen finner du nasjonale flagg fra 29 EU-land. Denne kolleksjonen er ideell for Euro-kamper, og forener mennesker ved ulike sportsarrangementer, festivaler og andre begivenheter! Bestill EU-flagg som falske tatoveringer.Hvis du bare \u00f8nsker et bestemt nasjonalt flagg som vi ikke selger enkeltvis, kan du kontakte oss med informasjon om hvilket flagg du \u00f8nsker, st\u00f8rrelse og antall tatoveringer, s\u00e5 hjelper vi deg! V\u00e5re tatoveringer er enkle \u00e5 p\u00e5f\u00f8re og vaske av. Tatoveringene er allergivennlige, veganske og oppfyller selvf\u00f8lgelig all lovgivning for kosmetiske produkter i Europa og Storbritannia. Arkst\u00f8rrelse: A4 Antall tatoveringer: 29 St\u00f8rrelse p\u00e5 13 tatoveringer: 50 mm\" \/>\n<meta property=\"og:url\" content=\"https:\/\/likeink.com\/no\/faketatureringar\/eu-flaggkolleksjon-a4\/\" \/>\n<meta property=\"og:site_name\" content=\"Like ink\" \/>\n<meta property=\"article:publisher\" content=\"https:\/\/www.facebook.com\/LikeInkSe\" \/>\n<meta property=\"article:modified_time\" content=\"2026-01-30T11:34:29+00:00\" \/>\n<meta property=\"og:image\" content=\"https:\/\/likeink.com\/wp-content\/uploads\/2024\/04\/EU-Flags-Set-Likeink.jpg\" \/>\n\t<meta property=\"og:image:width\" content=\"1800\" \/>\n\t<meta property=\"og:image:height\" content=\"1273\" \/>\n\t<meta property=\"og:image:type\" content=\"image\/jpeg\" \/>\n<meta name=\"twitter:card\" content=\"summary_large_image\" \/>\n<!-- \/ Yoast SEO Premium plugin. -->","yoast_head_json":{"title":"EU-flaggkolleksjon med falske tatoveringer - Like ink","description":"EU-flaggkolleksjon: 29 flagg som midlertidige tatoveringer. Midlertidige tatoveringer er perfekte for nasjonale kamper og festivaler. Rask levering. - Like ink","robots":{"index":"index","follow":"follow","max-snippet":"max-snippet:-1","max-image-preview":"max-image-preview:large","max-video-preview":"max-video-preview:-1"},"canonical":"https:\/\/likeink.com\/no\/faketatureringar\/eu-flaggkolleksjon-a4\/","og_locale":"nb_NO","og_type":"article","og_title":"EU-flaggkolleksjon A4","og_description":"EU-flaggkolleksjon, falske tatoveringer p\u00e5 A4. I denne kolleksjonen finner du nasjonale flagg fra 29 EU-land. Denne kolleksjonen er ideell for Euro-kamper, og forener mennesker ved ulike sportsarrangementer, festivaler og andre begivenheter! Bestill EU-flagg som falske tatoveringer.Hvis du bare \u00f8nsker et bestemt nasjonalt flagg som vi ikke selger enkeltvis, kan du kontakte oss med informasjon om hvilket flagg du \u00f8nsker, st\u00f8rrelse og antall tatoveringer, s\u00e5 hjelper vi deg! V\u00e5re tatoveringer er enkle \u00e5 p\u00e5f\u00f8re og vaske av. Tatoveringene er allergivennlige, veganske og oppfyller selvf\u00f8lgelig all lovgivning for kosmetiske produkter i Europa og Storbritannia. Arkst\u00f8rrelse: A4 Antall tatoveringer: 29 St\u00f8rrelse p\u00e5 13 tatoveringer: 50 mm","og_url":"https:\/\/likeink.com\/no\/faketatureringar\/eu-flaggkolleksjon-a4\/","og_site_name":"Like ink","article_publisher":"https:\/\/www.facebook.com\/LikeInkSe","article_modified_time":"2026-01-30T11:34:29+00:00","og_image":[{"width":1800,"height":1273,"url":"https:\/\/likeink.com\/wp-content\/uploads\/2024\/04\/EU-Flags-Set-Likeink.jpg","type":"image\/jpeg"}],"twitter_card":"summary_large_image","schema":{"@context":"https:\/\/schema.org","@graph":[{"@type":"WebPage","@id":"https:\/\/likeink.com\/no\/faketatureringar\/eu-flaggkolleksjon-a4\/","url":"https:\/\/likeink.com\/no\/faketatureringar\/eu-flaggkolleksjon-a4\/","name":"EU-flaggkolleksjon med falske tatoveringer - Like ink","isPartOf":{"@id":"https:\/\/likeink.com\/no\/#website"},"primaryImageOfPage":{"@id":"https:\/\/likeink.com\/no\/faketatureringar\/eu-flaggkolleksjon-a4\/#primaryimage"},"image":{"@id":"https:\/\/likeink.com\/no\/faketatureringar\/eu-flaggkolleksjon-a4\/#primaryimage"},"thumbnailUrl":"https:\/\/likeink.com\/wp-content\/uploads\/2024\/04\/EU-Flags-Set-Likeink.jpg","datePublished":"2025-12-15T09:33:43+00:00","dateModified":"2026-01-30T11:34:29+00:00","description":"EU-flaggkolleksjon: 29 flagg som midlertidige tatoveringer. Midlertidige tatoveringer er perfekte for nasjonale kamper og festivaler. Rask levering. - Like ink","breadcrumb":{"@id":"https:\/\/likeink.com\/no\/faketatureringar\/eu-flaggkolleksjon-a4\/#breadcrumb"},"inLanguage":"nb-NO","potentialAction":[{"@type":"ReadAction","target":["https:\/\/likeink.com\/no\/faketatureringar\/eu-flaggkolleksjon-a4\/"]}]},{"@type":"ImageObject","inLanguage":"nb-NO","@id":"https:\/\/likeink.com\/no\/faketatureringar\/eu-flaggkolleksjon-a4\/#primaryimage","url":"https:\/\/likeink.com\/wp-content\/uploads\/2024\/04\/EU-Flags-Set-Likeink.jpg","contentUrl":"https:\/\/likeink.com\/wp-content\/uploads\/2024\/04\/EU-Flags-Set-Likeink.jpg","width":1800,"height":1273,"caption":"ollection of EU Flag Tattoos"},{"@type":"BreadcrumbList","@id":"https:\/\/likeink.com\/no\/faketatureringar\/eu-flaggkolleksjon-a4\/#breadcrumb","itemListElement":[{"@type":"ListItem","position":1,"name":"Hem","item":"https:\/\/likeink.com\/no\/"},{"@type":"ListItem","position":2,"name":"Butikk","item":"https:\/\/likeink.com\/no\/butikk\/"},{"@type":"ListItem","position":3,"name":"EU-flaggkolleksjon A4"}]},{"@type":"WebSite","@id":"https:\/\/likeink.com\/no\/#website","url":"https:\/\/likeink.com\/no\/","name":"Like ink","description":"Make your own custom design","potentialAction":[{"@type":"SearchAction","target":{"@type":"EntryPoint","urlTemplate":"https:\/\/likeink.com\/no\/?s={search_term_string}"},"query-input":{"@type":"PropertyValueSpecification","valueRequired":true,"valueName":"search_term_string"}}],"inLanguage":"nb-NO"}]}},"_links":{"self":[{"href":"https:\/\/likeink.com\/no\/wp-json\/wp\/v2\/product\/54137","targetHints":{"allow":["GET"]}}],"collection":[{"href":"https:\/\/likeink.com\/no\/wp-json\/wp\/v2\/product"}],"about":[{"href":"https:\/\/likeink.com\/no\/wp-json\/wp\/v2\/types\/product"}],"wp:featuredmedia":[{"embeddable":true,"href":"https:\/\/likeink.com\/no\/wp-json\/wp\/v2\/media\/54138"}],"wp:attachment":[{"href":"https:\/\/likeink.com\/no\/wp-json\/wp\/v2\/media?parent=54137"}],"wp:term":[{"taxonomy":"product_brand","embeddable":true,"href":"https:\/\/likeink.com\/no\/wp-json\/wp\/v2\/product_brand?post=54137"},{"taxonomy":"product_cat","embeddable":true,"href":"https:\/\/likeink.com\/no\/wp-json\/wp\/v2\/product_cat?post=54137"},{"taxonomy":"product_tag","embeddable":true,"href":"https:\/\/likeink.com\/no\/wp-json\/wp\/v2\/product_tag?post=54137"}],"curies":[{"name":"wp","href":"https:\/\/api.w.org\/{rel}","templated":true}]}}