{"id":54143,"date":"2024-04-22T14:09:49","date_gmt":"2025-12-15T09:33:46","guid":{"rendered":"https:\/\/likeink.com\/gnuggis\/danmark-flagg-tatoveringer-a5\/"},"modified":"2026-03-16T20:40:55","modified_gmt":"2026-03-16T20:40:55","slug":"danmark-flagg-tatoveringer-a5","status":"publish","type":"product","link":"https:\/\/likeink.com\/no\/faketatureringar\/danmark-flagg-tatoveringer-a5\/","title":{"rendered":"Danmark flagg tatoveringer"},"content":{"rendered":"<p>Danmarks flagg tatoveringer p\u00e5 ark i forskjellige st\u00f8rrelser.<\/p>\n","protected":false},"excerpt":{"rendered":"<p>Danske flagg-tatoveringer p\u00e5 ark i forskjellige st\u00f8rrelser. En tatovering med det danske flagget er perfekt for nyutdannede, ved internasjonale kamper, under OL, VM og EM, nasjonaldagen og andre anledninger n\u00e5r du \u00f8nsker \u00e5 pynte kroppen og ansiktet ditt med en r\u00f8d og hvit tatovering.<br \/>\nDesignet er utviklet av oss i Like Ink, i en ekte tatoveringsstil med klare kantlinjer og en fin r\u00f8d farge.<\/p>\n<h2>Kj\u00f8p danske flagg som midlertidige tatoveringer<\/h2>\n<p>Like Inks tatoveringer passer b\u00e5de for voksne og barn. V\u00e5re midlertidige tatoveringer er enkle \u00e5 p\u00e5f\u00f8re, vaske av og er sk\u00e5nsomme mot huden. Vi trykker i v\u00e5rt eget trykkeri i Malm\u00f6 og sender bestillingen din innen en dag.<\/p>\n","protected":false},"featured_media":54144,"template":"","meta":[],"product_brand":[],"product_cat":[365,518],"product_tag":[],"class_list":{"0":"post-54143","1":"product","2":"type-product","3":"status-publish","4":"has-post-thumbnail","6":"product_cat-ferdige-ark","7":"product_cat-maskerade-sesong","9":"first","10":"instock","11":"taxable","12":"shipping-taxable","13":"purchasable","14":"product-type-simple"},"yoast_head":"<!-- This site is optimized with the Yoast SEO Premium plugin v27.5 (Yoast SEO v27.6) - https:\/\/yoast.com\/product\/yoast-seo-premium-wordpress\/ -->\n<title>Danmark flagg tatoveringer - Like ink<\/title>\n<meta name=\"description\" content=\"Danmarks flagg-tatoveringer er perfekte for internasjonale kamper, ved eksamensfeiringer, Danmarks nasjonaldag og andre anledninger hvor du \u00f8nsker \u00e5 vise det danske flagget.\" \/>\n<meta name=\"robots\" content=\"index, follow, max-snippet:-1, max-image-preview:large, max-video-preview:-1\" \/>\n<link rel=\"canonical\" href=\"https:\/\/likeink.com\/no\/faketatureringar\/danmark-flagg-tatoveringer-a5\/\" \/>\n<meta property=\"og:locale\" content=\"nb_NO\" \/>\n<meta property=\"og:type\" content=\"article\" \/>\n<meta property=\"og:title\" content=\"Danmark flagg tatoveringer\" \/>\n<meta property=\"og:description\" content=\"Danske flagg-tatoveringer p\u00e5 ark i forskjellige st\u00f8rrelser. En tatovering med det danske flagget er perfekt for nyutdannede, ved internasjonale kamper, under OL, VM og EM, nasjonaldagen og andre anledninger n\u00e5r du \u00f8nsker \u00e5 pynte kroppen og ansiktet ditt med en r\u00f8d og hvit tatovering. Designet er utviklet av oss i Like Ink, i en ekte tatoveringsstil med klare kantlinjer og en fin r\u00f8d farge. Kj\u00f8p danske flagg som midlertidige tatoveringerLike Inks tatoveringer passer b\u00e5de for voksne og barn. V\u00e5re midlertidige tatoveringer er enkle \u00e5 p\u00e5f\u00f8re, vaske av og er sk\u00e5nsomme mot huden. Vi trykker i v\u00e5rt eget trykkeri i Malm\u00f6 og sender bestillingen din innen en dag.\" \/>\n<meta property=\"og:url\" content=\"https:\/\/likeink.com\/no\/faketatureringar\/danmark-flagg-tatoveringer-a5\/\" \/>\n<meta property=\"og:site_name\" content=\"Like ink\" \/>\n<meta property=\"article:publisher\" content=\"https:\/\/www.facebook.com\/LikeInkSe\" \/>\n<meta property=\"article:modified_time\" content=\"2026-03-16T20:40:55+00:00\" \/>\n<meta property=\"og:image\" content=\"https:\/\/likeink.com\/wp-content\/uploads\/2024\/04\/Danmark-Flag-Likeink.jpg\" \/>\n\t<meta property=\"og:image:width\" content=\"1400\" \/>\n\t<meta property=\"og:image:height\" content=\"986\" \/>\n\t<meta property=\"og:image:type\" content=\"image\/jpeg\" \/>\n<meta name=\"twitter:card\" content=\"summary_large_image\" \/>\n<!-- \/ Yoast SEO Premium plugin. -->","yoast_head_json":{"title":"Danmark flagg tatoveringer - Like ink","description":"Danmarks flagg-tatoveringer er perfekte for internasjonale kamper, ved eksamensfeiringer, Danmarks nasjonaldag og andre anledninger hvor du \u00f8nsker \u00e5 vise det danske flagget.","robots":{"index":"index","follow":"follow","max-snippet":"max-snippet:-1","max-image-preview":"max-image-preview:large","max-video-preview":"max-video-preview:-1"},"canonical":"https:\/\/likeink.com\/no\/faketatureringar\/danmark-flagg-tatoveringer-a5\/","og_locale":"nb_NO","og_type":"article","og_title":"Danmark flagg tatoveringer","og_description":"Danske flagg-tatoveringer p\u00e5 ark i forskjellige st\u00f8rrelser. En tatovering med det danske flagget er perfekt for nyutdannede, ved internasjonale kamper, under OL, VM og EM, nasjonaldagen og andre anledninger n\u00e5r du \u00f8nsker \u00e5 pynte kroppen og ansiktet ditt med en r\u00f8d og hvit tatovering. Designet er utviklet av oss i Like Ink, i en ekte tatoveringsstil med klare kantlinjer og en fin r\u00f8d farge. Kj\u00f8p danske flagg som midlertidige tatoveringerLike Inks tatoveringer passer b\u00e5de for voksne og barn. V\u00e5re midlertidige tatoveringer er enkle \u00e5 p\u00e5f\u00f8re, vaske av og er sk\u00e5nsomme mot huden. Vi trykker i v\u00e5rt eget trykkeri i Malm\u00f6 og sender bestillingen din innen en dag.","og_url":"https:\/\/likeink.com\/no\/faketatureringar\/danmark-flagg-tatoveringer-a5\/","og_site_name":"Like ink","article_publisher":"https:\/\/www.facebook.com\/LikeInkSe","article_modified_time":"2026-03-16T20:40:55+00:00","og_image":[{"width":1400,"height":986,"url":"https:\/\/likeink.com\/wp-content\/uploads\/2024\/04\/Danmark-Flag-Likeink.jpg","type":"image\/jpeg"}],"twitter_card":"summary_large_image","schema":{"@context":"https:\/\/schema.org","@graph":[{"@type":"WebPage","@id":"https:\/\/likeink.com\/no\/faketatureringar\/danmark-flagg-tatoveringer-a5\/","url":"https:\/\/likeink.com\/no\/faketatureringar\/danmark-flagg-tatoveringer-a5\/","name":"Danmark flagg tatoveringer - Like ink","isPartOf":{"@id":"https:\/\/likeink.com\/no\/#website"},"primaryImageOfPage":{"@id":"https:\/\/likeink.com\/no\/faketatureringar\/danmark-flagg-tatoveringer-a5\/#primaryimage"},"image":{"@id":"https:\/\/likeink.com\/no\/faketatureringar\/danmark-flagg-tatoveringer-a5\/#primaryimage"},"thumbnailUrl":"https:\/\/likeink.com\/wp-content\/uploads\/2024\/04\/Danmark-Flag-Likeink.jpg","datePublished":"2025-12-15T09:33:46+00:00","dateModified":"2026-03-16T20:40:55+00:00","description":"Danmarks flagg-tatoveringer er perfekte for internasjonale kamper, ved eksamensfeiringer, Danmarks nasjonaldag og andre anledninger hvor du \u00f8nsker \u00e5 vise det danske flagget.","breadcrumb":{"@id":"https:\/\/likeink.com\/no\/faketatureringar\/danmark-flagg-tatoveringer-a5\/#breadcrumb"},"inLanguage":"nb-NO","potentialAction":[{"@type":"ReadAction","target":["https:\/\/likeink.com\/no\/faketatureringar\/danmark-flagg-tatoveringer-a5\/"]}]},{"@type":"ImageObject","inLanguage":"nb-NO","@id":"https:\/\/likeink.com\/no\/faketatureringar\/danmark-flagg-tatoveringer-a5\/#primaryimage","url":"https:\/\/likeink.com\/wp-content\/uploads\/2024\/04\/Danmark-Flag-Likeink.jpg","contentUrl":"https:\/\/likeink.com\/wp-content\/uploads\/2024\/04\/Danmark-Flag-Likeink.jpg","width":1400,"height":986,"caption":"Denmark Flag Tattoo"},{"@type":"BreadcrumbList","@id":"https:\/\/likeink.com\/no\/faketatureringar\/danmark-flagg-tatoveringer-a5\/#breadcrumb","itemListElement":[{"@type":"ListItem","position":1,"name":"Hem","item":"https:\/\/likeink.com\/no\/"},{"@type":"ListItem","position":2,"name":"Butikk","item":"https:\/\/likeink.com\/no\/butikk\/"},{"@type":"ListItem","position":3,"name":"Danmark flagg tatoveringer"}]},{"@type":"WebSite","@id":"https:\/\/likeink.com\/no\/#website","url":"https:\/\/likeink.com\/no\/","name":"Like ink","description":"Make your own custom design","potentialAction":[{"@type":"SearchAction","target":{"@type":"EntryPoint","urlTemplate":"https:\/\/likeink.com\/no\/?s={search_term_string}"},"query-input":{"@type":"PropertyValueSpecification","valueRequired":true,"valueName":"search_term_string"}}],"inLanguage":"nb-NO"}]}},"_links":{"self":[{"href":"https:\/\/likeink.com\/no\/wp-json\/wp\/v2\/product\/54143","targetHints":{"allow":["GET"]}}],"collection":[{"href":"https:\/\/likeink.com\/no\/wp-json\/wp\/v2\/product"}],"about":[{"href":"https:\/\/likeink.com\/no\/wp-json\/wp\/v2\/types\/product"}],"wp:featuredmedia":[{"embeddable":true,"href":"https:\/\/likeink.com\/no\/wp-json\/wp\/v2\/media\/54144"}],"wp:attachment":[{"href":"https:\/\/likeink.com\/no\/wp-json\/wp\/v2\/media?parent=54143"}],"wp:term":[{"taxonomy":"product_brand","embeddable":true,"href":"https:\/\/likeink.com\/no\/wp-json\/wp\/v2\/product_brand?post=54143"},{"taxonomy":"product_cat","embeddable":true,"href":"https:\/\/likeink.com\/no\/wp-json\/wp\/v2\/product_cat?post=54143"},{"taxonomy":"product_tag","embeddable":true,"href":"https:\/\/likeink.com\/no\/wp-json\/wp\/v2\/product_tag?post=54143"}],"curies":[{"name":"wp","href":"https:\/\/api.w.org\/{rel}","templated":true}]}}