{"id":54163,"date":"2024-01-14T17:34:13","date_gmt":"2025-12-15T09:33:58","guid":{"rendered":"https:\/\/likeink.com\/gnuggis\/offisielle-svenske-blekk-falske-tatoveringer\/"},"modified":"2026-01-30T11:34:51","modified_gmt":"2026-01-30T11:34:51","slug":"offisielle-svenske-blekk-falske-tatoveringer","status":"publish","type":"product","link":"https:\/\/likeink.com\/no\/faketatureringar\/offisielle-svenske-blekk-falske-tatoveringer\/","title":{"rendered":"Offisielle svenske blekk-falske tatoveringer"},"content":{"rendered":"","protected":false},"excerpt":{"rendered":"<p>Offisielle svenske midlertidige tatoveringer fra Like Ink: Like Inks midlertidige tatoveringer er en hyllest til kunstnerisk dyktighet og fellesskaps\u00e5nden som blomstrer i tatoveringsverdenen. Vi i Like Ink er begeistret over \u00e5 se seri\u00f8se tatoveringskunstnere og tatoveringsmilj\u00f8et komme sammen i samarbeid med oss i Like Ink. Samarbeidet med Marcus, som driver Official Swedish Ink, er et bevis og et eksempel p\u00e5 at selv tatoveringskunstnere, tatoveringssamlere og tatoveringsentusiaster synes at falske tatoveringer er ganske morsomme og en alternativ m\u00e5te \u00e5 nyte tatoveringer p\u00e5 uten \u00e5 m\u00e5tte f\u00e5 en permanent tatovering.<\/p>\n<h2>Bestill falske tatoveringer i samarbeid med Official Swedish Ink og design tegnet av tatoveringskunstneren Patrik Sj\u00f6stj\u00e4rna<\/h2>\n<p>Dette arket med midlertidige tatoveringer inneholder logoen til Official Swedish Ink sammen med originale design laget av den talentfulle tatoveringskunstneren Patrik Sj\u00f6stj\u00e4rna. Det er et lerret for kreativitet, tilgjengelig for alle som setter pris p\u00e5 kunsten \u00e5 tatovere huden, selv om det bare er for noen f\u00e5 dager.<br \/>\nOfficial Swedish Ink, ledet av Marcus Andersson, er mer enn bare en Instagram-konto. Det er et knutepunkt for tatoveringskunstnere, entusiaster og for alle som er tatovert eller \u00f8nsker \u00e5 bli tatovert. Denne plattformen er rik p\u00e5 kontinuerlige oppdateringer om tatoveringsscenen i Sverige, og tilbyr en str\u00f8m av informasjon om messer, arrangementer og nyheter innen tatoveringsverdenen. Det er en kilde til inspirasjon og en skattekiste av tips for \u00e5 finne eksepsjonelle tatoveringskunstnere. S\u00e5 enten du er en tatoveringssamler, en tatoveringskunstner eller bare liker \u00e5 se p\u00e5 tatoveringer, er det definitivt verdt \u00e5 sjekke ut og f\u00f8lge @officialswedishink p\u00e5 Instagram.<\/p>\n<p>Tatoveringene p\u00e5 dette arket er tegnet med den finessen Patrik Sj\u00f6stj\u00e4rna er kjent for, og han bringer sin ekspertise fra studioene sine i Bor\u00e5s og Sk\u00f6vde til et enda bredere publikum. Dette samarbeidet med Like Ink er et bevis p\u00e5 den felles lidenskapen og dedikasjonen til h\u00e5ndverket, som gj\u00f8r tatoveringers skj\u00f8nnhet tilgjengelig for alle, enten du \u00f8nsker \u00e5 utforske kunsten midlertidig eller bestille tid for en ekte tatovering.<\/p>\n<p>Kontakt:<br \/>\nOfficial Swedish Ink: @Officialswedishink<br \/>\nPatrik: @patriktattoos, studio i Sk\u00f6vde og Bor\u00e5s.<\/p>\n<p>Arkst\u00f8rrelse: A5<br \/>\nTatoveringsst\u00f8rrelser: 3\u201310 cm<\/p>\n","protected":false},"featured_media":54164,"template":"","meta":[],"product_brand":[],"product_cat":[365,370],"product_tag":[],"class_list":{"0":"post-54163","1":"product","2":"type-product","3":"status-publish","4":"has-post-thumbnail","6":"product_cat-ferdige-ark","7":"product_cat-samarbeid-med-tatoveringskunstnere","9":"first","10":"instock","11":"taxable","12":"shipping-taxable","13":"purchasable","14":"product-type-simple"},"yoast_head":"<!-- This site is optimized with the Yoast SEO Premium plugin v26.2 (Yoast SEO v27.4) - https:\/\/yoast.com\/product\/yoast-seo-premium-wordpress\/ -->\n<title>Offisielle svenske blekk-falske tatoveringer - Like ink<\/title>\n<meta name=\"description\" content=\"Offisielle svenske Ink-falske tatoveringsark designet av tatoveringskunstneren Patrik Sj\u00f6stj\u00e4rna. Vi snakker om EKTE FALSKE TATOVERINGER her - Like ink\" \/>\n<meta name=\"robots\" content=\"index, follow, max-snippet:-1, max-image-preview:large, max-video-preview:-1\" \/>\n<link rel=\"canonical\" href=\"https:\/\/likeink.com\/no\/faketatureringar\/offisielle-svenske-blekk-falske-tatoveringer\/\" \/>\n<meta property=\"og:locale\" content=\"nb_NO\" \/>\n<meta property=\"og:type\" content=\"article\" \/>\n<meta property=\"og:title\" content=\"Offisielle svenske blekk-falske tatoveringer\" \/>\n<meta property=\"og:description\" content=\"Offisielle svenske midlertidige tatoveringer fra Like Ink: Like Inks midlertidige tatoveringer er en hyllest til kunstnerisk dyktighet og fellesskaps\u00e5nden som blomstrer i tatoveringsverdenen. Vi i Like Ink er begeistret over \u00e5 se seri\u00f8se tatoveringskunstnere og tatoveringsmilj\u00f8et komme sammen i samarbeid med oss i Like Ink. Samarbeidet med Marcus, som driver Official Swedish Ink, er et bevis og et eksempel p\u00e5 at selv tatoveringskunstnere, tatoveringssamlere og tatoveringsentusiaster synes at falske tatoveringer er ganske morsomme og en alternativ m\u00e5te \u00e5 nyte tatoveringer p\u00e5 uten \u00e5 m\u00e5tte f\u00e5 en permanent tatovering. Bestill falske tatoveringer i samarbeid med Official Swedish Ink og design tegnet av tatoveringskunstneren Patrik Sj\u00f6stj\u00e4rnaDette arket med midlertidige tatoveringer inneholder logoen til Official Swedish Ink sammen med originale design laget av den talentfulle tatoveringskunstneren Patrik Sj\u00f6stj\u00e4rna. Det er et lerret for kreativitet, tilgjengelig for alle som setter pris p\u00e5 kunsten \u00e5 tatovere huden, selv om det bare er for noen f\u00e5 dager. Official Swedish Ink, ledet av Marcus Andersson, er mer enn bare en Instagram-konto. Det er et knutepunkt for tatoveringskunstnere, entusiaster og for alle som er tatovert eller \u00f8nsker \u00e5 bli tatovert. Denne plattformen er rik p\u00e5 kontinuerlige oppdateringer om tatoveringsscenen i Sverige, og tilbyr en str\u00f8m av informasjon om messer, arrangementer og nyheter innen tatoveringsverdenen. Det er en kilde til inspirasjon og en skattekiste av tips for \u00e5 finne eksepsjonelle tatoveringskunstnere. S\u00e5 enten du er en tatoveringssamler, en tatoveringskunstner eller bare liker \u00e5 se p\u00e5 tatoveringer, er det definitivt verdt \u00e5 sjekke ut og f\u00f8lge @officialswedishink p\u00e5 Instagram. Tatoveringene p\u00e5 dette arket er tegnet med den finessen Patrik Sj\u00f6stj\u00e4rna er kjent for, og han bringer sin ekspertise fra studioene sine i Bor\u00e5s og Sk\u00f6vde til et enda bredere publikum. Dette samarbeidet med Like Ink er et bevis p\u00e5 den felles lidenskapen og dedikasjonen til h\u00e5ndverket, som gj\u00f8r tatoveringers skj\u00f8nnhet tilgjengelig for alle, enten du \u00f8nsker \u00e5 utforske kunsten midlertidig eller bestille tid for en ekte tatovering. Kontakt: Official Swedish Ink: @Officialswedishink Patrik: @patriktattoos, studio i Sk\u00f6vde og Bor\u00e5s. Arkst\u00f8rrelse: A5 Tatoveringsst\u00f8rrelser: 3\u201310 cm\" \/>\n<meta property=\"og:url\" content=\"https:\/\/likeink.com\/no\/faketatureringar\/offisielle-svenske-blekk-falske-tatoveringer\/\" \/>\n<meta property=\"og:site_name\" content=\"Like ink\" \/>\n<meta property=\"article:publisher\" content=\"https:\/\/www.facebook.com\/LikeInkSe\" \/>\n<meta property=\"article:modified_time\" content=\"2026-01-30T11:34:51+00:00\" \/>\n<meta property=\"og:image\" content=\"https:\/\/likeink.com\/wp-content\/uploads\/2024\/01\/OfficialSwedishInk-Tattoos-Likeink.jpg\" \/>\n\t<meta property=\"og:image:width\" content=\"1702\" \/>\n\t<meta property=\"og:image:height\" content=\"1200\" \/>\n\t<meta property=\"og:image:type\" content=\"image\/jpeg\" \/>\n<meta name=\"twitter:card\" content=\"summary_large_image\" \/>\n<script type=\"application\/ld+json\" class=\"yoast-schema-graph\">{\"@context\":\"https:\\\/\\\/schema.org\",\"@graph\":[{\"@type\":\"WebPage\",\"@id\":\"https:\\\/\\\/likeink.com\\\/no\\\/faketatureringar\\\/offisielle-svenske-blekk-falske-tatoveringer\\\/\",\"url\":\"https:\\\/\\\/likeink.com\\\/no\\\/faketatureringar\\\/offisielle-svenske-blekk-falske-tatoveringer\\\/\",\"name\":\"Offisielle svenske blekk-falske tatoveringer - Like ink\",\"isPartOf\":{\"@id\":\"https:\\\/\\\/likeink.com\\\/no\\\/#website\"},\"primaryImageOfPage\":{\"@id\":\"https:\\\/\\\/likeink.com\\\/no\\\/faketatureringar\\\/offisielle-svenske-blekk-falske-tatoveringer\\\/#primaryimage\"},\"image\":{\"@id\":\"https:\\\/\\\/likeink.com\\\/no\\\/faketatureringar\\\/offisielle-svenske-blekk-falske-tatoveringer\\\/#primaryimage\"},\"thumbnailUrl\":\"https:\\\/\\\/likeink.com\\\/wp-content\\\/uploads\\\/2024\\\/01\\\/OfficialSwedishInk-Tattoos-Likeink.jpg\",\"datePublished\":\"2025-12-15T09:33:58+00:00\",\"dateModified\":\"2026-01-30T11:34:51+00:00\",\"description\":\"Offisielle svenske Ink-falske tatoveringsark designet av tatoveringskunstneren Patrik Sj\u00f6stj\u00e4rna. Vi snakker om EKTE FALSKE TATOVERINGER her - Like ink\",\"breadcrumb\":{\"@id\":\"https:\\\/\\\/likeink.com\\\/no\\\/faketatureringar\\\/offisielle-svenske-blekk-falske-tatoveringer\\\/#breadcrumb\"},\"inLanguage\":\"nb-NO\",\"potentialAction\":[{\"@type\":\"ReadAction\",\"target\":[\"https:\\\/\\\/likeink.com\\\/no\\\/faketatureringar\\\/offisielle-svenske-blekk-falske-tatoveringer\\\/\"]}]},{\"@type\":\"ImageObject\",\"inLanguage\":\"nb-NO\",\"@id\":\"https:\\\/\\\/likeink.com\\\/no\\\/faketatureringar\\\/offisielle-svenske-blekk-falske-tatoveringer\\\/#primaryimage\",\"url\":\"https:\\\/\\\/likeink.com\\\/wp-content\\\/uploads\\\/2024\\\/01\\\/OfficialSwedishInk-Tattoos-Likeink.jpg\",\"contentUrl\":\"https:\\\/\\\/likeink.com\\\/wp-content\\\/uploads\\\/2024\\\/01\\\/OfficialSwedishInk-Tattoos-Likeink.jpg\",\"width\":1702,\"height\":1200,\"caption\":\"Collection of temporary tattoos from Official Swedish Ink, designed by tattoo artist Patrik Sj\u00f6stj\u00e4rna\"},{\"@type\":\"BreadcrumbList\",\"@id\":\"https:\\\/\\\/likeink.com\\\/no\\\/faketatureringar\\\/offisielle-svenske-blekk-falske-tatoveringer\\\/#breadcrumb\",\"itemListElement\":[{\"@type\":\"ListItem\",\"position\":1,\"name\":\"Hem\",\"item\":\"https:\\\/\\\/likeink.com\\\/no\\\/\"},{\"@type\":\"ListItem\",\"position\":2,\"name\":\"Butikk\",\"item\":\"https:\\\/\\\/likeink.com\\\/no\\\/butikk\\\/\"},{\"@type\":\"ListItem\",\"position\":3,\"name\":\"Offisielle svenske blekk-falske tatoveringer\"}]},{\"@type\":\"WebSite\",\"@id\":\"https:\\\/\\\/likeink.com\\\/no\\\/#website\",\"url\":\"https:\\\/\\\/likeink.com\\\/no\\\/\",\"name\":\"Like ink\",\"description\":\"Make your own custom design\",\"potentialAction\":[{\"@type\":\"SearchAction\",\"target\":{\"@type\":\"EntryPoint\",\"urlTemplate\":\"https:\\\/\\\/likeink.com\\\/no\\\/?s={search_term_string}\"},\"query-input\":{\"@type\":\"PropertyValueSpecification\",\"valueRequired\":true,\"valueName\":\"search_term_string\"}}],\"inLanguage\":\"nb-NO\"}]}<\/script>\n<!-- \/ Yoast SEO Premium plugin. -->","yoast_head_json":{"title":"Offisielle svenske blekk-falske tatoveringer - Like ink","description":"Offisielle svenske Ink-falske tatoveringsark designet av tatoveringskunstneren Patrik Sj\u00f6stj\u00e4rna. Vi snakker om EKTE FALSKE TATOVERINGER her - Like ink","robots":{"index":"index","follow":"follow","max-snippet":"max-snippet:-1","max-image-preview":"max-image-preview:large","max-video-preview":"max-video-preview:-1"},"canonical":"https:\/\/likeink.com\/no\/faketatureringar\/offisielle-svenske-blekk-falske-tatoveringer\/","og_locale":"nb_NO","og_type":"article","og_title":"Offisielle svenske blekk-falske tatoveringer","og_description":"Offisielle svenske midlertidige tatoveringer fra Like Ink: Like Inks midlertidige tatoveringer er en hyllest til kunstnerisk dyktighet og fellesskaps\u00e5nden som blomstrer i tatoveringsverdenen. Vi i Like Ink er begeistret over \u00e5 se seri\u00f8se tatoveringskunstnere og tatoveringsmilj\u00f8et komme sammen i samarbeid med oss i Like Ink. Samarbeidet med Marcus, som driver Official Swedish Ink, er et bevis og et eksempel p\u00e5 at selv tatoveringskunstnere, tatoveringssamlere og tatoveringsentusiaster synes at falske tatoveringer er ganske morsomme og en alternativ m\u00e5te \u00e5 nyte tatoveringer p\u00e5 uten \u00e5 m\u00e5tte f\u00e5 en permanent tatovering. Bestill falske tatoveringer i samarbeid med Official Swedish Ink og design tegnet av tatoveringskunstneren Patrik Sj\u00f6stj\u00e4rnaDette arket med midlertidige tatoveringer inneholder logoen til Official Swedish Ink sammen med originale design laget av den talentfulle tatoveringskunstneren Patrik Sj\u00f6stj\u00e4rna. Det er et lerret for kreativitet, tilgjengelig for alle som setter pris p\u00e5 kunsten \u00e5 tatovere huden, selv om det bare er for noen f\u00e5 dager. Official Swedish Ink, ledet av Marcus Andersson, er mer enn bare en Instagram-konto. Det er et knutepunkt for tatoveringskunstnere, entusiaster og for alle som er tatovert eller \u00f8nsker \u00e5 bli tatovert. Denne plattformen er rik p\u00e5 kontinuerlige oppdateringer om tatoveringsscenen i Sverige, og tilbyr en str\u00f8m av informasjon om messer, arrangementer og nyheter innen tatoveringsverdenen. Det er en kilde til inspirasjon og en skattekiste av tips for \u00e5 finne eksepsjonelle tatoveringskunstnere. S\u00e5 enten du er en tatoveringssamler, en tatoveringskunstner eller bare liker \u00e5 se p\u00e5 tatoveringer, er det definitivt verdt \u00e5 sjekke ut og f\u00f8lge @officialswedishink p\u00e5 Instagram. Tatoveringene p\u00e5 dette arket er tegnet med den finessen Patrik Sj\u00f6stj\u00e4rna er kjent for, og han bringer sin ekspertise fra studioene sine i Bor\u00e5s og Sk\u00f6vde til et enda bredere publikum. Dette samarbeidet med Like Ink er et bevis p\u00e5 den felles lidenskapen og dedikasjonen til h\u00e5ndverket, som gj\u00f8r tatoveringers skj\u00f8nnhet tilgjengelig for alle, enten du \u00f8nsker \u00e5 utforske kunsten midlertidig eller bestille tid for en ekte tatovering. Kontakt: Official Swedish Ink: @Officialswedishink Patrik: @patriktattoos, studio i Sk\u00f6vde og Bor\u00e5s. Arkst\u00f8rrelse: A5 Tatoveringsst\u00f8rrelser: 3\u201310 cm","og_url":"https:\/\/likeink.com\/no\/faketatureringar\/offisielle-svenske-blekk-falske-tatoveringer\/","og_site_name":"Like ink","article_publisher":"https:\/\/www.facebook.com\/LikeInkSe","article_modified_time":"2026-01-30T11:34:51+00:00","og_image":[{"width":1702,"height":1200,"url":"https:\/\/likeink.com\/wp-content\/uploads\/2024\/01\/OfficialSwedishInk-Tattoos-Likeink.jpg","type":"image\/jpeg"}],"twitter_card":"summary_large_image","schema":{"@context":"https:\/\/schema.org","@graph":[{"@type":"WebPage","@id":"https:\/\/likeink.com\/no\/faketatureringar\/offisielle-svenske-blekk-falske-tatoveringer\/","url":"https:\/\/likeink.com\/no\/faketatureringar\/offisielle-svenske-blekk-falske-tatoveringer\/","name":"Offisielle svenske blekk-falske tatoveringer - Like ink","isPartOf":{"@id":"https:\/\/likeink.com\/no\/#website"},"primaryImageOfPage":{"@id":"https:\/\/likeink.com\/no\/faketatureringar\/offisielle-svenske-blekk-falske-tatoveringer\/#primaryimage"},"image":{"@id":"https:\/\/likeink.com\/no\/faketatureringar\/offisielle-svenske-blekk-falske-tatoveringer\/#primaryimage"},"thumbnailUrl":"https:\/\/likeink.com\/wp-content\/uploads\/2024\/01\/OfficialSwedishInk-Tattoos-Likeink.jpg","datePublished":"2025-12-15T09:33:58+00:00","dateModified":"2026-01-30T11:34:51+00:00","description":"Offisielle svenske Ink-falske tatoveringsark designet av tatoveringskunstneren Patrik Sj\u00f6stj\u00e4rna. Vi snakker om EKTE FALSKE TATOVERINGER her - Like ink","breadcrumb":{"@id":"https:\/\/likeink.com\/no\/faketatureringar\/offisielle-svenske-blekk-falske-tatoveringer\/#breadcrumb"},"inLanguage":"nb-NO","potentialAction":[{"@type":"ReadAction","target":["https:\/\/likeink.com\/no\/faketatureringar\/offisielle-svenske-blekk-falske-tatoveringer\/"]}]},{"@type":"ImageObject","inLanguage":"nb-NO","@id":"https:\/\/likeink.com\/no\/faketatureringar\/offisielle-svenske-blekk-falske-tatoveringer\/#primaryimage","url":"https:\/\/likeink.com\/wp-content\/uploads\/2024\/01\/OfficialSwedishInk-Tattoos-Likeink.jpg","contentUrl":"https:\/\/likeink.com\/wp-content\/uploads\/2024\/01\/OfficialSwedishInk-Tattoos-Likeink.jpg","width":1702,"height":1200,"caption":"Collection of temporary tattoos from Official Swedish Ink, designed by tattoo artist Patrik Sj\u00f6stj\u00e4rna"},{"@type":"BreadcrumbList","@id":"https:\/\/likeink.com\/no\/faketatureringar\/offisielle-svenske-blekk-falske-tatoveringer\/#breadcrumb","itemListElement":[{"@type":"ListItem","position":1,"name":"Hem","item":"https:\/\/likeink.com\/no\/"},{"@type":"ListItem","position":2,"name":"Butikk","item":"https:\/\/likeink.com\/no\/butikk\/"},{"@type":"ListItem","position":3,"name":"Offisielle svenske blekk-falske tatoveringer"}]},{"@type":"WebSite","@id":"https:\/\/likeink.com\/no\/#website","url":"https:\/\/likeink.com\/no\/","name":"Like ink","description":"Make your own custom design","potentialAction":[{"@type":"SearchAction","target":{"@type":"EntryPoint","urlTemplate":"https:\/\/likeink.com\/no\/?s={search_term_string}"},"query-input":{"@type":"PropertyValueSpecification","valueRequired":true,"valueName":"search_term_string"}}],"inLanguage":"nb-NO"}]}},"_links":{"self":[{"href":"https:\/\/likeink.com\/no\/wp-json\/wp\/v2\/product\/54163","targetHints":{"allow":["GET"]}}],"collection":[{"href":"https:\/\/likeink.com\/no\/wp-json\/wp\/v2\/product"}],"about":[{"href":"https:\/\/likeink.com\/no\/wp-json\/wp\/v2\/types\/product"}],"wp:featuredmedia":[{"embeddable":true,"href":"https:\/\/likeink.com\/no\/wp-json\/wp\/v2\/media\/54164"}],"wp:attachment":[{"href":"https:\/\/likeink.com\/no\/wp-json\/wp\/v2\/media?parent=54163"}],"wp:term":[{"taxonomy":"product_brand","embeddable":true,"href":"https:\/\/likeink.com\/no\/wp-json\/wp\/v2\/product_brand?post=54163"},{"taxonomy":"product_cat","embeddable":true,"href":"https:\/\/likeink.com\/no\/wp-json\/wp\/v2\/product_cat?post=54163"},{"taxonomy":"product_tag","embeddable":true,"href":"https:\/\/likeink.com\/no\/wp-json\/wp\/v2\/product_tag?post=54163"}],"curies":[{"name":"wp","href":"https:\/\/api.w.org\/{rel}","templated":true}]}}