{"id":54167,"date":"2024-01-11T21:30:58","date_gmt":"2025-12-15T09:34:01","guid":{"rendered":"https:\/\/likeink.com\/gnuggis\/falske-tatoveringer-colourful-women-av-angie-art\/"},"modified":"2026-01-30T11:34:51","modified_gmt":"2026-01-30T11:34:51","slug":"falske-tatoveringer-colourful-women-av-angie-art","status":"publish","type":"product","link":"https:\/\/likeink.com\/no\/faketatureringar\/falske-tatoveringer-colourful-women-av-angie-art\/","title":{"rendered":"Falske tatoveringer \u00abColourful Women\u00bb av Angie Art"},"content":{"rendered":"","protected":false},"excerpt":{"rendered":"<p>Opplev skj\u00f8nnheten i Angie Arts kunstneriske verden med v\u00e5rt eksklusive A5-ark fylt med seks unike midlertidige tatoveringer av kvinner. Denne h\u00e5ndplukkede samlingen av illustrasjoner viser livlige tatoveringer av kvinner, hver og en et unikt kunstverk skapt av den talentfulle Angie Art. Perfekt for deg som \u00f8nsker \u00e5 uttrykke din kreative side eller eksperimentere med midlertidig kunst p\u00e5 huden din. La deg inspirere og forvandle huden din til et bevegelig galleri med disse i\u00f8ynefallende falske tatoveringene fra Like ink.<\/p>\n<h2>Bestill midlertidige tatoveringer av kunstnerisk tegnet kvinner og b\u00e6r kunst p\u00e5 huden din i form av et midlertidig tatoveringslerret.<\/h2>\n<p><strong>Om Angelina:<\/strong><br \/>\nEn lidenskapelig kunstner fra Stockholm.<br \/>\nHun har alltid v\u00e6rt kreativ, og kommer fra en kreativ familie hvor farger og former alltid har blitt oppmuntret.<br \/>\nMed bakgrunn som fris\u00f8r og mange \u00e5r i finansbransjen fant Angelina en fantastisk m\u00e5te \u00e5 slappe av p\u00e5 om kveldene \u2013 gjennom maling.<br \/>\nHun bygde raskt opp en stor kunstportef\u00f8lje, og kort tid etter startet hun et selskap, ga ut tre kolleksjoner og begynte \u00e5 selge mer omfattende i l\u00f8pet av 2022 og 2023.<br \/>\nN\u00e5 lever hun dr\u00f8mmen sin med det ene beinet fortsatt i finansbransjen og det andre i kunstverdenen.<\/p>\n<p>I dag maler hun og lanserer kolleksjoner av produkter som brett, puter og bordsk\u00e5nere som selges av forhandlere over hele landet, og n\u00e5 er endelig kunsten hennes tilgjengelig som tatoveringer hos oss p\u00e5 Like ink.<\/p>\n<p>Kunsten hennes er abstrakt, fargerik og viser ofte nakenhet med fokus p\u00e5 kvinner. Det er en tolkning av styrke og lidenskap, og for Angelina er det viktig \u00e5 formidle glede og positivitet i kunsten sin.<br \/>\nDe fleste kjenner igjen Angelinas kunst fra de hjerteformede leppene som dukker opp i mange av maleriene hennes.<br \/>\nAngelina henter ofte inspirasjon fra hverdagslige omgivelser og inntrykk fra de siste dagene.<\/p>\n<p><strong>Kontakt:<\/strong><br \/>\nFlere prosjekter og samarbeid er planlagt for de kommende \u00e5rene, s\u00e5 f\u00f8lg Angelinas reise!<br \/>\n@angieart.se<\/p>\n<p><strong>Arkst\u00f8rrelse: A5<br \/>\nTatoveringsst\u00f8rrelse:<\/strong><br \/>\n6-7 cm<\/p>\n","protected":false},"featured_media":54168,"template":"","meta":[],"product_brand":[],"product_cat":[365,370],"product_tag":[],"class_list":{"0":"post-54167","1":"product","2":"type-product","3":"status-publish","4":"has-post-thumbnail","6":"product_cat-ferdige-ark","7":"product_cat-samarbeid-med-tatoveringskunstnere","9":"first","10":"instock","11":"taxable","12":"shipping-taxable","13":"purchasable","14":"product-type-simple"},"yoast_head":"<!-- This site is optimized with the Yoast SEO Premium plugin v26.2 (Yoast SEO v27.4) - https:\/\/yoast.com\/product\/yoast-seo-premium-wordpress\/ -->\n<title>Tatoveringer for kvinner: Levende tatoveringer av kunstneren Angie Art - Like ink<\/title>\n<meta name=\"description\" content=\"Tatoveringer for kvinner: Bli et vandrende galleri med disse kunstnerisk illustrerte midlertidige tatoveringene fra kunstneren Angie Art. Rask levering - Like ink\" \/>\n<meta name=\"robots\" content=\"index, follow, max-snippet:-1, max-image-preview:large, max-video-preview:-1\" \/>\n<link rel=\"canonical\" href=\"https:\/\/likeink.com\/no\/faketatureringar\/falske-tatoveringer-colourful-women-av-angie-art\/\" \/>\n<meta property=\"og:locale\" content=\"nb_NO\" \/>\n<meta property=\"og:type\" content=\"article\" \/>\n<meta property=\"og:title\" content=\"Falske tatoveringer \u00abColourful Women\u00bb av Angie Art\" \/>\n<meta property=\"og:description\" content=\"Opplev skj\u00f8nnheten i Angie Arts kunstneriske verden med v\u00e5rt eksklusive A5-ark fylt med seks unike midlertidige tatoveringer av kvinner. Denne h\u00e5ndplukkede samlingen av illustrasjoner viser livlige tatoveringer av kvinner, hver og en et unikt kunstverk skapt av den talentfulle Angie Art. Perfekt for deg som \u00f8nsker \u00e5 uttrykke din kreative side eller eksperimentere med midlertidig kunst p\u00e5 huden din. La deg inspirere og forvandle huden din til et bevegelig galleri med disse i\u00f8ynefallende falske tatoveringene fra Like ink. Bestill midlertidige tatoveringer av kunstnerisk tegnet kvinner og b\u00e6r kunst p\u00e5 huden din i form av et midlertidig tatoveringslerret. Om Angelina: En lidenskapelig kunstner fra Stockholm. Hun har alltid v\u00e6rt kreativ, og kommer fra en kreativ familie hvor farger og former alltid har blitt oppmuntret. Med bakgrunn som fris\u00f8r og mange \u00e5r i finansbransjen fant Angelina en fantastisk m\u00e5te \u00e5 slappe av p\u00e5 om kveldene \u2013 gjennom maling. Hun bygde raskt opp en stor kunstportef\u00f8lje, og kort tid etter startet hun et selskap, ga ut tre kolleksjoner og begynte \u00e5 selge mer omfattende i l\u00f8pet av 2022 og 2023. N\u00e5 lever hun dr\u00f8mmen sin med det ene beinet fortsatt i finansbransjen og det andre i kunstverdenen. I dag maler hun og lanserer kolleksjoner av produkter som brett, puter og bordsk\u00e5nere som selges av forhandlere over hele landet, og n\u00e5 er endelig kunsten hennes tilgjengelig som tatoveringer hos oss p\u00e5 Like ink. Kunsten hennes er abstrakt, fargerik og viser ofte nakenhet med fokus p\u00e5 kvinner. Det er en tolkning av styrke og lidenskap, og for Angelina er det viktig \u00e5 formidle glede og positivitet i kunsten sin. De fleste kjenner igjen Angelinas kunst fra de hjerteformede leppene som dukker opp i mange av maleriene hennes. Angelina henter ofte inspirasjon fra hverdagslige omgivelser og inntrykk fra de siste dagene. Kontakt: Flere prosjekter og samarbeid er planlagt for de kommende \u00e5rene, s\u00e5 f\u00f8lg Angelinas reise! @angieart.se Arkst\u00f8rrelse: A5 Tatoveringsst\u00f8rrelse: 6-7 cm\" \/>\n<meta property=\"og:url\" content=\"https:\/\/likeink.com\/no\/faketatureringar\/falske-tatoveringer-colourful-women-av-angie-art\/\" \/>\n<meta property=\"og:site_name\" content=\"Like ink\" \/>\n<meta property=\"article:publisher\" content=\"https:\/\/www.facebook.com\/LikeInkSe\" \/>\n<meta property=\"article:modified_time\" content=\"2026-01-30T11:34:51+00:00\" \/>\n<meta property=\"og:image\" content=\"https:\/\/likeink.com\/wp-content\/uploads\/2024\/01\/AngieArt-Woman-Likeink.jpg\" \/>\n\t<meta property=\"og:image:width\" content=\"1702\" \/>\n\t<meta property=\"og:image:height\" content=\"1200\" \/>\n\t<meta property=\"og:image:type\" content=\"image\/jpeg\" \/>\n<meta name=\"twitter:card\" content=\"summary_large_image\" \/>\n<script type=\"application\/ld+json\" class=\"yoast-schema-graph\">{\"@context\":\"https:\\\/\\\/schema.org\",\"@graph\":[{\"@type\":\"WebPage\",\"@id\":\"https:\\\/\\\/likeink.com\\\/no\\\/faketatureringar\\\/falske-tatoveringer-colourful-women-av-angie-art\\\/\",\"url\":\"https:\\\/\\\/likeink.com\\\/no\\\/faketatureringar\\\/falske-tatoveringer-colourful-women-av-angie-art\\\/\",\"name\":\"Tatoveringer for kvinner: Levende tatoveringer av kunstneren Angie Art - Like ink\",\"isPartOf\":{\"@id\":\"https:\\\/\\\/likeink.com\\\/no\\\/#website\"},\"primaryImageOfPage\":{\"@id\":\"https:\\\/\\\/likeink.com\\\/no\\\/faketatureringar\\\/falske-tatoveringer-colourful-women-av-angie-art\\\/#primaryimage\"},\"image\":{\"@id\":\"https:\\\/\\\/likeink.com\\\/no\\\/faketatureringar\\\/falske-tatoveringer-colourful-women-av-angie-art\\\/#primaryimage\"},\"thumbnailUrl\":\"https:\\\/\\\/likeink.com\\\/wp-content\\\/uploads\\\/2024\\\/01\\\/AngieArt-Woman-Likeink.jpg\",\"datePublished\":\"2025-12-15T09:34:01+00:00\",\"dateModified\":\"2026-01-30T11:34:51+00:00\",\"description\":\"Tatoveringer for kvinner: Bli et vandrende galleri med disse kunstnerisk illustrerte midlertidige tatoveringene fra kunstneren Angie Art. Rask levering - Like ink\",\"breadcrumb\":{\"@id\":\"https:\\\/\\\/likeink.com\\\/no\\\/faketatureringar\\\/falske-tatoveringer-colourful-women-av-angie-art\\\/#breadcrumb\"},\"inLanguage\":\"nb-NO\",\"potentialAction\":[{\"@type\":\"ReadAction\",\"target\":[\"https:\\\/\\\/likeink.com\\\/no\\\/faketatureringar\\\/falske-tatoveringer-colourful-women-av-angie-art\\\/\"]}]},{\"@type\":\"ImageObject\",\"inLanguage\":\"nb-NO\",\"@id\":\"https:\\\/\\\/likeink.com\\\/no\\\/faketatureringar\\\/falske-tatoveringer-colourful-women-av-angie-art\\\/#primaryimage\",\"url\":\"https:\\\/\\\/likeink.com\\\/wp-content\\\/uploads\\\/2024\\\/01\\\/AngieArt-Woman-Likeink.jpg\",\"contentUrl\":\"https:\\\/\\\/likeink.com\\\/wp-content\\\/uploads\\\/2024\\\/01\\\/AngieArt-Woman-Likeink.jpg\",\"width\":1702,\"height\":1200,\"caption\":\"Collection of abstract female motifs in fake tattoos from Like ink \u2013 Created by Angie Art, Angelina Morsi.\"},{\"@type\":\"BreadcrumbList\",\"@id\":\"https:\\\/\\\/likeink.com\\\/no\\\/faketatureringar\\\/falske-tatoveringer-colourful-women-av-angie-art\\\/#breadcrumb\",\"itemListElement\":[{\"@type\":\"ListItem\",\"position\":1,\"name\":\"Hem\",\"item\":\"https:\\\/\\\/likeink.com\\\/no\\\/\"},{\"@type\":\"ListItem\",\"position\":2,\"name\":\"Butikk\",\"item\":\"https:\\\/\\\/likeink.com\\\/no\\\/butikk\\\/\"},{\"@type\":\"ListItem\",\"position\":3,\"name\":\"Falske tatoveringer \u00abColourful Women\u00bb av Angie Art\"}]},{\"@type\":\"WebSite\",\"@id\":\"https:\\\/\\\/likeink.com\\\/no\\\/#website\",\"url\":\"https:\\\/\\\/likeink.com\\\/no\\\/\",\"name\":\"Like ink\",\"description\":\"Make your own custom design\",\"potentialAction\":[{\"@type\":\"SearchAction\",\"target\":{\"@type\":\"EntryPoint\",\"urlTemplate\":\"https:\\\/\\\/likeink.com\\\/no\\\/?s={search_term_string}\"},\"query-input\":{\"@type\":\"PropertyValueSpecification\",\"valueRequired\":true,\"valueName\":\"search_term_string\"}}],\"inLanguage\":\"nb-NO\"}]}<\/script>\n<!-- \/ Yoast SEO Premium plugin. -->","yoast_head_json":{"title":"Tatoveringer for kvinner: Levende tatoveringer av kunstneren Angie Art - Like ink","description":"Tatoveringer for kvinner: Bli et vandrende galleri med disse kunstnerisk illustrerte midlertidige tatoveringene fra kunstneren Angie Art. Rask levering - Like ink","robots":{"index":"index","follow":"follow","max-snippet":"max-snippet:-1","max-image-preview":"max-image-preview:large","max-video-preview":"max-video-preview:-1"},"canonical":"https:\/\/likeink.com\/no\/faketatureringar\/falske-tatoveringer-colourful-women-av-angie-art\/","og_locale":"nb_NO","og_type":"article","og_title":"Falske tatoveringer \u00abColourful Women\u00bb av Angie Art","og_description":"Opplev skj\u00f8nnheten i Angie Arts kunstneriske verden med v\u00e5rt eksklusive A5-ark fylt med seks unike midlertidige tatoveringer av kvinner. Denne h\u00e5ndplukkede samlingen av illustrasjoner viser livlige tatoveringer av kvinner, hver og en et unikt kunstverk skapt av den talentfulle Angie Art. Perfekt for deg som \u00f8nsker \u00e5 uttrykke din kreative side eller eksperimentere med midlertidig kunst p\u00e5 huden din. La deg inspirere og forvandle huden din til et bevegelig galleri med disse i\u00f8ynefallende falske tatoveringene fra Like ink. Bestill midlertidige tatoveringer av kunstnerisk tegnet kvinner og b\u00e6r kunst p\u00e5 huden din i form av et midlertidig tatoveringslerret. Om Angelina: En lidenskapelig kunstner fra Stockholm. Hun har alltid v\u00e6rt kreativ, og kommer fra en kreativ familie hvor farger og former alltid har blitt oppmuntret. Med bakgrunn som fris\u00f8r og mange \u00e5r i finansbransjen fant Angelina en fantastisk m\u00e5te \u00e5 slappe av p\u00e5 om kveldene \u2013 gjennom maling. Hun bygde raskt opp en stor kunstportef\u00f8lje, og kort tid etter startet hun et selskap, ga ut tre kolleksjoner og begynte \u00e5 selge mer omfattende i l\u00f8pet av 2022 og 2023. N\u00e5 lever hun dr\u00f8mmen sin med det ene beinet fortsatt i finansbransjen og det andre i kunstverdenen. I dag maler hun og lanserer kolleksjoner av produkter som brett, puter og bordsk\u00e5nere som selges av forhandlere over hele landet, og n\u00e5 er endelig kunsten hennes tilgjengelig som tatoveringer hos oss p\u00e5 Like ink. Kunsten hennes er abstrakt, fargerik og viser ofte nakenhet med fokus p\u00e5 kvinner. Det er en tolkning av styrke og lidenskap, og for Angelina er det viktig \u00e5 formidle glede og positivitet i kunsten sin. De fleste kjenner igjen Angelinas kunst fra de hjerteformede leppene som dukker opp i mange av maleriene hennes. Angelina henter ofte inspirasjon fra hverdagslige omgivelser og inntrykk fra de siste dagene. Kontakt: Flere prosjekter og samarbeid er planlagt for de kommende \u00e5rene, s\u00e5 f\u00f8lg Angelinas reise! @angieart.se Arkst\u00f8rrelse: A5 Tatoveringsst\u00f8rrelse: 6-7 cm","og_url":"https:\/\/likeink.com\/no\/faketatureringar\/falske-tatoveringer-colourful-women-av-angie-art\/","og_site_name":"Like ink","article_publisher":"https:\/\/www.facebook.com\/LikeInkSe","article_modified_time":"2026-01-30T11:34:51+00:00","og_image":[{"width":1702,"height":1200,"url":"https:\/\/likeink.com\/wp-content\/uploads\/2024\/01\/AngieArt-Woman-Likeink.jpg","type":"image\/jpeg"}],"twitter_card":"summary_large_image","schema":{"@context":"https:\/\/schema.org","@graph":[{"@type":"WebPage","@id":"https:\/\/likeink.com\/no\/faketatureringar\/falske-tatoveringer-colourful-women-av-angie-art\/","url":"https:\/\/likeink.com\/no\/faketatureringar\/falske-tatoveringer-colourful-women-av-angie-art\/","name":"Tatoveringer for kvinner: Levende tatoveringer av kunstneren Angie Art - Like ink","isPartOf":{"@id":"https:\/\/likeink.com\/no\/#website"},"primaryImageOfPage":{"@id":"https:\/\/likeink.com\/no\/faketatureringar\/falske-tatoveringer-colourful-women-av-angie-art\/#primaryimage"},"image":{"@id":"https:\/\/likeink.com\/no\/faketatureringar\/falske-tatoveringer-colourful-women-av-angie-art\/#primaryimage"},"thumbnailUrl":"https:\/\/likeink.com\/wp-content\/uploads\/2024\/01\/AngieArt-Woman-Likeink.jpg","datePublished":"2025-12-15T09:34:01+00:00","dateModified":"2026-01-30T11:34:51+00:00","description":"Tatoveringer for kvinner: Bli et vandrende galleri med disse kunstnerisk illustrerte midlertidige tatoveringene fra kunstneren Angie Art. Rask levering - Like ink","breadcrumb":{"@id":"https:\/\/likeink.com\/no\/faketatureringar\/falske-tatoveringer-colourful-women-av-angie-art\/#breadcrumb"},"inLanguage":"nb-NO","potentialAction":[{"@type":"ReadAction","target":["https:\/\/likeink.com\/no\/faketatureringar\/falske-tatoveringer-colourful-women-av-angie-art\/"]}]},{"@type":"ImageObject","inLanguage":"nb-NO","@id":"https:\/\/likeink.com\/no\/faketatureringar\/falske-tatoveringer-colourful-women-av-angie-art\/#primaryimage","url":"https:\/\/likeink.com\/wp-content\/uploads\/2024\/01\/AngieArt-Woman-Likeink.jpg","contentUrl":"https:\/\/likeink.com\/wp-content\/uploads\/2024\/01\/AngieArt-Woman-Likeink.jpg","width":1702,"height":1200,"caption":"Collection of abstract female motifs in fake tattoos from Like ink \u2013 Created by Angie Art, Angelina Morsi."},{"@type":"BreadcrumbList","@id":"https:\/\/likeink.com\/no\/faketatureringar\/falske-tatoveringer-colourful-women-av-angie-art\/#breadcrumb","itemListElement":[{"@type":"ListItem","position":1,"name":"Hem","item":"https:\/\/likeink.com\/no\/"},{"@type":"ListItem","position":2,"name":"Butikk","item":"https:\/\/likeink.com\/no\/butikk\/"},{"@type":"ListItem","position":3,"name":"Falske tatoveringer \u00abColourful Women\u00bb av Angie Art"}]},{"@type":"WebSite","@id":"https:\/\/likeink.com\/no\/#website","url":"https:\/\/likeink.com\/no\/","name":"Like ink","description":"Make your own custom design","potentialAction":[{"@type":"SearchAction","target":{"@type":"EntryPoint","urlTemplate":"https:\/\/likeink.com\/no\/?s={search_term_string}"},"query-input":{"@type":"PropertyValueSpecification","valueRequired":true,"valueName":"search_term_string"}}],"inLanguage":"nb-NO"}]}},"_links":{"self":[{"href":"https:\/\/likeink.com\/no\/wp-json\/wp\/v2\/product\/54167","targetHints":{"allow":["GET"]}}],"collection":[{"href":"https:\/\/likeink.com\/no\/wp-json\/wp\/v2\/product"}],"about":[{"href":"https:\/\/likeink.com\/no\/wp-json\/wp\/v2\/types\/product"}],"wp:featuredmedia":[{"embeddable":true,"href":"https:\/\/likeink.com\/no\/wp-json\/wp\/v2\/media\/54168"}],"wp:attachment":[{"href":"https:\/\/likeink.com\/no\/wp-json\/wp\/v2\/media?parent=54167"}],"wp:term":[{"taxonomy":"product_brand","embeddable":true,"href":"https:\/\/likeink.com\/no\/wp-json\/wp\/v2\/product_brand?post=54167"},{"taxonomy":"product_cat","embeddable":true,"href":"https:\/\/likeink.com\/no\/wp-json\/wp\/v2\/product_cat?post=54167"},{"taxonomy":"product_tag","embeddable":true,"href":"https:\/\/likeink.com\/no\/wp-json\/wp\/v2\/product_tag?post=54167"}],"curies":[{"name":"wp","href":"https:\/\/api.w.org\/{rel}","templated":true}]}}