{"id":54171,"date":"2024-01-11T20:06:01","date_gmt":"2025-12-15T09:34:04","guid":{"rendered":"https:\/\/likeink.com\/gnuggis\/flash-watercolour-flashes-av-malin-carper\/"},"modified":"2026-01-30T11:34:59","modified_gmt":"2026-01-30T11:34:59","slug":"flash-watercolour-flashes-av-malin-carper","status":"publish","type":"product","link":"https:\/\/likeink.com\/no\/faketatureringar\/flash-watercolour-flashes-av-malin-carper\/","title":{"rendered":"Flash \u00abWatercolour Flashes\u00bb av Malin Carper"},"content":{"rendered":"","protected":false},"excerpt":{"rendered":"<p>Like ink&#x27;s ferdige ark med midlertidige tatoveringer er omtrent 20\u00d714 cm store og fylt med motivet du ser p\u00e5 bildet. Vi trykker og sender ditt ark med falske tatoveringer innen 24 timer etter at du har bestilt.<\/p>\n<h2>Bestill falske tatoveringer i akvarellstil, \u00abWatercolour tattoos\u00bb, designet av tatoveringskunstneren Malin Carper.<\/h2>\n<p>Dette arket er designet av den talentfulle tatoveringskunstneren Malin Carper hos Bad Mood Tattoo i Helsingborg. Det er superg\u00f8y \u00e5 kunne tilby tatoveringskunst fra Malin, som er en av de kuleste tatoveringskunstnerne vi har sett! Bestill et ark med gnid-p\u00e5-tatoveringer for \u00e5 b\u00e6re hennes kunst i et par dager, og hvis du er interessert i en ekte tatovering, kan du sjekke ut Malins Instagram eller nettside.<\/p>\n<p><strong>Dette er Malin:<\/strong><br \/>\nMitt navn er Malin Carper, og jeg kommer opprinnelig fra Arboga. N\u00e5 jobber jeg hos Bad Mood Tattoo i Helsingborg. Jeg foretrekker \u00e5 jobbe med fargerealisme med et snev av abstrakt.<br \/>\nJeg har v\u00e6rt i tatoveringsbransjen siden 2010, og i l\u00f8pet av alle disse \u00e5rene har jeg reist mye til mange spennende steder. Jeg har jobbet som gjest hos andre dyktige tatoveringskunstnere, tatovert p\u00e5 tatoveringsmesser, tatovert musikere, og jeg har m\u00f8tt mange gode venner! Jeg kunne ikke ha \u00f8nsket meg noe bedre fra tatoveringsyrket! Jeg h\u00e5per du liker mine sm\u00e5 flashes, noen av tatoveringene p\u00e5 dette arket har jeg tatovert.<\/p>\n<p>Med vennlig hilsen,<\/p>\n<p><strong>Malin<\/p>\n<p>Arkformat: A5<br \/>\nTatoveringsst\u00f8rrelse:<\/strong><br \/>\n4\u201310 <strong>cm<\/p>\n<p>Ta kontakt med Malin: Instagram:<\/strong><br \/>\n@malincarper<\/p>\n<p><strong>Studio:<\/strong><br \/>\nBad Mood Tattoo<\/p>\n<p><strong>Adresse:<\/strong><br \/>\nNedre L\u00e5ngvinkelsgatan 17, 25220 Helsingborg<\/p>\n<p><strong>Nettside:<\/strong><br \/>\ncarperink.se<\/p>\n","protected":false},"featured_media":54172,"template":"","meta":[],"product_brand":[],"product_cat":[365,370],"product_tag":[],"class_list":{"0":"post-54171","1":"product","2":"type-product","3":"status-publish","4":"has-post-thumbnail","6":"product_cat-ferdige-ark","7":"product_cat-samarbeid-med-tatoveringskunstnere","9":"first","10":"instock","11":"taxable","12":"shipping-taxable","13":"purchasable","14":"product-type-simple"},"yoast_head":"<!-- This site is optimized with the Yoast SEO Premium plugin v26.2 (Yoast SEO v27.4) - https:\/\/yoast.com\/product\/yoast-seo-premium-wordpress\/ -->\n<title>Flash-ark \u00abWatercolour Flashes\u00bb av Malin Carper- Like ink<\/title>\n<meta name=\"description\" content=\"Akvarelltatoveringer som midlertidige tatoveringer designet av Carper Ink. Fargerike midlertidige tatoveringer! Rask levering og gratis frakt.\" \/>\n<meta name=\"robots\" content=\"index, follow, max-snippet:-1, max-image-preview:large, max-video-preview:-1\" \/>\n<link rel=\"canonical\" href=\"https:\/\/likeink.com\/no\/faketatureringar\/flash-watercolour-flashes-av-malin-carper\/\" \/>\n<meta property=\"og:locale\" content=\"nb_NO\" \/>\n<meta property=\"og:type\" content=\"article\" \/>\n<meta property=\"og:title\" content=\"Flash \u00abWatercolour Flashes\u00bb av Malin Carper\" \/>\n<meta property=\"og:description\" content=\"Like ink&#x27;s ferdige ark med midlertidige tatoveringer er omtrent 20\u00d714 cm store og fylt med motivet du ser p\u00e5 bildet. Vi trykker og sender ditt ark med falske tatoveringer innen 24 timer etter at du har bestilt. Bestill falske tatoveringer i akvarellstil, \u00abWatercolour tattoos\u00bb, designet av tatoveringskunstneren Malin Carper.Dette arket er designet av den talentfulle tatoveringskunstneren Malin Carper hos Bad Mood Tattoo i Helsingborg. Det er superg\u00f8y \u00e5 kunne tilby tatoveringskunst fra Malin, som er en av de kuleste tatoveringskunstnerne vi har sett! Bestill et ark med gnid-p\u00e5-tatoveringer for \u00e5 b\u00e6re hennes kunst i et par dager, og hvis du er interessert i en ekte tatovering, kan du sjekke ut Malins Instagram eller nettside. Dette er Malin: Mitt navn er Malin Carper, og jeg kommer opprinnelig fra Arboga. N\u00e5 jobber jeg hos Bad Mood Tattoo i Helsingborg. Jeg foretrekker \u00e5 jobbe med fargerealisme med et snev av abstrakt. Jeg har v\u00e6rt i tatoveringsbransjen siden 2010, og i l\u00f8pet av alle disse \u00e5rene har jeg reist mye til mange spennende steder. Jeg har jobbet som gjest hos andre dyktige tatoveringskunstnere, tatovert p\u00e5 tatoveringsmesser, tatovert musikere, og jeg har m\u00f8tt mange gode venner! Jeg kunne ikke ha \u00f8nsket meg noe bedre fra tatoveringsyrket! Jeg h\u00e5per du liker mine sm\u00e5 flashes, noen av tatoveringene p\u00e5 dette arket har jeg tatovert. Med vennlig hilsen, Malin Arkformat: A5 Tatoveringsst\u00f8rrelse: 4\u201310 cm Ta kontakt med Malin: Instagram: @malincarper Studio: Bad Mood Tattoo Adresse: Nedre L\u00e5ngvinkelsgatan 17, 25220 Helsingborg Nettside: carperink.se\" \/>\n<meta property=\"og:url\" content=\"https:\/\/likeink.com\/no\/faketatureringar\/flash-watercolour-flashes-av-malin-carper\/\" \/>\n<meta property=\"og:site_name\" content=\"Like ink\" \/>\n<meta property=\"article:publisher\" content=\"https:\/\/www.facebook.com\/LikeInkSe\" \/>\n<meta property=\"article:modified_time\" content=\"2026-01-30T11:34:59+00:00\" \/>\n<meta property=\"og:image\" content=\"https:\/\/likeink.com\/wp-content\/uploads\/2024\/01\/MalinCarper-WaterColor-Flashes-Likeink.jpg\" \/>\n\t<meta property=\"og:image:width\" content=\"1702\" \/>\n\t<meta property=\"og:image:height\" content=\"1200\" \/>\n\t<meta property=\"og:image:type\" content=\"image\/jpeg\" \/>\n<meta name=\"twitter:card\" content=\"summary_large_image\" \/>\n<script type=\"application\/ld+json\" class=\"yoast-schema-graph\">{\"@context\":\"https:\\\/\\\/schema.org\",\"@graph\":[{\"@type\":\"WebPage\",\"@id\":\"https:\\\/\\\/likeink.com\\\/no\\\/faketatureringar\\\/flash-watercolour-flashes-av-malin-carper\\\/\",\"url\":\"https:\\\/\\\/likeink.com\\\/no\\\/faketatureringar\\\/flash-watercolour-flashes-av-malin-carper\\\/\",\"name\":\"Flash-ark \u00abWatercolour Flashes\u00bb av Malin Carper- Like ink\",\"isPartOf\":{\"@id\":\"https:\\\/\\\/likeink.com\\\/no\\\/#website\"},\"primaryImageOfPage\":{\"@id\":\"https:\\\/\\\/likeink.com\\\/no\\\/faketatureringar\\\/flash-watercolour-flashes-av-malin-carper\\\/#primaryimage\"},\"image\":{\"@id\":\"https:\\\/\\\/likeink.com\\\/no\\\/faketatureringar\\\/flash-watercolour-flashes-av-malin-carper\\\/#primaryimage\"},\"thumbnailUrl\":\"https:\\\/\\\/likeink.com\\\/wp-content\\\/uploads\\\/2024\\\/01\\\/MalinCarper-WaterColor-Flashes-Likeink.jpg\",\"datePublished\":\"2025-12-15T09:34:04+00:00\",\"dateModified\":\"2026-01-30T11:34:59+00:00\",\"description\":\"Akvarelltatoveringer som midlertidige tatoveringer designet av Carper Ink. Fargerike midlertidige tatoveringer! Rask levering og gratis frakt.\",\"breadcrumb\":{\"@id\":\"https:\\\/\\\/likeink.com\\\/no\\\/faketatureringar\\\/flash-watercolour-flashes-av-malin-carper\\\/#breadcrumb\"},\"inLanguage\":\"nb-NO\",\"potentialAction\":[{\"@type\":\"ReadAction\",\"target\":[\"https:\\\/\\\/likeink.com\\\/no\\\/faketatureringar\\\/flash-watercolour-flashes-av-malin-carper\\\/\"]}]},{\"@type\":\"ImageObject\",\"inLanguage\":\"nb-NO\",\"@id\":\"https:\\\/\\\/likeink.com\\\/no\\\/faketatureringar\\\/flash-watercolour-flashes-av-malin-carper\\\/#primaryimage\",\"url\":\"https:\\\/\\\/likeink.com\\\/wp-content\\\/uploads\\\/2024\\\/01\\\/MalinCarper-WaterColor-Flashes-Likeink.jpg\",\"contentUrl\":\"https:\\\/\\\/likeink.com\\\/wp-content\\\/uploads\\\/2024\\\/01\\\/MalinCarper-WaterColor-Flashes-Likeink.jpg\",\"width\":1702,\"height\":1200,\"caption\":\"Collection of watercolor tattoos by Malin Carper \u2013 Tattoo motifs from nature and gaming.\"},{\"@type\":\"BreadcrumbList\",\"@id\":\"https:\\\/\\\/likeink.com\\\/no\\\/faketatureringar\\\/flash-watercolour-flashes-av-malin-carper\\\/#breadcrumb\",\"itemListElement\":[{\"@type\":\"ListItem\",\"position\":1,\"name\":\"Hem\",\"item\":\"https:\\\/\\\/likeink.com\\\/no\\\/\"},{\"@type\":\"ListItem\",\"position\":2,\"name\":\"Butikk\",\"item\":\"https:\\\/\\\/likeink.com\\\/no\\\/butikk\\\/\"},{\"@type\":\"ListItem\",\"position\":3,\"name\":\"Flash \u00abWatercolour Flashes\u00bb av Malin Carper\"}]},{\"@type\":\"WebSite\",\"@id\":\"https:\\\/\\\/likeink.com\\\/no\\\/#website\",\"url\":\"https:\\\/\\\/likeink.com\\\/no\\\/\",\"name\":\"Like ink\",\"description\":\"Make your own custom design\",\"potentialAction\":[{\"@type\":\"SearchAction\",\"target\":{\"@type\":\"EntryPoint\",\"urlTemplate\":\"https:\\\/\\\/likeink.com\\\/no\\\/?s={search_term_string}\"},\"query-input\":{\"@type\":\"PropertyValueSpecification\",\"valueRequired\":true,\"valueName\":\"search_term_string\"}}],\"inLanguage\":\"nb-NO\"}]}<\/script>\n<!-- \/ Yoast SEO Premium plugin. -->","yoast_head_json":{"title":"Flash-ark \u00abWatercolour Flashes\u00bb av Malin Carper- Like ink","description":"Akvarelltatoveringer som midlertidige tatoveringer designet av Carper Ink. Fargerike midlertidige tatoveringer! Rask levering og gratis frakt.","robots":{"index":"index","follow":"follow","max-snippet":"max-snippet:-1","max-image-preview":"max-image-preview:large","max-video-preview":"max-video-preview:-1"},"canonical":"https:\/\/likeink.com\/no\/faketatureringar\/flash-watercolour-flashes-av-malin-carper\/","og_locale":"nb_NO","og_type":"article","og_title":"Flash \u00abWatercolour Flashes\u00bb av Malin Carper","og_description":"Like ink&#x27;s ferdige ark med midlertidige tatoveringer er omtrent 20\u00d714 cm store og fylt med motivet du ser p\u00e5 bildet. Vi trykker og sender ditt ark med falske tatoveringer innen 24 timer etter at du har bestilt. Bestill falske tatoveringer i akvarellstil, \u00abWatercolour tattoos\u00bb, designet av tatoveringskunstneren Malin Carper.Dette arket er designet av den talentfulle tatoveringskunstneren Malin Carper hos Bad Mood Tattoo i Helsingborg. Det er superg\u00f8y \u00e5 kunne tilby tatoveringskunst fra Malin, som er en av de kuleste tatoveringskunstnerne vi har sett! Bestill et ark med gnid-p\u00e5-tatoveringer for \u00e5 b\u00e6re hennes kunst i et par dager, og hvis du er interessert i en ekte tatovering, kan du sjekke ut Malins Instagram eller nettside. Dette er Malin: Mitt navn er Malin Carper, og jeg kommer opprinnelig fra Arboga. N\u00e5 jobber jeg hos Bad Mood Tattoo i Helsingborg. Jeg foretrekker \u00e5 jobbe med fargerealisme med et snev av abstrakt. Jeg har v\u00e6rt i tatoveringsbransjen siden 2010, og i l\u00f8pet av alle disse \u00e5rene har jeg reist mye til mange spennende steder. Jeg har jobbet som gjest hos andre dyktige tatoveringskunstnere, tatovert p\u00e5 tatoveringsmesser, tatovert musikere, og jeg har m\u00f8tt mange gode venner! Jeg kunne ikke ha \u00f8nsket meg noe bedre fra tatoveringsyrket! Jeg h\u00e5per du liker mine sm\u00e5 flashes, noen av tatoveringene p\u00e5 dette arket har jeg tatovert. Med vennlig hilsen, Malin Arkformat: A5 Tatoveringsst\u00f8rrelse: 4\u201310 cm Ta kontakt med Malin: Instagram: @malincarper Studio: Bad Mood Tattoo Adresse: Nedre L\u00e5ngvinkelsgatan 17, 25220 Helsingborg Nettside: carperink.se","og_url":"https:\/\/likeink.com\/no\/faketatureringar\/flash-watercolour-flashes-av-malin-carper\/","og_site_name":"Like ink","article_publisher":"https:\/\/www.facebook.com\/LikeInkSe","article_modified_time":"2026-01-30T11:34:59+00:00","og_image":[{"width":1702,"height":1200,"url":"https:\/\/likeink.com\/wp-content\/uploads\/2024\/01\/MalinCarper-WaterColor-Flashes-Likeink.jpg","type":"image\/jpeg"}],"twitter_card":"summary_large_image","schema":{"@context":"https:\/\/schema.org","@graph":[{"@type":"WebPage","@id":"https:\/\/likeink.com\/no\/faketatureringar\/flash-watercolour-flashes-av-malin-carper\/","url":"https:\/\/likeink.com\/no\/faketatureringar\/flash-watercolour-flashes-av-malin-carper\/","name":"Flash-ark \u00abWatercolour Flashes\u00bb av Malin Carper- Like ink","isPartOf":{"@id":"https:\/\/likeink.com\/no\/#website"},"primaryImageOfPage":{"@id":"https:\/\/likeink.com\/no\/faketatureringar\/flash-watercolour-flashes-av-malin-carper\/#primaryimage"},"image":{"@id":"https:\/\/likeink.com\/no\/faketatureringar\/flash-watercolour-flashes-av-malin-carper\/#primaryimage"},"thumbnailUrl":"https:\/\/likeink.com\/wp-content\/uploads\/2024\/01\/MalinCarper-WaterColor-Flashes-Likeink.jpg","datePublished":"2025-12-15T09:34:04+00:00","dateModified":"2026-01-30T11:34:59+00:00","description":"Akvarelltatoveringer som midlertidige tatoveringer designet av Carper Ink. Fargerike midlertidige tatoveringer! Rask levering og gratis frakt.","breadcrumb":{"@id":"https:\/\/likeink.com\/no\/faketatureringar\/flash-watercolour-flashes-av-malin-carper\/#breadcrumb"},"inLanguage":"nb-NO","potentialAction":[{"@type":"ReadAction","target":["https:\/\/likeink.com\/no\/faketatureringar\/flash-watercolour-flashes-av-malin-carper\/"]}]},{"@type":"ImageObject","inLanguage":"nb-NO","@id":"https:\/\/likeink.com\/no\/faketatureringar\/flash-watercolour-flashes-av-malin-carper\/#primaryimage","url":"https:\/\/likeink.com\/wp-content\/uploads\/2024\/01\/MalinCarper-WaterColor-Flashes-Likeink.jpg","contentUrl":"https:\/\/likeink.com\/wp-content\/uploads\/2024\/01\/MalinCarper-WaterColor-Flashes-Likeink.jpg","width":1702,"height":1200,"caption":"Collection of watercolor tattoos by Malin Carper \u2013 Tattoo motifs from nature and gaming."},{"@type":"BreadcrumbList","@id":"https:\/\/likeink.com\/no\/faketatureringar\/flash-watercolour-flashes-av-malin-carper\/#breadcrumb","itemListElement":[{"@type":"ListItem","position":1,"name":"Hem","item":"https:\/\/likeink.com\/no\/"},{"@type":"ListItem","position":2,"name":"Butikk","item":"https:\/\/likeink.com\/no\/butikk\/"},{"@type":"ListItem","position":3,"name":"Flash \u00abWatercolour Flashes\u00bb av Malin Carper"}]},{"@type":"WebSite","@id":"https:\/\/likeink.com\/no\/#website","url":"https:\/\/likeink.com\/no\/","name":"Like ink","description":"Make your own custom design","potentialAction":[{"@type":"SearchAction","target":{"@type":"EntryPoint","urlTemplate":"https:\/\/likeink.com\/no\/?s={search_term_string}"},"query-input":{"@type":"PropertyValueSpecification","valueRequired":true,"valueName":"search_term_string"}}],"inLanguage":"nb-NO"}]}},"_links":{"self":[{"href":"https:\/\/likeink.com\/no\/wp-json\/wp\/v2\/product\/54171","targetHints":{"allow":["GET"]}}],"collection":[{"href":"https:\/\/likeink.com\/no\/wp-json\/wp\/v2\/product"}],"about":[{"href":"https:\/\/likeink.com\/no\/wp-json\/wp\/v2\/types\/product"}],"wp:featuredmedia":[{"embeddable":true,"href":"https:\/\/likeink.com\/no\/wp-json\/wp\/v2\/media\/54172"}],"wp:attachment":[{"href":"https:\/\/likeink.com\/no\/wp-json\/wp\/v2\/media?parent=54171"}],"wp:term":[{"taxonomy":"product_brand","embeddable":true,"href":"https:\/\/likeink.com\/no\/wp-json\/wp\/v2\/product_brand?post=54171"},{"taxonomy":"product_cat","embeddable":true,"href":"https:\/\/likeink.com\/no\/wp-json\/wp\/v2\/product_cat?post=54171"},{"taxonomy":"product_tag","embeddable":true,"href":"https:\/\/likeink.com\/no\/wp-json\/wp\/v2\/product_tag?post=54171"}],"curies":[{"name":"wp","href":"https:\/\/api.w.org\/{rel}","templated":true}]}}