{"id":54185,"date":"2023-10-06T13:50:58","date_gmt":"2025-12-15T09:34:14","guid":{"rendered":"https:\/\/likeink.com\/gnuggis\/flash-old-school-flowers-av-matte-bokis\/"},"modified":"2026-01-30T11:35:15","modified_gmt":"2026-01-30T11:35:15","slug":"flash-old-school-flowers-av-matte-bokis","status":"publish","type":"product","link":"https:\/\/likeink.com\/no\/faketatureringar\/flash-old-school-flowers-av-matte-bokis\/","title":{"rendered":"Flash \u00abOld School Flowers\u00bb av Matte Bokis"},"content":{"rendered":"","protected":false},"excerpt":{"rendered":"<p>Like Inks bruksklare flash-ark med falske tatoveringer er 195 x 140 mm store og fylt med motivet du ser p\u00e5 bildet. Vi trykker og sender arket med disse t\u00f8ffe tatoveringene innen 24 timer etter at du har bestilt. Tatoveringene ser bra ut, er av h\u00f8y kvalitet og er enkle \u00e5 p\u00e5f\u00f8re og vaske av. Like Ink overholder all lovgivning for kosmetiske produkter i EU, s\u00e5 du kan f\u00f8le deg trygg n\u00e5r du bestiller falske tatoveringer fra oss.<\/p>\n<h2>Bestill et ark med falske tatoveringer i form av Old School Flowers av den talentfulle kunstneren og tatoveringskunstneren Matte Bokis.<\/h2>\n<p>Dette arket er designet av den fantastiske tatoveringskunstneren \u00abMatte Bokis\u00bb, en erfaren og sv\u00e6rt popul\u00e6r tatoveringskunstner basert i Stockholm, Sverige. Det er virkelig g\u00f8y \u00e5 tilby kunst fra denne superflinke graffiti- og tatoveringskunstneren.<\/p>\n<p><strong>Dette er Matte Bokis:<\/strong><br \/>\nJeg er en tatoveringskunstner basert i Stockholm. Jeg er virkelig spent p\u00e5 \u00e5 lage noen flash-design for Like Ink, det beste falske tatoveringsselskapet i Europa. Min reise inn i kunstens verden startet i graffitimilj\u00f8et tidlig p\u00e5 90-tallet, og siden 2006 har jeg v\u00e6rt dypt involvert i tatoveringsmilj\u00f8et.<\/p>\n<p>Min lidenskap ligger i den tradisjonelle tatoveringskunsten, men jeg legger alltid til min egen unike vri. \u00c5 skape og designe tatoveringer er et daglig ritual for meg, og hvert verk jeg produserer er et uttrykk for min kj\u00e6rlighet til denne kunstformen.<\/p>\n<p>Jeg h\u00e5per du setter pris p\u00e5 og nyter arbeidet mitt like mye som jeg elsket \u00e5 skape det!<\/p>\n<p>Vennlig hilsen, Matte Bokis<\/p>\n<p><strong>Ta kontakt med Matte Bokis:<\/strong><br \/>\nDu finner meg og alle tatoveringsarbeidene mine p\u00e5 sosiale medier<\/p>\n<p><strong>Instagram:<\/strong><br \/>\n@mattebokis<\/p>\n<p><strong>Studio:<\/strong><br \/>\nStudio Merentis<\/p>\n<p><strong>Adresse:<\/strong><br \/>\nStudio Merentis, Stockholm<\/p>\n","protected":false},"featured_media":54186,"template":"","meta":[],"product_brand":[],"product_cat":[365,370],"product_tag":[],"class_list":{"0":"post-54185","1":"product","2":"type-product","3":"status-publish","4":"has-post-thumbnail","6":"product_cat-ferdige-ark","7":"product_cat-samarbeid-med-tatoveringskunstnere","9":"first","10":"instock","11":"taxable","12":"shipping-taxable","13":"purchasable","14":"product-type-simple"},"yoast_head":"<!-- This site is optimized with the Yoast SEO Premium plugin v26.2 (Yoast SEO v27.4) - https:\/\/yoast.com\/product\/yoast-seo-premium-wordpress\/ -->\n<title>Old School Flowers av Matte Bokis | Midlertidige tatoveringer - Like ink<\/title>\n<meta name=\"description\" content=\"Old School Flowers er falske tatoveringer utviklet av tatoveringskunstneren Matte Bokis. Rask levering, god kvalitet og gratis frakt! - Like ink\" \/>\n<meta name=\"robots\" content=\"index, follow, max-snippet:-1, max-image-preview:large, max-video-preview:-1\" \/>\n<link rel=\"canonical\" href=\"https:\/\/likeink.com\/no\/faketatureringar\/flash-old-school-flowers-av-matte-bokis\/\" \/>\n<meta property=\"og:locale\" content=\"nb_NO\" \/>\n<meta property=\"og:type\" content=\"article\" \/>\n<meta property=\"og:title\" content=\"Flash \u00abOld School Flowers\u00bb av Matte Bokis\" \/>\n<meta property=\"og:description\" content=\"Like Inks bruksklare flash-ark med falske tatoveringer er 195 x 140 mm store og fylt med motivet du ser p\u00e5 bildet. Vi trykker og sender arket med disse t\u00f8ffe tatoveringene innen 24 timer etter at du har bestilt. Tatoveringene ser bra ut, er av h\u00f8y kvalitet og er enkle \u00e5 p\u00e5f\u00f8re og vaske av. Like Ink overholder all lovgivning for kosmetiske produkter i EU, s\u00e5 du kan f\u00f8le deg trygg n\u00e5r du bestiller falske tatoveringer fra oss. Bestill et ark med falske tatoveringer i form av Old School Flowers av den talentfulle kunstneren og tatoveringskunstneren Matte Bokis.Dette arket er designet av den fantastiske tatoveringskunstneren \u00abMatte Bokis\u00bb, en erfaren og sv\u00e6rt popul\u00e6r tatoveringskunstner basert i Stockholm, Sverige. Det er virkelig g\u00f8y \u00e5 tilby kunst fra denne superflinke graffiti- og tatoveringskunstneren. Dette er Matte Bokis: Jeg er en tatoveringskunstner basert i Stockholm. Jeg er virkelig spent p\u00e5 \u00e5 lage noen flash-design for Like Ink, det beste falske tatoveringsselskapet i Europa. Min reise inn i kunstens verden startet i graffitimilj\u00f8et tidlig p\u00e5 90-tallet, og siden 2006 har jeg v\u00e6rt dypt involvert i tatoveringsmilj\u00f8et. Min lidenskap ligger i den tradisjonelle tatoveringskunsten, men jeg legger alltid til min egen unike vri. \u00c5 skape og designe tatoveringer er et daglig ritual for meg, og hvert verk jeg produserer er et uttrykk for min kj\u00e6rlighet til denne kunstformen. Jeg h\u00e5per du setter pris p\u00e5 og nyter arbeidet mitt like mye som jeg elsket \u00e5 skape det! Vennlig hilsen, Matte Bokis Ta kontakt med Matte Bokis: Du finner meg og alle tatoveringsarbeidene mine p\u00e5 sosiale medier Instagram: @mattebokis Studio: Studio Merentis Adresse: Studio Merentis, Stockholm\" \/>\n<meta property=\"og:url\" content=\"https:\/\/likeink.com\/no\/faketatureringar\/flash-old-school-flowers-av-matte-bokis\/\" \/>\n<meta property=\"og:site_name\" content=\"Like ink\" \/>\n<meta property=\"article:publisher\" content=\"https:\/\/www.facebook.com\/LikeInkSe\" \/>\n<meta property=\"article:modified_time\" content=\"2026-01-30T11:35:15+00:00\" \/>\n<meta property=\"og:image\" content=\"https:\/\/likeink.com\/wp-content\/uploads\/2023\/10\/MatteBokis-Oldschool-flowers-web.jpg\" \/>\n\t<meta property=\"og:image:width\" content=\"1400\" \/>\n\t<meta property=\"og:image:height\" content=\"986\" \/>\n\t<meta property=\"og:image:type\" content=\"image\/jpeg\" \/>\n<meta name=\"twitter:card\" content=\"summary_large_image\" \/>\n<script type=\"application\/ld+json\" class=\"yoast-schema-graph\">{\"@context\":\"https:\\\/\\\/schema.org\",\"@graph\":[{\"@type\":\"WebPage\",\"@id\":\"https:\\\/\\\/likeink.com\\\/no\\\/faketatureringar\\\/flash-old-school-flowers-av-matte-bokis\\\/\",\"url\":\"https:\\\/\\\/likeink.com\\\/no\\\/faketatureringar\\\/flash-old-school-flowers-av-matte-bokis\\\/\",\"name\":\"Old School Flowers av Matte Bokis | Midlertidige tatoveringer - Like ink\",\"isPartOf\":{\"@id\":\"https:\\\/\\\/likeink.com\\\/no\\\/#website\"},\"primaryImageOfPage\":{\"@id\":\"https:\\\/\\\/likeink.com\\\/no\\\/faketatureringar\\\/flash-old-school-flowers-av-matte-bokis\\\/#primaryimage\"},\"image\":{\"@id\":\"https:\\\/\\\/likeink.com\\\/no\\\/faketatureringar\\\/flash-old-school-flowers-av-matte-bokis\\\/#primaryimage\"},\"thumbnailUrl\":\"https:\\\/\\\/likeink.com\\\/wp-content\\\/uploads\\\/2023\\\/10\\\/MatteBokis-Oldschool-flowers-web.jpg\",\"datePublished\":\"2025-12-15T09:34:14+00:00\",\"dateModified\":\"2026-01-30T11:35:15+00:00\",\"description\":\"Old School Flowers er falske tatoveringer utviklet av tatoveringskunstneren Matte Bokis. Rask levering, god kvalitet og gratis frakt! - Like ink\",\"breadcrumb\":{\"@id\":\"https:\\\/\\\/likeink.com\\\/no\\\/faketatureringar\\\/flash-old-school-flowers-av-matte-bokis\\\/#breadcrumb\"},\"inLanguage\":\"nb-NO\",\"potentialAction\":[{\"@type\":\"ReadAction\",\"target\":[\"https:\\\/\\\/likeink.com\\\/no\\\/faketatureringar\\\/flash-old-school-flowers-av-matte-bokis\\\/\"]}]},{\"@type\":\"ImageObject\",\"inLanguage\":\"nb-NO\",\"@id\":\"https:\\\/\\\/likeink.com\\\/no\\\/faketatureringar\\\/flash-old-school-flowers-av-matte-bokis\\\/#primaryimage\",\"url\":\"https:\\\/\\\/likeink.com\\\/wp-content\\\/uploads\\\/2023\\\/10\\\/MatteBokis-Oldschool-flowers-web.jpg\",\"contentUrl\":\"https:\\\/\\\/likeink.com\\\/wp-content\\\/uploads\\\/2023\\\/10\\\/MatteBokis-Oldschool-flowers-web.jpg\",\"width\":1400,\"height\":986,\"caption\":\"Like ink's series of temporary tattoos with classic Old School floral motifs and a prominent crying heart.\"},{\"@type\":\"BreadcrumbList\",\"@id\":\"https:\\\/\\\/likeink.com\\\/no\\\/faketatureringar\\\/flash-old-school-flowers-av-matte-bokis\\\/#breadcrumb\",\"itemListElement\":[{\"@type\":\"ListItem\",\"position\":1,\"name\":\"Hem\",\"item\":\"https:\\\/\\\/likeink.com\\\/no\\\/\"},{\"@type\":\"ListItem\",\"position\":2,\"name\":\"Butikk\",\"item\":\"https:\\\/\\\/likeink.com\\\/no\\\/butikk\\\/\"},{\"@type\":\"ListItem\",\"position\":3,\"name\":\"Flash \u00abOld School Flowers\u00bb av Matte Bokis\"}]},{\"@type\":\"WebSite\",\"@id\":\"https:\\\/\\\/likeink.com\\\/no\\\/#website\",\"url\":\"https:\\\/\\\/likeink.com\\\/no\\\/\",\"name\":\"Like ink\",\"description\":\"Make your own custom design\",\"potentialAction\":[{\"@type\":\"SearchAction\",\"target\":{\"@type\":\"EntryPoint\",\"urlTemplate\":\"https:\\\/\\\/likeink.com\\\/no\\\/?s={search_term_string}\"},\"query-input\":{\"@type\":\"PropertyValueSpecification\",\"valueRequired\":true,\"valueName\":\"search_term_string\"}}],\"inLanguage\":\"nb-NO\"}]}<\/script>\n<!-- \/ Yoast SEO Premium plugin. -->","yoast_head_json":{"title":"Old School Flowers av Matte Bokis | Midlertidige tatoveringer - Like ink","description":"Old School Flowers er falske tatoveringer utviklet av tatoveringskunstneren Matte Bokis. Rask levering, god kvalitet og gratis frakt! - Like ink","robots":{"index":"index","follow":"follow","max-snippet":"max-snippet:-1","max-image-preview":"max-image-preview:large","max-video-preview":"max-video-preview:-1"},"canonical":"https:\/\/likeink.com\/no\/faketatureringar\/flash-old-school-flowers-av-matte-bokis\/","og_locale":"nb_NO","og_type":"article","og_title":"Flash \u00abOld School Flowers\u00bb av Matte Bokis","og_description":"Like Inks bruksklare flash-ark med falske tatoveringer er 195 x 140 mm store og fylt med motivet du ser p\u00e5 bildet. Vi trykker og sender arket med disse t\u00f8ffe tatoveringene innen 24 timer etter at du har bestilt. Tatoveringene ser bra ut, er av h\u00f8y kvalitet og er enkle \u00e5 p\u00e5f\u00f8re og vaske av. Like Ink overholder all lovgivning for kosmetiske produkter i EU, s\u00e5 du kan f\u00f8le deg trygg n\u00e5r du bestiller falske tatoveringer fra oss. Bestill et ark med falske tatoveringer i form av Old School Flowers av den talentfulle kunstneren og tatoveringskunstneren Matte Bokis.Dette arket er designet av den fantastiske tatoveringskunstneren \u00abMatte Bokis\u00bb, en erfaren og sv\u00e6rt popul\u00e6r tatoveringskunstner basert i Stockholm, Sverige. Det er virkelig g\u00f8y \u00e5 tilby kunst fra denne superflinke graffiti- og tatoveringskunstneren. Dette er Matte Bokis: Jeg er en tatoveringskunstner basert i Stockholm. Jeg er virkelig spent p\u00e5 \u00e5 lage noen flash-design for Like Ink, det beste falske tatoveringsselskapet i Europa. Min reise inn i kunstens verden startet i graffitimilj\u00f8et tidlig p\u00e5 90-tallet, og siden 2006 har jeg v\u00e6rt dypt involvert i tatoveringsmilj\u00f8et. Min lidenskap ligger i den tradisjonelle tatoveringskunsten, men jeg legger alltid til min egen unike vri. \u00c5 skape og designe tatoveringer er et daglig ritual for meg, og hvert verk jeg produserer er et uttrykk for min kj\u00e6rlighet til denne kunstformen. Jeg h\u00e5per du setter pris p\u00e5 og nyter arbeidet mitt like mye som jeg elsket \u00e5 skape det! Vennlig hilsen, Matte Bokis Ta kontakt med Matte Bokis: Du finner meg og alle tatoveringsarbeidene mine p\u00e5 sosiale medier Instagram: @mattebokis Studio: Studio Merentis Adresse: Studio Merentis, Stockholm","og_url":"https:\/\/likeink.com\/no\/faketatureringar\/flash-old-school-flowers-av-matte-bokis\/","og_site_name":"Like ink","article_publisher":"https:\/\/www.facebook.com\/LikeInkSe","article_modified_time":"2026-01-30T11:35:15+00:00","og_image":[{"width":1400,"height":986,"url":"https:\/\/likeink.com\/wp-content\/uploads\/2023\/10\/MatteBokis-Oldschool-flowers-web.jpg","type":"image\/jpeg"}],"twitter_card":"summary_large_image","schema":{"@context":"https:\/\/schema.org","@graph":[{"@type":"WebPage","@id":"https:\/\/likeink.com\/no\/faketatureringar\/flash-old-school-flowers-av-matte-bokis\/","url":"https:\/\/likeink.com\/no\/faketatureringar\/flash-old-school-flowers-av-matte-bokis\/","name":"Old School Flowers av Matte Bokis | Midlertidige tatoveringer - Like ink","isPartOf":{"@id":"https:\/\/likeink.com\/no\/#website"},"primaryImageOfPage":{"@id":"https:\/\/likeink.com\/no\/faketatureringar\/flash-old-school-flowers-av-matte-bokis\/#primaryimage"},"image":{"@id":"https:\/\/likeink.com\/no\/faketatureringar\/flash-old-school-flowers-av-matte-bokis\/#primaryimage"},"thumbnailUrl":"https:\/\/likeink.com\/wp-content\/uploads\/2023\/10\/MatteBokis-Oldschool-flowers-web.jpg","datePublished":"2025-12-15T09:34:14+00:00","dateModified":"2026-01-30T11:35:15+00:00","description":"Old School Flowers er falske tatoveringer utviklet av tatoveringskunstneren Matte Bokis. Rask levering, god kvalitet og gratis frakt! - Like ink","breadcrumb":{"@id":"https:\/\/likeink.com\/no\/faketatureringar\/flash-old-school-flowers-av-matte-bokis\/#breadcrumb"},"inLanguage":"nb-NO","potentialAction":[{"@type":"ReadAction","target":["https:\/\/likeink.com\/no\/faketatureringar\/flash-old-school-flowers-av-matte-bokis\/"]}]},{"@type":"ImageObject","inLanguage":"nb-NO","@id":"https:\/\/likeink.com\/no\/faketatureringar\/flash-old-school-flowers-av-matte-bokis\/#primaryimage","url":"https:\/\/likeink.com\/wp-content\/uploads\/2023\/10\/MatteBokis-Oldschool-flowers-web.jpg","contentUrl":"https:\/\/likeink.com\/wp-content\/uploads\/2023\/10\/MatteBokis-Oldschool-flowers-web.jpg","width":1400,"height":986,"caption":"Like ink's series of temporary tattoos with classic Old School floral motifs and a prominent crying heart."},{"@type":"BreadcrumbList","@id":"https:\/\/likeink.com\/no\/faketatureringar\/flash-old-school-flowers-av-matte-bokis\/#breadcrumb","itemListElement":[{"@type":"ListItem","position":1,"name":"Hem","item":"https:\/\/likeink.com\/no\/"},{"@type":"ListItem","position":2,"name":"Butikk","item":"https:\/\/likeink.com\/no\/butikk\/"},{"@type":"ListItem","position":3,"name":"Flash \u00abOld School Flowers\u00bb av Matte Bokis"}]},{"@type":"WebSite","@id":"https:\/\/likeink.com\/no\/#website","url":"https:\/\/likeink.com\/no\/","name":"Like ink","description":"Make your own custom design","potentialAction":[{"@type":"SearchAction","target":{"@type":"EntryPoint","urlTemplate":"https:\/\/likeink.com\/no\/?s={search_term_string}"},"query-input":{"@type":"PropertyValueSpecification","valueRequired":true,"valueName":"search_term_string"}}],"inLanguage":"nb-NO"}]}},"_links":{"self":[{"href":"https:\/\/likeink.com\/no\/wp-json\/wp\/v2\/product\/54185","targetHints":{"allow":["GET"]}}],"collection":[{"href":"https:\/\/likeink.com\/no\/wp-json\/wp\/v2\/product"}],"about":[{"href":"https:\/\/likeink.com\/no\/wp-json\/wp\/v2\/types\/product"}],"wp:featuredmedia":[{"embeddable":true,"href":"https:\/\/likeink.com\/no\/wp-json\/wp\/v2\/media\/54186"}],"wp:attachment":[{"href":"https:\/\/likeink.com\/no\/wp-json\/wp\/v2\/media?parent=54185"}],"wp:term":[{"taxonomy":"product_brand","embeddable":true,"href":"https:\/\/likeink.com\/no\/wp-json\/wp\/v2\/product_brand?post=54185"},{"taxonomy":"product_cat","embeddable":true,"href":"https:\/\/likeink.com\/no\/wp-json\/wp\/v2\/product_cat?post=54185"},{"taxonomy":"product_tag","embeddable":true,"href":"https:\/\/likeink.com\/no\/wp-json\/wp\/v2\/product_tag?post=54185"}],"curies":[{"name":"wp","href":"https:\/\/api.w.org\/{rel}","templated":true}]}}