{"id":54193,"date":"2023-09-15T12:09:32","date_gmt":"2025-12-15T09:34:20","guid":{"rendered":"https:\/\/likeink.com\/gnuggis\/barbie-tatoveringer-a5\/"},"modified":"2026-03-16T20:41:18","modified_gmt":"2026-03-16T20:41:18","slug":"barbie-tatoveringer-a5","status":"publish","type":"product","link":"https:\/\/likeink.com\/no\/faketatureringar\/barbie-tatoveringer-a5\/","title":{"rendered":"Barbie-tatoveringer"},"content":{"rendered":"","protected":false},"excerpt":{"rendered":"<p>Et ark med 20 engangstatueringer er akkurat det du trenger for \u00e5 gi Barbie-kostymet ditt den ekstra finishen. Denne samlingen av midlertidige tatoveringer er et utmerket tilbeh\u00f8r for deg som \u00f8nsker \u00e5 kle deg ut som Barbie, og fullender stilen perfekt til en maskerade, Halloween-fest eller en Barbie-filmkveld.<\/p>\n<h2>Bestill stilige og allergivennlige falske Barbie-tatoveringer fra Like ink<\/h2>\n<p>Vi trykker og sender Barbie-tatoveringene dine innen 24 timer, og tatoveringene er enkle \u00e5 p\u00e5f\u00f8re, allergivennlige og dessuten veldig stilige!<br \/>\nArket inneholder flere varianter av Barbie-logoer, men ogs\u00e5 rosa diamanter, briller, en parfymeflaske og en Barbie-silhuett.<\/p>\n<p><strong>Arkst\u00f8rrelse: A5 Antall tatoveringer: 20 Tatoveringsst\u00f8rrelse: 2-6 cm<\/strong><\/p>\n","protected":false},"featured_media":54194,"template":"","meta":[],"product_brand":[],"product_cat":[532,365,518],"product_tag":[],"class_list":{"0":"post-54193","1":"product","2":"type-product","3":"status-publish","4":"has-post-thumbnail","6":"product_cat-barnefest","7":"product_cat-ferdige-ark","8":"product_cat-maskerade-sesong","10":"first","11":"instock","12":"taxable","13":"shipping-taxable","14":"purchasable","15":"product-type-simple"},"yoast_head":"<!-- This site is optimized with the Yoast SEO Premium plugin v26.2 (Yoast SEO v27.5) - https:\/\/yoast.com\/product\/yoast-seo-premium-wordpress\/ -->\n<title>Barbie-tatoveringer p\u00e5 A5-ark -<\/title>\n<meta name=\"description\" content=\"Barbie-tatoveringer fullf\u00f8rer Barbie-looken p\u00e5 maskeraden, Halloween-festen eller f\u00f8r en Barbie-filmkveld. 20 Barbie-tatoveringer - Like ink\" \/>\n<meta name=\"robots\" content=\"index, follow, max-snippet:-1, max-image-preview:large, max-video-preview:-1\" \/>\n<link rel=\"canonical\" href=\"https:\/\/likeink.com\/no\/faketatureringar\/barbie-tatoveringer-a5\/\" \/>\n<meta property=\"og:locale\" content=\"nb_NO\" \/>\n<meta property=\"og:type\" content=\"article\" \/>\n<meta property=\"og:title\" content=\"Barbie-tatoveringer\" \/>\n<meta property=\"og:description\" content=\"Et ark med 20 engangstatueringer er akkurat det du trenger for \u00e5 gi Barbie-kostymet ditt den ekstra finishen. Denne samlingen av midlertidige tatoveringer er et utmerket tilbeh\u00f8r for deg som \u00f8nsker \u00e5 kle deg ut som Barbie, og fullender stilen perfekt til en maskerade, Halloween-fest eller en Barbie-filmkveld. Bestill stilige og allergivennlige falske Barbie-tatoveringer fra Like inkVi trykker og sender Barbie-tatoveringene dine innen 24 timer, og tatoveringene er enkle \u00e5 p\u00e5f\u00f8re, allergivennlige og dessuten veldig stilige! Arket inneholder flere varianter av Barbie-logoer, men ogs\u00e5 rosa diamanter, briller, en parfymeflaske og en Barbie-silhuett. Arkst\u00f8rrelse: A5 Antall tatoveringer: 20 Tatoveringsst\u00f8rrelse: 2-6 cm\" \/>\n<meta property=\"og:url\" content=\"https:\/\/likeink.com\/no\/faketatureringar\/barbie-tatoveringer-a5\/\" \/>\n<meta property=\"og:site_name\" content=\"Like ink\" \/>\n<meta property=\"article:publisher\" content=\"https:\/\/www.facebook.com\/LikeInkSe\" \/>\n<meta property=\"article:modified_time\" content=\"2026-03-16T20:41:18+00:00\" \/>\n<meta property=\"og:image\" content=\"https:\/\/likeink.com\/wp-content\/uploads\/2023\/09\/Barbie-temporary-tattoos-likeink.jpg\" \/>\n\t<meta property=\"og:image:width\" content=\"1418\" \/>\n\t<meta property=\"og:image:height\" content=\"1000\" \/>\n\t<meta property=\"og:image:type\" content=\"image\/jpeg\" \/>\n<meta name=\"twitter:card\" content=\"summary_large_image\" \/>\n<!-- \/ Yoast SEO Premium plugin. -->","yoast_head_json":{"title":"Barbie-tatoveringer p\u00e5 A5-ark -","description":"Barbie-tatoveringer fullf\u00f8rer Barbie-looken p\u00e5 maskeraden, Halloween-festen eller f\u00f8r en Barbie-filmkveld. 20 Barbie-tatoveringer - Like ink","robots":{"index":"index","follow":"follow","max-snippet":"max-snippet:-1","max-image-preview":"max-image-preview:large","max-video-preview":"max-video-preview:-1"},"canonical":"https:\/\/likeink.com\/no\/faketatureringar\/barbie-tatoveringer-a5\/","og_locale":"nb_NO","og_type":"article","og_title":"Barbie-tatoveringer","og_description":"Et ark med 20 engangstatueringer er akkurat det du trenger for \u00e5 gi Barbie-kostymet ditt den ekstra finishen. Denne samlingen av midlertidige tatoveringer er et utmerket tilbeh\u00f8r for deg som \u00f8nsker \u00e5 kle deg ut som Barbie, og fullender stilen perfekt til en maskerade, Halloween-fest eller en Barbie-filmkveld. Bestill stilige og allergivennlige falske Barbie-tatoveringer fra Like inkVi trykker og sender Barbie-tatoveringene dine innen 24 timer, og tatoveringene er enkle \u00e5 p\u00e5f\u00f8re, allergivennlige og dessuten veldig stilige! Arket inneholder flere varianter av Barbie-logoer, men ogs\u00e5 rosa diamanter, briller, en parfymeflaske og en Barbie-silhuett. Arkst\u00f8rrelse: A5 Antall tatoveringer: 20 Tatoveringsst\u00f8rrelse: 2-6 cm","og_url":"https:\/\/likeink.com\/no\/faketatureringar\/barbie-tatoveringer-a5\/","og_site_name":"Like ink","article_publisher":"https:\/\/www.facebook.com\/LikeInkSe","article_modified_time":"2026-03-16T20:41:18+00:00","og_image":[{"width":1418,"height":1000,"url":"https:\/\/likeink.com\/wp-content\/uploads\/2023\/09\/Barbie-temporary-tattoos-likeink.jpg","type":"image\/jpeg"}],"twitter_card":"summary_large_image","schema":{"@context":"https:\/\/schema.org","@graph":[{"@type":"WebPage","@id":"https:\/\/likeink.com\/no\/faketatureringar\/barbie-tatoveringer-a5\/","url":"https:\/\/likeink.com\/no\/faketatureringar\/barbie-tatoveringer-a5\/","name":"Barbie-tatoveringer p\u00e5 A5-ark -","isPartOf":{"@id":"https:\/\/likeink.com\/no\/#website"},"primaryImageOfPage":{"@id":"https:\/\/likeink.com\/no\/faketatureringar\/barbie-tatoveringer-a5\/#primaryimage"},"image":{"@id":"https:\/\/likeink.com\/no\/faketatureringar\/barbie-tatoveringer-a5\/#primaryimage"},"thumbnailUrl":"https:\/\/likeink.com\/wp-content\/uploads\/2023\/09\/Barbie-temporary-tattoos-likeink.jpg","datePublished":"2025-12-15T09:34:20+00:00","dateModified":"2026-03-16T20:41:18+00:00","description":"Barbie-tatoveringer fullf\u00f8rer Barbie-looken p\u00e5 maskeraden, Halloween-festen eller f\u00f8r en Barbie-filmkveld. 20 Barbie-tatoveringer - Like ink","breadcrumb":{"@id":"https:\/\/likeink.com\/no\/faketatureringar\/barbie-tatoveringer-a5\/#breadcrumb"},"inLanguage":"nb-NO","potentialAction":[{"@type":"ReadAction","target":["https:\/\/likeink.com\/no\/faketatureringar\/barbie-tatoveringer-a5\/"]}]},{"@type":"ImageObject","inLanguage":"nb-NO","@id":"https:\/\/likeink.com\/no\/faketatureringar\/barbie-tatoveringer-a5\/#primaryimage","url":"https:\/\/likeink.com\/wp-content\/uploads\/2023\/09\/Barbie-temporary-tattoos-likeink.jpg","contentUrl":"https:\/\/likeink.com\/wp-content\/uploads\/2023\/09\/Barbie-temporary-tattoos-likeink.jpg","width":1418,"height":1000,"caption":"Barbie tattoos from Like ink"},{"@type":"BreadcrumbList","@id":"https:\/\/likeink.com\/no\/faketatureringar\/barbie-tatoveringer-a5\/#breadcrumb","itemListElement":[{"@type":"ListItem","position":1,"name":"Hem","item":"https:\/\/likeink.com\/no\/"},{"@type":"ListItem","position":2,"name":"Butikk","item":"https:\/\/likeink.com\/no\/butikk\/"},{"@type":"ListItem","position":3,"name":"Barbie-tatoveringer"}]},{"@type":"WebSite","@id":"https:\/\/likeink.com\/no\/#website","url":"https:\/\/likeink.com\/no\/","name":"Like ink","description":"Make your own custom design","potentialAction":[{"@type":"SearchAction","target":{"@type":"EntryPoint","urlTemplate":"https:\/\/likeink.com\/no\/?s={search_term_string}"},"query-input":{"@type":"PropertyValueSpecification","valueRequired":true,"valueName":"search_term_string"}}],"inLanguage":"nb-NO"}]}},"_links":{"self":[{"href":"https:\/\/likeink.com\/no\/wp-json\/wp\/v2\/product\/54193","targetHints":{"allow":["GET"]}}],"collection":[{"href":"https:\/\/likeink.com\/no\/wp-json\/wp\/v2\/product"}],"about":[{"href":"https:\/\/likeink.com\/no\/wp-json\/wp\/v2\/types\/product"}],"wp:featuredmedia":[{"embeddable":true,"href":"https:\/\/likeink.com\/no\/wp-json\/wp\/v2\/media\/54194"}],"wp:attachment":[{"href":"https:\/\/likeink.com\/no\/wp-json\/wp\/v2\/media?parent=54193"}],"wp:term":[{"taxonomy":"product_brand","embeddable":true,"href":"https:\/\/likeink.com\/no\/wp-json\/wp\/v2\/product_brand?post=54193"},{"taxonomy":"product_cat","embeddable":true,"href":"https:\/\/likeink.com\/no\/wp-json\/wp\/v2\/product_cat?post=54193"},{"taxonomy":"product_tag","embeddable":true,"href":"https:\/\/likeink.com\/no\/wp-json\/wp\/v2\/product_tag?post=54193"}],"curies":[{"name":"wp","href":"https:\/\/api.w.org\/{rel}","templated":true}]}}