{"id":54201,"date":"2023-06-30T19:31:51","date_gmt":"2025-12-15T09:34:25","guid":{"rendered":"https:\/\/likeink.com\/gnuggis\/fotball-tatoveringer-a5\/"},"modified":"2026-03-16T20:41:29","modified_gmt":"2026-03-16T20:41:29","slug":"fotball-tatoveringer-a5","status":"publish","type":"product","link":"https:\/\/likeink.com\/no\/faketatureringar\/fotball-tatoveringer-a5\/","title":{"rendered":"Fotball-tatoveringer"},"content":{"rendered":"","protected":false},"excerpt":{"rendered":"<p>Like Ink Fake Tattoos &#8211; Perfekt for alle fotballfans!<br \/>\nMed v\u00e5re fantastiske falske tatoveringer kan du vise din kj\u00e6rlighet til fotball. Her f\u00e5r du et ark fylt med forskjellige illustrerte fotballer som passer til fotballtrening, heiing p\u00e5 tribunen under en fotballkamp, eller n\u00e5r du vil gi sofaen hjemme litt ekstra stil. V\u00e5re tatoveringer er ogs\u00e5 popul\u00e6re \u00e5 dele ut p\u00e5 fester, arrangementer og sammenkomster!<\/p>\n<h2>Bestill vakre fotballtatoveringer<\/h2>\n<p>Tatoveringene er sk\u00e5nsomme mot huden, av h\u00f8y kvalitet og enkle \u00e5 p\u00e5f\u00f8re.<\/p>\n<p><strong>Arkst\u00f8rrelse: A5 Antall tatoveringer: 14 Tatoveringsst\u00f8rrelse: 3-5 cm<\/strong><\/p>\n","protected":false},"featured_media":54202,"template":"","meta":[],"product_brand":[],"product_cat":[369,365,371],"product_tag":[],"class_list":{"0":"post-54201","1":"product","2":"type-product","3":"status-publish","4":"has-post-thumbnail","6":"product_cat-andre-tatoveringer","7":"product_cat-ferdige-ark","8":"product_cat-tatoveringer-for-barn","10":"first","11":"instock","12":"taxable","13":"shipping-taxable","14":"purchasable","15":"product-type-simple"},"yoast_head":"<!-- This site is optimized with the Yoast SEO Premium plugin v26.2 (Yoast SEO v27.4) - https:\/\/yoast.com\/product\/yoast-seo-premium-wordpress\/ -->\n<title>Fotball-tatoveringer H\u00f8y kvalitet og rask levering! - Like ink<\/title>\n<meta name=\"description\" content=\"Fotball-tatoveringer: Moro for fotballheiagjengen, i sofaen foran TV-en og under trenings\u00f8ktene! Rask levering og gratis frakt! - Like ink\" \/>\n<meta name=\"robots\" content=\"index, follow, max-snippet:-1, max-image-preview:large, max-video-preview:-1\" \/>\n<link rel=\"canonical\" href=\"https:\/\/likeink.com\/no\/faketatureringar\/fotball-tatoveringer-a5\/\" \/>\n<meta property=\"og:locale\" content=\"nb_NO\" \/>\n<meta property=\"og:type\" content=\"article\" \/>\n<meta property=\"og:title\" content=\"Fotball-tatoveringer\" \/>\n<meta property=\"og:description\" content=\"Like Ink Fake Tattoos - Perfekt for alle fotballfans! Med v\u00e5re fantastiske falske tatoveringer kan du vise din kj\u00e6rlighet til fotball. Her f\u00e5r du et ark fylt med forskjellige illustrerte fotballer som passer til fotballtrening, heiing p\u00e5 tribunen under en fotballkamp, eller n\u00e5r du vil gi sofaen hjemme litt ekstra stil. V\u00e5re tatoveringer er ogs\u00e5 popul\u00e6re \u00e5 dele ut p\u00e5 fester, arrangementer og sammenkomster! Bestill vakre fotballtatoveringerTatoveringene er sk\u00e5nsomme mot huden, av h\u00f8y kvalitet og enkle \u00e5 p\u00e5f\u00f8re. Arkst\u00f8rrelse: A5 Antall tatoveringer: 14 Tatoveringsst\u00f8rrelse: 3-5 cm\" \/>\n<meta property=\"og:url\" content=\"https:\/\/likeink.com\/no\/faketatureringar\/fotball-tatoveringer-a5\/\" \/>\n<meta property=\"og:site_name\" content=\"Like ink\" \/>\n<meta property=\"article:publisher\" content=\"https:\/\/www.facebook.com\/LikeInkSe\" \/>\n<meta property=\"article:modified_time\" content=\"2026-03-16T20:41:29+00:00\" \/>\n<meta property=\"og:image\" content=\"https:\/\/likeink.com\/wp-content\/uploads\/2023\/06\/Football-faketattoos-likeink-gnuggisar.jpg\" \/>\n\t<meta property=\"og:image:width\" content=\"1600\" \/>\n\t<meta property=\"og:image:height\" content=\"1127\" \/>\n\t<meta property=\"og:image:type\" content=\"image\/jpeg\" \/>\n<meta name=\"twitter:card\" content=\"summary_large_image\" \/>\n<script type=\"application\/ld+json\" class=\"yoast-schema-graph\">{\"@context\":\"https:\\\/\\\/schema.org\",\"@graph\":[{\"@type\":\"WebPage\",\"@id\":\"https:\\\/\\\/likeink.com\\\/no\\\/faketatureringar\\\/fotball-tatoveringer-a5\\\/\",\"url\":\"https:\\\/\\\/likeink.com\\\/no\\\/faketatureringar\\\/fotball-tatoveringer-a5\\\/\",\"name\":\"Fotball-tatoveringer H\u00f8y kvalitet og rask levering! - Like ink\",\"isPartOf\":{\"@id\":\"https:\\\/\\\/likeink.com\\\/no\\\/#website\"},\"primaryImageOfPage\":{\"@id\":\"https:\\\/\\\/likeink.com\\\/no\\\/faketatureringar\\\/fotball-tatoveringer-a5\\\/#primaryimage\"},\"image\":{\"@id\":\"https:\\\/\\\/likeink.com\\\/no\\\/faketatureringar\\\/fotball-tatoveringer-a5\\\/#primaryimage\"},\"thumbnailUrl\":\"https:\\\/\\\/likeink.com\\\/wp-content\\\/uploads\\\/2023\\\/06\\\/Football-faketattoos-likeink-gnuggisar.jpg\",\"datePublished\":\"2025-12-15T09:34:25+00:00\",\"dateModified\":\"2026-03-16T20:41:29+00:00\",\"description\":\"Fotball-tatoveringer: Moro for fotballheiagjengen, i sofaen foran TV-en og under trenings\u00f8ktene! Rask levering og gratis frakt! - Like ink\",\"breadcrumb\":{\"@id\":\"https:\\\/\\\/likeink.com\\\/no\\\/faketatureringar\\\/fotball-tatoveringer-a5\\\/#breadcrumb\"},\"inLanguage\":\"nb-NO\",\"potentialAction\":[{\"@type\":\"ReadAction\",\"target\":[\"https:\\\/\\\/likeink.com\\\/no\\\/faketatureringar\\\/fotball-tatoveringer-a5\\\/\"]}]},{\"@type\":\"ImageObject\",\"inLanguage\":\"nb-NO\",\"@id\":\"https:\\\/\\\/likeink.com\\\/no\\\/faketatureringar\\\/fotball-tatoveringer-a5\\\/#primaryimage\",\"url\":\"https:\\\/\\\/likeink.com\\\/wp-content\\\/uploads\\\/2023\\\/06\\\/Football-faketattoos-likeink-gnuggisar.jpg\",\"contentUrl\":\"https:\\\/\\\/likeink.com\\\/wp-content\\\/uploads\\\/2023\\\/06\\\/Football-faketattoos-likeink-gnuggisar.jpg\",\"width\":1600,\"height\":1127,\"caption\":\"Nice black and white soccer balls as fake tattoos.\"},{\"@type\":\"BreadcrumbList\",\"@id\":\"https:\\\/\\\/likeink.com\\\/no\\\/faketatureringar\\\/fotball-tatoveringer-a5\\\/#breadcrumb\",\"itemListElement\":[{\"@type\":\"ListItem\",\"position\":1,\"name\":\"Hem\",\"item\":\"https:\\\/\\\/likeink.com\\\/no\\\/\"},{\"@type\":\"ListItem\",\"position\":2,\"name\":\"Butikk\",\"item\":\"https:\\\/\\\/likeink.com\\\/no\\\/butikk\\\/\"},{\"@type\":\"ListItem\",\"position\":3,\"name\":\"Fotball-tatoveringer\"}]},{\"@type\":\"WebSite\",\"@id\":\"https:\\\/\\\/likeink.com\\\/no\\\/#website\",\"url\":\"https:\\\/\\\/likeink.com\\\/no\\\/\",\"name\":\"Like ink\",\"description\":\"Make your own custom design\",\"potentialAction\":[{\"@type\":\"SearchAction\",\"target\":{\"@type\":\"EntryPoint\",\"urlTemplate\":\"https:\\\/\\\/likeink.com\\\/no\\\/?s={search_term_string}\"},\"query-input\":{\"@type\":\"PropertyValueSpecification\",\"valueRequired\":true,\"valueName\":\"search_term_string\"}}],\"inLanguage\":\"nb-NO\"}]}<\/script>\n<!-- \/ Yoast SEO Premium plugin. -->","yoast_head_json":{"title":"Fotball-tatoveringer H\u00f8y kvalitet og rask levering! - Like ink","description":"Fotball-tatoveringer: Moro for fotballheiagjengen, i sofaen foran TV-en og under trenings\u00f8ktene! Rask levering og gratis frakt! - Like ink","robots":{"index":"index","follow":"follow","max-snippet":"max-snippet:-1","max-image-preview":"max-image-preview:large","max-video-preview":"max-video-preview:-1"},"canonical":"https:\/\/likeink.com\/no\/faketatureringar\/fotball-tatoveringer-a5\/","og_locale":"nb_NO","og_type":"article","og_title":"Fotball-tatoveringer","og_description":"Like Ink Fake Tattoos - Perfekt for alle fotballfans! Med v\u00e5re fantastiske falske tatoveringer kan du vise din kj\u00e6rlighet til fotball. Her f\u00e5r du et ark fylt med forskjellige illustrerte fotballer som passer til fotballtrening, heiing p\u00e5 tribunen under en fotballkamp, eller n\u00e5r du vil gi sofaen hjemme litt ekstra stil. V\u00e5re tatoveringer er ogs\u00e5 popul\u00e6re \u00e5 dele ut p\u00e5 fester, arrangementer og sammenkomster! Bestill vakre fotballtatoveringerTatoveringene er sk\u00e5nsomme mot huden, av h\u00f8y kvalitet og enkle \u00e5 p\u00e5f\u00f8re. Arkst\u00f8rrelse: A5 Antall tatoveringer: 14 Tatoveringsst\u00f8rrelse: 3-5 cm","og_url":"https:\/\/likeink.com\/no\/faketatureringar\/fotball-tatoveringer-a5\/","og_site_name":"Like ink","article_publisher":"https:\/\/www.facebook.com\/LikeInkSe","article_modified_time":"2026-03-16T20:41:29+00:00","og_image":[{"width":1600,"height":1127,"url":"https:\/\/likeink.com\/wp-content\/uploads\/2023\/06\/Football-faketattoos-likeink-gnuggisar.jpg","type":"image\/jpeg"}],"twitter_card":"summary_large_image","schema":{"@context":"https:\/\/schema.org","@graph":[{"@type":"WebPage","@id":"https:\/\/likeink.com\/no\/faketatureringar\/fotball-tatoveringer-a5\/","url":"https:\/\/likeink.com\/no\/faketatureringar\/fotball-tatoveringer-a5\/","name":"Fotball-tatoveringer H\u00f8y kvalitet og rask levering! - Like ink","isPartOf":{"@id":"https:\/\/likeink.com\/no\/#website"},"primaryImageOfPage":{"@id":"https:\/\/likeink.com\/no\/faketatureringar\/fotball-tatoveringer-a5\/#primaryimage"},"image":{"@id":"https:\/\/likeink.com\/no\/faketatureringar\/fotball-tatoveringer-a5\/#primaryimage"},"thumbnailUrl":"https:\/\/likeink.com\/wp-content\/uploads\/2023\/06\/Football-faketattoos-likeink-gnuggisar.jpg","datePublished":"2025-12-15T09:34:25+00:00","dateModified":"2026-03-16T20:41:29+00:00","description":"Fotball-tatoveringer: Moro for fotballheiagjengen, i sofaen foran TV-en og under trenings\u00f8ktene! Rask levering og gratis frakt! - Like ink","breadcrumb":{"@id":"https:\/\/likeink.com\/no\/faketatureringar\/fotball-tatoveringer-a5\/#breadcrumb"},"inLanguage":"nb-NO","potentialAction":[{"@type":"ReadAction","target":["https:\/\/likeink.com\/no\/faketatureringar\/fotball-tatoveringer-a5\/"]}]},{"@type":"ImageObject","inLanguage":"nb-NO","@id":"https:\/\/likeink.com\/no\/faketatureringar\/fotball-tatoveringer-a5\/#primaryimage","url":"https:\/\/likeink.com\/wp-content\/uploads\/2023\/06\/Football-faketattoos-likeink-gnuggisar.jpg","contentUrl":"https:\/\/likeink.com\/wp-content\/uploads\/2023\/06\/Football-faketattoos-likeink-gnuggisar.jpg","width":1600,"height":1127,"caption":"Nice black and white soccer balls as fake tattoos."},{"@type":"BreadcrumbList","@id":"https:\/\/likeink.com\/no\/faketatureringar\/fotball-tatoveringer-a5\/#breadcrumb","itemListElement":[{"@type":"ListItem","position":1,"name":"Hem","item":"https:\/\/likeink.com\/no\/"},{"@type":"ListItem","position":2,"name":"Butikk","item":"https:\/\/likeink.com\/no\/butikk\/"},{"@type":"ListItem","position":3,"name":"Fotball-tatoveringer"}]},{"@type":"WebSite","@id":"https:\/\/likeink.com\/no\/#website","url":"https:\/\/likeink.com\/no\/","name":"Like ink","description":"Make your own custom design","potentialAction":[{"@type":"SearchAction","target":{"@type":"EntryPoint","urlTemplate":"https:\/\/likeink.com\/no\/?s={search_term_string}"},"query-input":{"@type":"PropertyValueSpecification","valueRequired":true,"valueName":"search_term_string"}}],"inLanguage":"nb-NO"}]}},"_links":{"self":[{"href":"https:\/\/likeink.com\/no\/wp-json\/wp\/v2\/product\/54201","targetHints":{"allow":["GET"]}}],"collection":[{"href":"https:\/\/likeink.com\/no\/wp-json\/wp\/v2\/product"}],"about":[{"href":"https:\/\/likeink.com\/no\/wp-json\/wp\/v2\/types\/product"}],"wp:featuredmedia":[{"embeddable":true,"href":"https:\/\/likeink.com\/no\/wp-json\/wp\/v2\/media\/54202"}],"wp:attachment":[{"href":"https:\/\/likeink.com\/no\/wp-json\/wp\/v2\/media?parent=54201"}],"wp:term":[{"taxonomy":"product_brand","embeddable":true,"href":"https:\/\/likeink.com\/no\/wp-json\/wp\/v2\/product_brand?post=54201"},{"taxonomy":"product_cat","embeddable":true,"href":"https:\/\/likeink.com\/no\/wp-json\/wp\/v2\/product_cat?post=54201"},{"taxonomy":"product_tag","embeddable":true,"href":"https:\/\/likeink.com\/no\/wp-json\/wp\/v2\/product_tag?post=54201"}],"curies":[{"name":"wp","href":"https:\/\/api.w.org\/{rel}","templated":true}]}}