{"id":54219,"date":"2023-05-09T13:52:46","date_gmt":"2025-12-15T09:34:35","guid":{"rendered":"https:\/\/likeink.com\/gnuggis\/retro-bursdagskaker-a5\/"},"modified":"2026-03-16T20:41:52","modified_gmt":"2026-03-16T20:41:52","slug":"retro-bursdagskaker-a5","status":"publish","type":"product","link":"https:\/\/likeink.com\/no\/faketatureringar\/retro-bursdagskaker-a5\/","title":{"rendered":"Retro bursdagskaker"},"content":{"rendered":"","protected":false},"excerpt":{"rendered":"<p>Like Ink &#8211; presenterer et ark med flotte falske tatoveringer i form av retro bursdagskaker. Feir bursdagen din med stil med v\u00e5re midlertidige tatoveringer! Dette A5-arket inneholder morsomme og kreative retrodesign av bursdagskaker i form av underholdende figurer. Skap en minneverdig bursdagsfeiring med disse sjarmerende og lettp\u00e5f\u00f8rbare falske tatoveringene, som er perfekte for b\u00e5de barn og voksne som \u00f8nsker \u00e5 gi sin spesielle dag et lekent og unikt preg. Med stilige midlertidige tatoveringer vil du garantert spre glede blant gjestene dine og gj\u00f8re bursdagsfeiringen uforglemmelig!<\/p>\n<h2>Bestill midlertidige tatoveringer med bursdagstema<\/h2>\n<p>Arkst\u00f8rrelse: A5<\/p>\n<p>Antall tatoveringer: 16<\/p>\n<p>St\u00f8rrelse: 3-4 cm<\/p>\n<p>\u00a0<\/p>\n","protected":false},"featured_media":54220,"template":"","meta":[],"product_brand":[],"product_cat":[365,371],"product_tag":[],"class_list":{"0":"post-54219","1":"product","2":"type-product","3":"status-publish","4":"has-post-thumbnail","6":"product_cat-ferdige-ark","7":"product_cat-tatoveringer-for-barn","9":"first","10":"instock","11":"taxable","12":"shipping-taxable","13":"purchasable","14":"product-type-simple"},"yoast_head":"<!-- This site is optimized with the Yoast SEO Premium plugin v26.2 (Yoast SEO v27.4) - https:\/\/yoast.com\/product\/yoast-seo-premium-wordpress\/ -->\n<title>Som blekk Midlertidige tatoveringer: Retro bursdagskaker - Like ink<\/title>\n<meta name=\"description\" content=\"Retro bursdagskaker med midlertidige tatoveringer er det beste til bursdagsfesten! Rask levering og gratis frakt! - Like ink\" \/>\n<meta name=\"robots\" content=\"index, follow, max-snippet:-1, max-image-preview:large, max-video-preview:-1\" \/>\n<link rel=\"canonical\" href=\"https:\/\/likeink.com\/no\/faketatureringar\/retro-bursdagskaker-a5\/\" \/>\n<meta property=\"og:locale\" content=\"nb_NO\" \/>\n<meta property=\"og:type\" content=\"article\" \/>\n<meta property=\"og:title\" content=\"Retro bursdagskaker\" \/>\n<meta property=\"og:description\" content=\"Like Ink - presenterer et ark med flotte falske tatoveringer i form av retro bursdagskaker. Feir bursdagen din med stil med v\u00e5re midlertidige tatoveringer! Dette A5-arket inneholder morsomme og kreative retrodesign av bursdagskaker i form av underholdende figurer. Skap en minneverdig bursdagsfeiring med disse sjarmerende og lettp\u00e5f\u00f8rbare falske tatoveringene, som er perfekte for b\u00e5de barn og voksne som \u00f8nsker \u00e5 gi sin spesielle dag et lekent og unikt preg. Med stilige midlertidige tatoveringer vil du garantert spre glede blant gjestene dine og gj\u00f8re bursdagsfeiringen uforglemmelig! Bestill midlertidige tatoveringer med bursdagstema Arkst\u00f8rrelse: A5 Antall tatoveringer: 16 St\u00f8rrelse: 3-4 cm \u00a0\" \/>\n<meta property=\"og:url\" content=\"https:\/\/likeink.com\/no\/faketatureringar\/retro-bursdagskaker-a5\/\" \/>\n<meta property=\"og:site_name\" content=\"Like ink\" \/>\n<meta property=\"article:publisher\" content=\"https:\/\/www.facebook.com\/LikeInkSe\" \/>\n<meta property=\"article:modified_time\" content=\"2026-03-16T20:41:52+00:00\" \/>\n<meta property=\"og:image\" content=\"https:\/\/likeink.com\/wp-content\/uploads\/2023\/05\/Fodelsedagstartor-gnuggisar-likeink.jpg\" \/>\n\t<meta property=\"og:image:width\" content=\"1200\" \/>\n\t<meta property=\"og:image:height\" content=\"845\" \/>\n\t<meta property=\"og:image:type\" content=\"image\/jpeg\" \/>\n<meta name=\"twitter:card\" content=\"summary_large_image\" \/>\n<script type=\"application\/ld+json\" class=\"yoast-schema-graph\">{\"@context\":\"https:\\\/\\\/schema.org\",\"@graph\":[{\"@type\":\"WebPage\",\"@id\":\"https:\\\/\\\/likeink.com\\\/no\\\/faketatureringar\\\/retro-bursdagskaker-a5\\\/\",\"url\":\"https:\\\/\\\/likeink.com\\\/no\\\/faketatureringar\\\/retro-bursdagskaker-a5\\\/\",\"name\":\"Som blekk Midlertidige tatoveringer: Retro bursdagskaker - Like ink\",\"isPartOf\":{\"@id\":\"https:\\\/\\\/likeink.com\\\/no\\\/#website\"},\"primaryImageOfPage\":{\"@id\":\"https:\\\/\\\/likeink.com\\\/no\\\/faketatureringar\\\/retro-bursdagskaker-a5\\\/#primaryimage\"},\"image\":{\"@id\":\"https:\\\/\\\/likeink.com\\\/no\\\/faketatureringar\\\/retro-bursdagskaker-a5\\\/#primaryimage\"},\"thumbnailUrl\":\"https:\\\/\\\/likeink.com\\\/wp-content\\\/uploads\\\/2023\\\/05\\\/Fodelsedagstartor-gnuggisar-likeink.jpg\",\"datePublished\":\"2025-12-15T09:34:35+00:00\",\"dateModified\":\"2026-03-16T20:41:52+00:00\",\"description\":\"Retro bursdagskaker med midlertidige tatoveringer er det beste til bursdagsfesten! Rask levering og gratis frakt! - Like ink\",\"breadcrumb\":{\"@id\":\"https:\\\/\\\/likeink.com\\\/no\\\/faketatureringar\\\/retro-bursdagskaker-a5\\\/#breadcrumb\"},\"inLanguage\":\"nb-NO\",\"potentialAction\":[{\"@type\":\"ReadAction\",\"target\":[\"https:\\\/\\\/likeink.com\\\/no\\\/faketatureringar\\\/retro-bursdagskaker-a5\\\/\"]}]},{\"@type\":\"ImageObject\",\"inLanguage\":\"nb-NO\",\"@id\":\"https:\\\/\\\/likeink.com\\\/no\\\/faketatureringar\\\/retro-bursdagskaker-a5\\\/#primaryimage\",\"url\":\"https:\\\/\\\/likeink.com\\\/wp-content\\\/uploads\\\/2023\\\/05\\\/Fodelsedagstartor-gnuggisar-likeink.jpg\",\"contentUrl\":\"https:\\\/\\\/likeink.com\\\/wp-content\\\/uploads\\\/2023\\\/05\\\/Fodelsedagstartor-gnuggisar-likeink.jpg\",\"width\":1200,\"height\":845,\"caption\":\"Fake tattoos with cheerful cakes, donuts, and ice creams for the world's best party.\"},{\"@type\":\"BreadcrumbList\",\"@id\":\"https:\\\/\\\/likeink.com\\\/no\\\/faketatureringar\\\/retro-bursdagskaker-a5\\\/#breadcrumb\",\"itemListElement\":[{\"@type\":\"ListItem\",\"position\":1,\"name\":\"Hem\",\"item\":\"https:\\\/\\\/likeink.com\\\/no\\\/\"},{\"@type\":\"ListItem\",\"position\":2,\"name\":\"Butikk\",\"item\":\"https:\\\/\\\/likeink.com\\\/no\\\/butikk\\\/\"},{\"@type\":\"ListItem\",\"position\":3,\"name\":\"Retro bursdagskaker\"}]},{\"@type\":\"WebSite\",\"@id\":\"https:\\\/\\\/likeink.com\\\/no\\\/#website\",\"url\":\"https:\\\/\\\/likeink.com\\\/no\\\/\",\"name\":\"Like ink\",\"description\":\"Make your own custom design\",\"potentialAction\":[{\"@type\":\"SearchAction\",\"target\":{\"@type\":\"EntryPoint\",\"urlTemplate\":\"https:\\\/\\\/likeink.com\\\/no\\\/?s={search_term_string}\"},\"query-input\":{\"@type\":\"PropertyValueSpecification\",\"valueRequired\":true,\"valueName\":\"search_term_string\"}}],\"inLanguage\":\"nb-NO\"}]}<\/script>\n<!-- \/ Yoast SEO Premium plugin. -->","yoast_head_json":{"title":"Som blekk Midlertidige tatoveringer: Retro bursdagskaker - Like ink","description":"Retro bursdagskaker med midlertidige tatoveringer er det beste til bursdagsfesten! Rask levering og gratis frakt! - Like ink","robots":{"index":"index","follow":"follow","max-snippet":"max-snippet:-1","max-image-preview":"max-image-preview:large","max-video-preview":"max-video-preview:-1"},"canonical":"https:\/\/likeink.com\/no\/faketatureringar\/retro-bursdagskaker-a5\/","og_locale":"nb_NO","og_type":"article","og_title":"Retro bursdagskaker","og_description":"Like Ink - presenterer et ark med flotte falske tatoveringer i form av retro bursdagskaker. Feir bursdagen din med stil med v\u00e5re midlertidige tatoveringer! Dette A5-arket inneholder morsomme og kreative retrodesign av bursdagskaker i form av underholdende figurer. Skap en minneverdig bursdagsfeiring med disse sjarmerende og lettp\u00e5f\u00f8rbare falske tatoveringene, som er perfekte for b\u00e5de barn og voksne som \u00f8nsker \u00e5 gi sin spesielle dag et lekent og unikt preg. Med stilige midlertidige tatoveringer vil du garantert spre glede blant gjestene dine og gj\u00f8re bursdagsfeiringen uforglemmelig! Bestill midlertidige tatoveringer med bursdagstema Arkst\u00f8rrelse: A5 Antall tatoveringer: 16 St\u00f8rrelse: 3-4 cm \u00a0","og_url":"https:\/\/likeink.com\/no\/faketatureringar\/retro-bursdagskaker-a5\/","og_site_name":"Like ink","article_publisher":"https:\/\/www.facebook.com\/LikeInkSe","article_modified_time":"2026-03-16T20:41:52+00:00","og_image":[{"width":1200,"height":845,"url":"https:\/\/likeink.com\/wp-content\/uploads\/2023\/05\/Fodelsedagstartor-gnuggisar-likeink.jpg","type":"image\/jpeg"}],"twitter_card":"summary_large_image","schema":{"@context":"https:\/\/schema.org","@graph":[{"@type":"WebPage","@id":"https:\/\/likeink.com\/no\/faketatureringar\/retro-bursdagskaker-a5\/","url":"https:\/\/likeink.com\/no\/faketatureringar\/retro-bursdagskaker-a5\/","name":"Som blekk Midlertidige tatoveringer: Retro bursdagskaker - Like ink","isPartOf":{"@id":"https:\/\/likeink.com\/no\/#website"},"primaryImageOfPage":{"@id":"https:\/\/likeink.com\/no\/faketatureringar\/retro-bursdagskaker-a5\/#primaryimage"},"image":{"@id":"https:\/\/likeink.com\/no\/faketatureringar\/retro-bursdagskaker-a5\/#primaryimage"},"thumbnailUrl":"https:\/\/likeink.com\/wp-content\/uploads\/2023\/05\/Fodelsedagstartor-gnuggisar-likeink.jpg","datePublished":"2025-12-15T09:34:35+00:00","dateModified":"2026-03-16T20:41:52+00:00","description":"Retro bursdagskaker med midlertidige tatoveringer er det beste til bursdagsfesten! Rask levering og gratis frakt! - Like ink","breadcrumb":{"@id":"https:\/\/likeink.com\/no\/faketatureringar\/retro-bursdagskaker-a5\/#breadcrumb"},"inLanguage":"nb-NO","potentialAction":[{"@type":"ReadAction","target":["https:\/\/likeink.com\/no\/faketatureringar\/retro-bursdagskaker-a5\/"]}]},{"@type":"ImageObject","inLanguage":"nb-NO","@id":"https:\/\/likeink.com\/no\/faketatureringar\/retro-bursdagskaker-a5\/#primaryimage","url":"https:\/\/likeink.com\/wp-content\/uploads\/2023\/05\/Fodelsedagstartor-gnuggisar-likeink.jpg","contentUrl":"https:\/\/likeink.com\/wp-content\/uploads\/2023\/05\/Fodelsedagstartor-gnuggisar-likeink.jpg","width":1200,"height":845,"caption":"Fake tattoos with cheerful cakes, donuts, and ice creams for the world's best party."},{"@type":"BreadcrumbList","@id":"https:\/\/likeink.com\/no\/faketatureringar\/retro-bursdagskaker-a5\/#breadcrumb","itemListElement":[{"@type":"ListItem","position":1,"name":"Hem","item":"https:\/\/likeink.com\/no\/"},{"@type":"ListItem","position":2,"name":"Butikk","item":"https:\/\/likeink.com\/no\/butikk\/"},{"@type":"ListItem","position":3,"name":"Retro bursdagskaker"}]},{"@type":"WebSite","@id":"https:\/\/likeink.com\/no\/#website","url":"https:\/\/likeink.com\/no\/","name":"Like ink","description":"Make your own custom design","potentialAction":[{"@type":"SearchAction","target":{"@type":"EntryPoint","urlTemplate":"https:\/\/likeink.com\/no\/?s={search_term_string}"},"query-input":{"@type":"PropertyValueSpecification","valueRequired":true,"valueName":"search_term_string"}}],"inLanguage":"nb-NO"}]}},"_links":{"self":[{"href":"https:\/\/likeink.com\/no\/wp-json\/wp\/v2\/product\/54219","targetHints":{"allow":["GET"]}}],"collection":[{"href":"https:\/\/likeink.com\/no\/wp-json\/wp\/v2\/product"}],"about":[{"href":"https:\/\/likeink.com\/no\/wp-json\/wp\/v2\/types\/product"}],"wp:featuredmedia":[{"embeddable":true,"href":"https:\/\/likeink.com\/no\/wp-json\/wp\/v2\/media\/54220"}],"wp:attachment":[{"href":"https:\/\/likeink.com\/no\/wp-json\/wp\/v2\/media?parent=54219"}],"wp:term":[{"taxonomy":"product_brand","embeddable":true,"href":"https:\/\/likeink.com\/no\/wp-json\/wp\/v2\/product_brand?post=54219"},{"taxonomy":"product_cat","embeddable":true,"href":"https:\/\/likeink.com\/no\/wp-json\/wp\/v2\/product_cat?post=54219"},{"taxonomy":"product_tag","embeddable":true,"href":"https:\/\/likeink.com\/no\/wp-json\/wp\/v2\/product_tag?post=54219"}],"curies":[{"name":"wp","href":"https:\/\/api.w.org\/{rel}","templated":true}]}}