{"id":54221,"date":"2023-05-09T12:41:12","date_gmt":"2025-12-15T09:34:36","guid":{"rendered":"https:\/\/likeink.com\/gnuggis\/bursdagsfest-hundetatoveringer-a5\/"},"modified":"2026-03-16T20:42:04","modified_gmt":"2026-03-16T20:42:04","slug":"bursdagsfest-hundetatoveringer-a5","status":"publish","type":"product","link":"https:\/\/likeink.com\/no\/faketatureringar\/bursdagsfest-hundetatoveringer-a5\/","title":{"rendered":"Bursdagsfest hundetatoveringer"},"content":{"rendered":"","protected":false},"excerpt":{"rendered":"<p>Vi presenterer v\u00e5re s\u00f8te falske tatoveringer med bursdagshunder, spesielt designet for barn som elsker v\u00e5re pelskledde venner! Disse sjarmerende og lettp\u00e5f\u00f8rbare midlertidige tatoveringene vil gi en ekstra dose moro og spenning til enhver bursdagsfeiring.<\/p>\n<p>Hvert ark inneholder en rekke s\u00f8te design av h\u00f8y kvalitet med lekne hunder, ballonger og bursdagselementer. Tatoveringene er laget av giftfrie, hudvennlige materialer og er trygge og morsomme for barn i alle aldre.<\/p>\n<h2>Bestill falske tatoveringer med s\u00f8te hunder til festen<\/h2>\n<p>P\u00e5f\u00f8ringen er superenkel \u2013 bare trykk tatoveringene p\u00e5 ren, t\u00f8rr hud med en fuktig klut og se dem overf\u00f8res p\u00e5 bare noen f\u00e5 sekunder. N\u00e5r det er p\u00e5 tide \u00e5 fjerne dem, er det bare \u00e5 bruke litt s\u00e5pe og vann.<\/p>\n<p>Med v\u00e5re falske bursdagstatoveringer med hunder kan du skape uforglemmelige minner og glede alle gjestene p\u00e5 festen din. Ikke g\u00e5 glipp av dette fantastiske tilskuddet til din spesielle dag!<\/p>\n<p>Arkst\u00f8rrelse: A5<br \/>\nAntall tatoveringer: 15<br \/>\nSt\u00f8rrelse: 4 cm<\/p>\n","protected":false},"featured_media":54222,"template":"","meta":[],"product_brand":[],"product_cat":[365,371],"product_tag":[],"class_list":{"0":"post-54221","1":"product","2":"type-product","3":"status-publish","4":"has-post-thumbnail","6":"product_cat-ferdige-ark","7":"product_cat-tatoveringer-for-barn","9":"first","10":"instock","11":"taxable","12":"shipping-taxable","13":"purchasable","14":"product-type-simple"},"yoast_head":"<!-- This site is optimized with the Yoast SEO Premium plugin v26.2 (Yoast SEO v27.4) - https:\/\/yoast.com\/product\/yoast-seo-premium-wordpress\/ -->\n<title>Bursdagsfest hund tatoveringer I Midlertidige tatoveringer - Like ink<\/title>\n<meta name=\"description\" content=\"Bursdagsfest-hundetatoveringer. Feir bursdagen din med disse fantastiske hundetatoveringene! Bestill falske hundetatoveringer i dag! - Like ink\" \/>\n<meta name=\"robots\" content=\"index, follow, max-snippet:-1, max-image-preview:large, max-video-preview:-1\" \/>\n<link rel=\"canonical\" href=\"https:\/\/likeink.com\/no\/faketatureringar\/bursdagsfest-hundetatoveringer-a5\/\" \/>\n<meta property=\"og:locale\" content=\"nb_NO\" \/>\n<meta property=\"og:type\" content=\"article\" \/>\n<meta property=\"og:title\" content=\"Bursdagsfest hundetatoveringer\" \/>\n<meta property=\"og:description\" content=\"Vi presenterer v\u00e5re s\u00f8te falske tatoveringer med bursdagshunder, spesielt designet for barn som elsker v\u00e5re pelskledde venner! Disse sjarmerende og lettp\u00e5f\u00f8rbare midlertidige tatoveringene vil gi en ekstra dose moro og spenning til enhver bursdagsfeiring. Hvert ark inneholder en rekke s\u00f8te design av h\u00f8y kvalitet med lekne hunder, ballonger og bursdagselementer. Tatoveringene er laget av giftfrie, hudvennlige materialer og er trygge og morsomme for barn i alle aldre. Bestill falske tatoveringer med s\u00f8te hunder til festenP\u00e5f\u00f8ringen er superenkel \u2013 bare trykk tatoveringene p\u00e5 ren, t\u00f8rr hud med en fuktig klut og se dem overf\u00f8res p\u00e5 bare noen f\u00e5 sekunder. N\u00e5r det er p\u00e5 tide \u00e5 fjerne dem, er det bare \u00e5 bruke litt s\u00e5pe og vann. Med v\u00e5re falske bursdagstatoveringer med hunder kan du skape uforglemmelige minner og glede alle gjestene p\u00e5 festen din. Ikke g\u00e5 glipp av dette fantastiske tilskuddet til din spesielle dag! Arkst\u00f8rrelse: A5 Antall tatoveringer: 15 St\u00f8rrelse: 4 cm\" \/>\n<meta property=\"og:url\" content=\"https:\/\/likeink.com\/no\/faketatureringar\/bursdagsfest-hundetatoveringer-a5\/\" \/>\n<meta property=\"og:site_name\" content=\"Like ink\" \/>\n<meta property=\"article:publisher\" content=\"https:\/\/www.facebook.com\/LikeInkSe\" \/>\n<meta property=\"article:modified_time\" content=\"2026-03-16T20:42:04+00:00\" \/>\n<meta property=\"og:image\" content=\"https:\/\/likeink.com\/wp-content\/uploads\/2023\/05\/Fodelsedags-hundar-gnuggis-likeink.jpg\" \/>\n\t<meta property=\"og:image:width\" content=\"1400\" \/>\n\t<meta property=\"og:image:height\" content=\"986\" \/>\n\t<meta property=\"og:image:type\" content=\"image\/jpeg\" \/>\n<meta name=\"twitter:card\" content=\"summary_large_image\" \/>\n<script type=\"application\/ld+json\" class=\"yoast-schema-graph\">{\"@context\":\"https:\\\/\\\/schema.org\",\"@graph\":[{\"@type\":\"WebPage\",\"@id\":\"https:\\\/\\\/likeink.com\\\/no\\\/faketatureringar\\\/bursdagsfest-hundetatoveringer-a5\\\/\",\"url\":\"https:\\\/\\\/likeink.com\\\/no\\\/faketatureringar\\\/bursdagsfest-hundetatoveringer-a5\\\/\",\"name\":\"Bursdagsfest hund tatoveringer I Midlertidige tatoveringer - Like ink\",\"isPartOf\":{\"@id\":\"https:\\\/\\\/likeink.com\\\/no\\\/#website\"},\"primaryImageOfPage\":{\"@id\":\"https:\\\/\\\/likeink.com\\\/no\\\/faketatureringar\\\/bursdagsfest-hundetatoveringer-a5\\\/#primaryimage\"},\"image\":{\"@id\":\"https:\\\/\\\/likeink.com\\\/no\\\/faketatureringar\\\/bursdagsfest-hundetatoveringer-a5\\\/#primaryimage\"},\"thumbnailUrl\":\"https:\\\/\\\/likeink.com\\\/wp-content\\\/uploads\\\/2023\\\/05\\\/Fodelsedags-hundar-gnuggis-likeink.jpg\",\"datePublished\":\"2025-12-15T09:34:36+00:00\",\"dateModified\":\"2026-03-16T20:42:04+00:00\",\"description\":\"Bursdagsfest-hundetatoveringer. Feir bursdagen din med disse fantastiske hundetatoveringene! Bestill falske hundetatoveringer i dag! - Like ink\",\"breadcrumb\":{\"@id\":\"https:\\\/\\\/likeink.com\\\/no\\\/faketatureringar\\\/bursdagsfest-hundetatoveringer-a5\\\/#breadcrumb\"},\"inLanguage\":\"nb-NO\",\"potentialAction\":[{\"@type\":\"ReadAction\",\"target\":[\"https:\\\/\\\/likeink.com\\\/no\\\/faketatureringar\\\/bursdagsfest-hundetatoveringer-a5\\\/\"]}]},{\"@type\":\"ImageObject\",\"inLanguage\":\"nb-NO\",\"@id\":\"https:\\\/\\\/likeink.com\\\/no\\\/faketatureringar\\\/bursdagsfest-hundetatoveringer-a5\\\/#primaryimage\",\"url\":\"https:\\\/\\\/likeink.com\\\/wp-content\\\/uploads\\\/2023\\\/05\\\/Fodelsedags-hundar-gnuggis-likeink.jpg\",\"contentUrl\":\"https:\\\/\\\/likeink.com\\\/wp-content\\\/uploads\\\/2023\\\/05\\\/Fodelsedags-hundar-gnuggis-likeink.jpg\",\"width\":1400,\"height\":986,\"caption\":\"Fake tattoos of dogs for your party.\"},{\"@type\":\"BreadcrumbList\",\"@id\":\"https:\\\/\\\/likeink.com\\\/no\\\/faketatureringar\\\/bursdagsfest-hundetatoveringer-a5\\\/#breadcrumb\",\"itemListElement\":[{\"@type\":\"ListItem\",\"position\":1,\"name\":\"Hem\",\"item\":\"https:\\\/\\\/likeink.com\\\/no\\\/\"},{\"@type\":\"ListItem\",\"position\":2,\"name\":\"Butikk\",\"item\":\"https:\\\/\\\/likeink.com\\\/no\\\/butikk\\\/\"},{\"@type\":\"ListItem\",\"position\":3,\"name\":\"Bursdagsfest hundetatoveringer\"}]},{\"@type\":\"WebSite\",\"@id\":\"https:\\\/\\\/likeink.com\\\/no\\\/#website\",\"url\":\"https:\\\/\\\/likeink.com\\\/no\\\/\",\"name\":\"Like ink\",\"description\":\"Make your own custom design\",\"potentialAction\":[{\"@type\":\"SearchAction\",\"target\":{\"@type\":\"EntryPoint\",\"urlTemplate\":\"https:\\\/\\\/likeink.com\\\/no\\\/?s={search_term_string}\"},\"query-input\":{\"@type\":\"PropertyValueSpecification\",\"valueRequired\":true,\"valueName\":\"search_term_string\"}}],\"inLanguage\":\"nb-NO\"}]}<\/script>\n<!-- \/ Yoast SEO Premium plugin. -->","yoast_head_json":{"title":"Bursdagsfest hund tatoveringer I Midlertidige tatoveringer - Like ink","description":"Bursdagsfest-hundetatoveringer. Feir bursdagen din med disse fantastiske hundetatoveringene! Bestill falske hundetatoveringer i dag! - Like ink","robots":{"index":"index","follow":"follow","max-snippet":"max-snippet:-1","max-image-preview":"max-image-preview:large","max-video-preview":"max-video-preview:-1"},"canonical":"https:\/\/likeink.com\/no\/faketatureringar\/bursdagsfest-hundetatoveringer-a5\/","og_locale":"nb_NO","og_type":"article","og_title":"Bursdagsfest hundetatoveringer","og_description":"Vi presenterer v\u00e5re s\u00f8te falske tatoveringer med bursdagshunder, spesielt designet for barn som elsker v\u00e5re pelskledde venner! Disse sjarmerende og lettp\u00e5f\u00f8rbare midlertidige tatoveringene vil gi en ekstra dose moro og spenning til enhver bursdagsfeiring. Hvert ark inneholder en rekke s\u00f8te design av h\u00f8y kvalitet med lekne hunder, ballonger og bursdagselementer. Tatoveringene er laget av giftfrie, hudvennlige materialer og er trygge og morsomme for barn i alle aldre. Bestill falske tatoveringer med s\u00f8te hunder til festenP\u00e5f\u00f8ringen er superenkel \u2013 bare trykk tatoveringene p\u00e5 ren, t\u00f8rr hud med en fuktig klut og se dem overf\u00f8res p\u00e5 bare noen f\u00e5 sekunder. N\u00e5r det er p\u00e5 tide \u00e5 fjerne dem, er det bare \u00e5 bruke litt s\u00e5pe og vann. Med v\u00e5re falske bursdagstatoveringer med hunder kan du skape uforglemmelige minner og glede alle gjestene p\u00e5 festen din. Ikke g\u00e5 glipp av dette fantastiske tilskuddet til din spesielle dag! Arkst\u00f8rrelse: A5 Antall tatoveringer: 15 St\u00f8rrelse: 4 cm","og_url":"https:\/\/likeink.com\/no\/faketatureringar\/bursdagsfest-hundetatoveringer-a5\/","og_site_name":"Like ink","article_publisher":"https:\/\/www.facebook.com\/LikeInkSe","article_modified_time":"2026-03-16T20:42:04+00:00","og_image":[{"width":1400,"height":986,"url":"https:\/\/likeink.com\/wp-content\/uploads\/2023\/05\/Fodelsedags-hundar-gnuggis-likeink.jpg","type":"image\/jpeg"}],"twitter_card":"summary_large_image","schema":{"@context":"https:\/\/schema.org","@graph":[{"@type":"WebPage","@id":"https:\/\/likeink.com\/no\/faketatureringar\/bursdagsfest-hundetatoveringer-a5\/","url":"https:\/\/likeink.com\/no\/faketatureringar\/bursdagsfest-hundetatoveringer-a5\/","name":"Bursdagsfest hund tatoveringer I Midlertidige tatoveringer - Like ink","isPartOf":{"@id":"https:\/\/likeink.com\/no\/#website"},"primaryImageOfPage":{"@id":"https:\/\/likeink.com\/no\/faketatureringar\/bursdagsfest-hundetatoveringer-a5\/#primaryimage"},"image":{"@id":"https:\/\/likeink.com\/no\/faketatureringar\/bursdagsfest-hundetatoveringer-a5\/#primaryimage"},"thumbnailUrl":"https:\/\/likeink.com\/wp-content\/uploads\/2023\/05\/Fodelsedags-hundar-gnuggis-likeink.jpg","datePublished":"2025-12-15T09:34:36+00:00","dateModified":"2026-03-16T20:42:04+00:00","description":"Bursdagsfest-hundetatoveringer. Feir bursdagen din med disse fantastiske hundetatoveringene! Bestill falske hundetatoveringer i dag! - Like ink","breadcrumb":{"@id":"https:\/\/likeink.com\/no\/faketatureringar\/bursdagsfest-hundetatoveringer-a5\/#breadcrumb"},"inLanguage":"nb-NO","potentialAction":[{"@type":"ReadAction","target":["https:\/\/likeink.com\/no\/faketatureringar\/bursdagsfest-hundetatoveringer-a5\/"]}]},{"@type":"ImageObject","inLanguage":"nb-NO","@id":"https:\/\/likeink.com\/no\/faketatureringar\/bursdagsfest-hundetatoveringer-a5\/#primaryimage","url":"https:\/\/likeink.com\/wp-content\/uploads\/2023\/05\/Fodelsedags-hundar-gnuggis-likeink.jpg","contentUrl":"https:\/\/likeink.com\/wp-content\/uploads\/2023\/05\/Fodelsedags-hundar-gnuggis-likeink.jpg","width":1400,"height":986,"caption":"Fake tattoos of dogs for your party."},{"@type":"BreadcrumbList","@id":"https:\/\/likeink.com\/no\/faketatureringar\/bursdagsfest-hundetatoveringer-a5\/#breadcrumb","itemListElement":[{"@type":"ListItem","position":1,"name":"Hem","item":"https:\/\/likeink.com\/no\/"},{"@type":"ListItem","position":2,"name":"Butikk","item":"https:\/\/likeink.com\/no\/butikk\/"},{"@type":"ListItem","position":3,"name":"Bursdagsfest hundetatoveringer"}]},{"@type":"WebSite","@id":"https:\/\/likeink.com\/no\/#website","url":"https:\/\/likeink.com\/no\/","name":"Like ink","description":"Make your own custom design","potentialAction":[{"@type":"SearchAction","target":{"@type":"EntryPoint","urlTemplate":"https:\/\/likeink.com\/no\/?s={search_term_string}"},"query-input":{"@type":"PropertyValueSpecification","valueRequired":true,"valueName":"search_term_string"}}],"inLanguage":"nb-NO"}]}},"_links":{"self":[{"href":"https:\/\/likeink.com\/no\/wp-json\/wp\/v2\/product\/54221","targetHints":{"allow":["GET"]}}],"collection":[{"href":"https:\/\/likeink.com\/no\/wp-json\/wp\/v2\/product"}],"about":[{"href":"https:\/\/likeink.com\/no\/wp-json\/wp\/v2\/types\/product"}],"wp:featuredmedia":[{"embeddable":true,"href":"https:\/\/likeink.com\/no\/wp-json\/wp\/v2\/media\/54222"}],"wp:attachment":[{"href":"https:\/\/likeink.com\/no\/wp-json\/wp\/v2\/media?parent=54221"}],"wp:term":[{"taxonomy":"product_brand","embeddable":true,"href":"https:\/\/likeink.com\/no\/wp-json\/wp\/v2\/product_brand?post=54221"},{"taxonomy":"product_cat","embeddable":true,"href":"https:\/\/likeink.com\/no\/wp-json\/wp\/v2\/product_cat?post=54221"},{"taxonomy":"product_tag","embeddable":true,"href":"https:\/\/likeink.com\/no\/wp-json\/wp\/v2\/product_tag?post=54221"}],"curies":[{"name":"wp","href":"https:\/\/api.w.org\/{rel}","templated":true}]}}