{"id":54223,"date":"2023-05-09T11:35:43","date_gmt":"2025-12-15T09:34:37","guid":{"rendered":"https:\/\/likeink.com\/gnuggis\/fodselsdag-dino-tatoveringer-a5\/"},"modified":"2026-03-16T20:42:04","modified_gmt":"2026-03-16T20:42:04","slug":"fodselsdag-dino-tatoveringer-a5","status":"publish","type":"product","link":"https:\/\/likeink.com\/no\/faketatureringar\/fodselsdag-dino-tatoveringer-a5\/","title":{"rendered":"F\u00f8dselsdag Dino tatoveringer"},"content":{"rendered":"","protected":false},"excerpt":{"rendered":"<p>Vi presenterer v\u00e5re midlertidige tatoveringer med dinosaur-tema \u2013 det perfekte tilskuddet til enhver dinosaur-elskers spesielle dag! Disse livlige og lekne designene vil gi liv til din dinosaur-temafest og f\u00e5 alle til \u00e5 f\u00f8le seg som en del av jura-tiden.<\/p>\n<p>Hvert A5-ark inneholder en rekke unike, midlertidige tatoveringer av h\u00f8y kvalitet med en rekke fascinerende dinosaurer. Tatoveringene er laget av giftfrie, hudvennlige materialer for \u00e5 sikre en trygg og hyggelig opplevelse for alle aldre.<\/p>\n<h2>Bestill falske tatoveringer med s\u00f8te dinosaurer til barnefesten<\/h2>\n<p>Det er enkelt \u00e5 p\u00e5f\u00f8re disse midlertidige tatoveringene \u2013 bare trykk dem p\u00e5 ren, t\u00f8rr hud med en fuktig klut og se hvordan de overf\u00f8res p\u00e5 bare noen f\u00e5 sekunder. N\u00e5r det er p\u00e5 tide \u00e5 fjerne dem, er det bare \u00e5 bruke litt s\u00e5pe og vann.<\/p>\n<p>Med v\u00e5re midlertidige bursdagstatoveringer med dinosaurer skaper du uforglemmelige minner og inspirerer fantasien til alle gjestene p\u00e5 festen din. Ikke g\u00e5 glipp av dette dino-mite tilskuddet til feiringen din!<\/p>\n<p>Arkst\u00f8rrelse: A5<br \/>\nAntall tatoveringer: 14<br \/>\nSt\u00f8rrelse: 3,5\u20134,5 cm<\/p>\n","protected":false},"featured_media":54224,"template":"","meta":[],"product_brand":[],"product_cat":[365,371],"product_tag":[],"class_list":{"0":"post-54223","1":"product","2":"type-product","3":"status-publish","4":"has-post-thumbnail","6":"product_cat-ferdige-ark","7":"product_cat-tatoveringer-for-barn","9":"first","10":"instock","11":"taxable","12":"shipping-taxable","13":"purchasable","14":"product-type-simple"},"yoast_head":"<!-- This site is optimized with the Yoast SEO Premium plugin v26.2 (Yoast SEO v27.4) - https:\/\/yoast.com\/product\/yoast-seo-premium-wordpress\/ -->\n<title>F\u00f8dselsdag-dinosaurtatoveringer A5 I Dino midlertidige tatoveringer - Like ink<\/title>\n<meta name=\"description\" content=\"F\u00f8dselsdag Dino midlertidige tatoveringer! Perfekt for enhver dinosaur-temafest, disse lettp\u00e5f\u00f8rbare designene vil f\u00e5 gjestene dine til \u00e5 br\u00f8le av begeistring. - Like ink\" \/>\n<meta name=\"robots\" content=\"index, follow, max-snippet:-1, max-image-preview:large, max-video-preview:-1\" \/>\n<link rel=\"canonical\" href=\"https:\/\/likeink.com\/no\/faketatureringar\/fodselsdag-dino-tatoveringer-a5\/\" \/>\n<meta property=\"og:locale\" content=\"nb_NO\" \/>\n<meta property=\"og:type\" content=\"article\" \/>\n<meta property=\"og:title\" content=\"F\u00f8dselsdag Dino tatoveringer\" \/>\n<meta property=\"og:description\" content=\"Vi presenterer v\u00e5re midlertidige tatoveringer med dinosaur-tema \u2013 det perfekte tilskuddet til enhver dinosaur-elskers spesielle dag! Disse livlige og lekne designene vil gi liv til din dinosaur-temafest og f\u00e5 alle til \u00e5 f\u00f8le seg som en del av jura-tiden. Hvert A5-ark inneholder en rekke unike, midlertidige tatoveringer av h\u00f8y kvalitet med en rekke fascinerende dinosaurer. Tatoveringene er laget av giftfrie, hudvennlige materialer for \u00e5 sikre en trygg og hyggelig opplevelse for alle aldre. Bestill falske tatoveringer med s\u00f8te dinosaurer til barnefestenDet er enkelt \u00e5 p\u00e5f\u00f8re disse midlertidige tatoveringene \u2013 bare trykk dem p\u00e5 ren, t\u00f8rr hud med en fuktig klut og se hvordan de overf\u00f8res p\u00e5 bare noen f\u00e5 sekunder. N\u00e5r det er p\u00e5 tide \u00e5 fjerne dem, er det bare \u00e5 bruke litt s\u00e5pe og vann. Med v\u00e5re midlertidige bursdagstatoveringer med dinosaurer skaper du uforglemmelige minner og inspirerer fantasien til alle gjestene p\u00e5 festen din. Ikke g\u00e5 glipp av dette dino-mite tilskuddet til feiringen din! Arkst\u00f8rrelse: A5 Antall tatoveringer: 14 St\u00f8rrelse: 3,5\u20134,5 cm\" \/>\n<meta property=\"og:url\" content=\"https:\/\/likeink.com\/no\/faketatureringar\/fodselsdag-dino-tatoveringer-a5\/\" \/>\n<meta property=\"og:site_name\" content=\"Like ink\" \/>\n<meta property=\"article:publisher\" content=\"https:\/\/www.facebook.com\/LikeInkSe\" \/>\n<meta property=\"article:modified_time\" content=\"2026-03-16T20:42:04+00:00\" \/>\n<meta property=\"og:image\" content=\"https:\/\/likeink.com\/wp-content\/uploads\/2023\/05\/Fodelsedag-dinosaurier-likeink-gnuggisar.jpg\" \/>\n\t<meta property=\"og:image:width\" content=\"2481\" \/>\n\t<meta property=\"og:image:height\" content=\"1749\" \/>\n\t<meta property=\"og:image:type\" content=\"image\/jpeg\" \/>\n<meta name=\"twitter:card\" content=\"summary_large_image\" \/>\n<script type=\"application\/ld+json\" class=\"yoast-schema-graph\">{\"@context\":\"https:\\\/\\\/schema.org\",\"@graph\":[{\"@type\":\"WebPage\",\"@id\":\"https:\\\/\\\/likeink.com\\\/no\\\/faketatureringar\\\/fodselsdag-dino-tatoveringer-a5\\\/\",\"url\":\"https:\\\/\\\/likeink.com\\\/no\\\/faketatureringar\\\/fodselsdag-dino-tatoveringer-a5\\\/\",\"name\":\"F\u00f8dselsdag-dinosaurtatoveringer A5 I Dino midlertidige tatoveringer - Like ink\",\"isPartOf\":{\"@id\":\"https:\\\/\\\/likeink.com\\\/no\\\/#website\"},\"primaryImageOfPage\":{\"@id\":\"https:\\\/\\\/likeink.com\\\/no\\\/faketatureringar\\\/fodselsdag-dino-tatoveringer-a5\\\/#primaryimage\"},\"image\":{\"@id\":\"https:\\\/\\\/likeink.com\\\/no\\\/faketatureringar\\\/fodselsdag-dino-tatoveringer-a5\\\/#primaryimage\"},\"thumbnailUrl\":\"https:\\\/\\\/likeink.com\\\/wp-content\\\/uploads\\\/2023\\\/05\\\/Fodelsedag-dinosaurier-likeink-gnuggisar.jpg\",\"datePublished\":\"2025-12-15T09:34:37+00:00\",\"dateModified\":\"2026-03-16T20:42:04+00:00\",\"description\":\"F\u00f8dselsdag Dino midlertidige tatoveringer! Perfekt for enhver dinosaur-temafest, disse lettp\u00e5f\u00f8rbare designene vil f\u00e5 gjestene dine til \u00e5 br\u00f8le av begeistring. - Like ink\",\"breadcrumb\":{\"@id\":\"https:\\\/\\\/likeink.com\\\/no\\\/faketatureringar\\\/fodselsdag-dino-tatoveringer-a5\\\/#breadcrumb\"},\"inLanguage\":\"nb-NO\",\"potentialAction\":[{\"@type\":\"ReadAction\",\"target\":[\"https:\\\/\\\/likeink.com\\\/no\\\/faketatureringar\\\/fodselsdag-dino-tatoveringer-a5\\\/\"]}]},{\"@type\":\"ImageObject\",\"inLanguage\":\"nb-NO\",\"@id\":\"https:\\\/\\\/likeink.com\\\/no\\\/faketatureringar\\\/fodselsdag-dino-tatoveringer-a5\\\/#primaryimage\",\"url\":\"https:\\\/\\\/likeink.com\\\/wp-content\\\/uploads\\\/2023\\\/05\\\/Fodelsedag-dinosaurier-likeink-gnuggisar.jpg\",\"contentUrl\":\"https:\\\/\\\/likeink.com\\\/wp-content\\\/uploads\\\/2023\\\/05\\\/Fodelsedag-dinosaurier-likeink-gnuggisar.jpg\",\"width\":2481,\"height\":1749,\"caption\":\"Celebrate your party with dinosaur temporary tattoos from Like ink. Good price.\"},{\"@type\":\"BreadcrumbList\",\"@id\":\"https:\\\/\\\/likeink.com\\\/no\\\/faketatureringar\\\/fodselsdag-dino-tatoveringer-a5\\\/#breadcrumb\",\"itemListElement\":[{\"@type\":\"ListItem\",\"position\":1,\"name\":\"Hem\",\"item\":\"https:\\\/\\\/likeink.com\\\/no\\\/\"},{\"@type\":\"ListItem\",\"position\":2,\"name\":\"Butikk\",\"item\":\"https:\\\/\\\/likeink.com\\\/no\\\/butikk\\\/\"},{\"@type\":\"ListItem\",\"position\":3,\"name\":\"F\u00f8dselsdag Dino tatoveringer\"}]},{\"@type\":\"WebSite\",\"@id\":\"https:\\\/\\\/likeink.com\\\/no\\\/#website\",\"url\":\"https:\\\/\\\/likeink.com\\\/no\\\/\",\"name\":\"Like ink\",\"description\":\"Make your own custom design\",\"potentialAction\":[{\"@type\":\"SearchAction\",\"target\":{\"@type\":\"EntryPoint\",\"urlTemplate\":\"https:\\\/\\\/likeink.com\\\/no\\\/?s={search_term_string}\"},\"query-input\":{\"@type\":\"PropertyValueSpecification\",\"valueRequired\":true,\"valueName\":\"search_term_string\"}}],\"inLanguage\":\"nb-NO\"}]}<\/script>\n<!-- \/ Yoast SEO Premium plugin. -->","yoast_head_json":{"title":"F\u00f8dselsdag-dinosaurtatoveringer A5 I Dino midlertidige tatoveringer - Like ink","description":"F\u00f8dselsdag Dino midlertidige tatoveringer! Perfekt for enhver dinosaur-temafest, disse lettp\u00e5f\u00f8rbare designene vil f\u00e5 gjestene dine til \u00e5 br\u00f8le av begeistring. - Like ink","robots":{"index":"index","follow":"follow","max-snippet":"max-snippet:-1","max-image-preview":"max-image-preview:large","max-video-preview":"max-video-preview:-1"},"canonical":"https:\/\/likeink.com\/no\/faketatureringar\/fodselsdag-dino-tatoveringer-a5\/","og_locale":"nb_NO","og_type":"article","og_title":"F\u00f8dselsdag Dino tatoveringer","og_description":"Vi presenterer v\u00e5re midlertidige tatoveringer med dinosaur-tema \u2013 det perfekte tilskuddet til enhver dinosaur-elskers spesielle dag! Disse livlige og lekne designene vil gi liv til din dinosaur-temafest og f\u00e5 alle til \u00e5 f\u00f8le seg som en del av jura-tiden. Hvert A5-ark inneholder en rekke unike, midlertidige tatoveringer av h\u00f8y kvalitet med en rekke fascinerende dinosaurer. Tatoveringene er laget av giftfrie, hudvennlige materialer for \u00e5 sikre en trygg og hyggelig opplevelse for alle aldre. Bestill falske tatoveringer med s\u00f8te dinosaurer til barnefestenDet er enkelt \u00e5 p\u00e5f\u00f8re disse midlertidige tatoveringene \u2013 bare trykk dem p\u00e5 ren, t\u00f8rr hud med en fuktig klut og se hvordan de overf\u00f8res p\u00e5 bare noen f\u00e5 sekunder. N\u00e5r det er p\u00e5 tide \u00e5 fjerne dem, er det bare \u00e5 bruke litt s\u00e5pe og vann. Med v\u00e5re midlertidige bursdagstatoveringer med dinosaurer skaper du uforglemmelige minner og inspirerer fantasien til alle gjestene p\u00e5 festen din. Ikke g\u00e5 glipp av dette dino-mite tilskuddet til feiringen din! Arkst\u00f8rrelse: A5 Antall tatoveringer: 14 St\u00f8rrelse: 3,5\u20134,5 cm","og_url":"https:\/\/likeink.com\/no\/faketatureringar\/fodselsdag-dino-tatoveringer-a5\/","og_site_name":"Like ink","article_publisher":"https:\/\/www.facebook.com\/LikeInkSe","article_modified_time":"2026-03-16T20:42:04+00:00","og_image":[{"width":2481,"height":1749,"url":"https:\/\/likeink.com\/wp-content\/uploads\/2023\/05\/Fodelsedag-dinosaurier-likeink-gnuggisar.jpg","type":"image\/jpeg"}],"twitter_card":"summary_large_image","schema":{"@context":"https:\/\/schema.org","@graph":[{"@type":"WebPage","@id":"https:\/\/likeink.com\/no\/faketatureringar\/fodselsdag-dino-tatoveringer-a5\/","url":"https:\/\/likeink.com\/no\/faketatureringar\/fodselsdag-dino-tatoveringer-a5\/","name":"F\u00f8dselsdag-dinosaurtatoveringer A5 I Dino midlertidige tatoveringer - Like ink","isPartOf":{"@id":"https:\/\/likeink.com\/no\/#website"},"primaryImageOfPage":{"@id":"https:\/\/likeink.com\/no\/faketatureringar\/fodselsdag-dino-tatoveringer-a5\/#primaryimage"},"image":{"@id":"https:\/\/likeink.com\/no\/faketatureringar\/fodselsdag-dino-tatoveringer-a5\/#primaryimage"},"thumbnailUrl":"https:\/\/likeink.com\/wp-content\/uploads\/2023\/05\/Fodelsedag-dinosaurier-likeink-gnuggisar.jpg","datePublished":"2025-12-15T09:34:37+00:00","dateModified":"2026-03-16T20:42:04+00:00","description":"F\u00f8dselsdag Dino midlertidige tatoveringer! Perfekt for enhver dinosaur-temafest, disse lettp\u00e5f\u00f8rbare designene vil f\u00e5 gjestene dine til \u00e5 br\u00f8le av begeistring. - Like ink","breadcrumb":{"@id":"https:\/\/likeink.com\/no\/faketatureringar\/fodselsdag-dino-tatoveringer-a5\/#breadcrumb"},"inLanguage":"nb-NO","potentialAction":[{"@type":"ReadAction","target":["https:\/\/likeink.com\/no\/faketatureringar\/fodselsdag-dino-tatoveringer-a5\/"]}]},{"@type":"ImageObject","inLanguage":"nb-NO","@id":"https:\/\/likeink.com\/no\/faketatureringar\/fodselsdag-dino-tatoveringer-a5\/#primaryimage","url":"https:\/\/likeink.com\/wp-content\/uploads\/2023\/05\/Fodelsedag-dinosaurier-likeink-gnuggisar.jpg","contentUrl":"https:\/\/likeink.com\/wp-content\/uploads\/2023\/05\/Fodelsedag-dinosaurier-likeink-gnuggisar.jpg","width":2481,"height":1749,"caption":"Celebrate your party with dinosaur temporary tattoos from Like ink. Good price."},{"@type":"BreadcrumbList","@id":"https:\/\/likeink.com\/no\/faketatureringar\/fodselsdag-dino-tatoveringer-a5\/#breadcrumb","itemListElement":[{"@type":"ListItem","position":1,"name":"Hem","item":"https:\/\/likeink.com\/no\/"},{"@type":"ListItem","position":2,"name":"Butikk","item":"https:\/\/likeink.com\/no\/butikk\/"},{"@type":"ListItem","position":3,"name":"F\u00f8dselsdag Dino tatoveringer"}]},{"@type":"WebSite","@id":"https:\/\/likeink.com\/no\/#website","url":"https:\/\/likeink.com\/no\/","name":"Like ink","description":"Make your own custom design","potentialAction":[{"@type":"SearchAction","target":{"@type":"EntryPoint","urlTemplate":"https:\/\/likeink.com\/no\/?s={search_term_string}"},"query-input":{"@type":"PropertyValueSpecification","valueRequired":true,"valueName":"search_term_string"}}],"inLanguage":"nb-NO"}]}},"_links":{"self":[{"href":"https:\/\/likeink.com\/no\/wp-json\/wp\/v2\/product\/54223","targetHints":{"allow":["GET"]}}],"collection":[{"href":"https:\/\/likeink.com\/no\/wp-json\/wp\/v2\/product"}],"about":[{"href":"https:\/\/likeink.com\/no\/wp-json\/wp\/v2\/types\/product"}],"wp:featuredmedia":[{"embeddable":true,"href":"https:\/\/likeink.com\/no\/wp-json\/wp\/v2\/media\/54224"}],"wp:attachment":[{"href":"https:\/\/likeink.com\/no\/wp-json\/wp\/v2\/media?parent=54223"}],"wp:term":[{"taxonomy":"product_brand","embeddable":true,"href":"https:\/\/likeink.com\/no\/wp-json\/wp\/v2\/product_brand?post=54223"},{"taxonomy":"product_cat","embeddable":true,"href":"https:\/\/likeink.com\/no\/wp-json\/wp\/v2\/product_cat?post=54223"},{"taxonomy":"product_tag","embeddable":true,"href":"https:\/\/likeink.com\/no\/wp-json\/wp\/v2\/product_tag?post=54223"}],"curies":[{"name":"wp","href":"https:\/\/api.w.org\/{rel}","templated":true}]}}