{"id":54225,"date":"2023-05-02T15:17:52","date_gmt":"2025-12-15T09:34:38","guid":{"rendered":"https:\/\/likeink.com\/gnuggis\/gammeldagse-slangetatoveringer-a5\/"},"modified":"2026-03-16T20:42:04","modified_gmt":"2026-03-16T20:42:04","slug":"gammeldagse-slangetatoveringer-a5","status":"publish","type":"product","link":"https:\/\/likeink.com\/no\/faketatureringar\/gammeldagse-slangetatoveringer-a5\/","title":{"rendered":"Gammeldagse slangetatoveringer"},"content":{"rendered":"","protected":false},"excerpt":{"rendered":"<p>V\u00e5re ark med falske tatoveringer er 20 x 14 cm store, og dette arket er fylt med slanger i forskjellige kombinasjoner i ekte old school-tatoveringsstil. Vi trykker og sender bestillingen din innen 24 timer!<br \/>\nHer f\u00e5r du tatoveringsdesign med slanger, blomster og hodeskaller i vakre matte farger.<\/p>\n<h2>Bestill falske tatoveringer med slanger i old school-stil<\/h2>\n<p><strong>Hva betyr en slangetatovering?<\/strong><\/p>\n<p>Slanger har en lang historie og forekommer i mange kulturer og mytologier rundt om i verden, og derfor kan symbolikken deres variere.<br \/>\nI noen kulturer og mytologier blir slangen sett p\u00e5 som et symbol p\u00e5 f\u00f8dsel, d\u00f8d og gjenf\u00f8delse, da den skifter ham og gjennomg\u00e5r en fornyelsesprosess. Slangen kan ogs\u00e5 representere visdom, helbredelse og forvandling. I gresk mytologi ble Asklepios, guden for medisin og helbredelse, ofte avbildet med en slange viklet rundt staven sin.<br \/>\nI andre kulturer kan slanger symbolisere fristelse og synd, som i historien om Adam og Eva i Bibelen, hvor slangen frister Eva til \u00e5 spise den forbudne frukten.<br \/>\nSom tatovering kan en slange bety mange forskjellige ting, avhengig av b\u00e6reren og dens personlige betydning. Den kan representere forandring, helbredelse, visdom, kreativitet eller \u00e5 overvinne utfordringer og motgang. Det er viktig \u00e5 huske at slangetatoveringer kan tolkes forskjellig avhengig av design og konteksten de brukes i.<br \/>\nAlle falske tatoveringer fra oss hos Like ink er produsert i Sverige og er enkle \u00e5 p\u00e5f\u00f8re og vaske av. Tatoveringene ser flotte ut, er veganske og allergivennlige.<\/p>\n<p>Arkst\u00f8rrelse: A5<br \/>\nAntall tatoveringer: 7<br \/>\nSt\u00f8rrelse p\u00e5 tatoveringer: 3\u201312 cm + rifter 1 cm<\/p>\n","protected":false},"featured_media":54226,"template":"","meta":[],"product_brand":[],"product_cat":[365,372],"product_tag":[],"class_list":{"0":"post-54225","1":"product","2":"type-product","3":"status-publish","4":"has-post-thumbnail","6":"product_cat-ferdige-ark","7":"product_cat-gammeldagse-tatoveringer","9":"first","10":"instock","11":"taxable","12":"shipping-taxable","13":"purchasable","14":"product-type-simple"},"yoast_head":"<!-- This site is optimized with the Yoast SEO Premium plugin v26.2 (Yoast SEO v27.4) - https:\/\/yoast.com\/product\/yoast-seo-premium-wordpress\/ -->\n<title>Gammeldagse slangetatoveringer I Falske tatoveringer - Like ink<\/title>\n<meta name=\"description\" content=\"Gammeldagse slangetatoveringer i fine farger! Slange, hodeskalle og blomst! Gratis frakt og rask levering! - Like ink\" \/>\n<meta name=\"robots\" content=\"index, follow, max-snippet:-1, max-image-preview:large, max-video-preview:-1\" \/>\n<link rel=\"canonical\" href=\"https:\/\/likeink.com\/no\/faketatureringar\/gammeldagse-slangetatoveringer-a5\/\" \/>\n<meta property=\"og:locale\" content=\"nb_NO\" \/>\n<meta property=\"og:type\" content=\"article\" \/>\n<meta property=\"og:title\" content=\"Gammeldagse slangetatoveringer\" \/>\n<meta property=\"og:description\" content=\"V\u00e5re ark med falske tatoveringer er 20 x 14 cm store, og dette arket er fylt med slanger i forskjellige kombinasjoner i ekte old school-tatoveringsstil. Vi trykker og sender bestillingen din innen 24 timer! Her f\u00e5r du tatoveringsdesign med slanger, blomster og hodeskaller i vakre matte farger. Bestill falske tatoveringer med slanger i old school-stil Hva betyr en slangetatovering? Slanger har en lang historie og forekommer i mange kulturer og mytologier rundt om i verden, og derfor kan symbolikken deres variere. I noen kulturer og mytologier blir slangen sett p\u00e5 som et symbol p\u00e5 f\u00f8dsel, d\u00f8d og gjenf\u00f8delse, da den skifter ham og gjennomg\u00e5r en fornyelsesprosess. Slangen kan ogs\u00e5 representere visdom, helbredelse og forvandling. I gresk mytologi ble Asklepios, guden for medisin og helbredelse, ofte avbildet med en slange viklet rundt staven sin. I andre kulturer kan slanger symbolisere fristelse og synd, som i historien om Adam og Eva i Bibelen, hvor slangen frister Eva til \u00e5 spise den forbudne frukten. Som tatovering kan en slange bety mange forskjellige ting, avhengig av b\u00e6reren og dens personlige betydning. Den kan representere forandring, helbredelse, visdom, kreativitet eller \u00e5 overvinne utfordringer og motgang. Det er viktig \u00e5 huske at slangetatoveringer kan tolkes forskjellig avhengig av design og konteksten de brukes i. Alle falske tatoveringer fra oss hos Like ink er produsert i Sverige og er enkle \u00e5 p\u00e5f\u00f8re og vaske av. Tatoveringene ser flotte ut, er veganske og allergivennlige. Arkst\u00f8rrelse: A5 Antall tatoveringer: 7 St\u00f8rrelse p\u00e5 tatoveringer: 3\u201312 cm + rifter 1 cm\" \/>\n<meta property=\"og:url\" content=\"https:\/\/likeink.com\/no\/faketatureringar\/gammeldagse-slangetatoveringer-a5\/\" \/>\n<meta property=\"og:site_name\" content=\"Like ink\" \/>\n<meta property=\"article:publisher\" content=\"https:\/\/www.facebook.com\/LikeInkSe\" \/>\n<meta property=\"article:modified_time\" content=\"2026-03-16T20:42:04+00:00\" \/>\n<meta property=\"og:image\" content=\"https:\/\/likeink.com\/wp-content\/uploads\/2023\/05\/Oldschool-snake-tattoos-Likeink.jpg\" \/>\n\t<meta property=\"og:image:width\" content=\"1200\" \/>\n\t<meta property=\"og:image:height\" content=\"845\" \/>\n\t<meta property=\"og:image:type\" content=\"image\/jpeg\" \/>\n<meta name=\"twitter:card\" content=\"summary_large_image\" \/>\n<script type=\"application\/ld+json\" class=\"yoast-schema-graph\">{\"@context\":\"https:\\\/\\\/schema.org\",\"@graph\":[{\"@type\":\"WebPage\",\"@id\":\"https:\\\/\\\/likeink.com\\\/no\\\/faketatureringar\\\/gammeldagse-slangetatoveringer-a5\\\/\",\"url\":\"https:\\\/\\\/likeink.com\\\/no\\\/faketatureringar\\\/gammeldagse-slangetatoveringer-a5\\\/\",\"name\":\"Gammeldagse slangetatoveringer I Falske tatoveringer - Like ink\",\"isPartOf\":{\"@id\":\"https:\\\/\\\/likeink.com\\\/no\\\/#website\"},\"primaryImageOfPage\":{\"@id\":\"https:\\\/\\\/likeink.com\\\/no\\\/faketatureringar\\\/gammeldagse-slangetatoveringer-a5\\\/#primaryimage\"},\"image\":{\"@id\":\"https:\\\/\\\/likeink.com\\\/no\\\/faketatureringar\\\/gammeldagse-slangetatoveringer-a5\\\/#primaryimage\"},\"thumbnailUrl\":\"https:\\\/\\\/likeink.com\\\/wp-content\\\/uploads\\\/2023\\\/05\\\/Oldschool-snake-tattoos-Likeink.jpg\",\"datePublished\":\"2025-12-15T09:34:38+00:00\",\"dateModified\":\"2026-03-16T20:42:04+00:00\",\"description\":\"Gammeldagse slangetatoveringer i fine farger! Slange, hodeskalle og blomst! Gratis frakt og rask levering! - Like ink\",\"breadcrumb\":{\"@id\":\"https:\\\/\\\/likeink.com\\\/no\\\/faketatureringar\\\/gammeldagse-slangetatoveringer-a5\\\/#breadcrumb\"},\"inLanguage\":\"nb-NO\",\"potentialAction\":[{\"@type\":\"ReadAction\",\"target\":[\"https:\\\/\\\/likeink.com\\\/no\\\/faketatureringar\\\/gammeldagse-slangetatoveringer-a5\\\/\"]}]},{\"@type\":\"ImageObject\",\"inLanguage\":\"nb-NO\",\"@id\":\"https:\\\/\\\/likeink.com\\\/no\\\/faketatureringar\\\/gammeldagse-slangetatoveringer-a5\\\/#primaryimage\",\"url\":\"https:\\\/\\\/likeink.com\\\/wp-content\\\/uploads\\\/2023\\\/05\\\/Oldschool-snake-tattoos-Likeink.jpg\",\"contentUrl\":\"https:\\\/\\\/likeink.com\\\/wp-content\\\/uploads\\\/2023\\\/05\\\/Oldschool-snake-tattoos-Likeink.jpg\",\"width\":1200,\"height\":845,\"caption\":\"Oldschool snake tattoo sheet\"},{\"@type\":\"BreadcrumbList\",\"@id\":\"https:\\\/\\\/likeink.com\\\/no\\\/faketatureringar\\\/gammeldagse-slangetatoveringer-a5\\\/#breadcrumb\",\"itemListElement\":[{\"@type\":\"ListItem\",\"position\":1,\"name\":\"Hem\",\"item\":\"https:\\\/\\\/likeink.com\\\/no\\\/\"},{\"@type\":\"ListItem\",\"position\":2,\"name\":\"Butikk\",\"item\":\"https:\\\/\\\/likeink.com\\\/no\\\/butikk\\\/\"},{\"@type\":\"ListItem\",\"position\":3,\"name\":\"Gammeldagse slangetatoveringer\"}]},{\"@type\":\"WebSite\",\"@id\":\"https:\\\/\\\/likeink.com\\\/no\\\/#website\",\"url\":\"https:\\\/\\\/likeink.com\\\/no\\\/\",\"name\":\"Like ink\",\"description\":\"Make your own custom design\",\"potentialAction\":[{\"@type\":\"SearchAction\",\"target\":{\"@type\":\"EntryPoint\",\"urlTemplate\":\"https:\\\/\\\/likeink.com\\\/no\\\/?s={search_term_string}\"},\"query-input\":{\"@type\":\"PropertyValueSpecification\",\"valueRequired\":true,\"valueName\":\"search_term_string\"}}],\"inLanguage\":\"nb-NO\"}]}<\/script>\n<!-- \/ Yoast SEO Premium plugin. -->","yoast_head_json":{"title":"Gammeldagse slangetatoveringer I Falske tatoveringer - Like ink","description":"Gammeldagse slangetatoveringer i fine farger! Slange, hodeskalle og blomst! Gratis frakt og rask levering! - Like ink","robots":{"index":"index","follow":"follow","max-snippet":"max-snippet:-1","max-image-preview":"max-image-preview:large","max-video-preview":"max-video-preview:-1"},"canonical":"https:\/\/likeink.com\/no\/faketatureringar\/gammeldagse-slangetatoveringer-a5\/","og_locale":"nb_NO","og_type":"article","og_title":"Gammeldagse slangetatoveringer","og_description":"V\u00e5re ark med falske tatoveringer er 20 x 14 cm store, og dette arket er fylt med slanger i forskjellige kombinasjoner i ekte old school-tatoveringsstil. Vi trykker og sender bestillingen din innen 24 timer! Her f\u00e5r du tatoveringsdesign med slanger, blomster og hodeskaller i vakre matte farger. Bestill falske tatoveringer med slanger i old school-stil Hva betyr en slangetatovering? Slanger har en lang historie og forekommer i mange kulturer og mytologier rundt om i verden, og derfor kan symbolikken deres variere. I noen kulturer og mytologier blir slangen sett p\u00e5 som et symbol p\u00e5 f\u00f8dsel, d\u00f8d og gjenf\u00f8delse, da den skifter ham og gjennomg\u00e5r en fornyelsesprosess. Slangen kan ogs\u00e5 representere visdom, helbredelse og forvandling. I gresk mytologi ble Asklepios, guden for medisin og helbredelse, ofte avbildet med en slange viklet rundt staven sin. I andre kulturer kan slanger symbolisere fristelse og synd, som i historien om Adam og Eva i Bibelen, hvor slangen frister Eva til \u00e5 spise den forbudne frukten. Som tatovering kan en slange bety mange forskjellige ting, avhengig av b\u00e6reren og dens personlige betydning. Den kan representere forandring, helbredelse, visdom, kreativitet eller \u00e5 overvinne utfordringer og motgang. Det er viktig \u00e5 huske at slangetatoveringer kan tolkes forskjellig avhengig av design og konteksten de brukes i. Alle falske tatoveringer fra oss hos Like ink er produsert i Sverige og er enkle \u00e5 p\u00e5f\u00f8re og vaske av. Tatoveringene ser flotte ut, er veganske og allergivennlige. Arkst\u00f8rrelse: A5 Antall tatoveringer: 7 St\u00f8rrelse p\u00e5 tatoveringer: 3\u201312 cm + rifter 1 cm","og_url":"https:\/\/likeink.com\/no\/faketatureringar\/gammeldagse-slangetatoveringer-a5\/","og_site_name":"Like ink","article_publisher":"https:\/\/www.facebook.com\/LikeInkSe","article_modified_time":"2026-03-16T20:42:04+00:00","og_image":[{"width":1200,"height":845,"url":"https:\/\/likeink.com\/wp-content\/uploads\/2023\/05\/Oldschool-snake-tattoos-Likeink.jpg","type":"image\/jpeg"}],"twitter_card":"summary_large_image","schema":{"@context":"https:\/\/schema.org","@graph":[{"@type":"WebPage","@id":"https:\/\/likeink.com\/no\/faketatureringar\/gammeldagse-slangetatoveringer-a5\/","url":"https:\/\/likeink.com\/no\/faketatureringar\/gammeldagse-slangetatoveringer-a5\/","name":"Gammeldagse slangetatoveringer I Falske tatoveringer - Like ink","isPartOf":{"@id":"https:\/\/likeink.com\/no\/#website"},"primaryImageOfPage":{"@id":"https:\/\/likeink.com\/no\/faketatureringar\/gammeldagse-slangetatoveringer-a5\/#primaryimage"},"image":{"@id":"https:\/\/likeink.com\/no\/faketatureringar\/gammeldagse-slangetatoveringer-a5\/#primaryimage"},"thumbnailUrl":"https:\/\/likeink.com\/wp-content\/uploads\/2023\/05\/Oldschool-snake-tattoos-Likeink.jpg","datePublished":"2025-12-15T09:34:38+00:00","dateModified":"2026-03-16T20:42:04+00:00","description":"Gammeldagse slangetatoveringer i fine farger! Slange, hodeskalle og blomst! Gratis frakt og rask levering! - Like ink","breadcrumb":{"@id":"https:\/\/likeink.com\/no\/faketatureringar\/gammeldagse-slangetatoveringer-a5\/#breadcrumb"},"inLanguage":"nb-NO","potentialAction":[{"@type":"ReadAction","target":["https:\/\/likeink.com\/no\/faketatureringar\/gammeldagse-slangetatoveringer-a5\/"]}]},{"@type":"ImageObject","inLanguage":"nb-NO","@id":"https:\/\/likeink.com\/no\/faketatureringar\/gammeldagse-slangetatoveringer-a5\/#primaryimage","url":"https:\/\/likeink.com\/wp-content\/uploads\/2023\/05\/Oldschool-snake-tattoos-Likeink.jpg","contentUrl":"https:\/\/likeink.com\/wp-content\/uploads\/2023\/05\/Oldschool-snake-tattoos-Likeink.jpg","width":1200,"height":845,"caption":"Oldschool snake tattoo sheet"},{"@type":"BreadcrumbList","@id":"https:\/\/likeink.com\/no\/faketatureringar\/gammeldagse-slangetatoveringer-a5\/#breadcrumb","itemListElement":[{"@type":"ListItem","position":1,"name":"Hem","item":"https:\/\/likeink.com\/no\/"},{"@type":"ListItem","position":2,"name":"Butikk","item":"https:\/\/likeink.com\/no\/butikk\/"},{"@type":"ListItem","position":3,"name":"Gammeldagse slangetatoveringer"}]},{"@type":"WebSite","@id":"https:\/\/likeink.com\/no\/#website","url":"https:\/\/likeink.com\/no\/","name":"Like ink","description":"Make your own custom design","potentialAction":[{"@type":"SearchAction","target":{"@type":"EntryPoint","urlTemplate":"https:\/\/likeink.com\/no\/?s={search_term_string}"},"query-input":{"@type":"PropertyValueSpecification","valueRequired":true,"valueName":"search_term_string"}}],"inLanguage":"nb-NO"}]}},"_links":{"self":[{"href":"https:\/\/likeink.com\/no\/wp-json\/wp\/v2\/product\/54225","targetHints":{"allow":["GET"]}}],"collection":[{"href":"https:\/\/likeink.com\/no\/wp-json\/wp\/v2\/product"}],"about":[{"href":"https:\/\/likeink.com\/no\/wp-json\/wp\/v2\/types\/product"}],"wp:featuredmedia":[{"embeddable":true,"href":"https:\/\/likeink.com\/no\/wp-json\/wp\/v2\/media\/54226"}],"wp:attachment":[{"href":"https:\/\/likeink.com\/no\/wp-json\/wp\/v2\/media?parent=54225"}],"wp:term":[{"taxonomy":"product_brand","embeddable":true,"href":"https:\/\/likeink.com\/no\/wp-json\/wp\/v2\/product_brand?post=54225"},{"taxonomy":"product_cat","embeddable":true,"href":"https:\/\/likeink.com\/no\/wp-json\/wp\/v2\/product_cat?post=54225"},{"taxonomy":"product_tag","embeddable":true,"href":"https:\/\/likeink.com\/no\/wp-json\/wp\/v2\/product_tag?post=54225"}],"curies":[{"name":"wp","href":"https:\/\/api.w.org\/{rel}","templated":true}]}}