{"id":54227,"date":"2023-05-02T14:58:29","date_gmt":"2025-12-15T09:34:39","guid":{"rendered":"https:\/\/likeink.com\/gnuggis\/diamanttatoveringer-a5\/"},"modified":"2026-03-16T20:42:04","modified_gmt":"2026-03-16T20:42:04","slug":"diamanttatoveringer-a5","status":"publish","type":"product","link":"https:\/\/likeink.com\/no\/faketatureringar\/diamanttatoveringer-a5\/","title":{"rendered":"Diamanttatoveringer"},"content":{"rendered":"","protected":false},"excerpt":{"rendered":"<p>V\u00e5re ark med falske tatoveringer er 20 x 14 cm store, og dette arket er fylt med diamanter i forskjellige farger og st\u00f8rrelser. Vi trykker og sender diamanttatoveringene dine innen 24 timer!<\/p>\n<p>De sm\u00e5 diamantene er ment \u00e5 passe perfekt p\u00e5 fingrene, bak \u00f8ret eller kanskje diskret p\u00e5 h\u00e5ndleddet, eller \u00e5 settes sammen for \u00e5 danne st\u00f8rre klynger, mens de st\u00f8rre, p\u00e5 ca. 4 cm, er mer synlige.<\/p>\n<h2>Bestill et ark med vakre diamanttatoveringer i forskjellige farger og st\u00f8rrelser<\/h2>\n<p><strong>Betydningen av diamanttatoveringer?<\/strong><\/p>\n<p>En diamanttatovering kan ha forskjellige betydninger avhengig av hvem som b\u00e6rer den og hvorfor. For noen kan diamanttatoveringer symbolisere styrke, eleganse, renhet og uforgjengelighet p\u00e5 grunn av diamanters hardhet og ugjennomtrengelighet. For andre kan diamanttatoveringer representere skj\u00f8nnhet, luksus og rikdom, da diamanter har v\u00e6rt en ettertraktet edelsten gjennom historien. Det er imidlertid viktig \u00e5 merke seg at tatoveringer alltid har en personlig betydning for personen som b\u00e6rer dem, og kan tolkes p\u00e5 forskjellige m\u00e5ter av forskjellige mennesker.<\/p>\n<p>Alle tatoveringer fra oss hos Like ink er laget i Sverige og er enkle \u00e5 p\u00e5f\u00f8re og vaske av. De falske tatoveringene ser flotte ut, er veganske og allergivennlige.<\/p>\n<p>Arkst\u00f8rrelse: A5<br \/>\nAntall tatoveringer: 50-ish<br \/>\nTatoveringsst\u00f8rrelse: 1-4,5 cm<\/p>\n","protected":false},"featured_media":54228,"template":"","meta":[],"product_brand":[],"product_cat":[365,547],"product_tag":[],"class_list":{"0":"post-54227","1":"product","2":"type-product","3":"status-publish","4":"has-post-thumbnail","6":"product_cat-ferdige-ark","7":"product_cat-tribal-symboler-runer-no","9":"first","10":"instock","11":"taxable","12":"shipping-taxable","13":"purchasable","14":"product-type-simple"},"yoast_head":"<!-- This site is optimized with the Yoast SEO Premium plugin v26.2 (Yoast SEO v27.5) - https:\/\/yoast.com\/product\/yoast-seo-premium-wordpress\/ -->\n<title>Diamanttatoveringer I Falske tatoveringer - Like ink<\/title>\n<meta name=\"description\" content=\"Diamanttatoveringer! Bestill vakre diamanttatoveringer i forskjellige st\u00f8rrelser og farger. - Like ink\" \/>\n<meta name=\"robots\" content=\"index, follow, max-snippet:-1, max-image-preview:large, max-video-preview:-1\" \/>\n<link rel=\"canonical\" href=\"https:\/\/likeink.com\/no\/faketatureringar\/diamanttatoveringer-a5\/\" \/>\n<meta property=\"og:locale\" content=\"nb_NO\" \/>\n<meta property=\"og:type\" content=\"article\" \/>\n<meta property=\"og:title\" content=\"Diamanttatoveringer\" \/>\n<meta property=\"og:description\" content=\"V\u00e5re ark med falske tatoveringer er 20 x 14 cm store, og dette arket er fylt med diamanter i forskjellige farger og st\u00f8rrelser. Vi trykker og sender diamanttatoveringene dine innen 24 timer! De sm\u00e5 diamantene er ment \u00e5 passe perfekt p\u00e5 fingrene, bak \u00f8ret eller kanskje diskret p\u00e5 h\u00e5ndleddet, eller \u00e5 settes sammen for \u00e5 danne st\u00f8rre klynger, mens de st\u00f8rre, p\u00e5 ca. 4 cm, er mer synlige. Bestill et ark med vakre diamanttatoveringer i forskjellige farger og st\u00f8rrelser Betydningen av diamanttatoveringer? En diamanttatovering kan ha forskjellige betydninger avhengig av hvem som b\u00e6rer den og hvorfor. For noen kan diamanttatoveringer symbolisere styrke, eleganse, renhet og uforgjengelighet p\u00e5 grunn av diamanters hardhet og ugjennomtrengelighet. For andre kan diamanttatoveringer representere skj\u00f8nnhet, luksus og rikdom, da diamanter har v\u00e6rt en ettertraktet edelsten gjennom historien. Det er imidlertid viktig \u00e5 merke seg at tatoveringer alltid har en personlig betydning for personen som b\u00e6rer dem, og kan tolkes p\u00e5 forskjellige m\u00e5ter av forskjellige mennesker. Alle tatoveringer fra oss hos Like ink er laget i Sverige og er enkle \u00e5 p\u00e5f\u00f8re og vaske av. De falske tatoveringene ser flotte ut, er veganske og allergivennlige. Arkst\u00f8rrelse: A5 Antall tatoveringer: 50-ish Tatoveringsst\u00f8rrelse: 1-4,5 cm\" \/>\n<meta property=\"og:url\" content=\"https:\/\/likeink.com\/no\/faketatureringar\/diamanttatoveringer-a5\/\" \/>\n<meta property=\"og:site_name\" content=\"Like ink\" \/>\n<meta property=\"article:publisher\" content=\"https:\/\/www.facebook.com\/LikeInkSe\" \/>\n<meta property=\"article:modified_time\" content=\"2026-03-16T20:42:04+00:00\" \/>\n<meta property=\"og:image\" content=\"https:\/\/likeink.com\/wp-content\/uploads\/2023\/05\/Diamond-fake-tattoos-Likeink.jpg\" \/>\n\t<meta property=\"og:image:width\" content=\"1200\" \/>\n\t<meta property=\"og:image:height\" content=\"845\" \/>\n\t<meta property=\"og:image:type\" content=\"image\/jpeg\" \/>\n<meta name=\"twitter:card\" content=\"summary_large_image\" \/>\n<!-- \/ Yoast SEO Premium plugin. -->","yoast_head_json":{"title":"Diamanttatoveringer I Falske tatoveringer - Like ink","description":"Diamanttatoveringer! Bestill vakre diamanttatoveringer i forskjellige st\u00f8rrelser og farger. - Like ink","robots":{"index":"index","follow":"follow","max-snippet":"max-snippet:-1","max-image-preview":"max-image-preview:large","max-video-preview":"max-video-preview:-1"},"canonical":"https:\/\/likeink.com\/no\/faketatureringar\/diamanttatoveringer-a5\/","og_locale":"nb_NO","og_type":"article","og_title":"Diamanttatoveringer","og_description":"V\u00e5re ark med falske tatoveringer er 20 x 14 cm store, og dette arket er fylt med diamanter i forskjellige farger og st\u00f8rrelser. Vi trykker og sender diamanttatoveringene dine innen 24 timer! De sm\u00e5 diamantene er ment \u00e5 passe perfekt p\u00e5 fingrene, bak \u00f8ret eller kanskje diskret p\u00e5 h\u00e5ndleddet, eller \u00e5 settes sammen for \u00e5 danne st\u00f8rre klynger, mens de st\u00f8rre, p\u00e5 ca. 4 cm, er mer synlige. Bestill et ark med vakre diamanttatoveringer i forskjellige farger og st\u00f8rrelser Betydningen av diamanttatoveringer? En diamanttatovering kan ha forskjellige betydninger avhengig av hvem som b\u00e6rer den og hvorfor. For noen kan diamanttatoveringer symbolisere styrke, eleganse, renhet og uforgjengelighet p\u00e5 grunn av diamanters hardhet og ugjennomtrengelighet. For andre kan diamanttatoveringer representere skj\u00f8nnhet, luksus og rikdom, da diamanter har v\u00e6rt en ettertraktet edelsten gjennom historien. Det er imidlertid viktig \u00e5 merke seg at tatoveringer alltid har en personlig betydning for personen som b\u00e6rer dem, og kan tolkes p\u00e5 forskjellige m\u00e5ter av forskjellige mennesker. Alle tatoveringer fra oss hos Like ink er laget i Sverige og er enkle \u00e5 p\u00e5f\u00f8re og vaske av. De falske tatoveringene ser flotte ut, er veganske og allergivennlige. Arkst\u00f8rrelse: A5 Antall tatoveringer: 50-ish Tatoveringsst\u00f8rrelse: 1-4,5 cm","og_url":"https:\/\/likeink.com\/no\/faketatureringar\/diamanttatoveringer-a5\/","og_site_name":"Like ink","article_publisher":"https:\/\/www.facebook.com\/LikeInkSe","article_modified_time":"2026-03-16T20:42:04+00:00","og_image":[{"width":1200,"height":845,"url":"https:\/\/likeink.com\/wp-content\/uploads\/2023\/05\/Diamond-fake-tattoos-Likeink.jpg","type":"image\/jpeg"}],"twitter_card":"summary_large_image","schema":{"@context":"https:\/\/schema.org","@graph":[{"@type":"WebPage","@id":"https:\/\/likeink.com\/no\/faketatureringar\/diamanttatoveringer-a5\/","url":"https:\/\/likeink.com\/no\/faketatureringar\/diamanttatoveringer-a5\/","name":"Diamanttatoveringer I Falske tatoveringer - Like ink","isPartOf":{"@id":"https:\/\/likeink.com\/no\/#website"},"primaryImageOfPage":{"@id":"https:\/\/likeink.com\/no\/faketatureringar\/diamanttatoveringer-a5\/#primaryimage"},"image":{"@id":"https:\/\/likeink.com\/no\/faketatureringar\/diamanttatoveringer-a5\/#primaryimage"},"thumbnailUrl":"https:\/\/likeink.com\/wp-content\/uploads\/2023\/05\/Diamond-fake-tattoos-Likeink.jpg","datePublished":"2025-12-15T09:34:39+00:00","dateModified":"2026-03-16T20:42:04+00:00","description":"Diamanttatoveringer! Bestill vakre diamanttatoveringer i forskjellige st\u00f8rrelser og farger. - Like ink","breadcrumb":{"@id":"https:\/\/likeink.com\/no\/faketatureringar\/diamanttatoveringer-a5\/#breadcrumb"},"inLanguage":"nb-NO","potentialAction":[{"@type":"ReadAction","target":["https:\/\/likeink.com\/no\/faketatureringar\/diamanttatoveringer-a5\/"]}]},{"@type":"ImageObject","inLanguage":"nb-NO","@id":"https:\/\/likeink.com\/no\/faketatureringar\/diamanttatoveringer-a5\/#primaryimage","url":"https:\/\/likeink.com\/wp-content\/uploads\/2023\/05\/Diamond-fake-tattoos-Likeink.jpg","contentUrl":"https:\/\/likeink.com\/wp-content\/uploads\/2023\/05\/Diamond-fake-tattoos-Likeink.jpg","width":1200,"height":845,"caption":"Fake tattoos with diamonds."},{"@type":"BreadcrumbList","@id":"https:\/\/likeink.com\/no\/faketatureringar\/diamanttatoveringer-a5\/#breadcrumb","itemListElement":[{"@type":"ListItem","position":1,"name":"Hem","item":"https:\/\/likeink.com\/no\/"},{"@type":"ListItem","position":2,"name":"Butikk","item":"https:\/\/likeink.com\/no\/butikk\/"},{"@type":"ListItem","position":3,"name":"Diamanttatoveringer"}]},{"@type":"WebSite","@id":"https:\/\/likeink.com\/no\/#website","url":"https:\/\/likeink.com\/no\/","name":"Like ink","description":"Make your own custom design","potentialAction":[{"@type":"SearchAction","target":{"@type":"EntryPoint","urlTemplate":"https:\/\/likeink.com\/no\/?s={search_term_string}"},"query-input":{"@type":"PropertyValueSpecification","valueRequired":true,"valueName":"search_term_string"}}],"inLanguage":"nb-NO"}]}},"_links":{"self":[{"href":"https:\/\/likeink.com\/no\/wp-json\/wp\/v2\/product\/54227","targetHints":{"allow":["GET"]}}],"collection":[{"href":"https:\/\/likeink.com\/no\/wp-json\/wp\/v2\/product"}],"about":[{"href":"https:\/\/likeink.com\/no\/wp-json\/wp\/v2\/types\/product"}],"wp:featuredmedia":[{"embeddable":true,"href":"https:\/\/likeink.com\/no\/wp-json\/wp\/v2\/media\/54228"}],"wp:attachment":[{"href":"https:\/\/likeink.com\/no\/wp-json\/wp\/v2\/media?parent=54227"}],"wp:term":[{"taxonomy":"product_brand","embeddable":true,"href":"https:\/\/likeink.com\/no\/wp-json\/wp\/v2\/product_brand?post=54227"},{"taxonomy":"product_cat","embeddable":true,"href":"https:\/\/likeink.com\/no\/wp-json\/wp\/v2\/product_cat?post=54227"},{"taxonomy":"product_tag","embeddable":true,"href":"https:\/\/likeink.com\/no\/wp-json\/wp\/v2\/product_tag?post=54227"}],"curies":[{"name":"wp","href":"https:\/\/api.w.org\/{rel}","templated":true}]}}