{"id":54231,"date":"2023-05-02T13:06:06","date_gmt":"2025-12-15T09:34:42","guid":{"rendered":"https:\/\/likeink.com\/gnuggis\/gammeldags-kjaerlighetstatoveringer-a5\/"},"modified":"2026-03-16T20:42:16","modified_gmt":"2026-03-16T20:42:16","slug":"gammeldags-kjaerlighetstatoveringer-a5","status":"publish","type":"product","link":"https:\/\/likeink.com\/no\/faketatureringar\/gammeldags-kjaerlighetstatoveringer-a5\/","title":{"rendered":"Gammeldags kj\u00e6rlighetstatoveringer"},"content":{"rendered":"","protected":false},"excerpt":{"rendered":"<p>V\u00e5re ark med falske tatoveringer er 20 x 14 cm store, og dette arket er fylt med hjerter i forskjellige farger og st\u00f8rrelser. Vi trykker og sender bestillingen din innen 24 timer!<\/p>\n<p>Dette arket er fylt med kj\u00e6rlighetstatoveringer i klassisk stil, hjerter, bannere sammen med blomster, en svale og selvf\u00f8lgelig hodeskaller. Falske tatoveringer er perfekte for bryllup, utdrikningslag og jentekvelder.<\/p>\n<h2>Bestill et ark med vakkert illustrerte og stilige old school kj\u00e6rlighetstatoveringer<\/h2>\n<p><strong>Hva betyr en hjertetatovering?<\/strong><\/p>\n<p>En hjertetatovering kan bety forskjellige ting avhengig av hvem som b\u00e6rer den og hvorfor. For mange representerer hjertet kj\u00e6rlighet, lidenskap og romantikk. Det kan ogs\u00e5 symbolisere kj\u00e6rlighet til en person, en ting eller et sted. For andre kan en hjertetatovering v\u00e6re et symbol p\u00e5 mot og styrke, eller et tegn p\u00e5 at de har overvunnet en form for hindring eller hjertesorg. Oppsummert kan hjertetatoveringen ha forskjellige betydninger for forskjellige mennesker og kan tolkes p\u00e5 forskjellige m\u00e5ter avhengig av kontekst og bruk. Vi mener at et hjerte symboliserer kj\u00e6rlighet, og old school-stilen gj\u00f8r f\u00f8lelsen av denne falske tatoveringen ekte!<\/p>\n<p>Alle tatoveringer fra oss hos Like ink er laget i Sverige og er enkle \u00e5 p\u00e5f\u00f8re og vaske av. Tatoveringene ser flotte ut, er veganske og allergivennlige.<\/p>\n<p>Arkst\u00f8rrelse: A5<br \/>\nAntall tatoveringer: 11<br \/>\nTatoveringsst\u00f8rrelse: 4-7 cm<\/p>\n","protected":false},"featured_media":54232,"template":"","meta":[],"product_brand":[],"product_cat":[365,375],"product_tag":[],"class_list":{"0":"post-54231","1":"product","2":"type-product","3":"status-publish","4":"has-post-thumbnail","6":"product_cat-ferdige-ark","7":"product_cat-kjaerlighetstatoveringer","9":"first","10":"instock","11":"taxable","12":"shipping-taxable","13":"purchasable","14":"product-type-simple"},"yoast_head":"<!-- This site is optimized with the Yoast SEO Premium plugin v26.2 (Yoast SEO v27.4) - https:\/\/yoast.com\/product\/yoast-seo-premium-wordpress\/ -->\n<title>Gammeldagse kj\u00e6rlighetstatoveringer A5 - Like ink<\/title>\n<meta name=\"description\" content=\"Gammeldagse kj\u00e6rlighetstatoveringer p\u00e5 A5-ark. Perfekt til utdrikningslag, jentekvelder eller bryllup. Falske tatoveringer er kj\u00e6rlighet! - Like ink\" \/>\n<meta name=\"robots\" content=\"index, follow, max-snippet:-1, max-image-preview:large, max-video-preview:-1\" \/>\n<link rel=\"canonical\" href=\"https:\/\/likeink.com\/no\/faketatureringar\/gammeldags-kjaerlighetstatoveringer-a5\/\" \/>\n<meta property=\"og:locale\" content=\"nb_NO\" \/>\n<meta property=\"og:type\" content=\"article\" \/>\n<meta property=\"og:title\" content=\"Gammeldags kj\u00e6rlighetstatoveringer\" \/>\n<meta property=\"og:description\" content=\"V\u00e5re ark med falske tatoveringer er 20 x 14 cm store, og dette arket er fylt med hjerter i forskjellige farger og st\u00f8rrelser. Vi trykker og sender bestillingen din innen 24 timer! Dette arket er fylt med kj\u00e6rlighetstatoveringer i klassisk stil, hjerter, bannere sammen med blomster, en svale og selvf\u00f8lgelig hodeskaller. Falske tatoveringer er perfekte for bryllup, utdrikningslag og jentekvelder. Bestill et ark med vakkert illustrerte og stilige old school kj\u00e6rlighetstatoveringer Hva betyr en hjertetatovering? En hjertetatovering kan bety forskjellige ting avhengig av hvem som b\u00e6rer den og hvorfor. For mange representerer hjertet kj\u00e6rlighet, lidenskap og romantikk. Det kan ogs\u00e5 symbolisere kj\u00e6rlighet til en person, en ting eller et sted. For andre kan en hjertetatovering v\u00e6re et symbol p\u00e5 mot og styrke, eller et tegn p\u00e5 at de har overvunnet en form for hindring eller hjertesorg. Oppsummert kan hjertetatoveringen ha forskjellige betydninger for forskjellige mennesker og kan tolkes p\u00e5 forskjellige m\u00e5ter avhengig av kontekst og bruk. Vi mener at et hjerte symboliserer kj\u00e6rlighet, og old school-stilen gj\u00f8r f\u00f8lelsen av denne falske tatoveringen ekte! Alle tatoveringer fra oss hos Like ink er laget i Sverige og er enkle \u00e5 p\u00e5f\u00f8re og vaske av. Tatoveringene ser flotte ut, er veganske og allergivennlige. Arkst\u00f8rrelse: A5 Antall tatoveringer: 11 Tatoveringsst\u00f8rrelse: 4-7 cm\" \/>\n<meta property=\"og:url\" content=\"https:\/\/likeink.com\/no\/faketatureringar\/gammeldags-kjaerlighetstatoveringer-a5\/\" \/>\n<meta property=\"og:site_name\" content=\"Like ink\" \/>\n<meta property=\"article:publisher\" content=\"https:\/\/www.facebook.com\/LikeInkSe\" \/>\n<meta property=\"article:modified_time\" content=\"2026-03-16T20:42:16+00:00\" \/>\n<meta property=\"og:image\" content=\"https:\/\/likeink.com\/wp-content\/uploads\/2023\/05\/Oldschool-love-tattoos-likeink.jpg\" \/>\n\t<meta property=\"og:image:width\" content=\"1200\" \/>\n\t<meta property=\"og:image:height\" content=\"845\" \/>\n\t<meta property=\"og:image:type\" content=\"image\/jpeg\" \/>\n<meta name=\"twitter:card\" content=\"summary_large_image\" \/>\n<script type=\"application\/ld+json\" class=\"yoast-schema-graph\">{\"@context\":\"https:\\\/\\\/schema.org\",\"@graph\":[{\"@type\":\"WebPage\",\"@id\":\"https:\\\/\\\/likeink.com\\\/no\\\/faketatureringar\\\/gammeldags-kjaerlighetstatoveringer-a5\\\/\",\"url\":\"https:\\\/\\\/likeink.com\\\/no\\\/faketatureringar\\\/gammeldags-kjaerlighetstatoveringer-a5\\\/\",\"name\":\"Gammeldagse kj\u00e6rlighetstatoveringer A5 - Like ink\",\"isPartOf\":{\"@id\":\"https:\\\/\\\/likeink.com\\\/no\\\/#website\"},\"primaryImageOfPage\":{\"@id\":\"https:\\\/\\\/likeink.com\\\/no\\\/faketatureringar\\\/gammeldags-kjaerlighetstatoveringer-a5\\\/#primaryimage\"},\"image\":{\"@id\":\"https:\\\/\\\/likeink.com\\\/no\\\/faketatureringar\\\/gammeldags-kjaerlighetstatoveringer-a5\\\/#primaryimage\"},\"thumbnailUrl\":\"https:\\\/\\\/likeink.com\\\/wp-content\\\/uploads\\\/2023\\\/05\\\/Oldschool-love-tattoos-likeink.jpg\",\"datePublished\":\"2025-12-15T09:34:42+00:00\",\"dateModified\":\"2026-03-16T20:42:16+00:00\",\"description\":\"Gammeldagse kj\u00e6rlighetstatoveringer p\u00e5 A5-ark. Perfekt til utdrikningslag, jentekvelder eller bryllup. Falske tatoveringer er kj\u00e6rlighet! - Like ink\",\"breadcrumb\":{\"@id\":\"https:\\\/\\\/likeink.com\\\/no\\\/faketatureringar\\\/gammeldags-kjaerlighetstatoveringer-a5\\\/#breadcrumb\"},\"inLanguage\":\"nb-NO\",\"potentialAction\":[{\"@type\":\"ReadAction\",\"target\":[\"https:\\\/\\\/likeink.com\\\/no\\\/faketatureringar\\\/gammeldags-kjaerlighetstatoveringer-a5\\\/\"]}]},{\"@type\":\"ImageObject\",\"inLanguage\":\"nb-NO\",\"@id\":\"https:\\\/\\\/likeink.com\\\/no\\\/faketatureringar\\\/gammeldags-kjaerlighetstatoveringer-a5\\\/#primaryimage\",\"url\":\"https:\\\/\\\/likeink.com\\\/wp-content\\\/uploads\\\/2023\\\/05\\\/Oldschool-love-tattoos-likeink.jpg\",\"contentUrl\":\"https:\\\/\\\/likeink.com\\\/wp-content\\\/uploads\\\/2023\\\/05\\\/Oldschool-love-tattoos-likeink.jpg\",\"width\":1200,\"height\":845,\"caption\":\"Temporary tattoos with love motifs in Old-School style.\"},{\"@type\":\"BreadcrumbList\",\"@id\":\"https:\\\/\\\/likeink.com\\\/no\\\/faketatureringar\\\/gammeldags-kjaerlighetstatoveringer-a5\\\/#breadcrumb\",\"itemListElement\":[{\"@type\":\"ListItem\",\"position\":1,\"name\":\"Hem\",\"item\":\"https:\\\/\\\/likeink.com\\\/no\\\/\"},{\"@type\":\"ListItem\",\"position\":2,\"name\":\"Butikk\",\"item\":\"https:\\\/\\\/likeink.com\\\/no\\\/butikk\\\/\"},{\"@type\":\"ListItem\",\"position\":3,\"name\":\"Gammeldags kj\u00e6rlighetstatoveringer\"}]},{\"@type\":\"WebSite\",\"@id\":\"https:\\\/\\\/likeink.com\\\/no\\\/#website\",\"url\":\"https:\\\/\\\/likeink.com\\\/no\\\/\",\"name\":\"Like ink\",\"description\":\"Make your own custom design\",\"potentialAction\":[{\"@type\":\"SearchAction\",\"target\":{\"@type\":\"EntryPoint\",\"urlTemplate\":\"https:\\\/\\\/likeink.com\\\/no\\\/?s={search_term_string}\"},\"query-input\":{\"@type\":\"PropertyValueSpecification\",\"valueRequired\":true,\"valueName\":\"search_term_string\"}}],\"inLanguage\":\"nb-NO\"}]}<\/script>\n<!-- \/ Yoast SEO Premium plugin. -->","yoast_head_json":{"title":"Gammeldagse kj\u00e6rlighetstatoveringer A5 - Like ink","description":"Gammeldagse kj\u00e6rlighetstatoveringer p\u00e5 A5-ark. Perfekt til utdrikningslag, jentekvelder eller bryllup. Falske tatoveringer er kj\u00e6rlighet! - Like ink","robots":{"index":"index","follow":"follow","max-snippet":"max-snippet:-1","max-image-preview":"max-image-preview:large","max-video-preview":"max-video-preview:-1"},"canonical":"https:\/\/likeink.com\/no\/faketatureringar\/gammeldags-kjaerlighetstatoveringer-a5\/","og_locale":"nb_NO","og_type":"article","og_title":"Gammeldags kj\u00e6rlighetstatoveringer","og_description":"V\u00e5re ark med falske tatoveringer er 20 x 14 cm store, og dette arket er fylt med hjerter i forskjellige farger og st\u00f8rrelser. Vi trykker og sender bestillingen din innen 24 timer! Dette arket er fylt med kj\u00e6rlighetstatoveringer i klassisk stil, hjerter, bannere sammen med blomster, en svale og selvf\u00f8lgelig hodeskaller. Falske tatoveringer er perfekte for bryllup, utdrikningslag og jentekvelder. Bestill et ark med vakkert illustrerte og stilige old school kj\u00e6rlighetstatoveringer Hva betyr en hjertetatovering? En hjertetatovering kan bety forskjellige ting avhengig av hvem som b\u00e6rer den og hvorfor. For mange representerer hjertet kj\u00e6rlighet, lidenskap og romantikk. Det kan ogs\u00e5 symbolisere kj\u00e6rlighet til en person, en ting eller et sted. For andre kan en hjertetatovering v\u00e6re et symbol p\u00e5 mot og styrke, eller et tegn p\u00e5 at de har overvunnet en form for hindring eller hjertesorg. Oppsummert kan hjertetatoveringen ha forskjellige betydninger for forskjellige mennesker og kan tolkes p\u00e5 forskjellige m\u00e5ter avhengig av kontekst og bruk. Vi mener at et hjerte symboliserer kj\u00e6rlighet, og old school-stilen gj\u00f8r f\u00f8lelsen av denne falske tatoveringen ekte! Alle tatoveringer fra oss hos Like ink er laget i Sverige og er enkle \u00e5 p\u00e5f\u00f8re og vaske av. Tatoveringene ser flotte ut, er veganske og allergivennlige. Arkst\u00f8rrelse: A5 Antall tatoveringer: 11 Tatoveringsst\u00f8rrelse: 4-7 cm","og_url":"https:\/\/likeink.com\/no\/faketatureringar\/gammeldags-kjaerlighetstatoveringer-a5\/","og_site_name":"Like ink","article_publisher":"https:\/\/www.facebook.com\/LikeInkSe","article_modified_time":"2026-03-16T20:42:16+00:00","og_image":[{"width":1200,"height":845,"url":"https:\/\/likeink.com\/wp-content\/uploads\/2023\/05\/Oldschool-love-tattoos-likeink.jpg","type":"image\/jpeg"}],"twitter_card":"summary_large_image","schema":{"@context":"https:\/\/schema.org","@graph":[{"@type":"WebPage","@id":"https:\/\/likeink.com\/no\/faketatureringar\/gammeldags-kjaerlighetstatoveringer-a5\/","url":"https:\/\/likeink.com\/no\/faketatureringar\/gammeldags-kjaerlighetstatoveringer-a5\/","name":"Gammeldagse kj\u00e6rlighetstatoveringer A5 - Like ink","isPartOf":{"@id":"https:\/\/likeink.com\/no\/#website"},"primaryImageOfPage":{"@id":"https:\/\/likeink.com\/no\/faketatureringar\/gammeldags-kjaerlighetstatoveringer-a5\/#primaryimage"},"image":{"@id":"https:\/\/likeink.com\/no\/faketatureringar\/gammeldags-kjaerlighetstatoveringer-a5\/#primaryimage"},"thumbnailUrl":"https:\/\/likeink.com\/wp-content\/uploads\/2023\/05\/Oldschool-love-tattoos-likeink.jpg","datePublished":"2025-12-15T09:34:42+00:00","dateModified":"2026-03-16T20:42:16+00:00","description":"Gammeldagse kj\u00e6rlighetstatoveringer p\u00e5 A5-ark. Perfekt til utdrikningslag, jentekvelder eller bryllup. Falske tatoveringer er kj\u00e6rlighet! - Like ink","breadcrumb":{"@id":"https:\/\/likeink.com\/no\/faketatureringar\/gammeldags-kjaerlighetstatoveringer-a5\/#breadcrumb"},"inLanguage":"nb-NO","potentialAction":[{"@type":"ReadAction","target":["https:\/\/likeink.com\/no\/faketatureringar\/gammeldags-kjaerlighetstatoveringer-a5\/"]}]},{"@type":"ImageObject","inLanguage":"nb-NO","@id":"https:\/\/likeink.com\/no\/faketatureringar\/gammeldags-kjaerlighetstatoveringer-a5\/#primaryimage","url":"https:\/\/likeink.com\/wp-content\/uploads\/2023\/05\/Oldschool-love-tattoos-likeink.jpg","contentUrl":"https:\/\/likeink.com\/wp-content\/uploads\/2023\/05\/Oldschool-love-tattoos-likeink.jpg","width":1200,"height":845,"caption":"Temporary tattoos with love motifs in Old-School style."},{"@type":"BreadcrumbList","@id":"https:\/\/likeink.com\/no\/faketatureringar\/gammeldags-kjaerlighetstatoveringer-a5\/#breadcrumb","itemListElement":[{"@type":"ListItem","position":1,"name":"Hem","item":"https:\/\/likeink.com\/no\/"},{"@type":"ListItem","position":2,"name":"Butikk","item":"https:\/\/likeink.com\/no\/butikk\/"},{"@type":"ListItem","position":3,"name":"Gammeldags kj\u00e6rlighetstatoveringer"}]},{"@type":"WebSite","@id":"https:\/\/likeink.com\/no\/#website","url":"https:\/\/likeink.com\/no\/","name":"Like ink","description":"Make your own custom design","potentialAction":[{"@type":"SearchAction","target":{"@type":"EntryPoint","urlTemplate":"https:\/\/likeink.com\/no\/?s={search_term_string}"},"query-input":{"@type":"PropertyValueSpecification","valueRequired":true,"valueName":"search_term_string"}}],"inLanguage":"nb-NO"}]}},"_links":{"self":[{"href":"https:\/\/likeink.com\/no\/wp-json\/wp\/v2\/product\/54231","targetHints":{"allow":["GET"]}}],"collection":[{"href":"https:\/\/likeink.com\/no\/wp-json\/wp\/v2\/product"}],"about":[{"href":"https:\/\/likeink.com\/no\/wp-json\/wp\/v2\/types\/product"}],"wp:featuredmedia":[{"embeddable":true,"href":"https:\/\/likeink.com\/no\/wp-json\/wp\/v2\/media\/54232"}],"wp:attachment":[{"href":"https:\/\/likeink.com\/no\/wp-json\/wp\/v2\/media?parent=54231"}],"wp:term":[{"taxonomy":"product_brand","embeddable":true,"href":"https:\/\/likeink.com\/no\/wp-json\/wp\/v2\/product_brand?post=54231"},{"taxonomy":"product_cat","embeddable":true,"href":"https:\/\/likeink.com\/no\/wp-json\/wp\/v2\/product_cat?post=54231"},{"taxonomy":"product_tag","embeddable":true,"href":"https:\/\/likeink.com\/no\/wp-json\/wp\/v2\/product_tag?post=54231"}],"curies":[{"name":"wp","href":"https:\/\/api.w.org\/{rel}","templated":true}]}}