{"id":54233,"date":"2023-04-21T14:03:51","date_gmt":"2025-12-15T09:34:43","guid":{"rendered":"https:\/\/likeink.com\/gnuggis\/dyrevern-redd-dyr\/"},"modified":"2026-01-30T11:35:58","modified_gmt":"2026-01-30T11:35:58","slug":"dyrevern-redd-dyr","status":"publish","type":"product","link":"https:\/\/likeink.com\/no\/faketatureringar\/dyrevern-redd-dyr\/","title":{"rendered":"Dyrevern Redd dyr"},"content":{"rendered":"","protected":false},"excerpt":{"rendered":"<p>F\u00e5 en midlertidig tatovering til st\u00f8tte for dyr med falske tatoveringer fra oss hos Like ink!<br \/>\nLike ink trykker stilige, veganske og allergitestede falske tatoveringer som n\u00e5 er merket med Djurens R\u00e4tts I&#x27;M VEGAN.<\/p>\n<p>Akkurat n\u00e5 har vi en kampanje sammen med Djurens R\u00e4tt! 30 % av inntektene fra forh\u00e5ndsdesignede ark i kategorien Djurens R\u00e4tt i Like inks nettbutikk g\u00e5r til Djurens R\u00e4tts arbeid for \u00e5 forbedre forholdene for de dyrene i Sverige som har det verst.<\/p>\n<h2>Bestill falske tatoveringer og st\u00f8tt Djurens R\u00e4tt<\/h2>\n<p>Et A5-ark koster 100 kr, og jo flere ark du bestiller, desto st\u00f8rre blir rabatten! Begynn \u00e5 handle n\u00e5, og husk \u00e5 tagge alle bilder av disse falske tatoveringene med @seLikeink<\/p>\n<p>p\u00e5 Instagram og TikTok. Vi donerer 10 kr ekstra per tagg og deler selvf\u00f8lgelig bildet ditt ogs\u00e5.<\/p>\n<p>Arkst\u00f8rrelse: A5<br \/>\nTatoveringsst\u00f8rrelse: Dyrene er 4\u20135 cm<\/p>\n","protected":false},"featured_media":54234,"template":"","meta":[],"product_brand":[],"product_cat":[524,365,541],"product_tag":[],"class_list":{"0":"post-54233","1":"product","2":"type-product","3":"status-publish","4":"has-post-thumbnail","6":"product_cat-dyr-natur-no","7":"product_cat-ferdige-ark","8":"product_cat-samarbeid-med-bedrifter","10":"first","11":"instock","12":"taxable","13":"shipping-taxable","14":"purchasable","15":"product-type-simple"},"yoast_head":"<!-- This site is optimized with the Yoast SEO Premium plugin v26.2 (Yoast SEO v27.5) - https:\/\/yoast.com\/product\/yoast-seo-premium-wordpress\/ -->\n<title>Dyrevern \u00abRedd dyrene\u00bb falske tatoveringer I A5 - Like ink<\/title>\n<meta name=\"description\" content=\"30 % av inntektene g\u00e5r til Animal Rights Sweden! Bestill et ark med stilige, veganske og allergivennlige falske tatoveringer for 11 euro.- Like ink\" \/>\n<meta name=\"robots\" content=\"index, follow, max-snippet:-1, max-image-preview:large, max-video-preview:-1\" \/>\n<link rel=\"canonical\" href=\"https:\/\/likeink.com\/no\/faketatureringar\/dyrevern-redd-dyr\/\" \/>\n<meta property=\"og:locale\" content=\"nb_NO\" \/>\n<meta property=\"og:type\" content=\"article\" \/>\n<meta property=\"og:title\" content=\"Dyrevern Redd dyr\" \/>\n<meta property=\"og:description\" content=\"F\u00e5 en midlertidig tatovering til st\u00f8tte for dyr med falske tatoveringer fra oss hos Like ink! Like ink trykker stilige, veganske og allergitestede falske tatoveringer som n\u00e5 er merket med Djurens R\u00e4tts I&#x27;M VEGAN. Akkurat n\u00e5 har vi en kampanje sammen med Djurens R\u00e4tt! 30 % av inntektene fra forh\u00e5ndsdesignede ark i kategorien Djurens R\u00e4tt i Like inks nettbutikk g\u00e5r til Djurens R\u00e4tts arbeid for \u00e5 forbedre forholdene for de dyrene i Sverige som har det verst. Bestill falske tatoveringer og st\u00f8tt Djurens R\u00e4ttEt A5-ark koster 100 kr, og jo flere ark du bestiller, desto st\u00f8rre blir rabatten! Begynn \u00e5 handle n\u00e5, og husk \u00e5 tagge alle bilder av disse falske tatoveringene med @seLikeink p\u00e5 Instagram og TikTok. Vi donerer 10 kr ekstra per tagg og deler selvf\u00f8lgelig bildet ditt ogs\u00e5. Arkst\u00f8rrelse: A5 Tatoveringsst\u00f8rrelse: Dyrene er 4\u20135 cm\" \/>\n<meta property=\"og:url\" content=\"https:\/\/likeink.com\/no\/faketatureringar\/dyrevern-redd-dyr\/\" \/>\n<meta property=\"og:site_name\" content=\"Like ink\" \/>\n<meta property=\"article:publisher\" content=\"https:\/\/www.facebook.com\/LikeInkSe\" \/>\n<meta property=\"article:modified_time\" content=\"2026-01-30T11:35:58+00:00\" \/>\n<meta property=\"og:image\" content=\"https:\/\/likeink.com\/wp-content\/uploads\/2023\/04\/IMVEGAN-Djurensratt-Tatueringar-Likeink.png\" \/>\n\t<meta property=\"og:image:width\" content=\"1920\" \/>\n\t<meta property=\"og:image:height\" content=\"1354\" \/>\n\t<meta property=\"og:image:type\" content=\"image\/png\" \/>\n<meta name=\"twitter:card\" content=\"summary_large_image\" \/>\n<!-- \/ Yoast SEO Premium plugin. -->","yoast_head_json":{"title":"Dyrevern \u00abRedd dyrene\u00bb falske tatoveringer I A5 - Like ink","description":"30 % av inntektene g\u00e5r til Animal Rights Sweden! Bestill et ark med stilige, veganske og allergivennlige falske tatoveringer for 11 euro.- Like ink","robots":{"index":"index","follow":"follow","max-snippet":"max-snippet:-1","max-image-preview":"max-image-preview:large","max-video-preview":"max-video-preview:-1"},"canonical":"https:\/\/likeink.com\/no\/faketatureringar\/dyrevern-redd-dyr\/","og_locale":"nb_NO","og_type":"article","og_title":"Dyrevern Redd dyr","og_description":"F\u00e5 en midlertidig tatovering til st\u00f8tte for dyr med falske tatoveringer fra oss hos Like ink! Like ink trykker stilige, veganske og allergitestede falske tatoveringer som n\u00e5 er merket med Djurens R\u00e4tts I&#x27;M VEGAN. Akkurat n\u00e5 har vi en kampanje sammen med Djurens R\u00e4tt! 30 % av inntektene fra forh\u00e5ndsdesignede ark i kategorien Djurens R\u00e4tt i Like inks nettbutikk g\u00e5r til Djurens R\u00e4tts arbeid for \u00e5 forbedre forholdene for de dyrene i Sverige som har det verst. Bestill falske tatoveringer og st\u00f8tt Djurens R\u00e4ttEt A5-ark koster 100 kr, og jo flere ark du bestiller, desto st\u00f8rre blir rabatten! Begynn \u00e5 handle n\u00e5, og husk \u00e5 tagge alle bilder av disse falske tatoveringene med @seLikeink p\u00e5 Instagram og TikTok. Vi donerer 10 kr ekstra per tagg og deler selvf\u00f8lgelig bildet ditt ogs\u00e5. Arkst\u00f8rrelse: A5 Tatoveringsst\u00f8rrelse: Dyrene er 4\u20135 cm","og_url":"https:\/\/likeink.com\/no\/faketatureringar\/dyrevern-redd-dyr\/","og_site_name":"Like ink","article_publisher":"https:\/\/www.facebook.com\/LikeInkSe","article_modified_time":"2026-01-30T11:35:58+00:00","og_image":[{"width":1920,"height":1354,"url":"https:\/\/likeink.com\/wp-content\/uploads\/2023\/04\/IMVEGAN-Djurensratt-Tatueringar-Likeink.png","type":"image\/png"}],"twitter_card":"summary_large_image","schema":{"@context":"https:\/\/schema.org","@graph":[{"@type":"WebPage","@id":"https:\/\/likeink.com\/no\/faketatureringar\/dyrevern-redd-dyr\/","url":"https:\/\/likeink.com\/no\/faketatureringar\/dyrevern-redd-dyr\/","name":"Dyrevern \u00abRedd dyrene\u00bb falske tatoveringer I A5 - Like ink","isPartOf":{"@id":"https:\/\/likeink.com\/no\/#website"},"primaryImageOfPage":{"@id":"https:\/\/likeink.com\/no\/faketatureringar\/dyrevern-redd-dyr\/#primaryimage"},"image":{"@id":"https:\/\/likeink.com\/no\/faketatureringar\/dyrevern-redd-dyr\/#primaryimage"},"thumbnailUrl":"https:\/\/likeink.com\/wp-content\/uploads\/2023\/04\/IMVEGAN-Djurensratt-Tatueringar-Likeink.png","datePublished":"2025-12-15T09:34:43+00:00","dateModified":"2026-01-30T11:35:58+00:00","description":"30 % av inntektene g\u00e5r til Animal Rights Sweden! Bestill et ark med stilige, veganske og allergivennlige falske tatoveringer for 11 euro.- Like ink","breadcrumb":{"@id":"https:\/\/likeink.com\/no\/faketatureringar\/dyrevern-redd-dyr\/#breadcrumb"},"inLanguage":"nb-NO","potentialAction":[{"@type":"ReadAction","target":["https:\/\/likeink.com\/no\/faketatureringar\/dyrevern-redd-dyr\/"]}]},{"@type":"ImageObject","inLanguage":"nb-NO","@id":"https:\/\/likeink.com\/no\/faketatureringar\/dyrevern-redd-dyr\/#primaryimage","url":"https:\/\/likeink.com\/wp-content\/uploads\/2023\/04\/IMVEGAN-Djurensratt-Tatueringar-Likeink.png","contentUrl":"https:\/\/likeink.com\/wp-content\/uploads\/2023\/04\/IMVEGAN-Djurensratt-Tatueringar-Likeink.png","width":1920,"height":1354,"caption":"IM VEGAN kosmetiska gnuggistatueringar"},{"@type":"BreadcrumbList","@id":"https:\/\/likeink.com\/no\/faketatureringar\/dyrevern-redd-dyr\/#breadcrumb","itemListElement":[{"@type":"ListItem","position":1,"name":"Hem","item":"https:\/\/likeink.com\/no\/"},{"@type":"ListItem","position":2,"name":"Butikk","item":"https:\/\/likeink.com\/no\/butikk\/"},{"@type":"ListItem","position":3,"name":"Dyrevern Redd dyr"}]},{"@type":"WebSite","@id":"https:\/\/likeink.com\/no\/#website","url":"https:\/\/likeink.com\/no\/","name":"Like ink","description":"Make your own custom design","potentialAction":[{"@type":"SearchAction","target":{"@type":"EntryPoint","urlTemplate":"https:\/\/likeink.com\/no\/?s={search_term_string}"},"query-input":{"@type":"PropertyValueSpecification","valueRequired":true,"valueName":"search_term_string"}}],"inLanguage":"nb-NO"}]}},"_links":{"self":[{"href":"https:\/\/likeink.com\/no\/wp-json\/wp\/v2\/product\/54233","targetHints":{"allow":["GET"]}}],"collection":[{"href":"https:\/\/likeink.com\/no\/wp-json\/wp\/v2\/product"}],"about":[{"href":"https:\/\/likeink.com\/no\/wp-json\/wp\/v2\/types\/product"}],"wp:featuredmedia":[{"embeddable":true,"href":"https:\/\/likeink.com\/no\/wp-json\/wp\/v2\/media\/54234"}],"wp:attachment":[{"href":"https:\/\/likeink.com\/no\/wp-json\/wp\/v2\/media?parent=54233"}],"wp:term":[{"taxonomy":"product_brand","embeddable":true,"href":"https:\/\/likeink.com\/no\/wp-json\/wp\/v2\/product_brand?post=54233"},{"taxonomy":"product_cat","embeddable":true,"href":"https:\/\/likeink.com\/no\/wp-json\/wp\/v2\/product_cat?post=54233"},{"taxonomy":"product_tag","embeddable":true,"href":"https:\/\/likeink.com\/no\/wp-json\/wp\/v2\/product_tag?post=54233"}],"curies":[{"name":"wp","href":"https:\/\/api.w.org\/{rel}","templated":true}]}}