{"id":54237,"date":"2023-04-21T14:02:01","date_gmt":"2025-12-15T09:34:45","guid":{"rendered":"https:\/\/likeink.com\/gnuggis\/dyrevelferd-vegan-vibes\/"},"modified":"2026-03-06T08:11:13","modified_gmt":"2026-03-06T08:11:13","slug":"dyrevelferd-vegan-vibes","status":"publish","type":"product","link":"https:\/\/likeink.com\/no\/faketatureringar\/dyrevelferd-vegan-vibes\/","title":{"rendered":"Dyrevelferd Vegan Vibes"},"content":{"rendered":"","protected":false},"excerpt":{"rendered":"<p>St\u00f8tt dyrs rettigheter med falske tatoveringer fra oss hos Like ink!<br \/>\nLike ink trykker stilige, veganske og allergitestede falske tatoveringer som n\u00e5 er merket med Djurens R\u00e4tts I&#x27;M VEGAN.<\/p>\n<p>Akkurat n\u00e5 har vi en kampanje sammen med Djurens R\u00e4tt! 30 % av inntektene fra forh\u00e5ndsdesignede ark i kategorien Djurens R\u00e4tt i Like inks nettbutikk g\u00e5r til Djurens R\u00e4tts arbeid for \u00e5 forbedre forholdene for de dyr i Sverige som har det verst.<\/p>\n<h2> Bestill falske tatoveringer \u00abVegan Vibes\u00bb og st\u00f8tt Djurens R\u00e4tt <\/h2>\n<p>Et A5-ark koster 100 kr, og jo flere ark du bestiller, desto st\u00f8rre blir rabatten! Begynn \u00e5 handle n\u00e5, og husk \u00e5 merke alle bilder av disse falske tatoveringene med @seLikeink<\/p>\n<p>p\u00e5 Instagram og TikTok. Vi donerer 10 kr ekstra per merke og deler selvf\u00f8lgelig bildet ditt ogs\u00e5.<\/p>\n<p>Arkst\u00f8rrelse: A4<br \/>\nTatoveringsst\u00f8rrelse: 3\u20137 cm<\/p>\n","protected":false},"featured_media":60040,"template":"","meta":[],"product_brand":[],"product_cat":[365,380],"product_tag":[],"class_list":{"0":"post-54237","1":"product","2":"type-product","3":"status-publish","4":"has-post-thumbnail","6":"product_cat-ferdige-ark","7":"product_cat-veldedighet","9":"first","10":"instock","11":"taxable","12":"shipping-taxable","13":"purchasable","14":"product-type-simple"},"yoast_head":"<!-- This site is optimized with the Yoast SEO Premium plugin v26.2 (Yoast SEO v27.4) - https:\/\/yoast.com\/product\/yoast-seo-premium-wordpress\/ -->\n<title>Vegan Vibes-tatoveringer hvor overskuddet g\u00e5r til Animal Rights Sweden. - Like ink<\/title>\n<meta name=\"description\" content=\"Bestill falske tatoveringer \u00abVegan Vibes\u00bb og st\u00f8tt dyrene. Gratis frakt! - Like ink\" \/>\n<meta name=\"robots\" content=\"index, follow, max-snippet:-1, max-image-preview:large, max-video-preview:-1\" \/>\n<link rel=\"canonical\" href=\"https:\/\/likeink.com\/no\/faketatureringar\/dyrevelferd-vegan-vibes\/\" \/>\n<meta property=\"og:locale\" content=\"nb_NO\" \/>\n<meta property=\"og:type\" content=\"article\" \/>\n<meta property=\"og:title\" content=\"Dyrevelferd Vegan Vibes\" \/>\n<meta property=\"og:description\" content=\"St\u00f8tt dyrs rettigheter med falske tatoveringer fra oss hos Like ink! Like ink trykker stilige, veganske og allergitestede falske tatoveringer som n\u00e5 er merket med Djurens R\u00e4tts I&#x27;M VEGAN.  Akkurat n\u00e5 har vi en kampanje sammen med Djurens R\u00e4tt! 30 % av inntektene fra forh\u00e5ndsdesignede ark i kategorien Djurens R\u00e4tt i Like inks nettbutikk g\u00e5r til Djurens R\u00e4tts arbeid for \u00e5 forbedre forholdene for de dyr i Sverige som har det verst.   Bestill falske tatoveringer \u00abVegan Vibes\u00bb og st\u00f8tt Djurens R\u00e4tt Et A5-ark koster 100 kr, og jo flere ark du bestiller, desto st\u00f8rre blir rabatten! Begynn \u00e5 handle n\u00e5, og husk \u00e5 merke alle bilder av disse falske tatoveringene med @seLikeink  p\u00e5 Instagram og TikTok. Vi donerer 10 kr ekstra per merke og deler selvf\u00f8lgelig bildet ditt ogs\u00e5.  Arkst\u00f8rrelse: A4 Tatoveringsst\u00f8rrelse: 3\u20137 cm\" \/>\n<meta property=\"og:url\" content=\"https:\/\/likeink.com\/no\/faketatureringar\/dyrevelferd-vegan-vibes\/\" \/>\n<meta property=\"og:site_name\" content=\"Like ink\" \/>\n<meta property=\"article:publisher\" content=\"https:\/\/www.facebook.com\/LikeInkSe\" \/>\n<meta property=\"article:modified_time\" content=\"2026-03-06T08:11:13+00:00\" \/>\n<meta property=\"og:image\" content=\"https:\/\/likeink.com\/wp-content\/uploads\/2026\/03\/Vegan-TemporaryTattoos-Djurensratt-Likeink-1024x724.png\" \/>\n\t<meta property=\"og:image:width\" content=\"1024\" \/>\n\t<meta property=\"og:image:height\" content=\"724\" \/>\n\t<meta property=\"og:image:type\" content=\"image\/png\" \/>\n<meta name=\"twitter:card\" content=\"summary_large_image\" \/>\n<meta name=\"twitter:label1\" content=\"Ansl. lesetid\" \/>\n\t<meta name=\"twitter:data1\" content=\"1 minutt\" \/>\n<script type=\"application\/ld+json\" class=\"yoast-schema-graph\">{\"@context\":\"https:\\\/\\\/schema.org\",\"@graph\":[{\"@type\":\"WebPage\",\"@id\":\"https:\\\/\\\/likeink.com\\\/no\\\/faketatureringar\\\/dyrevelferd-vegan-vibes\\\/\",\"url\":\"https:\\\/\\\/likeink.com\\\/no\\\/faketatureringar\\\/dyrevelferd-vegan-vibes\\\/\",\"name\":\"Vegan Vibes-tatoveringer hvor overskuddet g\u00e5r til Animal Rights Sweden. - Like ink\",\"isPartOf\":{\"@id\":\"https:\\\/\\\/likeink.com\\\/no\\\/#website\"},\"primaryImageOfPage\":{\"@id\":\"https:\\\/\\\/likeink.com\\\/no\\\/faketatureringar\\\/dyrevelferd-vegan-vibes\\\/#primaryimage\"},\"image\":{\"@id\":\"https:\\\/\\\/likeink.com\\\/no\\\/faketatureringar\\\/dyrevelferd-vegan-vibes\\\/#primaryimage\"},\"thumbnailUrl\":\"https:\\\/\\\/likeink.com\\\/wp-content\\\/uploads\\\/2026\\\/03\\\/Vegan-TemporaryTattoos-Djurensratt-Likeink-scaled.png\",\"datePublished\":\"2025-12-15T09:34:45+00:00\",\"dateModified\":\"2026-03-06T08:11:13+00:00\",\"description\":\"Bestill falske tatoveringer \u00abVegan Vibes\u00bb og st\u00f8tt dyrene. Gratis frakt! - Like ink\",\"breadcrumb\":{\"@id\":\"https:\\\/\\\/likeink.com\\\/no\\\/faketatureringar\\\/dyrevelferd-vegan-vibes\\\/#breadcrumb\"},\"inLanguage\":\"nb-NO\",\"potentialAction\":[{\"@type\":\"ReadAction\",\"target\":[\"https:\\\/\\\/likeink.com\\\/no\\\/faketatureringar\\\/dyrevelferd-vegan-vibes\\\/\"]}]},{\"@type\":\"ImageObject\",\"inLanguage\":\"nb-NO\",\"@id\":\"https:\\\/\\\/likeink.com\\\/no\\\/faketatureringar\\\/dyrevelferd-vegan-vibes\\\/#primaryimage\",\"url\":\"https:\\\/\\\/likeink.com\\\/wp-content\\\/uploads\\\/2026\\\/03\\\/Vegan-TemporaryTattoos-Djurensratt-Likeink-scaled.png\",\"contentUrl\":\"https:\\\/\\\/likeink.com\\\/wp-content\\\/uploads\\\/2026\\\/03\\\/Vegan-TemporaryTattoos-Djurensratt-Likeink-scaled.png\",\"width\":2560,\"height\":1811,\"caption\":\"En fargerik collage med klistremerker med vegansk tema, inkludert setninger som Cruelty Free, Vegan Vibes og Go Vegan, sammen med bilder av en ku, frukt, gr\u00f8nnsaker, hjerter og blader.\"},{\"@type\":\"BreadcrumbList\",\"@id\":\"https:\\\/\\\/likeink.com\\\/no\\\/faketatureringar\\\/dyrevelferd-vegan-vibes\\\/#breadcrumb\",\"itemListElement\":[{\"@type\":\"ListItem\",\"position\":1,\"name\":\"Hem\",\"item\":\"https:\\\/\\\/likeink.com\\\/no\\\/\"},{\"@type\":\"ListItem\",\"position\":2,\"name\":\"Butikk\",\"item\":\"https:\\\/\\\/likeink.com\\\/no\\\/butikk\\\/\"},{\"@type\":\"ListItem\",\"position\":3,\"name\":\"Dyrevelferd Vegan Vibes\"}]},{\"@type\":\"WebSite\",\"@id\":\"https:\\\/\\\/likeink.com\\\/no\\\/#website\",\"url\":\"https:\\\/\\\/likeink.com\\\/no\\\/\",\"name\":\"Like ink\",\"description\":\"Make your own custom design\",\"potentialAction\":[{\"@type\":\"SearchAction\",\"target\":{\"@type\":\"EntryPoint\",\"urlTemplate\":\"https:\\\/\\\/likeink.com\\\/no\\\/?s={search_term_string}\"},\"query-input\":{\"@type\":\"PropertyValueSpecification\",\"valueRequired\":true,\"valueName\":\"search_term_string\"}}],\"inLanguage\":\"nb-NO\"}]}<\/script>\n<!-- \/ Yoast SEO Premium plugin. -->","yoast_head_json":{"title":"Vegan Vibes-tatoveringer hvor overskuddet g\u00e5r til Animal Rights Sweden. - Like ink","description":"Bestill falske tatoveringer \u00abVegan Vibes\u00bb og st\u00f8tt dyrene. Gratis frakt! - Like ink","robots":{"index":"index","follow":"follow","max-snippet":"max-snippet:-1","max-image-preview":"max-image-preview:large","max-video-preview":"max-video-preview:-1"},"canonical":"https:\/\/likeink.com\/no\/faketatureringar\/dyrevelferd-vegan-vibes\/","og_locale":"nb_NO","og_type":"article","og_title":"Dyrevelferd Vegan Vibes","og_description":"St\u00f8tt dyrs rettigheter med falske tatoveringer fra oss hos Like ink! Like ink trykker stilige, veganske og allergitestede falske tatoveringer som n\u00e5 er merket med Djurens R\u00e4tts I&#x27;M VEGAN.  Akkurat n\u00e5 har vi en kampanje sammen med Djurens R\u00e4tt! 30 % av inntektene fra forh\u00e5ndsdesignede ark i kategorien Djurens R\u00e4tt i Like inks nettbutikk g\u00e5r til Djurens R\u00e4tts arbeid for \u00e5 forbedre forholdene for de dyr i Sverige som har det verst.   Bestill falske tatoveringer \u00abVegan Vibes\u00bb og st\u00f8tt Djurens R\u00e4tt Et A5-ark koster 100 kr, og jo flere ark du bestiller, desto st\u00f8rre blir rabatten! Begynn \u00e5 handle n\u00e5, og husk \u00e5 merke alle bilder av disse falske tatoveringene med @seLikeink  p\u00e5 Instagram og TikTok. Vi donerer 10 kr ekstra per merke og deler selvf\u00f8lgelig bildet ditt ogs\u00e5.  Arkst\u00f8rrelse: A4 Tatoveringsst\u00f8rrelse: 3\u20137 cm","og_url":"https:\/\/likeink.com\/no\/faketatureringar\/dyrevelferd-vegan-vibes\/","og_site_name":"Like ink","article_publisher":"https:\/\/www.facebook.com\/LikeInkSe","article_modified_time":"2026-03-06T08:11:13+00:00","og_image":[{"width":1024,"height":724,"url":"https:\/\/likeink.com\/wp-content\/uploads\/2026\/03\/Vegan-TemporaryTattoos-Djurensratt-Likeink-1024x724.png","type":"image\/png"}],"twitter_card":"summary_large_image","twitter_misc":{"Ansl. lesetid":"1 minutt"},"schema":{"@context":"https:\/\/schema.org","@graph":[{"@type":"WebPage","@id":"https:\/\/likeink.com\/no\/faketatureringar\/dyrevelferd-vegan-vibes\/","url":"https:\/\/likeink.com\/no\/faketatureringar\/dyrevelferd-vegan-vibes\/","name":"Vegan Vibes-tatoveringer hvor overskuddet g\u00e5r til Animal Rights Sweden. - Like ink","isPartOf":{"@id":"https:\/\/likeink.com\/no\/#website"},"primaryImageOfPage":{"@id":"https:\/\/likeink.com\/no\/faketatureringar\/dyrevelferd-vegan-vibes\/#primaryimage"},"image":{"@id":"https:\/\/likeink.com\/no\/faketatureringar\/dyrevelferd-vegan-vibes\/#primaryimage"},"thumbnailUrl":"https:\/\/likeink.com\/wp-content\/uploads\/2026\/03\/Vegan-TemporaryTattoos-Djurensratt-Likeink-scaled.png","datePublished":"2025-12-15T09:34:45+00:00","dateModified":"2026-03-06T08:11:13+00:00","description":"Bestill falske tatoveringer \u00abVegan Vibes\u00bb og st\u00f8tt dyrene. Gratis frakt! - Like ink","breadcrumb":{"@id":"https:\/\/likeink.com\/no\/faketatureringar\/dyrevelferd-vegan-vibes\/#breadcrumb"},"inLanguage":"nb-NO","potentialAction":[{"@type":"ReadAction","target":["https:\/\/likeink.com\/no\/faketatureringar\/dyrevelferd-vegan-vibes\/"]}]},{"@type":"ImageObject","inLanguage":"nb-NO","@id":"https:\/\/likeink.com\/no\/faketatureringar\/dyrevelferd-vegan-vibes\/#primaryimage","url":"https:\/\/likeink.com\/wp-content\/uploads\/2026\/03\/Vegan-TemporaryTattoos-Djurensratt-Likeink-scaled.png","contentUrl":"https:\/\/likeink.com\/wp-content\/uploads\/2026\/03\/Vegan-TemporaryTattoos-Djurensratt-Likeink-scaled.png","width":2560,"height":1811,"caption":"En fargerik collage med klistremerker med vegansk tema, inkludert setninger som Cruelty Free, Vegan Vibes og Go Vegan, sammen med bilder av en ku, frukt, gr\u00f8nnsaker, hjerter og blader."},{"@type":"BreadcrumbList","@id":"https:\/\/likeink.com\/no\/faketatureringar\/dyrevelferd-vegan-vibes\/#breadcrumb","itemListElement":[{"@type":"ListItem","position":1,"name":"Hem","item":"https:\/\/likeink.com\/no\/"},{"@type":"ListItem","position":2,"name":"Butikk","item":"https:\/\/likeink.com\/no\/butikk\/"},{"@type":"ListItem","position":3,"name":"Dyrevelferd Vegan Vibes"}]},{"@type":"WebSite","@id":"https:\/\/likeink.com\/no\/#website","url":"https:\/\/likeink.com\/no\/","name":"Like ink","description":"Make your own custom design","potentialAction":[{"@type":"SearchAction","target":{"@type":"EntryPoint","urlTemplate":"https:\/\/likeink.com\/no\/?s={search_term_string}"},"query-input":{"@type":"PropertyValueSpecification","valueRequired":true,"valueName":"search_term_string"}}],"inLanguage":"nb-NO"}]}},"_links":{"self":[{"href":"https:\/\/likeink.com\/no\/wp-json\/wp\/v2\/product\/54237","targetHints":{"allow":["GET"]}}],"collection":[{"href":"https:\/\/likeink.com\/no\/wp-json\/wp\/v2\/product"}],"about":[{"href":"https:\/\/likeink.com\/no\/wp-json\/wp\/v2\/types\/product"}],"wp:featuredmedia":[{"embeddable":true,"href":"https:\/\/likeink.com\/no\/wp-json\/wp\/v2\/media\/60040"}],"wp:attachment":[{"href":"https:\/\/likeink.com\/no\/wp-json\/wp\/v2\/media?parent=54237"}],"wp:term":[{"taxonomy":"product_brand","embeddable":true,"href":"https:\/\/likeink.com\/no\/wp-json\/wp\/v2\/product_brand?post=54237"},{"taxonomy":"product_cat","embeddable":true,"href":"https:\/\/likeink.com\/no\/wp-json\/wp\/v2\/product_cat?post=54237"},{"taxonomy":"product_tag","embeddable":true,"href":"https:\/\/likeink.com\/no\/wp-json\/wp\/v2\/product_tag?post=54237"}],"curies":[{"name":"wp","href":"https:\/\/api.w.org\/{rel}","templated":true}]}}