{"id":54256,"date":"2023-04-20T14:21:23","date_gmt":"2025-12-15T09:34:49","guid":{"rendered":"https:\/\/likeink.com\/gnuggis\/illustrasjoner-om-dyrs-rettigheter-av-nathalie-anna-gill\/"},"modified":"2026-01-30T11:36:07","modified_gmt":"2026-01-30T11:36:07","slug":"illustrasjoner-om-dyrs-rettigheter-av-nathalie-anna-gill","status":"publish","type":"product","link":"https:\/\/likeink.com\/no\/faketatureringar\/illustrasjoner-om-dyrs-rettigheter-av-nathalie-anna-gill\/","title":{"rendered":"Illustrasjoner om dyrs rettigheter av Nathalie Anna Gill"},"content":{"rendered":"","protected":false},"excerpt":{"rendered":"<p>St\u00f8tt dyrs rettigheter med falske tatoveringer fra oss hos Like ink!<br \/>\nLike ink trykker stilige, veganske og allergitestede falske tatoveringer som n\u00e5 er merket med Djurens R\u00e4tts I&#x27;M VEGAN.<\/p>\n<p>Akkurat n\u00e5 har vi en kampanje sammen med Djurens R\u00e4tt! 30 % av inntektene fra forh\u00e5ndsdesignede ark i Djurens R\u00e4tt-kategorien i Like inks nettbutikk g\u00e5r til Djurens R\u00e4tts arbeid for \u00e5 forbedre forholdene for de dyr i Sverige som har det verst.<\/p>\n<h2> Bestill falske tatoveringer designet av illustrat\u00f8ren Nathalie Anna Gill og doner penger til veldedighet samtidig <\/h2>\n<p>Et A5-ark koster 100 kr, og jo flere ark du bestiller, desto st\u00f8rre blir rabatten! Begynn \u00e5 handle n\u00e5, og husk \u00e5 tagge alle bilder av disse falske tatoveringene med @seLikeink<\/p>\n<p>p\u00e5 Instagram og TikTok. Vi donerer 10 kr ekstra per tagg og deler selvf\u00f8lgelig bildet ditt ogs\u00e5.<\/p>\n<p><strong>Ord fra illustrat\u00f8ren:<\/strong><\/p>\n<p>Dyremotiver og bilder av dyr er noe som interesserer mange mennesker og er morsomme \u00e5 se p\u00e5, s\u00e5 jeg n\u00f8t hvert sekund mens jeg s\u00f8kte etter inspirasjon til tatoveringsdesignene mine i samarbeid med Djurens R\u00e4tt.<br \/>\nAlle timene resulterte i noen favoritter som jeg f\u00f8lte jeg ville skisse ut med min egen vri, og i noen tilfeller ble resultatene like spr\u00f8 som jeg \u00f8nsket! Noen av dyrene fikk tilbeh\u00f8r for \u00e5 uttrykke personlighetene sine, og min personlige favoritt er den kule anda p\u00e5 skateboard, fordi man kanskje tror den er oppdiktet, mens det faktisk er et ekte bilde tatt med en andunge p\u00e5 skateboard!<br \/>\nStilen min er ofte minimalistisk med rette og enkle linjer som likevel uttrykker mye. Og jeg tror det faktisk er enkelheten som gj\u00f8r det hele. I dette samarbeidet var det nok \u00e5 jobbe med sm\u00e5 midler for \u00e5 oppn\u00e5 kreative resultater, hvor samarbeidet mellom meg som kunstner, Like Ink og Djurens R\u00e4tt faktisk gj\u00f8r at vi alle kan bidra og st\u00f8tte noe vi alle st\u00e5r for \u2013 dyrs rettigheter.<br \/>\n\/\/ Nathalie Anna Gill | Illustrat\u00f8r<\/p>\n<p>Arkst\u00f8rrelse: A5<br \/>\nTatoveringsst\u00f8rrelse: 1\u20138 cm<\/p>\n","protected":false},"featured_media":54257,"template":"","meta":[],"product_brand":[],"product_cat":[365,380],"product_tag":[],"class_list":{"0":"post-54256","1":"product","2":"type-product","3":"status-publish","4":"has-post-thumbnail","6":"product_cat-ferdige-ark","7":"product_cat-veldedighet","9":"first","10":"instock","11":"taxable","12":"shipping-taxable","13":"purchasable","14":"product-type-simple"},"yoast_head":"<!-- This site is optimized with the Yoast SEO Premium plugin v26.2 (Yoast SEO v27.4) - https:\/\/yoast.com\/product\/yoast-seo-premium-wordpress\/ -->\n<title>Nathalie Anna Gill falske tatoveringer av dyr - Like ink<\/title>\n<meta name=\"description\" content=\"Bestill falske tatoveringer designet av illustrat\u00f8ren Nathalie Anna Gill og doner penger til veldedighet samtidig. Falske tatoveringer - Like ink\" \/>\n<meta name=\"robots\" content=\"index, follow, max-snippet:-1, max-image-preview:large, max-video-preview:-1\" \/>\n<link rel=\"canonical\" href=\"https:\/\/likeink.com\/no\/faketatureringar\/illustrasjoner-om-dyrs-rettigheter-av-nathalie-anna-gill\/\" \/>\n<meta property=\"og:locale\" content=\"nb_NO\" \/>\n<meta property=\"og:type\" content=\"article\" \/>\n<meta property=\"og:title\" content=\"Illustrasjoner om dyrs rettigheter av Nathalie Anna Gill\" \/>\n<meta property=\"og:description\" content=\"St\u00f8tt dyrs rettigheter med falske tatoveringer fra oss hos Like ink! Like ink trykker stilige, veganske og allergitestede falske tatoveringer som n\u00e5 er merket med Djurens R\u00e4tts I&#x27;M VEGAN. Akkurat n\u00e5 har vi en kampanje sammen med Djurens R\u00e4tt! 30 % av inntektene fra forh\u00e5ndsdesignede ark i Djurens R\u00e4tt-kategorien i Like inks nettbutikk g\u00e5r til Djurens R\u00e4tts arbeid for \u00e5 forbedre forholdene for de dyr i Sverige som har det verst.  Bestill falske tatoveringer designet av illustrat\u00f8ren Nathalie Anna Gill og doner penger til veldedighet samtidig Et A5-ark koster 100 kr, og jo flere ark du bestiller, desto st\u00f8rre blir rabatten! Begynn \u00e5 handle n\u00e5, og husk \u00e5 tagge alle bilder av disse falske tatoveringene med @seLikeink p\u00e5 Instagram og TikTok. Vi donerer 10 kr ekstra per tagg og deler selvf\u00f8lgelig bildet ditt ogs\u00e5. Ord fra illustrat\u00f8ren: Dyremotiver og bilder av dyr er noe som interesserer mange mennesker og er morsomme \u00e5 se p\u00e5, s\u00e5 jeg n\u00f8t hvert sekund mens jeg s\u00f8kte etter inspirasjon til tatoveringsdesignene mine i samarbeid med Djurens R\u00e4tt. Alle timene resulterte i noen favoritter som jeg f\u00f8lte jeg ville skisse ut med min egen vri, og i noen tilfeller ble resultatene like spr\u00f8 som jeg \u00f8nsket! Noen av dyrene fikk tilbeh\u00f8r for \u00e5 uttrykke personlighetene sine, og min personlige favoritt er den kule anda p\u00e5 skateboard, fordi man kanskje tror den er oppdiktet, mens det faktisk er et ekte bilde tatt med en andunge p\u00e5 skateboard! Stilen min er ofte minimalistisk med rette og enkle linjer som likevel uttrykker mye. Og jeg tror det faktisk er enkelheten som gj\u00f8r det hele. I dette samarbeidet var det nok \u00e5 jobbe med sm\u00e5 midler for \u00e5 oppn\u00e5 kreative resultater, hvor samarbeidet mellom meg som kunstner, Like Ink og Djurens R\u00e4tt faktisk gj\u00f8r at vi alle kan bidra og st\u00f8tte noe vi alle st\u00e5r for \u2013 dyrs rettigheter. \/\/ Nathalie Anna Gill | Illustrat\u00f8r Arkst\u00f8rrelse: A5 Tatoveringsst\u00f8rrelse: 1\u20138 cm\" \/>\n<meta property=\"og:url\" content=\"https:\/\/likeink.com\/no\/faketatureringar\/illustrasjoner-om-dyrs-rettigheter-av-nathalie-anna-gill\/\" \/>\n<meta property=\"og:site_name\" content=\"Like ink\" \/>\n<meta property=\"article:publisher\" content=\"https:\/\/www.facebook.com\/LikeInkSe\" \/>\n<meta property=\"article:modified_time\" content=\"2026-01-30T11:36:07+00:00\" \/>\n<meta property=\"og:image\" content=\"https:\/\/likeink.com\/wp-content\/uploads\/2023\/04\/DjurensRatt-AnnaNathalieGill-design-Likeink.png\" \/>\n\t<meta property=\"og:image:width\" content=\"500\" \/>\n\t<meta property=\"og:image:height\" content=\"352\" \/>\n\t<meta property=\"og:image:type\" content=\"image\/png\" \/>\n<meta name=\"twitter:card\" content=\"summary_large_image\" \/>\n<script type=\"application\/ld+json\" class=\"yoast-schema-graph\">{\"@context\":\"https:\\\/\\\/schema.org\",\"@graph\":[{\"@type\":\"WebPage\",\"@id\":\"https:\\\/\\\/likeink.com\\\/no\\\/faketatureringar\\\/illustrasjoner-om-dyrs-rettigheter-av-nathalie-anna-gill\\\/\",\"url\":\"https:\\\/\\\/likeink.com\\\/no\\\/faketatureringar\\\/illustrasjoner-om-dyrs-rettigheter-av-nathalie-anna-gill\\\/\",\"name\":\"Nathalie Anna Gill falske tatoveringer av dyr - Like ink\",\"isPartOf\":{\"@id\":\"https:\\\/\\\/likeink.com\\\/no\\\/#website\"},\"primaryImageOfPage\":{\"@id\":\"https:\\\/\\\/likeink.com\\\/no\\\/faketatureringar\\\/illustrasjoner-om-dyrs-rettigheter-av-nathalie-anna-gill\\\/#primaryimage\"},\"image\":{\"@id\":\"https:\\\/\\\/likeink.com\\\/no\\\/faketatureringar\\\/illustrasjoner-om-dyrs-rettigheter-av-nathalie-anna-gill\\\/#primaryimage\"},\"thumbnailUrl\":\"https:\\\/\\\/likeink.com\\\/wp-content\\\/uploads\\\/2023\\\/04\\\/DjurensRatt-AnnaNathalieGill-design-Likeink.png\",\"datePublished\":\"2025-12-15T09:34:49+00:00\",\"dateModified\":\"2026-01-30T11:36:07+00:00\",\"description\":\"Bestill falske tatoveringer designet av illustrat\u00f8ren Nathalie Anna Gill og doner penger til veldedighet samtidig. Falske tatoveringer - Like ink\",\"breadcrumb\":{\"@id\":\"https:\\\/\\\/likeink.com\\\/no\\\/faketatureringar\\\/illustrasjoner-om-dyrs-rettigheter-av-nathalie-anna-gill\\\/#breadcrumb\"},\"inLanguage\":\"nb-NO\",\"potentialAction\":[{\"@type\":\"ReadAction\",\"target\":[\"https:\\\/\\\/likeink.com\\\/no\\\/faketatureringar\\\/illustrasjoner-om-dyrs-rettigheter-av-nathalie-anna-gill\\\/\"]}]},{\"@type\":\"ImageObject\",\"inLanguage\":\"nb-NO\",\"@id\":\"https:\\\/\\\/likeink.com\\\/no\\\/faketatureringar\\\/illustrasjoner-om-dyrs-rettigheter-av-nathalie-anna-gill\\\/#primaryimage\",\"url\":\"https:\\\/\\\/likeink.com\\\/wp-content\\\/uploads\\\/2023\\\/04\\\/DjurensRatt-AnnaNathalieGill-design-Likeink.png\",\"contentUrl\":\"https:\\\/\\\/likeink.com\\\/wp-content\\\/uploads\\\/2023\\\/04\\\/DjurensRatt-AnnaNathalieGill-design-Likeink.png\",\"width\":500,\"height\":352,\"caption\":\"Gnuggis-tatueringar i samarbete med Djurens R\u00e4tt.\"},{\"@type\":\"BreadcrumbList\",\"@id\":\"https:\\\/\\\/likeink.com\\\/no\\\/faketatureringar\\\/illustrasjoner-om-dyrs-rettigheter-av-nathalie-anna-gill\\\/#breadcrumb\",\"itemListElement\":[{\"@type\":\"ListItem\",\"position\":1,\"name\":\"Hem\",\"item\":\"https:\\\/\\\/likeink.com\\\/no\\\/\"},{\"@type\":\"ListItem\",\"position\":2,\"name\":\"Butikk\",\"item\":\"https:\\\/\\\/likeink.com\\\/no\\\/butikk\\\/\"},{\"@type\":\"ListItem\",\"position\":3,\"name\":\"Illustrasjoner om dyrs rettigheter av Nathalie Anna Gill\"}]},{\"@type\":\"WebSite\",\"@id\":\"https:\\\/\\\/likeink.com\\\/no\\\/#website\",\"url\":\"https:\\\/\\\/likeink.com\\\/no\\\/\",\"name\":\"Like ink\",\"description\":\"Make your own custom design\",\"potentialAction\":[{\"@type\":\"SearchAction\",\"target\":{\"@type\":\"EntryPoint\",\"urlTemplate\":\"https:\\\/\\\/likeink.com\\\/no\\\/?s={search_term_string}\"},\"query-input\":{\"@type\":\"PropertyValueSpecification\",\"valueRequired\":true,\"valueName\":\"search_term_string\"}}],\"inLanguage\":\"nb-NO\"}]}<\/script>\n<!-- \/ Yoast SEO Premium plugin. -->","yoast_head_json":{"title":"Nathalie Anna Gill falske tatoveringer av dyr - Like ink","description":"Bestill falske tatoveringer designet av illustrat\u00f8ren Nathalie Anna Gill og doner penger til veldedighet samtidig. Falske tatoveringer - Like ink","robots":{"index":"index","follow":"follow","max-snippet":"max-snippet:-1","max-image-preview":"max-image-preview:large","max-video-preview":"max-video-preview:-1"},"canonical":"https:\/\/likeink.com\/no\/faketatureringar\/illustrasjoner-om-dyrs-rettigheter-av-nathalie-anna-gill\/","og_locale":"nb_NO","og_type":"article","og_title":"Illustrasjoner om dyrs rettigheter av Nathalie Anna Gill","og_description":"St\u00f8tt dyrs rettigheter med falske tatoveringer fra oss hos Like ink! Like ink trykker stilige, veganske og allergitestede falske tatoveringer som n\u00e5 er merket med Djurens R\u00e4tts I&#x27;M VEGAN. Akkurat n\u00e5 har vi en kampanje sammen med Djurens R\u00e4tt! 30 % av inntektene fra forh\u00e5ndsdesignede ark i Djurens R\u00e4tt-kategorien i Like inks nettbutikk g\u00e5r til Djurens R\u00e4tts arbeid for \u00e5 forbedre forholdene for de dyr i Sverige som har det verst.  Bestill falske tatoveringer designet av illustrat\u00f8ren Nathalie Anna Gill og doner penger til veldedighet samtidig Et A5-ark koster 100 kr, og jo flere ark du bestiller, desto st\u00f8rre blir rabatten! Begynn \u00e5 handle n\u00e5, og husk \u00e5 tagge alle bilder av disse falske tatoveringene med @seLikeink p\u00e5 Instagram og TikTok. Vi donerer 10 kr ekstra per tagg og deler selvf\u00f8lgelig bildet ditt ogs\u00e5. Ord fra illustrat\u00f8ren: Dyremotiver og bilder av dyr er noe som interesserer mange mennesker og er morsomme \u00e5 se p\u00e5, s\u00e5 jeg n\u00f8t hvert sekund mens jeg s\u00f8kte etter inspirasjon til tatoveringsdesignene mine i samarbeid med Djurens R\u00e4tt. Alle timene resulterte i noen favoritter som jeg f\u00f8lte jeg ville skisse ut med min egen vri, og i noen tilfeller ble resultatene like spr\u00f8 som jeg \u00f8nsket! Noen av dyrene fikk tilbeh\u00f8r for \u00e5 uttrykke personlighetene sine, og min personlige favoritt er den kule anda p\u00e5 skateboard, fordi man kanskje tror den er oppdiktet, mens det faktisk er et ekte bilde tatt med en andunge p\u00e5 skateboard! Stilen min er ofte minimalistisk med rette og enkle linjer som likevel uttrykker mye. Og jeg tror det faktisk er enkelheten som gj\u00f8r det hele. I dette samarbeidet var det nok \u00e5 jobbe med sm\u00e5 midler for \u00e5 oppn\u00e5 kreative resultater, hvor samarbeidet mellom meg som kunstner, Like Ink og Djurens R\u00e4tt faktisk gj\u00f8r at vi alle kan bidra og st\u00f8tte noe vi alle st\u00e5r for \u2013 dyrs rettigheter. \/\/ Nathalie Anna Gill | Illustrat\u00f8r Arkst\u00f8rrelse: A5 Tatoveringsst\u00f8rrelse: 1\u20138 cm","og_url":"https:\/\/likeink.com\/no\/faketatureringar\/illustrasjoner-om-dyrs-rettigheter-av-nathalie-anna-gill\/","og_site_name":"Like ink","article_publisher":"https:\/\/www.facebook.com\/LikeInkSe","article_modified_time":"2026-01-30T11:36:07+00:00","og_image":[{"width":500,"height":352,"url":"https:\/\/likeink.com\/wp-content\/uploads\/2023\/04\/DjurensRatt-AnnaNathalieGill-design-Likeink.png","type":"image\/png"}],"twitter_card":"summary_large_image","schema":{"@context":"https:\/\/schema.org","@graph":[{"@type":"WebPage","@id":"https:\/\/likeink.com\/no\/faketatureringar\/illustrasjoner-om-dyrs-rettigheter-av-nathalie-anna-gill\/","url":"https:\/\/likeink.com\/no\/faketatureringar\/illustrasjoner-om-dyrs-rettigheter-av-nathalie-anna-gill\/","name":"Nathalie Anna Gill falske tatoveringer av dyr - Like ink","isPartOf":{"@id":"https:\/\/likeink.com\/no\/#website"},"primaryImageOfPage":{"@id":"https:\/\/likeink.com\/no\/faketatureringar\/illustrasjoner-om-dyrs-rettigheter-av-nathalie-anna-gill\/#primaryimage"},"image":{"@id":"https:\/\/likeink.com\/no\/faketatureringar\/illustrasjoner-om-dyrs-rettigheter-av-nathalie-anna-gill\/#primaryimage"},"thumbnailUrl":"https:\/\/likeink.com\/wp-content\/uploads\/2023\/04\/DjurensRatt-AnnaNathalieGill-design-Likeink.png","datePublished":"2025-12-15T09:34:49+00:00","dateModified":"2026-01-30T11:36:07+00:00","description":"Bestill falske tatoveringer designet av illustrat\u00f8ren Nathalie Anna Gill og doner penger til veldedighet samtidig. Falske tatoveringer - Like ink","breadcrumb":{"@id":"https:\/\/likeink.com\/no\/faketatureringar\/illustrasjoner-om-dyrs-rettigheter-av-nathalie-anna-gill\/#breadcrumb"},"inLanguage":"nb-NO","potentialAction":[{"@type":"ReadAction","target":["https:\/\/likeink.com\/no\/faketatureringar\/illustrasjoner-om-dyrs-rettigheter-av-nathalie-anna-gill\/"]}]},{"@type":"ImageObject","inLanguage":"nb-NO","@id":"https:\/\/likeink.com\/no\/faketatureringar\/illustrasjoner-om-dyrs-rettigheter-av-nathalie-anna-gill\/#primaryimage","url":"https:\/\/likeink.com\/wp-content\/uploads\/2023\/04\/DjurensRatt-AnnaNathalieGill-design-Likeink.png","contentUrl":"https:\/\/likeink.com\/wp-content\/uploads\/2023\/04\/DjurensRatt-AnnaNathalieGill-design-Likeink.png","width":500,"height":352,"caption":"Gnuggis-tatueringar i samarbete med Djurens R\u00e4tt."},{"@type":"BreadcrumbList","@id":"https:\/\/likeink.com\/no\/faketatureringar\/illustrasjoner-om-dyrs-rettigheter-av-nathalie-anna-gill\/#breadcrumb","itemListElement":[{"@type":"ListItem","position":1,"name":"Hem","item":"https:\/\/likeink.com\/no\/"},{"@type":"ListItem","position":2,"name":"Butikk","item":"https:\/\/likeink.com\/no\/butikk\/"},{"@type":"ListItem","position":3,"name":"Illustrasjoner om dyrs rettigheter av Nathalie Anna Gill"}]},{"@type":"WebSite","@id":"https:\/\/likeink.com\/no\/#website","url":"https:\/\/likeink.com\/no\/","name":"Like ink","description":"Make your own custom design","potentialAction":[{"@type":"SearchAction","target":{"@type":"EntryPoint","urlTemplate":"https:\/\/likeink.com\/no\/?s={search_term_string}"},"query-input":{"@type":"PropertyValueSpecification","valueRequired":true,"valueName":"search_term_string"}}],"inLanguage":"nb-NO"}]}},"_links":{"self":[{"href":"https:\/\/likeink.com\/no\/wp-json\/wp\/v2\/product\/54256","targetHints":{"allow":["GET"]}}],"collection":[{"href":"https:\/\/likeink.com\/no\/wp-json\/wp\/v2\/product"}],"about":[{"href":"https:\/\/likeink.com\/no\/wp-json\/wp\/v2\/types\/product"}],"wp:featuredmedia":[{"embeddable":true,"href":"https:\/\/likeink.com\/no\/wp-json\/wp\/v2\/media\/54257"}],"wp:attachment":[{"href":"https:\/\/likeink.com\/no\/wp-json\/wp\/v2\/media?parent=54256"}],"wp:term":[{"taxonomy":"product_brand","embeddable":true,"href":"https:\/\/likeink.com\/no\/wp-json\/wp\/v2\/product_brand?post=54256"},{"taxonomy":"product_cat","embeddable":true,"href":"https:\/\/likeink.com\/no\/wp-json\/wp\/v2\/product_cat?post=54256"},{"taxonomy":"product_tag","embeddable":true,"href":"https:\/\/likeink.com\/no\/wp-json\/wp\/v2\/product_tag?post=54256"}],"curies":[{"name":"wp","href":"https:\/\/api.w.org\/{rel}","templated":true}]}}