{"id":54258,"date":"2023-04-19T15:58:19","date_gmt":"2025-12-15T09:34:50","guid":{"rendered":"https:\/\/likeink.com\/gnuggis\/flash-mix-sheet-av-zoi-tattoo\/"},"modified":"2026-01-30T11:36:07","modified_gmt":"2026-01-30T11:36:07","slug":"flash-mix-sheet-av-zoi-tattoo","status":"publish","type":"product","link":"https:\/\/likeink.com\/no\/faketatureringar\/flash-mix-sheet-av-zoi-tattoo\/","title":{"rendered":"Flash \u00abMix Sheet\u00bb av Zoi Tattoo"},"content":{"rendered":"","protected":false},"excerpt":{"rendered":"<p>Like Inks ferdige ark med falske tatoveringer er omtrent 20 x 14 cm store og fylt med motivet du ser p\u00e5 bildet. Vi trykker og sender arket med disse stilige tatoveringene innen 24 timer etter at du har bestilt. Tatoveringene ser bra ut, er av h\u00f8y kvalitet og er enkle \u00e5 p\u00e5f\u00f8re og vaske av. Like Ink overholder all lovgivning for kosmetiske produkter i EU, s\u00e5 du kan f\u00f8le deg trygg n\u00e5r du bestiller falske tatoveringer fra oss.<\/p>\n<p>Hos Like Ink samarbeider vi med flere av Zoi Tattoos kunstnere, og dette arket er en blanding av unike design laget av fire forskjellige tatoveringskunstnere, Kain, Oliver, Dominic og Nicklas.<\/p>\n<p>Zoi Tattoo i Malm\u00f6 er et tatoveringsstudio som best\u00e5r av et eget team p\u00e5 15 erfarne tatoveringskunstnere. Alle har sin egen unike stil, s\u00e5 uansett hvilke preferanser du har n\u00e5r det gjelder stil og design, har Zoi en tatoveringskunstner som kan hjelpe deg med \u00e5 skape din dr\u00f8mmetatovering! I tillegg f\u00e5r Zoi bes\u00f8k av kjente gjestekunstnere\/tatoveringskunstnere fra hele verden.<\/p>\n<h2>Bestill falske tatoveringer designet av noen av tatoveringskunstnerne hos Zoi Tattoo<\/h2>\n<p>Ekte tatoveringskunstnere designer falske tatoveringer for Like Ink<br \/>\nI verden av kroppskunst revolusjonerer samarbeidet mellom ekte tatoveringskunstnere og Like Ink bransjen ved \u00e5 lage midlertidige tatoveringer av h\u00f8y kvalitet for de som ikke er klare for en permanent forpliktelse.<br \/>\nSamarbeidet med disse talentfulle profesjonelle gj\u00f8r at Like Ink kan tilby et omfattende utvalg av intrikate, i\u00f8ynefallende design som speiler kvaliteten og kunstneriskheten til ekte tatoveringer.<\/p>\n<p><strong>Ta kontakt med Zoi Tattoo: Instagram:<\/strong><br \/>\n@zoitattoo<\/p>\n<p><strong>Studio:<\/strong><br \/>\nZoi Tattoo<\/p>\n<p><strong>Nettside:<\/strong><\/p>\n<p><a href=\"https:\/\/www.zoitattoo.com\/\">https:\/\/www.zoitattoo.com<\/a><\/p>\n<p><strong>Adresse:<\/strong><br \/>\nSora Nygatan 42,<\/p>\n<p>Malm\u00f6<\/p>\n","protected":false},"featured_media":54259,"template":"","meta":[],"product_brand":[],"product_cat":[365,370],"product_tag":[],"class_list":{"0":"post-54258","1":"product","2":"type-product","3":"status-publish","4":"has-post-thumbnail","6":"product_cat-ferdige-ark","7":"product_cat-samarbeid-med-tatoveringskunstnere","9":"first","10":"instock","11":"taxable","12":"shipping-taxable","13":"purchasable","14":"product-type-simple"},"yoast_head":"<!-- This site is optimized with the Yoast SEO Premium plugin v26.2 (Yoast SEO v27.4) - https:\/\/yoast.com\/product\/yoast-seo-premium-wordpress\/ -->\n<title>Flash \u00abMix Sheet\u00bb av Zoi Tattoo - Like ink<\/title>\n<meta name=\"description\" content=\"Bestill midlertidige tatoveringer designet av kunstnerne p\u00e5 Zoi Tattoo studio! - Like Ink\" \/>\n<meta name=\"robots\" content=\"index, follow, max-snippet:-1, max-image-preview:large, max-video-preview:-1\" \/>\n<link rel=\"canonical\" href=\"https:\/\/likeink.com\/no\/faketatureringar\/flash-mix-sheet-av-zoi-tattoo\/\" \/>\n<meta property=\"og:locale\" content=\"nb_NO\" \/>\n<meta property=\"og:type\" content=\"article\" \/>\n<meta property=\"og:title\" content=\"Flash \u00abMix Sheet\u00bb av Zoi Tattoo\" \/>\n<meta property=\"og:description\" content=\"Like Inks ferdige ark med falske tatoveringer er omtrent 20 x 14 cm store og fylt med motivet du ser p\u00e5 bildet. Vi trykker og sender arket med disse stilige tatoveringene innen 24 timer etter at du har bestilt. Tatoveringene ser bra ut, er av h\u00f8y kvalitet og er enkle \u00e5 p\u00e5f\u00f8re og vaske av. Like Ink overholder all lovgivning for kosmetiske produkter i EU, s\u00e5 du kan f\u00f8le deg trygg n\u00e5r du bestiller falske tatoveringer fra oss. Hos Like Ink samarbeider vi med flere av Zoi Tattoos kunstnere, og dette arket er en blanding av unike design laget av fire forskjellige tatoveringskunstnere, Kain, Oliver, Dominic og Nicklas. Zoi Tattoo i Malm\u00f6 er et tatoveringsstudio som best\u00e5r av et eget team p\u00e5 15 erfarne tatoveringskunstnere. Alle har sin egen unike stil, s\u00e5 uansett hvilke preferanser du har n\u00e5r det gjelder stil og design, har Zoi en tatoveringskunstner som kan hjelpe deg med \u00e5 skape din dr\u00f8mmetatovering! I tillegg f\u00e5r Zoi bes\u00f8k av kjente gjestekunstnere\/tatoveringskunstnere fra hele verden. Bestill falske tatoveringer designet av noen av tatoveringskunstnerne hos Zoi TattooEkte tatoveringskunstnere designer falske tatoveringer for Like Ink I verden av kroppskunst revolusjonerer samarbeidet mellom ekte tatoveringskunstnere og Like Ink bransjen ved \u00e5 lage midlertidige tatoveringer av h\u00f8y kvalitet for de som ikke er klare for en permanent forpliktelse. Samarbeidet med disse talentfulle profesjonelle gj\u00f8r at Like Ink kan tilby et omfattende utvalg av intrikate, i\u00f8ynefallende design som speiler kvaliteten og kunstneriskheten til ekte tatoveringer. Ta kontakt med Zoi Tattoo: Instagram: @zoitattoo Studio: Zoi Tattoo Nettside:  https:\/\/www.zoitattoo.com  Adresse: Sora Nygatan 42, Malm\u00f6\" \/>\n<meta property=\"og:url\" content=\"https:\/\/likeink.com\/no\/faketatureringar\/flash-mix-sheet-av-zoi-tattoo\/\" \/>\n<meta property=\"og:site_name\" content=\"Like ink\" \/>\n<meta property=\"article:publisher\" content=\"https:\/\/www.facebook.com\/LikeInkSe\" \/>\n<meta property=\"article:modified_time\" content=\"2026-01-30T11:36:07+00:00\" \/>\n<meta property=\"og:image\" content=\"https:\/\/likeink.com\/wp-content\/uploads\/2023\/04\/ZoiTattoo-Mixed-Likeink-faketattoos.jpg\" \/>\n\t<meta property=\"og:image:width\" content=\"2481\" \/>\n\t<meta property=\"og:image:height\" content=\"1749\" \/>\n\t<meta property=\"og:image:type\" content=\"image\/jpeg\" \/>\n<meta name=\"twitter:card\" content=\"summary_large_image\" \/>\n<script type=\"application\/ld+json\" class=\"yoast-schema-graph\">{\"@context\":\"https:\\\/\\\/schema.org\",\"@graph\":[{\"@type\":\"WebPage\",\"@id\":\"https:\\\/\\\/likeink.com\\\/no\\\/faketatureringar\\\/flash-mix-sheet-av-zoi-tattoo\\\/\",\"url\":\"https:\\\/\\\/likeink.com\\\/no\\\/faketatureringar\\\/flash-mix-sheet-av-zoi-tattoo\\\/\",\"name\":\"Flash \u00abMix Sheet\u00bb av Zoi Tattoo - Like ink\",\"isPartOf\":{\"@id\":\"https:\\\/\\\/likeink.com\\\/no\\\/#website\"},\"primaryImageOfPage\":{\"@id\":\"https:\\\/\\\/likeink.com\\\/no\\\/faketatureringar\\\/flash-mix-sheet-av-zoi-tattoo\\\/#primaryimage\"},\"image\":{\"@id\":\"https:\\\/\\\/likeink.com\\\/no\\\/faketatureringar\\\/flash-mix-sheet-av-zoi-tattoo\\\/#primaryimage\"},\"thumbnailUrl\":\"https:\\\/\\\/likeink.com\\\/wp-content\\\/uploads\\\/2023\\\/04\\\/ZoiTattoo-Mixed-Likeink-faketattoos.jpg\",\"datePublished\":\"2025-12-15T09:34:50+00:00\",\"dateModified\":\"2026-01-30T11:36:07+00:00\",\"description\":\"Bestill midlertidige tatoveringer designet av kunstnerne p\u00e5 Zoi Tattoo studio! - Like Ink\",\"breadcrumb\":{\"@id\":\"https:\\\/\\\/likeink.com\\\/no\\\/faketatureringar\\\/flash-mix-sheet-av-zoi-tattoo\\\/#breadcrumb\"},\"inLanguage\":\"nb-NO\",\"potentialAction\":[{\"@type\":\"ReadAction\",\"target\":[\"https:\\\/\\\/likeink.com\\\/no\\\/faketatureringar\\\/flash-mix-sheet-av-zoi-tattoo\\\/\"]}]},{\"@type\":\"ImageObject\",\"inLanguage\":\"nb-NO\",\"@id\":\"https:\\\/\\\/likeink.com\\\/no\\\/faketatureringar\\\/flash-mix-sheet-av-zoi-tattoo\\\/#primaryimage\",\"url\":\"https:\\\/\\\/likeink.com\\\/wp-content\\\/uploads\\\/2023\\\/04\\\/ZoiTattoo-Mixed-Likeink-faketattoos.jpg\",\"contentUrl\":\"https:\\\/\\\/likeink.com\\\/wp-content\\\/uploads\\\/2023\\\/04\\\/ZoiTattoo-Mixed-Likeink-faketattoos.jpg\",\"width\":2481,\"height\":1749,\"caption\":\"Zoi Tattoo - Like ink Collab - Fake Tattoos\"},{\"@type\":\"BreadcrumbList\",\"@id\":\"https:\\\/\\\/likeink.com\\\/no\\\/faketatureringar\\\/flash-mix-sheet-av-zoi-tattoo\\\/#breadcrumb\",\"itemListElement\":[{\"@type\":\"ListItem\",\"position\":1,\"name\":\"Hem\",\"item\":\"https:\\\/\\\/likeink.com\\\/no\\\/\"},{\"@type\":\"ListItem\",\"position\":2,\"name\":\"Butikk\",\"item\":\"https:\\\/\\\/likeink.com\\\/no\\\/butikk\\\/\"},{\"@type\":\"ListItem\",\"position\":3,\"name\":\"Flash \u00abMix Sheet\u00bb av Zoi Tattoo\"}]},{\"@type\":\"WebSite\",\"@id\":\"https:\\\/\\\/likeink.com\\\/no\\\/#website\",\"url\":\"https:\\\/\\\/likeink.com\\\/no\\\/\",\"name\":\"Like ink\",\"description\":\"Make your own custom design\",\"potentialAction\":[{\"@type\":\"SearchAction\",\"target\":{\"@type\":\"EntryPoint\",\"urlTemplate\":\"https:\\\/\\\/likeink.com\\\/no\\\/?s={search_term_string}\"},\"query-input\":{\"@type\":\"PropertyValueSpecification\",\"valueRequired\":true,\"valueName\":\"search_term_string\"}}],\"inLanguage\":\"nb-NO\"}]}<\/script>\n<!-- \/ Yoast SEO Premium plugin. -->","yoast_head_json":{"title":"Flash \u00abMix Sheet\u00bb av Zoi Tattoo - Like ink","description":"Bestill midlertidige tatoveringer designet av kunstnerne p\u00e5 Zoi Tattoo studio! - Like Ink","robots":{"index":"index","follow":"follow","max-snippet":"max-snippet:-1","max-image-preview":"max-image-preview:large","max-video-preview":"max-video-preview:-1"},"canonical":"https:\/\/likeink.com\/no\/faketatureringar\/flash-mix-sheet-av-zoi-tattoo\/","og_locale":"nb_NO","og_type":"article","og_title":"Flash \u00abMix Sheet\u00bb av Zoi Tattoo","og_description":"Like Inks ferdige ark med falske tatoveringer er omtrent 20 x 14 cm store og fylt med motivet du ser p\u00e5 bildet. Vi trykker og sender arket med disse stilige tatoveringene innen 24 timer etter at du har bestilt. Tatoveringene ser bra ut, er av h\u00f8y kvalitet og er enkle \u00e5 p\u00e5f\u00f8re og vaske av. Like Ink overholder all lovgivning for kosmetiske produkter i EU, s\u00e5 du kan f\u00f8le deg trygg n\u00e5r du bestiller falske tatoveringer fra oss. Hos Like Ink samarbeider vi med flere av Zoi Tattoos kunstnere, og dette arket er en blanding av unike design laget av fire forskjellige tatoveringskunstnere, Kain, Oliver, Dominic og Nicklas. Zoi Tattoo i Malm\u00f6 er et tatoveringsstudio som best\u00e5r av et eget team p\u00e5 15 erfarne tatoveringskunstnere. Alle har sin egen unike stil, s\u00e5 uansett hvilke preferanser du har n\u00e5r det gjelder stil og design, har Zoi en tatoveringskunstner som kan hjelpe deg med \u00e5 skape din dr\u00f8mmetatovering! I tillegg f\u00e5r Zoi bes\u00f8k av kjente gjestekunstnere\/tatoveringskunstnere fra hele verden. Bestill falske tatoveringer designet av noen av tatoveringskunstnerne hos Zoi TattooEkte tatoveringskunstnere designer falske tatoveringer for Like Ink I verden av kroppskunst revolusjonerer samarbeidet mellom ekte tatoveringskunstnere og Like Ink bransjen ved \u00e5 lage midlertidige tatoveringer av h\u00f8y kvalitet for de som ikke er klare for en permanent forpliktelse. Samarbeidet med disse talentfulle profesjonelle gj\u00f8r at Like Ink kan tilby et omfattende utvalg av intrikate, i\u00f8ynefallende design som speiler kvaliteten og kunstneriskheten til ekte tatoveringer. Ta kontakt med Zoi Tattoo: Instagram: @zoitattoo Studio: Zoi Tattoo Nettside:  https:\/\/www.zoitattoo.com  Adresse: Sora Nygatan 42, Malm\u00f6","og_url":"https:\/\/likeink.com\/no\/faketatureringar\/flash-mix-sheet-av-zoi-tattoo\/","og_site_name":"Like ink","article_publisher":"https:\/\/www.facebook.com\/LikeInkSe","article_modified_time":"2026-01-30T11:36:07+00:00","og_image":[{"width":2481,"height":1749,"url":"https:\/\/likeink.com\/wp-content\/uploads\/2023\/04\/ZoiTattoo-Mixed-Likeink-faketattoos.jpg","type":"image\/jpeg"}],"twitter_card":"summary_large_image","schema":{"@context":"https:\/\/schema.org","@graph":[{"@type":"WebPage","@id":"https:\/\/likeink.com\/no\/faketatureringar\/flash-mix-sheet-av-zoi-tattoo\/","url":"https:\/\/likeink.com\/no\/faketatureringar\/flash-mix-sheet-av-zoi-tattoo\/","name":"Flash \u00abMix Sheet\u00bb av Zoi Tattoo - Like ink","isPartOf":{"@id":"https:\/\/likeink.com\/no\/#website"},"primaryImageOfPage":{"@id":"https:\/\/likeink.com\/no\/faketatureringar\/flash-mix-sheet-av-zoi-tattoo\/#primaryimage"},"image":{"@id":"https:\/\/likeink.com\/no\/faketatureringar\/flash-mix-sheet-av-zoi-tattoo\/#primaryimage"},"thumbnailUrl":"https:\/\/likeink.com\/wp-content\/uploads\/2023\/04\/ZoiTattoo-Mixed-Likeink-faketattoos.jpg","datePublished":"2025-12-15T09:34:50+00:00","dateModified":"2026-01-30T11:36:07+00:00","description":"Bestill midlertidige tatoveringer designet av kunstnerne p\u00e5 Zoi Tattoo studio! - Like Ink","breadcrumb":{"@id":"https:\/\/likeink.com\/no\/faketatureringar\/flash-mix-sheet-av-zoi-tattoo\/#breadcrumb"},"inLanguage":"nb-NO","potentialAction":[{"@type":"ReadAction","target":["https:\/\/likeink.com\/no\/faketatureringar\/flash-mix-sheet-av-zoi-tattoo\/"]}]},{"@type":"ImageObject","inLanguage":"nb-NO","@id":"https:\/\/likeink.com\/no\/faketatureringar\/flash-mix-sheet-av-zoi-tattoo\/#primaryimage","url":"https:\/\/likeink.com\/wp-content\/uploads\/2023\/04\/ZoiTattoo-Mixed-Likeink-faketattoos.jpg","contentUrl":"https:\/\/likeink.com\/wp-content\/uploads\/2023\/04\/ZoiTattoo-Mixed-Likeink-faketattoos.jpg","width":2481,"height":1749,"caption":"Zoi Tattoo - Like ink Collab - Fake Tattoos"},{"@type":"BreadcrumbList","@id":"https:\/\/likeink.com\/no\/faketatureringar\/flash-mix-sheet-av-zoi-tattoo\/#breadcrumb","itemListElement":[{"@type":"ListItem","position":1,"name":"Hem","item":"https:\/\/likeink.com\/no\/"},{"@type":"ListItem","position":2,"name":"Butikk","item":"https:\/\/likeink.com\/no\/butikk\/"},{"@type":"ListItem","position":3,"name":"Flash \u00abMix Sheet\u00bb av Zoi Tattoo"}]},{"@type":"WebSite","@id":"https:\/\/likeink.com\/no\/#website","url":"https:\/\/likeink.com\/no\/","name":"Like ink","description":"Make your own custom design","potentialAction":[{"@type":"SearchAction","target":{"@type":"EntryPoint","urlTemplate":"https:\/\/likeink.com\/no\/?s={search_term_string}"},"query-input":{"@type":"PropertyValueSpecification","valueRequired":true,"valueName":"search_term_string"}}],"inLanguage":"nb-NO"}]}},"_links":{"self":[{"href":"https:\/\/likeink.com\/no\/wp-json\/wp\/v2\/product\/54258","targetHints":{"allow":["GET"]}}],"collection":[{"href":"https:\/\/likeink.com\/no\/wp-json\/wp\/v2\/product"}],"about":[{"href":"https:\/\/likeink.com\/no\/wp-json\/wp\/v2\/types\/product"}],"wp:featuredmedia":[{"embeddable":true,"href":"https:\/\/likeink.com\/no\/wp-json\/wp\/v2\/media\/54259"}],"wp:attachment":[{"href":"https:\/\/likeink.com\/no\/wp-json\/wp\/v2\/media?parent=54258"}],"wp:term":[{"taxonomy":"product_brand","embeddable":true,"href":"https:\/\/likeink.com\/no\/wp-json\/wp\/v2\/product_brand?post=54258"},{"taxonomy":"product_cat","embeddable":true,"href":"https:\/\/likeink.com\/no\/wp-json\/wp\/v2\/product_cat?post=54258"},{"taxonomy":"product_tag","embeddable":true,"href":"https:\/\/likeink.com\/no\/wp-json\/wp\/v2\/product_tag?post=54258"}],"curies":[{"name":"wp","href":"https:\/\/api.w.org\/{rel}","templated":true}]}}