{"id":54270,"date":"2023-04-18T14:14:34","date_gmt":"2025-12-15T09:34:57","guid":{"rendered":"https:\/\/likeink.com\/gnuggis\/flash-sucks-skull-av-oliver-brechensbauer-hos-zoi-tattoo\/"},"modified":"2026-04-27T12:29:46","modified_gmt":"2026-04-27T12:29:46","slug":"flash-sucks-skull-av-oliver-brechensbauer-hos-zoi-tattoo","status":"publish","type":"product","link":"https:\/\/likeink.com\/no\/faketatureringar\/flash-sucks-skull-av-oliver-brechensbauer-hos-zoi-tattoo\/","title":{"rendered":"Flash \u00abSucks Skull\u00bb av Oliver Brechensbauer hos Zoi Tattoo"},"content":{"rendered":"","protected":false},"excerpt":{"rendered":"<p>Like Inks bruksklare ark med midlertidige tatoveringer er cirka 20&#215;14 cm og fylt med designene du ser p\u00e5 bildet. Vi trykker og sender arket ditt med disse stilige tatoveringene innen 24 timer etter bestillingen din. Tatoveringene ser bra ut, er av h\u00f8y kvalitet og er enkle \u00e5 p\u00e5f\u00f8re og vaske bort. Like Ink f\u00f8lger all lovgivning for kosmetiske produkter i EU, s\u00e5 du kan f\u00f8le deg trygg n\u00e5r du bestiller midlertidige tatoveringer fra oss.<\/p>\n<h2>Bestill midlertidige tatoveringer med sugar skull motiver designet av tatov\u00f8ren Oliver Brechensbauer<\/h2>\n<p>Dette arket er designet av tatov\u00f8ren Oliver Brechensbauer, en vennlig og talentfull tatoveringsartist basert i Malm\u00f6 ved tattoostudioet Zoi Tattoo. Vi er veldig glade for \u00e5 kunne tilby flash ark fra denne super kule tatoveringskunstneren.<\/p>\n<p><strong>Ta kontakt med Oliver:<\/strong><\/p>\n<p><strong>Instagram:<\/strong><\/p>\n<p>@bbauer_tattooing<\/p>\n<p><strong>Studio:<\/strong><\/p>\n<p>Zoi Tattoo<\/p>\n<p><strong>Adresse:<\/strong><\/p>\n<p>Sora Nygatan 42, Malm\u00f6<\/p>\n","protected":false},"featured_media":54271,"template":"","meta":[],"product_brand":[],"product_cat":[365,505],"product_tag":[],"class_list":{"0":"post-54270","1":"product","2":"type-product","3":"status-publish","4":"has-post-thumbnail","6":"product_cat-ferdige-ark","7":"product_cat-samarbeid-med-tatovorer","9":"first","10":"instock","11":"taxable","12":"shipping-taxable","13":"purchasable","14":"product-type-simple"},"yoast_head":"<!-- This site is optimized with the Yoast SEO Premium plugin v26.2 (Yoast SEO v27.5) - https:\/\/yoast.com\/product\/yoast-seo-premium-wordpress\/ -->\n<title>Flash Suger-skalle-tatoveringer av Oliver Brechensbauer - Like ink<\/title>\n<meta name=\"description\" content=\"Bestill kule falske tatoveringer og tigertatoveringer fra tatoveringskunstneren Oliver Brechensbauer. Ekte falske tatoveringer! - Like ink\" \/>\n<meta name=\"robots\" content=\"index, follow, max-snippet:-1, max-image-preview:large, max-video-preview:-1\" \/>\n<link rel=\"canonical\" href=\"https:\/\/likeink.com\/no\/faketatureringar\/flash-sucks-skull-av-oliver-brechensbauer-hos-zoi-tattoo\/\" \/>\n<meta property=\"og:locale\" content=\"nb_NO\" \/>\n<meta property=\"og:type\" content=\"article\" \/>\n<meta property=\"og:title\" content=\"Flash \u00abSucks Skull\u00bb av Oliver Brechensbauer hos Zoi Tattoo\" \/>\n<meta property=\"og:description\" content=\"Like Inks bruksklare ark med midlertidige tatoveringer er cirka 20x14 cm og fylt med designene du ser p\u00e5 bildet. Vi trykker og sender arket ditt med disse stilige tatoveringene innen 24 timer etter bestillingen din. Tatoveringene ser bra ut, er av h\u00f8y kvalitet og er enkle \u00e5 p\u00e5f\u00f8re og vaske bort. Like Ink f\u00f8lger all lovgivning for kosmetiske produkter i EU, s\u00e5 du kan f\u00f8le deg trygg n\u00e5r du bestiller midlertidige tatoveringer fra oss. Bestill midlertidige tatoveringer med sugar skull motiver designet av tatov\u00f8ren Oliver Brechensbauer Dette arket er designet av tatov\u00f8ren Oliver Brechensbauer, en vennlig og talentfull tatoveringsartist basert i Malm\u00f6 ved tattoostudioet Zoi Tattoo. Vi er veldig glade for \u00e5 kunne tilby flash ark fra denne super kule tatoveringskunstneren.  Ta kontakt med Oliver:  Instagram:  @bbauer_tattooing  Studio:  Zoi Tattoo  Adresse:  Sora Nygatan 42, Malm\u00f6\" \/>\n<meta property=\"og:url\" content=\"https:\/\/likeink.com\/no\/faketatureringar\/flash-sucks-skull-av-oliver-brechensbauer-hos-zoi-tattoo\/\" \/>\n<meta property=\"og:site_name\" content=\"Like ink\" \/>\n<meta property=\"article:publisher\" content=\"https:\/\/www.facebook.com\/LikeInkSe\" \/>\n<meta property=\"article:modified_time\" content=\"2026-04-27T12:29:46+00:00\" \/>\n<meta property=\"og:image\" content=\"https:\/\/likeink.com\/wp-content\/uploads\/2023\/04\/Oliver-Brechensbauer-SugerSkull-FakeTattoos.png\" \/>\n\t<meta property=\"og:image:width\" content=\"1200\" \/>\n\t<meta property=\"og:image:height\" content=\"845\" \/>\n\t<meta property=\"og:image:type\" content=\"image\/png\" \/>\n<meta name=\"twitter:card\" content=\"summary_large_image\" \/>\n<meta name=\"twitter:label1\" content=\"Ansl. lesetid\" \/>\n\t<meta name=\"twitter:data1\" content=\"1 minutt\" \/>\n<!-- \/ Yoast SEO Premium plugin. -->","yoast_head_json":{"title":"Flash Suger-skalle-tatoveringer av Oliver Brechensbauer - Like ink","description":"Bestill kule falske tatoveringer og tigertatoveringer fra tatoveringskunstneren Oliver Brechensbauer. Ekte falske tatoveringer! - Like ink","robots":{"index":"index","follow":"follow","max-snippet":"max-snippet:-1","max-image-preview":"max-image-preview:large","max-video-preview":"max-video-preview:-1"},"canonical":"https:\/\/likeink.com\/no\/faketatureringar\/flash-sucks-skull-av-oliver-brechensbauer-hos-zoi-tattoo\/","og_locale":"nb_NO","og_type":"article","og_title":"Flash \u00abSucks Skull\u00bb av Oliver Brechensbauer hos Zoi Tattoo","og_description":"Like Inks bruksklare ark med midlertidige tatoveringer er cirka 20x14 cm og fylt med designene du ser p\u00e5 bildet. Vi trykker og sender arket ditt med disse stilige tatoveringene innen 24 timer etter bestillingen din. Tatoveringene ser bra ut, er av h\u00f8y kvalitet og er enkle \u00e5 p\u00e5f\u00f8re og vaske bort. Like Ink f\u00f8lger all lovgivning for kosmetiske produkter i EU, s\u00e5 du kan f\u00f8le deg trygg n\u00e5r du bestiller midlertidige tatoveringer fra oss. Bestill midlertidige tatoveringer med sugar skull motiver designet av tatov\u00f8ren Oliver Brechensbauer Dette arket er designet av tatov\u00f8ren Oliver Brechensbauer, en vennlig og talentfull tatoveringsartist basert i Malm\u00f6 ved tattoostudioet Zoi Tattoo. Vi er veldig glade for \u00e5 kunne tilby flash ark fra denne super kule tatoveringskunstneren.  Ta kontakt med Oliver:  Instagram:  @bbauer_tattooing  Studio:  Zoi Tattoo  Adresse:  Sora Nygatan 42, Malm\u00f6","og_url":"https:\/\/likeink.com\/no\/faketatureringar\/flash-sucks-skull-av-oliver-brechensbauer-hos-zoi-tattoo\/","og_site_name":"Like ink","article_publisher":"https:\/\/www.facebook.com\/LikeInkSe","article_modified_time":"2026-04-27T12:29:46+00:00","og_image":[{"width":1200,"height":845,"url":"https:\/\/likeink.com\/wp-content\/uploads\/2023\/04\/Oliver-Brechensbauer-SugerSkull-FakeTattoos.png","type":"image\/png"}],"twitter_card":"summary_large_image","twitter_misc":{"Ansl. lesetid":"1 minutt"},"schema":{"@context":"https:\/\/schema.org","@graph":[{"@type":"WebPage","@id":"https:\/\/likeink.com\/no\/faketatureringar\/flash-sucks-skull-av-oliver-brechensbauer-hos-zoi-tattoo\/","url":"https:\/\/likeink.com\/no\/faketatureringar\/flash-sucks-skull-av-oliver-brechensbauer-hos-zoi-tattoo\/","name":"Flash Suger-skalle-tatoveringer av Oliver Brechensbauer - Like ink","isPartOf":{"@id":"https:\/\/likeink.com\/no\/#website"},"primaryImageOfPage":{"@id":"https:\/\/likeink.com\/no\/faketatureringar\/flash-sucks-skull-av-oliver-brechensbauer-hos-zoi-tattoo\/#primaryimage"},"image":{"@id":"https:\/\/likeink.com\/no\/faketatureringar\/flash-sucks-skull-av-oliver-brechensbauer-hos-zoi-tattoo\/#primaryimage"},"thumbnailUrl":"https:\/\/likeink.com\/wp-content\/uploads\/2023\/04\/Oliver-Brechensbauer-SugerSkull-FakeTattoos.png","datePublished":"2025-12-15T09:34:57+00:00","dateModified":"2026-04-27T12:29:46+00:00","description":"Bestill kule falske tatoveringer og tigertatoveringer fra tatoveringskunstneren Oliver Brechensbauer. Ekte falske tatoveringer! - Like ink","breadcrumb":{"@id":"https:\/\/likeink.com\/no\/faketatureringar\/flash-sucks-skull-av-oliver-brechensbauer-hos-zoi-tattoo\/#breadcrumb"},"inLanguage":"nb-NO","potentialAction":[{"@type":"ReadAction","target":["https:\/\/likeink.com\/no\/faketatureringar\/flash-sucks-skull-av-oliver-brechensbauer-hos-zoi-tattoo\/"]}]},{"@type":"ImageObject","inLanguage":"nb-NO","@id":"https:\/\/likeink.com\/no\/faketatureringar\/flash-sucks-skull-av-oliver-brechensbauer-hos-zoi-tattoo\/#primaryimage","url":"https:\/\/likeink.com\/wp-content\/uploads\/2023\/04\/Oliver-Brechensbauer-SugerSkull-FakeTattoos.png","contentUrl":"https:\/\/likeink.com\/wp-content\/uploads\/2023\/04\/Oliver-Brechensbauer-SugerSkull-FakeTattoos.png","width":1200,"height":845,"caption":"Sugar skull Tattoos - Zoi Tattoo - Like ink - Artist Oliver"},{"@type":"BreadcrumbList","@id":"https:\/\/likeink.com\/no\/faketatureringar\/flash-sucks-skull-av-oliver-brechensbauer-hos-zoi-tattoo\/#breadcrumb","itemListElement":[{"@type":"ListItem","position":1,"name":"Hem","item":"https:\/\/likeink.com\/no\/"},{"@type":"ListItem","position":2,"name":"Butikk","item":"https:\/\/likeink.com\/no\/butikk\/"},{"@type":"ListItem","position":3,"name":"Flash \u00abSucks Skull\u00bb av Oliver Brechensbauer hos Zoi Tattoo"}]},{"@type":"WebSite","@id":"https:\/\/likeink.com\/no\/#website","url":"https:\/\/likeink.com\/no\/","name":"Like ink","description":"Make your own custom design","potentialAction":[{"@type":"SearchAction","target":{"@type":"EntryPoint","urlTemplate":"https:\/\/likeink.com\/no\/?s={search_term_string}"},"query-input":{"@type":"PropertyValueSpecification","valueRequired":true,"valueName":"search_term_string"}}],"inLanguage":"nb-NO"}]}},"_links":{"self":[{"href":"https:\/\/likeink.com\/no\/wp-json\/wp\/v2\/product\/54270","targetHints":{"allow":["GET"]}}],"collection":[{"href":"https:\/\/likeink.com\/no\/wp-json\/wp\/v2\/product"}],"about":[{"href":"https:\/\/likeink.com\/no\/wp-json\/wp\/v2\/types\/product"}],"wp:featuredmedia":[{"embeddable":true,"href":"https:\/\/likeink.com\/no\/wp-json\/wp\/v2\/media\/54271"}],"wp:attachment":[{"href":"https:\/\/likeink.com\/no\/wp-json\/wp\/v2\/media?parent=54270"}],"wp:term":[{"taxonomy":"product_brand","embeddable":true,"href":"https:\/\/likeink.com\/no\/wp-json\/wp\/v2\/product_brand?post=54270"},{"taxonomy":"product_cat","embeddable":true,"href":"https:\/\/likeink.com\/no\/wp-json\/wp\/v2\/product_cat?post=54270"},{"taxonomy":"product_tag","embeddable":true,"href":"https:\/\/likeink.com\/no\/wp-json\/wp\/v2\/product_tag?post=54270"}],"curies":[{"name":"wp","href":"https:\/\/api.w.org\/{rel}","templated":true}]}}