{"id":54272,"date":"2023-04-18T14:12:57","date_gmt":"2025-12-15T09:34:58","guid":{"rendered":"https:\/\/likeink.com\/gnuggis\/flash-butterfly-av-oliver-brechensbauer-hos-zoi-tattoo\/"},"modified":"2026-01-30T11:36:21","modified_gmt":"2026-01-30T11:36:21","slug":"flash-butterfly-av-oliver-brechensbauer-hos-zoi-tattoo","status":"publish","type":"product","link":"https:\/\/likeink.com\/no\/faketatureringar\/flash-butterfly-av-oliver-brechensbauer-hos-zoi-tattoo\/","title":{"rendered":"Flash \u00abButterfly\u00bb av Oliver Brechensbauer hos Zoi Tattoo"},"content":{"rendered":"","protected":false},"excerpt":{"rendered":"<p>Like Inks bruksklare ark med falske tatoveringer er omtrent 20 x 14 cm store og fylt med motivet du ser p\u00e5 bildet. Vi trykker og sender arket med disse stilige tatoveringene innen 24 timer etter at du har bestilt. Tatoveringene ser bra ut, er av h\u00f8y kvalitet og er enkle \u00e5 p\u00e5f\u00f8re og vaske av. Like Ink overholder all lovgivning for kosmetiske produkter i EU, s\u00e5 du kan f\u00f8le deg trygg n\u00e5r du bestiller falske tatoveringer fra oss.<\/p>\n<h2>Bestill falske sommerfugltatoveringer designet av tatoveringskunstner Oliver Brechensbauer<\/h2>\n<p>Dette arket er designet av tatoveringskunstner Oliver Brechensbauer, en vennlig og talentfull tatoveringskunstner basert i Malm\u00f6 p\u00e5 tatoveringsstudioet Zoi Tattoo. Vi er glade for \u00e5 kunne tilby noen flash-ark fra denne superkule tatoveringskunstneren!<\/p>\n<p><strong>Ta kontakt med Oliver: Instagram:<\/strong><br \/>\n@bbauer_tattooing<\/p>\n<p><strong>Studio:<\/strong><br \/>\nZoi Tattoo<\/p>\n<p><strong>Adresse:<\/strong><br \/>\nSora Nygatan 42,<\/p>\n<p>Malm\u00f6<\/p>\n","protected":false},"featured_media":54273,"template":"","meta":[],"product_brand":[],"product_cat":[365,370],"product_tag":[],"class_list":{"0":"post-54272","1":"product","2":"type-product","3":"status-publish","4":"has-post-thumbnail","6":"product_cat-ferdige-ark","7":"product_cat-samarbeid-med-tatoveringskunstnere","9":"first","10":"instock","11":"taxable","12":"shipping-taxable","13":"purchasable","14":"product-type-simple"},"yoast_head":"<!-- This site is optimized with the Yoast SEO Premium plugin v26.2 (Yoast SEO v27.4) - https:\/\/yoast.com\/product\/yoast-seo-premium-wordpress\/ -->\n<title>Midlertidige tatoveringer med sommerfugler I Kunstner: Oliver Brechensbauer - Like ink<\/title>\n<meta name=\"description\" content=\"Midlertidige sommerfugltatoveringer fra tatoveringskunstneren Oliver hos Zoi Tattoo. Vi trykker falske tatoveringer av h\u00f8y kvalitet! - Like ink\" \/>\n<meta name=\"robots\" content=\"index, follow, max-snippet:-1, max-image-preview:large, max-video-preview:-1\" \/>\n<link rel=\"canonical\" href=\"https:\/\/likeink.com\/no\/faketatureringar\/flash-butterfly-av-oliver-brechensbauer-hos-zoi-tattoo\/\" \/>\n<meta property=\"og:locale\" content=\"nb_NO\" \/>\n<meta property=\"og:type\" content=\"article\" \/>\n<meta property=\"og:title\" content=\"Flash \u00abButterfly\u00bb av Oliver Brechensbauer hos Zoi Tattoo\" \/>\n<meta property=\"og:description\" content=\"Like Inks bruksklare ark med falske tatoveringer er omtrent 20 x 14 cm store og fylt med motivet du ser p\u00e5 bildet. Vi trykker og sender arket med disse stilige tatoveringene innen 24 timer etter at du har bestilt. Tatoveringene ser bra ut, er av h\u00f8y kvalitet og er enkle \u00e5 p\u00e5f\u00f8re og vaske av. Like Ink overholder all lovgivning for kosmetiske produkter i EU, s\u00e5 du kan f\u00f8le deg trygg n\u00e5r du bestiller falske tatoveringer fra oss. Bestill falske sommerfugltatoveringer designet av tatoveringskunstner Oliver BrechensbauerDette arket er designet av tatoveringskunstner Oliver Brechensbauer, en vennlig og talentfull tatoveringskunstner basert i Malm\u00f6 p\u00e5 tatoveringsstudioet Zoi Tattoo. Vi er glade for \u00e5 kunne tilby noen flash-ark fra denne superkule tatoveringskunstneren! Ta kontakt med Oliver: Instagram: @bbauer_tattooing Studio: Zoi Tattoo Adresse: Sora Nygatan 42, Malm\u00f6\" \/>\n<meta property=\"og:url\" content=\"https:\/\/likeink.com\/no\/faketatureringar\/flash-butterfly-av-oliver-brechensbauer-hos-zoi-tattoo\/\" \/>\n<meta property=\"og:site_name\" content=\"Like ink\" \/>\n<meta property=\"article:publisher\" content=\"https:\/\/www.facebook.com\/LikeInkSe\" \/>\n<meta property=\"article:modified_time\" content=\"2026-01-30T11:36:21+00:00\" \/>\n<meta property=\"og:image\" content=\"https:\/\/likeink.com\/wp-content\/uploads\/2023\/04\/Oliver-Butterfly-FakeTattoos.png\" \/>\n\t<meta property=\"og:image:width\" content=\"1200\" \/>\n\t<meta property=\"og:image:height\" content=\"845\" \/>\n\t<meta property=\"og:image:type\" content=\"image\/png\" \/>\n<meta name=\"twitter:card\" content=\"summary_large_image\" \/>\n<script type=\"application\/ld+json\" class=\"yoast-schema-graph\">{\"@context\":\"https:\\\/\\\/schema.org\",\"@graph\":[{\"@type\":\"WebPage\",\"@id\":\"https:\\\/\\\/likeink.com\\\/no\\\/faketatureringar\\\/flash-butterfly-av-oliver-brechensbauer-hos-zoi-tattoo\\\/\",\"url\":\"https:\\\/\\\/likeink.com\\\/no\\\/faketatureringar\\\/flash-butterfly-av-oliver-brechensbauer-hos-zoi-tattoo\\\/\",\"name\":\"Midlertidige tatoveringer med sommerfugler I Kunstner: Oliver Brechensbauer - Like ink\",\"isPartOf\":{\"@id\":\"https:\\\/\\\/likeink.com\\\/no\\\/#website\"},\"primaryImageOfPage\":{\"@id\":\"https:\\\/\\\/likeink.com\\\/no\\\/faketatureringar\\\/flash-butterfly-av-oliver-brechensbauer-hos-zoi-tattoo\\\/#primaryimage\"},\"image\":{\"@id\":\"https:\\\/\\\/likeink.com\\\/no\\\/faketatureringar\\\/flash-butterfly-av-oliver-brechensbauer-hos-zoi-tattoo\\\/#primaryimage\"},\"thumbnailUrl\":\"https:\\\/\\\/likeink.com\\\/wp-content\\\/uploads\\\/2023\\\/04\\\/Oliver-Butterfly-FakeTattoos.png\",\"datePublished\":\"2025-12-15T09:34:58+00:00\",\"dateModified\":\"2026-01-30T11:36:21+00:00\",\"description\":\"Midlertidige sommerfugltatoveringer fra tatoveringskunstneren Oliver hos Zoi Tattoo. Vi trykker falske tatoveringer av h\u00f8y kvalitet! - Like ink\",\"breadcrumb\":{\"@id\":\"https:\\\/\\\/likeink.com\\\/no\\\/faketatureringar\\\/flash-butterfly-av-oliver-brechensbauer-hos-zoi-tattoo\\\/#breadcrumb\"},\"inLanguage\":\"nb-NO\",\"potentialAction\":[{\"@type\":\"ReadAction\",\"target\":[\"https:\\\/\\\/likeink.com\\\/no\\\/faketatureringar\\\/flash-butterfly-av-oliver-brechensbauer-hos-zoi-tattoo\\\/\"]}]},{\"@type\":\"ImageObject\",\"inLanguage\":\"nb-NO\",\"@id\":\"https:\\\/\\\/likeink.com\\\/no\\\/faketatureringar\\\/flash-butterfly-av-oliver-brechensbauer-hos-zoi-tattoo\\\/#primaryimage\",\"url\":\"https:\\\/\\\/likeink.com\\\/wp-content\\\/uploads\\\/2023\\\/04\\\/Oliver-Butterfly-FakeTattoos.png\",\"contentUrl\":\"https:\\\/\\\/likeink.com\\\/wp-content\\\/uploads\\\/2023\\\/04\\\/Oliver-Butterfly-FakeTattoos.png\",\"width\":1200,\"height\":845,\"caption\":\"Butterfly Tattoos - Zoi Tattoo - Like ink - Artist Oliver\"},{\"@type\":\"BreadcrumbList\",\"@id\":\"https:\\\/\\\/likeink.com\\\/no\\\/faketatureringar\\\/flash-butterfly-av-oliver-brechensbauer-hos-zoi-tattoo\\\/#breadcrumb\",\"itemListElement\":[{\"@type\":\"ListItem\",\"position\":1,\"name\":\"Hem\",\"item\":\"https:\\\/\\\/likeink.com\\\/no\\\/\"},{\"@type\":\"ListItem\",\"position\":2,\"name\":\"Butikk\",\"item\":\"https:\\\/\\\/likeink.com\\\/no\\\/butikk\\\/\"},{\"@type\":\"ListItem\",\"position\":3,\"name\":\"Flash \u00abButterfly\u00bb av Oliver Brechensbauer hos Zoi Tattoo\"}]},{\"@type\":\"WebSite\",\"@id\":\"https:\\\/\\\/likeink.com\\\/no\\\/#website\",\"url\":\"https:\\\/\\\/likeink.com\\\/no\\\/\",\"name\":\"Like ink\",\"description\":\"Make your own custom design\",\"potentialAction\":[{\"@type\":\"SearchAction\",\"target\":{\"@type\":\"EntryPoint\",\"urlTemplate\":\"https:\\\/\\\/likeink.com\\\/no\\\/?s={search_term_string}\"},\"query-input\":{\"@type\":\"PropertyValueSpecification\",\"valueRequired\":true,\"valueName\":\"search_term_string\"}}],\"inLanguage\":\"nb-NO\"}]}<\/script>\n<!-- \/ Yoast SEO Premium plugin. -->","yoast_head_json":{"title":"Midlertidige tatoveringer med sommerfugler I Kunstner: Oliver Brechensbauer - Like ink","description":"Midlertidige sommerfugltatoveringer fra tatoveringskunstneren Oliver hos Zoi Tattoo. Vi trykker falske tatoveringer av h\u00f8y kvalitet! - Like ink","robots":{"index":"index","follow":"follow","max-snippet":"max-snippet:-1","max-image-preview":"max-image-preview:large","max-video-preview":"max-video-preview:-1"},"canonical":"https:\/\/likeink.com\/no\/faketatureringar\/flash-butterfly-av-oliver-brechensbauer-hos-zoi-tattoo\/","og_locale":"nb_NO","og_type":"article","og_title":"Flash \u00abButterfly\u00bb av Oliver Brechensbauer hos Zoi Tattoo","og_description":"Like Inks bruksklare ark med falske tatoveringer er omtrent 20 x 14 cm store og fylt med motivet du ser p\u00e5 bildet. Vi trykker og sender arket med disse stilige tatoveringene innen 24 timer etter at du har bestilt. Tatoveringene ser bra ut, er av h\u00f8y kvalitet og er enkle \u00e5 p\u00e5f\u00f8re og vaske av. Like Ink overholder all lovgivning for kosmetiske produkter i EU, s\u00e5 du kan f\u00f8le deg trygg n\u00e5r du bestiller falske tatoveringer fra oss. Bestill falske sommerfugltatoveringer designet av tatoveringskunstner Oliver BrechensbauerDette arket er designet av tatoveringskunstner Oliver Brechensbauer, en vennlig og talentfull tatoveringskunstner basert i Malm\u00f6 p\u00e5 tatoveringsstudioet Zoi Tattoo. Vi er glade for \u00e5 kunne tilby noen flash-ark fra denne superkule tatoveringskunstneren! Ta kontakt med Oliver: Instagram: @bbauer_tattooing Studio: Zoi Tattoo Adresse: Sora Nygatan 42, Malm\u00f6","og_url":"https:\/\/likeink.com\/no\/faketatureringar\/flash-butterfly-av-oliver-brechensbauer-hos-zoi-tattoo\/","og_site_name":"Like ink","article_publisher":"https:\/\/www.facebook.com\/LikeInkSe","article_modified_time":"2026-01-30T11:36:21+00:00","og_image":[{"width":1200,"height":845,"url":"https:\/\/likeink.com\/wp-content\/uploads\/2023\/04\/Oliver-Butterfly-FakeTattoos.png","type":"image\/png"}],"twitter_card":"summary_large_image","schema":{"@context":"https:\/\/schema.org","@graph":[{"@type":"WebPage","@id":"https:\/\/likeink.com\/no\/faketatureringar\/flash-butterfly-av-oliver-brechensbauer-hos-zoi-tattoo\/","url":"https:\/\/likeink.com\/no\/faketatureringar\/flash-butterfly-av-oliver-brechensbauer-hos-zoi-tattoo\/","name":"Midlertidige tatoveringer med sommerfugler I Kunstner: Oliver Brechensbauer - Like ink","isPartOf":{"@id":"https:\/\/likeink.com\/no\/#website"},"primaryImageOfPage":{"@id":"https:\/\/likeink.com\/no\/faketatureringar\/flash-butterfly-av-oliver-brechensbauer-hos-zoi-tattoo\/#primaryimage"},"image":{"@id":"https:\/\/likeink.com\/no\/faketatureringar\/flash-butterfly-av-oliver-brechensbauer-hos-zoi-tattoo\/#primaryimage"},"thumbnailUrl":"https:\/\/likeink.com\/wp-content\/uploads\/2023\/04\/Oliver-Butterfly-FakeTattoos.png","datePublished":"2025-12-15T09:34:58+00:00","dateModified":"2026-01-30T11:36:21+00:00","description":"Midlertidige sommerfugltatoveringer fra tatoveringskunstneren Oliver hos Zoi Tattoo. Vi trykker falske tatoveringer av h\u00f8y kvalitet! - Like ink","breadcrumb":{"@id":"https:\/\/likeink.com\/no\/faketatureringar\/flash-butterfly-av-oliver-brechensbauer-hos-zoi-tattoo\/#breadcrumb"},"inLanguage":"nb-NO","potentialAction":[{"@type":"ReadAction","target":["https:\/\/likeink.com\/no\/faketatureringar\/flash-butterfly-av-oliver-brechensbauer-hos-zoi-tattoo\/"]}]},{"@type":"ImageObject","inLanguage":"nb-NO","@id":"https:\/\/likeink.com\/no\/faketatureringar\/flash-butterfly-av-oliver-brechensbauer-hos-zoi-tattoo\/#primaryimage","url":"https:\/\/likeink.com\/wp-content\/uploads\/2023\/04\/Oliver-Butterfly-FakeTattoos.png","contentUrl":"https:\/\/likeink.com\/wp-content\/uploads\/2023\/04\/Oliver-Butterfly-FakeTattoos.png","width":1200,"height":845,"caption":"Butterfly Tattoos - Zoi Tattoo - Like ink - Artist Oliver"},{"@type":"BreadcrumbList","@id":"https:\/\/likeink.com\/no\/faketatureringar\/flash-butterfly-av-oliver-brechensbauer-hos-zoi-tattoo\/#breadcrumb","itemListElement":[{"@type":"ListItem","position":1,"name":"Hem","item":"https:\/\/likeink.com\/no\/"},{"@type":"ListItem","position":2,"name":"Butikk","item":"https:\/\/likeink.com\/no\/butikk\/"},{"@type":"ListItem","position":3,"name":"Flash \u00abButterfly\u00bb av Oliver Brechensbauer hos Zoi Tattoo"}]},{"@type":"WebSite","@id":"https:\/\/likeink.com\/no\/#website","url":"https:\/\/likeink.com\/no\/","name":"Like ink","description":"Make your own custom design","potentialAction":[{"@type":"SearchAction","target":{"@type":"EntryPoint","urlTemplate":"https:\/\/likeink.com\/no\/?s={search_term_string}"},"query-input":{"@type":"PropertyValueSpecification","valueRequired":true,"valueName":"search_term_string"}}],"inLanguage":"nb-NO"}]}},"_links":{"self":[{"href":"https:\/\/likeink.com\/no\/wp-json\/wp\/v2\/product\/54272","targetHints":{"allow":["GET"]}}],"collection":[{"href":"https:\/\/likeink.com\/no\/wp-json\/wp\/v2\/product"}],"about":[{"href":"https:\/\/likeink.com\/no\/wp-json\/wp\/v2\/types\/product"}],"wp:featuredmedia":[{"embeddable":true,"href":"https:\/\/likeink.com\/no\/wp-json\/wp\/v2\/media\/54273"}],"wp:attachment":[{"href":"https:\/\/likeink.com\/no\/wp-json\/wp\/v2\/media?parent=54272"}],"wp:term":[{"taxonomy":"product_brand","embeddable":true,"href":"https:\/\/likeink.com\/no\/wp-json\/wp\/v2\/product_brand?post=54272"},{"taxonomy":"product_cat","embeddable":true,"href":"https:\/\/likeink.com\/no\/wp-json\/wp\/v2\/product_cat?post=54272"},{"taxonomy":"product_tag","embeddable":true,"href":"https:\/\/likeink.com\/no\/wp-json\/wp\/v2\/product_tag?post=54272"}],"curies":[{"name":"wp","href":"https:\/\/api.w.org\/{rel}","templated":true}]}}