{"id":54278,"date":"2023-04-18T11:53:18","date_gmt":"2025-12-15T09:35:02","guid":{"rendered":"https:\/\/likeink.com\/gnuggis\/flash-bite-me-av-matt-machine-hos-straydogs-tattoo\/"},"modified":"2026-01-30T11:36:28","modified_gmt":"2026-01-30T11:36:28","slug":"flash-bite-me-av-matt-machine-hos-straydogs-tattoo","status":"publish","type":"product","link":"https:\/\/likeink.com\/no\/faketatureringar\/flash-bite-me-av-matt-machine-hos-straydogs-tattoo\/","title":{"rendered":"Flash \u00abBite Me\u00bb av Matt Machine hos Straydogs Tattoo"},"content":{"rendered":"","protected":false},"excerpt":{"rendered":"<p>Like Inks bruksklare ark med falske tatoveringer er omtrent 20 x 14 cm store og fylt med motivet du ser p\u00e5 bildet. Vi trykker og sender arket med disse stilige tatoveringene innen 24 timer etter at du har bestilt. Tatoveringene ser bra ut, er av h\u00f8y kvalitet og er enkle \u00e5 p\u00e5f\u00f8re og vaske av. Like Ink overholder all lovgivning for kosmetiske produkter i EU, s\u00e5 du kan f\u00f8le deg trygg n\u00e5r du bestiller falske tatoveringer fra oss.<\/p>\n<h2>Bestill falske tatoveringer designet av tatoveringskunstneren Mattias, ogs\u00e5 kjent som Matt Machine fra Stray Dogs Tattoo<\/h2>\n<p>Dette arket er designet av den fantastiske tatoveringskunstneren \u00abMatt Machine\u00bb, en erfaren og sv\u00e6rt popul\u00e6r tatoveringskunstner basert i Kung\u00e4lv. Det er virkelig g\u00f8y \u00e5 tilby kunst fra denne superkule tatoveringskunstneren!<\/p>\n<p><strong>Dette er Mattias Andersson, ogs\u00e5 kjent som Matt Machine:<\/strong><br \/>\nMitt navn er Mattias Andersson, ogs\u00e5 kjent som Matt Machine. Det er et kallenavn jeg fikk for moro skyld av gutta p\u00e5 Sick Boys Tattoo, etter at jeg tatoverte i over 15 timer uten pause p\u00e5 en jubileumsfest i studioet mitt. Jeg beholdt kallenavnet \ud83d\ude0a det passer meg.<\/p>\n<p>Hvem er jeg? Vel \u2013 jeg er nesten 41 \u00e5r gammel. Jeg er gift, har to barn, en hund og to katter. Jeg kj\u00f8rer en Volvo stasjonsvogn og bor i et hus. Jeg lever et typisk svenssk liv med fotballtreninger og alt det inneb\u00e6rer. Men jeg er ikke s\u00e5 veldig \u00absvensk\u00bb selv, men heldigvis kan man alltid gj\u00f8re sine egne ting i \u00abgutterommet\u00bb, som i mitt tilfelle er tatoveringsstudioet. Der f\u00f8ler man seg alltid som en h\u00e5nd i en hanske. Der passer alle inn, og alle er velkomne!!!<\/p>\n<p>Jeg har hatt et privat studio i omtrent 12 \u00e5r n\u00e5. Der tatoverer jeg kun etter avtale, ingen drop-ins. Jeg har elsket tatoveringer siden jeg var 6 \u00e5r gammel og er takknemlig for alle kundene som fortsetter \u00e5 komme, b\u00e5de de som bor i kommunen og de som flyr fra fjerne steder for \u00e5 bli merket med min blekk. Alle kunder er viktige. Sm\u00e5 navnetatoveringer s\u00e5 vel som store ryggprosjekter. Jeg gj\u00f8r alt jeg f\u00f8ler jeg kan h\u00e5ndtere! Tross alt er jeg tatoveringskunstner. Hvis du vil ha en stor svart prikk som dekker halve l\u00e5ret ditt, er det greit for meg.<br \/>\nDet f\u00f8les som om jeg er heldig, men det man har, kommer egentlig fra mange \u00e5rs hardt arbeid. \u00c5 bygge en sterk kundebase er noe som krever arbeid. Tatoveringsjobben er ikke s\u00e5 rock &#x27;n roll som mange tror. Det er nesten en 24\/7-jobb. Men friheten veier opp for det. Friheten til \u00e5 kunne velge hvordan og n\u00e5r jeg skal jobbe. I tillegg til at jeg elsker det jeg gj\u00f8r! Tatoveringer er rett og slett det beste \ud83d\ude02\ud83d\udc4d<\/p>\n<p><strong>Ta kontakt med Mattias:<\/strong><br \/>\nDu finner meg og alle mine tradisjonelle arbeider p\u00e5 sosiale medier<\/p>\n<p><strong>Instagram:<\/strong><br \/>\n@straydogstattoo<\/p>\n<p><strong>Studio:<\/strong><br \/>\n@straydogstattoo<\/p>\n<p><strong>Adresse:<\/strong><br \/>\nG\u00f6teborg \/ Kung\u00e4lv<\/p>\n","protected":false},"featured_media":54279,"template":"","meta":[],"product_brand":[],"product_cat":[365,370],"product_tag":[],"class_list":{"0":"post-54278","1":"product","2":"type-product","3":"status-publish","4":"has-post-thumbnail","6":"product_cat-ferdige-ark","7":"product_cat-samarbeid-med-tatoveringskunstnere","9":"first","10":"instock","11":"taxable","12":"shipping-taxable","13":"purchasable","14":"product-type-simple"},"yoast_head":"<!-- This site is optimized with the Yoast SEO Premium plugin v26.2 (Yoast SEO v27.4) - https:\/\/yoast.com\/product\/yoast-seo-premium-wordpress\/ -->\n<title>Flash Bite Me \u2013 tatoveringer fra Matt Machine hos Stray Dogs Tattoo - Like ink<\/title>\n<meta name=\"description\" content=\"Flash Bite Me \u2013 ark med midlertidige tatoveringer fra Matt hos Stray Dogs Tattoo! H\u00e5per du liker dem! Gratis og rask frakt! - Like ink\" \/>\n<meta name=\"robots\" content=\"index, follow, max-snippet:-1, max-image-preview:large, max-video-preview:-1\" \/>\n<link rel=\"canonical\" href=\"https:\/\/likeink.com\/no\/faketatureringar\/flash-bite-me-av-matt-machine-hos-straydogs-tattoo\/\" \/>\n<meta property=\"og:locale\" content=\"nb_NO\" \/>\n<meta property=\"og:type\" content=\"article\" \/>\n<meta property=\"og:title\" content=\"Flash \u00abBite Me\u00bb av Matt Machine hos Straydogs Tattoo\" \/>\n<meta property=\"og:description\" content=\"Like Inks bruksklare ark med falske tatoveringer er omtrent 20 x 14 cm store og fylt med motivet du ser p\u00e5 bildet. Vi trykker og sender arket med disse stilige tatoveringene innen 24 timer etter at du har bestilt. Tatoveringene ser bra ut, er av h\u00f8y kvalitet og er enkle \u00e5 p\u00e5f\u00f8re og vaske av. Like Ink overholder all lovgivning for kosmetiske produkter i EU, s\u00e5 du kan f\u00f8le deg trygg n\u00e5r du bestiller falske tatoveringer fra oss. Bestill falske tatoveringer designet av tatoveringskunstneren Mattias, ogs\u00e5 kjent som Matt Machine fra Stray Dogs TattooDette arket er designet av den fantastiske tatoveringskunstneren \u00abMatt Machine\u00bb, en erfaren og sv\u00e6rt popul\u00e6r tatoveringskunstner basert i Kung\u00e4lv. Det er virkelig g\u00f8y \u00e5 tilby kunst fra denne superkule tatoveringskunstneren! Dette er Mattias Andersson, ogs\u00e5 kjent som Matt Machine: Mitt navn er Mattias Andersson, ogs\u00e5 kjent som Matt Machine. Det er et kallenavn jeg fikk for moro skyld av gutta p\u00e5 Sick Boys Tattoo, etter at jeg tatoverte i over 15 timer uten pause p\u00e5 en jubileumsfest i studioet mitt. Jeg beholdt kallenavnet \ud83d\ude0a det passer meg. Hvem er jeg? Vel \u2013 jeg er nesten 41 \u00e5r gammel. Jeg er gift, har to barn, en hund og to katter. Jeg kj\u00f8rer en Volvo stasjonsvogn og bor i et hus. Jeg lever et typisk svenssk liv med fotballtreninger og alt det inneb\u00e6rer. Men jeg er ikke s\u00e5 veldig \u00absvensk\u00bb selv, men heldigvis kan man alltid gj\u00f8re sine egne ting i \u00abgutterommet\u00bb, som i mitt tilfelle er tatoveringsstudioet. Der f\u00f8ler man seg alltid som en h\u00e5nd i en hanske. Der passer alle inn, og alle er velkomne!!! Jeg har hatt et privat studio i omtrent 12 \u00e5r n\u00e5. Der tatoverer jeg kun etter avtale, ingen drop-ins. Jeg har elsket tatoveringer siden jeg var 6 \u00e5r gammel og er takknemlig for alle kundene som fortsetter \u00e5 komme, b\u00e5de de som bor i kommunen og de som flyr fra fjerne steder for \u00e5 bli merket med min blekk. Alle kunder er viktige. Sm\u00e5 navnetatoveringer s\u00e5 vel som store ryggprosjekter. Jeg gj\u00f8r alt jeg f\u00f8ler jeg kan h\u00e5ndtere! Tross alt er jeg tatoveringskunstner. Hvis du vil ha en stor svart prikk som dekker halve l\u00e5ret ditt, er det greit for meg. Det f\u00f8les som om jeg er heldig, men det man har, kommer egentlig fra mange \u00e5rs hardt arbeid. \u00c5 bygge en sterk kundebase er noe som krever arbeid. Tatoveringsjobben er ikke s\u00e5 rock &#x27;n roll som mange tror. Det er nesten en 24\/7-jobb. Men friheten veier opp for det. Friheten til \u00e5 kunne velge hvordan og n\u00e5r jeg skal jobbe. I tillegg til at jeg elsker det jeg gj\u00f8r! Tatoveringer er rett og slett det beste \ud83d\ude02\ud83d\udc4d Ta kontakt med Mattias: Du finner meg og alle mine tradisjonelle arbeider p\u00e5 sosiale medier Instagram: @straydogstattoo Studio: @straydogstattoo Adresse: G\u00f6teborg \/ Kung\u00e4lv\" \/>\n<meta property=\"og:url\" content=\"https:\/\/likeink.com\/no\/faketatureringar\/flash-bite-me-av-matt-machine-hos-straydogs-tattoo\/\" \/>\n<meta property=\"og:site_name\" content=\"Like ink\" \/>\n<meta property=\"article:publisher\" content=\"https:\/\/www.facebook.com\/LikeInkSe\" \/>\n<meta property=\"article:modified_time\" content=\"2026-01-30T11:36:28+00:00\" \/>\n<meta property=\"og:image\" content=\"https:\/\/likeink.com\/wp-content\/uploads\/2023\/04\/MattMachine-BiteMe-Likeink-Faketattoos.png\" \/>\n\t<meta property=\"og:image:width\" content=\"600\" \/>\n\t<meta property=\"og:image:height\" content=\"422\" \/>\n\t<meta property=\"og:image:type\" content=\"image\/png\" \/>\n<meta name=\"twitter:card\" content=\"summary_large_image\" \/>\n<script type=\"application\/ld+json\" class=\"yoast-schema-graph\">{\"@context\":\"https:\\\/\\\/schema.org\",\"@graph\":[{\"@type\":\"WebPage\",\"@id\":\"https:\\\/\\\/likeink.com\\\/no\\\/faketatureringar\\\/flash-bite-me-av-matt-machine-hos-straydogs-tattoo\\\/\",\"url\":\"https:\\\/\\\/likeink.com\\\/no\\\/faketatureringar\\\/flash-bite-me-av-matt-machine-hos-straydogs-tattoo\\\/\",\"name\":\"Flash Bite Me \u2013 tatoveringer fra Matt Machine hos Stray Dogs Tattoo - Like ink\",\"isPartOf\":{\"@id\":\"https:\\\/\\\/likeink.com\\\/no\\\/#website\"},\"primaryImageOfPage\":{\"@id\":\"https:\\\/\\\/likeink.com\\\/no\\\/faketatureringar\\\/flash-bite-me-av-matt-machine-hos-straydogs-tattoo\\\/#primaryimage\"},\"image\":{\"@id\":\"https:\\\/\\\/likeink.com\\\/no\\\/faketatureringar\\\/flash-bite-me-av-matt-machine-hos-straydogs-tattoo\\\/#primaryimage\"},\"thumbnailUrl\":\"https:\\\/\\\/likeink.com\\\/wp-content\\\/uploads\\\/2023\\\/04\\\/MattMachine-BiteMe-Likeink-Faketattoos.png\",\"datePublished\":\"2025-12-15T09:35:02+00:00\",\"dateModified\":\"2026-01-30T11:36:28+00:00\",\"description\":\"Flash Bite Me \u2013 ark med midlertidige tatoveringer fra Matt hos Stray Dogs Tattoo! H\u00e5per du liker dem! Gratis og rask frakt! - Like ink\",\"breadcrumb\":{\"@id\":\"https:\\\/\\\/likeink.com\\\/no\\\/faketatureringar\\\/flash-bite-me-av-matt-machine-hos-straydogs-tattoo\\\/#breadcrumb\"},\"inLanguage\":\"nb-NO\",\"potentialAction\":[{\"@type\":\"ReadAction\",\"target\":[\"https:\\\/\\\/likeink.com\\\/no\\\/faketatureringar\\\/flash-bite-me-av-matt-machine-hos-straydogs-tattoo\\\/\"]}]},{\"@type\":\"ImageObject\",\"inLanguage\":\"nb-NO\",\"@id\":\"https:\\\/\\\/likeink.com\\\/no\\\/faketatureringar\\\/flash-bite-me-av-matt-machine-hos-straydogs-tattoo\\\/#primaryimage\",\"url\":\"https:\\\/\\\/likeink.com\\\/wp-content\\\/uploads\\\/2023\\\/04\\\/MattMachine-BiteMe-Likeink-Faketattoos.png\",\"contentUrl\":\"https:\\\/\\\/likeink.com\\\/wp-content\\\/uploads\\\/2023\\\/04\\\/MattMachine-BiteMe-Likeink-Faketattoos.png\",\"width\":600,\"height\":422,\"caption\":\"Stray Dogs Tattoo Flash Tattoos - Fake Tattoo - Like ink\"},{\"@type\":\"BreadcrumbList\",\"@id\":\"https:\\\/\\\/likeink.com\\\/no\\\/faketatureringar\\\/flash-bite-me-av-matt-machine-hos-straydogs-tattoo\\\/#breadcrumb\",\"itemListElement\":[{\"@type\":\"ListItem\",\"position\":1,\"name\":\"Hem\",\"item\":\"https:\\\/\\\/likeink.com\\\/no\\\/\"},{\"@type\":\"ListItem\",\"position\":2,\"name\":\"Butikk\",\"item\":\"https:\\\/\\\/likeink.com\\\/no\\\/butikk\\\/\"},{\"@type\":\"ListItem\",\"position\":3,\"name\":\"Flash \u00abBite Me\u00bb av Matt Machine hos Straydogs Tattoo\"}]},{\"@type\":\"WebSite\",\"@id\":\"https:\\\/\\\/likeink.com\\\/no\\\/#website\",\"url\":\"https:\\\/\\\/likeink.com\\\/no\\\/\",\"name\":\"Like ink\",\"description\":\"Make your own custom design\",\"potentialAction\":[{\"@type\":\"SearchAction\",\"target\":{\"@type\":\"EntryPoint\",\"urlTemplate\":\"https:\\\/\\\/likeink.com\\\/no\\\/?s={search_term_string}\"},\"query-input\":{\"@type\":\"PropertyValueSpecification\",\"valueRequired\":true,\"valueName\":\"search_term_string\"}}],\"inLanguage\":\"nb-NO\"}]}<\/script>\n<!-- \/ Yoast SEO Premium plugin. -->","yoast_head_json":{"title":"Flash Bite Me \u2013 tatoveringer fra Matt Machine hos Stray Dogs Tattoo - Like ink","description":"Flash Bite Me \u2013 ark med midlertidige tatoveringer fra Matt hos Stray Dogs Tattoo! H\u00e5per du liker dem! Gratis og rask frakt! - Like ink","robots":{"index":"index","follow":"follow","max-snippet":"max-snippet:-1","max-image-preview":"max-image-preview:large","max-video-preview":"max-video-preview:-1"},"canonical":"https:\/\/likeink.com\/no\/faketatureringar\/flash-bite-me-av-matt-machine-hos-straydogs-tattoo\/","og_locale":"nb_NO","og_type":"article","og_title":"Flash \u00abBite Me\u00bb av Matt Machine hos Straydogs Tattoo","og_description":"Like Inks bruksklare ark med falske tatoveringer er omtrent 20 x 14 cm store og fylt med motivet du ser p\u00e5 bildet. Vi trykker og sender arket med disse stilige tatoveringene innen 24 timer etter at du har bestilt. Tatoveringene ser bra ut, er av h\u00f8y kvalitet og er enkle \u00e5 p\u00e5f\u00f8re og vaske av. Like Ink overholder all lovgivning for kosmetiske produkter i EU, s\u00e5 du kan f\u00f8le deg trygg n\u00e5r du bestiller falske tatoveringer fra oss. Bestill falske tatoveringer designet av tatoveringskunstneren Mattias, ogs\u00e5 kjent som Matt Machine fra Stray Dogs TattooDette arket er designet av den fantastiske tatoveringskunstneren \u00abMatt Machine\u00bb, en erfaren og sv\u00e6rt popul\u00e6r tatoveringskunstner basert i Kung\u00e4lv. Det er virkelig g\u00f8y \u00e5 tilby kunst fra denne superkule tatoveringskunstneren! Dette er Mattias Andersson, ogs\u00e5 kjent som Matt Machine: Mitt navn er Mattias Andersson, ogs\u00e5 kjent som Matt Machine. Det er et kallenavn jeg fikk for moro skyld av gutta p\u00e5 Sick Boys Tattoo, etter at jeg tatoverte i over 15 timer uten pause p\u00e5 en jubileumsfest i studioet mitt. Jeg beholdt kallenavnet \ud83d\ude0a det passer meg. Hvem er jeg? Vel \u2013 jeg er nesten 41 \u00e5r gammel. Jeg er gift, har to barn, en hund og to katter. Jeg kj\u00f8rer en Volvo stasjonsvogn og bor i et hus. Jeg lever et typisk svenssk liv med fotballtreninger og alt det inneb\u00e6rer. Men jeg er ikke s\u00e5 veldig \u00absvensk\u00bb selv, men heldigvis kan man alltid gj\u00f8re sine egne ting i \u00abgutterommet\u00bb, som i mitt tilfelle er tatoveringsstudioet. Der f\u00f8ler man seg alltid som en h\u00e5nd i en hanske. Der passer alle inn, og alle er velkomne!!! Jeg har hatt et privat studio i omtrent 12 \u00e5r n\u00e5. Der tatoverer jeg kun etter avtale, ingen drop-ins. Jeg har elsket tatoveringer siden jeg var 6 \u00e5r gammel og er takknemlig for alle kundene som fortsetter \u00e5 komme, b\u00e5de de som bor i kommunen og de som flyr fra fjerne steder for \u00e5 bli merket med min blekk. Alle kunder er viktige. Sm\u00e5 navnetatoveringer s\u00e5 vel som store ryggprosjekter. Jeg gj\u00f8r alt jeg f\u00f8ler jeg kan h\u00e5ndtere! Tross alt er jeg tatoveringskunstner. Hvis du vil ha en stor svart prikk som dekker halve l\u00e5ret ditt, er det greit for meg. Det f\u00f8les som om jeg er heldig, men det man har, kommer egentlig fra mange \u00e5rs hardt arbeid. \u00c5 bygge en sterk kundebase er noe som krever arbeid. Tatoveringsjobben er ikke s\u00e5 rock &#x27;n roll som mange tror. Det er nesten en 24\/7-jobb. Men friheten veier opp for det. Friheten til \u00e5 kunne velge hvordan og n\u00e5r jeg skal jobbe. I tillegg til at jeg elsker det jeg gj\u00f8r! Tatoveringer er rett og slett det beste \ud83d\ude02\ud83d\udc4d Ta kontakt med Mattias: Du finner meg og alle mine tradisjonelle arbeider p\u00e5 sosiale medier Instagram: @straydogstattoo Studio: @straydogstattoo Adresse: G\u00f6teborg \/ Kung\u00e4lv","og_url":"https:\/\/likeink.com\/no\/faketatureringar\/flash-bite-me-av-matt-machine-hos-straydogs-tattoo\/","og_site_name":"Like ink","article_publisher":"https:\/\/www.facebook.com\/LikeInkSe","article_modified_time":"2026-01-30T11:36:28+00:00","og_image":[{"width":600,"height":422,"url":"https:\/\/likeink.com\/wp-content\/uploads\/2023\/04\/MattMachine-BiteMe-Likeink-Faketattoos.png","type":"image\/png"}],"twitter_card":"summary_large_image","schema":{"@context":"https:\/\/schema.org","@graph":[{"@type":"WebPage","@id":"https:\/\/likeink.com\/no\/faketatureringar\/flash-bite-me-av-matt-machine-hos-straydogs-tattoo\/","url":"https:\/\/likeink.com\/no\/faketatureringar\/flash-bite-me-av-matt-machine-hos-straydogs-tattoo\/","name":"Flash Bite Me \u2013 tatoveringer fra Matt Machine hos Stray Dogs Tattoo - Like ink","isPartOf":{"@id":"https:\/\/likeink.com\/no\/#website"},"primaryImageOfPage":{"@id":"https:\/\/likeink.com\/no\/faketatureringar\/flash-bite-me-av-matt-machine-hos-straydogs-tattoo\/#primaryimage"},"image":{"@id":"https:\/\/likeink.com\/no\/faketatureringar\/flash-bite-me-av-matt-machine-hos-straydogs-tattoo\/#primaryimage"},"thumbnailUrl":"https:\/\/likeink.com\/wp-content\/uploads\/2023\/04\/MattMachine-BiteMe-Likeink-Faketattoos.png","datePublished":"2025-12-15T09:35:02+00:00","dateModified":"2026-01-30T11:36:28+00:00","description":"Flash Bite Me \u2013 ark med midlertidige tatoveringer fra Matt hos Stray Dogs Tattoo! H\u00e5per du liker dem! Gratis og rask frakt! - Like ink","breadcrumb":{"@id":"https:\/\/likeink.com\/no\/faketatureringar\/flash-bite-me-av-matt-machine-hos-straydogs-tattoo\/#breadcrumb"},"inLanguage":"nb-NO","potentialAction":[{"@type":"ReadAction","target":["https:\/\/likeink.com\/no\/faketatureringar\/flash-bite-me-av-matt-machine-hos-straydogs-tattoo\/"]}]},{"@type":"ImageObject","inLanguage":"nb-NO","@id":"https:\/\/likeink.com\/no\/faketatureringar\/flash-bite-me-av-matt-machine-hos-straydogs-tattoo\/#primaryimage","url":"https:\/\/likeink.com\/wp-content\/uploads\/2023\/04\/MattMachine-BiteMe-Likeink-Faketattoos.png","contentUrl":"https:\/\/likeink.com\/wp-content\/uploads\/2023\/04\/MattMachine-BiteMe-Likeink-Faketattoos.png","width":600,"height":422,"caption":"Stray Dogs Tattoo Flash Tattoos - Fake Tattoo - Like ink"},{"@type":"BreadcrumbList","@id":"https:\/\/likeink.com\/no\/faketatureringar\/flash-bite-me-av-matt-machine-hos-straydogs-tattoo\/#breadcrumb","itemListElement":[{"@type":"ListItem","position":1,"name":"Hem","item":"https:\/\/likeink.com\/no\/"},{"@type":"ListItem","position":2,"name":"Butikk","item":"https:\/\/likeink.com\/no\/butikk\/"},{"@type":"ListItem","position":3,"name":"Flash \u00abBite Me\u00bb av Matt Machine hos Straydogs Tattoo"}]},{"@type":"WebSite","@id":"https:\/\/likeink.com\/no\/#website","url":"https:\/\/likeink.com\/no\/","name":"Like ink","description":"Make your own custom design","potentialAction":[{"@type":"SearchAction","target":{"@type":"EntryPoint","urlTemplate":"https:\/\/likeink.com\/no\/?s={search_term_string}"},"query-input":{"@type":"PropertyValueSpecification","valueRequired":true,"valueName":"search_term_string"}}],"inLanguage":"nb-NO"}]}},"_links":{"self":[{"href":"https:\/\/likeink.com\/no\/wp-json\/wp\/v2\/product\/54278","targetHints":{"allow":["GET"]}}],"collection":[{"href":"https:\/\/likeink.com\/no\/wp-json\/wp\/v2\/product"}],"about":[{"href":"https:\/\/likeink.com\/no\/wp-json\/wp\/v2\/types\/product"}],"wp:featuredmedia":[{"embeddable":true,"href":"https:\/\/likeink.com\/no\/wp-json\/wp\/v2\/media\/54279"}],"wp:attachment":[{"href":"https:\/\/likeink.com\/no\/wp-json\/wp\/v2\/media?parent=54278"}],"wp:term":[{"taxonomy":"product_brand","embeddable":true,"href":"https:\/\/likeink.com\/no\/wp-json\/wp\/v2\/product_brand?post=54278"},{"taxonomy":"product_cat","embeddable":true,"href":"https:\/\/likeink.com\/no\/wp-json\/wp\/v2\/product_cat?post=54278"},{"taxonomy":"product_tag","embeddable":true,"href":"https:\/\/likeink.com\/no\/wp-json\/wp\/v2\/product_tag?post=54278"}],"curies":[{"name":"wp","href":"https:\/\/api.w.org\/{rel}","templated":true}]}}