{"id":54288,"date":"2023-03-31T18:10:09","date_gmt":"2025-12-15T09:35:08","guid":{"rendered":"https:\/\/likeink.com\/gnuggis\/flash-grim-reaper-av-kain-hos-zoi-tattoo-a5\/"},"modified":"2026-04-27T14:38:03","modified_gmt":"2026-04-27T14:38:03","slug":"flash-grim-reaper-av-kain-hos-zoi-tattoo-a5","status":"publish","type":"product","link":"https:\/\/likeink.com\/no\/faketatureringar\/flash-grim-reaper-av-kain-hos-zoi-tattoo-a5\/","title":{"rendered":"Flash \u00abGrim Reaper\u00bb av Kain hos Zoi Tattoo"},"content":{"rendered":"","protected":false},"excerpt":{"rendered":"<p>V\u00e5re ferdige engangsark med midlertidige tatoveringer er 20\u00d714 cm store og fylt med designet du ser p\u00e5 bildet. Vi trykker og sender arket innen 24 timer etter at du har bestilt.<\/p>\n<h2>Bestill midlertidige tatoveringer med leiemannen, slange og hodeskalle<\/h2>\n<p>Dette arket er designet av den talentfulle tatov\u00f8ren Kain Toro hos Zoi Tattoo.<\/p>\n<p><strong>Dette er Kain:<\/strong> En sv\u00e6rt talentfull tatov\u00f8r fra Colombia som jobber hos Zoi Tattoo i Malm\u00f6, Sverige. Kain elsker black and grey, hodeskaller og rock n roll. For noen \u00e5r siden tatoverte Kain et anker p\u00e5 underarmen min. Jeg ble imponert over hvor raskt han tatoverte, hvor fine linjene ble og hans sans for detaljer.<br \/>\nVi er veldig glade for \u00e5 kunne tilby noen av Kains design som midlertidige tatoveringer!<\/p>\n<p><strong>Ta kontakt med Kain:<\/strong><\/p>\n<p><strong>Instagram:<\/strong><\/p>\n<p>@6kain6<\/p>\n<p><strong>Studio:<\/strong><\/p>\n<p>Zoi Tattoo<\/p>\n<p><strong>Adresse:<\/strong><\/p>\n<p>Stora Nygatan 42, MALM\u00d6<\/p>\n<p><strong>Hjemmeside:<\/strong> https:\/\/www.zoitattoo.com<\/p>\n","protected":false},"featured_media":54289,"template":"","meta":[],"product_brand":[],"product_cat":[365,505],"product_tag":[],"class_list":{"0":"post-54288","1":"product","2":"type-product","3":"status-publish","4":"has-post-thumbnail","6":"product_cat-ferdige-ark","7":"product_cat-samarbeid-med-tatovorer","9":"first","10":"instock","11":"taxable","12":"shipping-taxable","13":"purchasable","14":"product-type-simple"},"yoast_head":"<!-- This site is optimized with the Yoast SEO Premium plugin v27.5 (Yoast SEO v27.6) - https:\/\/yoast.com\/product\/yoast-seo-premium-wordpress\/ -->\n<title>Grim Reaper-tatovering: Flash \u00abGrim Reaper\u00bb av Kain hos Zoi Tattoo A5 - Like ink<\/title>\n<meta name=\"description\" content=\"Grim Reaper-tatovering: sammen med hodeskalle- og slangedesign fra den talentfulle tatoveringskunstneren Kain fra Zoi Tattoo i Sverige. - Like ink\" \/>\n<meta name=\"robots\" content=\"index, follow, max-snippet:-1, max-image-preview:large, max-video-preview:-1\" \/>\n<link rel=\"canonical\" href=\"https:\/\/likeink.com\/no\/faketatureringar\/flash-grim-reaper-av-kain-hos-zoi-tattoo-a5\/\" \/>\n<meta property=\"og:locale\" content=\"nb_NO\" \/>\n<meta property=\"og:type\" content=\"article\" \/>\n<meta property=\"og:title\" content=\"Flash \u00abGrim Reaper\u00bb av Kain hos Zoi Tattoo\" \/>\n<meta property=\"og:description\" content=\"V\u00e5re ferdige engangsark med midlertidige tatoveringer er 20\u00d714 cm store og fylt med designet du ser p\u00e5 bildet. Vi trykker og sender arket innen 24 timer etter at du har bestilt. Bestill midlertidige tatoveringer med leiemannen, slange og hodeskalle Dette arket er designet av den talentfulle tatov\u00f8ren Kain Toro hos Zoi Tattoo.  Dette er Kain: En sv\u00e6rt talentfull tatov\u00f8r fra Colombia som jobber hos Zoi Tattoo i Malm\u00f6, Sverige. Kain elsker black and grey, hodeskaller og rock n roll. For noen \u00e5r siden tatoverte Kain et anker p\u00e5 underarmen min. Jeg ble imponert over hvor raskt han tatoverte, hvor fine linjene ble og hans sans for detaljer. Vi er veldig glade for \u00e5 kunne tilby noen av Kains design som midlertidige tatoveringer!  Ta kontakt med Kain:  Instagram:  @6kain6  Studio:  Zoi Tattoo  Adresse:  Stora Nygatan 42, MALM\u00d6  Hjemmeside: https:\/\/www.zoitattoo.com\" \/>\n<meta property=\"og:url\" content=\"https:\/\/likeink.com\/no\/faketatureringar\/flash-grim-reaper-av-kain-hos-zoi-tattoo-a5\/\" \/>\n<meta property=\"og:site_name\" content=\"Like ink\" \/>\n<meta property=\"article:publisher\" content=\"https:\/\/www.facebook.com\/LikeInkSe\" \/>\n<meta property=\"article:modified_time\" content=\"2026-04-27T14:38:03+00:00\" \/>\n<meta property=\"og:image\" content=\"https:\/\/likeink.com\/wp-content\/uploads\/2023\/03\/Kain-Liemannen-Tatuering-Likeink.jpg\" \/>\n\t<meta property=\"og:image:width\" content=\"1100\" \/>\n\t<meta property=\"og:image:height\" content=\"775\" \/>\n\t<meta property=\"og:image:type\" content=\"image\/jpeg\" \/>\n<meta name=\"twitter:card\" content=\"summary_large_image\" \/>\n<meta name=\"twitter:label1\" content=\"Ansl. lesetid\" \/>\n\t<meta name=\"twitter:data1\" content=\"1 minutt\" \/>\n<!-- \/ Yoast SEO Premium plugin. -->","yoast_head_json":{"title":"Grim Reaper-tatovering: Flash \u00abGrim Reaper\u00bb av Kain hos Zoi Tattoo A5 - Like ink","description":"Grim Reaper-tatovering: sammen med hodeskalle- og slangedesign fra den talentfulle tatoveringskunstneren Kain fra Zoi Tattoo i Sverige. - Like ink","robots":{"index":"index","follow":"follow","max-snippet":"max-snippet:-1","max-image-preview":"max-image-preview:large","max-video-preview":"max-video-preview:-1"},"canonical":"https:\/\/likeink.com\/no\/faketatureringar\/flash-grim-reaper-av-kain-hos-zoi-tattoo-a5\/","og_locale":"nb_NO","og_type":"article","og_title":"Flash \u00abGrim Reaper\u00bb av Kain hos Zoi Tattoo","og_description":"V\u00e5re ferdige engangsark med midlertidige tatoveringer er 20\u00d714 cm store og fylt med designet du ser p\u00e5 bildet. Vi trykker og sender arket innen 24 timer etter at du har bestilt. Bestill midlertidige tatoveringer med leiemannen, slange og hodeskalle Dette arket er designet av den talentfulle tatov\u00f8ren Kain Toro hos Zoi Tattoo.  Dette er Kain: En sv\u00e6rt talentfull tatov\u00f8r fra Colombia som jobber hos Zoi Tattoo i Malm\u00f6, Sverige. Kain elsker black and grey, hodeskaller og rock n roll. For noen \u00e5r siden tatoverte Kain et anker p\u00e5 underarmen min. Jeg ble imponert over hvor raskt han tatoverte, hvor fine linjene ble og hans sans for detaljer. Vi er veldig glade for \u00e5 kunne tilby noen av Kains design som midlertidige tatoveringer!  Ta kontakt med Kain:  Instagram:  @6kain6  Studio:  Zoi Tattoo  Adresse:  Stora Nygatan 42, MALM\u00d6  Hjemmeside: https:\/\/www.zoitattoo.com","og_url":"https:\/\/likeink.com\/no\/faketatureringar\/flash-grim-reaper-av-kain-hos-zoi-tattoo-a5\/","og_site_name":"Like ink","article_publisher":"https:\/\/www.facebook.com\/LikeInkSe","article_modified_time":"2026-04-27T14:38:03+00:00","og_image":[{"width":1100,"height":775,"url":"https:\/\/likeink.com\/wp-content\/uploads\/2023\/03\/Kain-Liemannen-Tatuering-Likeink.jpg","type":"image\/jpeg"}],"twitter_card":"summary_large_image","twitter_misc":{"Ansl. lesetid":"1 minutt"},"schema":{"@context":"https:\/\/schema.org","@graph":[{"@type":"WebPage","@id":"https:\/\/likeink.com\/no\/faketatureringar\/flash-grim-reaper-av-kain-hos-zoi-tattoo-a5\/","url":"https:\/\/likeink.com\/no\/faketatureringar\/flash-grim-reaper-av-kain-hos-zoi-tattoo-a5\/","name":"Grim Reaper-tatovering: Flash \u00abGrim Reaper\u00bb av Kain hos Zoi Tattoo A5 - Like ink","isPartOf":{"@id":"https:\/\/likeink.com\/no\/#website"},"primaryImageOfPage":{"@id":"https:\/\/likeink.com\/no\/faketatureringar\/flash-grim-reaper-av-kain-hos-zoi-tattoo-a5\/#primaryimage"},"image":{"@id":"https:\/\/likeink.com\/no\/faketatureringar\/flash-grim-reaper-av-kain-hos-zoi-tattoo-a5\/#primaryimage"},"thumbnailUrl":"https:\/\/likeink.com\/wp-content\/uploads\/2023\/03\/Kain-Liemannen-Tatuering-Likeink.jpg","datePublished":"2025-12-15T09:35:08+00:00","dateModified":"2026-04-27T14:38:03+00:00","description":"Grim Reaper-tatovering: sammen med hodeskalle- og slangedesign fra den talentfulle tatoveringskunstneren Kain fra Zoi Tattoo i Sverige. - Like ink","breadcrumb":{"@id":"https:\/\/likeink.com\/no\/faketatureringar\/flash-grim-reaper-av-kain-hos-zoi-tattoo-a5\/#breadcrumb"},"inLanguage":"nb-NO","potentialAction":[{"@type":"ReadAction","target":["https:\/\/likeink.com\/no\/faketatureringar\/flash-grim-reaper-av-kain-hos-zoi-tattoo-a5\/"]}]},{"@type":"ImageObject","inLanguage":"nb-NO","@id":"https:\/\/likeink.com\/no\/faketatureringar\/flash-grim-reaper-av-kain-hos-zoi-tattoo-a5\/#primaryimage","url":"https:\/\/likeink.com\/wp-content\/uploads\/2023\/03\/Kain-Liemannen-Tatuering-Likeink.jpg","contentUrl":"https:\/\/likeink.com\/wp-content\/uploads\/2023\/03\/Kain-Liemannen-Tatuering-Likeink.jpg","width":1100,"height":775,"caption":"Tattoos of tattoo artist Liemannen's skull."},{"@type":"BreadcrumbList","@id":"https:\/\/likeink.com\/no\/faketatureringar\/flash-grim-reaper-av-kain-hos-zoi-tattoo-a5\/#breadcrumb","itemListElement":[{"@type":"ListItem","position":1,"name":"Hem","item":"https:\/\/likeink.com\/no\/"},{"@type":"ListItem","position":2,"name":"Butikk","item":"https:\/\/likeink.com\/no\/butikk\/"},{"@type":"ListItem","position":3,"name":"Flash \u00abGrim Reaper\u00bb av Kain hos Zoi Tattoo"}]},{"@type":"WebSite","@id":"https:\/\/likeink.com\/no\/#website","url":"https:\/\/likeink.com\/no\/","name":"Like ink","description":"Make your own custom design","potentialAction":[{"@type":"SearchAction","target":{"@type":"EntryPoint","urlTemplate":"https:\/\/likeink.com\/no\/?s={search_term_string}"},"query-input":{"@type":"PropertyValueSpecification","valueRequired":true,"valueName":"search_term_string"}}],"inLanguage":"nb-NO"}]}},"_links":{"self":[{"href":"https:\/\/likeink.com\/no\/wp-json\/wp\/v2\/product\/54288","targetHints":{"allow":["GET"]}}],"collection":[{"href":"https:\/\/likeink.com\/no\/wp-json\/wp\/v2\/product"}],"about":[{"href":"https:\/\/likeink.com\/no\/wp-json\/wp\/v2\/types\/product"}],"wp:featuredmedia":[{"embeddable":true,"href":"https:\/\/likeink.com\/no\/wp-json\/wp\/v2\/media\/54289"}],"wp:attachment":[{"href":"https:\/\/likeink.com\/no\/wp-json\/wp\/v2\/media?parent=54288"}],"wp:term":[{"taxonomy":"product_brand","embeddable":true,"href":"https:\/\/likeink.com\/no\/wp-json\/wp\/v2\/product_brand?post=54288"},{"taxonomy":"product_cat","embeddable":true,"href":"https:\/\/likeink.com\/no\/wp-json\/wp\/v2\/product_cat?post=54288"},{"taxonomy":"product_tag","embeddable":true,"href":"https:\/\/likeink.com\/no\/wp-json\/wp\/v2\/product_tag?post=54288"}],"curies":[{"name":"wp","href":"https:\/\/api.w.org\/{rel}","templated":true}]}}