{"id":54292,"date":"2023-02-15T13:37:53","date_gmt":"2025-12-15T09:35:10","guid":{"rendered":"https:\/\/likeink.com\/gnuggis\/mike-tyson-ansiktstatoveringer-a5\/"},"modified":"2026-03-16T20:42:28","modified_gmt":"2026-03-16T20:42:28","slug":"mike-tyson-ansiktstatoveringer-a5","status":"publish","type":"product","link":"https:\/\/likeink.com\/no\/faketatureringar\/mike-tyson-ansiktstatoveringer-a5\/","title":{"rendered":"Mike Tyson ansiktstatoveringer"},"content":{"rendered":"","protected":false},"excerpt":{"rendered":"<p>Som blekk Vi presenterer Mike Tyson Face Temporary Tattoo \u2013 den perfekte m\u00e5ten \u00e5 vise din kj\u00e6rlighet og beundring for en av tidenes st\u00f8rste boksere!<br \/>\nDenne midlertidige tatoveringen er laget av h\u00f8ykvalitets, hudvennlige materialer og har en illustrasjon av Mike Tysons ikoniske ansiktstatovering.<\/p>\n<h2>Bestill Mike Tyson midlertidig ansiktstatovering online<\/h2>\n<p>Denne tatoveringen er perfekt for sportsbegivenheter, fester eller bare som et morsomt tillegg til din daglige stil. Den er ogs\u00e5 vanntett og langvarig, slik at du kan nyte din Mike Tyson Face Temporary Tattoo i flere dager.<\/p>\n<p>S\u00e5 enten du er en innbitt Tyson-fan eller bare p\u00e5 jakt etter et unikt og i\u00f8ynefallende tilbeh\u00f8r, er Mike Tyson Face Temporary Tattoo det perfekte valget! Kj\u00f8p din i dag og vis din kj\u00e6rlighet til mesteren!<\/p>\n<p>Arkst\u00f8rrelse: A5<br \/>\nAntall tatoveringer: 6<br \/>\nSt\u00f8rste Tyson Face Tattoo: 12X9 cm<\/p>\n","protected":false},"featured_media":54293,"template":"","meta":[],"product_brand":[],"product_cat":[365,518],"product_tag":[],"class_list":{"0":"post-54292","1":"product","2":"type-product","3":"status-publish","4":"has-post-thumbnail","6":"product_cat-ferdige-ark","7":"product_cat-maskerade-sesong","9":"first","10":"instock","11":"taxable","12":"shipping-taxable","13":"purchasable","14":"product-type-simple"},"yoast_head":"<!-- This site is optimized with the Yoast SEO Premium plugin v26.2 (Yoast SEO v27.5) - https:\/\/yoast.com\/product\/yoast-seo-premium-wordpress\/ -->\n<title>Mike Tyson ansiktstatoveringer A5 i midlertidige tatoveringer - Like ink<\/title>\n<meta name=\"description\" content=\"Mike Tyson ansiktstatoveringer A5 i forskjellige st\u00f8rrelser. Kj\u00f8p dine midlertidige Tyson-tatoveringer i dag og vis din kj\u00e6rlighet til mesteren! - Like ink\" \/>\n<meta name=\"robots\" content=\"index, follow, max-snippet:-1, max-image-preview:large, max-video-preview:-1\" \/>\n<link rel=\"canonical\" href=\"https:\/\/likeink.com\/no\/faketatureringar\/mike-tyson-ansiktstatoveringer-a5\/\" \/>\n<meta property=\"og:locale\" content=\"nb_NO\" \/>\n<meta property=\"og:type\" content=\"article\" \/>\n<meta property=\"og:title\" content=\"Mike Tyson ansiktstatoveringer\" \/>\n<meta property=\"og:description\" content=\"Som blekk Vi presenterer Mike Tyson Face Temporary Tattoo \u2013 den perfekte m\u00e5ten \u00e5 vise din kj\u00e6rlighet og beundring for en av tidenes st\u00f8rste boksere! Denne midlertidige tatoveringen er laget av h\u00f8ykvalitets, hudvennlige materialer og har en illustrasjon av Mike Tysons ikoniske ansiktstatovering. Bestill Mike Tyson midlertidig ansiktstatovering onlineDenne tatoveringen er perfekt for sportsbegivenheter, fester eller bare som et morsomt tillegg til din daglige stil. Den er ogs\u00e5 vanntett og langvarig, slik at du kan nyte din Mike Tyson Face Temporary Tattoo i flere dager. S\u00e5 enten du er en innbitt Tyson-fan eller bare p\u00e5 jakt etter et unikt og i\u00f8ynefallende tilbeh\u00f8r, er Mike Tyson Face Temporary Tattoo det perfekte valget! Kj\u00f8p din i dag og vis din kj\u00e6rlighet til mesteren! Arkst\u00f8rrelse: A5 Antall tatoveringer: 6 St\u00f8rste Tyson Face Tattoo: 12X9 cm\" \/>\n<meta property=\"og:url\" content=\"https:\/\/likeink.com\/no\/faketatureringar\/mike-tyson-ansiktstatoveringer-a5\/\" \/>\n<meta property=\"og:site_name\" content=\"Like ink\" \/>\n<meta property=\"article:publisher\" content=\"https:\/\/www.facebook.com\/LikeInkSe\" \/>\n<meta property=\"article:modified_time\" content=\"2026-03-16T20:42:28+00:00\" \/>\n<meta property=\"og:image\" content=\"https:\/\/likeink.com\/wp-content\/uploads\/2023\/02\/MikeTyson-FaceTattoos-Likeink.jpg\" \/>\n\t<meta property=\"og:image:width\" content=\"1400\" \/>\n\t<meta property=\"og:image:height\" content=\"986\" \/>\n\t<meta property=\"og:image:type\" content=\"image\/jpeg\" \/>\n<meta name=\"twitter:card\" content=\"summary_large_image\" \/>\n<!-- \/ Yoast SEO Premium plugin. -->","yoast_head_json":{"title":"Mike Tyson ansiktstatoveringer A5 i midlertidige tatoveringer - Like ink","description":"Mike Tyson ansiktstatoveringer A5 i forskjellige st\u00f8rrelser. Kj\u00f8p dine midlertidige Tyson-tatoveringer i dag og vis din kj\u00e6rlighet til mesteren! - Like ink","robots":{"index":"index","follow":"follow","max-snippet":"max-snippet:-1","max-image-preview":"max-image-preview:large","max-video-preview":"max-video-preview:-1"},"canonical":"https:\/\/likeink.com\/no\/faketatureringar\/mike-tyson-ansiktstatoveringer-a5\/","og_locale":"nb_NO","og_type":"article","og_title":"Mike Tyson ansiktstatoveringer","og_description":"Som blekk Vi presenterer Mike Tyson Face Temporary Tattoo \u2013 den perfekte m\u00e5ten \u00e5 vise din kj\u00e6rlighet og beundring for en av tidenes st\u00f8rste boksere! Denne midlertidige tatoveringen er laget av h\u00f8ykvalitets, hudvennlige materialer og har en illustrasjon av Mike Tysons ikoniske ansiktstatovering. Bestill Mike Tyson midlertidig ansiktstatovering onlineDenne tatoveringen er perfekt for sportsbegivenheter, fester eller bare som et morsomt tillegg til din daglige stil. Den er ogs\u00e5 vanntett og langvarig, slik at du kan nyte din Mike Tyson Face Temporary Tattoo i flere dager. S\u00e5 enten du er en innbitt Tyson-fan eller bare p\u00e5 jakt etter et unikt og i\u00f8ynefallende tilbeh\u00f8r, er Mike Tyson Face Temporary Tattoo det perfekte valget! Kj\u00f8p din i dag og vis din kj\u00e6rlighet til mesteren! Arkst\u00f8rrelse: A5 Antall tatoveringer: 6 St\u00f8rste Tyson Face Tattoo: 12X9 cm","og_url":"https:\/\/likeink.com\/no\/faketatureringar\/mike-tyson-ansiktstatoveringer-a5\/","og_site_name":"Like ink","article_publisher":"https:\/\/www.facebook.com\/LikeInkSe","article_modified_time":"2026-03-16T20:42:28+00:00","og_image":[{"width":1400,"height":986,"url":"https:\/\/likeink.com\/wp-content\/uploads\/2023\/02\/MikeTyson-FaceTattoos-Likeink.jpg","type":"image\/jpeg"}],"twitter_card":"summary_large_image","schema":{"@context":"https:\/\/schema.org","@graph":[{"@type":"WebPage","@id":"https:\/\/likeink.com\/no\/faketatureringar\/mike-tyson-ansiktstatoveringer-a5\/","url":"https:\/\/likeink.com\/no\/faketatureringar\/mike-tyson-ansiktstatoveringer-a5\/","name":"Mike Tyson ansiktstatoveringer A5 i midlertidige tatoveringer - Like ink","isPartOf":{"@id":"https:\/\/likeink.com\/no\/#website"},"primaryImageOfPage":{"@id":"https:\/\/likeink.com\/no\/faketatureringar\/mike-tyson-ansiktstatoveringer-a5\/#primaryimage"},"image":{"@id":"https:\/\/likeink.com\/no\/faketatureringar\/mike-tyson-ansiktstatoveringer-a5\/#primaryimage"},"thumbnailUrl":"https:\/\/likeink.com\/wp-content\/uploads\/2023\/02\/MikeTyson-FaceTattoos-Likeink.jpg","datePublished":"2025-12-15T09:35:10+00:00","dateModified":"2026-03-16T20:42:28+00:00","description":"Mike Tyson ansiktstatoveringer A5 i forskjellige st\u00f8rrelser. Kj\u00f8p dine midlertidige Tyson-tatoveringer i dag og vis din kj\u00e6rlighet til mesteren! - Like ink","breadcrumb":{"@id":"https:\/\/likeink.com\/no\/faketatureringar\/mike-tyson-ansiktstatoveringer-a5\/#breadcrumb"},"inLanguage":"nb-NO","potentialAction":[{"@type":"ReadAction","target":["https:\/\/likeink.com\/no\/faketatureringar\/mike-tyson-ansiktstatoveringer-a5\/"]}]},{"@type":"ImageObject","inLanguage":"nb-NO","@id":"https:\/\/likeink.com\/no\/faketatureringar\/mike-tyson-ansiktstatoveringer-a5\/#primaryimage","url":"https:\/\/likeink.com\/wp-content\/uploads\/2023\/02\/MikeTyson-FaceTattoos-Likeink.jpg","contentUrl":"https:\/\/likeink.com\/wp-content\/uploads\/2023\/02\/MikeTyson-FaceTattoos-Likeink.jpg","width":1400,"height":986,"caption":"Mike Tyson tattoo."},{"@type":"BreadcrumbList","@id":"https:\/\/likeink.com\/no\/faketatureringar\/mike-tyson-ansiktstatoveringer-a5\/#breadcrumb","itemListElement":[{"@type":"ListItem","position":1,"name":"Hem","item":"https:\/\/likeink.com\/no\/"},{"@type":"ListItem","position":2,"name":"Butikk","item":"https:\/\/likeink.com\/no\/butikk\/"},{"@type":"ListItem","position":3,"name":"Mike Tyson ansiktstatoveringer"}]},{"@type":"WebSite","@id":"https:\/\/likeink.com\/no\/#website","url":"https:\/\/likeink.com\/no\/","name":"Like ink","description":"Make your own custom design","potentialAction":[{"@type":"SearchAction","target":{"@type":"EntryPoint","urlTemplate":"https:\/\/likeink.com\/no\/?s={search_term_string}"},"query-input":{"@type":"PropertyValueSpecification","valueRequired":true,"valueName":"search_term_string"}}],"inLanguage":"nb-NO"}]}},"_links":{"self":[{"href":"https:\/\/likeink.com\/no\/wp-json\/wp\/v2\/product\/54292","targetHints":{"allow":["GET"]}}],"collection":[{"href":"https:\/\/likeink.com\/no\/wp-json\/wp\/v2\/product"}],"about":[{"href":"https:\/\/likeink.com\/no\/wp-json\/wp\/v2\/types\/product"}],"wp:featuredmedia":[{"embeddable":true,"href":"https:\/\/likeink.com\/no\/wp-json\/wp\/v2\/media\/54293"}],"wp:attachment":[{"href":"https:\/\/likeink.com\/no\/wp-json\/wp\/v2\/media?parent=54292"}],"wp:term":[{"taxonomy":"product_brand","embeddable":true,"href":"https:\/\/likeink.com\/no\/wp-json\/wp\/v2\/product_brand?post=54292"},{"taxonomy":"product_cat","embeddable":true,"href":"https:\/\/likeink.com\/no\/wp-json\/wp\/v2\/product_cat?post=54292"},{"taxonomy":"product_tag","embeddable":true,"href":"https:\/\/likeink.com\/no\/wp-json\/wp\/v2\/product_tag?post=54292"}],"curies":[{"name":"wp","href":"https:\/\/api.w.org\/{rel}","templated":true}]}}