{"id":54296,"date":"2022-11-11T18:38:29","date_gmt":"2025-12-15T09:35:12","guid":{"rendered":"https:\/\/likeink.com\/gnuggis\/flash-colour-tattoos-av-malin-carper-hos-bad-mood-tattoo\/"},"modified":"2026-01-30T11:36:42","modified_gmt":"2026-01-30T11:36:42","slug":"flash-colour-tattoos-av-malin-carper-hos-bad-mood-tattoo","status":"publish","type":"product","link":"https:\/\/likeink.com\/no\/faketatureringar\/flash-colour-tattoos-av-malin-carper-hos-bad-mood-tattoo\/","title":{"rendered":"Flash \u00abColour Tattoos\u00bb av Malin Carper hos Bad Mood Tattoo"},"content":{"rendered":"","protected":false},"excerpt":{"rendered":"<p>Like ink&#x27;s ferdige midlertidige tatoveringsark er 20 x 14 cm store og fylt med motivet du ser p\u00e5 bildet. Vi trykker og sender tatoveringsarket ditt innen 24 timer.<\/p>\n<h2>Bestill midlertidige tatoveringer designet av tatoveringskunstneren Malin Carper<\/h2>\n<p>Dette arket er designet av den talentfulle tatoveringskunstneren Malin Carper hos Bad Mood Tattoo i Helsingborg, Sverige. Vi er glade for \u00e5 kunne tilby kunst fra Malin, som er en av de mest fantastiske tatoveringskunstnerne vi har sett! Bestill et ark med midlertidige tatoveringer for \u00e5 b\u00e6re hennes kunst i et par dager, og hvis du vil ha en ekte tatovering, kan du ta en titt p\u00e5 Malins Instagram.<\/p>\n<p><strong>Dette er Malin:<\/strong><br \/>\nJeg heter Malin Carper, kommer opprinnelig fra Arboga og jobber n\u00e5 hos Bad Mood Tattoo i Helsingborg. Jeg foretrekker \u00e5 jobbe med fargerealisme med et snev av abstrakt.<br \/>\nJeg har v\u00e6rt i tatoveringsbransjen siden 2010, og i l\u00f8pet av alle disse \u00e5rene har jeg reist til mange spennende steder, jobbet som gjest hos andre tatoveringskunstnere, tatovert p\u00e5 tatoveringsmesser, tatovert musikere og m\u00f8tt s\u00e5 mange gode venner! Jeg kunne ikke ha \u00f8nsket meg noe bedre! H\u00e5per du liker mine sm\u00e5 flash-motiver, noen av dem er allerede tatovert.<\/p>\n<p>Alt godt!<\/p>\n<p>Malin<\/p>\n<p>Arkst\u00f8rrelse: A5<br \/>\nSt\u00f8rrelse p\u00e5 tatoveringer: Det st\u00f8rste motivet er 135 x 50 mm og det minste 38 x 18 mm<strong>.<\/p>\n<p>Ta kontakt med Malin: Instagram:<\/strong><br \/>\n@malincarper<\/p>\n<p><strong>Studio:<\/strong><br \/>\nBad Mood Tattoo<\/p>\n<p><strong>Adresse:<\/strong><br \/>\nNedre L\u00e5ngvinkelsgatan 17, 25220 Helsingborg<\/p>\n<p><strong>Nettside:<\/strong><br \/>\ncarperink.se<\/p>\n","protected":false},"featured_media":54297,"template":"","meta":[],"product_brand":[],"product_cat":[365,370],"product_tag":[],"class_list":{"0":"post-54296","1":"product","2":"type-product","3":"status-publish","4":"has-post-thumbnail","6":"product_cat-ferdige-ark","7":"product_cat-samarbeid-med-tatoveringskunstnere","9":"first","10":"instock","11":"taxable","12":"shipping-taxable","13":"purchasable","14":"product-type-simple"},"yoast_head":"<!-- This site is optimized with the Yoast SEO Premium plugin v26.2 (Yoast SEO v27.4) - https:\/\/yoast.com\/product\/yoast-seo-premium-wordpress\/ -->\n<title>Fargetatoveringer Malin Carper I Midlertidige fargetatoveringer - Like ink<\/title>\n<meta name=\"description\" content=\"Tatoveringsark med fargede tatoveringer designet av tatoveringskunstneren Malin Carper hos Bad Mood Tattoo! Gratis frakt! - Like ink\" \/>\n<meta name=\"robots\" content=\"index, follow, max-snippet:-1, max-image-preview:large, max-video-preview:-1\" \/>\n<link rel=\"canonical\" href=\"https:\/\/likeink.com\/no\/faketatureringar\/flash-colour-tattoos-av-malin-carper-hos-bad-mood-tattoo\/\" \/>\n<meta property=\"og:locale\" content=\"nb_NO\" \/>\n<meta property=\"og:type\" content=\"article\" \/>\n<meta property=\"og:title\" content=\"Flash \u00abColour Tattoos\u00bb av Malin Carper hos Bad Mood Tattoo\" \/>\n<meta property=\"og:description\" content=\"Like ink&#x27;s ferdige midlertidige tatoveringsark er 20 x 14 cm store og fylt med motivet du ser p\u00e5 bildet. Vi trykker og sender tatoveringsarket ditt innen 24 timer. Bestill midlertidige tatoveringer designet av tatoveringskunstneren Malin CarperDette arket er designet av den talentfulle tatoveringskunstneren Malin Carper hos Bad Mood Tattoo i Helsingborg, Sverige. Vi er glade for \u00e5 kunne tilby kunst fra Malin, som er en av de mest fantastiske tatoveringskunstnerne vi har sett! Bestill et ark med midlertidige tatoveringer for \u00e5 b\u00e6re hennes kunst i et par dager, og hvis du vil ha en ekte tatovering, kan du ta en titt p\u00e5 Malins Instagram. Dette er Malin: Jeg heter Malin Carper, kommer opprinnelig fra Arboga og jobber n\u00e5 hos Bad Mood Tattoo i Helsingborg. Jeg foretrekker \u00e5 jobbe med fargerealisme med et snev av abstrakt. Jeg har v\u00e6rt i tatoveringsbransjen siden 2010, og i l\u00f8pet av alle disse \u00e5rene har jeg reist til mange spennende steder, jobbet som gjest hos andre tatoveringskunstnere, tatovert p\u00e5 tatoveringsmesser, tatovert musikere og m\u00f8tt s\u00e5 mange gode venner! Jeg kunne ikke ha \u00f8nsket meg noe bedre! H\u00e5per du liker mine sm\u00e5 flash-motiver, noen av dem er allerede tatovert. Alt godt! Malin Arkst\u00f8rrelse: A5 St\u00f8rrelse p\u00e5 tatoveringer: Det st\u00f8rste motivet er 135 x 50 mm og det minste 38 x 18 mm. Ta kontakt med Malin: Instagram: @malincarper Studio: Bad Mood Tattoo Adresse: Nedre L\u00e5ngvinkelsgatan 17, 25220 Helsingborg Nettside: carperink.se\" \/>\n<meta property=\"og:url\" content=\"https:\/\/likeink.com\/no\/faketatureringar\/flash-colour-tattoos-av-malin-carper-hos-bad-mood-tattoo\/\" \/>\n<meta property=\"og:site_name\" content=\"Like ink\" \/>\n<meta property=\"article:publisher\" content=\"https:\/\/www.facebook.com\/LikeInkSe\" \/>\n<meta property=\"article:modified_time\" content=\"2026-01-30T11:36:42+00:00\" \/>\n<meta property=\"og:image\" content=\"https:\/\/likeink.com\/wp-content\/uploads\/2022\/11\/MalinCarper_Tatuerare_ColorTattoos_Likeink.jpg\" \/>\n\t<meta property=\"og:image:width\" content=\"1500\" \/>\n\t<meta property=\"og:image:height\" content=\"1057\" \/>\n\t<meta property=\"og:image:type\" content=\"image\/jpeg\" \/>\n<meta name=\"twitter:card\" content=\"summary_large_image\" \/>\n<script type=\"application\/ld+json\" class=\"yoast-schema-graph\">{\"@context\":\"https:\\\/\\\/schema.org\",\"@graph\":[{\"@type\":\"WebPage\",\"@id\":\"https:\\\/\\\/likeink.com\\\/no\\\/faketatureringar\\\/flash-colour-tattoos-av-malin-carper-hos-bad-mood-tattoo\\\/\",\"url\":\"https:\\\/\\\/likeink.com\\\/no\\\/faketatureringar\\\/flash-colour-tattoos-av-malin-carper-hos-bad-mood-tattoo\\\/\",\"name\":\"Fargetatoveringer Malin Carper I Midlertidige fargetatoveringer - Like ink\",\"isPartOf\":{\"@id\":\"https:\\\/\\\/likeink.com\\\/no\\\/#website\"},\"primaryImageOfPage\":{\"@id\":\"https:\\\/\\\/likeink.com\\\/no\\\/faketatureringar\\\/flash-colour-tattoos-av-malin-carper-hos-bad-mood-tattoo\\\/#primaryimage\"},\"image\":{\"@id\":\"https:\\\/\\\/likeink.com\\\/no\\\/faketatureringar\\\/flash-colour-tattoos-av-malin-carper-hos-bad-mood-tattoo\\\/#primaryimage\"},\"thumbnailUrl\":\"https:\\\/\\\/likeink.com\\\/wp-content\\\/uploads\\\/2022\\\/11\\\/MalinCarper_Tatuerare_ColorTattoos_Likeink.jpg\",\"datePublished\":\"2025-12-15T09:35:12+00:00\",\"dateModified\":\"2026-01-30T11:36:42+00:00\",\"description\":\"Tatoveringsark med fargede tatoveringer designet av tatoveringskunstneren Malin Carper hos Bad Mood Tattoo! Gratis frakt! - Like ink\",\"breadcrumb\":{\"@id\":\"https:\\\/\\\/likeink.com\\\/no\\\/faketatureringar\\\/flash-colour-tattoos-av-malin-carper-hos-bad-mood-tattoo\\\/#breadcrumb\"},\"inLanguage\":\"nb-NO\",\"potentialAction\":[{\"@type\":\"ReadAction\",\"target\":[\"https:\\\/\\\/likeink.com\\\/no\\\/faketatureringar\\\/flash-colour-tattoos-av-malin-carper-hos-bad-mood-tattoo\\\/\"]}]},{\"@type\":\"ImageObject\",\"inLanguage\":\"nb-NO\",\"@id\":\"https:\\\/\\\/likeink.com\\\/no\\\/faketatureringar\\\/flash-colour-tattoos-av-malin-carper-hos-bad-mood-tattoo\\\/#primaryimage\",\"url\":\"https:\\\/\\\/likeink.com\\\/wp-content\\\/uploads\\\/2022\\\/11\\\/MalinCarper_Tatuerare_ColorTattoos_Likeink.jpg\",\"contentUrl\":\"https:\\\/\\\/likeink.com\\\/wp-content\\\/uploads\\\/2022\\\/11\\\/MalinCarper_Tatuerare_ColorTattoos_Likeink.jpg\",\"width\":1500,\"height\":1057,\"caption\":\"Flower tattoo fake tattoos Like ink.\"},{\"@type\":\"BreadcrumbList\",\"@id\":\"https:\\\/\\\/likeink.com\\\/no\\\/faketatureringar\\\/flash-colour-tattoos-av-malin-carper-hos-bad-mood-tattoo\\\/#breadcrumb\",\"itemListElement\":[{\"@type\":\"ListItem\",\"position\":1,\"name\":\"Hem\",\"item\":\"https:\\\/\\\/likeink.com\\\/no\\\/\"},{\"@type\":\"ListItem\",\"position\":2,\"name\":\"Butikk\",\"item\":\"https:\\\/\\\/likeink.com\\\/no\\\/butikk\\\/\"},{\"@type\":\"ListItem\",\"position\":3,\"name\":\"Flash \u00abColour Tattoos\u00bb av Malin Carper hos Bad Mood Tattoo\"}]},{\"@type\":\"WebSite\",\"@id\":\"https:\\\/\\\/likeink.com\\\/no\\\/#website\",\"url\":\"https:\\\/\\\/likeink.com\\\/no\\\/\",\"name\":\"Like ink\",\"description\":\"Make your own custom design\",\"potentialAction\":[{\"@type\":\"SearchAction\",\"target\":{\"@type\":\"EntryPoint\",\"urlTemplate\":\"https:\\\/\\\/likeink.com\\\/no\\\/?s={search_term_string}\"},\"query-input\":{\"@type\":\"PropertyValueSpecification\",\"valueRequired\":true,\"valueName\":\"search_term_string\"}}],\"inLanguage\":\"nb-NO\"}]}<\/script>\n<!-- \/ Yoast SEO Premium plugin. -->","yoast_head_json":{"title":"Fargetatoveringer Malin Carper I Midlertidige fargetatoveringer - Like ink","description":"Tatoveringsark med fargede tatoveringer designet av tatoveringskunstneren Malin Carper hos Bad Mood Tattoo! Gratis frakt! - Like ink","robots":{"index":"index","follow":"follow","max-snippet":"max-snippet:-1","max-image-preview":"max-image-preview:large","max-video-preview":"max-video-preview:-1"},"canonical":"https:\/\/likeink.com\/no\/faketatureringar\/flash-colour-tattoos-av-malin-carper-hos-bad-mood-tattoo\/","og_locale":"nb_NO","og_type":"article","og_title":"Flash \u00abColour Tattoos\u00bb av Malin Carper hos Bad Mood Tattoo","og_description":"Like ink&#x27;s ferdige midlertidige tatoveringsark er 20 x 14 cm store og fylt med motivet du ser p\u00e5 bildet. Vi trykker og sender tatoveringsarket ditt innen 24 timer. Bestill midlertidige tatoveringer designet av tatoveringskunstneren Malin CarperDette arket er designet av den talentfulle tatoveringskunstneren Malin Carper hos Bad Mood Tattoo i Helsingborg, Sverige. Vi er glade for \u00e5 kunne tilby kunst fra Malin, som er en av de mest fantastiske tatoveringskunstnerne vi har sett! Bestill et ark med midlertidige tatoveringer for \u00e5 b\u00e6re hennes kunst i et par dager, og hvis du vil ha en ekte tatovering, kan du ta en titt p\u00e5 Malins Instagram. Dette er Malin: Jeg heter Malin Carper, kommer opprinnelig fra Arboga og jobber n\u00e5 hos Bad Mood Tattoo i Helsingborg. Jeg foretrekker \u00e5 jobbe med fargerealisme med et snev av abstrakt. Jeg har v\u00e6rt i tatoveringsbransjen siden 2010, og i l\u00f8pet av alle disse \u00e5rene har jeg reist til mange spennende steder, jobbet som gjest hos andre tatoveringskunstnere, tatovert p\u00e5 tatoveringsmesser, tatovert musikere og m\u00f8tt s\u00e5 mange gode venner! Jeg kunne ikke ha \u00f8nsket meg noe bedre! H\u00e5per du liker mine sm\u00e5 flash-motiver, noen av dem er allerede tatovert. Alt godt! Malin Arkst\u00f8rrelse: A5 St\u00f8rrelse p\u00e5 tatoveringer: Det st\u00f8rste motivet er 135 x 50 mm og det minste 38 x 18 mm. Ta kontakt med Malin: Instagram: @malincarper Studio: Bad Mood Tattoo Adresse: Nedre L\u00e5ngvinkelsgatan 17, 25220 Helsingborg Nettside: carperink.se","og_url":"https:\/\/likeink.com\/no\/faketatureringar\/flash-colour-tattoos-av-malin-carper-hos-bad-mood-tattoo\/","og_site_name":"Like ink","article_publisher":"https:\/\/www.facebook.com\/LikeInkSe","article_modified_time":"2026-01-30T11:36:42+00:00","og_image":[{"width":1500,"height":1057,"url":"https:\/\/likeink.com\/wp-content\/uploads\/2022\/11\/MalinCarper_Tatuerare_ColorTattoos_Likeink.jpg","type":"image\/jpeg"}],"twitter_card":"summary_large_image","schema":{"@context":"https:\/\/schema.org","@graph":[{"@type":"WebPage","@id":"https:\/\/likeink.com\/no\/faketatureringar\/flash-colour-tattoos-av-malin-carper-hos-bad-mood-tattoo\/","url":"https:\/\/likeink.com\/no\/faketatureringar\/flash-colour-tattoos-av-malin-carper-hos-bad-mood-tattoo\/","name":"Fargetatoveringer Malin Carper I Midlertidige fargetatoveringer - Like ink","isPartOf":{"@id":"https:\/\/likeink.com\/no\/#website"},"primaryImageOfPage":{"@id":"https:\/\/likeink.com\/no\/faketatureringar\/flash-colour-tattoos-av-malin-carper-hos-bad-mood-tattoo\/#primaryimage"},"image":{"@id":"https:\/\/likeink.com\/no\/faketatureringar\/flash-colour-tattoos-av-malin-carper-hos-bad-mood-tattoo\/#primaryimage"},"thumbnailUrl":"https:\/\/likeink.com\/wp-content\/uploads\/2022\/11\/MalinCarper_Tatuerare_ColorTattoos_Likeink.jpg","datePublished":"2025-12-15T09:35:12+00:00","dateModified":"2026-01-30T11:36:42+00:00","description":"Tatoveringsark med fargede tatoveringer designet av tatoveringskunstneren Malin Carper hos Bad Mood Tattoo! Gratis frakt! - Like ink","breadcrumb":{"@id":"https:\/\/likeink.com\/no\/faketatureringar\/flash-colour-tattoos-av-malin-carper-hos-bad-mood-tattoo\/#breadcrumb"},"inLanguage":"nb-NO","potentialAction":[{"@type":"ReadAction","target":["https:\/\/likeink.com\/no\/faketatureringar\/flash-colour-tattoos-av-malin-carper-hos-bad-mood-tattoo\/"]}]},{"@type":"ImageObject","inLanguage":"nb-NO","@id":"https:\/\/likeink.com\/no\/faketatureringar\/flash-colour-tattoos-av-malin-carper-hos-bad-mood-tattoo\/#primaryimage","url":"https:\/\/likeink.com\/wp-content\/uploads\/2022\/11\/MalinCarper_Tatuerare_ColorTattoos_Likeink.jpg","contentUrl":"https:\/\/likeink.com\/wp-content\/uploads\/2022\/11\/MalinCarper_Tatuerare_ColorTattoos_Likeink.jpg","width":1500,"height":1057,"caption":"Flower tattoo fake tattoos Like ink."},{"@type":"BreadcrumbList","@id":"https:\/\/likeink.com\/no\/faketatureringar\/flash-colour-tattoos-av-malin-carper-hos-bad-mood-tattoo\/#breadcrumb","itemListElement":[{"@type":"ListItem","position":1,"name":"Hem","item":"https:\/\/likeink.com\/no\/"},{"@type":"ListItem","position":2,"name":"Butikk","item":"https:\/\/likeink.com\/no\/butikk\/"},{"@type":"ListItem","position":3,"name":"Flash \u00abColour Tattoos\u00bb av Malin Carper hos Bad Mood Tattoo"}]},{"@type":"WebSite","@id":"https:\/\/likeink.com\/no\/#website","url":"https:\/\/likeink.com\/no\/","name":"Like ink","description":"Make your own custom design","potentialAction":[{"@type":"SearchAction","target":{"@type":"EntryPoint","urlTemplate":"https:\/\/likeink.com\/no\/?s={search_term_string}"},"query-input":{"@type":"PropertyValueSpecification","valueRequired":true,"valueName":"search_term_string"}}],"inLanguage":"nb-NO"}]}},"_links":{"self":[{"href":"https:\/\/likeink.com\/no\/wp-json\/wp\/v2\/product\/54296","targetHints":{"allow":["GET"]}}],"collection":[{"href":"https:\/\/likeink.com\/no\/wp-json\/wp\/v2\/product"}],"about":[{"href":"https:\/\/likeink.com\/no\/wp-json\/wp\/v2\/types\/product"}],"wp:featuredmedia":[{"embeddable":true,"href":"https:\/\/likeink.com\/no\/wp-json\/wp\/v2\/media\/54297"}],"wp:attachment":[{"href":"https:\/\/likeink.com\/no\/wp-json\/wp\/v2\/media?parent=54296"}],"wp:term":[{"taxonomy":"product_brand","embeddable":true,"href":"https:\/\/likeink.com\/no\/wp-json\/wp\/v2\/product_brand?post=54296"},{"taxonomy":"product_cat","embeddable":true,"href":"https:\/\/likeink.com\/no\/wp-json\/wp\/v2\/product_cat?post=54296"},{"taxonomy":"product_tag","embeddable":true,"href":"https:\/\/likeink.com\/no\/wp-json\/wp\/v2\/product_tag?post=54296"}],"curies":[{"name":"wp","href":"https:\/\/api.w.org\/{rel}","templated":true}]}}