{"id":54302,"date":"2022-11-04T16:15:54","date_gmt":"2025-12-15T09:35:15","guid":{"rendered":"https:\/\/likeink.com\/gnuggis\/movember-bart-midlertidige-tatoveringer-a5\/"},"modified":"2026-03-16T20:42:28","modified_gmt":"2026-03-16T20:42:28","slug":"movember-bart-midlertidige-tatoveringer-a5","status":"publish","type":"product","link":"https:\/\/likeink.com\/no\/faketatureringar\/movember-bart-midlertidige-tatoveringer-a5\/","title":{"rendered":"Movember-bart midlertidige tatoveringer"},"content":{"rendered":"","protected":false},"excerpt":{"rendered":"<p>Like Ink samarbeider med Movember og samler inn penger til bevegelsen for menns helse!<\/p>\n<p>Like Inks ark med midlertidige tatoveringer er 20 x 14 cm store, og vi trykker og sender bestillingen din innen 24 timer.<br \/>\nArket er fylt med motivene du ser p\u00e5 produktbildet. V\u00e5re midlertidige tatoveringer er enkle \u00e5 p\u00e5f\u00f8re og vaske av. En falsk tatovering varer normalt 2\u20137 dager, avhengig av plassering, hudtype og hvordan du tar vare p\u00e5 den.<\/p>\n<h2>Kj\u00f8p et ark med Movember-tatoveringer! All fortjeneste g\u00e5r til Movember-veldedigheten.<\/h2>\n<p><strong>Hva er Movember og hva gj\u00f8r bevegelsen?<\/strong><br \/>\nMovember er den ledende veldedighetsorganisasjonen for menns helse.<br \/>\nMovembers arbeid fokuserer p\u00e5 \u00e5 bekjempe prostatakreft, testikkelkreft, psykiske lidelser og forebygge selvmord.<\/p>\n<p>Organisasjonen Movember eksisterer for \u00e5 hjelpe menn til \u00e5 leve lykkeligere, sunnere og lengre liv, og vi i Like ink \u00f8nsker \u00e5 v\u00e6re med og st\u00f8tte det!<\/p>\n<p><strong>Hvordan donerer Like ink penger?<\/strong><br \/>\n&#8211; Kj\u00f8p et ark med Movember-tatoveringer! Vi donerer \u00a3 3 per solgt ark. Innbetalingen skjer i slutten av november, og deretter rapporterer vi resultatet her i produktteksten og p\u00e5 Instagram.<br \/>\n&#8211; Tag @movember og @seLikeink<br \/>\np\u00e5 Instagram eller TikTok, s\u00e5 donerer vi \u00a3 1 ekstra per innlegg<br \/>\n&#8211; I forbindelse med kj\u00f8pet ditt inviterer vi deg ogs\u00e5 til \u00e5 donere penger via lenken her: <a href=\"https:\/\/movember.com\/m\/14927304?mc=1\">https:\/\/movember.com\/Likeink<\/a><br \/>\nSist, men ikke minst! Bruk Movember-tatoveringene dine slik at de er synlige, det vekker oppmerksomhet og bidrar til \u00e5 spre Movember-bevegelsen.<\/p>\n<p>Bestill et ark med midlertidige tatoveringer til deg selv, dine venner, kolleger og ansatte!<\/p>\n<p>Arkst\u00f8rrelse: A5<br \/>\nAntall tatoveringer: 60<br \/>\nSt\u00f8rrelse p\u00e5 st\u00f8rste tatovering: 90X25 mm<\/p>\n","protected":false},"featured_media":54303,"template":"","meta":[],"product_brand":[],"product_cat":[365,541],"product_tag":[],"class_list":{"0":"post-54302","1":"product","2":"type-product","3":"status-publish","4":"has-post-thumbnail","6":"product_cat-ferdige-ark","7":"product_cat-samarbeid-med-bedrifter","9":"first","10":"instock","11":"taxable","12":"shipping-taxable","13":"purchasable","14":"product-type-simple"},"yoast_head":"<!-- This site is optimized with the Yoast SEO Premium plugin v27.5 (Yoast SEO v27.6) - https:\/\/yoast.com\/product\/yoast-seo-premium-wordpress\/ -->\n<title>Movember midlertidige tatoveringer I Gratis rask frakt - Like ink<\/title>\n<meta name=\"description\" content=\"Bestill midlertidige tatoveringer for november! All fortjeneste g\u00e5r til Movember-bevegelsen! Movember-tatoveringer av h\u00f8y kvalitet! - Like ink\" \/>\n<meta name=\"robots\" content=\"index, follow, max-snippet:-1, max-image-preview:large, max-video-preview:-1\" \/>\n<link rel=\"canonical\" href=\"https:\/\/likeink.com\/no\/faketatureringar\/movember-bart-midlertidige-tatoveringer-a5\/\" \/>\n<meta property=\"og:locale\" content=\"nb_NO\" \/>\n<meta property=\"og:type\" content=\"article\" \/>\n<meta property=\"og:title\" content=\"Movember-bart midlertidige tatoveringer\" \/>\n<meta property=\"og:description\" content=\"Like Ink samarbeider med Movember og samler inn penger til bevegelsen for menns helse! Like Inks ark med midlertidige tatoveringer er 20 x 14 cm store, og vi trykker og sender bestillingen din innen 24 timer. Arket er fylt med motivene du ser p\u00e5 produktbildet. V\u00e5re midlertidige tatoveringer er enkle \u00e5 p\u00e5f\u00f8re og vaske av. En falsk tatovering varer normalt 2\u20137 dager, avhengig av plassering, hudtype og hvordan du tar vare p\u00e5 den. Kj\u00f8p et ark med Movember-tatoveringer! All fortjeneste g\u00e5r til Movember-veldedigheten. Hva er Movember og hva gj\u00f8r bevegelsen? Movember er den ledende veldedighetsorganisasjonen for menns helse. Movembers arbeid fokuserer p\u00e5 \u00e5 bekjempe prostatakreft, testikkelkreft, psykiske lidelser og forebygge selvmord. Organisasjonen Movember eksisterer for \u00e5 hjelpe menn til \u00e5 leve lykkeligere, sunnere og lengre liv, og vi i Like ink \u00f8nsker \u00e5 v\u00e6re med og st\u00f8tte det! Hvordan donerer Like ink penger? - Kj\u00f8p et ark med Movember-tatoveringer! Vi donerer \u00a3 3 per solgt ark. Innbetalingen skjer i slutten av november, og deretter rapporterer vi resultatet her i produktteksten og p\u00e5 Instagram. - Tag @movember og @seLikeink p\u00e5 Instagram eller TikTok, s\u00e5 donerer vi \u00a3 1 ekstra per innlegg - I forbindelse med kj\u00f8pet ditt inviterer vi deg ogs\u00e5 til \u00e5 donere penger via lenken her: https:\/\/movember.com\/Likeink Sist, men ikke minst! Bruk Movember-tatoveringene dine slik at de er synlige, det vekker oppmerksomhet og bidrar til \u00e5 spre Movember-bevegelsen. Bestill et ark med midlertidige tatoveringer til deg selv, dine venner, kolleger og ansatte! Arkst\u00f8rrelse: A5 Antall tatoveringer: 60 St\u00f8rrelse p\u00e5 st\u00f8rste tatovering: 90X25 mm\" \/>\n<meta property=\"og:url\" content=\"https:\/\/likeink.com\/no\/faketatureringar\/movember-bart-midlertidige-tatoveringer-a5\/\" \/>\n<meta property=\"og:site_name\" content=\"Like ink\" \/>\n<meta property=\"article:publisher\" content=\"https:\/\/www.facebook.com\/LikeInkSe\" \/>\n<meta property=\"article:modified_time\" content=\"2026-03-16T20:42:28+00:00\" \/>\n<meta property=\"og:image\" content=\"https:\/\/likeink.com\/wp-content\/uploads\/2022\/11\/Movember-Tatueringar-Likeink.jpg\" \/>\n\t<meta property=\"og:image:width\" content=\"1418\" \/>\n\t<meta property=\"og:image:height\" content=\"1000\" \/>\n\t<meta property=\"og:image:type\" content=\"image\/jpeg\" \/>\n<meta name=\"twitter:card\" content=\"summary_large_image\" \/>\n<!-- \/ Yoast SEO Premium plugin. -->","yoast_head_json":{"title":"Movember midlertidige tatoveringer I Gratis rask frakt - Like ink","description":"Bestill midlertidige tatoveringer for november! All fortjeneste g\u00e5r til Movember-bevegelsen! Movember-tatoveringer av h\u00f8y kvalitet! - Like ink","robots":{"index":"index","follow":"follow","max-snippet":"max-snippet:-1","max-image-preview":"max-image-preview:large","max-video-preview":"max-video-preview:-1"},"canonical":"https:\/\/likeink.com\/no\/faketatureringar\/movember-bart-midlertidige-tatoveringer-a5\/","og_locale":"nb_NO","og_type":"article","og_title":"Movember-bart midlertidige tatoveringer","og_description":"Like Ink samarbeider med Movember og samler inn penger til bevegelsen for menns helse! Like Inks ark med midlertidige tatoveringer er 20 x 14 cm store, og vi trykker og sender bestillingen din innen 24 timer. Arket er fylt med motivene du ser p\u00e5 produktbildet. V\u00e5re midlertidige tatoveringer er enkle \u00e5 p\u00e5f\u00f8re og vaske av. En falsk tatovering varer normalt 2\u20137 dager, avhengig av plassering, hudtype og hvordan du tar vare p\u00e5 den. Kj\u00f8p et ark med Movember-tatoveringer! All fortjeneste g\u00e5r til Movember-veldedigheten. Hva er Movember og hva gj\u00f8r bevegelsen? Movember er den ledende veldedighetsorganisasjonen for menns helse. Movembers arbeid fokuserer p\u00e5 \u00e5 bekjempe prostatakreft, testikkelkreft, psykiske lidelser og forebygge selvmord. Organisasjonen Movember eksisterer for \u00e5 hjelpe menn til \u00e5 leve lykkeligere, sunnere og lengre liv, og vi i Like ink \u00f8nsker \u00e5 v\u00e6re med og st\u00f8tte det! Hvordan donerer Like ink penger? - Kj\u00f8p et ark med Movember-tatoveringer! Vi donerer \u00a3 3 per solgt ark. Innbetalingen skjer i slutten av november, og deretter rapporterer vi resultatet her i produktteksten og p\u00e5 Instagram. - Tag @movember og @seLikeink p\u00e5 Instagram eller TikTok, s\u00e5 donerer vi \u00a3 1 ekstra per innlegg - I forbindelse med kj\u00f8pet ditt inviterer vi deg ogs\u00e5 til \u00e5 donere penger via lenken her: https:\/\/movember.com\/Likeink Sist, men ikke minst! Bruk Movember-tatoveringene dine slik at de er synlige, det vekker oppmerksomhet og bidrar til \u00e5 spre Movember-bevegelsen. Bestill et ark med midlertidige tatoveringer til deg selv, dine venner, kolleger og ansatte! Arkst\u00f8rrelse: A5 Antall tatoveringer: 60 St\u00f8rrelse p\u00e5 st\u00f8rste tatovering: 90X25 mm","og_url":"https:\/\/likeink.com\/no\/faketatureringar\/movember-bart-midlertidige-tatoveringer-a5\/","og_site_name":"Like ink","article_publisher":"https:\/\/www.facebook.com\/LikeInkSe","article_modified_time":"2026-03-16T20:42:28+00:00","og_image":[{"width":1418,"height":1000,"url":"https:\/\/likeink.com\/wp-content\/uploads\/2022\/11\/Movember-Tatueringar-Likeink.jpg","type":"image\/jpeg"}],"twitter_card":"summary_large_image","schema":{"@context":"https:\/\/schema.org","@graph":[{"@type":"WebPage","@id":"https:\/\/likeink.com\/no\/faketatureringar\/movember-bart-midlertidige-tatoveringer-a5\/","url":"https:\/\/likeink.com\/no\/faketatureringar\/movember-bart-midlertidige-tatoveringer-a5\/","name":"Movember midlertidige tatoveringer I Gratis rask frakt - Like ink","isPartOf":{"@id":"https:\/\/likeink.com\/no\/#website"},"primaryImageOfPage":{"@id":"https:\/\/likeink.com\/no\/faketatureringar\/movember-bart-midlertidige-tatoveringer-a5\/#primaryimage"},"image":{"@id":"https:\/\/likeink.com\/no\/faketatureringar\/movember-bart-midlertidige-tatoveringer-a5\/#primaryimage"},"thumbnailUrl":"https:\/\/likeink.com\/wp-content\/uploads\/2022\/11\/Movember-Tatueringar-Likeink.jpg","datePublished":"2025-12-15T09:35:15+00:00","dateModified":"2026-03-16T20:42:28+00:00","description":"Bestill midlertidige tatoveringer for november! All fortjeneste g\u00e5r til Movember-bevegelsen! Movember-tatoveringer av h\u00f8y kvalitet! - Like ink","breadcrumb":{"@id":"https:\/\/likeink.com\/no\/faketatureringar\/movember-bart-midlertidige-tatoveringer-a5\/#breadcrumb"},"inLanguage":"nb-NO","potentialAction":[{"@type":"ReadAction","target":["https:\/\/likeink.com\/no\/faketatureringar\/movember-bart-midlertidige-tatoveringer-a5\/"]}]},{"@type":"ImageObject","inLanguage":"nb-NO","@id":"https:\/\/likeink.com\/no\/faketatureringar\/movember-bart-midlertidige-tatoveringer-a5\/#primaryimage","url":"https:\/\/likeink.com\/wp-content\/uploads\/2022\/11\/Movember-Tatueringar-Likeink.jpg","contentUrl":"https:\/\/likeink.com\/wp-content\/uploads\/2022\/11\/Movember-Tatueringar-Likeink.jpg","width":1418,"height":1000,"caption":"Movember fake tattoos Like ink."},{"@type":"BreadcrumbList","@id":"https:\/\/likeink.com\/no\/faketatureringar\/movember-bart-midlertidige-tatoveringer-a5\/#breadcrumb","itemListElement":[{"@type":"ListItem","position":1,"name":"Hem","item":"https:\/\/likeink.com\/no\/"},{"@type":"ListItem","position":2,"name":"Butikk","item":"https:\/\/likeink.com\/no\/butikk\/"},{"@type":"ListItem","position":3,"name":"Movember-bart midlertidige tatoveringer"}]},{"@type":"WebSite","@id":"https:\/\/likeink.com\/no\/#website","url":"https:\/\/likeink.com\/no\/","name":"Like ink","description":"Make your own custom design","potentialAction":[{"@type":"SearchAction","target":{"@type":"EntryPoint","urlTemplate":"https:\/\/likeink.com\/no\/?s={search_term_string}"},"query-input":{"@type":"PropertyValueSpecification","valueRequired":true,"valueName":"search_term_string"}}],"inLanguage":"nb-NO"}]}},"_links":{"self":[{"href":"https:\/\/likeink.com\/no\/wp-json\/wp\/v2\/product\/54302","targetHints":{"allow":["GET"]}}],"collection":[{"href":"https:\/\/likeink.com\/no\/wp-json\/wp\/v2\/product"}],"about":[{"href":"https:\/\/likeink.com\/no\/wp-json\/wp\/v2\/types\/product"}],"wp:featuredmedia":[{"embeddable":true,"href":"https:\/\/likeink.com\/no\/wp-json\/wp\/v2\/media\/54303"}],"wp:attachment":[{"href":"https:\/\/likeink.com\/no\/wp-json\/wp\/v2\/media?parent=54302"}],"wp:term":[{"taxonomy":"product_brand","embeddable":true,"href":"https:\/\/likeink.com\/no\/wp-json\/wp\/v2\/product_brand?post=54302"},{"taxonomy":"product_cat","embeddable":true,"href":"https:\/\/likeink.com\/no\/wp-json\/wp\/v2\/product_cat?post=54302"},{"taxonomy":"product_tag","embeddable":true,"href":"https:\/\/likeink.com\/no\/wp-json\/wp\/v2\/product_tag?post=54302"}],"curies":[{"name":"wp","href":"https:\/\/api.w.org\/{rel}","templated":true}]}}