{"id":54306,"date":"2022-10-08T13:28:52","date_gmt":"2025-12-15T09:35:17","guid":{"rendered":"https:\/\/likeink.com\/gnuggis\/frankenstein-ansiktstatovering-arr-a5\/"},"modified":"2026-03-16T20:42:40","modified_gmt":"2026-03-16T20:42:40","slug":"frankenstein-ansiktstatovering-arr-a5","status":"publish","type":"product","link":"https:\/\/likeink.com\/no\/faketatureringar\/frankenstein-ansiktstatovering-arr-a5\/","title":{"rendered":"Frankenstein ansiktstatovering"},"content":{"rendered":"","protected":false},"excerpt":{"rendered":"<p>Hvis du skal p\u00e5 Halloween-fest, b\u00f8r du kle deg som om du ikke skal det. Med tatoveringene p\u00e5 dette arket kan du raskt og enkelt forvandle ansiktet ditt til Frankensteins.<\/p>\n<p>V\u00e5re midlertidige tatoveringsark er 20 x 14 cm store og fylt med motivet p\u00e5 bildet. Vi trykker og sender bestillingen din innen 24 timer! Enkel \u00e5 p\u00e5f\u00f8re!<\/p>\n<h2>Bestill Frankenstein Halloween-tatoveringer fra oss p\u00e5 Like ink<\/h2>\n<p>Arkst\u00f8rrelse: A5<br \/>\nSt\u00f8rrelse p\u00e5 tatoveringer: Stingene er 2 og 1,5 cm h\u00f8ye, og hvert sting er 20 cm langt.<\/p>\n","protected":false},"featured_media":54307,"template":"","meta":[],"product_brand":[],"product_cat":[365,518],"product_tag":[],"class_list":{"0":"post-54306","1":"product","2":"type-product","3":"status-publish","4":"has-post-thumbnail","6":"product_cat-ferdige-ark","7":"product_cat-maskerade-sesong","9":"first","10":"instock","11":"taxable","12":"shipping-taxable","13":"purchasable","14":"product-type-simple"},"yoast_head":"<!-- This site is optimized with the Yoast SEO Premium plugin v27.5 (Yoast SEO v27.6) - https:\/\/yoast.com\/product\/yoast-seo-premium-wordpress\/ -->\n<title>Frankenstein ansiktstatoveringer arr A5 - Like ink<\/title>\n<meta name=\"description\" content=\"Frankenstein-ansiktstatoveringer med arr. Hvis du skal p\u00e5 Halloween-fest, b\u00f8r du kle deg som om du ikke skal det. - Like ink\" \/>\n<meta name=\"robots\" content=\"index, follow, max-snippet:-1, max-image-preview:large, max-video-preview:-1\" \/>\n<link rel=\"canonical\" href=\"https:\/\/likeink.com\/no\/faketatureringar\/frankenstein-ansiktstatovering-arr-a5\/\" \/>\n<meta property=\"og:locale\" content=\"nb_NO\" \/>\n<meta property=\"og:type\" content=\"article\" \/>\n<meta property=\"og:title\" content=\"Frankenstein ansiktstatovering\" \/>\n<meta property=\"og:description\" content=\"Hvis du skal p\u00e5 Halloween-fest, b\u00f8r du kle deg som om du ikke skal det. Med tatoveringene p\u00e5 dette arket kan du raskt og enkelt forvandle ansiktet ditt til Frankensteins. V\u00e5re midlertidige tatoveringsark er 20 x 14 cm store og fylt med motivet p\u00e5 bildet. Vi trykker og sender bestillingen din innen 24 timer! Enkel \u00e5 p\u00e5f\u00f8re! Bestill Frankenstein Halloween-tatoveringer fra oss p\u00e5 Like inkArkst\u00f8rrelse: A5 St\u00f8rrelse p\u00e5 tatoveringer: Stingene er 2 og 1,5 cm h\u00f8ye, og hvert sting er 20 cm langt.\" \/>\n<meta property=\"og:url\" content=\"https:\/\/likeink.com\/no\/faketatureringar\/frankenstein-ansiktstatovering-arr-a5\/\" \/>\n<meta property=\"og:site_name\" content=\"Like ink\" \/>\n<meta property=\"article:publisher\" content=\"https:\/\/www.facebook.com\/LikeInkSe\" \/>\n<meta property=\"article:modified_time\" content=\"2026-03-16T20:42:40+00:00\" \/>\n<meta property=\"og:image\" content=\"https:\/\/likeink.com\/wp-content\/uploads\/2022\/10\/Frankenstein_FaceScars_Likeink-1.jpg\" \/>\n\t<meta property=\"og:image:width\" content=\"1200\" \/>\n\t<meta property=\"og:image:height\" content=\"845\" \/>\n\t<meta property=\"og:image:type\" content=\"image\/jpeg\" \/>\n<meta name=\"twitter:card\" content=\"summary_large_image\" \/>\n<!-- \/ Yoast SEO Premium plugin. -->","yoast_head_json":{"title":"Frankenstein ansiktstatoveringer arr A5 - Like ink","description":"Frankenstein-ansiktstatoveringer med arr. Hvis du skal p\u00e5 Halloween-fest, b\u00f8r du kle deg som om du ikke skal det. - Like ink","robots":{"index":"index","follow":"follow","max-snippet":"max-snippet:-1","max-image-preview":"max-image-preview:large","max-video-preview":"max-video-preview:-1"},"canonical":"https:\/\/likeink.com\/no\/faketatureringar\/frankenstein-ansiktstatovering-arr-a5\/","og_locale":"nb_NO","og_type":"article","og_title":"Frankenstein ansiktstatovering","og_description":"Hvis du skal p\u00e5 Halloween-fest, b\u00f8r du kle deg som om du ikke skal det. Med tatoveringene p\u00e5 dette arket kan du raskt og enkelt forvandle ansiktet ditt til Frankensteins. V\u00e5re midlertidige tatoveringsark er 20 x 14 cm store og fylt med motivet p\u00e5 bildet. Vi trykker og sender bestillingen din innen 24 timer! Enkel \u00e5 p\u00e5f\u00f8re! Bestill Frankenstein Halloween-tatoveringer fra oss p\u00e5 Like inkArkst\u00f8rrelse: A5 St\u00f8rrelse p\u00e5 tatoveringer: Stingene er 2 og 1,5 cm h\u00f8ye, og hvert sting er 20 cm langt.","og_url":"https:\/\/likeink.com\/no\/faketatureringar\/frankenstein-ansiktstatovering-arr-a5\/","og_site_name":"Like ink","article_publisher":"https:\/\/www.facebook.com\/LikeInkSe","article_modified_time":"2026-03-16T20:42:40+00:00","og_image":[{"width":1200,"height":845,"url":"https:\/\/likeink.com\/wp-content\/uploads\/2022\/10\/Frankenstein_FaceScars_Likeink-1.jpg","type":"image\/jpeg"}],"twitter_card":"summary_large_image","schema":{"@context":"https:\/\/schema.org","@graph":[{"@type":"WebPage","@id":"https:\/\/likeink.com\/no\/faketatureringar\/frankenstein-ansiktstatovering-arr-a5\/","url":"https:\/\/likeink.com\/no\/faketatureringar\/frankenstein-ansiktstatovering-arr-a5\/","name":"Frankenstein ansiktstatoveringer arr A5 - Like ink","isPartOf":{"@id":"https:\/\/likeink.com\/no\/#website"},"primaryImageOfPage":{"@id":"https:\/\/likeink.com\/no\/faketatureringar\/frankenstein-ansiktstatovering-arr-a5\/#primaryimage"},"image":{"@id":"https:\/\/likeink.com\/no\/faketatureringar\/frankenstein-ansiktstatovering-arr-a5\/#primaryimage"},"thumbnailUrl":"https:\/\/likeink.com\/wp-content\/uploads\/2022\/10\/Frankenstein_FaceScars_Likeink-1.jpg","datePublished":"2025-12-15T09:35:17+00:00","dateModified":"2026-03-16T20:42:40+00:00","description":"Frankenstein-ansiktstatoveringer med arr. Hvis du skal p\u00e5 Halloween-fest, b\u00f8r du kle deg som om du ikke skal det. - Like ink","breadcrumb":{"@id":"https:\/\/likeink.com\/no\/faketatureringar\/frankenstein-ansiktstatovering-arr-a5\/#breadcrumb"},"inLanguage":"nb-NO","potentialAction":[{"@type":"ReadAction","target":["https:\/\/likeink.com\/no\/faketatureringar\/frankenstein-ansiktstatovering-arr-a5\/"]}]},{"@type":"ImageObject","inLanguage":"nb-NO","@id":"https:\/\/likeink.com\/no\/faketatureringar\/frankenstein-ansiktstatovering-arr-a5\/#primaryimage","url":"https:\/\/likeink.com\/wp-content\/uploads\/2022\/10\/Frankenstein_FaceScars_Likeink-1.jpg","contentUrl":"https:\/\/likeink.com\/wp-content\/uploads\/2022\/10\/Frankenstein_FaceScars_Likeink-1.jpg","width":1200,"height":845,"caption":"Frankenstein face tattoos."},{"@type":"BreadcrumbList","@id":"https:\/\/likeink.com\/no\/faketatureringar\/frankenstein-ansiktstatovering-arr-a5\/#breadcrumb","itemListElement":[{"@type":"ListItem","position":1,"name":"Hem","item":"https:\/\/likeink.com\/no\/"},{"@type":"ListItem","position":2,"name":"Butikk","item":"https:\/\/likeink.com\/no\/butikk\/"},{"@type":"ListItem","position":3,"name":"Frankenstein ansiktstatovering"}]},{"@type":"WebSite","@id":"https:\/\/likeink.com\/no\/#website","url":"https:\/\/likeink.com\/no\/","name":"Like ink","description":"Make your own custom design","potentialAction":[{"@type":"SearchAction","target":{"@type":"EntryPoint","urlTemplate":"https:\/\/likeink.com\/no\/?s={search_term_string}"},"query-input":{"@type":"PropertyValueSpecification","valueRequired":true,"valueName":"search_term_string"}}],"inLanguage":"nb-NO"}]}},"_links":{"self":[{"href":"https:\/\/likeink.com\/no\/wp-json\/wp\/v2\/product\/54306","targetHints":{"allow":["GET"]}}],"collection":[{"href":"https:\/\/likeink.com\/no\/wp-json\/wp\/v2\/product"}],"about":[{"href":"https:\/\/likeink.com\/no\/wp-json\/wp\/v2\/types\/product"}],"wp:featuredmedia":[{"embeddable":true,"href":"https:\/\/likeink.com\/no\/wp-json\/wp\/v2\/media\/54307"}],"wp:attachment":[{"href":"https:\/\/likeink.com\/no\/wp-json\/wp\/v2\/media?parent=54306"}],"wp:term":[{"taxonomy":"product_brand","embeddable":true,"href":"https:\/\/likeink.com\/no\/wp-json\/wp\/v2\/product_brand?post=54306"},{"taxonomy":"product_cat","embeddable":true,"href":"https:\/\/likeink.com\/no\/wp-json\/wp\/v2\/product_cat?post=54306"},{"taxonomy":"product_tag","embeddable":true,"href":"https:\/\/likeink.com\/no\/wp-json\/wp\/v2\/product_tag?post=54306"}],"curies":[{"name":"wp","href":"https:\/\/api.w.org\/{rel}","templated":true}]}}