{"id":54311,"date":"2022-10-03T15:00:27","date_gmt":"2025-12-15T09:35:19","guid":{"rendered":"https:\/\/likeink.com\/gnuggis\/harley-quinn-falske-tatoveringer-a5\/"},"modified":"2026-03-16T20:42:40","modified_gmt":"2026-03-16T20:42:40","slug":"harley-quinn-falske-tatoveringer-a5","status":"publish","type":"product","link":"https:\/\/likeink.com\/no\/faketatureringar\/harley-quinn-falske-tatoveringer-a5\/","title":{"rendered":"Harley Quinn falske tatoveringer"},"content":{"rendered":"","protected":false},"excerpt":{"rendered":"<p>Som blekkark med falske tatoveringer er 20 x 14 cm store, og dette arket er fylt med Harley Quinn-designet fra filmene Suicide Squad og Birds of Prey, som du ser p\u00e5 bildet. Vi trykker og sender bestillingen din innen 24 timer!<\/p>\n<h2>Kj\u00f8p Harley Quinn-midlertidige tatoveringer til maskerader og Halloween-fester<\/h2>\n<p>Et utvalg av Harley Quinn-tatoveringer fra Joker-filmene \u00abSuicide Squad\u00bb og \u00abBirds of Prey\u00bb.<\/p>\n<p>Harley Quinn har teksten \u00abRotten\u00bb skrevet p\u00e5 kjeven og et svart hjerte p\u00e5 ansiktet. I tillegg har hun tekster og forskjellige tatoveringer p\u00e5 armene og bena.<br \/>\nHusk at tatoveringene p\u00e5 bena skal v\u00e6re opp ned.<\/p>\n<p>Harley Quinn er en fiktiv jente, f\u00f8rst og fremst kjent som Jokerens kj\u00e6reste. Harley Quinn er glad og munter, hun er rampete og akkurat passe ond. Harley er Jokerens absolutt st\u00f8rste fan og hans faste h\u00f8yre h\u00e5nd. Hun er sv\u00e6rt lojal mot sin elskede Joker, noe som gj\u00f8r henne til den eneste i hele Gotham City som han kan stole p\u00e5 n\u00e5r han trenger hjelp med sine utspekulerte og ofte onde planer.<\/p>\n<p>Jokeren og Harley Quinn er noen av de f\u00e5 fiktive karakterene som har tatoveringer, noe som naturligvis gj\u00f8r disse to til v\u00e5re favoritter!<\/p>\n<p>Like Ink sine midlertidige tatoveringer er av h\u00f8yeste kvalitet, trygge og enkle \u00e5 bruke, og tatoveringene ser virkelig bra ut!<\/p>\n","protected":false},"featured_media":54312,"template":"","meta":[],"product_brand":[],"product_cat":[365,518],"product_tag":[],"class_list":{"0":"post-54311","1":"product","2":"type-product","3":"status-publish","4":"has-post-thumbnail","6":"product_cat-ferdige-ark","7":"product_cat-maskerade-sesong","9":"first","10":"instock","11":"taxable","12":"shipping-taxable","13":"purchasable","14":"product-type-simple"},"yoast_head":"<!-- This site is optimized with the Yoast SEO Premium plugin v26.2 (Yoast SEO v27.5) - https:\/\/yoast.com\/product\/yoast-seo-premium-wordpress\/ -->\n<title>Harley Quinn falske tatoveringer A5 - Like ink<\/title>\n<meta name=\"description\" content=\"Harley Quinn falske tatoveringer! Harley Quinn-tatoveringer, perfekte til Halloween, fester og maskerader. - Like ink\" \/>\n<meta name=\"robots\" content=\"index, follow, max-snippet:-1, max-image-preview:large, max-video-preview:-1\" \/>\n<link rel=\"canonical\" href=\"https:\/\/likeink.com\/no\/faketatureringar\/harley-quinn-falske-tatoveringer-a5\/\" \/>\n<meta property=\"og:locale\" content=\"nb_NO\" \/>\n<meta property=\"og:type\" content=\"article\" \/>\n<meta property=\"og:title\" content=\"Harley Quinn falske tatoveringer\" \/>\n<meta property=\"og:description\" content=\"Som blekkark med falske tatoveringer er 20 x 14 cm store, og dette arket er fylt med Harley Quinn-designet fra filmene Suicide Squad og Birds of Prey, som du ser p\u00e5 bildet. Vi trykker og sender bestillingen din innen 24 timer! Kj\u00f8p Harley Quinn-midlertidige tatoveringer til maskerader og Halloween-festerEt utvalg av Harley Quinn-tatoveringer fra Joker-filmene \u00abSuicide Squad\u00bb og \u00abBirds of Prey\u00bb. Harley Quinn har teksten \u00abRotten\u00bb skrevet p\u00e5 kjeven og et svart hjerte p\u00e5 ansiktet. I tillegg har hun tekster og forskjellige tatoveringer p\u00e5 armene og bena. Husk at tatoveringene p\u00e5 bena skal v\u00e6re opp ned. Harley Quinn er en fiktiv jente, f\u00f8rst og fremst kjent som Jokerens kj\u00e6reste. Harley Quinn er glad og munter, hun er rampete og akkurat passe ond. Harley er Jokerens absolutt st\u00f8rste fan og hans faste h\u00f8yre h\u00e5nd. Hun er sv\u00e6rt lojal mot sin elskede Joker, noe som gj\u00f8r henne til den eneste i hele Gotham City som han kan stole p\u00e5 n\u00e5r han trenger hjelp med sine utspekulerte og ofte onde planer. Jokeren og Harley Quinn er noen av de f\u00e5 fiktive karakterene som har tatoveringer, noe som naturligvis gj\u00f8r disse to til v\u00e5re favoritter! Like Ink sine midlertidige tatoveringer er av h\u00f8yeste kvalitet, trygge og enkle \u00e5 bruke, og tatoveringene ser virkelig bra ut!\" \/>\n<meta property=\"og:url\" content=\"https:\/\/likeink.com\/no\/faketatureringar\/harley-quinn-falske-tatoveringer-a5\/\" \/>\n<meta property=\"og:site_name\" content=\"Like ink\" \/>\n<meta property=\"article:publisher\" content=\"https:\/\/www.facebook.com\/LikeInkSe\" \/>\n<meta property=\"article:modified_time\" content=\"2026-03-16T20:42:40+00:00\" \/>\n<meta property=\"og:image\" content=\"https:\/\/likeink.com\/wp-content\/uploads\/2022\/10\/HarleyQuinn_Tatueringar_Likeink.jpg\" \/>\n\t<meta property=\"og:image:width\" content=\"1100\" \/>\n\t<meta property=\"og:image:height\" content=\"775\" \/>\n\t<meta property=\"og:image:type\" content=\"image\/jpeg\" \/>\n<meta name=\"twitter:card\" content=\"summary_large_image\" \/>\n<!-- \/ Yoast SEO Premium plugin. -->","yoast_head_json":{"title":"Harley Quinn falske tatoveringer A5 - Like ink","description":"Harley Quinn falske tatoveringer! Harley Quinn-tatoveringer, perfekte til Halloween, fester og maskerader. - Like ink","robots":{"index":"index","follow":"follow","max-snippet":"max-snippet:-1","max-image-preview":"max-image-preview:large","max-video-preview":"max-video-preview:-1"},"canonical":"https:\/\/likeink.com\/no\/faketatureringar\/harley-quinn-falske-tatoveringer-a5\/","og_locale":"nb_NO","og_type":"article","og_title":"Harley Quinn falske tatoveringer","og_description":"Som blekkark med falske tatoveringer er 20 x 14 cm store, og dette arket er fylt med Harley Quinn-designet fra filmene Suicide Squad og Birds of Prey, som du ser p\u00e5 bildet. Vi trykker og sender bestillingen din innen 24 timer! Kj\u00f8p Harley Quinn-midlertidige tatoveringer til maskerader og Halloween-festerEt utvalg av Harley Quinn-tatoveringer fra Joker-filmene \u00abSuicide Squad\u00bb og \u00abBirds of Prey\u00bb. Harley Quinn har teksten \u00abRotten\u00bb skrevet p\u00e5 kjeven og et svart hjerte p\u00e5 ansiktet. I tillegg har hun tekster og forskjellige tatoveringer p\u00e5 armene og bena. Husk at tatoveringene p\u00e5 bena skal v\u00e6re opp ned. Harley Quinn er en fiktiv jente, f\u00f8rst og fremst kjent som Jokerens kj\u00e6reste. Harley Quinn er glad og munter, hun er rampete og akkurat passe ond. Harley er Jokerens absolutt st\u00f8rste fan og hans faste h\u00f8yre h\u00e5nd. Hun er sv\u00e6rt lojal mot sin elskede Joker, noe som gj\u00f8r henne til den eneste i hele Gotham City som han kan stole p\u00e5 n\u00e5r han trenger hjelp med sine utspekulerte og ofte onde planer. Jokeren og Harley Quinn er noen av de f\u00e5 fiktive karakterene som har tatoveringer, noe som naturligvis gj\u00f8r disse to til v\u00e5re favoritter! Like Ink sine midlertidige tatoveringer er av h\u00f8yeste kvalitet, trygge og enkle \u00e5 bruke, og tatoveringene ser virkelig bra ut!","og_url":"https:\/\/likeink.com\/no\/faketatureringar\/harley-quinn-falske-tatoveringer-a5\/","og_site_name":"Like ink","article_publisher":"https:\/\/www.facebook.com\/LikeInkSe","article_modified_time":"2026-03-16T20:42:40+00:00","og_image":[{"width":1100,"height":775,"url":"https:\/\/likeink.com\/wp-content\/uploads\/2022\/10\/HarleyQuinn_Tatueringar_Likeink.jpg","type":"image\/jpeg"}],"twitter_card":"summary_large_image","schema":{"@context":"https:\/\/schema.org","@graph":[{"@type":"WebPage","@id":"https:\/\/likeink.com\/no\/faketatureringar\/harley-quinn-falske-tatoveringer-a5\/","url":"https:\/\/likeink.com\/no\/faketatureringar\/harley-quinn-falske-tatoveringer-a5\/","name":"Harley Quinn falske tatoveringer A5 - Like ink","isPartOf":{"@id":"https:\/\/likeink.com\/no\/#website"},"primaryImageOfPage":{"@id":"https:\/\/likeink.com\/no\/faketatureringar\/harley-quinn-falske-tatoveringer-a5\/#primaryimage"},"image":{"@id":"https:\/\/likeink.com\/no\/faketatureringar\/harley-quinn-falske-tatoveringer-a5\/#primaryimage"},"thumbnailUrl":"https:\/\/likeink.com\/wp-content\/uploads\/2022\/10\/HarleyQuinn_Tatueringar_Likeink.jpg","datePublished":"2025-12-15T09:35:19+00:00","dateModified":"2026-03-16T20:42:40+00:00","description":"Harley Quinn falske tatoveringer! Harley Quinn-tatoveringer, perfekte til Halloween, fester og maskerader. - Like ink","breadcrumb":{"@id":"https:\/\/likeink.com\/no\/faketatureringar\/harley-quinn-falske-tatoveringer-a5\/#breadcrumb"},"inLanguage":"nb-NO","potentialAction":[{"@type":"ReadAction","target":["https:\/\/likeink.com\/no\/faketatureringar\/harley-quinn-falske-tatoveringer-a5\/"]}]},{"@type":"ImageObject","inLanguage":"nb-NO","@id":"https:\/\/likeink.com\/no\/faketatureringar\/harley-quinn-falske-tatoveringer-a5\/#primaryimage","url":"https:\/\/likeink.com\/wp-content\/uploads\/2022\/10\/HarleyQuinn_Tatueringar_Likeink.jpg","contentUrl":"https:\/\/likeink.com\/wp-content\/uploads\/2022\/10\/HarleyQuinn_Tatueringar_Likeink.jpg","width":1100,"height":775,"caption":"Harley Quinn temporary tattoos."},{"@type":"BreadcrumbList","@id":"https:\/\/likeink.com\/no\/faketatureringar\/harley-quinn-falske-tatoveringer-a5\/#breadcrumb","itemListElement":[{"@type":"ListItem","position":1,"name":"Hem","item":"https:\/\/likeink.com\/no\/"},{"@type":"ListItem","position":2,"name":"Butikk","item":"https:\/\/likeink.com\/no\/butikk\/"},{"@type":"ListItem","position":3,"name":"Harley Quinn falske tatoveringer"}]},{"@type":"WebSite","@id":"https:\/\/likeink.com\/no\/#website","url":"https:\/\/likeink.com\/no\/","name":"Like ink","description":"Make your own custom design","potentialAction":[{"@type":"SearchAction","target":{"@type":"EntryPoint","urlTemplate":"https:\/\/likeink.com\/no\/?s={search_term_string}"},"query-input":{"@type":"PropertyValueSpecification","valueRequired":true,"valueName":"search_term_string"}}],"inLanguage":"nb-NO"}]}},"_links":{"self":[{"href":"https:\/\/likeink.com\/no\/wp-json\/wp\/v2\/product\/54311","targetHints":{"allow":["GET"]}}],"collection":[{"href":"https:\/\/likeink.com\/no\/wp-json\/wp\/v2\/product"}],"about":[{"href":"https:\/\/likeink.com\/no\/wp-json\/wp\/v2\/types\/product"}],"wp:featuredmedia":[{"embeddable":true,"href":"https:\/\/likeink.com\/no\/wp-json\/wp\/v2\/media\/54312"}],"wp:attachment":[{"href":"https:\/\/likeink.com\/no\/wp-json\/wp\/v2\/media?parent=54311"}],"wp:term":[{"taxonomy":"product_brand","embeddable":true,"href":"https:\/\/likeink.com\/no\/wp-json\/wp\/v2\/product_brand?post=54311"},{"taxonomy":"product_cat","embeddable":true,"href":"https:\/\/likeink.com\/no\/wp-json\/wp\/v2\/product_cat?post=54311"},{"taxonomy":"product_tag","embeddable":true,"href":"https:\/\/likeink.com\/no\/wp-json\/wp\/v2\/product_tag?post=54311"}],"curies":[{"name":"wp","href":"https:\/\/api.w.org\/{rel}","templated":true}]}}