{"id":54313,"date":"2022-09-28T15:16:20","date_gmt":"2025-12-15T09:35:21","guid":{"rendered":"https:\/\/likeink.com\/gnuggis\/halloween-ansiktstatoveringer-a5\/"},"modified":"2026-03-16T20:42:40","modified_gmt":"2026-03-16T20:42:40","slug":"halloween-ansiktstatoveringer-a5","status":"publish","type":"product","link":"https:\/\/likeink.com\/no\/faketatureringar\/halloween-ansiktstatoveringer-a5\/","title":{"rendered":"Halloween-ansiktstatoveringer"},"content":{"rendered":"","protected":false},"excerpt":{"rendered":"<p>V\u00e5re falske tatoveringsark er 20 x 14 cm store og fylt med motivet som er avbildet. Vi trykker og sender bestillingen din innen 24 timer!<\/p>\n<h2>Kj\u00f8p Halloween-ansiktstatoveringer<\/h2>\n<p>Motivene er inspirert av h\u00f8ytiden De d\u00f8des dag, som opprinnelig er en meksikansk h\u00f8ytid som feires hvert \u00e5r til minne om familie og venner som har g\u00e5tt bort. Over tid har De d\u00f8des dag spredt seg til store deler av verden, og i dag smelter h\u00f8ytiden ofte sammen med Halloween og andre amerikanske h\u00f8ytider.<\/p>\n<p>Med hjelp av dette A5-arket fylt med ansiktstatueringer til De d\u00f8des dag kan du dekorere ansiktet og kroppen din med spindelvev, kors, edderkopper og forskjellige m\u00f8nstre!<br \/>\nEn ting er sikkert, du vil bli sett, enten du skal p\u00e5 Halloween-fest, De d\u00f8des dag-fest, maskerade eller bare vil ha det g\u00f8y!<\/p>\n<p>V\u00e5re ansiktstatoveringer er enkle \u00e5 p\u00e5f\u00f8re, vaske av og er selvf\u00f8lgelig trygge \u00e5 bruke.<\/p>\n<p>Arkst\u00f8rrelse: A5<br \/>\nAntall tatoveringer: 16<\/p>\n","protected":false},"featured_media":54314,"template":"","meta":[],"product_brand":[],"product_cat":[365,518],"product_tag":[],"class_list":{"0":"post-54313","1":"product","2":"type-product","3":"status-publish","4":"has-post-thumbnail","6":"product_cat-ferdige-ark","7":"product_cat-maskerade-sesong","9":"first","10":"instock","11":"taxable","12":"shipping-taxable","13":"purchasable","14":"product-type-simple"},"yoast_head":"<!-- This site is optimized with the Yoast SEO Premium plugin v26.2 (Yoast SEO v27.5) - https:\/\/yoast.com\/product\/yoast-seo-premium-wordpress\/ -->\n<title>Halloween-ansiktstatoveringer A5! Rask levering - Like ink<\/title>\n<meta name=\"description\" content=\"H\u00f8ykvalitets Halloween-ansiktstatoveringer! Trygge \u00e5 bruke og enkle \u00e5 p\u00e5f\u00f8re! Bestill noen Day of the Dead-ansiktstatoveringer! - Like ink\" \/>\n<meta name=\"robots\" content=\"index, follow, max-snippet:-1, max-image-preview:large, max-video-preview:-1\" \/>\n<link rel=\"canonical\" href=\"https:\/\/likeink.com\/no\/faketatureringar\/halloween-ansiktstatoveringer-a5\/\" \/>\n<meta property=\"og:locale\" content=\"nb_NO\" \/>\n<meta property=\"og:type\" content=\"article\" \/>\n<meta property=\"og:title\" content=\"Halloween-ansiktstatoveringer\" \/>\n<meta property=\"og:description\" content=\"V\u00e5re falske tatoveringsark er 20 x 14 cm store og fylt med motivet som er avbildet. Vi trykker og sender bestillingen din innen 24 timer! Kj\u00f8p Halloween-ansiktstatoveringerMotivene er inspirert av h\u00f8ytiden De d\u00f8des dag, som opprinnelig er en meksikansk h\u00f8ytid som feires hvert \u00e5r til minne om familie og venner som har g\u00e5tt bort. Over tid har De d\u00f8des dag spredt seg til store deler av verden, og i dag smelter h\u00f8ytiden ofte sammen med Halloween og andre amerikanske h\u00f8ytider. Med hjelp av dette A5-arket fylt med ansiktstatueringer til De d\u00f8des dag kan du dekorere ansiktet og kroppen din med spindelvev, kors, edderkopper og forskjellige m\u00f8nstre! En ting er sikkert, du vil bli sett, enten du skal p\u00e5 Halloween-fest, De d\u00f8des dag-fest, maskerade eller bare vil ha det g\u00f8y! V\u00e5re ansiktstatoveringer er enkle \u00e5 p\u00e5f\u00f8re, vaske av og er selvf\u00f8lgelig trygge \u00e5 bruke. Arkst\u00f8rrelse: A5 Antall tatoveringer: 16\" \/>\n<meta property=\"og:url\" content=\"https:\/\/likeink.com\/no\/faketatureringar\/halloween-ansiktstatoveringer-a5\/\" \/>\n<meta property=\"og:site_name\" content=\"Like ink\" \/>\n<meta property=\"article:publisher\" content=\"https:\/\/www.facebook.com\/LikeInkSe\" \/>\n<meta property=\"article:modified_time\" content=\"2026-03-16T20:42:40+00:00\" \/>\n<meta property=\"og:image\" content=\"https:\/\/likeink.com\/wp-content\/uploads\/2022\/09\/DayOfTheDead_FaceTattoo_Black_Likeink.jpg\" \/>\n\t<meta property=\"og:image:width\" content=\"1134\" \/>\n\t<meta property=\"og:image:height\" content=\"800\" \/>\n\t<meta property=\"og:image:type\" content=\"image\/jpeg\" \/>\n<meta name=\"twitter:card\" content=\"summary_large_image\" \/>\n<!-- \/ Yoast SEO Premium plugin. -->","yoast_head_json":{"title":"Halloween-ansiktstatoveringer A5! Rask levering - Like ink","description":"H\u00f8ykvalitets Halloween-ansiktstatoveringer! Trygge \u00e5 bruke og enkle \u00e5 p\u00e5f\u00f8re! Bestill noen Day of the Dead-ansiktstatoveringer! - Like ink","robots":{"index":"index","follow":"follow","max-snippet":"max-snippet:-1","max-image-preview":"max-image-preview:large","max-video-preview":"max-video-preview:-1"},"canonical":"https:\/\/likeink.com\/no\/faketatureringar\/halloween-ansiktstatoveringer-a5\/","og_locale":"nb_NO","og_type":"article","og_title":"Halloween-ansiktstatoveringer","og_description":"V\u00e5re falske tatoveringsark er 20 x 14 cm store og fylt med motivet som er avbildet. Vi trykker og sender bestillingen din innen 24 timer! Kj\u00f8p Halloween-ansiktstatoveringerMotivene er inspirert av h\u00f8ytiden De d\u00f8des dag, som opprinnelig er en meksikansk h\u00f8ytid som feires hvert \u00e5r til minne om familie og venner som har g\u00e5tt bort. Over tid har De d\u00f8des dag spredt seg til store deler av verden, og i dag smelter h\u00f8ytiden ofte sammen med Halloween og andre amerikanske h\u00f8ytider. Med hjelp av dette A5-arket fylt med ansiktstatueringer til De d\u00f8des dag kan du dekorere ansiktet og kroppen din med spindelvev, kors, edderkopper og forskjellige m\u00f8nstre! En ting er sikkert, du vil bli sett, enten du skal p\u00e5 Halloween-fest, De d\u00f8des dag-fest, maskerade eller bare vil ha det g\u00f8y! V\u00e5re ansiktstatoveringer er enkle \u00e5 p\u00e5f\u00f8re, vaske av og er selvf\u00f8lgelig trygge \u00e5 bruke. Arkst\u00f8rrelse: A5 Antall tatoveringer: 16","og_url":"https:\/\/likeink.com\/no\/faketatureringar\/halloween-ansiktstatoveringer-a5\/","og_site_name":"Like ink","article_publisher":"https:\/\/www.facebook.com\/LikeInkSe","article_modified_time":"2026-03-16T20:42:40+00:00","og_image":[{"width":1134,"height":800,"url":"https:\/\/likeink.com\/wp-content\/uploads\/2022\/09\/DayOfTheDead_FaceTattoo_Black_Likeink.jpg","type":"image\/jpeg"}],"twitter_card":"summary_large_image","schema":{"@context":"https:\/\/schema.org","@graph":[{"@type":"WebPage","@id":"https:\/\/likeink.com\/no\/faketatureringar\/halloween-ansiktstatoveringer-a5\/","url":"https:\/\/likeink.com\/no\/faketatureringar\/halloween-ansiktstatoveringer-a5\/","name":"Halloween-ansiktstatoveringer A5! Rask levering - Like ink","isPartOf":{"@id":"https:\/\/likeink.com\/no\/#website"},"primaryImageOfPage":{"@id":"https:\/\/likeink.com\/no\/faketatureringar\/halloween-ansiktstatoveringer-a5\/#primaryimage"},"image":{"@id":"https:\/\/likeink.com\/no\/faketatureringar\/halloween-ansiktstatoveringer-a5\/#primaryimage"},"thumbnailUrl":"https:\/\/likeink.com\/wp-content\/uploads\/2022\/09\/DayOfTheDead_FaceTattoo_Black_Likeink.jpg","datePublished":"2025-12-15T09:35:21+00:00","dateModified":"2026-03-16T20:42:40+00:00","description":"H\u00f8ykvalitets Halloween-ansiktstatoveringer! Trygge \u00e5 bruke og enkle \u00e5 p\u00e5f\u00f8re! Bestill noen Day of the Dead-ansiktstatoveringer! - Like ink","breadcrumb":{"@id":"https:\/\/likeink.com\/no\/faketatureringar\/halloween-ansiktstatoveringer-a5\/#breadcrumb"},"inLanguage":"nb-NO","potentialAction":[{"@type":"ReadAction","target":["https:\/\/likeink.com\/no\/faketatureringar\/halloween-ansiktstatoveringer-a5\/"]}]},{"@type":"ImageObject","inLanguage":"nb-NO","@id":"https:\/\/likeink.com\/no\/faketatureringar\/halloween-ansiktstatoveringer-a5\/#primaryimage","url":"https:\/\/likeink.com\/wp-content\/uploads\/2022\/09\/DayOfTheDead_FaceTattoo_Black_Likeink.jpg","contentUrl":"https:\/\/likeink.com\/wp-content\/uploads\/2022\/09\/DayOfTheDead_FaceTattoo_Black_Likeink.jpg","width":1134,"height":800,"caption":"Day Of The Dead face tattoo. Like ink face tattoo."},{"@type":"BreadcrumbList","@id":"https:\/\/likeink.com\/no\/faketatureringar\/halloween-ansiktstatoveringer-a5\/#breadcrumb","itemListElement":[{"@type":"ListItem","position":1,"name":"Hem","item":"https:\/\/likeink.com\/no\/"},{"@type":"ListItem","position":2,"name":"Butikk","item":"https:\/\/likeink.com\/no\/butikk\/"},{"@type":"ListItem","position":3,"name":"Halloween-ansiktstatoveringer"}]},{"@type":"WebSite","@id":"https:\/\/likeink.com\/no\/#website","url":"https:\/\/likeink.com\/no\/","name":"Like ink","description":"Make your own custom design","potentialAction":[{"@type":"SearchAction","target":{"@type":"EntryPoint","urlTemplate":"https:\/\/likeink.com\/no\/?s={search_term_string}"},"query-input":{"@type":"PropertyValueSpecification","valueRequired":true,"valueName":"search_term_string"}}],"inLanguage":"nb-NO"}]}},"_links":{"self":[{"href":"https:\/\/likeink.com\/no\/wp-json\/wp\/v2\/product\/54313","targetHints":{"allow":["GET"]}}],"collection":[{"href":"https:\/\/likeink.com\/no\/wp-json\/wp\/v2\/product"}],"about":[{"href":"https:\/\/likeink.com\/no\/wp-json\/wp\/v2\/types\/product"}],"wp:featuredmedia":[{"embeddable":true,"href":"https:\/\/likeink.com\/no\/wp-json\/wp\/v2\/media\/54314"}],"wp:attachment":[{"href":"https:\/\/likeink.com\/no\/wp-json\/wp\/v2\/media?parent=54313"}],"wp:term":[{"taxonomy":"product_brand","embeddable":true,"href":"https:\/\/likeink.com\/no\/wp-json\/wp\/v2\/product_brand?post=54313"},{"taxonomy":"product_cat","embeddable":true,"href":"https:\/\/likeink.com\/no\/wp-json\/wp\/v2\/product_cat?post=54313"},{"taxonomy":"product_tag","embeddable":true,"href":"https:\/\/likeink.com\/no\/wp-json\/wp\/v2\/product_tag?post=54313"}],"curies":[{"name":"wp","href":"https:\/\/api.w.org\/{rel}","templated":true}]}}