{"id":54315,"date":"2022-09-28T15:10:41","date_gmt":"2025-12-15T09:35:22","guid":{"rendered":"https:\/\/likeink.com\/gnuggis\/de-dodes-dag-ansiktstatoveringer-a5\/"},"modified":"2026-03-16T20:42:51","modified_gmt":"2026-03-16T20:42:51","slug":"de-dodes-dag-ansiktstatoveringer-a5","status":"publish","type":"product","link":"https:\/\/likeink.com\/no\/faketatureringar\/de-dodes-dag-ansiktstatoveringer-a5\/","title":{"rendered":"De d\u00f8des dag ansiktstatoveringer"},"content":{"rendered":"","protected":false},"excerpt":{"rendered":"<p>Som blekk er midlertidige tatoveringsark 20 x 14 cm store og fylt med det avbildede motivet. Vi trykker og sender bestillingen din innen 24 timer!<\/p>\n<h2>Bestill Halloween-tatoveringer, A5-ark med Day of the Dead-ansiktstatoveringer<\/h2>\n<p>Day of the Dead er opprinnelig en meksikansk h\u00f8ytid som feires hvert \u00e5r til minne om familie og venner som har g\u00e5tt bort. Over tid har Day of the Dead spredt seg til store deler av verden, og i dag smelter h\u00f8ytiden ofte sammen med Halloween, All Saints&#x27; Eve og andre amerikanske h\u00f8ytider.<\/p>\n<p>Med hjelp av dette A5-arket fylt med Day of the Dead-midlertidige tatoveringer kan du dekorere ansiktet og kroppen din med spindelvev, kors, edderkopper og forskjellige m\u00f8nstre!<br \/>\nEn ting er sikkert, du vil bli sett, enten du skal p\u00e5 Halloween-fest, maskerade eller bare vil ha det g\u00f8y!<\/p>\n<p>V\u00e5re tatoveringer er enkle \u00e5 p\u00e5f\u00f8re, vaske av og er selvf\u00f8lgelig trygge \u00e5 bruke.<\/p>\n<p>Arkst\u00f8rrelse: A5<br \/>\nAntall tatoveringer: 16<\/p>\n","protected":false},"featured_media":54316,"template":"","meta":[],"product_brand":[],"product_cat":[365,377],"product_tag":[],"class_list":{"0":"post-54315","1":"product","2":"type-product","3":"status-publish","4":"has-post-thumbnail","6":"product_cat-ferdige-ark","7":"product_cat-halloween-tatoveringer-no","9":"first","10":"instock","11":"taxable","12":"shipping-taxable","13":"purchasable","14":"product-type-simple"},"yoast_head":"<!-- This site is optimized with the Yoast SEO Premium plugin v26.2 (Yoast SEO v27.4) - https:\/\/yoast.com\/product\/yoast-seo-premium-wordpress\/ -->\n<title>De d\u00f8des dag ansiktstatoveringer A5 - Like ink<\/title>\n<meta name=\"description\" content=\"Day Of the Dead-ansiktstatoveringer til Halloween. H\u00f8ykvalitets og trygge midlertidige tatoveringer produsert i Sverige. - Like ink\" \/>\n<meta name=\"robots\" content=\"index, follow, max-snippet:-1, max-image-preview:large, max-video-preview:-1\" \/>\n<link rel=\"canonical\" href=\"https:\/\/likeink.com\/no\/faketatureringar\/de-dodes-dag-ansiktstatoveringer-a5\/\" \/>\n<meta property=\"og:locale\" content=\"nb_NO\" \/>\n<meta property=\"og:type\" content=\"article\" \/>\n<meta property=\"og:title\" content=\"De d\u00f8des dag ansiktstatoveringer\" \/>\n<meta property=\"og:description\" content=\"Som blekk er midlertidige tatoveringsark 20 x 14 cm store og fylt med det avbildede motivet. Vi trykker og sender bestillingen din innen 24 timer! Bestill Halloween-tatoveringer, A5-ark med Day of the Dead-ansiktstatoveringerDay of the Dead er opprinnelig en meksikansk h\u00f8ytid som feires hvert \u00e5r til minne om familie og venner som har g\u00e5tt bort. Over tid har Day of the Dead spredt seg til store deler av verden, og i dag smelter h\u00f8ytiden ofte sammen med Halloween, All Saints&#x27; Eve og andre amerikanske h\u00f8ytider. Med hjelp av dette A5-arket fylt med Day of the Dead-midlertidige tatoveringer kan du dekorere ansiktet og kroppen din med spindelvev, kors, edderkopper og forskjellige m\u00f8nstre! En ting er sikkert, du vil bli sett, enten du skal p\u00e5 Halloween-fest, maskerade eller bare vil ha det g\u00f8y! V\u00e5re tatoveringer er enkle \u00e5 p\u00e5f\u00f8re, vaske av og er selvf\u00f8lgelig trygge \u00e5 bruke. Arkst\u00f8rrelse: A5 Antall tatoveringer: 16\" \/>\n<meta property=\"og:url\" content=\"https:\/\/likeink.com\/no\/faketatureringar\/de-dodes-dag-ansiktstatoveringer-a5\/\" \/>\n<meta property=\"og:site_name\" content=\"Like ink\" \/>\n<meta property=\"article:publisher\" content=\"https:\/\/www.facebook.com\/LikeInkSe\" \/>\n<meta property=\"article:modified_time\" content=\"2026-03-16T20:42:51+00:00\" \/>\n<meta property=\"og:image\" content=\"https:\/\/likeink.com\/wp-content\/uploads\/2022\/09\/DayOfTheDead_FaceTattoo_Purple_Likeink.jpg\" \/>\n\t<meta property=\"og:image:width\" content=\"992\" \/>\n\t<meta property=\"og:image:height\" content=\"700\" \/>\n\t<meta property=\"og:image:type\" content=\"image\/jpeg\" \/>\n<meta name=\"twitter:card\" content=\"summary_large_image\" \/>\n<script type=\"application\/ld+json\" class=\"yoast-schema-graph\">{\"@context\":\"https:\\\/\\\/schema.org\",\"@graph\":[{\"@type\":\"WebPage\",\"@id\":\"https:\\\/\\\/likeink.com\\\/no\\\/faketatureringar\\\/de-dodes-dag-ansiktstatoveringer-a5\\\/\",\"url\":\"https:\\\/\\\/likeink.com\\\/no\\\/faketatureringar\\\/de-dodes-dag-ansiktstatoveringer-a5\\\/\",\"name\":\"De d\u00f8des dag ansiktstatoveringer A5 - Like ink\",\"isPartOf\":{\"@id\":\"https:\\\/\\\/likeink.com\\\/no\\\/#website\"},\"primaryImageOfPage\":{\"@id\":\"https:\\\/\\\/likeink.com\\\/no\\\/faketatureringar\\\/de-dodes-dag-ansiktstatoveringer-a5\\\/#primaryimage\"},\"image\":{\"@id\":\"https:\\\/\\\/likeink.com\\\/no\\\/faketatureringar\\\/de-dodes-dag-ansiktstatoveringer-a5\\\/#primaryimage\"},\"thumbnailUrl\":\"https:\\\/\\\/likeink.com\\\/wp-content\\\/uploads\\\/2022\\\/09\\\/DayOfTheDead_FaceTattoo_Purple_Likeink.jpg\",\"datePublished\":\"2025-12-15T09:35:22+00:00\",\"dateModified\":\"2026-03-16T20:42:51+00:00\",\"description\":\"Day Of the Dead-ansiktstatoveringer til Halloween. H\u00f8ykvalitets og trygge midlertidige tatoveringer produsert i Sverige. - Like ink\",\"breadcrumb\":{\"@id\":\"https:\\\/\\\/likeink.com\\\/no\\\/faketatureringar\\\/de-dodes-dag-ansiktstatoveringer-a5\\\/#breadcrumb\"},\"inLanguage\":\"nb-NO\",\"potentialAction\":[{\"@type\":\"ReadAction\",\"target\":[\"https:\\\/\\\/likeink.com\\\/no\\\/faketatureringar\\\/de-dodes-dag-ansiktstatoveringer-a5\\\/\"]}]},{\"@type\":\"ImageObject\",\"inLanguage\":\"nb-NO\",\"@id\":\"https:\\\/\\\/likeink.com\\\/no\\\/faketatureringar\\\/de-dodes-dag-ansiktstatoveringer-a5\\\/#primaryimage\",\"url\":\"https:\\\/\\\/likeink.com\\\/wp-content\\\/uploads\\\/2022\\\/09\\\/DayOfTheDead_FaceTattoo_Purple_Likeink.jpg\",\"contentUrl\":\"https:\\\/\\\/likeink.com\\\/wp-content\\\/uploads\\\/2022\\\/09\\\/DayOfTheDead_FaceTattoo_Purple_Likeink.jpg\",\"width\":992,\"height\":700,\"caption\":\"Pink tattoo, temporary tattoo.\"},{\"@type\":\"BreadcrumbList\",\"@id\":\"https:\\\/\\\/likeink.com\\\/no\\\/faketatureringar\\\/de-dodes-dag-ansiktstatoveringer-a5\\\/#breadcrumb\",\"itemListElement\":[{\"@type\":\"ListItem\",\"position\":1,\"name\":\"Hem\",\"item\":\"https:\\\/\\\/likeink.com\\\/no\\\/\"},{\"@type\":\"ListItem\",\"position\":2,\"name\":\"Butikk\",\"item\":\"https:\\\/\\\/likeink.com\\\/no\\\/butikk\\\/\"},{\"@type\":\"ListItem\",\"position\":3,\"name\":\"De d\u00f8des dag ansiktstatoveringer\"}]},{\"@type\":\"WebSite\",\"@id\":\"https:\\\/\\\/likeink.com\\\/no\\\/#website\",\"url\":\"https:\\\/\\\/likeink.com\\\/no\\\/\",\"name\":\"Like ink\",\"description\":\"Make your own custom design\",\"potentialAction\":[{\"@type\":\"SearchAction\",\"target\":{\"@type\":\"EntryPoint\",\"urlTemplate\":\"https:\\\/\\\/likeink.com\\\/no\\\/?s={search_term_string}\"},\"query-input\":{\"@type\":\"PropertyValueSpecification\",\"valueRequired\":true,\"valueName\":\"search_term_string\"}}],\"inLanguage\":\"nb-NO\"}]}<\/script>\n<!-- \/ Yoast SEO Premium plugin. -->","yoast_head_json":{"title":"De d\u00f8des dag ansiktstatoveringer A5 - Like ink","description":"Day Of the Dead-ansiktstatoveringer til Halloween. H\u00f8ykvalitets og trygge midlertidige tatoveringer produsert i Sverige. - Like ink","robots":{"index":"index","follow":"follow","max-snippet":"max-snippet:-1","max-image-preview":"max-image-preview:large","max-video-preview":"max-video-preview:-1"},"canonical":"https:\/\/likeink.com\/no\/faketatureringar\/de-dodes-dag-ansiktstatoveringer-a5\/","og_locale":"nb_NO","og_type":"article","og_title":"De d\u00f8des dag ansiktstatoveringer","og_description":"Som blekk er midlertidige tatoveringsark 20 x 14 cm store og fylt med det avbildede motivet. Vi trykker og sender bestillingen din innen 24 timer! Bestill Halloween-tatoveringer, A5-ark med Day of the Dead-ansiktstatoveringerDay of the Dead er opprinnelig en meksikansk h\u00f8ytid som feires hvert \u00e5r til minne om familie og venner som har g\u00e5tt bort. Over tid har Day of the Dead spredt seg til store deler av verden, og i dag smelter h\u00f8ytiden ofte sammen med Halloween, All Saints&#x27; Eve og andre amerikanske h\u00f8ytider. Med hjelp av dette A5-arket fylt med Day of the Dead-midlertidige tatoveringer kan du dekorere ansiktet og kroppen din med spindelvev, kors, edderkopper og forskjellige m\u00f8nstre! En ting er sikkert, du vil bli sett, enten du skal p\u00e5 Halloween-fest, maskerade eller bare vil ha det g\u00f8y! V\u00e5re tatoveringer er enkle \u00e5 p\u00e5f\u00f8re, vaske av og er selvf\u00f8lgelig trygge \u00e5 bruke. Arkst\u00f8rrelse: A5 Antall tatoveringer: 16","og_url":"https:\/\/likeink.com\/no\/faketatureringar\/de-dodes-dag-ansiktstatoveringer-a5\/","og_site_name":"Like ink","article_publisher":"https:\/\/www.facebook.com\/LikeInkSe","article_modified_time":"2026-03-16T20:42:51+00:00","og_image":[{"width":992,"height":700,"url":"https:\/\/likeink.com\/wp-content\/uploads\/2022\/09\/DayOfTheDead_FaceTattoo_Purple_Likeink.jpg","type":"image\/jpeg"}],"twitter_card":"summary_large_image","schema":{"@context":"https:\/\/schema.org","@graph":[{"@type":"WebPage","@id":"https:\/\/likeink.com\/no\/faketatureringar\/de-dodes-dag-ansiktstatoveringer-a5\/","url":"https:\/\/likeink.com\/no\/faketatureringar\/de-dodes-dag-ansiktstatoveringer-a5\/","name":"De d\u00f8des dag ansiktstatoveringer A5 - Like ink","isPartOf":{"@id":"https:\/\/likeink.com\/no\/#website"},"primaryImageOfPage":{"@id":"https:\/\/likeink.com\/no\/faketatureringar\/de-dodes-dag-ansiktstatoveringer-a5\/#primaryimage"},"image":{"@id":"https:\/\/likeink.com\/no\/faketatureringar\/de-dodes-dag-ansiktstatoveringer-a5\/#primaryimage"},"thumbnailUrl":"https:\/\/likeink.com\/wp-content\/uploads\/2022\/09\/DayOfTheDead_FaceTattoo_Purple_Likeink.jpg","datePublished":"2025-12-15T09:35:22+00:00","dateModified":"2026-03-16T20:42:51+00:00","description":"Day Of the Dead-ansiktstatoveringer til Halloween. H\u00f8ykvalitets og trygge midlertidige tatoveringer produsert i Sverige. - Like ink","breadcrumb":{"@id":"https:\/\/likeink.com\/no\/faketatureringar\/de-dodes-dag-ansiktstatoveringer-a5\/#breadcrumb"},"inLanguage":"nb-NO","potentialAction":[{"@type":"ReadAction","target":["https:\/\/likeink.com\/no\/faketatureringar\/de-dodes-dag-ansiktstatoveringer-a5\/"]}]},{"@type":"ImageObject","inLanguage":"nb-NO","@id":"https:\/\/likeink.com\/no\/faketatureringar\/de-dodes-dag-ansiktstatoveringer-a5\/#primaryimage","url":"https:\/\/likeink.com\/wp-content\/uploads\/2022\/09\/DayOfTheDead_FaceTattoo_Purple_Likeink.jpg","contentUrl":"https:\/\/likeink.com\/wp-content\/uploads\/2022\/09\/DayOfTheDead_FaceTattoo_Purple_Likeink.jpg","width":992,"height":700,"caption":"Pink tattoo, temporary tattoo."},{"@type":"BreadcrumbList","@id":"https:\/\/likeink.com\/no\/faketatureringar\/de-dodes-dag-ansiktstatoveringer-a5\/#breadcrumb","itemListElement":[{"@type":"ListItem","position":1,"name":"Hem","item":"https:\/\/likeink.com\/no\/"},{"@type":"ListItem","position":2,"name":"Butikk","item":"https:\/\/likeink.com\/no\/butikk\/"},{"@type":"ListItem","position":3,"name":"De d\u00f8des dag ansiktstatoveringer"}]},{"@type":"WebSite","@id":"https:\/\/likeink.com\/no\/#website","url":"https:\/\/likeink.com\/no\/","name":"Like ink","description":"Make your own custom design","potentialAction":[{"@type":"SearchAction","target":{"@type":"EntryPoint","urlTemplate":"https:\/\/likeink.com\/no\/?s={search_term_string}"},"query-input":{"@type":"PropertyValueSpecification","valueRequired":true,"valueName":"search_term_string"}}],"inLanguage":"nb-NO"}]}},"_links":{"self":[{"href":"https:\/\/likeink.com\/no\/wp-json\/wp\/v2\/product\/54315","targetHints":{"allow":["GET"]}}],"collection":[{"href":"https:\/\/likeink.com\/no\/wp-json\/wp\/v2\/product"}],"about":[{"href":"https:\/\/likeink.com\/no\/wp-json\/wp\/v2\/types\/product"}],"wp:featuredmedia":[{"embeddable":true,"href":"https:\/\/likeink.com\/no\/wp-json\/wp\/v2\/media\/54316"}],"wp:attachment":[{"href":"https:\/\/likeink.com\/no\/wp-json\/wp\/v2\/media?parent=54315"}],"wp:term":[{"taxonomy":"product_brand","embeddable":true,"href":"https:\/\/likeink.com\/no\/wp-json\/wp\/v2\/product_brand?post=54315"},{"taxonomy":"product_cat","embeddable":true,"href":"https:\/\/likeink.com\/no\/wp-json\/wp\/v2\/product_cat?post=54315"},{"taxonomy":"product_tag","embeddable":true,"href":"https:\/\/likeink.com\/no\/wp-json\/wp\/v2\/product_tag?post=54315"}],"curies":[{"name":"wp","href":"https:\/\/api.w.org\/{rel}","templated":true}]}}