{"id":54319,"date":"2022-09-20T18:11:45","date_gmt":"2025-12-15T09:35:24","guid":{"rendered":"https:\/\/likeink.com\/gnuggis\/suicide-squad-joker-tatoveringer-a5\/"},"modified":"2026-03-16T20:42:51","modified_gmt":"2026-03-16T20:42:51","slug":"suicide-squad-joker-tatoveringer-a5","status":"publish","type":"product","link":"https:\/\/likeink.com\/no\/faketatureringar\/suicide-squad-joker-tatoveringer-a5\/","title":{"rendered":"Suicide Squad Joker-tatoveringer"},"content":{"rendered":"","protected":false},"excerpt":{"rendered":"<p>V\u00e5re ark med falske tatoveringer er 20 x 14 cm store og fylt med Joker-designet fra filmen Suicide Squad, som du ser p\u00e5 bildet. Vi trykker og sender bestillingen din innen 24 timer!<\/p>\n<h2>Suicide Squad Joker ansikt, h\u00e5nd og underarm tatoveringer<\/h2>\n<p>Joker har f\u00f8lgende tatoveringer i ansiktet: Teksten \u00abDamaged\u00bb skal plasseres midt p\u00e5 pannen, J-tatoveringen under venstre \u00f8ye og den svarte stjernen diagonalt over h\u00f8yre \u00f8ye.<\/p>\n<p>Den store, mer langstrakte munnen skal v\u00e6re p\u00e5 h\u00f8yre underarm, og den store, h\u00f8yere munnen skal v\u00e6re p\u00e5 baksiden av venstre h\u00e5nd. Tatoveringen med \u00abHAHAHA\u00bb skal v\u00e6re p\u00e5 venstre underarm.<\/p>\n<p>Jokeren er en fiktiv skurk fra DC Comics, f\u00f8rst og fremst kjent som Batmans erkefiende. Jokeren ble skapt av Bob Kane og Bill Finger, og hadde sin f\u00f8rste opptreden i Batman #1.<\/p>\n<p>Jokeren er en av f\u00e5 fiktive figurer som har tatoveringer, noe som naturligvis gj\u00f8r Jokeren, sammen med Jokerens ekskj\u00e6reste Harley Quinn, til Like Inks favorittskurker.<\/p>\n<p>Like Inks falske tatoveringer er av h\u00f8yeste kvalitet, trygge og enkle \u00e5 bruke, og tatoveringene ser ogs\u00e5 flotte ut!<\/p>\n","protected":false},"featured_media":54320,"template":"","meta":[],"product_brand":[],"product_cat":[365,377],"product_tag":[],"class_list":{"0":"post-54319","1":"product","2":"type-product","3":"status-publish","4":"has-post-thumbnail","6":"product_cat-ferdige-ark","7":"product_cat-halloween-tatoveringer-no","9":"first","10":"instock","11":"taxable","12":"shipping-taxable","13":"purchasable","14":"product-type-simple"},"yoast_head":"<!-- This site is optimized with the Yoast SEO Premium plugin v26.2 (Yoast SEO v27.4) - https:\/\/yoast.com\/product\/yoast-seo-premium-wordpress\/ -->\n<title>Suicide Squad Joker-tatoveringer A5 - Like ink<\/title>\n<meta name=\"description\" content=\"Suicide Squad Joker-tatoveringer A5. Joker-tatoveringer p\u00e5 ansikt, h\u00e5nd og underarm! Gratis rask frakt! - Like ink\" \/>\n<meta name=\"robots\" content=\"index, follow, max-snippet:-1, max-image-preview:large, max-video-preview:-1\" \/>\n<link rel=\"canonical\" href=\"https:\/\/likeink.com\/no\/faketatureringar\/suicide-squad-joker-tatoveringer-a5\/\" \/>\n<meta property=\"og:locale\" content=\"nb_NO\" \/>\n<meta property=\"og:type\" content=\"article\" \/>\n<meta property=\"og:title\" content=\"Suicide Squad Joker-tatoveringer\" \/>\n<meta property=\"og:description\" content=\"V\u00e5re ark med falske tatoveringer er 20 x 14 cm store og fylt med Joker-designet fra filmen Suicide Squad, som du ser p\u00e5 bildet. Vi trykker og sender bestillingen din innen 24 timer! Suicide Squad Joker ansikt, h\u00e5nd og underarm tatoveringerJoker har f\u00f8lgende tatoveringer i ansiktet: Teksten \u00abDamaged\u00bb skal plasseres midt p\u00e5 pannen, J-tatoveringen under venstre \u00f8ye og den svarte stjernen diagonalt over h\u00f8yre \u00f8ye. Den store, mer langstrakte munnen skal v\u00e6re p\u00e5 h\u00f8yre underarm, og den store, h\u00f8yere munnen skal v\u00e6re p\u00e5 baksiden av venstre h\u00e5nd. Tatoveringen med \u00abHAHAHA\u00bb skal v\u00e6re p\u00e5 venstre underarm. Jokeren er en fiktiv skurk fra DC Comics, f\u00f8rst og fremst kjent som Batmans erkefiende. Jokeren ble skapt av Bob Kane og Bill Finger, og hadde sin f\u00f8rste opptreden i Batman #1. Jokeren er en av f\u00e5 fiktive figurer som har tatoveringer, noe som naturligvis gj\u00f8r Jokeren, sammen med Jokerens ekskj\u00e6reste Harley Quinn, til Like Inks favorittskurker. Like Inks falske tatoveringer er av h\u00f8yeste kvalitet, trygge og enkle \u00e5 bruke, og tatoveringene ser ogs\u00e5 flotte ut!\" \/>\n<meta property=\"og:url\" content=\"https:\/\/likeink.com\/no\/faketatureringar\/suicide-squad-joker-tatoveringer-a5\/\" \/>\n<meta property=\"og:site_name\" content=\"Like ink\" \/>\n<meta property=\"article:publisher\" content=\"https:\/\/www.facebook.com\/LikeInkSe\" \/>\n<meta property=\"article:modified_time\" content=\"2026-03-16T20:42:51+00:00\" \/>\n<meta property=\"og:image\" content=\"https:\/\/likeink.com\/wp-content\/uploads\/2022\/09\/Joker_FaceTattoos_Likeink.jpg\" \/>\n\t<meta property=\"og:image:width\" content=\"1200\" \/>\n\t<meta property=\"og:image:height\" content=\"845\" \/>\n\t<meta property=\"og:image:type\" content=\"image\/jpeg\" \/>\n<meta name=\"twitter:card\" content=\"summary_large_image\" \/>\n<script type=\"application\/ld+json\" class=\"yoast-schema-graph\">{\"@context\":\"https:\\\/\\\/schema.org\",\"@graph\":[{\"@type\":\"WebPage\",\"@id\":\"https:\\\/\\\/likeink.com\\\/no\\\/faketatureringar\\\/suicide-squad-joker-tatoveringer-a5\\\/\",\"url\":\"https:\\\/\\\/likeink.com\\\/no\\\/faketatureringar\\\/suicide-squad-joker-tatoveringer-a5\\\/\",\"name\":\"Suicide Squad Joker-tatoveringer A5 - Like ink\",\"isPartOf\":{\"@id\":\"https:\\\/\\\/likeink.com\\\/no\\\/#website\"},\"primaryImageOfPage\":{\"@id\":\"https:\\\/\\\/likeink.com\\\/no\\\/faketatureringar\\\/suicide-squad-joker-tatoveringer-a5\\\/#primaryimage\"},\"image\":{\"@id\":\"https:\\\/\\\/likeink.com\\\/no\\\/faketatureringar\\\/suicide-squad-joker-tatoveringer-a5\\\/#primaryimage\"},\"thumbnailUrl\":\"https:\\\/\\\/likeink.com\\\/wp-content\\\/uploads\\\/2022\\\/09\\\/Joker_FaceTattoos_Likeink.jpg\",\"datePublished\":\"2025-12-15T09:35:24+00:00\",\"dateModified\":\"2026-03-16T20:42:51+00:00\",\"description\":\"Suicide Squad Joker-tatoveringer A5. Joker-tatoveringer p\u00e5 ansikt, h\u00e5nd og underarm! Gratis rask frakt! - Like ink\",\"breadcrumb\":{\"@id\":\"https:\\\/\\\/likeink.com\\\/no\\\/faketatureringar\\\/suicide-squad-joker-tatoveringer-a5\\\/#breadcrumb\"},\"inLanguage\":\"nb-NO\",\"potentialAction\":[{\"@type\":\"ReadAction\",\"target\":[\"https:\\\/\\\/likeink.com\\\/no\\\/faketatureringar\\\/suicide-squad-joker-tatoveringer-a5\\\/\"]}]},{\"@type\":\"ImageObject\",\"inLanguage\":\"nb-NO\",\"@id\":\"https:\\\/\\\/likeink.com\\\/no\\\/faketatureringar\\\/suicide-squad-joker-tatoveringer-a5\\\/#primaryimage\",\"url\":\"https:\\\/\\\/likeink.com\\\/wp-content\\\/uploads\\\/2022\\\/09\\\/Joker_FaceTattoos_Likeink.jpg\",\"contentUrl\":\"https:\\\/\\\/likeink.com\\\/wp-content\\\/uploads\\\/2022\\\/09\\\/Joker_FaceTattoos_Likeink.jpg\",\"width\":1200,\"height\":845,\"caption\":\"Suicide Squad Joker face & hand temporary tattoos.\"},{\"@type\":\"BreadcrumbList\",\"@id\":\"https:\\\/\\\/likeink.com\\\/no\\\/faketatureringar\\\/suicide-squad-joker-tatoveringer-a5\\\/#breadcrumb\",\"itemListElement\":[{\"@type\":\"ListItem\",\"position\":1,\"name\":\"Hem\",\"item\":\"https:\\\/\\\/likeink.com\\\/no\\\/\"},{\"@type\":\"ListItem\",\"position\":2,\"name\":\"Butikk\",\"item\":\"https:\\\/\\\/likeink.com\\\/no\\\/butikk\\\/\"},{\"@type\":\"ListItem\",\"position\":3,\"name\":\"Suicide Squad Joker-tatoveringer\"}]},{\"@type\":\"WebSite\",\"@id\":\"https:\\\/\\\/likeink.com\\\/no\\\/#website\",\"url\":\"https:\\\/\\\/likeink.com\\\/no\\\/\",\"name\":\"Like ink\",\"description\":\"Make your own custom design\",\"potentialAction\":[{\"@type\":\"SearchAction\",\"target\":{\"@type\":\"EntryPoint\",\"urlTemplate\":\"https:\\\/\\\/likeink.com\\\/no\\\/?s={search_term_string}\"},\"query-input\":{\"@type\":\"PropertyValueSpecification\",\"valueRequired\":true,\"valueName\":\"search_term_string\"}}],\"inLanguage\":\"nb-NO\"}]}<\/script>\n<!-- \/ Yoast SEO Premium plugin. -->","yoast_head_json":{"title":"Suicide Squad Joker-tatoveringer A5 - Like ink","description":"Suicide Squad Joker-tatoveringer A5. Joker-tatoveringer p\u00e5 ansikt, h\u00e5nd og underarm! Gratis rask frakt! - Like ink","robots":{"index":"index","follow":"follow","max-snippet":"max-snippet:-1","max-image-preview":"max-image-preview:large","max-video-preview":"max-video-preview:-1"},"canonical":"https:\/\/likeink.com\/no\/faketatureringar\/suicide-squad-joker-tatoveringer-a5\/","og_locale":"nb_NO","og_type":"article","og_title":"Suicide Squad Joker-tatoveringer","og_description":"V\u00e5re ark med falske tatoveringer er 20 x 14 cm store og fylt med Joker-designet fra filmen Suicide Squad, som du ser p\u00e5 bildet. Vi trykker og sender bestillingen din innen 24 timer! Suicide Squad Joker ansikt, h\u00e5nd og underarm tatoveringerJoker har f\u00f8lgende tatoveringer i ansiktet: Teksten \u00abDamaged\u00bb skal plasseres midt p\u00e5 pannen, J-tatoveringen under venstre \u00f8ye og den svarte stjernen diagonalt over h\u00f8yre \u00f8ye. Den store, mer langstrakte munnen skal v\u00e6re p\u00e5 h\u00f8yre underarm, og den store, h\u00f8yere munnen skal v\u00e6re p\u00e5 baksiden av venstre h\u00e5nd. Tatoveringen med \u00abHAHAHA\u00bb skal v\u00e6re p\u00e5 venstre underarm. Jokeren er en fiktiv skurk fra DC Comics, f\u00f8rst og fremst kjent som Batmans erkefiende. Jokeren ble skapt av Bob Kane og Bill Finger, og hadde sin f\u00f8rste opptreden i Batman #1. Jokeren er en av f\u00e5 fiktive figurer som har tatoveringer, noe som naturligvis gj\u00f8r Jokeren, sammen med Jokerens ekskj\u00e6reste Harley Quinn, til Like Inks favorittskurker. Like Inks falske tatoveringer er av h\u00f8yeste kvalitet, trygge og enkle \u00e5 bruke, og tatoveringene ser ogs\u00e5 flotte ut!","og_url":"https:\/\/likeink.com\/no\/faketatureringar\/suicide-squad-joker-tatoveringer-a5\/","og_site_name":"Like ink","article_publisher":"https:\/\/www.facebook.com\/LikeInkSe","article_modified_time":"2026-03-16T20:42:51+00:00","og_image":[{"width":1200,"height":845,"url":"https:\/\/likeink.com\/wp-content\/uploads\/2022\/09\/Joker_FaceTattoos_Likeink.jpg","type":"image\/jpeg"}],"twitter_card":"summary_large_image","schema":{"@context":"https:\/\/schema.org","@graph":[{"@type":"WebPage","@id":"https:\/\/likeink.com\/no\/faketatureringar\/suicide-squad-joker-tatoveringer-a5\/","url":"https:\/\/likeink.com\/no\/faketatureringar\/suicide-squad-joker-tatoveringer-a5\/","name":"Suicide Squad Joker-tatoveringer A5 - Like ink","isPartOf":{"@id":"https:\/\/likeink.com\/no\/#website"},"primaryImageOfPage":{"@id":"https:\/\/likeink.com\/no\/faketatureringar\/suicide-squad-joker-tatoveringer-a5\/#primaryimage"},"image":{"@id":"https:\/\/likeink.com\/no\/faketatureringar\/suicide-squad-joker-tatoveringer-a5\/#primaryimage"},"thumbnailUrl":"https:\/\/likeink.com\/wp-content\/uploads\/2022\/09\/Joker_FaceTattoos_Likeink.jpg","datePublished":"2025-12-15T09:35:24+00:00","dateModified":"2026-03-16T20:42:51+00:00","description":"Suicide Squad Joker-tatoveringer A5. Joker-tatoveringer p\u00e5 ansikt, h\u00e5nd og underarm! Gratis rask frakt! - Like ink","breadcrumb":{"@id":"https:\/\/likeink.com\/no\/faketatureringar\/suicide-squad-joker-tatoveringer-a5\/#breadcrumb"},"inLanguage":"nb-NO","potentialAction":[{"@type":"ReadAction","target":["https:\/\/likeink.com\/no\/faketatureringar\/suicide-squad-joker-tatoveringer-a5\/"]}]},{"@type":"ImageObject","inLanguage":"nb-NO","@id":"https:\/\/likeink.com\/no\/faketatureringar\/suicide-squad-joker-tatoveringer-a5\/#primaryimage","url":"https:\/\/likeink.com\/wp-content\/uploads\/2022\/09\/Joker_FaceTattoos_Likeink.jpg","contentUrl":"https:\/\/likeink.com\/wp-content\/uploads\/2022\/09\/Joker_FaceTattoos_Likeink.jpg","width":1200,"height":845,"caption":"Suicide Squad Joker face & hand temporary tattoos."},{"@type":"BreadcrumbList","@id":"https:\/\/likeink.com\/no\/faketatureringar\/suicide-squad-joker-tatoveringer-a5\/#breadcrumb","itemListElement":[{"@type":"ListItem","position":1,"name":"Hem","item":"https:\/\/likeink.com\/no\/"},{"@type":"ListItem","position":2,"name":"Butikk","item":"https:\/\/likeink.com\/no\/butikk\/"},{"@type":"ListItem","position":3,"name":"Suicide Squad Joker-tatoveringer"}]},{"@type":"WebSite","@id":"https:\/\/likeink.com\/no\/#website","url":"https:\/\/likeink.com\/no\/","name":"Like ink","description":"Make your own custom design","potentialAction":[{"@type":"SearchAction","target":{"@type":"EntryPoint","urlTemplate":"https:\/\/likeink.com\/no\/?s={search_term_string}"},"query-input":{"@type":"PropertyValueSpecification","valueRequired":true,"valueName":"search_term_string"}}],"inLanguage":"nb-NO"}]}},"_links":{"self":[{"href":"https:\/\/likeink.com\/no\/wp-json\/wp\/v2\/product\/54319","targetHints":{"allow":["GET"]}}],"collection":[{"href":"https:\/\/likeink.com\/no\/wp-json\/wp\/v2\/product"}],"about":[{"href":"https:\/\/likeink.com\/no\/wp-json\/wp\/v2\/types\/product"}],"wp:featuredmedia":[{"embeddable":true,"href":"https:\/\/likeink.com\/no\/wp-json\/wp\/v2\/media\/54320"}],"wp:attachment":[{"href":"https:\/\/likeink.com\/no\/wp-json\/wp\/v2\/media?parent=54319"}],"wp:term":[{"taxonomy":"product_brand","embeddable":true,"href":"https:\/\/likeink.com\/no\/wp-json\/wp\/v2\/product_brand?post=54319"},{"taxonomy":"product_cat","embeddable":true,"href":"https:\/\/likeink.com\/no\/wp-json\/wp\/v2\/product_cat?post=54319"},{"taxonomy":"product_tag","embeddable":true,"href":"https:\/\/likeink.com\/no\/wp-json\/wp\/v2\/product_tag?post=54319"}],"curies":[{"name":"wp","href":"https:\/\/api.w.org\/{rel}","templated":true}]}}