{"id":54323,"date":"2022-08-23T12:31:47","date_gmt":"2025-12-15T09:35:26","guid":{"rendered":"https:\/\/likeink.com\/gnuggis\/illustrasjoner-av-nathalie-anna-gill-a5\/"},"modified":"2026-03-16T20:43:03","modified_gmt":"2026-03-16T20:43:03","slug":"illustrasjoner-av-nathalie-anna-gill-a5","status":"publish","type":"product","link":"https:\/\/likeink.com\/no\/faketatureringar\/illustrasjoner-av-nathalie-anna-gill-a5\/","title":{"rendered":"Illustrasjoner av Nathalie Anna Gill"},"content":{"rendered":"","protected":false},"excerpt":{"rendered":"<p>V\u00e5re ferdige engangsark med midlertidige tatoveringer er omtrent 20\u00d714 cm store og fylt med motivet du ser p\u00e5 bildet. Vi trykker og sender arket innen 24 timer etter at du har lagt inn bestillingen.<\/p>\n<h2>Falske tatoveringer designet av illustrat\u00f8ren Nathalie Anna Gill<\/h2>\n<p>Vi er stolte av \u00e5 presentere et samarbeid mellom oss i Like Ink og illustrat\u00f8ren Nathalie Anna Gill.<br \/>\nVi h\u00e5per du liker kunsten hennes like godt som oss.<\/p>\n<p><strong>Nathalie:<\/strong><\/p>\n<p>\u00abMitt navn er Nathalie Anna Gill, og jeg er illustrat\u00f8r bosatt i Stockholm.<br \/>\nDet hele startet da jeg var liten og endelig kunne holde blyanter og fargestifter! Siden den gang har jeg ganske enkelt ikke sluttet \u00e5 tegne.<br \/>\n\u00c5r senere er illustrasjon og kreativitet fortsatt mine st\u00f8rste lidenskaper i livet.<br \/>\nJeg har jobbet profesjonelt i bransjen i over 10 \u00e5r og elsker det!<\/p>\n<p>Jeg jobber med iPad Pro og Apple Pencil i programmet Fresco.<br \/>\nIllustrasjonene mine har klare linjer, geometriske m\u00f8nstre og sterke farger.<br \/>\nJeg er inspirert av unikhet, skj\u00f8nnhet og stil.<\/p>\n<p>Nathalie Anna Gill er en en-kvinnes-show.<br \/>\nJeg lager alle illustrasjonene selv for h\u00e5nd, med kj\u00e6rlighet og omhu.<\/p>\n<p><strong>Ta kontakt med Nathalie: Instagram:<\/strong><\/p>\n<p>@nathalieannagill<\/p>\n<p><strong>Nettside:<\/strong><\/p>\n<p>https:\/\/nathalieannagill.com<\/p>\n","protected":false},"featured_media":54324,"template":"","meta":[],"product_brand":[],"product_cat":[365,370],"product_tag":[],"class_list":{"0":"post-54323","1":"product","2":"type-product","3":"status-publish","4":"has-post-thumbnail","6":"product_cat-ferdige-ark","7":"product_cat-samarbeid-med-tatoveringskunstnere","9":"first","10":"instock","11":"taxable","12":"shipping-taxable","13":"purchasable","14":"product-type-simple"},"yoast_head":"<!-- This site is optimized with the Yoast SEO Premium plugin v26.2 (Yoast SEO v27.4) - https:\/\/yoast.com\/product\/yoast-seo-premium-wordpress\/ -->\n<title>Illustrasjoner av Nathalie Anna Gill A5 Midlertidige tatoveringer - Like ink<\/title>\n<meta name=\"description\" content=\"Illustrasjoner av illustrat\u00f8ren Nathalie Anna Gill. Gratis frakt og midlertidige tatoveringer av god kvalitet. - Like ink\" \/>\n<meta name=\"robots\" content=\"index, follow, max-snippet:-1, max-image-preview:large, max-video-preview:-1\" \/>\n<link rel=\"canonical\" href=\"https:\/\/likeink.com\/no\/faketatureringar\/illustrasjoner-av-nathalie-anna-gill-a5\/\" \/>\n<meta property=\"og:locale\" content=\"nb_NO\" \/>\n<meta property=\"og:type\" content=\"article\" \/>\n<meta property=\"og:title\" content=\"Illustrasjoner av Nathalie Anna Gill\" \/>\n<meta property=\"og:description\" content=\"V\u00e5re ferdige engangsark med midlertidige tatoveringer er omtrent 20\u00d714 cm store og fylt med motivet du ser p\u00e5 bildet. Vi trykker og sender arket innen 24 timer etter at du har lagt inn bestillingen. Falske tatoveringer designet av illustrat\u00f8ren Nathalie Anna GillVi er stolte av \u00e5 presentere et samarbeid mellom oss i Like Ink og illustrat\u00f8ren Nathalie Anna Gill. Vi h\u00e5per du liker kunsten hennes like godt som oss. Nathalie: \u00abMitt navn er Nathalie Anna Gill, og jeg er illustrat\u00f8r bosatt i Stockholm. Det hele startet da jeg var liten og endelig kunne holde blyanter og fargestifter! Siden den gang har jeg ganske enkelt ikke sluttet \u00e5 tegne. \u00c5r senere er illustrasjon og kreativitet fortsatt mine st\u00f8rste lidenskaper i livet. Jeg har jobbet profesjonelt i bransjen i over 10 \u00e5r og elsker det! Jeg jobber med iPad Pro og Apple Pencil i programmet Fresco. Illustrasjonene mine har klare linjer, geometriske m\u00f8nstre og sterke farger. Jeg er inspirert av unikhet, skj\u00f8nnhet og stil. Nathalie Anna Gill er en en-kvinnes-show. Jeg lager alle illustrasjonene selv for h\u00e5nd, med kj\u00e6rlighet og omhu. Ta kontakt med Nathalie: Instagram: @nathalieannagill Nettside: https:\/\/nathalieannagill.com\" \/>\n<meta property=\"og:url\" content=\"https:\/\/likeink.com\/no\/faketatureringar\/illustrasjoner-av-nathalie-anna-gill-a5\/\" \/>\n<meta property=\"og:site_name\" content=\"Like ink\" \/>\n<meta property=\"article:publisher\" content=\"https:\/\/www.facebook.com\/LikeInkSe\" \/>\n<meta property=\"article:modified_time\" content=\"2026-03-16T20:43:03+00:00\" \/>\n<meta property=\"og:image\" content=\"https:\/\/likeink.com\/wp-content\/uploads\/2022\/08\/NathalieAnnaGill_Iluustration_Likeink-1.jpg\" \/>\n\t<meta property=\"og:image:width\" content=\"851\" \/>\n\t<meta property=\"og:image:height\" content=\"600\" \/>\n\t<meta property=\"og:image:type\" content=\"image\/jpeg\" \/>\n<meta name=\"twitter:card\" content=\"summary_large_image\" \/>\n<script type=\"application\/ld+json\" class=\"yoast-schema-graph\">{\"@context\":\"https:\\\/\\\/schema.org\",\"@graph\":[{\"@type\":\"WebPage\",\"@id\":\"https:\\\/\\\/likeink.com\\\/no\\\/faketatureringar\\\/illustrasjoner-av-nathalie-anna-gill-a5\\\/\",\"url\":\"https:\\\/\\\/likeink.com\\\/no\\\/faketatureringar\\\/illustrasjoner-av-nathalie-anna-gill-a5\\\/\",\"name\":\"Illustrasjoner av Nathalie Anna Gill A5 Midlertidige tatoveringer - Like ink\",\"isPartOf\":{\"@id\":\"https:\\\/\\\/likeink.com\\\/no\\\/#website\"},\"primaryImageOfPage\":{\"@id\":\"https:\\\/\\\/likeink.com\\\/no\\\/faketatureringar\\\/illustrasjoner-av-nathalie-anna-gill-a5\\\/#primaryimage\"},\"image\":{\"@id\":\"https:\\\/\\\/likeink.com\\\/no\\\/faketatureringar\\\/illustrasjoner-av-nathalie-anna-gill-a5\\\/#primaryimage\"},\"thumbnailUrl\":\"https:\\\/\\\/likeink.com\\\/wp-content\\\/uploads\\\/2022\\\/08\\\/NathalieAnnaGill_Iluustration_Likeink-1.jpg\",\"datePublished\":\"2025-12-15T09:35:26+00:00\",\"dateModified\":\"2026-03-16T20:43:03+00:00\",\"description\":\"Illustrasjoner av illustrat\u00f8ren Nathalie Anna Gill. Gratis frakt og midlertidige tatoveringer av god kvalitet. - Like ink\",\"breadcrumb\":{\"@id\":\"https:\\\/\\\/likeink.com\\\/no\\\/faketatureringar\\\/illustrasjoner-av-nathalie-anna-gill-a5\\\/#breadcrumb\"},\"inLanguage\":\"nb-NO\",\"potentialAction\":[{\"@type\":\"ReadAction\",\"target\":[\"https:\\\/\\\/likeink.com\\\/no\\\/faketatureringar\\\/illustrasjoner-av-nathalie-anna-gill-a5\\\/\"]}]},{\"@type\":\"ImageObject\",\"inLanguage\":\"nb-NO\",\"@id\":\"https:\\\/\\\/likeink.com\\\/no\\\/faketatureringar\\\/illustrasjoner-av-nathalie-anna-gill-a5\\\/#primaryimage\",\"url\":\"https:\\\/\\\/likeink.com\\\/wp-content\\\/uploads\\\/2022\\\/08\\\/NathalieAnnaGill_Iluustration_Likeink-1.jpg\",\"contentUrl\":\"https:\\\/\\\/likeink.com\\\/wp-content\\\/uploads\\\/2022\\\/08\\\/NathalieAnnaGill_Iluustration_Likeink-1.jpg\",\"width\":851,\"height\":600,\"caption\":\"Beautiful tattoos with fine lines.\"},{\"@type\":\"BreadcrumbList\",\"@id\":\"https:\\\/\\\/likeink.com\\\/no\\\/faketatureringar\\\/illustrasjoner-av-nathalie-anna-gill-a5\\\/#breadcrumb\",\"itemListElement\":[{\"@type\":\"ListItem\",\"position\":1,\"name\":\"Hem\",\"item\":\"https:\\\/\\\/likeink.com\\\/no\\\/\"},{\"@type\":\"ListItem\",\"position\":2,\"name\":\"Butikk\",\"item\":\"https:\\\/\\\/likeink.com\\\/no\\\/butikk\\\/\"},{\"@type\":\"ListItem\",\"position\":3,\"name\":\"Illustrasjoner av Nathalie Anna Gill\"}]},{\"@type\":\"WebSite\",\"@id\":\"https:\\\/\\\/likeink.com\\\/no\\\/#website\",\"url\":\"https:\\\/\\\/likeink.com\\\/no\\\/\",\"name\":\"Like ink\",\"description\":\"Make your own custom design\",\"potentialAction\":[{\"@type\":\"SearchAction\",\"target\":{\"@type\":\"EntryPoint\",\"urlTemplate\":\"https:\\\/\\\/likeink.com\\\/no\\\/?s={search_term_string}\"},\"query-input\":{\"@type\":\"PropertyValueSpecification\",\"valueRequired\":true,\"valueName\":\"search_term_string\"}}],\"inLanguage\":\"nb-NO\"}]}<\/script>\n<!-- \/ Yoast SEO Premium plugin. -->","yoast_head_json":{"title":"Illustrasjoner av Nathalie Anna Gill A5 Midlertidige tatoveringer - Like ink","description":"Illustrasjoner av illustrat\u00f8ren Nathalie Anna Gill. Gratis frakt og midlertidige tatoveringer av god kvalitet. - Like ink","robots":{"index":"index","follow":"follow","max-snippet":"max-snippet:-1","max-image-preview":"max-image-preview:large","max-video-preview":"max-video-preview:-1"},"canonical":"https:\/\/likeink.com\/no\/faketatureringar\/illustrasjoner-av-nathalie-anna-gill-a5\/","og_locale":"nb_NO","og_type":"article","og_title":"Illustrasjoner av Nathalie Anna Gill","og_description":"V\u00e5re ferdige engangsark med midlertidige tatoveringer er omtrent 20\u00d714 cm store og fylt med motivet du ser p\u00e5 bildet. Vi trykker og sender arket innen 24 timer etter at du har lagt inn bestillingen. Falske tatoveringer designet av illustrat\u00f8ren Nathalie Anna GillVi er stolte av \u00e5 presentere et samarbeid mellom oss i Like Ink og illustrat\u00f8ren Nathalie Anna Gill. Vi h\u00e5per du liker kunsten hennes like godt som oss. Nathalie: \u00abMitt navn er Nathalie Anna Gill, og jeg er illustrat\u00f8r bosatt i Stockholm. Det hele startet da jeg var liten og endelig kunne holde blyanter og fargestifter! Siden den gang har jeg ganske enkelt ikke sluttet \u00e5 tegne. \u00c5r senere er illustrasjon og kreativitet fortsatt mine st\u00f8rste lidenskaper i livet. Jeg har jobbet profesjonelt i bransjen i over 10 \u00e5r og elsker det! Jeg jobber med iPad Pro og Apple Pencil i programmet Fresco. Illustrasjonene mine har klare linjer, geometriske m\u00f8nstre og sterke farger. Jeg er inspirert av unikhet, skj\u00f8nnhet og stil. Nathalie Anna Gill er en en-kvinnes-show. Jeg lager alle illustrasjonene selv for h\u00e5nd, med kj\u00e6rlighet og omhu. Ta kontakt med Nathalie: Instagram: @nathalieannagill Nettside: https:\/\/nathalieannagill.com","og_url":"https:\/\/likeink.com\/no\/faketatureringar\/illustrasjoner-av-nathalie-anna-gill-a5\/","og_site_name":"Like ink","article_publisher":"https:\/\/www.facebook.com\/LikeInkSe","article_modified_time":"2026-03-16T20:43:03+00:00","og_image":[{"width":851,"height":600,"url":"https:\/\/likeink.com\/wp-content\/uploads\/2022\/08\/NathalieAnnaGill_Iluustration_Likeink-1.jpg","type":"image\/jpeg"}],"twitter_card":"summary_large_image","schema":{"@context":"https:\/\/schema.org","@graph":[{"@type":"WebPage","@id":"https:\/\/likeink.com\/no\/faketatureringar\/illustrasjoner-av-nathalie-anna-gill-a5\/","url":"https:\/\/likeink.com\/no\/faketatureringar\/illustrasjoner-av-nathalie-anna-gill-a5\/","name":"Illustrasjoner av Nathalie Anna Gill A5 Midlertidige tatoveringer - Like ink","isPartOf":{"@id":"https:\/\/likeink.com\/no\/#website"},"primaryImageOfPage":{"@id":"https:\/\/likeink.com\/no\/faketatureringar\/illustrasjoner-av-nathalie-anna-gill-a5\/#primaryimage"},"image":{"@id":"https:\/\/likeink.com\/no\/faketatureringar\/illustrasjoner-av-nathalie-anna-gill-a5\/#primaryimage"},"thumbnailUrl":"https:\/\/likeink.com\/wp-content\/uploads\/2022\/08\/NathalieAnnaGill_Iluustration_Likeink-1.jpg","datePublished":"2025-12-15T09:35:26+00:00","dateModified":"2026-03-16T20:43:03+00:00","description":"Illustrasjoner av illustrat\u00f8ren Nathalie Anna Gill. Gratis frakt og midlertidige tatoveringer av god kvalitet. - Like ink","breadcrumb":{"@id":"https:\/\/likeink.com\/no\/faketatureringar\/illustrasjoner-av-nathalie-anna-gill-a5\/#breadcrumb"},"inLanguage":"nb-NO","potentialAction":[{"@type":"ReadAction","target":["https:\/\/likeink.com\/no\/faketatureringar\/illustrasjoner-av-nathalie-anna-gill-a5\/"]}]},{"@type":"ImageObject","inLanguage":"nb-NO","@id":"https:\/\/likeink.com\/no\/faketatureringar\/illustrasjoner-av-nathalie-anna-gill-a5\/#primaryimage","url":"https:\/\/likeink.com\/wp-content\/uploads\/2022\/08\/NathalieAnnaGill_Iluustration_Likeink-1.jpg","contentUrl":"https:\/\/likeink.com\/wp-content\/uploads\/2022\/08\/NathalieAnnaGill_Iluustration_Likeink-1.jpg","width":851,"height":600,"caption":"Beautiful tattoos with fine lines."},{"@type":"BreadcrumbList","@id":"https:\/\/likeink.com\/no\/faketatureringar\/illustrasjoner-av-nathalie-anna-gill-a5\/#breadcrumb","itemListElement":[{"@type":"ListItem","position":1,"name":"Hem","item":"https:\/\/likeink.com\/no\/"},{"@type":"ListItem","position":2,"name":"Butikk","item":"https:\/\/likeink.com\/no\/butikk\/"},{"@type":"ListItem","position":3,"name":"Illustrasjoner av Nathalie Anna Gill"}]},{"@type":"WebSite","@id":"https:\/\/likeink.com\/no\/#website","url":"https:\/\/likeink.com\/no\/","name":"Like ink","description":"Make your own custom design","potentialAction":[{"@type":"SearchAction","target":{"@type":"EntryPoint","urlTemplate":"https:\/\/likeink.com\/no\/?s={search_term_string}"},"query-input":{"@type":"PropertyValueSpecification","valueRequired":true,"valueName":"search_term_string"}}],"inLanguage":"nb-NO"}]}},"_links":{"self":[{"href":"https:\/\/likeink.com\/no\/wp-json\/wp\/v2\/product\/54323","targetHints":{"allow":["GET"]}}],"collection":[{"href":"https:\/\/likeink.com\/no\/wp-json\/wp\/v2\/product"}],"about":[{"href":"https:\/\/likeink.com\/no\/wp-json\/wp\/v2\/types\/product"}],"wp:featuredmedia":[{"embeddable":true,"href":"https:\/\/likeink.com\/no\/wp-json\/wp\/v2\/media\/54324"}],"wp:attachment":[{"href":"https:\/\/likeink.com\/no\/wp-json\/wp\/v2\/media?parent=54323"}],"wp:term":[{"taxonomy":"product_brand","embeddable":true,"href":"https:\/\/likeink.com\/no\/wp-json\/wp\/v2\/product_brand?post=54323"},{"taxonomy":"product_cat","embeddable":true,"href":"https:\/\/likeink.com\/no\/wp-json\/wp\/v2\/product_cat?post=54323"},{"taxonomy":"product_tag","embeddable":true,"href":"https:\/\/likeink.com\/no\/wp-json\/wp\/v2\/product_tag?post=54323"}],"curies":[{"name":"wp","href":"https:\/\/api.w.org\/{rel}","templated":true}]}}