{"id":54331,"date":"2022-06-02T13:08:27","date_gmt":"2025-12-15T09:35:31","guid":{"rendered":"https:\/\/likeink.com\/gnuggis\/natural-born-griller-tatoveringer-a5\/"},"modified":"2026-03-16T20:43:15","modified_gmt":"2026-03-16T20:43:15","slug":"natural-born-griller-tatoveringer-a5","status":"publish","type":"product","link":"https:\/\/likeink.com\/no\/faketatureringar\/natural-born-griller-tatoveringer-a5\/","title":{"rendered":"Natural Born Griller-tatoveringer"},"content":{"rendered":"","protected":false},"excerpt":{"rendered":"<p>Du kan bestille midlertidige tatoveringer fra Like ink i ark. Midlertidige tatoveringer kalles ogs\u00e5 falske tatoveringer. Vi trykker og sender tatoveringene dine innen 24 timer!<br \/>\nVi har mange ferdige falske tatoveringer, og du kan ogs\u00e5 laste opp ditt eget design og bestille midlertidige tatoveringer med ditt eget design fra oss. <\/p>\n<p>Vi h\u00e5per du liker designet\/tatoveringene p\u00e5 dette arket med produktnavnet \u00abNatural Born Griller tattoos A5\u00bb. Tusen takk for at du bestilte midlertidige tatoveringer fra Like ink. <\/p>\n<h2>Natural Born Griller-tatoveringer! Vi trykker og sender dine midlertidige tatoveringer innen 24 timer!<\/h2>\n<p>St\u00f8rrelse p\u00e5 tatoveringen:<br \/>\nArket v\u00e5rt med midlertidige tatoveringer er 20 x 14 cm og fylt med tatoveringene p\u00e5 produktbildet. <\/p>\n<p>Hvor lenge varer en midlertidig tatovering, og hvordan fungerer den?<br \/>\nV\u00e5re midlertidige tatoveringer varer i \u00e9n til ti dager, avhengig av hvor du plasserer tatoveringen og hvor godt du tar vare p\u00e5 den. Falske tatoveringer er enkle \u00e5 p\u00e5f\u00f8re og vaske av, og du f\u00e5r instruksjoner med bestillingen. <\/p>\n<p>&#8211;    Klipp den enkelte tatoveringen n\u00e6r bildet<br \/>\n&#8211;    Fjern den gjennomsiktige filmen fra limet<br \/>\n&#8211;    Plasser tatoveringen p\u00e5 \u00f8nsket sted<br \/>\n&#8211;    P\u00e5f\u00f8r vann med en v\u00e5t svamp eller et h\u00e5ndkle<br \/>\n&#8211;    Fjern det v\u00e5te papiret etter 15 sekunder<br \/>\n&#8211;    Ferdig. Ha det g\u00f8y og nyt!<br \/>\n&#8211;    P\u00e5f\u00f8r babypudder for en matt finish hvis \u00f8nskelig.<\/p>\n<p>Annen informasjon! <\/p>\n<p>Levering:<br \/>\nVi sender bestillinger daglig over hele verden fra v\u00e5re trykkerier i Malm\u00f6, Sverige. Vi trykker og sender tatoveringene dine innen 24 timer, men normal leveringstid utenfor Sverige er 5-10 dager. Bestill tatoveringene dine i god tid. <\/p>\n<p>Er falske tatoveringer milj\u00f8vennlige?<br \/>\nTatoveringene er veganske, og milj\u00f8et er veldig viktig for oss her hos Like ink. Alle komponentene er fri for PVC og PCB.<br \/>\nVi klimakompenserer alle forsendelser og bruker maling, konvolutter og trykksaker som er nordisk milj\u00f8merket, trygge for deg og gode for milj\u00f8et.<br \/>\nVi f\u00f8lger kosmetikkforskriften EC1223-2009.<\/p>\n<p>Ha en fantastisk dag!<\/p>\n<p>Like ink \u2013 ekte falske tatoveringer! <\/p>\n","protected":false},"featured_media":54332,"template":"","meta":[],"product_brand":[],"product_cat":[365,368],"product_tag":[],"class_list":{"0":"post-54331","1":"product","2":"type-product","3":"status-publish","4":"has-post-thumbnail","6":"product_cat-ferdige-ark","7":"product_cat-morsomme-tatoveringer","9":"first","10":"instock","11":"taxable","12":"shipping-taxable","13":"purchasable","14":"product-type-simple"},"yoast_head":"<!-- This site is optimized with the Yoast SEO Premium plugin v26.2 (Yoast SEO v27.4) - https:\/\/yoast.com\/product\/yoast-seo-premium-wordpress\/ -->\n<title>Natural Born Griller-tatoveringer A5 I midlertidige tatoveringer - Like ink<\/title>\n<meta name=\"description\" content=\"Natural Born Griller-tatoveringer! Vi trykker og sender dine midlertidige tatoveringer innen 24 timer! - Like ink\" \/>\n<meta name=\"robots\" content=\"index, follow, max-snippet:-1, max-image-preview:large, max-video-preview:-1\" \/>\n<link rel=\"canonical\" href=\"https:\/\/likeink.com\/no\/faketatureringar\/natural-born-griller-tatoveringer-a5\/\" \/>\n<meta property=\"og:locale\" content=\"nb_NO\" \/>\n<meta property=\"og:type\" content=\"article\" \/>\n<meta property=\"og:title\" content=\"Natural Born Griller-tatoveringer\" \/>\n<meta property=\"og:description\" content=\"Du kan bestille midlertidige tatoveringer fra Like ink i ark. Midlertidige tatoveringer kalles ogs\u00e5 falske tatoveringer. Vi trykker og sender tatoveringene dine innen 24 timer! Vi har mange ferdige falske tatoveringer, og du kan ogs\u00e5 laste opp ditt eget design og bestille midlertidige tatoveringer med ditt eget design fra oss.  Vi h\u00e5per du liker designet\/tatoveringene p\u00e5 dette arket med produktnavnet \u00abNatural Born Griller tattoos A5\u00bb. Tusen takk for at du bestilte midlertidige tatoveringer fra Like ink.  Natural Born Griller-tatoveringer! Vi trykker og sender dine midlertidige tatoveringer innen 24 timer!St\u00f8rrelse p\u00e5 tatoveringen: Arket v\u00e5rt med midlertidige tatoveringer er 20 x 14 cm og fylt med tatoveringene p\u00e5 produktbildet.  Hvor lenge varer en midlertidig tatovering, og hvordan fungerer den? V\u00e5re midlertidige tatoveringer varer i \u00e9n til ti dager, avhengig av hvor du plasserer tatoveringen og hvor godt du tar vare p\u00e5 den. Falske tatoveringer er enkle \u00e5 p\u00e5f\u00f8re og vaske av, og du f\u00e5r instruksjoner med bestillingen.  -  Klipp den enkelte tatoveringen n\u00e6r bildet -  Fjern den gjennomsiktige filmen fra limet -  Plasser tatoveringen p\u00e5 \u00f8nsket sted -  P\u00e5f\u00f8r vann med en v\u00e5t svamp eller et h\u00e5ndkle -  Fjern det v\u00e5te papiret etter 15 sekunder -  Ferdig. Ha det g\u00f8y og nyt! -  P\u00e5f\u00f8r babypudder for en matt finish hvis \u00f8nskelig. Annen informasjon!  Levering: Vi sender bestillinger daglig over hele verden fra v\u00e5re trykkerier i Malm\u00f6, Sverige. Vi trykker og sender tatoveringene dine innen 24 timer, men normal leveringstid utenfor Sverige er 5-10 dager. Bestill tatoveringene dine i god tid.  Er falske tatoveringer milj\u00f8vennlige? Tatoveringene er veganske, og milj\u00f8et er veldig viktig for oss her hos Like ink. Alle komponentene er fri for PVC og PCB. Vi klimakompenserer alle forsendelser og bruker maling, konvolutter og trykksaker som er nordisk milj\u00f8merket, trygge for deg og gode for milj\u00f8et. Vi f\u00f8lger kosmetikkforskriften EC1223-2009.  Ha en fantastisk dag! Like ink \u2013 ekte falske tatoveringer!\" \/>\n<meta property=\"og:url\" content=\"https:\/\/likeink.com\/no\/faketatureringar\/natural-born-griller-tatoveringer-a5\/\" \/>\n<meta property=\"og:site_name\" content=\"Like ink\" \/>\n<meta property=\"article:publisher\" content=\"https:\/\/www.facebook.com\/LikeInkSe\" \/>\n<meta property=\"article:modified_time\" content=\"2026-03-16T20:43:15+00:00\" \/>\n<meta property=\"og:image\" content=\"https:\/\/likeink.com\/wp-content\/uploads\/2022\/06\/NaturalBornGriller_tattoo_likeink.jpg\" \/>\n\t<meta property=\"og:image:width\" content=\"1418\" \/>\n\t<meta property=\"og:image:height\" content=\"1000\" \/>\n\t<meta property=\"og:image:type\" content=\"image\/jpeg\" \/>\n<meta name=\"twitter:card\" content=\"summary_large_image\" \/>\n<script type=\"application\/ld+json\" class=\"yoast-schema-graph\">{\"@context\":\"https:\\\/\\\/schema.org\",\"@graph\":[{\"@type\":\"WebPage\",\"@id\":\"https:\\\/\\\/likeink.com\\\/no\\\/faketatureringar\\\/natural-born-griller-tatoveringer-a5\\\/\",\"url\":\"https:\\\/\\\/likeink.com\\\/no\\\/faketatureringar\\\/natural-born-griller-tatoveringer-a5\\\/\",\"name\":\"Natural Born Griller-tatoveringer A5 I midlertidige tatoveringer - Like ink\",\"isPartOf\":{\"@id\":\"https:\\\/\\\/likeink.com\\\/no\\\/#website\"},\"primaryImageOfPage\":{\"@id\":\"https:\\\/\\\/likeink.com\\\/no\\\/faketatureringar\\\/natural-born-griller-tatoveringer-a5\\\/#primaryimage\"},\"image\":{\"@id\":\"https:\\\/\\\/likeink.com\\\/no\\\/faketatureringar\\\/natural-born-griller-tatoveringer-a5\\\/#primaryimage\"},\"thumbnailUrl\":\"https:\\\/\\\/likeink.com\\\/wp-content\\\/uploads\\\/2022\\\/06\\\/NaturalBornGriller_tattoo_likeink.jpg\",\"datePublished\":\"2025-12-15T09:35:31+00:00\",\"dateModified\":\"2026-03-16T20:43:15+00:00\",\"description\":\"Natural Born Griller-tatoveringer! Vi trykker og sender dine midlertidige tatoveringer innen 24 timer! - Like ink\",\"breadcrumb\":{\"@id\":\"https:\\\/\\\/likeink.com\\\/no\\\/faketatureringar\\\/natural-born-griller-tatoveringer-a5\\\/#breadcrumb\"},\"inLanguage\":\"nb-NO\",\"potentialAction\":[{\"@type\":\"ReadAction\",\"target\":[\"https:\\\/\\\/likeink.com\\\/no\\\/faketatureringar\\\/natural-born-griller-tatoveringer-a5\\\/\"]}]},{\"@type\":\"ImageObject\",\"inLanguage\":\"nb-NO\",\"@id\":\"https:\\\/\\\/likeink.com\\\/no\\\/faketatureringar\\\/natural-born-griller-tatoveringer-a5\\\/#primaryimage\",\"url\":\"https:\\\/\\\/likeink.com\\\/wp-content\\\/uploads\\\/2022\\\/06\\\/NaturalBornGriller_tattoo_likeink.jpg\",\"contentUrl\":\"https:\\\/\\\/likeink.com\\\/wp-content\\\/uploads\\\/2022\\\/06\\\/NaturalBornGriller_tattoo_likeink.jpg\",\"width\":1418,\"height\":1000,\"caption\":\"Natural Born Griller tattoo - Buy fake tattoos with good quality and fast delivery - likeink.se\"},{\"@type\":\"BreadcrumbList\",\"@id\":\"https:\\\/\\\/likeink.com\\\/no\\\/faketatureringar\\\/natural-born-griller-tatoveringer-a5\\\/#breadcrumb\",\"itemListElement\":[{\"@type\":\"ListItem\",\"position\":1,\"name\":\"Hem\",\"item\":\"https:\\\/\\\/likeink.com\\\/no\\\/\"},{\"@type\":\"ListItem\",\"position\":2,\"name\":\"Butikk\",\"item\":\"https:\\\/\\\/likeink.com\\\/no\\\/butikk\\\/\"},{\"@type\":\"ListItem\",\"position\":3,\"name\":\"Natural Born Griller-tatoveringer\"}]},{\"@type\":\"WebSite\",\"@id\":\"https:\\\/\\\/likeink.com\\\/no\\\/#website\",\"url\":\"https:\\\/\\\/likeink.com\\\/no\\\/\",\"name\":\"Like ink\",\"description\":\"Make your own custom design\",\"potentialAction\":[{\"@type\":\"SearchAction\",\"target\":{\"@type\":\"EntryPoint\",\"urlTemplate\":\"https:\\\/\\\/likeink.com\\\/no\\\/?s={search_term_string}\"},\"query-input\":{\"@type\":\"PropertyValueSpecification\",\"valueRequired\":true,\"valueName\":\"search_term_string\"}}],\"inLanguage\":\"nb-NO\"}]}<\/script>\n<!-- \/ Yoast SEO Premium plugin. -->","yoast_head_json":{"title":"Natural Born Griller-tatoveringer A5 I midlertidige tatoveringer - Like ink","description":"Natural Born Griller-tatoveringer! Vi trykker og sender dine midlertidige tatoveringer innen 24 timer! - Like ink","robots":{"index":"index","follow":"follow","max-snippet":"max-snippet:-1","max-image-preview":"max-image-preview:large","max-video-preview":"max-video-preview:-1"},"canonical":"https:\/\/likeink.com\/no\/faketatureringar\/natural-born-griller-tatoveringer-a5\/","og_locale":"nb_NO","og_type":"article","og_title":"Natural Born Griller-tatoveringer","og_description":"Du kan bestille midlertidige tatoveringer fra Like ink i ark. Midlertidige tatoveringer kalles ogs\u00e5 falske tatoveringer. Vi trykker og sender tatoveringene dine innen 24 timer! Vi har mange ferdige falske tatoveringer, og du kan ogs\u00e5 laste opp ditt eget design og bestille midlertidige tatoveringer med ditt eget design fra oss.  Vi h\u00e5per du liker designet\/tatoveringene p\u00e5 dette arket med produktnavnet \u00abNatural Born Griller tattoos A5\u00bb. Tusen takk for at du bestilte midlertidige tatoveringer fra Like ink.  Natural Born Griller-tatoveringer! Vi trykker og sender dine midlertidige tatoveringer innen 24 timer!St\u00f8rrelse p\u00e5 tatoveringen: Arket v\u00e5rt med midlertidige tatoveringer er 20 x 14 cm og fylt med tatoveringene p\u00e5 produktbildet.  Hvor lenge varer en midlertidig tatovering, og hvordan fungerer den? V\u00e5re midlertidige tatoveringer varer i \u00e9n til ti dager, avhengig av hvor du plasserer tatoveringen og hvor godt du tar vare p\u00e5 den. Falske tatoveringer er enkle \u00e5 p\u00e5f\u00f8re og vaske av, og du f\u00e5r instruksjoner med bestillingen.  -  Klipp den enkelte tatoveringen n\u00e6r bildet -  Fjern den gjennomsiktige filmen fra limet -  Plasser tatoveringen p\u00e5 \u00f8nsket sted -  P\u00e5f\u00f8r vann med en v\u00e5t svamp eller et h\u00e5ndkle -  Fjern det v\u00e5te papiret etter 15 sekunder -  Ferdig. Ha det g\u00f8y og nyt! -  P\u00e5f\u00f8r babypudder for en matt finish hvis \u00f8nskelig. Annen informasjon!  Levering: Vi sender bestillinger daglig over hele verden fra v\u00e5re trykkerier i Malm\u00f6, Sverige. Vi trykker og sender tatoveringene dine innen 24 timer, men normal leveringstid utenfor Sverige er 5-10 dager. Bestill tatoveringene dine i god tid.  Er falske tatoveringer milj\u00f8vennlige? Tatoveringene er veganske, og milj\u00f8et er veldig viktig for oss her hos Like ink. Alle komponentene er fri for PVC og PCB. Vi klimakompenserer alle forsendelser og bruker maling, konvolutter og trykksaker som er nordisk milj\u00f8merket, trygge for deg og gode for milj\u00f8et. Vi f\u00f8lger kosmetikkforskriften EC1223-2009.  Ha en fantastisk dag! Like ink \u2013 ekte falske tatoveringer!","og_url":"https:\/\/likeink.com\/no\/faketatureringar\/natural-born-griller-tatoveringer-a5\/","og_site_name":"Like ink","article_publisher":"https:\/\/www.facebook.com\/LikeInkSe","article_modified_time":"2026-03-16T20:43:15+00:00","og_image":[{"width":1418,"height":1000,"url":"https:\/\/likeink.com\/wp-content\/uploads\/2022\/06\/NaturalBornGriller_tattoo_likeink.jpg","type":"image\/jpeg"}],"twitter_card":"summary_large_image","schema":{"@context":"https:\/\/schema.org","@graph":[{"@type":"WebPage","@id":"https:\/\/likeink.com\/no\/faketatureringar\/natural-born-griller-tatoveringer-a5\/","url":"https:\/\/likeink.com\/no\/faketatureringar\/natural-born-griller-tatoveringer-a5\/","name":"Natural Born Griller-tatoveringer A5 I midlertidige tatoveringer - Like ink","isPartOf":{"@id":"https:\/\/likeink.com\/no\/#website"},"primaryImageOfPage":{"@id":"https:\/\/likeink.com\/no\/faketatureringar\/natural-born-griller-tatoveringer-a5\/#primaryimage"},"image":{"@id":"https:\/\/likeink.com\/no\/faketatureringar\/natural-born-griller-tatoveringer-a5\/#primaryimage"},"thumbnailUrl":"https:\/\/likeink.com\/wp-content\/uploads\/2022\/06\/NaturalBornGriller_tattoo_likeink.jpg","datePublished":"2025-12-15T09:35:31+00:00","dateModified":"2026-03-16T20:43:15+00:00","description":"Natural Born Griller-tatoveringer! Vi trykker og sender dine midlertidige tatoveringer innen 24 timer! - Like ink","breadcrumb":{"@id":"https:\/\/likeink.com\/no\/faketatureringar\/natural-born-griller-tatoveringer-a5\/#breadcrumb"},"inLanguage":"nb-NO","potentialAction":[{"@type":"ReadAction","target":["https:\/\/likeink.com\/no\/faketatureringar\/natural-born-griller-tatoveringer-a5\/"]}]},{"@type":"ImageObject","inLanguage":"nb-NO","@id":"https:\/\/likeink.com\/no\/faketatureringar\/natural-born-griller-tatoveringer-a5\/#primaryimage","url":"https:\/\/likeink.com\/wp-content\/uploads\/2022\/06\/NaturalBornGriller_tattoo_likeink.jpg","contentUrl":"https:\/\/likeink.com\/wp-content\/uploads\/2022\/06\/NaturalBornGriller_tattoo_likeink.jpg","width":1418,"height":1000,"caption":"Natural Born Griller tattoo - Buy fake tattoos with good quality and fast delivery - likeink.se"},{"@type":"BreadcrumbList","@id":"https:\/\/likeink.com\/no\/faketatureringar\/natural-born-griller-tatoveringer-a5\/#breadcrumb","itemListElement":[{"@type":"ListItem","position":1,"name":"Hem","item":"https:\/\/likeink.com\/no\/"},{"@type":"ListItem","position":2,"name":"Butikk","item":"https:\/\/likeink.com\/no\/butikk\/"},{"@type":"ListItem","position":3,"name":"Natural Born Griller-tatoveringer"}]},{"@type":"WebSite","@id":"https:\/\/likeink.com\/no\/#website","url":"https:\/\/likeink.com\/no\/","name":"Like ink","description":"Make your own custom design","potentialAction":[{"@type":"SearchAction","target":{"@type":"EntryPoint","urlTemplate":"https:\/\/likeink.com\/no\/?s={search_term_string}"},"query-input":{"@type":"PropertyValueSpecification","valueRequired":true,"valueName":"search_term_string"}}],"inLanguage":"nb-NO"}]}},"_links":{"self":[{"href":"https:\/\/likeink.com\/no\/wp-json\/wp\/v2\/product\/54331","targetHints":{"allow":["GET"]}}],"collection":[{"href":"https:\/\/likeink.com\/no\/wp-json\/wp\/v2\/product"}],"about":[{"href":"https:\/\/likeink.com\/no\/wp-json\/wp\/v2\/types\/product"}],"wp:featuredmedia":[{"embeddable":true,"href":"https:\/\/likeink.com\/no\/wp-json\/wp\/v2\/media\/54332"}],"wp:attachment":[{"href":"https:\/\/likeink.com\/no\/wp-json\/wp\/v2\/media?parent=54331"}],"wp:term":[{"taxonomy":"product_brand","embeddable":true,"href":"https:\/\/likeink.com\/no\/wp-json\/wp\/v2\/product_brand?post=54331"},{"taxonomy":"product_cat","embeddable":true,"href":"https:\/\/likeink.com\/no\/wp-json\/wp\/v2\/product_cat?post=54331"},{"taxonomy":"product_tag","embeddable":true,"href":"https:\/\/likeink.com\/no\/wp-json\/wp\/v2\/product_tag?post=54331"}],"curies":[{"name":"wp","href":"https:\/\/api.w.org\/{rel}","templated":true}]}}