{"id":54348,"date":"2022-02-14T14:30:35","date_gmt":"2025-12-15T09:35:38","guid":{"rendered":"https:\/\/likeink.com\/gnuggis\/stor-tatovering-gronn-hodeskalle-a5\/"},"modified":"2026-03-16T20:43:27","modified_gmt":"2026-03-16T20:43:27","slug":"stor-tatovering-gronn-hodeskalle-a5","status":"publish","type":"product","link":"https:\/\/likeink.com\/no\/faketatureringar\/stor-tatovering-gronn-hodeskalle-a5\/","title":{"rendered":"Stor tatovering \u00abgr\u00f8nn hodeskalle\u00bb"},"content":{"rendered":"","protected":false},"excerpt":{"rendered":"<p> Her f\u00e5r du en stor tatovering som passer perfekt p\u00e5 l\u00e5ret, overkroppen eller kanskje du vil lage en sleeve! Hvis du vil oppleve f\u00f8lelsen av \u00e5 bli tatovert p\u00e5 ekte, er en stor tatovering perfekt! <\/p>\n<p> Tror du noen ville blitt sjokkert hvis du plutselig dukket opp med denne tatoveringen? <\/p>\n<p> Vi trykker og sender dine falske tatoveringer innen 24 timer! V\u00e5re tatoveringer varer i 1-7 dager og er enkle \u00e5 b\u00e5de p\u00e5f\u00f8re og vaske av. Ha det g\u00f8y! <\/p>\n<p> Tatoveringsst\u00f8rrelse: 20 x 14 cm <\/p>\n","protected":false},"featured_media":54349,"template":"","meta":[],"product_brand":[],"product_cat":[376,365],"product_tag":[],"class_list":{"0":"post-54348","1":"product","2":"type-product","3":"status-publish","4":"has-post-thumbnail","6":"product_cat-dodningehode-tatoveringer","7":"product_cat-ferdige-ark","9":"first","10":"instock","11":"taxable","12":"shipping-taxable","13":"purchasable","14":"product-type-simple"},"yoast_head":"<!-- This site is optimized with the Yoast SEO Premium plugin v26.2 (Yoast SEO v27.4) - https:\/\/yoast.com\/product\/yoast-seo-premium-wordpress\/ -->\n<title>Stor tatovering \/ 20 x 14 cm falsk tatovering av hodeskalle - Like ink<\/title>\n<meta name=\"description\" content=\"Bestill en stor, fargerik falsk tatovering! Du kan ogs\u00e5 bestille falske tatoveringer med ditt eget design. Rask levering over hele verden.\" \/>\n<meta name=\"robots\" content=\"index, follow, max-snippet:-1, max-image-preview:large, max-video-preview:-1\" \/>\n<link rel=\"canonical\" href=\"https:\/\/likeink.com\/no\/faketatureringar\/stor-tatovering-gronn-hodeskalle-a5\/\" \/>\n<meta property=\"og:locale\" content=\"nb_NO\" \/>\n<meta property=\"og:type\" content=\"article\" \/>\n<meta property=\"og:title\" content=\"Stor tatovering \u00abgr\u00f8nn hodeskalle\u00bb\" \/>\n<meta property=\"og:description\" content=\"Her f\u00e5r du en stor tatovering som passer perfekt p\u00e5 l\u00e5ret, overkroppen eller kanskje du vil lage en sleeve! Hvis du vil oppleve f\u00f8lelsen av \u00e5 bli tatovert p\u00e5 ekte, er en stor tatovering perfekt!  Tror du noen ville blitt sjokkert hvis du plutselig dukket opp med denne tatoveringen?  Vi trykker og sender dine falske tatoveringer innen 24 timer! V\u00e5re tatoveringer varer i 1-7 dager og er enkle \u00e5 b\u00e5de p\u00e5f\u00f8re og vaske av. Ha det g\u00f8y!  Tatoveringsst\u00f8rrelse: 20 x 14 cm\" \/>\n<meta property=\"og:url\" content=\"https:\/\/likeink.com\/no\/faketatureringar\/stor-tatovering-gronn-hodeskalle-a5\/\" \/>\n<meta property=\"og:site_name\" content=\"Like ink\" \/>\n<meta property=\"article:publisher\" content=\"https:\/\/www.facebook.com\/LikeInkSe\" \/>\n<meta property=\"article:modified_time\" content=\"2026-03-16T20:43:27+00:00\" \/>\n<meta property=\"og:image\" content=\"https:\/\/likeink.com\/wp-content\/uploads\/2022\/02\/StorTatuering-Grondoskalle-likeink.jpg\" \/>\n\t<meta property=\"og:image:width\" content=\"1000\" \/>\n\t<meta property=\"og:image:height\" content=\"704\" \/>\n\t<meta property=\"og:image:type\" content=\"image\/jpeg\" \/>\n<meta name=\"twitter:card\" content=\"summary_large_image\" \/>\n<script type=\"application\/ld+json\" class=\"yoast-schema-graph\">{\"@context\":\"https:\\\/\\\/schema.org\",\"@graph\":[{\"@type\":\"WebPage\",\"@id\":\"https:\\\/\\\/likeink.com\\\/no\\\/faketatureringar\\\/stor-tatovering-gronn-hodeskalle-a5\\\/\",\"url\":\"https:\\\/\\\/likeink.com\\\/no\\\/faketatureringar\\\/stor-tatovering-gronn-hodeskalle-a5\\\/\",\"name\":\"Stor tatovering \\\/ 20 x 14 cm falsk tatovering av hodeskalle - Like ink\",\"isPartOf\":{\"@id\":\"https:\\\/\\\/likeink.com\\\/no\\\/#website\"},\"primaryImageOfPage\":{\"@id\":\"https:\\\/\\\/likeink.com\\\/no\\\/faketatureringar\\\/stor-tatovering-gronn-hodeskalle-a5\\\/#primaryimage\"},\"image\":{\"@id\":\"https:\\\/\\\/likeink.com\\\/no\\\/faketatureringar\\\/stor-tatovering-gronn-hodeskalle-a5\\\/#primaryimage\"},\"thumbnailUrl\":\"https:\\\/\\\/likeink.com\\\/wp-content\\\/uploads\\\/2022\\\/02\\\/StorTatuering-Grondoskalle-likeink.jpg\",\"datePublished\":\"2025-12-15T09:35:38+00:00\",\"dateModified\":\"2026-03-16T20:43:27+00:00\",\"description\":\"Bestill en stor, fargerik falsk tatovering! Du kan ogs\u00e5 bestille falske tatoveringer med ditt eget design. Rask levering over hele verden.\",\"breadcrumb\":{\"@id\":\"https:\\\/\\\/likeink.com\\\/no\\\/faketatureringar\\\/stor-tatovering-gronn-hodeskalle-a5\\\/#breadcrumb\"},\"inLanguage\":\"nb-NO\",\"potentialAction\":[{\"@type\":\"ReadAction\",\"target\":[\"https:\\\/\\\/likeink.com\\\/no\\\/faketatureringar\\\/stor-tatovering-gronn-hodeskalle-a5\\\/\"]}]},{\"@type\":\"ImageObject\",\"inLanguage\":\"nb-NO\",\"@id\":\"https:\\\/\\\/likeink.com\\\/no\\\/faketatureringar\\\/stor-tatovering-gronn-hodeskalle-a5\\\/#primaryimage\",\"url\":\"https:\\\/\\\/likeink.com\\\/wp-content\\\/uploads\\\/2022\\\/02\\\/StorTatuering-Grondoskalle-likeink.jpg\",\"contentUrl\":\"https:\\\/\\\/likeink.com\\\/wp-content\\\/uploads\\\/2022\\\/02\\\/StorTatuering-Grondoskalle-likeink.jpg\",\"width\":1000,\"height\":704,\"caption\":\"Large skull temporary tattoo in color - Buy gnuggis with good quality and fast delivery - likeink.se\"},{\"@type\":\"BreadcrumbList\",\"@id\":\"https:\\\/\\\/likeink.com\\\/no\\\/faketatureringar\\\/stor-tatovering-gronn-hodeskalle-a5\\\/#breadcrumb\",\"itemListElement\":[{\"@type\":\"ListItem\",\"position\":1,\"name\":\"Hem\",\"item\":\"https:\\\/\\\/likeink.com\\\/no\\\/\"},{\"@type\":\"ListItem\",\"position\":2,\"name\":\"Butikk\",\"item\":\"https:\\\/\\\/likeink.com\\\/no\\\/butikk\\\/\"},{\"@type\":\"ListItem\",\"position\":3,\"name\":\"Stor tatovering \u00abgr\u00f8nn hodeskalle\u00bb\"}]},{\"@type\":\"WebSite\",\"@id\":\"https:\\\/\\\/likeink.com\\\/no\\\/#website\",\"url\":\"https:\\\/\\\/likeink.com\\\/no\\\/\",\"name\":\"Like ink\",\"description\":\"Make your own custom design\",\"potentialAction\":[{\"@type\":\"SearchAction\",\"target\":{\"@type\":\"EntryPoint\",\"urlTemplate\":\"https:\\\/\\\/likeink.com\\\/no\\\/?s={search_term_string}\"},\"query-input\":{\"@type\":\"PropertyValueSpecification\",\"valueRequired\":true,\"valueName\":\"search_term_string\"}}],\"inLanguage\":\"nb-NO\"}]}<\/script>\n<!-- \/ Yoast SEO Premium plugin. -->","yoast_head_json":{"title":"Stor tatovering \/ 20 x 14 cm falsk tatovering av hodeskalle - Like ink","description":"Bestill en stor, fargerik falsk tatovering! Du kan ogs\u00e5 bestille falske tatoveringer med ditt eget design. Rask levering over hele verden.","robots":{"index":"index","follow":"follow","max-snippet":"max-snippet:-1","max-image-preview":"max-image-preview:large","max-video-preview":"max-video-preview:-1"},"canonical":"https:\/\/likeink.com\/no\/faketatureringar\/stor-tatovering-gronn-hodeskalle-a5\/","og_locale":"nb_NO","og_type":"article","og_title":"Stor tatovering \u00abgr\u00f8nn hodeskalle\u00bb","og_description":"Her f\u00e5r du en stor tatovering som passer perfekt p\u00e5 l\u00e5ret, overkroppen eller kanskje du vil lage en sleeve! Hvis du vil oppleve f\u00f8lelsen av \u00e5 bli tatovert p\u00e5 ekte, er en stor tatovering perfekt!  Tror du noen ville blitt sjokkert hvis du plutselig dukket opp med denne tatoveringen?  Vi trykker og sender dine falske tatoveringer innen 24 timer! V\u00e5re tatoveringer varer i 1-7 dager og er enkle \u00e5 b\u00e5de p\u00e5f\u00f8re og vaske av. Ha det g\u00f8y!  Tatoveringsst\u00f8rrelse: 20 x 14 cm","og_url":"https:\/\/likeink.com\/no\/faketatureringar\/stor-tatovering-gronn-hodeskalle-a5\/","og_site_name":"Like ink","article_publisher":"https:\/\/www.facebook.com\/LikeInkSe","article_modified_time":"2026-03-16T20:43:27+00:00","og_image":[{"width":1000,"height":704,"url":"https:\/\/likeink.com\/wp-content\/uploads\/2022\/02\/StorTatuering-Grondoskalle-likeink.jpg","type":"image\/jpeg"}],"twitter_card":"summary_large_image","schema":{"@context":"https:\/\/schema.org","@graph":[{"@type":"WebPage","@id":"https:\/\/likeink.com\/no\/faketatureringar\/stor-tatovering-gronn-hodeskalle-a5\/","url":"https:\/\/likeink.com\/no\/faketatureringar\/stor-tatovering-gronn-hodeskalle-a5\/","name":"Stor tatovering \/ 20 x 14 cm falsk tatovering av hodeskalle - Like ink","isPartOf":{"@id":"https:\/\/likeink.com\/no\/#website"},"primaryImageOfPage":{"@id":"https:\/\/likeink.com\/no\/faketatureringar\/stor-tatovering-gronn-hodeskalle-a5\/#primaryimage"},"image":{"@id":"https:\/\/likeink.com\/no\/faketatureringar\/stor-tatovering-gronn-hodeskalle-a5\/#primaryimage"},"thumbnailUrl":"https:\/\/likeink.com\/wp-content\/uploads\/2022\/02\/StorTatuering-Grondoskalle-likeink.jpg","datePublished":"2025-12-15T09:35:38+00:00","dateModified":"2026-03-16T20:43:27+00:00","description":"Bestill en stor, fargerik falsk tatovering! Du kan ogs\u00e5 bestille falske tatoveringer med ditt eget design. Rask levering over hele verden.","breadcrumb":{"@id":"https:\/\/likeink.com\/no\/faketatureringar\/stor-tatovering-gronn-hodeskalle-a5\/#breadcrumb"},"inLanguage":"nb-NO","potentialAction":[{"@type":"ReadAction","target":["https:\/\/likeink.com\/no\/faketatureringar\/stor-tatovering-gronn-hodeskalle-a5\/"]}]},{"@type":"ImageObject","inLanguage":"nb-NO","@id":"https:\/\/likeink.com\/no\/faketatureringar\/stor-tatovering-gronn-hodeskalle-a5\/#primaryimage","url":"https:\/\/likeink.com\/wp-content\/uploads\/2022\/02\/StorTatuering-Grondoskalle-likeink.jpg","contentUrl":"https:\/\/likeink.com\/wp-content\/uploads\/2022\/02\/StorTatuering-Grondoskalle-likeink.jpg","width":1000,"height":704,"caption":"Large skull temporary tattoo in color - Buy gnuggis with good quality and fast delivery - likeink.se"},{"@type":"BreadcrumbList","@id":"https:\/\/likeink.com\/no\/faketatureringar\/stor-tatovering-gronn-hodeskalle-a5\/#breadcrumb","itemListElement":[{"@type":"ListItem","position":1,"name":"Hem","item":"https:\/\/likeink.com\/no\/"},{"@type":"ListItem","position":2,"name":"Butikk","item":"https:\/\/likeink.com\/no\/butikk\/"},{"@type":"ListItem","position":3,"name":"Stor tatovering \u00abgr\u00f8nn hodeskalle\u00bb"}]},{"@type":"WebSite","@id":"https:\/\/likeink.com\/no\/#website","url":"https:\/\/likeink.com\/no\/","name":"Like ink","description":"Make your own custom design","potentialAction":[{"@type":"SearchAction","target":{"@type":"EntryPoint","urlTemplate":"https:\/\/likeink.com\/no\/?s={search_term_string}"},"query-input":{"@type":"PropertyValueSpecification","valueRequired":true,"valueName":"search_term_string"}}],"inLanguage":"nb-NO"}]}},"_links":{"self":[{"href":"https:\/\/likeink.com\/no\/wp-json\/wp\/v2\/product\/54348","targetHints":{"allow":["GET"]}}],"collection":[{"href":"https:\/\/likeink.com\/no\/wp-json\/wp\/v2\/product"}],"about":[{"href":"https:\/\/likeink.com\/no\/wp-json\/wp\/v2\/types\/product"}],"wp:featuredmedia":[{"embeddable":true,"href":"https:\/\/likeink.com\/no\/wp-json\/wp\/v2\/media\/54349"}],"wp:attachment":[{"href":"https:\/\/likeink.com\/no\/wp-json\/wp\/v2\/media?parent=54348"}],"wp:term":[{"taxonomy":"product_brand","embeddable":true,"href":"https:\/\/likeink.com\/no\/wp-json\/wp\/v2\/product_brand?post=54348"},{"taxonomy":"product_cat","embeddable":true,"href":"https:\/\/likeink.com\/no\/wp-json\/wp\/v2\/product_cat?post=54348"},{"taxonomy":"product_tag","embeddable":true,"href":"https:\/\/likeink.com\/no\/wp-json\/wp\/v2\/product_tag?post=54348"}],"curies":[{"name":"wp","href":"https:\/\/api.w.org\/{rel}","templated":true}]}}