{"id":54350,"date":"2022-02-14T13:21:57","date_gmt":"2025-12-15T09:35:39","guid":{"rendered":"https:\/\/likeink.com\/gnuggis\/punkrock-tatoveringer-a5\/"},"modified":"2026-03-16T20:43:27","modified_gmt":"2026-03-16T20:43:27","slug":"punkrock-tatoveringer-a5","status":"publish","type":"product","link":"https:\/\/likeink.com\/no\/faketatureringar\/punkrock-tatoveringer-a5\/","title":{"rendered":"Punkrock-tatoveringer"},"content":{"rendered":"","protected":false},"excerpt":{"rendered":"<p> Det f\u00f8rste du tenker p\u00e5 n\u00e5r du h\u00f8rer ordet punk, er selvf\u00f8lgelig h\u00f8y musikk, fargerike mohawkfrisyrer og anarki! N\u00e5r det gjelder punk og farger, er det hovedsakelig svart og r\u00f8dt som gjelder. I dette falske tatoveringsarket for punk f\u00e5r du punkrock-tatoveringer som en bassgitar, Anarchy A, anarkisymbolet, svarte blinker, et brennende hjerte, en svart, pent tegnet hodeskalle og en klassisk Converse-sko. <\/p>\n<p> Gj\u00f8r deg klar for punkfesten, en h\u00f8ylytt konsert eller kanskje en demonstrasjon! <\/p>\n<p> Vi trykker og sender dine falske punk-tatoveringer innen 24 timer! <\/p>\n<p> Arkst\u00f8rrelse: A5<br \/>\n<br \/>Antall tatoveringer: 15<br \/>\n<br \/>St\u00f8rrelse bassgitar: 16X4 cm <\/p>\n","protected":false},"featured_media":54351,"template":"","meta":[],"product_brand":[],"product_cat":[365,518],"product_tag":[],"class_list":{"0":"post-54350","1":"product","2":"type-product","3":"status-publish","4":"has-post-thumbnail","6":"product_cat-ferdige-ark","7":"product_cat-maskerade-sesong","9":"first","10":"instock","11":"taxable","12":"shipping-taxable","13":"purchasable","14":"product-type-simple"},"yoast_head":"<!-- This site is optimized with the Yoast SEO Premium plugin v26.2 (Yoast SEO v27.5) - https:\/\/yoast.com\/product\/yoast-seo-premium-wordpress\/ -->\n<title>Falske punkrock-tatoveringer! - Like ink<\/title>\n<meta name=\"description\" content=\"Kule punkrock-tatoveringer som falske tatoveringer! Rock punkfesten, konserten eller fotoseansen! God kvalitet og rask levering!- Like ink\" \/>\n<meta name=\"robots\" content=\"index, follow, max-snippet:-1, max-image-preview:large, max-video-preview:-1\" \/>\n<link rel=\"canonical\" href=\"https:\/\/likeink.com\/no\/faketatureringar\/punkrock-tatoveringer-a5\/\" \/>\n<meta property=\"og:locale\" content=\"nb_NO\" \/>\n<meta property=\"og:type\" content=\"article\" \/>\n<meta property=\"og:title\" content=\"Punkrock-tatoveringer\" \/>\n<meta property=\"og:description\" content=\"Det f\u00f8rste du tenker p\u00e5 n\u00e5r du h\u00f8rer ordet punk, er selvf\u00f8lgelig h\u00f8y musikk, fargerike mohawkfrisyrer og anarki! N\u00e5r det gjelder punk og farger, er det hovedsakelig svart og r\u00f8dt som gjelder. I dette falske tatoveringsarket for punk f\u00e5r du punkrock-tatoveringer som en bassgitar, Anarchy A, anarkisymbolet, svarte blinker, et brennende hjerte, en svart, pent tegnet hodeskalle og en klassisk Converse-sko.  Gj\u00f8r deg klar for punkfesten, en h\u00f8ylytt konsert eller kanskje en demonstrasjon!  Vi trykker og sender dine falske punk-tatoveringer innen 24 timer!  Arkst\u00f8rrelse: A5 Antall tatoveringer: 15 St\u00f8rrelse bassgitar: 16X4 cm\" \/>\n<meta property=\"og:url\" content=\"https:\/\/likeink.com\/no\/faketatureringar\/punkrock-tatoveringer-a5\/\" \/>\n<meta property=\"og:site_name\" content=\"Like ink\" \/>\n<meta property=\"article:publisher\" content=\"https:\/\/www.facebook.com\/LikeInkSe\" \/>\n<meta property=\"article:modified_time\" content=\"2026-03-16T20:43:27+00:00\" \/>\n<meta property=\"og:image\" content=\"https:\/\/likeink.com\/wp-content\/uploads\/2022\/02\/PunkRockTattoos-Likeink.jpg\" \/>\n\t<meta property=\"og:image:width\" content=\"1000\" \/>\n\t<meta property=\"og:image:height\" content=\"704\" \/>\n\t<meta property=\"og:image:type\" content=\"image\/jpeg\" \/>\n<meta name=\"twitter:card\" content=\"summary_large_image\" \/>\n<!-- \/ Yoast SEO Premium plugin. -->","yoast_head_json":{"title":"Falske punkrock-tatoveringer! - Like ink","description":"Kule punkrock-tatoveringer som falske tatoveringer! Rock punkfesten, konserten eller fotoseansen! God kvalitet og rask levering!- Like ink","robots":{"index":"index","follow":"follow","max-snippet":"max-snippet:-1","max-image-preview":"max-image-preview:large","max-video-preview":"max-video-preview:-1"},"canonical":"https:\/\/likeink.com\/no\/faketatureringar\/punkrock-tatoveringer-a5\/","og_locale":"nb_NO","og_type":"article","og_title":"Punkrock-tatoveringer","og_description":"Det f\u00f8rste du tenker p\u00e5 n\u00e5r du h\u00f8rer ordet punk, er selvf\u00f8lgelig h\u00f8y musikk, fargerike mohawkfrisyrer og anarki! N\u00e5r det gjelder punk og farger, er det hovedsakelig svart og r\u00f8dt som gjelder. I dette falske tatoveringsarket for punk f\u00e5r du punkrock-tatoveringer som en bassgitar, Anarchy A, anarkisymbolet, svarte blinker, et brennende hjerte, en svart, pent tegnet hodeskalle og en klassisk Converse-sko.  Gj\u00f8r deg klar for punkfesten, en h\u00f8ylytt konsert eller kanskje en demonstrasjon!  Vi trykker og sender dine falske punk-tatoveringer innen 24 timer!  Arkst\u00f8rrelse: A5 Antall tatoveringer: 15 St\u00f8rrelse bassgitar: 16X4 cm","og_url":"https:\/\/likeink.com\/no\/faketatureringar\/punkrock-tatoveringer-a5\/","og_site_name":"Like ink","article_publisher":"https:\/\/www.facebook.com\/LikeInkSe","article_modified_time":"2026-03-16T20:43:27+00:00","og_image":[{"width":1000,"height":704,"url":"https:\/\/likeink.com\/wp-content\/uploads\/2022\/02\/PunkRockTattoos-Likeink.jpg","type":"image\/jpeg"}],"twitter_card":"summary_large_image","schema":{"@context":"https:\/\/schema.org","@graph":[{"@type":"WebPage","@id":"https:\/\/likeink.com\/no\/faketatureringar\/punkrock-tatoveringer-a5\/","url":"https:\/\/likeink.com\/no\/faketatureringar\/punkrock-tatoveringer-a5\/","name":"Falske punkrock-tatoveringer! - Like ink","isPartOf":{"@id":"https:\/\/likeink.com\/no\/#website"},"primaryImageOfPage":{"@id":"https:\/\/likeink.com\/no\/faketatureringar\/punkrock-tatoveringer-a5\/#primaryimage"},"image":{"@id":"https:\/\/likeink.com\/no\/faketatureringar\/punkrock-tatoveringer-a5\/#primaryimage"},"thumbnailUrl":"https:\/\/likeink.com\/wp-content\/uploads\/2022\/02\/PunkRockTattoos-Likeink.jpg","datePublished":"2025-12-15T09:35:39+00:00","dateModified":"2026-03-16T20:43:27+00:00","description":"Kule punkrock-tatoveringer som falske tatoveringer! Rock punkfesten, konserten eller fotoseansen! God kvalitet og rask levering!- Like ink","breadcrumb":{"@id":"https:\/\/likeink.com\/no\/faketatureringar\/punkrock-tatoveringer-a5\/#breadcrumb"},"inLanguage":"nb-NO","potentialAction":[{"@type":"ReadAction","target":["https:\/\/likeink.com\/no\/faketatureringar\/punkrock-tatoveringer-a5\/"]}]},{"@type":"ImageObject","inLanguage":"nb-NO","@id":"https:\/\/likeink.com\/no\/faketatureringar\/punkrock-tatoveringer-a5\/#primaryimage","url":"https:\/\/likeink.com\/wp-content\/uploads\/2022\/02\/PunkRockTattoos-Likeink.jpg","contentUrl":"https:\/\/likeink.com\/wp-content\/uploads\/2022\/02\/PunkRockTattoos-Likeink.jpg","width":1000,"height":704,"caption":"Fake tattoos with punk theme."},{"@type":"BreadcrumbList","@id":"https:\/\/likeink.com\/no\/faketatureringar\/punkrock-tatoveringer-a5\/#breadcrumb","itemListElement":[{"@type":"ListItem","position":1,"name":"Hem","item":"https:\/\/likeink.com\/no\/"},{"@type":"ListItem","position":2,"name":"Butikk","item":"https:\/\/likeink.com\/no\/butikk\/"},{"@type":"ListItem","position":3,"name":"Punkrock-tatoveringer"}]},{"@type":"WebSite","@id":"https:\/\/likeink.com\/no\/#website","url":"https:\/\/likeink.com\/no\/","name":"Like ink","description":"Make your own custom design","potentialAction":[{"@type":"SearchAction","target":{"@type":"EntryPoint","urlTemplate":"https:\/\/likeink.com\/no\/?s={search_term_string}"},"query-input":{"@type":"PropertyValueSpecification","valueRequired":true,"valueName":"search_term_string"}}],"inLanguage":"nb-NO"}]}},"_links":{"self":[{"href":"https:\/\/likeink.com\/no\/wp-json\/wp\/v2\/product\/54350","targetHints":{"allow":["GET"]}}],"collection":[{"href":"https:\/\/likeink.com\/no\/wp-json\/wp\/v2\/product"}],"about":[{"href":"https:\/\/likeink.com\/no\/wp-json\/wp\/v2\/types\/product"}],"wp:featuredmedia":[{"embeddable":true,"href":"https:\/\/likeink.com\/no\/wp-json\/wp\/v2\/media\/54351"}],"wp:attachment":[{"href":"https:\/\/likeink.com\/no\/wp-json\/wp\/v2\/media?parent=54350"}],"wp:term":[{"taxonomy":"product_brand","embeddable":true,"href":"https:\/\/likeink.com\/no\/wp-json\/wp\/v2\/product_brand?post=54350"},{"taxonomy":"product_cat","embeddable":true,"href":"https:\/\/likeink.com\/no\/wp-json\/wp\/v2\/product_cat?post=54350"},{"taxonomy":"product_tag","embeddable":true,"href":"https:\/\/likeink.com\/no\/wp-json\/wp\/v2\/product_tag?post=54350"}],"curies":[{"name":"wp","href":"https:\/\/api.w.org\/{rel}","templated":true}]}}