{"id":54364,"date":"2022-02-02T16:08:35","date_gmt":"2025-12-15T09:35:47","guid":{"rendered":"https:\/\/likeink.com\/gnuggis\/sma-tatoveringer-ville-dyr-a5\/"},"modified":"2026-03-16T20:43:50","modified_gmt":"2026-03-16T20:43:50","slug":"sma-tatoveringer-ville-dyr-a5","status":"publish","type":"product","link":"https:\/\/likeink.com\/no\/faketatureringar\/sma-tatoveringer-ville-dyr-a5\/","title":{"rendered":"Sm\u00e5 tatoveringer Ville dyr"},"content":{"rendered":"","protected":false},"excerpt":{"rendered":"<p> Her f\u00e5r du et 20 x 14 cm stort tatoveringsark fullt av forskjellige ville dyr! De midlertidige tatoveringene<br \/>\np\u00e5 dette arket er sm\u00e5 tatoveringer, omtrent 2\u20135 cm store, s\u00e5 motivene passer godt som tatoveringer for barn. <\/p>\n<p> Du f\u00e5r motiver som en gaselle, sebra, l\u00f8veunge, tigertatovering, kamel, b\u00f8ffel og en s\u00f8t panda, sammen med mange andre s\u00f8te dyr. Vi i Like Ink elsker dyr, og alle v\u00e5re midlertidige tatoveringer er veganske. <\/p>\n<p> Vi trykker og sender tatoveringene dine innen 24 timer. De midlertidige tatoveringene er enkle \u00e5 sette p\u00e5 og ta av. <\/p>\n<p> Arkst\u00f8rrelse: A5<br \/>\nAntall dyr: 38 (hvis vi har telt riktig, hvor mange ser du?)<br \/>\n<br \/>Tatoveringsst\u00f8rrelse: 2-5 cm <\/p>\n","protected":false},"featured_media":54365,"template":"","meta":[],"product_brand":[],"product_cat":[374,365,371],"product_tag":[],"class_list":{"0":"post-54364","1":"product","2":"type-product","3":"status-publish","4":"has-post-thumbnail","6":"product_cat-dyre-og-naturtatoveringer","7":"product_cat-ferdige-ark","8":"product_cat-tatoveringer-for-barn","10":"first","11":"instock","12":"taxable","13":"shipping-taxable","14":"purchasable","15":"product-type-simple"},"yoast_head":"<!-- This site is optimized with the Yoast SEO Premium plugin v26.2 (Yoast SEO v27.4) - https:\/\/yoast.com\/product\/yoast-seo-premium-wordpress\/ -->\n<title>Midlertidige tatoveringer for sm\u00e5 dyr - Like ink<\/title>\n<meta name=\"description\" content=\"Midlertidig tatoveringsark fylt med sm\u00e5 tatoveringer av ville dyr. Tatoveringene er enkle \u00e5 bruke og trygge! Gratis frakt! - Like ink\" \/>\n<meta name=\"robots\" content=\"index, follow, max-snippet:-1, max-image-preview:large, max-video-preview:-1\" \/>\n<link rel=\"canonical\" href=\"https:\/\/likeink.com\/no\/faketatureringar\/sma-tatoveringer-ville-dyr-a5\/\" \/>\n<meta property=\"og:locale\" content=\"nb_NO\" \/>\n<meta property=\"og:type\" content=\"article\" \/>\n<meta property=\"og:title\" content=\"Sm\u00e5 tatoveringer Ville dyr\" \/>\n<meta property=\"og:description\" content=\"Her f\u00e5r du et 20 x 14 cm stort tatoveringsark fullt av forskjellige ville dyr! De midlertidige tatoveringene p\u00e5 dette arket er sm\u00e5 tatoveringer, omtrent 2\u20135 cm store, s\u00e5 motivene passer godt som tatoveringer for barn.  Du f\u00e5r motiver som en gaselle, sebra, l\u00f8veunge, tigertatovering, kamel, b\u00f8ffel og en s\u00f8t panda, sammen med mange andre s\u00f8te dyr. Vi i Like Ink elsker dyr, og alle v\u00e5re midlertidige tatoveringer er veganske.  Vi trykker og sender tatoveringene dine innen 24 timer. De midlertidige tatoveringene er enkle \u00e5 sette p\u00e5 og ta av.  Arkst\u00f8rrelse: A5 Antall dyr: 38 (hvis vi har telt riktig, hvor mange ser du?) Tatoveringsst\u00f8rrelse: 2-5 cm\" \/>\n<meta property=\"og:url\" content=\"https:\/\/likeink.com\/no\/faketatureringar\/sma-tatoveringer-ville-dyr-a5\/\" \/>\n<meta property=\"og:site_name\" content=\"Like ink\" \/>\n<meta property=\"article:publisher\" content=\"https:\/\/www.facebook.com\/LikeInkSe\" \/>\n<meta property=\"article:modified_time\" content=\"2026-03-16T20:43:50+00:00\" \/>\n<meta property=\"og:image\" content=\"https:\/\/likeink.com\/wp-content\/uploads\/2022\/02\/Smatatueringar-vildadjur-likeink.jpg\" \/>\n\t<meta property=\"og:image:width\" content=\"1000\" \/>\n\t<meta property=\"og:image:height\" content=\"704\" \/>\n\t<meta property=\"og:image:type\" content=\"image\/jpeg\" \/>\n<meta name=\"twitter:card\" content=\"summary_large_image\" \/>\n<script type=\"application\/ld+json\" class=\"yoast-schema-graph\">{\"@context\":\"https:\\\/\\\/schema.org\",\"@graph\":[{\"@type\":\"WebPage\",\"@id\":\"https:\\\/\\\/likeink.com\\\/no\\\/faketatureringar\\\/sma-tatoveringer-ville-dyr-a5\\\/\",\"url\":\"https:\\\/\\\/likeink.com\\\/no\\\/faketatureringar\\\/sma-tatoveringer-ville-dyr-a5\\\/\",\"name\":\"Midlertidige tatoveringer for sm\u00e5 dyr - Like ink\",\"isPartOf\":{\"@id\":\"https:\\\/\\\/likeink.com\\\/no\\\/#website\"},\"primaryImageOfPage\":{\"@id\":\"https:\\\/\\\/likeink.com\\\/no\\\/faketatureringar\\\/sma-tatoveringer-ville-dyr-a5\\\/#primaryimage\"},\"image\":{\"@id\":\"https:\\\/\\\/likeink.com\\\/no\\\/faketatureringar\\\/sma-tatoveringer-ville-dyr-a5\\\/#primaryimage\"},\"thumbnailUrl\":\"https:\\\/\\\/likeink.com\\\/wp-content\\\/uploads\\\/2022\\\/02\\\/Smatatueringar-vildadjur-likeink.jpg\",\"datePublished\":\"2025-12-15T09:35:47+00:00\",\"dateModified\":\"2026-03-16T20:43:50+00:00\",\"description\":\"Midlertidig tatoveringsark fylt med sm\u00e5 tatoveringer av ville dyr. Tatoveringene er enkle \u00e5 bruke og trygge! Gratis frakt! - Like ink\",\"breadcrumb\":{\"@id\":\"https:\\\/\\\/likeink.com\\\/no\\\/faketatureringar\\\/sma-tatoveringer-ville-dyr-a5\\\/#breadcrumb\"},\"inLanguage\":\"nb-NO\",\"potentialAction\":[{\"@type\":\"ReadAction\",\"target\":[\"https:\\\/\\\/likeink.com\\\/no\\\/faketatureringar\\\/sma-tatoveringer-ville-dyr-a5\\\/\"]}]},{\"@type\":\"ImageObject\",\"inLanguage\":\"nb-NO\",\"@id\":\"https:\\\/\\\/likeink.com\\\/no\\\/faketatureringar\\\/sma-tatoveringer-ville-dyr-a5\\\/#primaryimage\",\"url\":\"https:\\\/\\\/likeink.com\\\/wp-content\\\/uploads\\\/2022\\\/02\\\/Smatatueringar-vildadjur-likeink.jpg\",\"contentUrl\":\"https:\\\/\\\/likeink.com\\\/wp-content\\\/uploads\\\/2022\\\/02\\\/Smatatueringar-vildadjur-likeink.jpg\",\"width\":1000,\"height\":704,\"caption\":\"Fake tattoos of various wild animals. Animal tattoos, tiger tattoo, elephant tattoo.\"},{\"@type\":\"BreadcrumbList\",\"@id\":\"https:\\\/\\\/likeink.com\\\/no\\\/faketatureringar\\\/sma-tatoveringer-ville-dyr-a5\\\/#breadcrumb\",\"itemListElement\":[{\"@type\":\"ListItem\",\"position\":1,\"name\":\"Hem\",\"item\":\"https:\\\/\\\/likeink.com\\\/no\\\/\"},{\"@type\":\"ListItem\",\"position\":2,\"name\":\"Butikk\",\"item\":\"https:\\\/\\\/likeink.com\\\/no\\\/butikk\\\/\"},{\"@type\":\"ListItem\",\"position\":3,\"name\":\"Sm\u00e5 tatoveringer Ville dyr\"}]},{\"@type\":\"WebSite\",\"@id\":\"https:\\\/\\\/likeink.com\\\/no\\\/#website\",\"url\":\"https:\\\/\\\/likeink.com\\\/no\\\/\",\"name\":\"Like ink\",\"description\":\"Make your own custom design\",\"potentialAction\":[{\"@type\":\"SearchAction\",\"target\":{\"@type\":\"EntryPoint\",\"urlTemplate\":\"https:\\\/\\\/likeink.com\\\/no\\\/?s={search_term_string}\"},\"query-input\":{\"@type\":\"PropertyValueSpecification\",\"valueRequired\":true,\"valueName\":\"search_term_string\"}}],\"inLanguage\":\"nb-NO\"}]}<\/script>\n<!-- \/ Yoast SEO Premium plugin. -->","yoast_head_json":{"title":"Midlertidige tatoveringer for sm\u00e5 dyr - Like ink","description":"Midlertidig tatoveringsark fylt med sm\u00e5 tatoveringer av ville dyr. Tatoveringene er enkle \u00e5 bruke og trygge! Gratis frakt! - Like ink","robots":{"index":"index","follow":"follow","max-snippet":"max-snippet:-1","max-image-preview":"max-image-preview:large","max-video-preview":"max-video-preview:-1"},"canonical":"https:\/\/likeink.com\/no\/faketatureringar\/sma-tatoveringer-ville-dyr-a5\/","og_locale":"nb_NO","og_type":"article","og_title":"Sm\u00e5 tatoveringer Ville dyr","og_description":"Her f\u00e5r du et 20 x 14 cm stort tatoveringsark fullt av forskjellige ville dyr! De midlertidige tatoveringene p\u00e5 dette arket er sm\u00e5 tatoveringer, omtrent 2\u20135 cm store, s\u00e5 motivene passer godt som tatoveringer for barn.  Du f\u00e5r motiver som en gaselle, sebra, l\u00f8veunge, tigertatovering, kamel, b\u00f8ffel og en s\u00f8t panda, sammen med mange andre s\u00f8te dyr. Vi i Like Ink elsker dyr, og alle v\u00e5re midlertidige tatoveringer er veganske.  Vi trykker og sender tatoveringene dine innen 24 timer. De midlertidige tatoveringene er enkle \u00e5 sette p\u00e5 og ta av.  Arkst\u00f8rrelse: A5 Antall dyr: 38 (hvis vi har telt riktig, hvor mange ser du?) Tatoveringsst\u00f8rrelse: 2-5 cm","og_url":"https:\/\/likeink.com\/no\/faketatureringar\/sma-tatoveringer-ville-dyr-a5\/","og_site_name":"Like ink","article_publisher":"https:\/\/www.facebook.com\/LikeInkSe","article_modified_time":"2026-03-16T20:43:50+00:00","og_image":[{"width":1000,"height":704,"url":"https:\/\/likeink.com\/wp-content\/uploads\/2022\/02\/Smatatueringar-vildadjur-likeink.jpg","type":"image\/jpeg"}],"twitter_card":"summary_large_image","schema":{"@context":"https:\/\/schema.org","@graph":[{"@type":"WebPage","@id":"https:\/\/likeink.com\/no\/faketatureringar\/sma-tatoveringer-ville-dyr-a5\/","url":"https:\/\/likeink.com\/no\/faketatureringar\/sma-tatoveringer-ville-dyr-a5\/","name":"Midlertidige tatoveringer for sm\u00e5 dyr - Like ink","isPartOf":{"@id":"https:\/\/likeink.com\/no\/#website"},"primaryImageOfPage":{"@id":"https:\/\/likeink.com\/no\/faketatureringar\/sma-tatoveringer-ville-dyr-a5\/#primaryimage"},"image":{"@id":"https:\/\/likeink.com\/no\/faketatureringar\/sma-tatoveringer-ville-dyr-a5\/#primaryimage"},"thumbnailUrl":"https:\/\/likeink.com\/wp-content\/uploads\/2022\/02\/Smatatueringar-vildadjur-likeink.jpg","datePublished":"2025-12-15T09:35:47+00:00","dateModified":"2026-03-16T20:43:50+00:00","description":"Midlertidig tatoveringsark fylt med sm\u00e5 tatoveringer av ville dyr. Tatoveringene er enkle \u00e5 bruke og trygge! Gratis frakt! - Like ink","breadcrumb":{"@id":"https:\/\/likeink.com\/no\/faketatureringar\/sma-tatoveringer-ville-dyr-a5\/#breadcrumb"},"inLanguage":"nb-NO","potentialAction":[{"@type":"ReadAction","target":["https:\/\/likeink.com\/no\/faketatureringar\/sma-tatoveringer-ville-dyr-a5\/"]}]},{"@type":"ImageObject","inLanguage":"nb-NO","@id":"https:\/\/likeink.com\/no\/faketatureringar\/sma-tatoveringer-ville-dyr-a5\/#primaryimage","url":"https:\/\/likeink.com\/wp-content\/uploads\/2022\/02\/Smatatueringar-vildadjur-likeink.jpg","contentUrl":"https:\/\/likeink.com\/wp-content\/uploads\/2022\/02\/Smatatueringar-vildadjur-likeink.jpg","width":1000,"height":704,"caption":"Fake tattoos of various wild animals. Animal tattoos, tiger tattoo, elephant tattoo."},{"@type":"BreadcrumbList","@id":"https:\/\/likeink.com\/no\/faketatureringar\/sma-tatoveringer-ville-dyr-a5\/#breadcrumb","itemListElement":[{"@type":"ListItem","position":1,"name":"Hem","item":"https:\/\/likeink.com\/no\/"},{"@type":"ListItem","position":2,"name":"Butikk","item":"https:\/\/likeink.com\/no\/butikk\/"},{"@type":"ListItem","position":3,"name":"Sm\u00e5 tatoveringer Ville dyr"}]},{"@type":"WebSite","@id":"https:\/\/likeink.com\/no\/#website","url":"https:\/\/likeink.com\/no\/","name":"Like ink","description":"Make your own custom design","potentialAction":[{"@type":"SearchAction","target":{"@type":"EntryPoint","urlTemplate":"https:\/\/likeink.com\/no\/?s={search_term_string}"},"query-input":{"@type":"PropertyValueSpecification","valueRequired":true,"valueName":"search_term_string"}}],"inLanguage":"nb-NO"}]}},"_links":{"self":[{"href":"https:\/\/likeink.com\/no\/wp-json\/wp\/v2\/product\/54364","targetHints":{"allow":["GET"]}}],"collection":[{"href":"https:\/\/likeink.com\/no\/wp-json\/wp\/v2\/product"}],"about":[{"href":"https:\/\/likeink.com\/no\/wp-json\/wp\/v2\/types\/product"}],"wp:featuredmedia":[{"embeddable":true,"href":"https:\/\/likeink.com\/no\/wp-json\/wp\/v2\/media\/54365"}],"wp:attachment":[{"href":"https:\/\/likeink.com\/no\/wp-json\/wp\/v2\/media?parent=54364"}],"wp:term":[{"taxonomy":"product_brand","embeddable":true,"href":"https:\/\/likeink.com\/no\/wp-json\/wp\/v2\/product_brand?post=54364"},{"taxonomy":"product_cat","embeddable":true,"href":"https:\/\/likeink.com\/no\/wp-json\/wp\/v2\/product_cat?post=54364"},{"taxonomy":"product_tag","embeddable":true,"href":"https:\/\/likeink.com\/no\/wp-json\/wp\/v2\/product_tag?post=54364"}],"curies":[{"name":"wp","href":"https:\/\/api.w.org\/{rel}","templated":true}]}}