{"id":54366,"date":"2022-02-02T15:42:15","date_gmt":"2025-12-15T09:35:48","guid":{"rendered":"https:\/\/likeink.com\/gnuggis\/nordiske-dyr-a5\/"},"modified":"2026-03-16T20:43:50","modified_gmt":"2026-03-16T20:43:50","slug":"nordiske-dyr-a5","status":"publish","type":"product","link":"https:\/\/likeink.com\/no\/faketatureringar\/nordiske-dyr-a5\/","title":{"rendered":"Nordiske dyr"},"content":{"rendered":"","protected":false},"excerpt":{"rendered":"<p> Her f\u00e5r du et 20 x 14 cm stort ark med engangstatueringer i best mulig kvalitet! Arket er fylt med fine illustrasjoner av nordiske dyr. Liker du dyr like godt som oss? Har du vurdert \u00e5 tatovere en bj\u00f8rn eller kanskje en elg? Det er mange grunner til \u00e5 bestille et ark med fine dyretatueringer.<br \/>\n<br \/>Alle tatoveringene vi selger hos Like ink er selvf\u00f8lgelig veganske! <\/p>\n<p> Du f\u00e5r tatoveringsmotiver som en bj\u00f8rn, en rev, et villsvin, en ugle, en elg, et ekorn, en ulv, en fin gaupe og pinnsvin. <\/p>\n<p> V\u00e5re engangstatoveringer blir trykket og sendt innen 24 timer etter at du har lagt inn bestillingen! Husk at du ogs\u00e5 kan laste opp et hvilket som helst dyr i hvilken som helst st\u00f8rrelse, s\u00e5 trykker vi dine egne designede dyretatoveringer, perfekt hvis du planlegger en tatovering! <\/p>\n<p> Arkst\u00f8rrelse: A5<br \/>\n<br \/>Antall dyr: 15<br \/>\n<br \/>Ugle st\u00f8rrelse: 7X5 cm <\/p>\n","protected":false},"featured_media":54367,"template":"","meta":[],"product_brand":[],"product_cat":[374,365],"product_tag":[],"class_list":{"0":"post-54366","1":"product","2":"type-product","3":"status-publish","4":"has-post-thumbnail","6":"product_cat-dyre-og-naturtatoveringer","7":"product_cat-ferdige-ark","9":"first","10":"instock","11":"taxable","12":"shipping-taxable","13":"purchasable","14":"product-type-simple"},"yoast_head":"<!-- This site is optimized with the Yoast SEO Premium plugin v26.2 (Yoast SEO v27.4) - https:\/\/yoast.com\/product\/yoast-seo-premium-wordpress\/ -->\n<title>Nordiske dyretatoveringer I Falske tatoveringsark - Like ink<\/title>\n<meta name=\"description\" content=\"Fine nordiske dyretatoveringer: illustrasjoner av nordiske dyr som vi har samlet p\u00e5 et ark med engangstatoveringer!- Like ink\" \/>\n<meta name=\"robots\" content=\"index, follow, max-snippet:-1, max-image-preview:large, max-video-preview:-1\" \/>\n<link rel=\"canonical\" href=\"https:\/\/likeink.com\/no\/faketatureringar\/nordiske-dyr-a5\/\" \/>\n<meta property=\"og:locale\" content=\"nb_NO\" \/>\n<meta property=\"og:type\" content=\"article\" \/>\n<meta property=\"og:title\" content=\"Nordiske dyr\" \/>\n<meta property=\"og:description\" content=\"Her f\u00e5r du et 20 x 14 cm stort ark med engangstatueringer i best mulig kvalitet! Arket er fylt med fine illustrasjoner av nordiske dyr. Liker du dyr like godt som oss? Har du vurdert \u00e5 tatovere en bj\u00f8rn eller kanskje en elg? Det er mange grunner til \u00e5 bestille et ark med fine dyretatueringer. Alle tatoveringene vi selger hos Like ink er selvf\u00f8lgelig veganske!  Du f\u00e5r tatoveringsmotiver som en bj\u00f8rn, en rev, et villsvin, en ugle, en elg, et ekorn, en ulv, en fin gaupe og pinnsvin.  V\u00e5re engangstatoveringer blir trykket og sendt innen 24 timer etter at du har lagt inn bestillingen! Husk at du ogs\u00e5 kan laste opp et hvilket som helst dyr i hvilken som helst st\u00f8rrelse, s\u00e5 trykker vi dine egne designede dyretatoveringer, perfekt hvis du planlegger en tatovering!  Arkst\u00f8rrelse: A5 Antall dyr: 15 Ugle st\u00f8rrelse: 7X5 cm\" \/>\n<meta property=\"og:url\" content=\"https:\/\/likeink.com\/no\/faketatureringar\/nordiske-dyr-a5\/\" \/>\n<meta property=\"og:site_name\" content=\"Like ink\" \/>\n<meta property=\"article:publisher\" content=\"https:\/\/www.facebook.com\/LikeInkSe\" \/>\n<meta property=\"article:modified_time\" content=\"2026-03-16T20:43:50+00:00\" \/>\n<meta property=\"og:image\" content=\"https:\/\/likeink.com\/wp-content\/uploads\/2022\/02\/Nordiskadjur-gnuggistatueringar-likeink.jpg\" \/>\n\t<meta property=\"og:image:width\" content=\"1400\" \/>\n\t<meta property=\"og:image:height\" content=\"986\" \/>\n\t<meta property=\"og:image:type\" content=\"image\/jpeg\" \/>\n<meta name=\"twitter:card\" content=\"summary_large_image\" \/>\n<script type=\"application\/ld+json\" class=\"yoast-schema-graph\">{\"@context\":\"https:\\\/\\\/schema.org\",\"@graph\":[{\"@type\":\"WebPage\",\"@id\":\"https:\\\/\\\/likeink.com\\\/no\\\/faketatureringar\\\/nordiske-dyr-a5\\\/\",\"url\":\"https:\\\/\\\/likeink.com\\\/no\\\/faketatureringar\\\/nordiske-dyr-a5\\\/\",\"name\":\"Nordiske dyretatoveringer I Falske tatoveringsark - Like ink\",\"isPartOf\":{\"@id\":\"https:\\\/\\\/likeink.com\\\/no\\\/#website\"},\"primaryImageOfPage\":{\"@id\":\"https:\\\/\\\/likeink.com\\\/no\\\/faketatureringar\\\/nordiske-dyr-a5\\\/#primaryimage\"},\"image\":{\"@id\":\"https:\\\/\\\/likeink.com\\\/no\\\/faketatureringar\\\/nordiske-dyr-a5\\\/#primaryimage\"},\"thumbnailUrl\":\"https:\\\/\\\/likeink.com\\\/wp-content\\\/uploads\\\/2022\\\/02\\\/Nordiskadjur-gnuggistatueringar-likeink.jpg\",\"datePublished\":\"2025-12-15T09:35:48+00:00\",\"dateModified\":\"2026-03-16T20:43:50+00:00\",\"description\":\"Fine nordiske dyretatoveringer: illustrasjoner av nordiske dyr som vi har samlet p\u00e5 et ark med engangstatoveringer!- Like ink\",\"breadcrumb\":{\"@id\":\"https:\\\/\\\/likeink.com\\\/no\\\/faketatureringar\\\/nordiske-dyr-a5\\\/#breadcrumb\"},\"inLanguage\":\"nb-NO\",\"potentialAction\":[{\"@type\":\"ReadAction\",\"target\":[\"https:\\\/\\\/likeink.com\\\/no\\\/faketatureringar\\\/nordiske-dyr-a5\\\/\"]}]},{\"@type\":\"ImageObject\",\"inLanguage\":\"nb-NO\",\"@id\":\"https:\\\/\\\/likeink.com\\\/no\\\/faketatureringar\\\/nordiske-dyr-a5\\\/#primaryimage\",\"url\":\"https:\\\/\\\/likeink.com\\\/wp-content\\\/uploads\\\/2022\\\/02\\\/Nordiskadjur-gnuggistatueringar-likeink.jpg\",\"contentUrl\":\"https:\\\/\\\/likeink.com\\\/wp-content\\\/uploads\\\/2022\\\/02\\\/Nordiskadjur-gnuggistatueringar-likeink.jpg\",\"width\":1400,\"height\":986,\"caption\":\"Beautiful temporary tattoos with motifs of Nordic animals. Animal tattoos\"},{\"@type\":\"BreadcrumbList\",\"@id\":\"https:\\\/\\\/likeink.com\\\/no\\\/faketatureringar\\\/nordiske-dyr-a5\\\/#breadcrumb\",\"itemListElement\":[{\"@type\":\"ListItem\",\"position\":1,\"name\":\"Hem\",\"item\":\"https:\\\/\\\/likeink.com\\\/no\\\/\"},{\"@type\":\"ListItem\",\"position\":2,\"name\":\"Butikk\",\"item\":\"https:\\\/\\\/likeink.com\\\/no\\\/butikk\\\/\"},{\"@type\":\"ListItem\",\"position\":3,\"name\":\"Nordiske dyr\"}]},{\"@type\":\"WebSite\",\"@id\":\"https:\\\/\\\/likeink.com\\\/no\\\/#website\",\"url\":\"https:\\\/\\\/likeink.com\\\/no\\\/\",\"name\":\"Like ink\",\"description\":\"Make your own custom design\",\"potentialAction\":[{\"@type\":\"SearchAction\",\"target\":{\"@type\":\"EntryPoint\",\"urlTemplate\":\"https:\\\/\\\/likeink.com\\\/no\\\/?s={search_term_string}\"},\"query-input\":{\"@type\":\"PropertyValueSpecification\",\"valueRequired\":true,\"valueName\":\"search_term_string\"}}],\"inLanguage\":\"nb-NO\"}]}<\/script>\n<!-- \/ Yoast SEO Premium plugin. -->","yoast_head_json":{"title":"Nordiske dyretatoveringer I Falske tatoveringsark - Like ink","description":"Fine nordiske dyretatoveringer: illustrasjoner av nordiske dyr som vi har samlet p\u00e5 et ark med engangstatoveringer!- Like ink","robots":{"index":"index","follow":"follow","max-snippet":"max-snippet:-1","max-image-preview":"max-image-preview:large","max-video-preview":"max-video-preview:-1"},"canonical":"https:\/\/likeink.com\/no\/faketatureringar\/nordiske-dyr-a5\/","og_locale":"nb_NO","og_type":"article","og_title":"Nordiske dyr","og_description":"Her f\u00e5r du et 20 x 14 cm stort ark med engangstatueringer i best mulig kvalitet! Arket er fylt med fine illustrasjoner av nordiske dyr. Liker du dyr like godt som oss? Har du vurdert \u00e5 tatovere en bj\u00f8rn eller kanskje en elg? Det er mange grunner til \u00e5 bestille et ark med fine dyretatueringer. Alle tatoveringene vi selger hos Like ink er selvf\u00f8lgelig veganske!  Du f\u00e5r tatoveringsmotiver som en bj\u00f8rn, en rev, et villsvin, en ugle, en elg, et ekorn, en ulv, en fin gaupe og pinnsvin.  V\u00e5re engangstatoveringer blir trykket og sendt innen 24 timer etter at du har lagt inn bestillingen! Husk at du ogs\u00e5 kan laste opp et hvilket som helst dyr i hvilken som helst st\u00f8rrelse, s\u00e5 trykker vi dine egne designede dyretatoveringer, perfekt hvis du planlegger en tatovering!  Arkst\u00f8rrelse: A5 Antall dyr: 15 Ugle st\u00f8rrelse: 7X5 cm","og_url":"https:\/\/likeink.com\/no\/faketatureringar\/nordiske-dyr-a5\/","og_site_name":"Like ink","article_publisher":"https:\/\/www.facebook.com\/LikeInkSe","article_modified_time":"2026-03-16T20:43:50+00:00","og_image":[{"width":1400,"height":986,"url":"https:\/\/likeink.com\/wp-content\/uploads\/2022\/02\/Nordiskadjur-gnuggistatueringar-likeink.jpg","type":"image\/jpeg"}],"twitter_card":"summary_large_image","schema":{"@context":"https:\/\/schema.org","@graph":[{"@type":"WebPage","@id":"https:\/\/likeink.com\/no\/faketatureringar\/nordiske-dyr-a5\/","url":"https:\/\/likeink.com\/no\/faketatureringar\/nordiske-dyr-a5\/","name":"Nordiske dyretatoveringer I Falske tatoveringsark - Like ink","isPartOf":{"@id":"https:\/\/likeink.com\/no\/#website"},"primaryImageOfPage":{"@id":"https:\/\/likeink.com\/no\/faketatureringar\/nordiske-dyr-a5\/#primaryimage"},"image":{"@id":"https:\/\/likeink.com\/no\/faketatureringar\/nordiske-dyr-a5\/#primaryimage"},"thumbnailUrl":"https:\/\/likeink.com\/wp-content\/uploads\/2022\/02\/Nordiskadjur-gnuggistatueringar-likeink.jpg","datePublished":"2025-12-15T09:35:48+00:00","dateModified":"2026-03-16T20:43:50+00:00","description":"Fine nordiske dyretatoveringer: illustrasjoner av nordiske dyr som vi har samlet p\u00e5 et ark med engangstatoveringer!- Like ink","breadcrumb":{"@id":"https:\/\/likeink.com\/no\/faketatureringar\/nordiske-dyr-a5\/#breadcrumb"},"inLanguage":"nb-NO","potentialAction":[{"@type":"ReadAction","target":["https:\/\/likeink.com\/no\/faketatureringar\/nordiske-dyr-a5\/"]}]},{"@type":"ImageObject","inLanguage":"nb-NO","@id":"https:\/\/likeink.com\/no\/faketatureringar\/nordiske-dyr-a5\/#primaryimage","url":"https:\/\/likeink.com\/wp-content\/uploads\/2022\/02\/Nordiskadjur-gnuggistatueringar-likeink.jpg","contentUrl":"https:\/\/likeink.com\/wp-content\/uploads\/2022\/02\/Nordiskadjur-gnuggistatueringar-likeink.jpg","width":1400,"height":986,"caption":"Beautiful temporary tattoos with motifs of Nordic animals. Animal tattoos"},{"@type":"BreadcrumbList","@id":"https:\/\/likeink.com\/no\/faketatureringar\/nordiske-dyr-a5\/#breadcrumb","itemListElement":[{"@type":"ListItem","position":1,"name":"Hem","item":"https:\/\/likeink.com\/no\/"},{"@type":"ListItem","position":2,"name":"Butikk","item":"https:\/\/likeink.com\/no\/butikk\/"},{"@type":"ListItem","position":3,"name":"Nordiske dyr"}]},{"@type":"WebSite","@id":"https:\/\/likeink.com\/no\/#website","url":"https:\/\/likeink.com\/no\/","name":"Like ink","description":"Make your own custom design","potentialAction":[{"@type":"SearchAction","target":{"@type":"EntryPoint","urlTemplate":"https:\/\/likeink.com\/no\/?s={search_term_string}"},"query-input":{"@type":"PropertyValueSpecification","valueRequired":true,"valueName":"search_term_string"}}],"inLanguage":"nb-NO"}]}},"_links":{"self":[{"href":"https:\/\/likeink.com\/no\/wp-json\/wp\/v2\/product\/54366","targetHints":{"allow":["GET"]}}],"collection":[{"href":"https:\/\/likeink.com\/no\/wp-json\/wp\/v2\/product"}],"about":[{"href":"https:\/\/likeink.com\/no\/wp-json\/wp\/v2\/types\/product"}],"wp:featuredmedia":[{"embeddable":true,"href":"https:\/\/likeink.com\/no\/wp-json\/wp\/v2\/media\/54367"}],"wp:attachment":[{"href":"https:\/\/likeink.com\/no\/wp-json\/wp\/v2\/media?parent=54366"}],"wp:term":[{"taxonomy":"product_brand","embeddable":true,"href":"https:\/\/likeink.com\/no\/wp-json\/wp\/v2\/product_brand?post=54366"},{"taxonomy":"product_cat","embeddable":true,"href":"https:\/\/likeink.com\/no\/wp-json\/wp\/v2\/product_cat?post=54366"},{"taxonomy":"product_tag","embeddable":true,"href":"https:\/\/likeink.com\/no\/wp-json\/wp\/v2\/product_tag?post=54366"}],"curies":[{"name":"wp","href":"https:\/\/api.w.org\/{rel}","templated":true}]}}