{"id":54370,"date":"2022-02-02T13:46:11","date_gmt":"2025-12-15T09:35:51","guid":{"rendered":"https:\/\/likeink.com\/gnuggis\/handtegnede-hostlov-a5\/"},"modified":"2026-03-16T20:43:50","modified_gmt":"2026-03-16T20:43:50","slug":"handtegnede-hostlov-a5","status":"publish","type":"product","link":"https:\/\/likeink.com\/no\/faketatureringar\/handtegnede-hostlov-a5\/","title":{"rendered":"H\u00e5ndtegnede h\u00f8stl\u00f8v"},"content":{"rendered":"","protected":false},"excerpt":{"rendered":"<p> Ark med midlertidige tatoveringer fylt med vakre og h\u00e5ndtegnede h\u00f8stl\u00f8v! Tatovering av l\u00f8v er b\u00e5de vanlig og fint. Bortsett fra at forskjellige l\u00f8v er vakre, har de ogs\u00e5 forskjellige betydninger. Et tre lever vanligvis veldig lenge og st\u00e5r rett opp til tross for tordenv\u00e6r og regnv\u00e6r, s\u00e5 treet i seg selv som tatovering symboliserer styrke og tilpasningsevne. <\/p>\n<p> Hvis du vil se ut som en vandrende svart-hvit h\u00f8stskog, kan du bruke alle tatoveringene samtidig eller velge en mer diskret stil med \u00e9n godt plassert tatovering om gangen.<\/p>\n<p> Vi trykker og sender tatoveringene dine innen 24 timer. <\/p>\n<p> Arkst\u00f8rrelse: A5<br \/>\nAntall h\u00f8stblad-tatoveringer: 17<br \/>\n<br \/>St\u00f8rrelse p\u00e5 st\u00f8rste blad: Ca. 7 x 5 cm <\/p><\/p>\n","protected":false},"featured_media":54371,"template":"","meta":[],"product_brand":[],"product_cat":[374,365],"product_tag":[],"class_list":{"0":"post-54370","1":"product","2":"type-product","3":"status-publish","4":"has-post-thumbnail","6":"product_cat-dyre-og-naturtatoveringer","7":"product_cat-ferdige-ark","9":"first","10":"instock","11":"taxable","12":"shipping-taxable","13":"purchasable","14":"product-type-simple"},"yoast_head":"<!-- This site is optimized with the Yoast SEO Premium plugin v26.2 (Yoast SEO v27.4) - https:\/\/yoast.com\/product\/yoast-seo-premium-wordpress\/ -->\n<title>Bestill et tatoveringsark med h\u00e5ndtegnet h\u00f8stl\u00f8v-tatovering - Like ink<\/title>\n<meta name=\"description\" content=\"H\u00e5ndtegnet tatovering med h\u00f8stl\u00f8v: Fine h\u00e5ndtegnede h\u00f8stl\u00f8v som er superfine som tatoveringer. Midlertidige tatoveringer - Like ink\" \/>\n<meta name=\"robots\" content=\"index, follow, max-snippet:-1, max-image-preview:large, max-video-preview:-1\" \/>\n<link rel=\"canonical\" href=\"https:\/\/likeink.com\/no\/faketatureringar\/handtegnede-hostlov-a5\/\" \/>\n<meta property=\"og:locale\" content=\"nb_NO\" \/>\n<meta property=\"og:type\" content=\"article\" \/>\n<meta property=\"og:title\" content=\"H\u00e5ndtegnede h\u00f8stl\u00f8v\" \/>\n<meta property=\"og:description\" content=\"Ark med midlertidige tatoveringer fylt med vakre og h\u00e5ndtegnede h\u00f8stl\u00f8v! Tatovering av l\u00f8v er b\u00e5de vanlig og fint. Bortsett fra at forskjellige l\u00f8v er vakre, har de ogs\u00e5 forskjellige betydninger. Et tre lever vanligvis veldig lenge og st\u00e5r rett opp til tross for tordenv\u00e6r og regnv\u00e6r, s\u00e5 treet i seg selv som tatovering symboliserer styrke og tilpasningsevne.  Hvis du vil se ut som en vandrende svart-hvit h\u00f8stskog, kan du bruke alle tatoveringene samtidig eller velge en mer diskret stil med \u00e9n godt plassert tatovering om gangen.  Vi trykker og sender tatoveringene dine innen 24 timer.  Arkst\u00f8rrelse: A5 Antall h\u00f8stblad-tatoveringer: 17 St\u00f8rrelse p\u00e5 st\u00f8rste blad: Ca. 7 x 5 cm\" \/>\n<meta property=\"og:url\" content=\"https:\/\/likeink.com\/no\/faketatureringar\/handtegnede-hostlov-a5\/\" \/>\n<meta property=\"og:site_name\" content=\"Like ink\" \/>\n<meta property=\"article:publisher\" content=\"https:\/\/www.facebook.com\/LikeInkSe\" \/>\n<meta property=\"article:modified_time\" content=\"2026-03-16T20:43:50+00:00\" \/>\n<meta property=\"og:image\" content=\"https:\/\/likeink.com\/wp-content\/uploads\/2022\/02\/handritade-tatueringar-skogslov-likeink.jpg\" \/>\n\t<meta property=\"og:image:width\" content=\"900\" \/>\n\t<meta property=\"og:image:height\" content=\"634\" \/>\n\t<meta property=\"og:image:type\" content=\"image\/jpeg\" \/>\n<meta name=\"twitter:card\" content=\"summary_large_image\" \/>\n<script type=\"application\/ld+json\" class=\"yoast-schema-graph\">{\"@context\":\"https:\\\/\\\/schema.org\",\"@graph\":[{\"@type\":\"WebPage\",\"@id\":\"https:\\\/\\\/likeink.com\\\/no\\\/faketatureringar\\\/handtegnede-hostlov-a5\\\/\",\"url\":\"https:\\\/\\\/likeink.com\\\/no\\\/faketatureringar\\\/handtegnede-hostlov-a5\\\/\",\"name\":\"Bestill et tatoveringsark med h\u00e5ndtegnet h\u00f8stl\u00f8v-tatovering - Like ink\",\"isPartOf\":{\"@id\":\"https:\\\/\\\/likeink.com\\\/no\\\/#website\"},\"primaryImageOfPage\":{\"@id\":\"https:\\\/\\\/likeink.com\\\/no\\\/faketatureringar\\\/handtegnede-hostlov-a5\\\/#primaryimage\"},\"image\":{\"@id\":\"https:\\\/\\\/likeink.com\\\/no\\\/faketatureringar\\\/handtegnede-hostlov-a5\\\/#primaryimage\"},\"thumbnailUrl\":\"https:\\\/\\\/likeink.com\\\/wp-content\\\/uploads\\\/2022\\\/02\\\/handritade-tatueringar-skogslov-likeink.jpg\",\"datePublished\":\"2025-12-15T09:35:51+00:00\",\"dateModified\":\"2026-03-16T20:43:50+00:00\",\"description\":\"H\u00e5ndtegnet tatovering med h\u00f8stl\u00f8v: Fine h\u00e5ndtegnede h\u00f8stl\u00f8v som er superfine som tatoveringer. Midlertidige tatoveringer - Like ink\",\"breadcrumb\":{\"@id\":\"https:\\\/\\\/likeink.com\\\/no\\\/faketatureringar\\\/handtegnede-hostlov-a5\\\/#breadcrumb\"},\"inLanguage\":\"nb-NO\",\"potentialAction\":[{\"@type\":\"ReadAction\",\"target\":[\"https:\\\/\\\/likeink.com\\\/no\\\/faketatureringar\\\/handtegnede-hostlov-a5\\\/\"]}]},{\"@type\":\"ImageObject\",\"inLanguage\":\"nb-NO\",\"@id\":\"https:\\\/\\\/likeink.com\\\/no\\\/faketatureringar\\\/handtegnede-hostlov-a5\\\/#primaryimage\",\"url\":\"https:\\\/\\\/likeink.com\\\/wp-content\\\/uploads\\\/2022\\\/02\\\/handritade-tatueringar-skogslov-likeink.jpg\",\"contentUrl\":\"https:\\\/\\\/likeink.com\\\/wp-content\\\/uploads\\\/2022\\\/02\\\/handritade-tatueringar-skogslov-likeink.jpg\",\"width\":900,\"height\":634,\"caption\":\"Black and white drawn autumn leaves as temporary tattoos.\"},{\"@type\":\"BreadcrumbList\",\"@id\":\"https:\\\/\\\/likeink.com\\\/no\\\/faketatureringar\\\/handtegnede-hostlov-a5\\\/#breadcrumb\",\"itemListElement\":[{\"@type\":\"ListItem\",\"position\":1,\"name\":\"Hem\",\"item\":\"https:\\\/\\\/likeink.com\\\/no\\\/\"},{\"@type\":\"ListItem\",\"position\":2,\"name\":\"Butikk\",\"item\":\"https:\\\/\\\/likeink.com\\\/no\\\/butikk\\\/\"},{\"@type\":\"ListItem\",\"position\":3,\"name\":\"H\u00e5ndtegnede h\u00f8stl\u00f8v\"}]},{\"@type\":\"WebSite\",\"@id\":\"https:\\\/\\\/likeink.com\\\/no\\\/#website\",\"url\":\"https:\\\/\\\/likeink.com\\\/no\\\/\",\"name\":\"Like ink\",\"description\":\"Make your own custom design\",\"potentialAction\":[{\"@type\":\"SearchAction\",\"target\":{\"@type\":\"EntryPoint\",\"urlTemplate\":\"https:\\\/\\\/likeink.com\\\/no\\\/?s={search_term_string}\"},\"query-input\":{\"@type\":\"PropertyValueSpecification\",\"valueRequired\":true,\"valueName\":\"search_term_string\"}}],\"inLanguage\":\"nb-NO\"}]}<\/script>\n<!-- \/ Yoast SEO Premium plugin. -->","yoast_head_json":{"title":"Bestill et tatoveringsark med h\u00e5ndtegnet h\u00f8stl\u00f8v-tatovering - Like ink","description":"H\u00e5ndtegnet tatovering med h\u00f8stl\u00f8v: Fine h\u00e5ndtegnede h\u00f8stl\u00f8v som er superfine som tatoveringer. Midlertidige tatoveringer - Like ink","robots":{"index":"index","follow":"follow","max-snippet":"max-snippet:-1","max-image-preview":"max-image-preview:large","max-video-preview":"max-video-preview:-1"},"canonical":"https:\/\/likeink.com\/no\/faketatureringar\/handtegnede-hostlov-a5\/","og_locale":"nb_NO","og_type":"article","og_title":"H\u00e5ndtegnede h\u00f8stl\u00f8v","og_description":"Ark med midlertidige tatoveringer fylt med vakre og h\u00e5ndtegnede h\u00f8stl\u00f8v! Tatovering av l\u00f8v er b\u00e5de vanlig og fint. Bortsett fra at forskjellige l\u00f8v er vakre, har de ogs\u00e5 forskjellige betydninger. Et tre lever vanligvis veldig lenge og st\u00e5r rett opp til tross for tordenv\u00e6r og regnv\u00e6r, s\u00e5 treet i seg selv som tatovering symboliserer styrke og tilpasningsevne.  Hvis du vil se ut som en vandrende svart-hvit h\u00f8stskog, kan du bruke alle tatoveringene samtidig eller velge en mer diskret stil med \u00e9n godt plassert tatovering om gangen.  Vi trykker og sender tatoveringene dine innen 24 timer.  Arkst\u00f8rrelse: A5 Antall h\u00f8stblad-tatoveringer: 17 St\u00f8rrelse p\u00e5 st\u00f8rste blad: Ca. 7 x 5 cm","og_url":"https:\/\/likeink.com\/no\/faketatureringar\/handtegnede-hostlov-a5\/","og_site_name":"Like ink","article_publisher":"https:\/\/www.facebook.com\/LikeInkSe","article_modified_time":"2026-03-16T20:43:50+00:00","og_image":[{"width":900,"height":634,"url":"https:\/\/likeink.com\/wp-content\/uploads\/2022\/02\/handritade-tatueringar-skogslov-likeink.jpg","type":"image\/jpeg"}],"twitter_card":"summary_large_image","schema":{"@context":"https:\/\/schema.org","@graph":[{"@type":"WebPage","@id":"https:\/\/likeink.com\/no\/faketatureringar\/handtegnede-hostlov-a5\/","url":"https:\/\/likeink.com\/no\/faketatureringar\/handtegnede-hostlov-a5\/","name":"Bestill et tatoveringsark med h\u00e5ndtegnet h\u00f8stl\u00f8v-tatovering - Like ink","isPartOf":{"@id":"https:\/\/likeink.com\/no\/#website"},"primaryImageOfPage":{"@id":"https:\/\/likeink.com\/no\/faketatureringar\/handtegnede-hostlov-a5\/#primaryimage"},"image":{"@id":"https:\/\/likeink.com\/no\/faketatureringar\/handtegnede-hostlov-a5\/#primaryimage"},"thumbnailUrl":"https:\/\/likeink.com\/wp-content\/uploads\/2022\/02\/handritade-tatueringar-skogslov-likeink.jpg","datePublished":"2025-12-15T09:35:51+00:00","dateModified":"2026-03-16T20:43:50+00:00","description":"H\u00e5ndtegnet tatovering med h\u00f8stl\u00f8v: Fine h\u00e5ndtegnede h\u00f8stl\u00f8v som er superfine som tatoveringer. Midlertidige tatoveringer - Like ink","breadcrumb":{"@id":"https:\/\/likeink.com\/no\/faketatureringar\/handtegnede-hostlov-a5\/#breadcrumb"},"inLanguage":"nb-NO","potentialAction":[{"@type":"ReadAction","target":["https:\/\/likeink.com\/no\/faketatureringar\/handtegnede-hostlov-a5\/"]}]},{"@type":"ImageObject","inLanguage":"nb-NO","@id":"https:\/\/likeink.com\/no\/faketatureringar\/handtegnede-hostlov-a5\/#primaryimage","url":"https:\/\/likeink.com\/wp-content\/uploads\/2022\/02\/handritade-tatueringar-skogslov-likeink.jpg","contentUrl":"https:\/\/likeink.com\/wp-content\/uploads\/2022\/02\/handritade-tatueringar-skogslov-likeink.jpg","width":900,"height":634,"caption":"Black and white drawn autumn leaves as temporary tattoos."},{"@type":"BreadcrumbList","@id":"https:\/\/likeink.com\/no\/faketatureringar\/handtegnede-hostlov-a5\/#breadcrumb","itemListElement":[{"@type":"ListItem","position":1,"name":"Hem","item":"https:\/\/likeink.com\/no\/"},{"@type":"ListItem","position":2,"name":"Butikk","item":"https:\/\/likeink.com\/no\/butikk\/"},{"@type":"ListItem","position":3,"name":"H\u00e5ndtegnede h\u00f8stl\u00f8v"}]},{"@type":"WebSite","@id":"https:\/\/likeink.com\/no\/#website","url":"https:\/\/likeink.com\/no\/","name":"Like ink","description":"Make your own custom design","potentialAction":[{"@type":"SearchAction","target":{"@type":"EntryPoint","urlTemplate":"https:\/\/likeink.com\/no\/?s={search_term_string}"},"query-input":{"@type":"PropertyValueSpecification","valueRequired":true,"valueName":"search_term_string"}}],"inLanguage":"nb-NO"}]}},"_links":{"self":[{"href":"https:\/\/likeink.com\/no\/wp-json\/wp\/v2\/product\/54370","targetHints":{"allow":["GET"]}}],"collection":[{"href":"https:\/\/likeink.com\/no\/wp-json\/wp\/v2\/product"}],"about":[{"href":"https:\/\/likeink.com\/no\/wp-json\/wp\/v2\/types\/product"}],"wp:featuredmedia":[{"embeddable":true,"href":"https:\/\/likeink.com\/no\/wp-json\/wp\/v2\/media\/54371"}],"wp:attachment":[{"href":"https:\/\/likeink.com\/no\/wp-json\/wp\/v2\/media?parent=54370"}],"wp:term":[{"taxonomy":"product_brand","embeddable":true,"href":"https:\/\/likeink.com\/no\/wp-json\/wp\/v2\/product_brand?post=54370"},{"taxonomy":"product_cat","embeddable":true,"href":"https:\/\/likeink.com\/no\/wp-json\/wp\/v2\/product_cat?post=54370"},{"taxonomy":"product_tag","embeddable":true,"href":"https:\/\/likeink.com\/no\/wp-json\/wp\/v2\/product_tag?post=54370"}],"curies":[{"name":"wp","href":"https:\/\/api.w.org\/{rel}","templated":true}]}}